{"id":49722,"date":"2025-07-28T12:36:59","date_gmt":"2025-07-28T12:36:59","guid":{"rendered":"https:\/\/www.morenaelettrodomestici.com\/?page_id=49722"},"modified":"2026-02-09T10:45:30","modified_gmt":"2026-02-09T10:45:30","slug":"pagamenti","status":"publish","type":"page","link":"https:\/\/www.morenaelettrodomestici.com\/en\/pagamenti\/","title":{"rendered":"Pagamenti"},"content":{"rendered":"<div data-elementor-type=\"wp-page\" data-elementor-id=\"49722\" class=\"elementor elementor-49722\" data-elementor-post-type=\"page\">\n\t\t\t\t<div class=\"elementor-element elementor-element-f69ba93 e-flex e-con-boxed e-con e-parent\" data-id=\"f69ba93\" data-element_type=\"container\">\n\t\t\t\t\t<div class=\"e-con-inner\">\n\t\t\t\t<div class=\"elementor-element elementor-element-048fd24 elementor-widget elementor-widget-text-editor\" data-id=\"048fd24\" data-element_type=\"widget\" data-widget_type=\"text-editor.default\">\n\t\t\t\t<div class=\"elementor-widget-container\">\n\t\t\t\t\t\t\t\t\t<p data-start=\"204\" data-end=\"411\">Acquista in tutta tranquillit\u00e0 su <strong data-start=\"238\" data-end=\"268\">morenaelettrodomestici.com<\/strong>: offriamo diverse modalit\u00e0 di pagamento, tutte sicure e adatte alle tue esigenze.<br data-start=\"350\" data-end=\"353\" \/>La <strong data-start=\"356\" data-end=\"410\">spedizione \u00e8 gratuita per ordini a partire da 199\u20ac<\/strong>.<\/p><hr data-start=\"413\" data-end=\"416\" \/><h3 data-start=\"418\" data-end=\"447\">Carte di credito e debito<\/h3><p data-start=\"449\" data-end=\"493\">Accettiamo le principali carte dei circuiti:<\/p><ul data-start=\"494\" data-end=\"548\"><li data-start=\"494\" data-end=\"502\"><p data-start=\"496\" data-end=\"502\">Visa<\/p><\/li><li data-start=\"503\" data-end=\"517\"><p data-start=\"505\" data-end=\"517\">Mastercard<\/p><\/li><li data-start=\"518\" data-end=\"529\"><p data-start=\"520\" data-end=\"529\">Maestro<\/p><\/li><li data-start=\"530\" data-end=\"548\"><p data-start=\"532\" data-end=\"548\">American Express<\/p><\/li><\/ul><p data-start=\"550\" data-end=\"729\">Tutte le transazioni sono protette da <strong data-start=\"588\" data-end=\"619\">sistemi di crittografia SSL<\/strong>, per garantirti il massimo della sicurezza. Nessun dato della tua carta viene memorizzato nei nostri sistemi.<\/p><hr data-start=\"731\" data-end=\"734\" \/><h3 data-start=\"736\" data-end=\"768\">Bonifico bancario anticipato<\/h3><p data-start=\"770\" data-end=\"924\">Puoi scegliere di pagare tramite bonifico bancario. Dopo aver completato l\u2019ordine, riceverai via email le coordinate bancarie per effettuare il pagamento.<\/p><p data-start=\"926\" data-end=\"1039\">L\u2019ordine verr\u00e0 elaborato non appena riceveremo la conferma dell\u2019accredito, in genere entro 1-2 giorni lavorativi.<\/p><hr data-start=\"1041\" data-end=\"1044\" \/><h3 data-start=\"1046\" data-end=\"1079\">Finanziamento con Findomestic<\/h3><p data-start=\"1081\" data-end=\"1210\">Realizza i tuoi progetti con un finanziamento 100% online: scegli Findomestic e acquista ci\u00f2 che desideri in pochi click. Puoi dividere la spesa in pratiche rate mensili, e restituire l\u2019importo con un piano di rimborso prestabilito in cui tasso, durata e rata rimangono costanti. <a href=\"https:\/\/www.findomestic.it\/landing_page\/ecommerce\/finanziamento-cc.html\"><b><u>Scopri maggiori dettagli<\/u> <\/b><\/a>del finanziamento Findomestic, e scegli la comodit\u00e0 di pagare un po\u2019 alla volta i tuoi acquisti!<\/p><hr data-start=\"1510\" data-end=\"1513\" \/><h3 data-start=\"1515\" data-end=\"1535\">Pagamenti sicuri<\/h3><p data-start=\"1537\" data-end=\"1729\">Tutti i pagamenti su morenaelettrodomestici.com avvengono in totale sicurezza tramite connessioni criptate e piattaforme affidabili.<br data-start=\"1669\" data-end=\"1672\" \/>I tuoi dati personali e finanziari sono sempre al sicuro.<\/p>\t\t\t\t\t\t\t\t<\/div>\n\t\t\t\t<\/div>\n\t\t\t\t\t<\/div>\n\t\t\t\t<\/div>\n\t\t\t\t<\/div>","protected":false},"excerpt":{"rendered":"<p>Acquista in tutta tranquillit\u00e0 su morenaelettrodomestici.com: offriamo diverse modalit\u00e0 di pagamento, tutte sicure e adatte alle tue esigenze.La spedizione \u00e8 gratuita per ordini a partire da 199\u20ac. Carte di credito e debito Accettiamo le principali carte dei circuiti: Visa Mastercard Maestro American Express Tutte le transazioni sono protette da sistemi di crittografia SSL, per garantirti il massimo della sicurezza. Nessun dato della tua carta viene memorizzato nei nostri sistemi. Bonifico bancario anticipato Puoi scegliere di pagare tramite bonifico bancario. Dopo aver completato l\u2019ordine, riceverai via email le coordinate bancarie per effettuare il pagamento. L\u2019ordine verr\u00e0 elaborato non appena riceveremo la conferma dell\u2019accredito, in genere entro 1-2 giorni lavorativi. Finanziamento con Findomestic Realizza i tuoi progetti con un finanziamento 100% online: scegli Findomestic e acquista ci\u00f2 che desideri in pochi click. Puoi dividere la spesa in pratiche rate mensili, e restituire l\u2019importo con un piano di rimborso prestabilito in cui tasso, durata e rata rimangono costanti. Scopri maggiori dettagli del finanziamento Findomestic, e scegli la comodit\u00e0 di pagare un po\u2019 alla volta i tuoi acquisti! Pagamenti sicuri Tutti i pagamenti su morenaelettrodomestici.com avvengono in totale sicurezza tramite connessioni criptate e piattaforme affidabili.I tuoi dati personali e finanziari sono sempre al sicuro.<\/p>","protected":false},"author":298,"featured_media":0,"parent":0,"menu_order":0,"comment_status":"closed","ping_status":"closed","template":"","meta":{"footnotes":""},"class_list":["post-49722","page","type-page","status-publish","hentry","post-no-thumbnail"],"yoast_head":"<!-- This site is optimized with the Yoast SEO plugin v25.5 - https:\/\/yoast.com\/wordpress\/plugins\/seo\/ -->\n<title>Pagamenti - Morena Elettrodomestici<\/title>\n<meta name=\"description\" content=\"Acquista su Morena Elettrodomestici. Il tuo Negozio di Fiducia online con prezzi competitivi e prodotti di alta qualit\u00e0!\" \/>\n<meta name=\"robots\" content=\"index, follow, max-snippet:-1, max-image-preview:large, max-video-preview:-1\" \/>\n<link rel=\"canonical\" href=\"https:\/\/www.morenaelettrodomestici.com\/en\/pagamenti\/\" \/>\n<meta property=\"og:locale\" content=\"en_GB\" \/>\n<meta property=\"og:type\" content=\"article\" \/>\n<meta property=\"og:title\" content=\"Pagamenti - Morena Elettrodomestici\" \/>\n<meta property=\"og:description\" content=\"Acquista su Morena Elettrodomestici. Il tuo Negozio di Fiducia online con prezzi competitivi e prodotti di alta qualit\u00e0!\" \/>\n<meta property=\"og:url\" content=\"https:\/\/www.morenaelettrodomestici.com\/en\/pagamenti\/\" \/>\n<meta property=\"og:site_name\" content=\"Morena Elettrodomestici\" \/>\n<meta property=\"article:publisher\" content=\"https:\/\/www.facebook.com\/morenaelettrodomestici\/\" \/>\n<meta property=\"article:modified_time\" content=\"2026-02-09T10:45:30+00:00\" \/>\n<meta name=\"twitter:card\" content=\"summary_large_image\" \/>\n<script type=\"application\/ld+json\" class=\"yoast-schema-graph\">{\"@context\":\"https:\/\/schema.org\",\"@graph\":[{\"@type\":\"WebPage\",\"@id\":\"https:\/\/www.morenaelettrodomestici.com\/pagamenti\/\",\"url\":\"https:\/\/www.morenaelettrodomestici.com\/pagamenti\/\",\"name\":\"Pagamenti - Morena Elettrodomestici\",\"isPartOf\":{\"@id\":\"https:\/\/www.morenaelettrodomestici.com\/#website\"},\"datePublished\":\"2025-07-28T12:36:59+00:00\",\"dateModified\":\"2026-02-09T10:45:30+00:00\",\"description\":\"Acquista su Morena Elettrodomestici. Il tuo Negozio di Fiducia online con prezzi competitivi e prodotti di alta qualit\u00e0!\",\"breadcrumb\":{\"@id\":\"https:\/\/www.morenaelettrodomestici.com\/pagamenti\/#breadcrumb\"},\"inLanguage\":\"en-GB\",\"potentialAction\":[{\"@type\":\"ReadAction\",\"target\":[\"https:\/\/www.morenaelettrodomestici.com\/pagamenti\/\"]}]},{\"@type\":\"BreadcrumbList\",\"@id\":\"https:\/\/www.morenaelettrodomestici.com\/pagamenti\/#breadcrumb\",\"itemListElement\":[{\"@type\":\"ListItem\",\"position\":1,\"name\":\"Home\",\"item\":\"https:\/\/www.morenaelettrodomestici.com\/\"},{\"@type\":\"ListItem\",\"position\":2,\"name\":\"Pagamenti\"}]},{\"@type\":\"WebSite\",\"@id\":\"https:\/\/www.morenaelettrodomestici.com\/#website\",\"url\":\"https:\/\/www.morenaelettrodomestici.com\/\",\"name\":\"Morena\",\"description\":\"I migliori elettrodomestici a prezzi folli\",\"publisher\":{\"@id\":\"https:\/\/www.morenaelettrodomestici.com\/#organization\"},\"potentialAction\":[{\"@type\":\"SearchAction\",\"target\":{\"@type\":\"EntryPoint\",\"urlTemplate\":\"https:\/\/www.morenaelettrodomestici.com\/?s={search_term_string}\"},\"query-input\":{\"@type\":\"PropertyValueSpecification\",\"valueRequired\":true,\"valueName\":\"search_term_string\"}}],\"inLanguage\":\"en-GB\"},{\"@type\":\"Organization\",\"@id\":\"https:\/\/www.morenaelettrodomestici.com\/#organization\",\"name\":\"Morena Elettrodomestici\",\"url\":\"https:\/\/www.morenaelettrodomestici.com\/\",\"logo\":{\"@type\":\"ImageObject\",\"inLanguage\":\"en-GB\",\"@id\":\"https:\/\/www.morenaelettrodomestici.com\/#\/schema\/logo\/image\/\",\"url\":\"https:\/\/www.morenaelettrodomestici.com\/wp-content\/uploads\/2024\/05\/logo_Morena_srls-TRASPARENTE.png\",\"contentUrl\":\"https:\/\/www.morenaelettrodomestici.com\/wp-content\/uploads\/2024\/05\/logo_Morena_srls-TRASPARENTE.png\",\"width\":2264,\"height\":718,\"caption\":\"Morena Elettrodomestici\"},\"image\":{\"@id\":\"https:\/\/www.morenaelettrodomestici.com\/#\/schema\/logo\/image\/\"},\"sameAs\":[\"https:\/\/www.facebook.com\/morenaelettrodomestici\/\",\"https:\/\/www.instagram.com\/morena.elettrodomestici\/\",\"https:\/\/www.linkedin.com\/company-beta\/10507375\/\",\"https:\/\/www.youtube.com\/channel\/UCgdTfdgRUeVEnhI2Z4GRlFA\"]}]}<\/script>\n<!-- \/ Yoast SEO plugin. -->","yoast_head_json":{"title":"Pagamenti - Morena Elettrodomestici","description":"Acquista su Morena Elettrodomestici. Il tuo Negozio di Fiducia online con prezzi competitivi e prodotti di alta qualit\u00e0!","robots":{"index":"index","follow":"follow","max-snippet":"max-snippet:-1","max-image-preview":"max-image-preview:large","max-video-preview":"max-video-preview:-1"},"canonical":"https:\/\/www.morenaelettrodomestici.com\/en\/pagamenti\/","og_locale":"en_GB","og_type":"article","og_title":"Pagamenti - Morena Elettrodomestici","og_description":"Acquista su Morena Elettrodomestici. Il tuo Negozio di Fiducia online con prezzi competitivi e prodotti di alta qualit\u00e0!","og_url":"https:\/\/www.morenaelettrodomestici.com\/en\/pagamenti\/","og_site_name":"Morena Elettrodomestici","article_publisher":"https:\/\/www.facebook.com\/morenaelettrodomestici\/","article_modified_time":"2026-02-09T10:45:30+00:00","twitter_card":"summary_large_image","schema":{"@context":"https:\/\/schema.org","@graph":[{"@type":"WebPage","@id":"https:\/\/www.morenaelettrodomestici.com\/pagamenti\/","url":"https:\/\/www.morenaelettrodomestici.com\/pagamenti\/","name":"Pagamenti - Morena Elettrodomestici","isPartOf":{"@id":"https:\/\/www.morenaelettrodomestici.com\/#website"},"datePublished":"2025-07-28T12:36:59+00:00","dateModified":"2026-02-09T10:45:30+00:00","description":"Acquista su Morena Elettrodomestici. Il tuo Negozio di Fiducia online con prezzi competitivi e prodotti di alta qualit\u00e0!","breadcrumb":{"@id":"https:\/\/www.morenaelettrodomestici.com\/pagamenti\/#breadcrumb"},"inLanguage":"en-GB","potentialAction":[{"@type":"ReadAction","target":["https:\/\/www.morenaelettrodomestici.com\/pagamenti\/"]}]},{"@type":"BreadcrumbList","@id":"https:\/\/www.morenaelettrodomestici.com\/pagamenti\/#breadcrumb","itemListElement":[{"@type":"ListItem","position":1,"name":"Home","item":"https:\/\/www.morenaelettrodomestici.com\/"},{"@type":"ListItem","position":2,"name":"Pagamenti"}]},{"@type":"WebSite","@id":"https:\/\/www.morenaelettrodomestici.com\/#website","url":"https:\/\/www.morenaelettrodomestici.com\/","name":"Morena","description":"I migliori elettrodomestici a prezzi folli","publisher":{"@id":"https:\/\/www.morenaelettrodomestici.com\/#organization"},"potentialAction":[{"@type":"SearchAction","target":{"@type":"EntryPoint","urlTemplate":"https:\/\/www.morenaelettrodomestici.com\/?s={search_term_string}"},"query-input":{"@type":"PropertyValueSpecification","valueRequired":true,"valueName":"search_term_string"}}],"inLanguage":"en-GB"},{"@type":"Organization","@id":"https:\/\/www.morenaelettrodomestici.com\/#organization","name":"Morena Elettrodomestici","url":"https:\/\/www.morenaelettrodomestici.com\/","logo":{"@type":"ImageObject","inLanguage":"en-GB","@id":"https:\/\/www.morenaelettrodomestici.com\/#\/schema\/logo\/image\/","url":"https:\/\/www.morenaelettrodomestici.com\/wp-content\/uploads\/2024\/05\/logo_Morena_srls-TRASPARENTE.png","contentUrl":"https:\/\/www.morenaelettrodomestici.com\/wp-content\/uploads\/2024\/05\/logo_Morena_srls-TRASPARENTE.png","width":2264,"height":718,"caption":"Morena Elettrodomestici"},"image":{"@id":"https:\/\/www.morenaelettrodomestici.com\/#\/schema\/logo\/image\/"},"sameAs":["https:\/\/www.facebook.com\/morenaelettrodomestici\/","https:\/\/www.instagram.com\/morena.elettrodomestici\/","https:\/\/www.linkedin.com\/company-beta\/10507375\/","https:\/\/www.youtube.com\/channel\/UCgdTfdgRUeVEnhI2Z4GRlFA"]}]}},"_links":{"self":[{"href":"https:\/\/www.morenaelettrodomestici.com\/en\/wp-json\/wp\/v2\/pages\/49722","targetHints":{"allow":["GET"]}}],"collection":[{"href":"https:\/\/www.morenaelettrodomestici.com\/en\/wp-json\/wp\/v2\/pages"}],"about":[{"href":"https:\/\/www.morenaelettrodomestici.com\/en\/wp-json\/wp\/v2\/types\/page"}],"author":[{"embeddable":true,"href":"https:\/\/www.morenaelettrodomestici.com\/en\/wp-json\/wp\/v2\/users\/298"}],"replies":[{"embeddable":true,"href":"https:\/\/www.morenaelettrodomestici.com\/en\/wp-json\/wp\/v2\/comments?post=49722"}],"version-history":[{"count":9,"href":"https:\/\/www.morenaelettrodomestici.com\/en\/wp-json\/wp\/v2\/pages\/49722\/revisions"}],"predecessor-version":[{"id":50909,"href":"https:\/\/www.morenaelettrodomestici.com\/en\/wp-json\/wp\/v2\/pages\/49722\/revisions\/50909"}],"wp:attachment":[{"href":"https:\/\/www.morenaelettrodomestici.com\/en\/wp-json\/wp\/v2\/media?parent=49722"}],"curies":[{"name":"wp","href":"https:\/\/api.w.org\/{rel}","templated":true}]}}