{"id":39056,"date":"2024-07-15T14:35:42","date_gmt":"2024-07-15T14:35:42","guid":{"rendered":"https:\/\/www.morenaelettrodomestici.com\/?post_type=product&#038;p=39056"},"modified":"2026-02-18T11:45:28","modified_gmt":"2026-02-18T11:45:28","slug":"piano-cottura-smeg-90cm-inox-5-fuochi-ghisa-srv596gh5","status":"publish","type":"product","link":"https:\/\/www.morenaelettrodomestici.com\/en\/shop\/piano-cottura-smeg-90cm-inox-5-fuochi-ghisa-srv596gh5\/","title":{"rendered":"Piano cottura Smeg 90cm inox 5 fuochi ghisa SRV596GH5"},"content":{"rendered":"<p>Piano cottura a gas Smeg in acciaio inox con 5 zone di cottura (di cui 1 bruciatore ultrarapido da 5000W). Il bruciatore \u00e8 dotato di funzione Dual a doppio comando che permette 3 diversi modi di gestire la fiamma. Fornello per cucina con larghezza 89cm profondit\u00e0 50cm. Piano cottura con accensione elettrica e con valvola di sicurezza come protezione. L&#8217;alimentazione \u00e8 a gas metano (con possibilit\u00e0 di conversione in GPL). Le griglie sono in ghisa. Il piano cottura \u00e8 interamente prodotto in Italia<\/p>","protected":false},"excerpt":{"rendered":"<p>\u2018- Piano cottura a gas Smeg SRV596GH5 in acciaio inox<br \/>\u2013 N\u00b0 zone di cottura: 5 (di cui 1 bruciatore rapido TRIPLA CORONA da 5000W)<br \/>\u2013 Dotato di bruciatore Dual a doppio comando (3 soluzioni di fuoco)<br \/>\u2013 Dimensioni (LxP) 89x50cm<br \/>\u2013 Piano cottura con accensione elettronica e protezione valvola di sicurezza<br \/>\u2013 Alimentazione: Metano (possibilit\u00e0 di conversione in GPL)<br \/>\u2013 Griglie in ghisa robuste<\/p>","protected":false},"featured_media":4515,"template":"","meta":[],"product_brand":[],"product_cat":[119],"product_tag":[121,122,188],"class_list":{"0":"post-39056","1":"product","2":"type-product","3":"status-publish","4":"has-post-thumbnail","6":"product_cat-piano-cottura-90","7":"product_tag-piano-cottura-gas","8":"product_tag-piano-cottura-gas-90cm","9":"product_tag-piano-cottura-smeg","10":"pa_alimentazione-gas","11":"pa_colore-acciaio-inox","12":"pa_larghezza-90cm","13":"pa_marca-smeg","15":"first","16":"instock","17":"sale","18":"purchasable","19":"product-type-simple"},"yoast_head":"<!-- This site is optimized with the Yoast SEO plugin v25.5 - https:\/\/yoast.com\/wordpress\/plugins\/seo\/ -->\n<title>Piano cottura Smeg 90cm inox 5 fuochi ghisa SRV596GH5 - Morena Elettrodomestici<\/title>\n<meta name=\"description\" content=\"Acquista Piano cottura Smeg 90cm inox 5 fuochi ghisa SRV596GH5 su Morena Elettrodomestici. Il tuo Negozio di Fiducia online con prezzi competitivi e prodotti di alta qualit\u00e0!\" \/>\n<meta name=\"robots\" content=\"index, follow, max-snippet:-1, max-image-preview:large, max-video-preview:-1\" \/>\n<link rel=\"canonical\" href=\"https:\/\/www.morenaelettrodomestici.com\/en\/shop\/piano-cottura-smeg-90cm-inox-5-fuochi-ghisa-srv596gh5\/\" \/>\n<meta property=\"og:locale\" content=\"en_GB\" \/>\n<meta property=\"og:type\" content=\"article\" \/>\n<meta property=\"og:title\" content=\"Piano cottura Smeg 90cm inox 5 fuochi ghisa SRV596GH5 - Morena Elettrodomestici\" \/>\n<meta property=\"og:description\" content=\"Acquista Piano cottura Smeg 90cm inox 5 fuochi ghisa SRV596GH5 su Morena Elettrodomestici. Il tuo Negozio di Fiducia online con prezzi competitivi e prodotti di alta qualit\u00e0!\" \/>\n<meta property=\"og:url\" content=\"https:\/\/www.morenaelettrodomestici.com\/en\/shop\/piano-cottura-smeg-90cm-inox-5-fuochi-ghisa-srv596gh5\/\" \/>\n<meta property=\"og:site_name\" content=\"Morena Elettrodomestici\" \/>\n<meta property=\"article:publisher\" content=\"https:\/\/www.facebook.com\/morenaelettrodomestici\/\" \/>\n<meta property=\"article:modified_time\" content=\"2026-02-18T11:45:28+00:00\" \/>\n<meta property=\"og:image\" content=\"https:\/\/www.morenaelettrodomestici.com\/wp-content\/uploads\/2024\/05\/Piano-cottura-a-gas-Smeg-90cm-inox-ghisa-SRV596GH5-1.jpg\" \/>\n\t<meta property=\"og:image:width\" content=\"1001\" \/>\n\t<meta property=\"og:image:height\" content=\"1001\" \/>\n\t<meta property=\"og:image:type\" content=\"image\/jpeg\" \/>\n<meta name=\"twitter:card\" content=\"summary_large_image\" \/>\n<script type=\"application\/ld+json\" class=\"yoast-schema-graph\">{\"@context\":\"https:\/\/schema.org\",\"@graph\":[{\"@type\":\"WebPage\",\"@id\":\"https:\/\/www.morenaelettrodomestici.com\/shop\/piano-cottura-smeg-90cm-inox-5-fuochi-ghisa-srv596gh5\/\",\"url\":\"https:\/\/www.morenaelettrodomestici.com\/shop\/piano-cottura-smeg-90cm-inox-5-fuochi-ghisa-srv596gh5\/\",\"name\":\"Piano cottura Smeg 90cm inox 5 fuochi ghisa SRV596GH5 - Morena Elettrodomestici\",\"isPartOf\":{\"@id\":\"https:\/\/www.morenaelettrodomestici.com\/#website\"},\"primaryImageOfPage\":{\"@id\":\"https:\/\/www.morenaelettrodomestici.com\/shop\/piano-cottura-smeg-90cm-inox-5-fuochi-ghisa-srv596gh5\/#primaryimage\"},\"image\":{\"@id\":\"https:\/\/www.morenaelettrodomestici.com\/shop\/piano-cottura-smeg-90cm-inox-5-fuochi-ghisa-srv596gh5\/#primaryimage\"},\"thumbnailUrl\":\"https:\/\/www.morenaelettrodomestici.com\/wp-content\/uploads\/2024\/05\/Piano-cottura-a-gas-Smeg-90cm-inox-ghisa-SRV596GH5-1.jpg\",\"datePublished\":\"2024-07-15T14:35:42+00:00\",\"dateModified\":\"2026-02-18T11:45:28+00:00\",\"description\":\"Acquista Piano cottura Smeg 90cm inox 5 fuochi ghisa SRV596GH5 su Morena Elettrodomestici. Il tuo Negozio di Fiducia online con prezzi competitivi e prodotti di alta qualit\u00e0!\",\"breadcrumb\":{\"@id\":\"https:\/\/www.morenaelettrodomestici.com\/shop\/piano-cottura-smeg-90cm-inox-5-fuochi-ghisa-srv596gh5\/#breadcrumb\"},\"inLanguage\":\"en-GB\",\"potentialAction\":[{\"@type\":\"ReadAction\",\"target\":[\"https:\/\/www.morenaelettrodomestici.com\/shop\/piano-cottura-smeg-90cm-inox-5-fuochi-ghisa-srv596gh5\/\"]}]},{\"@type\":\"ImageObject\",\"inLanguage\":\"en-GB\",\"@id\":\"https:\/\/www.morenaelettrodomestici.com\/shop\/piano-cottura-smeg-90cm-inox-5-fuochi-ghisa-srv596gh5\/#primaryimage\",\"url\":\"https:\/\/www.morenaelettrodomestici.com\/wp-content\/uploads\/2024\/05\/Piano-cottura-a-gas-Smeg-90cm-inox-ghisa-SRV596GH5-1.jpg\",\"contentUrl\":\"https:\/\/www.morenaelettrodomestici.com\/wp-content\/uploads\/2024\/05\/Piano-cottura-a-gas-Smeg-90cm-inox-ghisa-SRV596GH5-1.jpg\",\"width\":1001,\"height\":1001},{\"@type\":\"BreadcrumbList\",\"@id\":\"https:\/\/www.morenaelettrodomestici.com\/shop\/piano-cottura-smeg-90cm-inox-5-fuochi-ghisa-srv596gh5\/#breadcrumb\",\"itemListElement\":[{\"@type\":\"ListItem\",\"position\":1,\"name\":\"Home\",\"item\":\"https:\/\/www.morenaelettrodomestici.com\/\"},{\"@type\":\"ListItem\",\"position\":2,\"name\":\"Shop\",\"item\":\"https:\/\/www.morenaelettrodomestici.com\/shop\/\"},{\"@type\":\"ListItem\",\"position\":3,\"name\":\"Piano cottura Smeg 90cm inox 5 fuochi ghisa SRV596GH5\"}]},{\"@type\":\"WebSite\",\"@id\":\"https:\/\/www.morenaelettrodomestici.com\/#website\",\"url\":\"https:\/\/www.morenaelettrodomestici.com\/\",\"name\":\"Morena\",\"description\":\"I migliori elettrodomestici a prezzi folli\",\"publisher\":{\"@id\":\"https:\/\/www.morenaelettrodomestici.com\/#organization\"},\"potentialAction\":[{\"@type\":\"SearchAction\",\"target\":{\"@type\":\"EntryPoint\",\"urlTemplate\":\"https:\/\/www.morenaelettrodomestici.com\/?s={search_term_string}\"},\"query-input\":{\"@type\":\"PropertyValueSpecification\",\"valueRequired\":true,\"valueName\":\"search_term_string\"}}],\"inLanguage\":\"en-GB\"},{\"@type\":\"Organization\",\"@id\":\"https:\/\/www.morenaelettrodomestici.com\/#organization\",\"name\":\"Morena Elettrodomestici\",\"url\":\"https:\/\/www.morenaelettrodomestici.com\/\",\"logo\":{\"@type\":\"ImageObject\",\"inLanguage\":\"en-GB\",\"@id\":\"https:\/\/www.morenaelettrodomestici.com\/#\/schema\/logo\/image\/\",\"url\":\"https:\/\/www.morenaelettrodomestici.com\/wp-content\/uploads\/2024\/05\/logo_Morena_srls-TRASPARENTE.png\",\"contentUrl\":\"https:\/\/www.morenaelettrodomestici.com\/wp-content\/uploads\/2024\/05\/logo_Morena_srls-TRASPARENTE.png\",\"width\":2264,\"height\":718,\"caption\":\"Morena Elettrodomestici\"},\"image\":{\"@id\":\"https:\/\/www.morenaelettrodomestici.com\/#\/schema\/logo\/image\/\"},\"sameAs\":[\"https:\/\/www.facebook.com\/morenaelettrodomestici\/\",\"https:\/\/www.instagram.com\/morena.elettrodomestici\/\",\"https:\/\/www.linkedin.com\/company-beta\/10507375\/\",\"https:\/\/www.youtube.com\/channel\/UCgdTfdgRUeVEnhI2Z4GRlFA\"]}]}<\/script>\n<!-- \/ Yoast SEO plugin. -->","yoast_head_json":{"title":"Piano cottura Smeg 90cm inox 5 fuochi ghisa SRV596GH5 - Morena Elettrodomestici","description":"Acquista Piano cottura Smeg 90cm inox 5 fuochi ghisa SRV596GH5 su Morena Elettrodomestici. Il tuo Negozio di Fiducia online con prezzi competitivi e prodotti di alta qualit\u00e0!","robots":{"index":"index","follow":"follow","max-snippet":"max-snippet:-1","max-image-preview":"max-image-preview:large","max-video-preview":"max-video-preview:-1"},"canonical":"https:\/\/www.morenaelettrodomestici.com\/en\/shop\/piano-cottura-smeg-90cm-inox-5-fuochi-ghisa-srv596gh5\/","og_locale":"en_GB","og_type":"article","og_title":"Piano cottura Smeg 90cm inox 5 fuochi ghisa SRV596GH5 - Morena Elettrodomestici","og_description":"Acquista Piano cottura Smeg 90cm inox 5 fuochi ghisa SRV596GH5 su Morena Elettrodomestici. Il tuo Negozio di Fiducia online con prezzi competitivi e prodotti di alta qualit\u00e0!","og_url":"https:\/\/www.morenaelettrodomestici.com\/en\/shop\/piano-cottura-smeg-90cm-inox-5-fuochi-ghisa-srv596gh5\/","og_site_name":"Morena Elettrodomestici","article_publisher":"https:\/\/www.facebook.com\/morenaelettrodomestici\/","article_modified_time":"2026-02-18T11:45:28+00:00","og_image":[{"width":1001,"height":1001,"url":"https:\/\/www.morenaelettrodomestici.com\/wp-content\/uploads\/2024\/05\/Piano-cottura-a-gas-Smeg-90cm-inox-ghisa-SRV596GH5-1.jpg","type":"image\/jpeg"}],"twitter_card":"summary_large_image","schema":{"@context":"https:\/\/schema.org","@graph":[{"@type":"WebPage","@id":"https:\/\/www.morenaelettrodomestici.com\/shop\/piano-cottura-smeg-90cm-inox-5-fuochi-ghisa-srv596gh5\/","url":"https:\/\/www.morenaelettrodomestici.com\/shop\/piano-cottura-smeg-90cm-inox-5-fuochi-ghisa-srv596gh5\/","name":"Piano cottura Smeg 90cm inox 5 fuochi ghisa SRV596GH5 - Morena Elettrodomestici","isPartOf":{"@id":"https:\/\/www.morenaelettrodomestici.com\/#website"},"primaryImageOfPage":{"@id":"https:\/\/www.morenaelettrodomestici.com\/shop\/piano-cottura-smeg-90cm-inox-5-fuochi-ghisa-srv596gh5\/#primaryimage"},"image":{"@id":"https:\/\/www.morenaelettrodomestici.com\/shop\/piano-cottura-smeg-90cm-inox-5-fuochi-ghisa-srv596gh5\/#primaryimage"},"thumbnailUrl":"https:\/\/www.morenaelettrodomestici.com\/wp-content\/uploads\/2024\/05\/Piano-cottura-a-gas-Smeg-90cm-inox-ghisa-SRV596GH5-1.jpg","datePublished":"2024-07-15T14:35:42+00:00","dateModified":"2026-02-18T11:45:28+00:00","description":"Acquista Piano cottura Smeg 90cm inox 5 fuochi ghisa SRV596GH5 su Morena Elettrodomestici. Il tuo Negozio di Fiducia online con prezzi competitivi e prodotti di alta qualit\u00e0!","breadcrumb":{"@id":"https:\/\/www.morenaelettrodomestici.com\/shop\/piano-cottura-smeg-90cm-inox-5-fuochi-ghisa-srv596gh5\/#breadcrumb"},"inLanguage":"en-GB","potentialAction":[{"@type":"ReadAction","target":["https:\/\/www.morenaelettrodomestici.com\/shop\/piano-cottura-smeg-90cm-inox-5-fuochi-ghisa-srv596gh5\/"]}]},{"@type":"ImageObject","inLanguage":"en-GB","@id":"https:\/\/www.morenaelettrodomestici.com\/shop\/piano-cottura-smeg-90cm-inox-5-fuochi-ghisa-srv596gh5\/#primaryimage","url":"https:\/\/www.morenaelettrodomestici.com\/wp-content\/uploads\/2024\/05\/Piano-cottura-a-gas-Smeg-90cm-inox-ghisa-SRV596GH5-1.jpg","contentUrl":"https:\/\/www.morenaelettrodomestici.com\/wp-content\/uploads\/2024\/05\/Piano-cottura-a-gas-Smeg-90cm-inox-ghisa-SRV596GH5-1.jpg","width":1001,"height":1001},{"@type":"BreadcrumbList","@id":"https:\/\/www.morenaelettrodomestici.com\/shop\/piano-cottura-smeg-90cm-inox-5-fuochi-ghisa-srv596gh5\/#breadcrumb","itemListElement":[{"@type":"ListItem","position":1,"name":"Home","item":"https:\/\/www.morenaelettrodomestici.com\/"},{"@type":"ListItem","position":2,"name":"Shop","item":"https:\/\/www.morenaelettrodomestici.com\/shop\/"},{"@type":"ListItem","position":3,"name":"Piano cottura Smeg 90cm inox 5 fuochi ghisa SRV596GH5"}]},{"@type":"WebSite","@id":"https:\/\/www.morenaelettrodomestici.com\/#website","url":"https:\/\/www.morenaelettrodomestici.com\/","name":"Morena","description":"I migliori elettrodomestici a prezzi folli","publisher":{"@id":"https:\/\/www.morenaelettrodomestici.com\/#organization"},"potentialAction":[{"@type":"SearchAction","target":{"@type":"EntryPoint","urlTemplate":"https:\/\/www.morenaelettrodomestici.com\/?s={search_term_string}"},"query-input":{"@type":"PropertyValueSpecification","valueRequired":true,"valueName":"search_term_string"}}],"inLanguage":"en-GB"},{"@type":"Organization","@id":"https:\/\/www.morenaelettrodomestici.com\/#organization","name":"Morena Elettrodomestici","url":"https:\/\/www.morenaelettrodomestici.com\/","logo":{"@type":"ImageObject","inLanguage":"en-GB","@id":"https:\/\/www.morenaelettrodomestici.com\/#\/schema\/logo\/image\/","url":"https:\/\/www.morenaelettrodomestici.com\/wp-content\/uploads\/2024\/05\/logo_Morena_srls-TRASPARENTE.png","contentUrl":"https:\/\/www.morenaelettrodomestici.com\/wp-content\/uploads\/2024\/05\/logo_Morena_srls-TRASPARENTE.png","width":2264,"height":718,"caption":"Morena Elettrodomestici"},"image":{"@id":"https:\/\/www.morenaelettrodomestici.com\/#\/schema\/logo\/image\/"},"sameAs":["https:\/\/www.facebook.com\/morenaelettrodomestici\/","https:\/\/www.instagram.com\/morena.elettrodomestici\/","https:\/\/www.linkedin.com\/company-beta\/10507375\/","https:\/\/www.youtube.com\/channel\/UCgdTfdgRUeVEnhI2Z4GRlFA"]}]}},"_links":{"self":[{"href":"https:\/\/www.morenaelettrodomestici.com\/en\/wp-json\/wp\/v2\/product\/39056","targetHints":{"allow":["GET"]}}],"collection":[{"href":"https:\/\/www.morenaelettrodomestici.com\/en\/wp-json\/wp\/v2\/product"}],"about":[{"href":"https:\/\/www.morenaelettrodomestici.com\/en\/wp-json\/wp\/v2\/types\/product"}],"version-history":[{"count":3,"href":"https:\/\/www.morenaelettrodomestici.com\/en\/wp-json\/wp\/v2\/product\/39056\/revisions"}],"predecessor-version":[{"id":48904,"href":"https:\/\/www.morenaelettrodomestici.com\/en\/wp-json\/wp\/v2\/product\/39056\/revisions\/48904"}],"wp:featuredmedia":[{"embeddable":true,"href":"https:\/\/www.morenaelettrodomestici.com\/en\/wp-json\/wp\/v2\/media\/4515"}],"wp:attachment":[{"href":"https:\/\/www.morenaelettrodomestici.com\/en\/wp-json\/wp\/v2\/media?parent=39056"}],"wp:term":[{"taxonomy":"product_brand","embeddable":true,"href":"https:\/\/www.morenaelettrodomestici.com\/en\/wp-json\/wp\/v2\/product_brand?post=39056"},{"taxonomy":"product_cat","embeddable":true,"href":"https:\/\/www.morenaelettrodomestici.com\/en\/wp-json\/wp\/v2\/product_cat?post=39056"},{"taxonomy":"product_tag","embeddable":true,"href":"https:\/\/www.morenaelettrodomestici.com\/en\/wp-json\/wp\/v2\/product_tag?post=39056"}],"curies":[{"name":"wp","href":"https:\/\/api.w.org\/{rel}","templated":true}]}}