{"id":39182,"date":"2024-07-15T14:36:59","date_gmt":"2024-07-15T14:36:59","guid":{"rendered":"https:\/\/www.morenaelettrodomestici.com\/?post_type=product&#038;p=39182"},"modified":"2025-08-26T16:32:01","modified_gmt":"2025-08-26T16:32:01","slug":"lavatrice-carico-alto-candy-8kg-1200giri-f-cstg-28te-1-11","status":"publish","type":"product","link":"https:\/\/www.morenaelettrodomestici.com\/en\/shop\/lavatrice-carico-alto-candy-8kg-1200giri-f-cstg-28te-1-11\/","title":{"rendered":"Lavatrice carico alto Candy 8kg 1200giri F CSTG 28TE\/1-11"},"content":{"rendered":"<p><strong>SMART<\/strong><br \/>SMARTNESS \u00e8 la strada. Candy crede nell&#8217;importanza di godersi la vita, ecco perch\u00e9 la nuova gamma di lavatrici \u00e8 realizzata per lavare i tuoi capi in modo facile e intelligente, semplificando la tua giornata, in modo che tu possa avere pi\u00f9 tempo per te e per ci\u00f2 che ami di pi\u00f9. Lascia che Candy ti aiuti giorno dopo giorno nel bucato: i risultati saranno semplicemente sorprendenti. Via libera al comfort e alla semplicit\u00e0 di utilizzo: niente pi\u00f9 sprechi di tempo, energia, denaro n\u00e9 fatica. Sfrutta i vantaggi offerti dall&#8217;apertura alta della porta: non avrai pi\u00f9 bisogno di sovraccaricare la schiena per caricare la macchina. Le lavatrici Candy Smart sono anche connesse: ottieni vantaggi dalla connettivit\u00e0 NFC che ti aiuta a migliorare la tua esperienza di lavaggio, con facilit\u00e0 e direttamente dal tuo smartphone.<br \/><strong>Riduci gli sprechi<\/strong><br \/>Le nostre lavabiancheria minimizzano la quantit\u00e0 di elettricit\u00e0 utilizzata, riducendo gli sprechi. Il sensore che rileva il peso riconosce la dimensione del carico ed automaticamente adegua la quantit\u00e0 di acqua e di elettricit\u00e0 usata. Con le nostre macchine, un mezzo carico richiede fino al 40% in meno di acqua, tempo ed elettricit\u00e0!<br \/><strong>Risparmia tempo grazie ai programmi rapidi<\/strong><br \/>La perfetta combinazione di tempo e performance. Le lavabiancheria di Candy ti permettono di scegliere tra quattro cicli della durata di meno di un\u2019ora, e l\u2019efficacia \u00e8 garantita.<br \/><strong>Prolunga la durata della tua lavatrice<\/strong><br \/>VUOI ALLUNGARE LA VITA ALLA TUA LAVATRICE? Questa funzione consente di avere sempre sotto controllo lo stato dell\u2019elettrodomestico e ricevere consigli pratici per risolvere autonomamente eventuali problemi.<br \/><strong>Tieni tutto sotto controllo<\/strong><br \/>Grazie a My Statistics puoi vedere quali sono i programmi che utilizzi maggiormente e imparare ad ottimizzare le tue abitudini di lavaggio.<br \/><strong>Trova il ciclo che si adatta alle tue esigenze<\/strong><br \/>La funzione Smart Cycles ti permette di scaricare il ciclo che pi\u00f9 si adatta al tuo stile di vita e fornisce programmi aggiuntivi per prenderti cura al meglio di tutti i tuoi capI<br \/><strong>Massima flessibilit\u00e0<\/strong><br \/>La partenza differita ti permette di avere il bucato pronto nel momento giusto per te. Ti consente infatti di programmare l\u2019avvio del ciclo di lavaggio con un ritardo massimo di 24 ore. Non sar\u00e0 pi\u00f9 necessario preoccuparsi di togliere il bucato dalla lavatrice ed evitare il formarsi di cattivi odori. Inoltre, sar\u00e0 possibile ridurre il consumo energetico avviando la lavabiancheria negli orari in cui il costo dell\u2019energia \u00e8 pi\u00f9 conveniente.<br \/><strong>Migliora l\u2019esperienza di lavaggio<\/strong><br \/>Smart Touch \u00e8 la tecnologia di connettivit\u00e0 \u201cper prossimit\u00e0\u201d di Candy. A seconda del prodotto, potr\u00e0 arricchirlo di funzioni aggiuntive, darti utili consigli sull\u2019utilizzo pi\u00f9 efficiente del tuo elettrodomestico e guidarti nella risoluzione dei problemi, direttamente dal tuo smartphone.<br \/><strong>Trova tutte le risposte alle tue domande sul bucato<\/strong><br \/>DESIDERI ULTERIORI SUGGERIMENTI? Trova una completa collezione di consigli e suggerimenti all&#8217;interno dell&#8217;APP Simplyfi per avere il meglio dalla tua lavatrice.<br \/><strong>Grandi risultati in meno tempo<\/strong><br \/>Da oggi non \u00e8 pi\u00f9 necessario applicare il sapone direttamente sui capi: Candy infatti ha brevettato Mix Power System+ che, grazie all\u2019iniezione diretta di un concentrato di acqua pulita e detergente sui tessuti, fornisce risultati straordinari in tempi ridotti con il programma Perfect Rapid 59\u2019. La tecnologia Mix Power System+ aumenta l\u2019efficacia del detersivo a basse temperature e lavando a 20\u00b0 permette un risparmio di energia fino al 60% con il risultato di un lavaggio a 40\u00b0<br \/><strong>Trova il programma giusto<\/strong><br \/>L&#8217;Assistente vocale ti guida passo passo nella scelta del programma perfetto per te. Basta chiederglielo e seguire le sue istruzioni. In soli 3 passaggi puoi trovare il miglior ciclo di lavaggio parlando con il tuo elettrodomestico: scegli i vestiti o i tessuti, scegli i colori e il livello di macchia e l&#8217;app ti suggerir\u00e0 il lavaggio pi\u00f9 adatto alle tue esigenze.<br \/><strong>Comfort e design<\/strong><br \/>Il cestello si apre facilmente grazie all\u2019innovativo sistema di apertura Gentle Touch.<\/p>\n<p>Tipo di caricamento:Dall&#8217;alto<br \/>Capacit\u00e0 di carico (kg):8<br \/>velocit\u00e0 di rotazione massima (rpm):1200<br \/>Connettivit\u00e0:Contenuti extra e controllo di prossimit\u00e0<br \/>IoT App.simply-Fi<br \/>Materiale cesto.Acciaio inossidabile<br \/>Apertura porta.Gentle Touch<br \/>Volume cesto.46<br \/>Motore.AC<br \/>Elettronica.2D timer big<br \/>Tecnologia:Mix Power System<br \/>Tipo di spina.Schuko<br \/>Tensione (V):220-240<br \/>Numero programmi:17<br \/>Partenza ritardata:S\u00ec (fino a 24 ore)<br \/>Classe di efficienza energetica:F<br \/>Classe di efficienza centrifuga:B<br \/>Consumo energetico ponderato (100 cicli, Eco 40-60):91<br \/>Durata programma capacit\u00e0 nominale:3:38<br \/>Rumorosit\u00e0 centrifuga:79<br \/>Classe di emissione sonora:C<br \/>Consumo d\u2019acqua:44<br \/>Altezza del prodotto.86<br \/>Larghezza del prodotto:41<br \/>Profondit\u00e0 del prodotto:60<br \/>Peso lordo (kg):57<br \/>Peso netto (kg):55,5<\/p>","protected":false},"excerpt":{"rendered":"<p>\u2018- Classe energetica F<br \/>\u2013 Dimensioni (LxAxP) 40x85x60cm<br \/>\u2013 Capacit\u00e0 di carico 8kg<br \/>\u2013 Volume cesto 50litri<br \/>\u2013 Velocit\u00e0 centrifuga 1200 giri\/min.<br \/>\u2013 Con partenza ritardata<br \/>\u2013 Programmi rapidi 14\/30\/44\/59 minuti<\/p>","protected":false},"featured_media":4857,"template":"","meta":[],"product_brand":[],"product_cat":[284,89],"product_tag":[420,91,285],"class_list":{"0":"post-39182","1":"product","2":"type-product","3":"status-publish","4":"has-post-thumbnail","6":"product_cat-lavatrice-carica-dallalto","7":"product_cat-lavatrici-e-asciugatrici","8":"product_tag-lavatrice-candy","9":"product_tag-lavatrici","10":"product_tag-lavatrici-carico-alto","11":"pa_capacita-kg-8kg","12":"pa_carica-alto","13":"pa_marca-candy","15":"first","16":"instock","17":"sale","18":"purchasable","19":"product-type-simple"},"yoast_head":"<!-- This site is optimized with the Yoast SEO plugin v25.5 - https:\/\/yoast.com\/wordpress\/plugins\/seo\/ -->\n<title>Lavatrice carico alto Candy 8kg 1200giri F CSTG 28TE\/1-11 - Morena Elettrodomestici<\/title>\n<meta name=\"description\" content=\"Acquista Lavatrice carico alto Candy 8kg 1200giri F CSTG 28TE\/1-11 su Morena Elettrodomestici. Il tuo Negozio di Fiducia online con prezzi competitivi e prodotti di alta qualit\u00e0!\" \/>\n<meta name=\"robots\" content=\"index, follow, max-snippet:-1, max-image-preview:large, max-video-preview:-1\" \/>\n<link rel=\"canonical\" href=\"https:\/\/www.morenaelettrodomestici.com\/en\/shop\/lavatrice-carico-alto-candy-8kg-1200giri-f-cstg-28te-1-11\/\" \/>\n<meta property=\"og:locale\" content=\"en_GB\" \/>\n<meta property=\"og:type\" content=\"article\" \/>\n<meta property=\"og:title\" content=\"Lavatrice carico alto Candy 8kg 1200giri F CSTG 28TE\/1-11 - Morena Elettrodomestici\" \/>\n<meta property=\"og:description\" content=\"Acquista Lavatrice carico alto Candy 8kg 1200giri F CSTG 28TE\/1-11 su Morena Elettrodomestici. Il tuo Negozio di Fiducia online con prezzi competitivi e prodotti di alta qualit\u00e0!\" \/>\n<meta property=\"og:url\" content=\"https:\/\/www.morenaelettrodomestici.com\/en\/shop\/lavatrice-carico-alto-candy-8kg-1200giri-f-cstg-28te-1-11\/\" \/>\n<meta property=\"og:site_name\" content=\"Morena Elettrodomestici\" \/>\n<meta property=\"article:publisher\" content=\"https:\/\/www.facebook.com\/morenaelettrodomestici\/\" \/>\n<meta property=\"article:modified_time\" content=\"2025-08-26T16:32:01+00:00\" \/>\n<meta property=\"og:image\" content=\"https:\/\/www.morenaelettrodomestici.com\/wp-content\/uploads\/2024\/05\/Lavatrice-carico-dallalto-Candy-8Kg-1200-giri-A-CSTG382D.jpg\" \/>\n\t<meta property=\"og:image:width\" content=\"640\" \/>\n\t<meta property=\"og:image:height\" content=\"640\" \/>\n\t<meta property=\"og:image:type\" content=\"image\/jpeg\" \/>\n<meta name=\"twitter:card\" content=\"summary_large_image\" \/>\n<meta name=\"twitter:label1\" content=\"Estimated reading time\" \/>\n\t<meta name=\"twitter:data1\" content=\"4 minutes\" \/>\n<script type=\"application\/ld+json\" class=\"yoast-schema-graph\">{\"@context\":\"https:\/\/schema.org\",\"@graph\":[{\"@type\":\"WebPage\",\"@id\":\"https:\/\/www.morenaelettrodomestici.com\/shop\/lavatrice-carico-alto-candy-8kg-1200giri-f-cstg-28te-1-11\/\",\"url\":\"https:\/\/www.morenaelettrodomestici.com\/shop\/lavatrice-carico-alto-candy-8kg-1200giri-f-cstg-28te-1-11\/\",\"name\":\"Lavatrice carico alto Candy 8kg 1200giri F CSTG 28TE\/1-11 - Morena Elettrodomestici\",\"isPartOf\":{\"@id\":\"https:\/\/www.morenaelettrodomestici.com\/#website\"},\"primaryImageOfPage\":{\"@id\":\"https:\/\/www.morenaelettrodomestici.com\/shop\/lavatrice-carico-alto-candy-8kg-1200giri-f-cstg-28te-1-11\/#primaryimage\"},\"image\":{\"@id\":\"https:\/\/www.morenaelettrodomestici.com\/shop\/lavatrice-carico-alto-candy-8kg-1200giri-f-cstg-28te-1-11\/#primaryimage\"},\"thumbnailUrl\":\"https:\/\/www.morenaelettrodomestici.com\/wp-content\/uploads\/2024\/05\/Lavatrice-carico-dallalto-Candy-8Kg-1200-giri-A-CSTG382D.jpg\",\"datePublished\":\"2024-07-15T14:36:59+00:00\",\"dateModified\":\"2025-08-26T16:32:01+00:00\",\"description\":\"Acquista Lavatrice carico alto Candy 8kg 1200giri F CSTG 28TE\/1-11 su Morena Elettrodomestici. Il tuo Negozio di Fiducia online con prezzi competitivi e prodotti di alta qualit\u00e0!\",\"breadcrumb\":{\"@id\":\"https:\/\/www.morenaelettrodomestici.com\/shop\/lavatrice-carico-alto-candy-8kg-1200giri-f-cstg-28te-1-11\/#breadcrumb\"},\"inLanguage\":\"en-GB\",\"potentialAction\":[{\"@type\":\"ReadAction\",\"target\":[\"https:\/\/www.morenaelettrodomestici.com\/shop\/lavatrice-carico-alto-candy-8kg-1200giri-f-cstg-28te-1-11\/\"]}]},{\"@type\":\"ImageObject\",\"inLanguage\":\"en-GB\",\"@id\":\"https:\/\/www.morenaelettrodomestici.com\/shop\/lavatrice-carico-alto-candy-8kg-1200giri-f-cstg-28te-1-11\/#primaryimage\",\"url\":\"https:\/\/www.morenaelettrodomestici.com\/wp-content\/uploads\/2024\/05\/Lavatrice-carico-dallalto-Candy-8Kg-1200-giri-A-CSTG382D.jpg\",\"contentUrl\":\"https:\/\/www.morenaelettrodomestici.com\/wp-content\/uploads\/2024\/05\/Lavatrice-carico-dallalto-Candy-8Kg-1200-giri-A-CSTG382D.jpg\",\"width\":640,\"height\":640},{\"@type\":\"BreadcrumbList\",\"@id\":\"https:\/\/www.morenaelettrodomestici.com\/shop\/lavatrice-carico-alto-candy-8kg-1200giri-f-cstg-28te-1-11\/#breadcrumb\",\"itemListElement\":[{\"@type\":\"ListItem\",\"position\":1,\"name\":\"Home\",\"item\":\"https:\/\/www.morenaelettrodomestici.com\/\"},{\"@type\":\"ListItem\",\"position\":2,\"name\":\"Shop\",\"item\":\"https:\/\/www.morenaelettrodomestici.com\/shop\/\"},{\"@type\":\"ListItem\",\"position\":3,\"name\":\"Lavatrice carico alto Candy 8kg 1200giri F CSTG 28TE\/1-11\"}]},{\"@type\":\"WebSite\",\"@id\":\"https:\/\/www.morenaelettrodomestici.com\/#website\",\"url\":\"https:\/\/www.morenaelettrodomestici.com\/\",\"name\":\"Morena\",\"description\":\"I migliori elettrodomestici a prezzi folli\",\"publisher\":{\"@id\":\"https:\/\/www.morenaelettrodomestici.com\/#organization\"},\"potentialAction\":[{\"@type\":\"SearchAction\",\"target\":{\"@type\":\"EntryPoint\",\"urlTemplate\":\"https:\/\/www.morenaelettrodomestici.com\/?s={search_term_string}\"},\"query-input\":{\"@type\":\"PropertyValueSpecification\",\"valueRequired\":true,\"valueName\":\"search_term_string\"}}],\"inLanguage\":\"en-GB\"},{\"@type\":\"Organization\",\"@id\":\"https:\/\/www.morenaelettrodomestici.com\/#organization\",\"name\":\"Morena Elettrodomestici\",\"url\":\"https:\/\/www.morenaelettrodomestici.com\/\",\"logo\":{\"@type\":\"ImageObject\",\"inLanguage\":\"en-GB\",\"@id\":\"https:\/\/www.morenaelettrodomestici.com\/#\/schema\/logo\/image\/\",\"url\":\"https:\/\/www.morenaelettrodomestici.com\/wp-content\/uploads\/2024\/05\/logo_Morena_srls-TRASPARENTE.png\",\"contentUrl\":\"https:\/\/www.morenaelettrodomestici.com\/wp-content\/uploads\/2024\/05\/logo_Morena_srls-TRASPARENTE.png\",\"width\":2264,\"height\":718,\"caption\":\"Morena Elettrodomestici\"},\"image\":{\"@id\":\"https:\/\/www.morenaelettrodomestici.com\/#\/schema\/logo\/image\/\"},\"sameAs\":[\"https:\/\/www.facebook.com\/morenaelettrodomestici\/\",\"https:\/\/www.instagram.com\/morena.elettrodomestici\/\",\"https:\/\/www.linkedin.com\/company-beta\/10507375\/\",\"https:\/\/www.youtube.com\/channel\/UCgdTfdgRUeVEnhI2Z4GRlFA\"]}]}<\/script>\n<!-- \/ Yoast SEO plugin. -->","yoast_head_json":{"title":"Lavatrice carico alto Candy 8kg 1200giri F CSTG 28TE\/1-11 - Morena Elettrodomestici","description":"Acquista Lavatrice carico alto Candy 8kg 1200giri F CSTG 28TE\/1-11 su Morena Elettrodomestici. Il tuo Negozio di Fiducia online con prezzi competitivi e prodotti di alta qualit\u00e0!","robots":{"index":"index","follow":"follow","max-snippet":"max-snippet:-1","max-image-preview":"max-image-preview:large","max-video-preview":"max-video-preview:-1"},"canonical":"https:\/\/www.morenaelettrodomestici.com\/en\/shop\/lavatrice-carico-alto-candy-8kg-1200giri-f-cstg-28te-1-11\/","og_locale":"en_GB","og_type":"article","og_title":"Lavatrice carico alto Candy 8kg 1200giri F CSTG 28TE\/1-11 - Morena Elettrodomestici","og_description":"Acquista Lavatrice carico alto Candy 8kg 1200giri F CSTG 28TE\/1-11 su Morena Elettrodomestici. Il tuo Negozio di Fiducia online con prezzi competitivi e prodotti di alta qualit\u00e0!","og_url":"https:\/\/www.morenaelettrodomestici.com\/en\/shop\/lavatrice-carico-alto-candy-8kg-1200giri-f-cstg-28te-1-11\/","og_site_name":"Morena Elettrodomestici","article_publisher":"https:\/\/www.facebook.com\/morenaelettrodomestici\/","article_modified_time":"2025-08-26T16:32:01+00:00","og_image":[{"width":640,"height":640,"url":"https:\/\/www.morenaelettrodomestici.com\/wp-content\/uploads\/2024\/05\/Lavatrice-carico-dallalto-Candy-8Kg-1200-giri-A-CSTG382D.jpg","type":"image\/jpeg"}],"twitter_card":"summary_large_image","twitter_misc":{"Estimated reading time":"4 minutes"},"schema":{"@context":"https:\/\/schema.org","@graph":[{"@type":"WebPage","@id":"https:\/\/www.morenaelettrodomestici.com\/shop\/lavatrice-carico-alto-candy-8kg-1200giri-f-cstg-28te-1-11\/","url":"https:\/\/www.morenaelettrodomestici.com\/shop\/lavatrice-carico-alto-candy-8kg-1200giri-f-cstg-28te-1-11\/","name":"Lavatrice carico alto Candy 8kg 1200giri F CSTG 28TE\/1-11 - Morena Elettrodomestici","isPartOf":{"@id":"https:\/\/www.morenaelettrodomestici.com\/#website"},"primaryImageOfPage":{"@id":"https:\/\/www.morenaelettrodomestici.com\/shop\/lavatrice-carico-alto-candy-8kg-1200giri-f-cstg-28te-1-11\/#primaryimage"},"image":{"@id":"https:\/\/www.morenaelettrodomestici.com\/shop\/lavatrice-carico-alto-candy-8kg-1200giri-f-cstg-28te-1-11\/#primaryimage"},"thumbnailUrl":"https:\/\/www.morenaelettrodomestici.com\/wp-content\/uploads\/2024\/05\/Lavatrice-carico-dallalto-Candy-8Kg-1200-giri-A-CSTG382D.jpg","datePublished":"2024-07-15T14:36:59+00:00","dateModified":"2025-08-26T16:32:01+00:00","description":"Acquista Lavatrice carico alto Candy 8kg 1200giri F CSTG 28TE\/1-11 su Morena Elettrodomestici. Il tuo Negozio di Fiducia online con prezzi competitivi e prodotti di alta qualit\u00e0!","breadcrumb":{"@id":"https:\/\/www.morenaelettrodomestici.com\/shop\/lavatrice-carico-alto-candy-8kg-1200giri-f-cstg-28te-1-11\/#breadcrumb"},"inLanguage":"en-GB","potentialAction":[{"@type":"ReadAction","target":["https:\/\/www.morenaelettrodomestici.com\/shop\/lavatrice-carico-alto-candy-8kg-1200giri-f-cstg-28te-1-11\/"]}]},{"@type":"ImageObject","inLanguage":"en-GB","@id":"https:\/\/www.morenaelettrodomestici.com\/shop\/lavatrice-carico-alto-candy-8kg-1200giri-f-cstg-28te-1-11\/#primaryimage","url":"https:\/\/www.morenaelettrodomestici.com\/wp-content\/uploads\/2024\/05\/Lavatrice-carico-dallalto-Candy-8Kg-1200-giri-A-CSTG382D.jpg","contentUrl":"https:\/\/www.morenaelettrodomestici.com\/wp-content\/uploads\/2024\/05\/Lavatrice-carico-dallalto-Candy-8Kg-1200-giri-A-CSTG382D.jpg","width":640,"height":640},{"@type":"BreadcrumbList","@id":"https:\/\/www.morenaelettrodomestici.com\/shop\/lavatrice-carico-alto-candy-8kg-1200giri-f-cstg-28te-1-11\/#breadcrumb","itemListElement":[{"@type":"ListItem","position":1,"name":"Home","item":"https:\/\/www.morenaelettrodomestici.com\/"},{"@type":"ListItem","position":2,"name":"Shop","item":"https:\/\/www.morenaelettrodomestici.com\/shop\/"},{"@type":"ListItem","position":3,"name":"Lavatrice carico alto Candy 8kg 1200giri F CSTG 28TE\/1-11"}]},{"@type":"WebSite","@id":"https:\/\/www.morenaelettrodomestici.com\/#website","url":"https:\/\/www.morenaelettrodomestici.com\/","name":"Morena","description":"I migliori elettrodomestici a prezzi folli","publisher":{"@id":"https:\/\/www.morenaelettrodomestici.com\/#organization"},"potentialAction":[{"@type":"SearchAction","target":{"@type":"EntryPoint","urlTemplate":"https:\/\/www.morenaelettrodomestici.com\/?s={search_term_string}"},"query-input":{"@type":"PropertyValueSpecification","valueRequired":true,"valueName":"search_term_string"}}],"inLanguage":"en-GB"},{"@type":"Organization","@id":"https:\/\/www.morenaelettrodomestici.com\/#organization","name":"Morena Elettrodomestici","url":"https:\/\/www.morenaelettrodomestici.com\/","logo":{"@type":"ImageObject","inLanguage":"en-GB","@id":"https:\/\/www.morenaelettrodomestici.com\/#\/schema\/logo\/image\/","url":"https:\/\/www.morenaelettrodomestici.com\/wp-content\/uploads\/2024\/05\/logo_Morena_srls-TRASPARENTE.png","contentUrl":"https:\/\/www.morenaelettrodomestici.com\/wp-content\/uploads\/2024\/05\/logo_Morena_srls-TRASPARENTE.png","width":2264,"height":718,"caption":"Morena Elettrodomestici"},"image":{"@id":"https:\/\/www.morenaelettrodomestici.com\/#\/schema\/logo\/image\/"},"sameAs":["https:\/\/www.facebook.com\/morenaelettrodomestici\/","https:\/\/www.instagram.com\/morena.elettrodomestici\/","https:\/\/www.linkedin.com\/company-beta\/10507375\/","https:\/\/www.youtube.com\/channel\/UCgdTfdgRUeVEnhI2Z4GRlFA"]}]}},"_links":{"self":[{"href":"https:\/\/www.morenaelettrodomestici.com\/en\/wp-json\/wp\/v2\/product\/39182","targetHints":{"allow":["GET"]}}],"collection":[{"href":"https:\/\/www.morenaelettrodomestici.com\/en\/wp-json\/wp\/v2\/product"}],"about":[{"href":"https:\/\/www.morenaelettrodomestici.com\/en\/wp-json\/wp\/v2\/types\/product"}],"version-history":[{"count":2,"href":"https:\/\/www.morenaelettrodomestici.com\/en\/wp-json\/wp\/v2\/product\/39182\/revisions"}],"predecessor-version":[{"id":49156,"href":"https:\/\/www.morenaelettrodomestici.com\/en\/wp-json\/wp\/v2\/product\/39182\/revisions\/49156"}],"wp:featuredmedia":[{"embeddable":true,"href":"https:\/\/www.morenaelettrodomestici.com\/en\/wp-json\/wp\/v2\/media\/4857"}],"wp:attachment":[{"href":"https:\/\/www.morenaelettrodomestici.com\/en\/wp-json\/wp\/v2\/media?parent=39182"}],"wp:term":[{"taxonomy":"product_brand","embeddable":true,"href":"https:\/\/www.morenaelettrodomestici.com\/en\/wp-json\/wp\/v2\/product_brand?post=39182"},{"taxonomy":"product_cat","embeddable":true,"href":"https:\/\/www.morenaelettrodomestici.com\/en\/wp-json\/wp\/v2\/product_cat?post=39182"},{"taxonomy":"product_tag","embeddable":true,"href":"https:\/\/www.morenaelettrodomestici.com\/en\/wp-json\/wp\/v2\/product_tag?post=39182"}],"curies":[{"name":"wp","href":"https:\/\/api.w.org\/{rel}","templated":true}]}}