{"id":39234,"date":"2024-07-15T14:37:29","date_gmt":"2024-07-15T14:37:29","guid":{"rendered":"https:\/\/www.morenaelettrodomestici.com\/?post_type=product&#038;p=39234"},"modified":"2025-07-05T06:24:24","modified_gmt":"2025-07-05T06:24:24","slug":"climatizzatore-daikin-9-000btu-a-a-r32-serie-siesta-atxc25b-arxc25b","status":"publish","type":"product","link":"https:\/\/www.morenaelettrodomestici.com\/en\/shop\/climatizzatore-daikin-9-000btu-a-a-r32-serie-siesta-atxc25b-arxc25b\/","title":{"rendered":"Climatizzatore Daikin 9.000btu A++\/A+ R32 Serie Siesta ATXC25B + ARXC25B"},"content":{"rendered":"<p><strong>Descrizione<\/strong><br \/>Modalit\u00e0 standby con risparmio di energia<br \/>I consumi energetici si riducono di circa l&#8217;80% in modalit\u00e0 standby.<br \/><strong>Online controller tramite app<\/strong><br \/>Possibilit\u00e0 di controllo dell&#8217;unit\u00e0 interna da qualsiasi postazione tramite app<br \/><strong>Inverter<\/strong><br \/>I compressori azionati da inverter regolano la velocit\u00e0 del compressore adeguandone il funzionamento al fabbisogno effettivo. Ci\u00f2 consente di limitare arresti e ripartenze riducendo i consumi energetici (fino al 30%) mantenendo temperature pi\u00f9 stabili.<br \/><strong>Solo ventilazione<\/strong><br \/>L&#8217;unit\u00e0 pu\u00f2 essere utilizzata anche nella sola modalit\u00e0 di ventilazione, senza raffreddamento o riscaldamento.<br \/><strong>Modalit\u00e0 Powerful<\/strong><br \/>Permette il raffreddamento o riscaldamento rapido dell&#8217;ambiente; una volta disattivata la modalit\u00e0 \u201cPowerful\u201d, l\u2019unit\u00e0 torna alla modalit\u00e0 preimpostata.<br \/><strong>Commutazione automatica modalit\u00e0 di funzionamento<\/strong><br \/>Seleziona in automatico la modalit\u00e0 raffreddamento o riscaldamento per mantenere la temperatura impostata.<br \/><strong>Modalit\u00e0 \u201csleep\u201d confortevole<\/strong><br \/>Questa modalit\u00e0 innovativa aumenta il comfort gestendo le fluttuazioni di temperatura durante la notte.<br \/><strong>Oscillazione verticale automatica<\/strong><br \/>Possibilit\u00e0 di selezionare il movimento verticale automatico dei deflettori di mandata, per rendere uniformi il flusso d&#8217;aria e la distribuzione della temperatura in tutto il locale.<br \/><strong>Regolazione automatica velocit\u00e0 ventilatore<\/strong><br \/>Seleziona automaticamente la velocit\u00e0 del ventilatore per raggiungere o mantenere la temperatura impostata.<br \/><strong>Velocit\u00e0 ventilatore a gradini (5 gradini)<\/strong><br \/>Consente di selezionare differenti valori di velocit\u00e0 del ventilatore (2 gradini).<br \/><strong>Programma di deumidificazione<\/strong><br \/>Riduce l&#8217;umidit\u00e0 dell&#8217;aria evitando un eccessivo raffreddamento.<br \/><strong>Filtro aria<\/strong><br \/>Elimina le particelle di polvere disperse nell&#8217;aria, migliorando la qualit\u00e0 dell&#8217;aria.<br \/><strong>Timer 24 ore<\/strong><br \/>Pu\u00f2 essere impostato per avviare l&#8217;unit\u00e0 in qualsiasi momento, in un periodo di 24 ore.<br \/><strong>Telecomando a raggi infrarossi<\/strong><br \/>Permette il controllo delle funzioni del climatizzatore a distanza.<br \/><strong>Funzione di riavvio automatico<\/strong><br \/>Dopo un\u2019interruzione di corrente, l\u2019unit\u00e0 si riavvia automaticamente con le impostazioni originali.<br \/><strong>Autodiagnostica<\/strong><br \/>Semplifica la manutenzione indicando malfunzionamenti del sistema o anomalie di funzionamento.<br \/>&#8211; Il pannello frontale piatto ed elegante si armonizza facilmente con qualsiasi tipo di arredamento ed \u00e8 pi\u00f9 facile da pulire<br \/>&#8211; Le unit\u00e0 esterne Daikin sono dotate di uno scambiatore di calore con trattamento anti-corrosione (blue fin) che assicura una grande resistenza alle condizioni climatiche pi\u00f9 rigide<br \/>&#8211; Regolatore online (opzionale): controlla le tue unit\u00e0 interne da qualsiasi luogo tramite app, la rete locale o Internet e tieni sotto controllo i consumi energetici<br \/>&#8211; Funzionamento ultrasilenzioso con livelli sonori ridotti a 20 dBA<br \/>&#8211; Valori di efficienza stagionale fino alla classe A++ in raffrescamento<br \/>&#8211; La scelta di un prodotto a R-32 riduce l&#8217;impatto ambientale del 68% rispetto ai sistemi a R-410A e comporta una riduzione diretta dei consumi energetici grazie all&#8217;elevata efficienza energetica<br \/>&#8211; Le unit\u00e0 esterne Daikin sono curate e robuste e possono essere installate facilmente su un tetto o su un terrazzo, oppure semplicemente contro una parete esterna<br \/>&#8211; Unit\u00e0 esterne per applicazioni monosplit<br \/><strong>Dimensioni e peso<\/strong><br \/>Peso unit\u00e0 interna 9000 g<br \/>Peso unit\u00e0 esterna 24000 g<br \/><strong>Unit\u00e0 esterna<\/strong><br \/>Numero installazioni esterne 1<br \/>Larghezza unit\u00e0 esterna 708 mm<br \/>Profondit\u00e0 unit\u00e0 esterna 297 mm<br \/>Altezza unit\u00e0 esterna 550 mm<br \/>Livello della potenza audio dell&#8217;unit\u00e0 esterna 58 dB<br \/>Flusso di raffreddamento dell&#8217;aria (unit\u00e0 esterna) 1578 m\u00b3\/h<br \/><strong>Unit\u00e0 interna<\/strong><br \/>Installazione Montabile a parete<br \/>Numero di installazioni interne 1<br \/>Larghezza unit\u00e0 interna 785 mm<br \/>Profondit\u00e0 unit\u00e0 interna 250 mm<br \/>Altezza unit\u00e0 interna 288 mm<br \/>Livello di rumorosit\u00e0 dell&#8217;unit\u00e0 interna (bassa velocit\u00e0) 20 dB<br \/>Livello di potenza del suono dell&#8217;unit\u00e0 interna 54 dB<br \/>Flusso di raffreddamento dell&#8217;aria (unit\u00e0 interna) 648 m\u00b3\/h<br \/><strong>Dettagli tecnici<\/strong><br \/>Mezzo refrigerante R32<br \/>Efficienza di raffreddamento 3.3<br \/>Capacit\u00e0 di raffreddamento (min) 4400 BTU\/h<br \/>Efficienza energetica riscaldamento 3.76<br \/>Capacit\u00e0 di raffreddamento (max) 10200 BTU\/h<br \/>Capacit\u00e0 di riscaldamento (min) 4400 BTU\/h<br \/>Capacit\u00e0 di riscaldamento (max) 13600 BTU\/h<br \/>Peso del mezzo refrigerante 550 g<br \/>Autofan<br \/>Intervallo temperatura di funzionamento (raffreddamento) -10 &#8211; 46 \u00b0C<br \/>Telecomando portatile S\u00ec<br \/>Intervallo temperatura di funzionamento (riscaldamento) -15 &#8211; 18 \u00b0C<br \/>Lunghezza tubo (max) 20 m<br \/>Comandato a distanza S\u00ec<br \/>Timer<br \/>Filtro d&#8217;aria<br \/>Diametro del tubo del gas 9.5 mm<br \/>Diametro del tubo per liquido 6.4 mm<br \/>Capacit\u00e0 di raffreddamento in watt (min) 1300 W<br \/>Modalit\u00e0 comfort durante il sonno S\u00ec<br \/>Capacit\u00e0 di raffreddamento in watt (max) 3000 W<br \/>Tipo Climatizzatore split system<br \/>Funzioni condizionatore Raffreddamento, Deumidificazione, Ventilatore, Riscaldamento<br \/>Capacit\u00e0 di riscaldamento in watt (min) 1300 W<br \/>Capacit\u00e0 di riscaldamento in watt (max) 4000 W<br \/>Colore del prodotto Beige, Bianco<br \/>Rating efficienza stagionale (raffreddamento) (SEER) 6.74<br \/>Classificazione di efficienza energetica (riscaldamento) (SCOP) (stagione di riscaldamento media) 4.41<br \/>Durata massima del timer 24 h<br \/>Flusso di raffreddamento dell&#8217;aria (unit\u00e0 interna) 648 m\u00b3\/h<br \/>Flusso di raffreddamento dell&#8217;aria (unit\u00e0 esterna) 1578 m\u00b3\/h<br \/>Diametro del tubo di scarico 18 mm<br \/>Tecnologia Inverter<br \/>Capacit\u00e0 di raffreddamento in watt (nominale) 2600 W<br \/>Coefficiente di prestazione stagionale (in riscaldamento) (SCOP) (stagione di riscaldamento pi\u00f9 calda) 5.78<br \/>Capacit\u00e0 di riscaldamento in watt (nominale) (stagione di riscaldameto media) 2800 W<br \/>Rating efficienza stagionale (riscaldamento) (SCOP) 4.41<br \/><strong>Caratteristiche<\/strong><br \/>Tensione di ingresso AC 220 &#8211; 240 V<br \/>Frequenza di ingresso AC 50 Hz<br \/>Corrente 6.9 A<br \/><strong>Gestione energetica<\/strong><br \/>Consumo energetico minimo (in raffreddamento) 300 W<br \/>Consumo energetico massimo (in raffreddamento) 1150 W<br \/>Consumo energetico minimo (in riscaldamento) 280 W<br \/>Consumo energetico massimo (in riscaldamento) 1350 W<br \/>Tensione di ingresso AC 220 &#8211; 240 V<br \/>Frequenza di ingresso AC 50 Hz<br \/>Corrente 6.9 A<br \/>Corrente (raffreddamento) 3.5 A<br \/>Corrente (riscaldamento) 3.5 A<br \/>Classe efficienza energetica (raffreddamento) A++<br \/>Consumo energetico annuale (raffreddamento) 133 kWh<br \/>Consumo di energia per ora (raffreddamento) 0.78 kWh<br \/>Consumo di energia per ora (riscaldamento) 0.76 kWh<br \/>Classe di efficienza energetica (riscaldamento) (stagione di riscladamento media) A+<br \/>Consumo energetico annuale (riscaldamento) (stagione di riscaldamento media) 707 kWh<br \/>Carico di progetto (raffreddamento) 2.57 kW<br \/>Carico di progetto (riscaldamento) (Stagione media di riscaldmaento) 2.23 kW<br \/>Classe di efficienza energetica (riscaldamento) (stagione di riscaldamento pi\u00f9 calda) A+++<br \/>Consumo energetico annuale (riscaldamento) (Stagione di riscaldamento pi\u00f9 calda) 496 kWh<br \/>Carico nominale (in riscaldamento) (Stagione di riscladamento pi\u00f9 calda) 2.05 kW<\/p>","protected":false},"excerpt":{"rendered":"<p>\u2018- Unit\u00e0 interna + Unit\u00e0 esterna<br \/>\u2013 9.000btu<br \/>\u2013 Classe energetica A++\/A+<br \/>\u2013 Gas R-32<br \/>\u2013 Motore Inverter<br \/>\u2013 Modalit\u00e0 Powerful (Permette il raffreddamento o riscaldamento rapido dell\u2019ambiente)<br \/>\u2013 Programma deumidificazione<br \/>\u2013 Timer 24h<br \/>\u2013 Funzione di riavvio automatico dopo interruzione corrente<br \/>\u2013 Filtro aria<\/p>","protected":false},"featured_media":4976,"template":"","meta":[],"product_brand":[],"product_cat":[416,88],"product_tag":[417,468,469],"class_list":{"0":"post-39234","1":"product","2":"type-product","3":"status-publish","4":"has-post-thumbnail","6":"product_cat-clima","7":"product_cat-grandi-elettrodomestici","8":"product_tag-clima","9":"product_tag-climatizzatori","10":"product_tag-climatizzatori-daikin","11":"pa_btu-533","12":"pa_marca-daikin","14":"first","15":"instock","16":"sale","17":"purchasable","18":"product-type-simple"},"yoast_head":"<!-- This site is optimized with the Yoast SEO plugin v25.5 - https:\/\/yoast.com\/wordpress\/plugins\/seo\/ -->\n<title>Climatizzatore Daikin 9.000btu A++\/A+ R32 Serie Siesta ATXC25B + ARXC25B - Morena Elettrodomestici<\/title>\n<meta name=\"description\" content=\"Acquista Climatizzatore Daikin 9.000btu A++\/A+ R32 Serie Siesta ATXC25B + ARXC25B su Morena Elettrodomestici. Il tuo Negozio di Fiducia online con prezzi competitivi e prodotti di alta qualit\u00e0!\" \/>\n<meta name=\"robots\" content=\"index, follow, max-snippet:-1, max-image-preview:large, max-video-preview:-1\" \/>\n<link rel=\"canonical\" href=\"https:\/\/www.morenaelettrodomestici.com\/en\/shop\/climatizzatore-daikin-9-000btu-a-a-r32-serie-siesta-atxc25b-arxc25b\/\" \/>\n<meta property=\"og:locale\" content=\"en_GB\" \/>\n<meta property=\"og:type\" content=\"article\" \/>\n<meta property=\"og:title\" content=\"Climatizzatore Daikin 9.000btu A++\/A+ R32 Serie Siesta ATXC25B + ARXC25B - Morena Elettrodomestici\" \/>\n<meta property=\"og:description\" content=\"Acquista Climatizzatore Daikin 9.000btu A++\/A+ R32 Serie Siesta ATXC25B + ARXC25B su Morena Elettrodomestici. Il tuo Negozio di Fiducia online con prezzi competitivi e prodotti di alta qualit\u00e0!\" \/>\n<meta property=\"og:url\" content=\"https:\/\/www.morenaelettrodomestici.com\/en\/shop\/climatizzatore-daikin-9-000btu-a-a-r32-serie-siesta-atxc25b-arxc25b\/\" \/>\n<meta property=\"og:site_name\" content=\"Morena Elettrodomestici\" \/>\n<meta property=\"article:publisher\" content=\"https:\/\/www.facebook.com\/morenaelettrodomestici\/\" \/>\n<meta property=\"article:modified_time\" content=\"2025-07-05T06:24:24+00:00\" \/>\n<meta property=\"og:image\" content=\"https:\/\/www.morenaelettrodomestici.com\/wp-content\/uploads\/2024\/05\/Daikin_ATXC25B_ARXC25B_195167_0.jpg\" \/>\n\t<meta property=\"og:image:width\" content=\"1252\" \/>\n\t<meta property=\"og:image:height\" content=\"1252\" \/>\n\t<meta property=\"og:image:type\" content=\"image\/jpeg\" \/>\n<meta name=\"twitter:card\" content=\"summary_large_image\" \/>\n<meta name=\"twitter:label1\" content=\"Estimated reading time\" \/>\n\t<meta name=\"twitter:data1\" content=\"4 minutes\" \/>\n<script type=\"application\/ld+json\" class=\"yoast-schema-graph\">{\"@context\":\"https:\/\/schema.org\",\"@graph\":[{\"@type\":\"WebPage\",\"@id\":\"https:\/\/www.morenaelettrodomestici.com\/shop\/climatizzatore-daikin-9-000btu-a-a-r32-serie-siesta-atxc25b-arxc25b\/\",\"url\":\"https:\/\/www.morenaelettrodomestici.com\/shop\/climatizzatore-daikin-9-000btu-a-a-r32-serie-siesta-atxc25b-arxc25b\/\",\"name\":\"Climatizzatore Daikin 9.000btu A++\/A+ R32 Serie Siesta ATXC25B + ARXC25B - Morena Elettrodomestici\",\"isPartOf\":{\"@id\":\"https:\/\/www.morenaelettrodomestici.com\/#website\"},\"primaryImageOfPage\":{\"@id\":\"https:\/\/www.morenaelettrodomestici.com\/shop\/climatizzatore-daikin-9-000btu-a-a-r32-serie-siesta-atxc25b-arxc25b\/#primaryimage\"},\"image\":{\"@id\":\"https:\/\/www.morenaelettrodomestici.com\/shop\/climatizzatore-daikin-9-000btu-a-a-r32-serie-siesta-atxc25b-arxc25b\/#primaryimage\"},\"thumbnailUrl\":\"https:\/\/www.morenaelettrodomestici.com\/wp-content\/uploads\/2024\/05\/Daikin_ATXC25B_ARXC25B_195167_0.jpg\",\"datePublished\":\"2024-07-15T14:37:29+00:00\",\"dateModified\":\"2025-07-05T06:24:24+00:00\",\"description\":\"Acquista Climatizzatore Daikin 9.000btu A++\/A+ R32 Serie Siesta ATXC25B + ARXC25B su Morena Elettrodomestici. Il tuo Negozio di Fiducia online con prezzi competitivi e prodotti di alta qualit\u00e0!\",\"breadcrumb\":{\"@id\":\"https:\/\/www.morenaelettrodomestici.com\/shop\/climatizzatore-daikin-9-000btu-a-a-r32-serie-siesta-atxc25b-arxc25b\/#breadcrumb\"},\"inLanguage\":\"en-GB\",\"potentialAction\":[{\"@type\":\"ReadAction\",\"target\":[\"https:\/\/www.morenaelettrodomestici.com\/shop\/climatizzatore-daikin-9-000btu-a-a-r32-serie-siesta-atxc25b-arxc25b\/\"]}]},{\"@type\":\"ImageObject\",\"inLanguage\":\"en-GB\",\"@id\":\"https:\/\/www.morenaelettrodomestici.com\/shop\/climatizzatore-daikin-9-000btu-a-a-r32-serie-siesta-atxc25b-arxc25b\/#primaryimage\",\"url\":\"https:\/\/www.morenaelettrodomestici.com\/wp-content\/uploads\/2024\/05\/Daikin_ATXC25B_ARXC25B_195167_0.jpg\",\"contentUrl\":\"https:\/\/www.morenaelettrodomestici.com\/wp-content\/uploads\/2024\/05\/Daikin_ATXC25B_ARXC25B_195167_0.jpg\",\"width\":1252,\"height\":1252},{\"@type\":\"BreadcrumbList\",\"@id\":\"https:\/\/www.morenaelettrodomestici.com\/shop\/climatizzatore-daikin-9-000btu-a-a-r32-serie-siesta-atxc25b-arxc25b\/#breadcrumb\",\"itemListElement\":[{\"@type\":\"ListItem\",\"position\":1,\"name\":\"Home\",\"item\":\"https:\/\/www.morenaelettrodomestici.com\/\"},{\"@type\":\"ListItem\",\"position\":2,\"name\":\"Shop\",\"item\":\"https:\/\/www.morenaelettrodomestici.com\/shop\/\"},{\"@type\":\"ListItem\",\"position\":3,\"name\":\"Climatizzatore Daikin 9.000btu A++\/A+ R32 Serie Siesta ATXC25B + ARXC25B\"}]},{\"@type\":\"WebSite\",\"@id\":\"https:\/\/www.morenaelettrodomestici.com\/#website\",\"url\":\"https:\/\/www.morenaelettrodomestici.com\/\",\"name\":\"Morena\",\"description\":\"I migliori elettrodomestici a prezzi folli\",\"publisher\":{\"@id\":\"https:\/\/www.morenaelettrodomestici.com\/#organization\"},\"potentialAction\":[{\"@type\":\"SearchAction\",\"target\":{\"@type\":\"EntryPoint\",\"urlTemplate\":\"https:\/\/www.morenaelettrodomestici.com\/?s={search_term_string}\"},\"query-input\":{\"@type\":\"PropertyValueSpecification\",\"valueRequired\":true,\"valueName\":\"search_term_string\"}}],\"inLanguage\":\"en-GB\"},{\"@type\":\"Organization\",\"@id\":\"https:\/\/www.morenaelettrodomestici.com\/#organization\",\"name\":\"Morena Elettrodomestici\",\"url\":\"https:\/\/www.morenaelettrodomestici.com\/\",\"logo\":{\"@type\":\"ImageObject\",\"inLanguage\":\"en-GB\",\"@id\":\"https:\/\/www.morenaelettrodomestici.com\/#\/schema\/logo\/image\/\",\"url\":\"https:\/\/www.morenaelettrodomestici.com\/wp-content\/uploads\/2024\/05\/logo_Morena_srls-TRASPARENTE.png\",\"contentUrl\":\"https:\/\/www.morenaelettrodomestici.com\/wp-content\/uploads\/2024\/05\/logo_Morena_srls-TRASPARENTE.png\",\"width\":2264,\"height\":718,\"caption\":\"Morena Elettrodomestici\"},\"image\":{\"@id\":\"https:\/\/www.morenaelettrodomestici.com\/#\/schema\/logo\/image\/\"},\"sameAs\":[\"https:\/\/www.facebook.com\/morenaelettrodomestici\/\",\"https:\/\/www.instagram.com\/morena.elettrodomestici\/\",\"https:\/\/www.linkedin.com\/company-beta\/10507375\/\",\"https:\/\/www.youtube.com\/channel\/UCgdTfdgRUeVEnhI2Z4GRlFA\"]}]}<\/script>\n<!-- \/ Yoast SEO plugin. -->","yoast_head_json":{"title":"Climatizzatore Daikin 9.000btu A++\/A+ R32 Serie Siesta ATXC25B + ARXC25B - Morena Elettrodomestici","description":"Acquista Climatizzatore Daikin 9.000btu A++\/A+ R32 Serie Siesta ATXC25B + ARXC25B su Morena Elettrodomestici. Il tuo Negozio di Fiducia online con prezzi competitivi e prodotti di alta qualit\u00e0!","robots":{"index":"index","follow":"follow","max-snippet":"max-snippet:-1","max-image-preview":"max-image-preview:large","max-video-preview":"max-video-preview:-1"},"canonical":"https:\/\/www.morenaelettrodomestici.com\/en\/shop\/climatizzatore-daikin-9-000btu-a-a-r32-serie-siesta-atxc25b-arxc25b\/","og_locale":"en_GB","og_type":"article","og_title":"Climatizzatore Daikin 9.000btu A++\/A+ R32 Serie Siesta ATXC25B + ARXC25B - Morena Elettrodomestici","og_description":"Acquista Climatizzatore Daikin 9.000btu A++\/A+ R32 Serie Siesta ATXC25B + ARXC25B su Morena Elettrodomestici. Il tuo Negozio di Fiducia online con prezzi competitivi e prodotti di alta qualit\u00e0!","og_url":"https:\/\/www.morenaelettrodomestici.com\/en\/shop\/climatizzatore-daikin-9-000btu-a-a-r32-serie-siesta-atxc25b-arxc25b\/","og_site_name":"Morena Elettrodomestici","article_publisher":"https:\/\/www.facebook.com\/morenaelettrodomestici\/","article_modified_time":"2025-07-05T06:24:24+00:00","og_image":[{"width":1252,"height":1252,"url":"https:\/\/www.morenaelettrodomestici.com\/wp-content\/uploads\/2024\/05\/Daikin_ATXC25B_ARXC25B_195167_0.jpg","type":"image\/jpeg"}],"twitter_card":"summary_large_image","twitter_misc":{"Estimated reading time":"4 minutes"},"schema":{"@context":"https:\/\/schema.org","@graph":[{"@type":"WebPage","@id":"https:\/\/www.morenaelettrodomestici.com\/shop\/climatizzatore-daikin-9-000btu-a-a-r32-serie-siesta-atxc25b-arxc25b\/","url":"https:\/\/www.morenaelettrodomestici.com\/shop\/climatizzatore-daikin-9-000btu-a-a-r32-serie-siesta-atxc25b-arxc25b\/","name":"Climatizzatore Daikin 9.000btu A++\/A+ R32 Serie Siesta ATXC25B + ARXC25B - Morena Elettrodomestici","isPartOf":{"@id":"https:\/\/www.morenaelettrodomestici.com\/#website"},"primaryImageOfPage":{"@id":"https:\/\/www.morenaelettrodomestici.com\/shop\/climatizzatore-daikin-9-000btu-a-a-r32-serie-siesta-atxc25b-arxc25b\/#primaryimage"},"image":{"@id":"https:\/\/www.morenaelettrodomestici.com\/shop\/climatizzatore-daikin-9-000btu-a-a-r32-serie-siesta-atxc25b-arxc25b\/#primaryimage"},"thumbnailUrl":"https:\/\/www.morenaelettrodomestici.com\/wp-content\/uploads\/2024\/05\/Daikin_ATXC25B_ARXC25B_195167_0.jpg","datePublished":"2024-07-15T14:37:29+00:00","dateModified":"2025-07-05T06:24:24+00:00","description":"Acquista Climatizzatore Daikin 9.000btu A++\/A+ R32 Serie Siesta ATXC25B + ARXC25B su Morena Elettrodomestici. Il tuo Negozio di Fiducia online con prezzi competitivi e prodotti di alta qualit\u00e0!","breadcrumb":{"@id":"https:\/\/www.morenaelettrodomestici.com\/shop\/climatizzatore-daikin-9-000btu-a-a-r32-serie-siesta-atxc25b-arxc25b\/#breadcrumb"},"inLanguage":"en-GB","potentialAction":[{"@type":"ReadAction","target":["https:\/\/www.morenaelettrodomestici.com\/shop\/climatizzatore-daikin-9-000btu-a-a-r32-serie-siesta-atxc25b-arxc25b\/"]}]},{"@type":"ImageObject","inLanguage":"en-GB","@id":"https:\/\/www.morenaelettrodomestici.com\/shop\/climatizzatore-daikin-9-000btu-a-a-r32-serie-siesta-atxc25b-arxc25b\/#primaryimage","url":"https:\/\/www.morenaelettrodomestici.com\/wp-content\/uploads\/2024\/05\/Daikin_ATXC25B_ARXC25B_195167_0.jpg","contentUrl":"https:\/\/www.morenaelettrodomestici.com\/wp-content\/uploads\/2024\/05\/Daikin_ATXC25B_ARXC25B_195167_0.jpg","width":1252,"height":1252},{"@type":"BreadcrumbList","@id":"https:\/\/www.morenaelettrodomestici.com\/shop\/climatizzatore-daikin-9-000btu-a-a-r32-serie-siesta-atxc25b-arxc25b\/#breadcrumb","itemListElement":[{"@type":"ListItem","position":1,"name":"Home","item":"https:\/\/www.morenaelettrodomestici.com\/"},{"@type":"ListItem","position":2,"name":"Shop","item":"https:\/\/www.morenaelettrodomestici.com\/shop\/"},{"@type":"ListItem","position":3,"name":"Climatizzatore Daikin 9.000btu A++\/A+ R32 Serie Siesta ATXC25B + ARXC25B"}]},{"@type":"WebSite","@id":"https:\/\/www.morenaelettrodomestici.com\/#website","url":"https:\/\/www.morenaelettrodomestici.com\/","name":"Morena","description":"I migliori elettrodomestici a prezzi folli","publisher":{"@id":"https:\/\/www.morenaelettrodomestici.com\/#organization"},"potentialAction":[{"@type":"SearchAction","target":{"@type":"EntryPoint","urlTemplate":"https:\/\/www.morenaelettrodomestici.com\/?s={search_term_string}"},"query-input":{"@type":"PropertyValueSpecification","valueRequired":true,"valueName":"search_term_string"}}],"inLanguage":"en-GB"},{"@type":"Organization","@id":"https:\/\/www.morenaelettrodomestici.com\/#organization","name":"Morena Elettrodomestici","url":"https:\/\/www.morenaelettrodomestici.com\/","logo":{"@type":"ImageObject","inLanguage":"en-GB","@id":"https:\/\/www.morenaelettrodomestici.com\/#\/schema\/logo\/image\/","url":"https:\/\/www.morenaelettrodomestici.com\/wp-content\/uploads\/2024\/05\/logo_Morena_srls-TRASPARENTE.png","contentUrl":"https:\/\/www.morenaelettrodomestici.com\/wp-content\/uploads\/2024\/05\/logo_Morena_srls-TRASPARENTE.png","width":2264,"height":718,"caption":"Morena Elettrodomestici"},"image":{"@id":"https:\/\/www.morenaelettrodomestici.com\/#\/schema\/logo\/image\/"},"sameAs":["https:\/\/www.facebook.com\/morenaelettrodomestici\/","https:\/\/www.instagram.com\/morena.elettrodomestici\/","https:\/\/www.linkedin.com\/company-beta\/10507375\/","https:\/\/www.youtube.com\/channel\/UCgdTfdgRUeVEnhI2Z4GRlFA"]}]}},"_links":{"self":[{"href":"https:\/\/www.morenaelettrodomestici.com\/en\/wp-json\/wp\/v2\/product\/39234","targetHints":{"allow":["GET"]}}],"collection":[{"href":"https:\/\/www.morenaelettrodomestici.com\/en\/wp-json\/wp\/v2\/product"}],"about":[{"href":"https:\/\/www.morenaelettrodomestici.com\/en\/wp-json\/wp\/v2\/types\/product"}],"version-history":[{"count":2,"href":"https:\/\/www.morenaelettrodomestici.com\/en\/wp-json\/wp\/v2\/product\/39234\/revisions"}],"predecessor-version":[{"id":48535,"href":"https:\/\/www.morenaelettrodomestici.com\/en\/wp-json\/wp\/v2\/product\/39234\/revisions\/48535"}],"wp:featuredmedia":[{"embeddable":true,"href":"https:\/\/www.morenaelettrodomestici.com\/en\/wp-json\/wp\/v2\/media\/4976"}],"wp:attachment":[{"href":"https:\/\/www.morenaelettrodomestici.com\/en\/wp-json\/wp\/v2\/media?parent=39234"}],"wp:term":[{"taxonomy":"product_brand","embeddable":true,"href":"https:\/\/www.morenaelettrodomestici.com\/en\/wp-json\/wp\/v2\/product_brand?post=39234"},{"taxonomy":"product_cat","embeddable":true,"href":"https:\/\/www.morenaelettrodomestici.com\/en\/wp-json\/wp\/v2\/product_cat?post=39234"},{"taxonomy":"product_tag","embeddable":true,"href":"https:\/\/www.morenaelettrodomestici.com\/en\/wp-json\/wp\/v2\/product_tag?post=39234"}],"curies":[{"name":"wp","href":"https:\/\/api.w.org\/{rel}","templated":true}]}}