{"id":39285,"date":"2024-07-15T14:37:56","date_gmt":"2024-07-15T14:37:56","guid":{"rendered":"https:\/\/www.morenaelettrodomestici.com\/?post_type=product&#038;p=39285"},"modified":"2025-05-13T10:30:54","modified_gmt":"2025-05-13T10:30:54","slug":"tritatutto-girmi-300w-tr01","status":"publish","type":"product","link":"https:\/\/www.morenaelettrodomestici.com\/en\/shop\/tritatutto-girmi-300w-tr01\/","title":{"rendered":"Tristar BL-4009 Tritatutto"},"content":{"rendered":"<p>Il potente tritatutto Tristar BL-4009 da 200 watt \u00e8 adatto per tritare noci, frutta e verdura. Perch\u00e9 tritare a mano quando puoi farlo in pochi secondi.<\/p>\n<p><strong>Potente e funzionale<\/strong><br \/>Questo apparecchio ideale per la tua cucina ha due velocit\u00e0 di triturazione e miscelazione. Usa l&#8217;impostazione a bassa velocit\u00e0 per tagliare erbe, noci o cipolle. Con l&#8217;impostazione ad alta velocit\u00e0 puoi fare la purea di frutta e la salsa al curry fatta in casa.<\/p>\n<p><strong>Facile da usare<\/strong><br \/>Con la semplice pressione di un pulsante, la lama in acciaio inox miscela tutto nella ciotola da 0,6 litri collegata. Prepara verdure miste, una salsa gustosa o un frullato ricco di vitamine. La ciotola ha un pratico indicatore graduato per misurare anche i fluidi.<\/p>\n<p><strong>Un robusto tritatutto<\/strong><br \/>I piedini antiscivolo assicurano che il tritatutto rimanga in posizione mentre trita e miscela. Questo tritatutto compatto sar\u00e0 un vantaggio per la tua cucina.<\/p>\n<p><strong>Parti lavabili in lavastoviglie<\/strong><br \/>Dopo aver tritato i tuoi ingredienti preferiti con il tritatutto Tristar BL-4009, anche la pulizia \u00e8 un compito facile. Tutte le parti rimovibili sono lavabili in lavastoviglie per una facile pulizia.<\/p>\n<p><strong>Contenuto della confezione:<\/strong><br \/>Tritatutto Tristar, manuale di istruzioni<\/p>\n<p><strong>I motivi per scegliere il tritatutto Tristar BL-4009:<\/strong><\/p>\n<p>Il potente tritatutto Tristar BL-4009 da 200 watt \u00e8 adatto per tritare noci, frutta e verdura. Perch\u00e9 tritare a mano quando puoi farlo in pochi secondi.<\/p>\n<p><strong>Potente e funzionale<\/strong><br \/>Questo apparecchio ideale per la tua cucina ha due velocit\u00e0 di triturazione e miscelazione. Usa l&#8217;impostazione a bassa velocit\u00e0 per tagliare erbe, noci o cipolle. Con l&#8217;impostazione ad alta velocit\u00e0 puoi fare la purea di frutta e la salsa al curry fatta in casa.<\/p>\n<p><strong>Facile da usare<\/strong><br \/>Con la semplice pressione di un pulsante, la lama in acciaio inox miscela tutto nella ciotola da 0,6 litri collegata. Prepara verdure miste, una salsa gustosa o un frullato ricco di vitamine. La ciotola ha un pratico indicatore graduato per misurare anche i fluidi.<\/p>\n<p><strong>Un robusto tritatutto<\/strong><br \/>I piedini antiscivolo assicurano che il tritatutto rimanga in posizione mentre trita e miscela. Questo tritatutto compatto sar\u00e0 un vantaggio per la tua cucina.<\/p>\n<p><strong>Parti lavabili in lavastoviglie<\/strong><br \/>Dopo aver tritato i tuoi ingredienti preferiti con il tritatutto Tristar BL-4009, anche la pulizia \u00e8 un compito facile. Tutte le parti rimovibili sono lavabili in lavastoviglie per una facile pulizia.<\/p>\n<p><strong>Contenuto della confezione:<\/strong><br \/>Tritatutto Tristar, manuale di istruzioni<\/p>\n<p><strong>I motivi per scegliere il tritatutto Tristar BL-4009:<\/strong><\/p>\n<ul>\n<li>Trita noci, frutta e verdura in pochi secondi<\/li>\n<li>Due impostazioni di velocit\u00e0 per tritare e miscelare<\/li>\n<li>Prepara deliziose salse, frullati e salsa al curry nella ciotola da 600 ml<\/li>\n<li>Facile da pulire grazie alle parti lavabili in lavastoviglie<\/li>\n<\/ul>","protected":false},"excerpt":{"rendered":"<p>&nbsp;<\/p>\n<ul>\n<li>Trita noci, frutta e verdura in pochi secondi<\/li>\n<li>200w<\/li>\n<li>Due impostazioni di velocit\u00e0 per tritare e miscelare<\/li>\n<li>Prepara deliziose salse, frullati e salsa al curry nella ciotola da 600 ml<\/li>\n<li>Facile da pulire grazie alle parti lavabili in lavastoviglie<\/li>\n<\/ul>","protected":false},"featured_media":49345,"template":"","meta":[],"product_brand":[],"product_cat":[141,102],"product_tag":[443,524],"class_list":{"0":"post-39285","1":"product","2":"type-product","3":"status-publish","4":"has-post-thumbnail","6":"product_cat-mixer","7":"product_cat-piccoli-elettrodomestici","8":"product_tag-girmi","9":"product_tag-tritatutto","10":"pa_marca-tristar","12":"first","13":"instock","14":"sale","15":"purchasable","16":"product-type-simple"},"yoast_head":"<!-- This site is optimized with the Yoast SEO plugin v25.5 - https:\/\/yoast.com\/wordpress\/plugins\/seo\/ -->\n<title>Tristar BL-4009 Tritatutto - Morena Elettrodomestici<\/title>\n<meta name=\"description\" content=\"Acquista Tristar BL-4009 Tritatutto su Morena Elettrodomestici. Il tuo Negozio di Fiducia online con prezzi competitivi e prodotti di alta qualit\u00e0!\" \/>\n<meta name=\"robots\" content=\"index, follow, max-snippet:-1, max-image-preview:large, max-video-preview:-1\" \/>\n<link rel=\"canonical\" href=\"https:\/\/www.morenaelettrodomestici.com\/en\/shop\/tritatutto-girmi-300w-tr01\/\" \/>\n<meta property=\"og:locale\" content=\"en_GB\" \/>\n<meta property=\"og:type\" content=\"article\" \/>\n<meta property=\"og:title\" content=\"Tristar BL-4009 Tritatutto - Morena Elettrodomestici\" \/>\n<meta property=\"og:description\" content=\"Acquista Tristar BL-4009 Tritatutto su Morena Elettrodomestici. Il tuo Negozio di Fiducia online con prezzi competitivi e prodotti di alta qualit\u00e0!\" \/>\n<meta property=\"og:url\" content=\"https:\/\/www.morenaelettrodomestici.com\/en\/shop\/tritatutto-girmi-300w-tr01\/\" \/>\n<meta property=\"og:site_name\" content=\"Morena Elettrodomestici\" \/>\n<meta property=\"article:publisher\" content=\"https:\/\/www.facebook.com\/morenaelettrodomestici\/\" \/>\n<meta property=\"article:modified_time\" content=\"2025-05-13T10:30:54+00:00\" \/>\n<meta property=\"og:image\" content=\"https:\/\/www.morenaelettrodomestici.com\/wp-content\/uploads\/2025\/05\/9191.jpg\" \/>\n\t<meta property=\"og:image:width\" content=\"300\" \/>\n\t<meta property=\"og:image:height\" content=\"300\" \/>\n\t<meta property=\"og:image:type\" content=\"image\/jpeg\" \/>\n<meta name=\"twitter:card\" content=\"summary_large_image\" \/>\n<meta name=\"twitter:label1\" content=\"Estimated reading time\" \/>\n\t<meta name=\"twitter:data1\" content=\"2 minutes\" \/>\n<script type=\"application\/ld+json\" class=\"yoast-schema-graph\">{\"@context\":\"https:\/\/schema.org\",\"@graph\":[{\"@type\":\"WebPage\",\"@id\":\"https:\/\/www.morenaelettrodomestici.com\/shop\/tritatutto-girmi-300w-tr01\/\",\"url\":\"https:\/\/www.morenaelettrodomestici.com\/shop\/tritatutto-girmi-300w-tr01\/\",\"name\":\"Tristar BL-4009 Tritatutto - Morena Elettrodomestici\",\"isPartOf\":{\"@id\":\"https:\/\/www.morenaelettrodomestici.com\/#website\"},\"primaryImageOfPage\":{\"@id\":\"https:\/\/www.morenaelettrodomestici.com\/shop\/tritatutto-girmi-300w-tr01\/#primaryimage\"},\"image\":{\"@id\":\"https:\/\/www.morenaelettrodomestici.com\/shop\/tritatutto-girmi-300w-tr01\/#primaryimage\"},\"thumbnailUrl\":\"https:\/\/www.morenaelettrodomestici.com\/wp-content\/uploads\/2025\/05\/9191.jpg\",\"datePublished\":\"2024-07-15T14:37:56+00:00\",\"dateModified\":\"2025-05-13T10:30:54+00:00\",\"description\":\"Acquista Tristar BL-4009 Tritatutto su Morena Elettrodomestici. Il tuo Negozio di Fiducia online con prezzi competitivi e prodotti di alta qualit\u00e0!\",\"breadcrumb\":{\"@id\":\"https:\/\/www.morenaelettrodomestici.com\/shop\/tritatutto-girmi-300w-tr01\/#breadcrumb\"},\"inLanguage\":\"en-GB\",\"potentialAction\":[{\"@type\":\"ReadAction\",\"target\":[\"https:\/\/www.morenaelettrodomestici.com\/shop\/tritatutto-girmi-300w-tr01\/\"]}]},{\"@type\":\"ImageObject\",\"inLanguage\":\"en-GB\",\"@id\":\"https:\/\/www.morenaelettrodomestici.com\/shop\/tritatutto-girmi-300w-tr01\/#primaryimage\",\"url\":\"https:\/\/www.morenaelettrodomestici.com\/wp-content\/uploads\/2025\/05\/9191.jpg\",\"contentUrl\":\"https:\/\/www.morenaelettrodomestici.com\/wp-content\/uploads\/2025\/05\/9191.jpg\",\"width\":300,\"height\":300},{\"@type\":\"BreadcrumbList\",\"@id\":\"https:\/\/www.morenaelettrodomestici.com\/shop\/tritatutto-girmi-300w-tr01\/#breadcrumb\",\"itemListElement\":[{\"@type\":\"ListItem\",\"position\":1,\"name\":\"Home\",\"item\":\"https:\/\/www.morenaelettrodomestici.com\/\"},{\"@type\":\"ListItem\",\"position\":2,\"name\":\"Shop\",\"item\":\"https:\/\/www.morenaelettrodomestici.com\/shop\/\"},{\"@type\":\"ListItem\",\"position\":3,\"name\":\"Tristar BL-4009 Tritatutto\"}]},{\"@type\":\"WebSite\",\"@id\":\"https:\/\/www.morenaelettrodomestici.com\/#website\",\"url\":\"https:\/\/www.morenaelettrodomestici.com\/\",\"name\":\"Morena\",\"description\":\"I migliori elettrodomestici a prezzi folli\",\"publisher\":{\"@id\":\"https:\/\/www.morenaelettrodomestici.com\/#organization\"},\"potentialAction\":[{\"@type\":\"SearchAction\",\"target\":{\"@type\":\"EntryPoint\",\"urlTemplate\":\"https:\/\/www.morenaelettrodomestici.com\/?s={search_term_string}\"},\"query-input\":{\"@type\":\"PropertyValueSpecification\",\"valueRequired\":true,\"valueName\":\"search_term_string\"}}],\"inLanguage\":\"en-GB\"},{\"@type\":\"Organization\",\"@id\":\"https:\/\/www.morenaelettrodomestici.com\/#organization\",\"name\":\"Morena Elettrodomestici\",\"url\":\"https:\/\/www.morenaelettrodomestici.com\/\",\"logo\":{\"@type\":\"ImageObject\",\"inLanguage\":\"en-GB\",\"@id\":\"https:\/\/www.morenaelettrodomestici.com\/#\/schema\/logo\/image\/\",\"url\":\"https:\/\/www.morenaelettrodomestici.com\/wp-content\/uploads\/2024\/05\/logo_Morena_srls-TRASPARENTE.png\",\"contentUrl\":\"https:\/\/www.morenaelettrodomestici.com\/wp-content\/uploads\/2024\/05\/logo_Morena_srls-TRASPARENTE.png\",\"width\":2264,\"height\":718,\"caption\":\"Morena Elettrodomestici\"},\"image\":{\"@id\":\"https:\/\/www.morenaelettrodomestici.com\/#\/schema\/logo\/image\/\"},\"sameAs\":[\"https:\/\/www.facebook.com\/morenaelettrodomestici\/\",\"https:\/\/www.instagram.com\/morena.elettrodomestici\/\",\"https:\/\/www.linkedin.com\/company-beta\/10507375\/\",\"https:\/\/www.youtube.com\/channel\/UCgdTfdgRUeVEnhI2Z4GRlFA\"]}]}<\/script>\n<!-- \/ Yoast SEO plugin. -->","yoast_head_json":{"title":"Tristar BL-4009 Tritatutto - Morena Elettrodomestici","description":"Acquista Tristar BL-4009 Tritatutto su Morena Elettrodomestici. Il tuo Negozio di Fiducia online con prezzi competitivi e prodotti di alta qualit\u00e0!","robots":{"index":"index","follow":"follow","max-snippet":"max-snippet:-1","max-image-preview":"max-image-preview:large","max-video-preview":"max-video-preview:-1"},"canonical":"https:\/\/www.morenaelettrodomestici.com\/en\/shop\/tritatutto-girmi-300w-tr01\/","og_locale":"en_GB","og_type":"article","og_title":"Tristar BL-4009 Tritatutto - Morena Elettrodomestici","og_description":"Acquista Tristar BL-4009 Tritatutto su Morena Elettrodomestici. Il tuo Negozio di Fiducia online con prezzi competitivi e prodotti di alta qualit\u00e0!","og_url":"https:\/\/www.morenaelettrodomestici.com\/en\/shop\/tritatutto-girmi-300w-tr01\/","og_site_name":"Morena Elettrodomestici","article_publisher":"https:\/\/www.facebook.com\/morenaelettrodomestici\/","article_modified_time":"2025-05-13T10:30:54+00:00","og_image":[{"width":300,"height":300,"url":"https:\/\/www.morenaelettrodomestici.com\/wp-content\/uploads\/2025\/05\/9191.jpg","type":"image\/jpeg"}],"twitter_card":"summary_large_image","twitter_misc":{"Estimated reading time":"2 minutes"},"schema":{"@context":"https:\/\/schema.org","@graph":[{"@type":"WebPage","@id":"https:\/\/www.morenaelettrodomestici.com\/shop\/tritatutto-girmi-300w-tr01\/","url":"https:\/\/www.morenaelettrodomestici.com\/shop\/tritatutto-girmi-300w-tr01\/","name":"Tristar BL-4009 Tritatutto - Morena Elettrodomestici","isPartOf":{"@id":"https:\/\/www.morenaelettrodomestici.com\/#website"},"primaryImageOfPage":{"@id":"https:\/\/www.morenaelettrodomestici.com\/shop\/tritatutto-girmi-300w-tr01\/#primaryimage"},"image":{"@id":"https:\/\/www.morenaelettrodomestici.com\/shop\/tritatutto-girmi-300w-tr01\/#primaryimage"},"thumbnailUrl":"https:\/\/www.morenaelettrodomestici.com\/wp-content\/uploads\/2025\/05\/9191.jpg","datePublished":"2024-07-15T14:37:56+00:00","dateModified":"2025-05-13T10:30:54+00:00","description":"Acquista Tristar BL-4009 Tritatutto su Morena Elettrodomestici. Il tuo Negozio di Fiducia online con prezzi competitivi e prodotti di alta qualit\u00e0!","breadcrumb":{"@id":"https:\/\/www.morenaelettrodomestici.com\/shop\/tritatutto-girmi-300w-tr01\/#breadcrumb"},"inLanguage":"en-GB","potentialAction":[{"@type":"ReadAction","target":["https:\/\/www.morenaelettrodomestici.com\/shop\/tritatutto-girmi-300w-tr01\/"]}]},{"@type":"ImageObject","inLanguage":"en-GB","@id":"https:\/\/www.morenaelettrodomestici.com\/shop\/tritatutto-girmi-300w-tr01\/#primaryimage","url":"https:\/\/www.morenaelettrodomestici.com\/wp-content\/uploads\/2025\/05\/9191.jpg","contentUrl":"https:\/\/www.morenaelettrodomestici.com\/wp-content\/uploads\/2025\/05\/9191.jpg","width":300,"height":300},{"@type":"BreadcrumbList","@id":"https:\/\/www.morenaelettrodomestici.com\/shop\/tritatutto-girmi-300w-tr01\/#breadcrumb","itemListElement":[{"@type":"ListItem","position":1,"name":"Home","item":"https:\/\/www.morenaelettrodomestici.com\/"},{"@type":"ListItem","position":2,"name":"Shop","item":"https:\/\/www.morenaelettrodomestici.com\/shop\/"},{"@type":"ListItem","position":3,"name":"Tristar BL-4009 Tritatutto"}]},{"@type":"WebSite","@id":"https:\/\/www.morenaelettrodomestici.com\/#website","url":"https:\/\/www.morenaelettrodomestici.com\/","name":"Morena","description":"I migliori elettrodomestici a prezzi folli","publisher":{"@id":"https:\/\/www.morenaelettrodomestici.com\/#organization"},"potentialAction":[{"@type":"SearchAction","target":{"@type":"EntryPoint","urlTemplate":"https:\/\/www.morenaelettrodomestici.com\/?s={search_term_string}"},"query-input":{"@type":"PropertyValueSpecification","valueRequired":true,"valueName":"search_term_string"}}],"inLanguage":"en-GB"},{"@type":"Organization","@id":"https:\/\/www.morenaelettrodomestici.com\/#organization","name":"Morena Elettrodomestici","url":"https:\/\/www.morenaelettrodomestici.com\/","logo":{"@type":"ImageObject","inLanguage":"en-GB","@id":"https:\/\/www.morenaelettrodomestici.com\/#\/schema\/logo\/image\/","url":"https:\/\/www.morenaelettrodomestici.com\/wp-content\/uploads\/2024\/05\/logo_Morena_srls-TRASPARENTE.png","contentUrl":"https:\/\/www.morenaelettrodomestici.com\/wp-content\/uploads\/2024\/05\/logo_Morena_srls-TRASPARENTE.png","width":2264,"height":718,"caption":"Morena Elettrodomestici"},"image":{"@id":"https:\/\/www.morenaelettrodomestici.com\/#\/schema\/logo\/image\/"},"sameAs":["https:\/\/www.facebook.com\/morenaelettrodomestici\/","https:\/\/www.instagram.com\/morena.elettrodomestici\/","https:\/\/www.linkedin.com\/company-beta\/10507375\/","https:\/\/www.youtube.com\/channel\/UCgdTfdgRUeVEnhI2Z4GRlFA"]}]}},"_links":{"self":[{"href":"https:\/\/www.morenaelettrodomestici.com\/en\/wp-json\/wp\/v2\/product\/39285","targetHints":{"allow":["GET"]}}],"collection":[{"href":"https:\/\/www.morenaelettrodomestici.com\/en\/wp-json\/wp\/v2\/product"}],"about":[{"href":"https:\/\/www.morenaelettrodomestici.com\/en\/wp-json\/wp\/v2\/types\/product"}],"version-history":[{"count":3,"href":"https:\/\/www.morenaelettrodomestici.com\/en\/wp-json\/wp\/v2\/product\/39285\/revisions"}],"predecessor-version":[{"id":49347,"href":"https:\/\/www.morenaelettrodomestici.com\/en\/wp-json\/wp\/v2\/product\/39285\/revisions\/49347"}],"wp:featuredmedia":[{"embeddable":true,"href":"https:\/\/www.morenaelettrodomestici.com\/en\/wp-json\/wp\/v2\/media\/49345"}],"wp:attachment":[{"href":"https:\/\/www.morenaelettrodomestici.com\/en\/wp-json\/wp\/v2\/media?parent=39285"}],"wp:term":[{"taxonomy":"product_brand","embeddable":true,"href":"https:\/\/www.morenaelettrodomestici.com\/en\/wp-json\/wp\/v2\/product_brand?post=39285"},{"taxonomy":"product_cat","embeddable":true,"href":"https:\/\/www.morenaelettrodomestici.com\/en\/wp-json\/wp\/v2\/product_cat?post=39285"},{"taxonomy":"product_tag","embeddable":true,"href":"https:\/\/www.morenaelettrodomestici.com\/en\/wp-json\/wp\/v2\/product_tag?post=39285"}],"curies":[{"name":"wp","href":"https:\/\/api.w.org\/{rel}","templated":true}]}}