{"id":39293,"date":"2024-07-15T14:38:00","date_gmt":"2024-07-15T14:38:00","guid":{"rendered":"https:\/\/www.morenaelettrodomestici.com\/?post_type=product&#038;p=39293"},"modified":"2025-04-18T16:17:51","modified_gmt":"2025-04-18T16:17:51","slug":"piano-cottura-samsung-60cm-inox-ghisa-4-fuochi-na64h3010as","status":"publish","type":"product","link":"https:\/\/www.morenaelettrodomestici.com\/en\/shop\/piano-cottura-samsung-60cm-inox-ghisa-4-fuochi-na64h3010as\/","title":{"rendered":"NA64H3010AS Piano cottura Samsung 60cm inox ghisa 4 fuochi"},"content":{"rendered":"<p>Il piano cottura a gas ha 4 fornelli che erogano una potenza impressionante di 8.3 kW, ed \u00e8 uno dei pi\u00f9 potenti della sua categoria. Puoi cuocere in modo veloce e far rosolare o arrostire le tue pietanze. Puoi far bollire l&#8217;acqua e far cuocere i tuoi piatti molto pi\u00f9 rapidamente. Quindi se sei di fretta o vuoi sbizzarrirti in cucina questo \u00e8 il fornello giusto per ogni tua esigenza di cottura. Il piano cottura Samsung \u00e8 dotato di una griglia studiata appositamente per spostare le pentole in tutta facilit\u00e0 e sicurezza. Puoi far scorrere anche le pentole e le padelle pi\u00f9 pesanti sulla griglia senza il bisogno di sollevarle. Il piano cottura \u00e8 dotato di indicatori che ti mostrano quando la pentola \u00e8 ben posizionata sul fornello. La pulizia delle griglie non \u00e8 stata mai cos\u00ec semplice. Grazie alle dimensioni compatte, tutti i pezzi possono essere messi in lavastoviglie senza problemi rendendo cos\u00ec la tua cucina impeccabilmente pulita.<\/p>","protected":false},"excerpt":{"rendered":"<p>\u2018- N\u00b0 zone di cottura: 4<br \/>\u2013 Materiale piano: Acciaio inox<br \/>\u2013 potenza totale 9,5kw<br \/>\u2013 Dimensioni (LxP) 60x51cm<br \/>\u2013 Con accensione elettronica e protezione valvola di sicurezza<br \/>\u2013 Alimentazione: Metano (possibilit\u00e0 di conversione in GPL)<br \/>\u2013 Griglie scomponibili e lavabili in lavastoviglie<\/p>","protected":false},"featured_media":5147,"template":"","meta":[],"product_brand":[],"product_cat":[123],"product_tag":[121,125,535],"class_list":{"0":"post-39293","1":"product","2":"type-product","3":"status-publish","4":"has-post-thumbnail","6":"product_cat-piano-cottura-60","7":"product_tag-piano-cottura-gas","8":"product_tag-piano-cottura-gas-60cm","9":"product_tag-piano-cottura-samsung","10":"pa_alimentazione-gas","11":"pa_colore-acciaio-inox","12":"pa_larghezza-60cm","13":"pa_marca-samsung","15":"first","16":"instock","17":"sale","18":"purchasable","19":"product-type-simple"},"yoast_head":"<!-- This site is optimized with the Yoast SEO plugin v27.5 - https:\/\/yoast.com\/product\/yoast-seo-wordpress\/ -->\n<title>NA64H3010AS Piano cottura Samsung 60cm inox ghisa 4 fuochi - Morena Elettrodomestici<\/title>\n<meta name=\"description\" content=\"Acquista NA64H3010AS Piano cottura Samsung 60cm inox ghisa 4 fuochi su Morena Elettrodomestici. Il tuo Negozio di Fiducia online con prezzi competitivi e prodotti di alta qualit\u00e0!\" \/>\n<meta name=\"robots\" content=\"index, follow, max-snippet:-1, max-image-preview:large, max-video-preview:-1\" \/>\n<link rel=\"canonical\" href=\"https:\/\/www.morenaelettrodomestici.com\/en\/shop\/piano-cottura-samsung-60cm-inox-ghisa-4-fuochi-na64h3010as\/\" \/>\n<meta property=\"og:locale\" content=\"en_GB\" \/>\n<meta property=\"og:type\" content=\"article\" \/>\n<meta property=\"og:title\" content=\"NA64H3010AS Piano cottura Samsung 60cm inox ghisa 4 fuochi - Morena Elettrodomestici\" \/>\n<meta property=\"og:description\" content=\"Acquista NA64H3010AS Piano cottura Samsung 60cm inox ghisa 4 fuochi su Morena Elettrodomestici. Il tuo Negozio di Fiducia online con prezzi competitivi e prodotti di alta qualit\u00e0!\" \/>\n<meta property=\"og:url\" content=\"https:\/\/www.morenaelettrodomestici.com\/en\/shop\/piano-cottura-samsung-60cm-inox-ghisa-4-fuochi-na64h3010as\/\" \/>\n<meta property=\"og:site_name\" content=\"Morena Elettrodomestici\" \/>\n<meta property=\"article:publisher\" content=\"https:\/\/www.facebook.com\/morenaelettrodomestici\/\" \/>\n<meta property=\"article:modified_time\" content=\"2025-04-18T16:17:51+00:00\" \/>\n<meta property=\"og:image\" content=\"https:\/\/www.morenaelettrodomestici.com\/wp-content\/uploads\/2024\/05\/Piano-cottura-Samsung-60cm-inox.jpg\" \/>\n\t<meta property=\"og:image:width\" content=\"480\" \/>\n\t<meta property=\"og:image:height\" content=\"480\" \/>\n\t<meta property=\"og:image:type\" content=\"image\/jpeg\" \/>\n<meta name=\"twitter:card\" content=\"summary_large_image\" \/>\n<meta name=\"twitter:label1\" content=\"Estimated reading time\" \/>\n\t<meta name=\"twitter:data1\" content=\"1 minute\" \/>\n<script type=\"application\/ld+json\" class=\"yoast-schema-graph\">{\"@context\":\"https:\\\/\\\/schema.org\",\"@graph\":[{\"@type\":\"WebPage\",\"@id\":\"https:\\\/\\\/www.morenaelettrodomestici.com\\\/shop\\\/piano-cottura-samsung-60cm-inox-ghisa-4-fuochi-na64h3010as\\\/\",\"url\":\"https:\\\/\\\/www.morenaelettrodomestici.com\\\/shop\\\/piano-cottura-samsung-60cm-inox-ghisa-4-fuochi-na64h3010as\\\/\",\"name\":\"NA64H3010AS Piano cottura Samsung 60cm inox ghisa 4 fuochi - Morena Elettrodomestici\",\"isPartOf\":{\"@id\":\"https:\\\/\\\/www.morenaelettrodomestici.com\\\/#website\"},\"primaryImageOfPage\":{\"@id\":\"https:\\\/\\\/www.morenaelettrodomestici.com\\\/shop\\\/piano-cottura-samsung-60cm-inox-ghisa-4-fuochi-na64h3010as\\\/#primaryimage\"},\"image\":{\"@id\":\"https:\\\/\\\/www.morenaelettrodomestici.com\\\/shop\\\/piano-cottura-samsung-60cm-inox-ghisa-4-fuochi-na64h3010as\\\/#primaryimage\"},\"thumbnailUrl\":\"https:\\\/\\\/www.morenaelettrodomestici.com\\\/wp-content\\\/uploads\\\/2024\\\/05\\\/Piano-cottura-Samsung-60cm-inox.jpg\",\"datePublished\":\"2024-07-15T14:38:00+00:00\",\"dateModified\":\"2025-04-18T16:17:51+00:00\",\"description\":\"Acquista NA64H3010AS Piano cottura Samsung 60cm inox ghisa 4 fuochi su Morena Elettrodomestici. Il tuo Negozio di Fiducia online con prezzi competitivi e prodotti di alta qualit\u00e0!\",\"breadcrumb\":{\"@id\":\"https:\\\/\\\/www.morenaelettrodomestici.com\\\/shop\\\/piano-cottura-samsung-60cm-inox-ghisa-4-fuochi-na64h3010as\\\/#breadcrumb\"},\"inLanguage\":\"en-GB\",\"potentialAction\":[{\"@type\":\"ReadAction\",\"target\":[\"https:\\\/\\\/www.morenaelettrodomestici.com\\\/shop\\\/piano-cottura-samsung-60cm-inox-ghisa-4-fuochi-na64h3010as\\\/\"]}]},{\"@type\":\"ImageObject\",\"inLanguage\":\"en-GB\",\"@id\":\"https:\\\/\\\/www.morenaelettrodomestici.com\\\/shop\\\/piano-cottura-samsung-60cm-inox-ghisa-4-fuochi-na64h3010as\\\/#primaryimage\",\"url\":\"https:\\\/\\\/www.morenaelettrodomestici.com\\\/wp-content\\\/uploads\\\/2024\\\/05\\\/Piano-cottura-Samsung-60cm-inox.jpg\",\"contentUrl\":\"https:\\\/\\\/www.morenaelettrodomestici.com\\\/wp-content\\\/uploads\\\/2024\\\/05\\\/Piano-cottura-Samsung-60cm-inox.jpg\",\"width\":480,\"height\":480},{\"@type\":\"BreadcrumbList\",\"@id\":\"https:\\\/\\\/www.morenaelettrodomestici.com\\\/shop\\\/piano-cottura-samsung-60cm-inox-ghisa-4-fuochi-na64h3010as\\\/#breadcrumb\",\"itemListElement\":[{\"@type\":\"ListItem\",\"position\":1,\"name\":\"Home\",\"item\":\"https:\\\/\\\/www.morenaelettrodomestici.com\\\/\"},{\"@type\":\"ListItem\",\"position\":2,\"name\":\"Shop\",\"item\":\"https:\\\/\\\/www.morenaelettrodomestici.com\\\/shop\\\/\"},{\"@type\":\"ListItem\",\"position\":3,\"name\":\"NA64H3010AS Piano cottura Samsung 60cm inox ghisa 4 fuochi\"}]},{\"@type\":\"WebSite\",\"@id\":\"https:\\\/\\\/www.morenaelettrodomestici.com\\\/#website\",\"url\":\"https:\\\/\\\/www.morenaelettrodomestici.com\\\/\",\"name\":\"Morena\",\"description\":\"I migliori elettrodomestici a prezzi folli\",\"publisher\":{\"@id\":\"https:\\\/\\\/www.morenaelettrodomestici.com\\\/#organization\"},\"potentialAction\":[{\"@type\":\"SearchAction\",\"target\":{\"@type\":\"EntryPoint\",\"urlTemplate\":\"https:\\\/\\\/www.morenaelettrodomestici.com\\\/?s={search_term_string}\"},\"query-input\":{\"@type\":\"PropertyValueSpecification\",\"valueRequired\":true,\"valueName\":\"search_term_string\"}}],\"inLanguage\":\"en-GB\"},{\"@type\":\"Organization\",\"@id\":\"https:\\\/\\\/www.morenaelettrodomestici.com\\\/#organization\",\"name\":\"Morena Elettrodomestici\",\"url\":\"https:\\\/\\\/www.morenaelettrodomestici.com\\\/\",\"logo\":{\"@type\":\"ImageObject\",\"inLanguage\":\"en-GB\",\"@id\":\"https:\\\/\\\/www.morenaelettrodomestici.com\\\/#\\\/schema\\\/logo\\\/image\\\/\",\"url\":\"https:\\\/\\\/www.morenaelettrodomestici.com\\\/wp-content\\\/uploads\\\/2024\\\/05\\\/logo_Morena_srls-TRASPARENTE.png\",\"contentUrl\":\"https:\\\/\\\/www.morenaelettrodomestici.com\\\/wp-content\\\/uploads\\\/2024\\\/05\\\/logo_Morena_srls-TRASPARENTE.png\",\"width\":2264,\"height\":718,\"caption\":\"Morena Elettrodomestici\"},\"image\":{\"@id\":\"https:\\\/\\\/www.morenaelettrodomestici.com\\\/#\\\/schema\\\/logo\\\/image\\\/\"},\"sameAs\":[\"https:\\\/\\\/www.facebook.com\\\/morenaelettrodomestici\\\/\",\"https:\\\/\\\/www.instagram.com\\\/morena.elettrodomestici\\\/\",\"https:\\\/\\\/www.linkedin.com\\\/company-beta\\\/10507375\\\/\",\"https:\\\/\\\/www.youtube.com\\\/channel\\\/UCgdTfdgRUeVEnhI2Z4GRlFA\"]}]}<\/script>\n<!-- \/ Yoast SEO plugin. -->","yoast_head_json":{"title":"NA64H3010AS Piano cottura Samsung 60cm inox ghisa 4 fuochi - Morena Elettrodomestici","description":"Acquista NA64H3010AS Piano cottura Samsung 60cm inox ghisa 4 fuochi su Morena Elettrodomestici. Il tuo Negozio di Fiducia online con prezzi competitivi e prodotti di alta qualit\u00e0!","robots":{"index":"index","follow":"follow","max-snippet":"max-snippet:-1","max-image-preview":"max-image-preview:large","max-video-preview":"max-video-preview:-1"},"canonical":"https:\/\/www.morenaelettrodomestici.com\/en\/shop\/piano-cottura-samsung-60cm-inox-ghisa-4-fuochi-na64h3010as\/","og_locale":"en_GB","og_type":"article","og_title":"NA64H3010AS Piano cottura Samsung 60cm inox ghisa 4 fuochi - Morena Elettrodomestici","og_description":"Acquista NA64H3010AS Piano cottura Samsung 60cm inox ghisa 4 fuochi su Morena Elettrodomestici. Il tuo Negozio di Fiducia online con prezzi competitivi e prodotti di alta qualit\u00e0!","og_url":"https:\/\/www.morenaelettrodomestici.com\/en\/shop\/piano-cottura-samsung-60cm-inox-ghisa-4-fuochi-na64h3010as\/","og_site_name":"Morena Elettrodomestici","article_publisher":"https:\/\/www.facebook.com\/morenaelettrodomestici\/","article_modified_time":"2025-04-18T16:17:51+00:00","og_image":[{"width":480,"height":480,"url":"https:\/\/www.morenaelettrodomestici.com\/wp-content\/uploads\/2024\/05\/Piano-cottura-Samsung-60cm-inox.jpg","type":"image\/jpeg"}],"twitter_card":"summary_large_image","twitter_misc":{"Estimated reading time":"1 minute"},"schema":{"@context":"https:\/\/schema.org","@graph":[{"@type":"WebPage","@id":"https:\/\/www.morenaelettrodomestici.com\/shop\/piano-cottura-samsung-60cm-inox-ghisa-4-fuochi-na64h3010as\/","url":"https:\/\/www.morenaelettrodomestici.com\/shop\/piano-cottura-samsung-60cm-inox-ghisa-4-fuochi-na64h3010as\/","name":"NA64H3010AS Piano cottura Samsung 60cm inox ghisa 4 fuochi - Morena Elettrodomestici","isPartOf":{"@id":"https:\/\/www.morenaelettrodomestici.com\/#website"},"primaryImageOfPage":{"@id":"https:\/\/www.morenaelettrodomestici.com\/shop\/piano-cottura-samsung-60cm-inox-ghisa-4-fuochi-na64h3010as\/#primaryimage"},"image":{"@id":"https:\/\/www.morenaelettrodomestici.com\/shop\/piano-cottura-samsung-60cm-inox-ghisa-4-fuochi-na64h3010as\/#primaryimage"},"thumbnailUrl":"https:\/\/www.morenaelettrodomestici.com\/wp-content\/uploads\/2024\/05\/Piano-cottura-Samsung-60cm-inox.jpg","datePublished":"2024-07-15T14:38:00+00:00","dateModified":"2025-04-18T16:17:51+00:00","description":"Acquista NA64H3010AS Piano cottura Samsung 60cm inox ghisa 4 fuochi su Morena Elettrodomestici. Il tuo Negozio di Fiducia online con prezzi competitivi e prodotti di alta qualit\u00e0!","breadcrumb":{"@id":"https:\/\/www.morenaelettrodomestici.com\/shop\/piano-cottura-samsung-60cm-inox-ghisa-4-fuochi-na64h3010as\/#breadcrumb"},"inLanguage":"en-GB","potentialAction":[{"@type":"ReadAction","target":["https:\/\/www.morenaelettrodomestici.com\/shop\/piano-cottura-samsung-60cm-inox-ghisa-4-fuochi-na64h3010as\/"]}]},{"@type":"ImageObject","inLanguage":"en-GB","@id":"https:\/\/www.morenaelettrodomestici.com\/shop\/piano-cottura-samsung-60cm-inox-ghisa-4-fuochi-na64h3010as\/#primaryimage","url":"https:\/\/www.morenaelettrodomestici.com\/wp-content\/uploads\/2024\/05\/Piano-cottura-Samsung-60cm-inox.jpg","contentUrl":"https:\/\/www.morenaelettrodomestici.com\/wp-content\/uploads\/2024\/05\/Piano-cottura-Samsung-60cm-inox.jpg","width":480,"height":480},{"@type":"BreadcrumbList","@id":"https:\/\/www.morenaelettrodomestici.com\/shop\/piano-cottura-samsung-60cm-inox-ghisa-4-fuochi-na64h3010as\/#breadcrumb","itemListElement":[{"@type":"ListItem","position":1,"name":"Home","item":"https:\/\/www.morenaelettrodomestici.com\/"},{"@type":"ListItem","position":2,"name":"Shop","item":"https:\/\/www.morenaelettrodomestici.com\/shop\/"},{"@type":"ListItem","position":3,"name":"NA64H3010AS Piano cottura Samsung 60cm inox ghisa 4 fuochi"}]},{"@type":"WebSite","@id":"https:\/\/www.morenaelettrodomestici.com\/#website","url":"https:\/\/www.morenaelettrodomestici.com\/","name":"Morena","description":"I migliori elettrodomestici a prezzi folli","publisher":{"@id":"https:\/\/www.morenaelettrodomestici.com\/#organization"},"potentialAction":[{"@type":"SearchAction","target":{"@type":"EntryPoint","urlTemplate":"https:\/\/www.morenaelettrodomestici.com\/?s={search_term_string}"},"query-input":{"@type":"PropertyValueSpecification","valueRequired":true,"valueName":"search_term_string"}}],"inLanguage":"en-GB"},{"@type":"Organization","@id":"https:\/\/www.morenaelettrodomestici.com\/#organization","name":"Morena Elettrodomestici","url":"https:\/\/www.morenaelettrodomestici.com\/","logo":{"@type":"ImageObject","inLanguage":"en-GB","@id":"https:\/\/www.morenaelettrodomestici.com\/#\/schema\/logo\/image\/","url":"https:\/\/www.morenaelettrodomestici.com\/wp-content\/uploads\/2024\/05\/logo_Morena_srls-TRASPARENTE.png","contentUrl":"https:\/\/www.morenaelettrodomestici.com\/wp-content\/uploads\/2024\/05\/logo_Morena_srls-TRASPARENTE.png","width":2264,"height":718,"caption":"Morena Elettrodomestici"},"image":{"@id":"https:\/\/www.morenaelettrodomestici.com\/#\/schema\/logo\/image\/"},"sameAs":["https:\/\/www.facebook.com\/morenaelettrodomestici\/","https:\/\/www.instagram.com\/morena.elettrodomestici\/","https:\/\/www.linkedin.com\/company-beta\/10507375\/","https:\/\/www.youtube.com\/channel\/UCgdTfdgRUeVEnhI2Z4GRlFA"]}]}},"_links":{"self":[{"href":"https:\/\/www.morenaelettrodomestici.com\/en\/wp-json\/wp\/v2\/product\/39293","targetHints":{"allow":["GET"]}}],"collection":[{"href":"https:\/\/www.morenaelettrodomestici.com\/en\/wp-json\/wp\/v2\/product"}],"about":[{"href":"https:\/\/www.morenaelettrodomestici.com\/en\/wp-json\/wp\/v2\/types\/product"}],"version-history":[{"count":2,"href":"https:\/\/www.morenaelettrodomestici.com\/en\/wp-json\/wp\/v2\/product\/39293\/revisions"}],"predecessor-version":[{"id":49085,"href":"https:\/\/www.morenaelettrodomestici.com\/en\/wp-json\/wp\/v2\/product\/39293\/revisions\/49085"}],"wp:featuredmedia":[{"embeddable":true,"href":"https:\/\/www.morenaelettrodomestici.com\/en\/wp-json\/wp\/v2\/media\/5147"}],"wp:attachment":[{"href":"https:\/\/www.morenaelettrodomestici.com\/en\/wp-json\/wp\/v2\/media?parent=39293"}],"wp:term":[{"taxonomy":"product_brand","embeddable":true,"href":"https:\/\/www.morenaelettrodomestici.com\/en\/wp-json\/wp\/v2\/product_brand?post=39293"},{"taxonomy":"product_cat","embeddable":true,"href":"https:\/\/www.morenaelettrodomestici.com\/en\/wp-json\/wp\/v2\/product_cat?post=39293"},{"taxonomy":"product_tag","embeddable":true,"href":"https:\/\/www.morenaelettrodomestici.com\/en\/wp-json\/wp\/v2\/product_tag?post=39293"}],"curies":[{"name":"wp","href":"https:\/\/api.w.org\/{rel}","templated":true}]}}