{"id":39391,"date":"2024-07-15T14:38:51","date_gmt":"2024-07-15T14:38:51","guid":{"rendered":"https:\/\/www.morenaelettrodomestici.com\/?post_type=product&#038;p=39391"},"modified":"2025-10-11T15:15:35","modified_gmt":"2025-10-11T15:15:35","slug":"macchina-caffe-faber-slot-plast-disponibile-in-vari-colori","status":"publish","type":"product","link":"https:\/\/www.morenaelettrodomestici.com\/en\/shop\/macchina-caffe-faber-slot-plast-disponibile-in-vari-colori\/","title":{"rendered":"Faber Slot Plast Macchina caff\u00e8 a cialde"},"content":{"rendered":"<h2><strong>Scrivere per disponibilit\u00e0 colore e dettagli o Optional da inserire al numero 3500488338<\/strong><\/h2>\n<p><strong>Colori: Grigio,Bianco Puro,Avorio,Nero,Borgogna<\/strong><\/p>\n<p>Dettagli:Bianco o Nero<\/p>\n<p>Icona senza tempo, la Slot Plast, rappresenta il prodotto di punta della gamma Faber. Nata nel 2009, negli anni \u00e8 stata perfezionata dalle mani esperte di artigiani professionisti. La scelta spazia tra le 8 tinte in produzione che permettono di creare 16 coppie di nuance. Scegli i colori che preferisci!<\/p>\n<p><strong>Caratteristiche<\/strong><br \/>Corpo intero in metallo verniciato<br \/>Vaschetta in abs<br \/>Pompa 15 bar<br \/>Scambiatore in alluminio<br \/>Siluro in ottone<br \/>Pressacialda Delrin<br \/>Resistenza 500 W<br \/>Termoregolatore 95\u00b0\/145\u00b0 RW<br \/>Capacit\u00e0 serbatoio 1,3 Lt.<br \/>Alimentazione 220 v \u2013 50 Hz<br \/>Dimensioni: 31 x 21 h 31 cm<\/p>\n<p><strong>ACCESSORI DA AGGIUNGERE (OPTIONAL):<\/strong><\/p>\n<p><strong>Optional<\/strong><\/p>\n<p><i><strong>Vuoi scoprire di pi\u00f9 sui nostri optional, <\/strong><\/i><a href=\"https:\/\/fabercoffeemachines.com\/optional\/\"><i><strong>clicca qui<\/strong><\/i><\/a><\/p>\n<figure class=\"image\"><img fetchpriority=\"high\" decoding=\"async\" style=\"aspect-ratio:1000\/1000\" src=\"https:\/\/www.fabercoffeemachines.com\/wp-content\/uploads\/2021\/12\/elettrovalvola-1000x1000.jpg\" width=\"1000\" height=\"1000\"><\/figure>\n<p>Elettrovalvola <strong>\u20ac15.00<\/strong><\/p>\n<figure class=\"image\"><img decoding=\"async\" style=\"aspect-ratio:1000\/1000\" src=\"https:\/\/www.fabercoffeemachines.com\/wp-content\/uploads\/2022\/03\/termostato-1000x1000.png\" width=\"1000\" height=\"1000\"><\/figure>\n<p>Termostato 98\u00b0 <strong>\u20ac20.00<\/strong><\/p>\n<figure class=\"image\"><img decoding=\"async\" style=\"aspect-ratio:1000\/1000\" src=\"https:\/\/www.fabercoffeemachines.com\/wp-content\/uploads\/2025\/02\/WhatsApp-Image-2025-02-26-at-13.06.21-1000x1000.jpeg\" alt=\"Bottiglia Vetro 1L\" width=\"1000\" height=\"1000\"><\/figure>\n<p>Bottiglia Vetro 1L <strong>\u20ac15.00<\/strong><\/p>\n<p>&nbsp;<\/p>\n<figure class=\"image\"><img loading=\"lazy\" decoding=\"async\" style=\"aspect-ratio:1000\/1000\" src=\"https:\/\/www.fabercoffeemachines.com\/wp-content\/uploads\/2022\/03\/3010ba7623ca153868eaee2012387b8d241e91c8_1024_1024-1000x1000.jpeg\" width=\"1000\" height=\"1000\"><\/figure>\n<p>Alimentazione 110v <strong>\u20ac20.00<\/strong><\/p>\n<p>&nbsp;<\/p>\n<figure class=\"image\"><img loading=\"lazy\" decoding=\"async\" style=\"aspect-ratio:1000\/1000\" src=\"https:\/\/www.fabercoffeemachines.com\/wp-content\/uploads\/2022\/03\/cavo-svizzero-1000x1000.png\" width=\"1000\" height=\"1000\"><\/figure>\n<p>Cavo svizzero <strong>\u20ac20.00<\/strong><\/p>\n<figure class=\"image\"><img loading=\"lazy\" decoding=\"async\" style=\"aspect-ratio:1000\/1000\" src=\"https:\/\/www.fabercoffeemachines.com\/wp-content\/uploads\/2022\/05\/termoblocco-1000x1000.png\" width=\"1000\" height=\"1000\"><\/figure>\n<p>Termoblocco in ottone <strong>\u20ac50.00<\/strong><\/p>\n<p><strong>Specifiche tecniche<\/strong><\/p>\n<figure class=\"table\">\n<table>\n<tbody>\n<tr>\n<td><strong>Corpo<\/strong><\/td>\n<td><strong>Metallo verniciato<\/strong><\/td>\n<\/tr>\n<tr>\n<td><strong>Vano Poggiatazze<\/strong><\/td>\n<td><strong>Si<\/strong><\/td>\n<\/tr>\n<tr>\n<td><strong>Vaschetta raccogli acqua \/ Griglia<\/strong><\/td>\n<td><strong>Abs<\/strong><\/td>\n<\/tr>\n<tr>\n<td><strong>Pompa<\/strong><\/td>\n<td><strong>15 bar<\/strong><\/td>\n<\/tr>\n<tr>\n<td><strong>Scambiatore<\/strong><\/td>\n<td><strong>Alluminio<\/strong><\/td>\n<\/tr>\n<tr>\n<td><strong>Siluro<\/strong><\/td>\n<td><strong>Ottone<\/strong><\/td>\n<\/tr>\n<tr>\n<td><strong>Pressacialda<\/strong><\/td>\n<td><strong>Ottone<\/strong><\/td>\n<\/tr>\n<tr>\n<td><strong>Resistenza<\/strong><\/td>\n<td><strong>500 w<\/strong><\/td>\n<\/tr>\n<tr>\n<td><strong>Termoregolatore<\/strong><\/td>\n<td><strong>95\u00b0\/145\u00b0<\/strong><\/td>\n<\/tr>\n<tr>\n<td><strong>Capacit\u00e0 serbatoio<\/strong><\/td>\n<td><strong>1,3 Lt<\/strong><\/td>\n<\/tr>\n<tr>\n<td><strong>Alimentazione<\/strong><\/td>\n<td><strong>220v &#8211; 50 Hz<\/strong><\/td>\n<\/tr>\n<tr>\n<td><strong>Dimensioni<\/strong><\/td>\n<td><strong>31x21x32 cm<\/strong><\/td>\n<\/tr>\n<\/tbody>\n<\/table>\n<\/figure>\n<p><strong>Optional<\/strong><\/p>\n<figure class=\"table\">\n<table>\n<tbody>\n<tr>\n<td><strong>Termostato a 98\u00b0<\/strong><\/td>\n<td><strong>Termostato da 98\u00b0 che aumenta la temperatura di circa 3 gradi rispetto a quella raggiunta dal termostato 95 (71, 73\u00b0)<\/strong><\/td>\n<\/tr>\n<tr>\n<td><strong>Elettrovalvola<\/strong><\/td>\n<td><strong>Lavora grazie a impulsi elettromagnetici che hanno il compito di limitare le goccioline fisiologiche post erogazione.<\/strong><\/td>\n<\/tr>\n<tr>\n<td><strong>Alimentazione 110v<\/strong><\/td>\n<td><strong>Alimentazione a 110v che sostituisce la 220v<\/strong><\/td>\n<\/tr>\n<tr>\n<td><strong>Termoblocco ottone<\/strong><\/td>\n<td><strong>Ottieni le massime prestazione con il nuovo temoblocco in ottone grazie all\u2019elevata conducibilit\u00e0 termica, che consente una spesa energetica contenuta e un\u2019altissima durabilit\u00e0<\/strong><\/td>\n<\/tr>\n<\/tbody>\n<\/table>\n<\/figure>\n<p>&nbsp;<\/p>\n<p>&nbsp;<\/p>\n<p>&nbsp;<\/p>\n<h2><strong>Pulizia e manutenzione<\/strong><\/h2>\n<p><strong>Come per tutte le macchine a cialde, una corretta pulizia prevede la rimozione del filtro inferiore. Non \u00e8 una procedura semplicissima, ma fattibile: occorre una piccola brugola per rimuovere una piccola vite dietro il beccuccio. Il portacialde va poi svitato e pulito<\/strong><\/p>\n<p><strong>Esiste anche un portacialde magnetico, che costa solo pochi euro in pi\u00f9 di quello standard, che \u00e8 molto pi\u00f9 facile da rimuovere e da pulire. Per &nbsp;\u20ac18.00 euro in pi\u00f9, lo consiglio assolutamente.<\/strong><\/p>\n<p><strong>Per quanto riguarda la pulizia, raccomando sempre la decalcificazione della macchina a cialde una volta al mese o ogni mese e mezzo. Si possono utilizzare prodotti come il mio <\/strong><a href=\"https:\/\/www.morenaelettrodomestici.com\/en\/shop\/disincrostante-universale-axor-per-macchina-da-caffe\/\"><strong>Decalcificante <\/strong><\/a><strong>Axor<\/strong><a href=\"https:\/\/www.morenaelettrodomestici.com\/en\/shop\/disincrostante-universale-axor-per-macchina-da-caffe\/\"><strong>,<\/strong><\/a><strong> o altri.&nbsp;<\/strong><br \/><strong>Video dimostrativo Pulizia:<\/strong><\/p>\n<p><a href=\"https:\/\/vm.tiktok.com\/ZNdWdQxBq\/\"><strong>https:\/\/vm.tiktok.com\/ZNdWdQxBq\/<\/strong><\/a><strong>&nbsp;<\/strong><\/p>","protected":false},"excerpt":{"rendered":"<p>&#8211; Corpo in metallo verniciato mat<br \/>\u2013 Pressacialda in ottone<br \/>\u2013 Resistenza 500 W<br \/>\u2013 Capacit\u00e0 serbatoio 1,3 Lt.<\/p>\n<p><strong>ACCESSORI <\/strong><i><strong>(OPTIONAL)<\/strong><\/i><\/p>","protected":false},"featured_media":50150,"template":"","meta":[],"product_brand":[],"product_cat":[430],"product_tag":[423,424,577,104,433],"class_list":{"0":"post-39391","1":"product","2":"type-product","3":"status-publish","4":"has-post-thumbnail","6":"product_cat-macchine-da-caffe","7":"product_tag-caffe","8":"product_tag-cialde","9":"product_tag-faber","10":"product_tag-idee-regalo-natale","11":"product_tag-macchina-del-caffe","12":"pa_marca-faber","14":"first","15":"instock","16":"sale","17":"purchasable","18":"product-type-simple"},"yoast_head":"<!-- This site is optimized with the Yoast SEO plugin v25.5 - https:\/\/yoast.com\/wordpress\/plugins\/seo\/ -->\n<title>Faber Slot Plast Macchina caff\u00e8 a cialde - Morena Elettrodomestici<\/title>\n<meta name=\"description\" content=\"Acquista Faber Slot Plast Macchina caff\u00e8 a cialde su Morena Elettrodomestici. Il tuo Negozio di Fiducia online con prezzi competitivi e prodotti di alta qualit\u00e0!\" \/>\n<meta name=\"robots\" content=\"index, follow, max-snippet:-1, max-image-preview:large, max-video-preview:-1\" \/>\n<link rel=\"canonical\" href=\"https:\/\/www.morenaelettrodomestici.com\/en\/shop\/macchina-caffe-faber-slot-plast-disponibile-in-vari-colori\/\" \/>\n<meta property=\"og:locale\" content=\"en_GB\" \/>\n<meta property=\"og:type\" content=\"article\" \/>\n<meta property=\"og:title\" content=\"Faber Slot Plast Macchina caff\u00e8 a cialde - Morena Elettrodomestici\" \/>\n<meta property=\"og:description\" content=\"Acquista Faber Slot Plast Macchina caff\u00e8 a cialde su Morena Elettrodomestici. Il tuo Negozio di Fiducia online con prezzi competitivi e prodotti di alta qualit\u00e0!\" \/>\n<meta property=\"og:url\" content=\"https:\/\/www.morenaelettrodomestici.com\/en\/shop\/macchina-caffe-faber-slot-plast-disponibile-in-vari-colori\/\" \/>\n<meta property=\"og:site_name\" content=\"Morena Elettrodomestici\" \/>\n<meta property=\"article:publisher\" content=\"https:\/\/www.facebook.com\/morenaelettrodomestici\/\" \/>\n<meta property=\"article:modified_time\" content=\"2025-10-11T15:15:35+00:00\" \/>\n<meta property=\"og:image\" content=\"https:\/\/www.morenaelettrodomestici.com\/wp-content\/uploads\/2025\/10\/9683.jpg\" \/>\n\t<meta property=\"og:image:width\" content=\"300\" \/>\n\t<meta property=\"og:image:height\" content=\"300\" \/>\n\t<meta property=\"og:image:type\" content=\"image\/jpeg\" \/>\n<meta name=\"twitter:card\" content=\"summary_large_image\" \/>\n<meta name=\"twitter:label1\" content=\"Estimated reading time\" \/>\n\t<meta name=\"twitter:data1\" content=\"2 minutes\" \/>\n<script type=\"application\/ld+json\" class=\"yoast-schema-graph\">{\"@context\":\"https:\/\/schema.org\",\"@graph\":[{\"@type\":\"WebPage\",\"@id\":\"https:\/\/www.morenaelettrodomestici.com\/shop\/macchina-caffe-faber-slot-plast-disponibile-in-vari-colori\/\",\"url\":\"https:\/\/www.morenaelettrodomestici.com\/shop\/macchina-caffe-faber-slot-plast-disponibile-in-vari-colori\/\",\"name\":\"Faber Slot Plast Macchina caff\u00e8 a cialde - Morena Elettrodomestici\",\"isPartOf\":{\"@id\":\"https:\/\/www.morenaelettrodomestici.com\/#website\"},\"primaryImageOfPage\":{\"@id\":\"https:\/\/www.morenaelettrodomestici.com\/shop\/macchina-caffe-faber-slot-plast-disponibile-in-vari-colori\/#primaryimage\"},\"image\":{\"@id\":\"https:\/\/www.morenaelettrodomestici.com\/shop\/macchina-caffe-faber-slot-plast-disponibile-in-vari-colori\/#primaryimage\"},\"thumbnailUrl\":\"https:\/\/www.morenaelettrodomestici.com\/wp-content\/uploads\/2025\/10\/9683.jpg\",\"datePublished\":\"2024-07-15T14:38:51+00:00\",\"dateModified\":\"2025-10-11T15:15:35+00:00\",\"description\":\"Acquista Faber Slot Plast Macchina caff\u00e8 a cialde su Morena Elettrodomestici. Il tuo Negozio di Fiducia online con prezzi competitivi e prodotti di alta qualit\u00e0!\",\"breadcrumb\":{\"@id\":\"https:\/\/www.morenaelettrodomestici.com\/shop\/macchina-caffe-faber-slot-plast-disponibile-in-vari-colori\/#breadcrumb\"},\"inLanguage\":\"en-GB\",\"potentialAction\":[{\"@type\":\"ReadAction\",\"target\":[\"https:\/\/www.morenaelettrodomestici.com\/shop\/macchina-caffe-faber-slot-plast-disponibile-in-vari-colori\/\"]}]},{\"@type\":\"ImageObject\",\"inLanguage\":\"en-GB\",\"@id\":\"https:\/\/www.morenaelettrodomestici.com\/shop\/macchina-caffe-faber-slot-plast-disponibile-in-vari-colori\/#primaryimage\",\"url\":\"https:\/\/www.morenaelettrodomestici.com\/wp-content\/uploads\/2025\/10\/9683.jpg\",\"contentUrl\":\"https:\/\/www.morenaelettrodomestici.com\/wp-content\/uploads\/2025\/10\/9683.jpg\",\"width\":300,\"height\":300},{\"@type\":\"BreadcrumbList\",\"@id\":\"https:\/\/www.morenaelettrodomestici.com\/shop\/macchina-caffe-faber-slot-plast-disponibile-in-vari-colori\/#breadcrumb\",\"itemListElement\":[{\"@type\":\"ListItem\",\"position\":1,\"name\":\"Home\",\"item\":\"https:\/\/www.morenaelettrodomestici.com\/\"},{\"@type\":\"ListItem\",\"position\":2,\"name\":\"Shop\",\"item\":\"https:\/\/www.morenaelettrodomestici.com\/shop\/\"},{\"@type\":\"ListItem\",\"position\":3,\"name\":\"Faber Slot Plast Macchina caff\u00e8 a cialde\"}]},{\"@type\":\"WebSite\",\"@id\":\"https:\/\/www.morenaelettrodomestici.com\/#website\",\"url\":\"https:\/\/www.morenaelettrodomestici.com\/\",\"name\":\"Morena\",\"description\":\"I migliori elettrodomestici a prezzi folli\",\"publisher\":{\"@id\":\"https:\/\/www.morenaelettrodomestici.com\/#organization\"},\"potentialAction\":[{\"@type\":\"SearchAction\",\"target\":{\"@type\":\"EntryPoint\",\"urlTemplate\":\"https:\/\/www.morenaelettrodomestici.com\/?s={search_term_string}\"},\"query-input\":{\"@type\":\"PropertyValueSpecification\",\"valueRequired\":true,\"valueName\":\"search_term_string\"}}],\"inLanguage\":\"en-GB\"},{\"@type\":\"Organization\",\"@id\":\"https:\/\/www.morenaelettrodomestici.com\/#organization\",\"name\":\"Morena Elettrodomestici\",\"url\":\"https:\/\/www.morenaelettrodomestici.com\/\",\"logo\":{\"@type\":\"ImageObject\",\"inLanguage\":\"en-GB\",\"@id\":\"https:\/\/www.morenaelettrodomestici.com\/#\/schema\/logo\/image\/\",\"url\":\"https:\/\/www.morenaelettrodomestici.com\/wp-content\/uploads\/2024\/05\/logo_Morena_srls-TRASPARENTE.png\",\"contentUrl\":\"https:\/\/www.morenaelettrodomestici.com\/wp-content\/uploads\/2024\/05\/logo_Morena_srls-TRASPARENTE.png\",\"width\":2264,\"height\":718,\"caption\":\"Morena Elettrodomestici\"},\"image\":{\"@id\":\"https:\/\/www.morenaelettrodomestici.com\/#\/schema\/logo\/image\/\"},\"sameAs\":[\"https:\/\/www.facebook.com\/morenaelettrodomestici\/\",\"https:\/\/www.instagram.com\/morena.elettrodomestici\/\",\"https:\/\/www.linkedin.com\/company-beta\/10507375\/\",\"https:\/\/www.youtube.com\/channel\/UCgdTfdgRUeVEnhI2Z4GRlFA\"]}]}<\/script>\n<!-- \/ Yoast SEO plugin. -->","yoast_head_json":{"title":"Faber Slot Plast Macchina caff\u00e8 a cialde - Morena Elettrodomestici","description":"Acquista Faber Slot Plast Macchina caff\u00e8 a cialde su Morena Elettrodomestici. Il tuo Negozio di Fiducia online con prezzi competitivi e prodotti di alta qualit\u00e0!","robots":{"index":"index","follow":"follow","max-snippet":"max-snippet:-1","max-image-preview":"max-image-preview:large","max-video-preview":"max-video-preview:-1"},"canonical":"https:\/\/www.morenaelettrodomestici.com\/en\/shop\/macchina-caffe-faber-slot-plast-disponibile-in-vari-colori\/","og_locale":"en_GB","og_type":"article","og_title":"Faber Slot Plast Macchina caff\u00e8 a cialde - Morena Elettrodomestici","og_description":"Acquista Faber Slot Plast Macchina caff\u00e8 a cialde su Morena Elettrodomestici. Il tuo Negozio di Fiducia online con prezzi competitivi e prodotti di alta qualit\u00e0!","og_url":"https:\/\/www.morenaelettrodomestici.com\/en\/shop\/macchina-caffe-faber-slot-plast-disponibile-in-vari-colori\/","og_site_name":"Morena Elettrodomestici","article_publisher":"https:\/\/www.facebook.com\/morenaelettrodomestici\/","article_modified_time":"2025-10-11T15:15:35+00:00","og_image":[{"width":300,"height":300,"url":"https:\/\/www.morenaelettrodomestici.com\/wp-content\/uploads\/2025\/10\/9683.jpg","type":"image\/jpeg"}],"twitter_card":"summary_large_image","twitter_misc":{"Estimated reading time":"2 minutes"},"schema":{"@context":"https:\/\/schema.org","@graph":[{"@type":"WebPage","@id":"https:\/\/www.morenaelettrodomestici.com\/shop\/macchina-caffe-faber-slot-plast-disponibile-in-vari-colori\/","url":"https:\/\/www.morenaelettrodomestici.com\/shop\/macchina-caffe-faber-slot-plast-disponibile-in-vari-colori\/","name":"Faber Slot Plast Macchina caff\u00e8 a cialde - Morena Elettrodomestici","isPartOf":{"@id":"https:\/\/www.morenaelettrodomestici.com\/#website"},"primaryImageOfPage":{"@id":"https:\/\/www.morenaelettrodomestici.com\/shop\/macchina-caffe-faber-slot-plast-disponibile-in-vari-colori\/#primaryimage"},"image":{"@id":"https:\/\/www.morenaelettrodomestici.com\/shop\/macchina-caffe-faber-slot-plast-disponibile-in-vari-colori\/#primaryimage"},"thumbnailUrl":"https:\/\/www.morenaelettrodomestici.com\/wp-content\/uploads\/2025\/10\/9683.jpg","datePublished":"2024-07-15T14:38:51+00:00","dateModified":"2025-10-11T15:15:35+00:00","description":"Acquista Faber Slot Plast Macchina caff\u00e8 a cialde su Morena Elettrodomestici. Il tuo Negozio di Fiducia online con prezzi competitivi e prodotti di alta qualit\u00e0!","breadcrumb":{"@id":"https:\/\/www.morenaelettrodomestici.com\/shop\/macchina-caffe-faber-slot-plast-disponibile-in-vari-colori\/#breadcrumb"},"inLanguage":"en-GB","potentialAction":[{"@type":"ReadAction","target":["https:\/\/www.morenaelettrodomestici.com\/shop\/macchina-caffe-faber-slot-plast-disponibile-in-vari-colori\/"]}]},{"@type":"ImageObject","inLanguage":"en-GB","@id":"https:\/\/www.morenaelettrodomestici.com\/shop\/macchina-caffe-faber-slot-plast-disponibile-in-vari-colori\/#primaryimage","url":"https:\/\/www.morenaelettrodomestici.com\/wp-content\/uploads\/2025\/10\/9683.jpg","contentUrl":"https:\/\/www.morenaelettrodomestici.com\/wp-content\/uploads\/2025\/10\/9683.jpg","width":300,"height":300},{"@type":"BreadcrumbList","@id":"https:\/\/www.morenaelettrodomestici.com\/shop\/macchina-caffe-faber-slot-plast-disponibile-in-vari-colori\/#breadcrumb","itemListElement":[{"@type":"ListItem","position":1,"name":"Home","item":"https:\/\/www.morenaelettrodomestici.com\/"},{"@type":"ListItem","position":2,"name":"Shop","item":"https:\/\/www.morenaelettrodomestici.com\/shop\/"},{"@type":"ListItem","position":3,"name":"Faber Slot Plast Macchina caff\u00e8 a cialde"}]},{"@type":"WebSite","@id":"https:\/\/www.morenaelettrodomestici.com\/#website","url":"https:\/\/www.morenaelettrodomestici.com\/","name":"Morena","description":"I migliori elettrodomestici a prezzi folli","publisher":{"@id":"https:\/\/www.morenaelettrodomestici.com\/#organization"},"potentialAction":[{"@type":"SearchAction","target":{"@type":"EntryPoint","urlTemplate":"https:\/\/www.morenaelettrodomestici.com\/?s={search_term_string}"},"query-input":{"@type":"PropertyValueSpecification","valueRequired":true,"valueName":"search_term_string"}}],"inLanguage":"en-GB"},{"@type":"Organization","@id":"https:\/\/www.morenaelettrodomestici.com\/#organization","name":"Morena Elettrodomestici","url":"https:\/\/www.morenaelettrodomestici.com\/","logo":{"@type":"ImageObject","inLanguage":"en-GB","@id":"https:\/\/www.morenaelettrodomestici.com\/#\/schema\/logo\/image\/","url":"https:\/\/www.morenaelettrodomestici.com\/wp-content\/uploads\/2024\/05\/logo_Morena_srls-TRASPARENTE.png","contentUrl":"https:\/\/www.morenaelettrodomestici.com\/wp-content\/uploads\/2024\/05\/logo_Morena_srls-TRASPARENTE.png","width":2264,"height":718,"caption":"Morena Elettrodomestici"},"image":{"@id":"https:\/\/www.morenaelettrodomestici.com\/#\/schema\/logo\/image\/"},"sameAs":["https:\/\/www.facebook.com\/morenaelettrodomestici\/","https:\/\/www.instagram.com\/morena.elettrodomestici\/","https:\/\/www.linkedin.com\/company-beta\/10507375\/","https:\/\/www.youtube.com\/channel\/UCgdTfdgRUeVEnhI2Z4GRlFA"]}]}},"_links":{"self":[{"href":"https:\/\/www.morenaelettrodomestici.com\/en\/wp-json\/wp\/v2\/product\/39391","targetHints":{"allow":["GET"]}}],"collection":[{"href":"https:\/\/www.morenaelettrodomestici.com\/en\/wp-json\/wp\/v2\/product"}],"about":[{"href":"https:\/\/www.morenaelettrodomestici.com\/en\/wp-json\/wp\/v2\/types\/product"}],"version-history":[{"count":3,"href":"https:\/\/www.morenaelettrodomestici.com\/en\/wp-json\/wp\/v2\/product\/39391\/revisions"}],"predecessor-version":[{"id":50165,"href":"https:\/\/www.morenaelettrodomestici.com\/en\/wp-json\/wp\/v2\/product\/39391\/revisions\/50165"}],"wp:featuredmedia":[{"embeddable":true,"href":"https:\/\/www.morenaelettrodomestici.com\/en\/wp-json\/wp\/v2\/media\/50150"}],"wp:attachment":[{"href":"https:\/\/www.morenaelettrodomestici.com\/en\/wp-json\/wp\/v2\/media?parent=39391"}],"wp:term":[{"taxonomy":"product_brand","embeddable":true,"href":"https:\/\/www.morenaelettrodomestici.com\/en\/wp-json\/wp\/v2\/product_brand?post=39391"},{"taxonomy":"product_cat","embeddable":true,"href":"https:\/\/www.morenaelettrodomestici.com\/en\/wp-json\/wp\/v2\/product_cat?post=39391"},{"taxonomy":"product_tag","embeddable":true,"href":"https:\/\/www.morenaelettrodomestici.com\/en\/wp-json\/wp\/v2\/product_tag?post=39391"}],"curies":[{"name":"wp","href":"https:\/\/api.w.org\/{rel}","templated":true}]}}