{"id":39469,"date":"2024-07-15T14:39:47","date_gmt":"2024-07-15T14:39:47","guid":{"rendered":"https:\/\/www.morenaelettrodomestici.com\/?post_type=product&#038;p=39469"},"modified":"2026-03-13T09:45:39","modified_gmt":"2026-03-13T09:45:39","slug":"lavatrice-hoover-13kg-a-1400giri-inverter-wi-fi-hwe-413ambs-1-s","status":"publish","type":"product","link":"https:\/\/www.morenaelettrodomestici.com\/en\/shop\/lavatrice-hoover-13kg-a-1400giri-inverter-wi-fi-hwe-413ambs-1-s\/","title":{"rendered":"HWE413AMBS\/1-S Hoover Lavatrice 13kg A"},"content":{"rendered":"<p>H-WASH 500 \u00e8 la lavatrice estremamente robusta e affidabile che garantisce risultati eccezionali, un&#8217;eccellente cura delle fibre e una durata maggiore, grazie al motore inverter Eco-Power. H-WASH 500 \u00e8 stata progettata con il motore inverter Eco-Power di nuova generazione, la tecnologia pi\u00f9 duratura e potente disponibile sul mercato. Dimentica le etichette dei vestiti! L&#8217;esclusiva funzione Scan to Care, disponibile tramite l&#8217;app hOn, consente di creare il tuo guardaroba virtuale. Basta scattare una foto del tuo capo, l&#8217;App raccoglier\u00e0 e memorizzer\u00e0 tutte le istruzioni di lavaggio dei tuoi vestiti, suggerendo il programma specifico e il trattamento per prenderti cura di loro. \u00c8 una tecnologia che crea il perfetto mix di acqua e detergente e lo inietta direttamente all&#8217;interno del cestello in modo che penetri nelle fibre garantendo il 20% di forza pulente in pi\u00f9. La nuova H-WASH 500, grazie al suo motore, \u00e8 pi\u00f9 sensibile: adatta l&#8217;azione del lavaggio al carico garantendo i migliori risultati e il 60% di efficienza in pi\u00f9. H-WASH 500 \u00e8 stata progettata con un algoritmo avanzato che calcola e imposta automaticamente il programma pi\u00f9 adatto al tuo bucato, dosando acqua e tempo a seconda delle fibre e del carico, garantendo una migliore efficienza senza sprechi. H-WASH 500 \u00e8 l&#8217;esclusiva lavatrice che offre un set completo di 9 Cicli Care che ti permettono di prenderti cura di tutti i tuoi vestiti preferiti, preservando le fibre pi\u00f9 a lungo e senza sforzo. La tecnologia Active Balance consente di ottenere sempre i migliori risultati, riducendo i tempi di lavaggio e le vibrazioni, grazie all&#8217;ottimizzazione dei movimenti del cestello. Il programma Hygiene della lavatrice Hoover \u00e8 uno specifico ciclo di lavaggio igienizzante che mantiene i 60\u00b0 C di temperatura per oltre 20 minuti, consentendo una pulizia profonda di vestiti e indumenti. Classe energetica: A. Dimensioni prodotto (L x P x A) : 600 x 670 x 850 mm. Colore Bianco.<br \/>Scheda Tecnica<br \/>Informazioni Generali<\/p>\n<p>Tipo di prodotto Lavatrice<br \/>Modello HWE413AMBS\/1-S<br \/>Tipo di installazione Libera installazione<br \/>Tipo di caricamento Frontale<br \/>Motore Inverter BPM<br \/>Design<br \/>Colore obl\u00f2 Nero<br \/>Colore Bianco<br \/>Materiale cestello Acciaio inossidabile<br \/>Prestazione<br \/>Volume cestello 83 lt<br \/>Classe efficienza lavaggio A<br \/>Partenza ritardata fino a 24 h<br \/>Indicatore fine ciclo Si<br \/>Rumorosit\u00e0 centrifuga 80 dBa<br \/>Rumorosit\u00e0 lavaggio 52 dBa<br \/>Gestione energetica<br \/>Classe efficienza energetica A+++<br \/>Tensione di ingresso AC 220 &#8211; 240V<br \/>Dimensioni e peso<br \/>Larghezza 600 mm<br \/>Profondit\u00e0 670 mm<br \/>Altezza 850 mm<br \/>Gestione elettronica<br \/>Connettivit\u00e0 Wifi &#8211; Bluetooth<br \/>Sicurezza<br \/>Piedini regolabili Si<\/p>","protected":false},"excerpt":{"rendered":"<p>\u2018- Capacit\u00e0 di carico 13Kg<br \/>\u2013 1400 giri di centrifuga<br \/>\u2013 Motore Inverter<br \/>\u2013 A<br \/>\u2013 Connettivit\u00e0 Wi-Fi e Bluetooth<br \/>\u2013 Volume cesto 83litri<br \/>\u2013 Vapore<br \/>\u2013 Dimensioni: (lxpxa): 60x67x85cm<\/p>","protected":false},"featured_media":5558,"template":"","meta":[],"product_brand":[],"product_cat":[90,89],"product_tag":[91,631],"class_list":{"0":"post-39469","1":"product","2":"type-product","3":"status-publish","4":"has-post-thumbnail","6":"product_cat-lavatrice-carico-frontale","7":"product_cat-lavatrici-e-asciugatrici","8":"product_tag-lavatrici","9":"product_tag-lavatrici-hoover","10":"pa_capacita-kg-13kg","11":"pa_carica-frontale","12":"pa_marca-hoover","13":"pa_profondita-66-cm","15":"first","16":"instock","17":"sale","18":"purchasable","19":"product-type-simple"},"yoast_head":"<!-- This site is optimized with the Yoast SEO plugin v27.5 - https:\/\/yoast.com\/product\/yoast-seo-wordpress\/ -->\n<title>HWE413AMBS\/1-S Hoover Lavatrice 13kg A - Morena Elettrodomestici<\/title>\n<meta name=\"description\" content=\"Acquista HWE413AMBS\/1-S Hoover Lavatrice 13kg A su Morena Elettrodomestici. Il tuo Negozio di Fiducia online con prezzi competitivi e prodotti di alta qualit\u00e0!\" \/>\n<meta name=\"robots\" content=\"index, follow, max-snippet:-1, max-image-preview:large, max-video-preview:-1\" \/>\n<link rel=\"canonical\" href=\"https:\/\/www.morenaelettrodomestici.com\/en\/shop\/lavatrice-hoover-13kg-a-1400giri-inverter-wi-fi-hwe-413ambs-1-s\/\" \/>\n<meta property=\"og:locale\" content=\"en_GB\" \/>\n<meta property=\"og:type\" content=\"article\" \/>\n<meta property=\"og:title\" content=\"HWE413AMBS\/1-S Hoover Lavatrice 13kg A - Morena Elettrodomestici\" \/>\n<meta property=\"og:description\" content=\"Acquista HWE413AMBS\/1-S Hoover Lavatrice 13kg A su Morena Elettrodomestici. Il tuo Negozio di Fiducia online con prezzi competitivi e prodotti di alta qualit\u00e0!\" \/>\n<meta property=\"og:url\" content=\"https:\/\/www.morenaelettrodomestici.com\/en\/shop\/lavatrice-hoover-13kg-a-1400giri-inverter-wi-fi-hwe-413ambs-1-s\/\" \/>\n<meta property=\"og:site_name\" content=\"Morena Elettrodomestici\" \/>\n<meta property=\"article:publisher\" content=\"https:\/\/www.facebook.com\/morenaelettrodomestici\/\" \/>\n<meta property=\"article:modified_time\" content=\"2026-03-13T09:45:39+00:00\" \/>\n<meta property=\"og:image\" content=\"https:\/\/www.morenaelettrodomestici.com\/wp-content\/uploads\/2024\/05\/Lavatrice-13kg-hoover-HWE-413AMBS-1-S-1.jpg\" \/>\n\t<meta property=\"og:image:width\" content=\"800\" \/>\n\t<meta property=\"og:image:height\" content=\"800\" \/>\n\t<meta property=\"og:image:type\" content=\"image\/jpeg\" \/>\n<meta name=\"twitter:card\" content=\"summary_large_image\" \/>\n<meta name=\"twitter:label1\" content=\"Estimated reading time\" \/>\n\t<meta name=\"twitter:data1\" content=\"2 minutes\" \/>\n<script type=\"application\/ld+json\" class=\"yoast-schema-graph\">{\"@context\":\"https:\\\/\\\/schema.org\",\"@graph\":[{\"@type\":\"WebPage\",\"@id\":\"https:\\\/\\\/www.morenaelettrodomestici.com\\\/shop\\\/lavatrice-hoover-13kg-a-1400giri-inverter-wi-fi-hwe-413ambs-1-s\\\/\",\"url\":\"https:\\\/\\\/www.morenaelettrodomestici.com\\\/shop\\\/lavatrice-hoover-13kg-a-1400giri-inverter-wi-fi-hwe-413ambs-1-s\\\/\",\"name\":\"HWE413AMBS\\\/1-S Hoover Lavatrice 13kg A - Morena Elettrodomestici\",\"isPartOf\":{\"@id\":\"https:\\\/\\\/www.morenaelettrodomestici.com\\\/#website\"},\"primaryImageOfPage\":{\"@id\":\"https:\\\/\\\/www.morenaelettrodomestici.com\\\/shop\\\/lavatrice-hoover-13kg-a-1400giri-inverter-wi-fi-hwe-413ambs-1-s\\\/#primaryimage\"},\"image\":{\"@id\":\"https:\\\/\\\/www.morenaelettrodomestici.com\\\/shop\\\/lavatrice-hoover-13kg-a-1400giri-inverter-wi-fi-hwe-413ambs-1-s\\\/#primaryimage\"},\"thumbnailUrl\":\"https:\\\/\\\/www.morenaelettrodomestici.com\\\/wp-content\\\/uploads\\\/2024\\\/05\\\/Lavatrice-13kg-hoover-HWE-413AMBS-1-S-1.jpg\",\"datePublished\":\"2024-07-15T14:39:47+00:00\",\"dateModified\":\"2026-03-13T09:45:39+00:00\",\"description\":\"Acquista HWE413AMBS\\\/1-S Hoover Lavatrice 13kg A su Morena Elettrodomestici. Il tuo Negozio di Fiducia online con prezzi competitivi e prodotti di alta qualit\u00e0!\",\"breadcrumb\":{\"@id\":\"https:\\\/\\\/www.morenaelettrodomestici.com\\\/shop\\\/lavatrice-hoover-13kg-a-1400giri-inverter-wi-fi-hwe-413ambs-1-s\\\/#breadcrumb\"},\"inLanguage\":\"en-GB\",\"potentialAction\":[{\"@type\":\"ReadAction\",\"target\":[\"https:\\\/\\\/www.morenaelettrodomestici.com\\\/shop\\\/lavatrice-hoover-13kg-a-1400giri-inverter-wi-fi-hwe-413ambs-1-s\\\/\"]}]},{\"@type\":\"ImageObject\",\"inLanguage\":\"en-GB\",\"@id\":\"https:\\\/\\\/www.morenaelettrodomestici.com\\\/shop\\\/lavatrice-hoover-13kg-a-1400giri-inverter-wi-fi-hwe-413ambs-1-s\\\/#primaryimage\",\"url\":\"https:\\\/\\\/www.morenaelettrodomestici.com\\\/wp-content\\\/uploads\\\/2024\\\/05\\\/Lavatrice-13kg-hoover-HWE-413AMBS-1-S-1.jpg\",\"contentUrl\":\"https:\\\/\\\/www.morenaelettrodomestici.com\\\/wp-content\\\/uploads\\\/2024\\\/05\\\/Lavatrice-13kg-hoover-HWE-413AMBS-1-S-1.jpg\",\"width\":800,\"height\":800},{\"@type\":\"BreadcrumbList\",\"@id\":\"https:\\\/\\\/www.morenaelettrodomestici.com\\\/shop\\\/lavatrice-hoover-13kg-a-1400giri-inverter-wi-fi-hwe-413ambs-1-s\\\/#breadcrumb\",\"itemListElement\":[{\"@type\":\"ListItem\",\"position\":1,\"name\":\"Home\",\"item\":\"https:\\\/\\\/www.morenaelettrodomestici.com\\\/\"},{\"@type\":\"ListItem\",\"position\":2,\"name\":\"Shop\",\"item\":\"https:\\\/\\\/www.morenaelettrodomestici.com\\\/shop\\\/\"},{\"@type\":\"ListItem\",\"position\":3,\"name\":\"HWE413AMBS\\\/1-S Hoover Lavatrice 13kg A\"}]},{\"@type\":\"WebSite\",\"@id\":\"https:\\\/\\\/www.morenaelettrodomestici.com\\\/#website\",\"url\":\"https:\\\/\\\/www.morenaelettrodomestici.com\\\/\",\"name\":\"Morena\",\"description\":\"I migliori elettrodomestici a prezzi folli\",\"publisher\":{\"@id\":\"https:\\\/\\\/www.morenaelettrodomestici.com\\\/#organization\"},\"potentialAction\":[{\"@type\":\"SearchAction\",\"target\":{\"@type\":\"EntryPoint\",\"urlTemplate\":\"https:\\\/\\\/www.morenaelettrodomestici.com\\\/?s={search_term_string}\"},\"query-input\":{\"@type\":\"PropertyValueSpecification\",\"valueRequired\":true,\"valueName\":\"search_term_string\"}}],\"inLanguage\":\"en-GB\"},{\"@type\":\"Organization\",\"@id\":\"https:\\\/\\\/www.morenaelettrodomestici.com\\\/#organization\",\"name\":\"Morena Elettrodomestici\",\"url\":\"https:\\\/\\\/www.morenaelettrodomestici.com\\\/\",\"logo\":{\"@type\":\"ImageObject\",\"inLanguage\":\"en-GB\",\"@id\":\"https:\\\/\\\/www.morenaelettrodomestici.com\\\/#\\\/schema\\\/logo\\\/image\\\/\",\"url\":\"https:\\\/\\\/www.morenaelettrodomestici.com\\\/wp-content\\\/uploads\\\/2024\\\/05\\\/logo_Morena_srls-TRASPARENTE.png\",\"contentUrl\":\"https:\\\/\\\/www.morenaelettrodomestici.com\\\/wp-content\\\/uploads\\\/2024\\\/05\\\/logo_Morena_srls-TRASPARENTE.png\",\"width\":2264,\"height\":718,\"caption\":\"Morena Elettrodomestici\"},\"image\":{\"@id\":\"https:\\\/\\\/www.morenaelettrodomestici.com\\\/#\\\/schema\\\/logo\\\/image\\\/\"},\"sameAs\":[\"https:\\\/\\\/www.facebook.com\\\/morenaelettrodomestici\\\/\",\"https:\\\/\\\/www.instagram.com\\\/morena.elettrodomestici\\\/\",\"https:\\\/\\\/www.linkedin.com\\\/company-beta\\\/10507375\\\/\",\"https:\\\/\\\/www.youtube.com\\\/channel\\\/UCgdTfdgRUeVEnhI2Z4GRlFA\"]}]}<\/script>\n<!-- \/ Yoast SEO plugin. -->","yoast_head_json":{"title":"HWE413AMBS\/1-S Hoover Lavatrice 13kg A - Morena Elettrodomestici","description":"Acquista HWE413AMBS\/1-S Hoover Lavatrice 13kg A su Morena Elettrodomestici. Il tuo Negozio di Fiducia online con prezzi competitivi e prodotti di alta qualit\u00e0!","robots":{"index":"index","follow":"follow","max-snippet":"max-snippet:-1","max-image-preview":"max-image-preview:large","max-video-preview":"max-video-preview:-1"},"canonical":"https:\/\/www.morenaelettrodomestici.com\/en\/shop\/lavatrice-hoover-13kg-a-1400giri-inverter-wi-fi-hwe-413ambs-1-s\/","og_locale":"en_GB","og_type":"article","og_title":"HWE413AMBS\/1-S Hoover Lavatrice 13kg A - Morena Elettrodomestici","og_description":"Acquista HWE413AMBS\/1-S Hoover Lavatrice 13kg A su Morena Elettrodomestici. Il tuo Negozio di Fiducia online con prezzi competitivi e prodotti di alta qualit\u00e0!","og_url":"https:\/\/www.morenaelettrodomestici.com\/en\/shop\/lavatrice-hoover-13kg-a-1400giri-inverter-wi-fi-hwe-413ambs-1-s\/","og_site_name":"Morena Elettrodomestici","article_publisher":"https:\/\/www.facebook.com\/morenaelettrodomestici\/","article_modified_time":"2026-03-13T09:45:39+00:00","og_image":[{"width":800,"height":800,"url":"https:\/\/www.morenaelettrodomestici.com\/wp-content\/uploads\/2024\/05\/Lavatrice-13kg-hoover-HWE-413AMBS-1-S-1.jpg","type":"image\/jpeg"}],"twitter_card":"summary_large_image","twitter_misc":{"Estimated reading time":"2 minutes"},"schema":{"@context":"https:\/\/schema.org","@graph":[{"@type":"WebPage","@id":"https:\/\/www.morenaelettrodomestici.com\/shop\/lavatrice-hoover-13kg-a-1400giri-inverter-wi-fi-hwe-413ambs-1-s\/","url":"https:\/\/www.morenaelettrodomestici.com\/shop\/lavatrice-hoover-13kg-a-1400giri-inverter-wi-fi-hwe-413ambs-1-s\/","name":"HWE413AMBS\/1-S Hoover Lavatrice 13kg A - Morena Elettrodomestici","isPartOf":{"@id":"https:\/\/www.morenaelettrodomestici.com\/#website"},"primaryImageOfPage":{"@id":"https:\/\/www.morenaelettrodomestici.com\/shop\/lavatrice-hoover-13kg-a-1400giri-inverter-wi-fi-hwe-413ambs-1-s\/#primaryimage"},"image":{"@id":"https:\/\/www.morenaelettrodomestici.com\/shop\/lavatrice-hoover-13kg-a-1400giri-inverter-wi-fi-hwe-413ambs-1-s\/#primaryimage"},"thumbnailUrl":"https:\/\/www.morenaelettrodomestici.com\/wp-content\/uploads\/2024\/05\/Lavatrice-13kg-hoover-HWE-413AMBS-1-S-1.jpg","datePublished":"2024-07-15T14:39:47+00:00","dateModified":"2026-03-13T09:45:39+00:00","description":"Acquista HWE413AMBS\/1-S Hoover Lavatrice 13kg A su Morena Elettrodomestici. Il tuo Negozio di Fiducia online con prezzi competitivi e prodotti di alta qualit\u00e0!","breadcrumb":{"@id":"https:\/\/www.morenaelettrodomestici.com\/shop\/lavatrice-hoover-13kg-a-1400giri-inverter-wi-fi-hwe-413ambs-1-s\/#breadcrumb"},"inLanguage":"en-GB","potentialAction":[{"@type":"ReadAction","target":["https:\/\/www.morenaelettrodomestici.com\/shop\/lavatrice-hoover-13kg-a-1400giri-inverter-wi-fi-hwe-413ambs-1-s\/"]}]},{"@type":"ImageObject","inLanguage":"en-GB","@id":"https:\/\/www.morenaelettrodomestici.com\/shop\/lavatrice-hoover-13kg-a-1400giri-inverter-wi-fi-hwe-413ambs-1-s\/#primaryimage","url":"https:\/\/www.morenaelettrodomestici.com\/wp-content\/uploads\/2024\/05\/Lavatrice-13kg-hoover-HWE-413AMBS-1-S-1.jpg","contentUrl":"https:\/\/www.morenaelettrodomestici.com\/wp-content\/uploads\/2024\/05\/Lavatrice-13kg-hoover-HWE-413AMBS-1-S-1.jpg","width":800,"height":800},{"@type":"BreadcrumbList","@id":"https:\/\/www.morenaelettrodomestici.com\/shop\/lavatrice-hoover-13kg-a-1400giri-inverter-wi-fi-hwe-413ambs-1-s\/#breadcrumb","itemListElement":[{"@type":"ListItem","position":1,"name":"Home","item":"https:\/\/www.morenaelettrodomestici.com\/"},{"@type":"ListItem","position":2,"name":"Shop","item":"https:\/\/www.morenaelettrodomestici.com\/shop\/"},{"@type":"ListItem","position":3,"name":"HWE413AMBS\/1-S Hoover Lavatrice 13kg A"}]},{"@type":"WebSite","@id":"https:\/\/www.morenaelettrodomestici.com\/#website","url":"https:\/\/www.morenaelettrodomestici.com\/","name":"Morena","description":"I migliori elettrodomestici a prezzi folli","publisher":{"@id":"https:\/\/www.morenaelettrodomestici.com\/#organization"},"potentialAction":[{"@type":"SearchAction","target":{"@type":"EntryPoint","urlTemplate":"https:\/\/www.morenaelettrodomestici.com\/?s={search_term_string}"},"query-input":{"@type":"PropertyValueSpecification","valueRequired":true,"valueName":"search_term_string"}}],"inLanguage":"en-GB"},{"@type":"Organization","@id":"https:\/\/www.morenaelettrodomestici.com\/#organization","name":"Morena Elettrodomestici","url":"https:\/\/www.morenaelettrodomestici.com\/","logo":{"@type":"ImageObject","inLanguage":"en-GB","@id":"https:\/\/www.morenaelettrodomestici.com\/#\/schema\/logo\/image\/","url":"https:\/\/www.morenaelettrodomestici.com\/wp-content\/uploads\/2024\/05\/logo_Morena_srls-TRASPARENTE.png","contentUrl":"https:\/\/www.morenaelettrodomestici.com\/wp-content\/uploads\/2024\/05\/logo_Morena_srls-TRASPARENTE.png","width":2264,"height":718,"caption":"Morena Elettrodomestici"},"image":{"@id":"https:\/\/www.morenaelettrodomestici.com\/#\/schema\/logo\/image\/"},"sameAs":["https:\/\/www.facebook.com\/morenaelettrodomestici\/","https:\/\/www.instagram.com\/morena.elettrodomestici\/","https:\/\/www.linkedin.com\/company-beta\/10507375\/","https:\/\/www.youtube.com\/channel\/UCgdTfdgRUeVEnhI2Z4GRlFA"]}]}},"_links":{"self":[{"href":"https:\/\/www.morenaelettrodomestici.com\/en\/wp-json\/wp\/v2\/product\/39469","targetHints":{"allow":["GET"]}}],"collection":[{"href":"https:\/\/www.morenaelettrodomestici.com\/en\/wp-json\/wp\/v2\/product"}],"about":[{"href":"https:\/\/www.morenaelettrodomestici.com\/en\/wp-json\/wp\/v2\/types\/product"}],"version-history":[{"count":3,"href":"https:\/\/www.morenaelettrodomestici.com\/en\/wp-json\/wp\/v2\/product\/39469\/revisions"}],"predecessor-version":[{"id":51397,"href":"https:\/\/www.morenaelettrodomestici.com\/en\/wp-json\/wp\/v2\/product\/39469\/revisions\/51397"}],"wp:featuredmedia":[{"embeddable":true,"href":"https:\/\/www.morenaelettrodomestici.com\/en\/wp-json\/wp\/v2\/media\/5558"}],"wp:attachment":[{"href":"https:\/\/www.morenaelettrodomestici.com\/en\/wp-json\/wp\/v2\/media?parent=39469"}],"wp:term":[{"taxonomy":"product_brand","embeddable":true,"href":"https:\/\/www.morenaelettrodomestici.com\/en\/wp-json\/wp\/v2\/product_brand?post=39469"},{"taxonomy":"product_cat","embeddable":true,"href":"https:\/\/www.morenaelettrodomestici.com\/en\/wp-json\/wp\/v2\/product_cat?post=39469"},{"taxonomy":"product_tag","embeddable":true,"href":"https:\/\/www.morenaelettrodomestici.com\/en\/wp-json\/wp\/v2\/product_tag?post=39469"}],"curies":[{"name":"wp","href":"https:\/\/api.w.org\/{rel}","templated":true}]}}