{"id":39477,"date":"2024-07-15T14:39:51","date_gmt":"2024-07-15T14:39:51","guid":{"rendered":"https:\/\/www.morenaelettrodomestici.com\/?post_type=product&#038;p=39477"},"modified":"2024-07-15T14:40:08","modified_gmt":"2024-07-15T14:40:08","slug":"la-germania-amn965evit-cucina-lagermania-90x60cm-forno-elettrico-color-vino","status":"publish","type":"product","link":"https:\/\/www.morenaelettrodomestici.com\/en\/shop\/la-germania-amn965evit-cucina-lagermania-90x60cm-forno-elettrico-color-vino\/","title":{"rendered":"LA GERMANIA AMN965EVIT Cucina LaGermania 90x60cm  Forno Elettrico color vino"},"content":{"rendered":"<p><strong>LA GERMANIA AMN965EVIT<\/strong><\/p>\n<p>Cucina serie  Americana 90&#215;60 allestimento T<br \/>\nForno Elettrico Multifunzione VENTILATO<br \/>\nVINO<br \/>\nPiano di lavoro squadrato<br \/>\nDual Wok 5,0Kw<br \/>\nGriglie in ghisa PRO<br \/>\nTermometro<br \/>\nAlzatina<br \/>\nPiedi in acciaio regolabili in altezza<br \/>\nVentilazione tangenziale<br \/>\nIl generoso stile d&#8217;oltreoceano della Serie Americana offre, ad una casa elegante, il design robusto e la sicurezza di una cucina solida e d&#8217;alta ingegneria. Il forno a gas \u00e8 multifunzione e possiede 11 funzioni. La cucina \u00e8 dotata di termometro. Il piano cottura \u00e8 dotato di 5 fuochi a gas, incluso un bruciatore ad alto rendimento con doppia corona con potenza fino a 5kw. I colori visualizzati possono variare a seconda delle impostazioni e della risoluzione dello schermo del computer. <\/p>\n<p>Piano<br \/>\nAlimentazione piano:Gas<br \/>\nNumero fuochi gas:5<br \/>\nNumero griglie:3<br \/>\nGriglie:Ghisa<br \/>\nValvole di sicurezza:S\u00ec<br \/>\nDoppia corona:S\u00ec<br \/>\nNumero doppia corona:1<br \/>\nPosizionamento comandi:Frontali<br \/>\n<strong>Forno<\/strong><br \/>\nClasse energetica:A<br \/>\nAccensione elettronica:S\u00ec<br \/>\nCoperchio:No<br \/>\nAlimentazione forno:Elettrico<br \/>\nCapacit\u00e0 utile forno (l):85<br \/>\nVentilato:S\u00ec<br \/>\nSistema di pulizia:No<br \/>\nVentola tangenziale di raffreddamento:S\u00ec<br \/>\nTermostato:S\u00ec<br \/>\nGrill elettrico:S\u00ec<br \/>\nNumero funzioni cottura:11<br \/>\nFunzioni cottura:<br \/>\nLuce forno<br \/>\nResistenza superiore<br \/>\nResistenza inferiore forno elettrico<br \/>\nResistenza superiore e inferiore<br \/>\nGrill grande<br \/>\nGrill ventilato<br \/>\nResistenza circolare con ventola<br \/>\nResistenza inferiore e circolare con ventola<br \/>\nResistenza superiore e inferiore con ventola<br \/>\nPre-riscaldamento rapido<br \/>\nScongelamento forno elettrico<br \/>\nVetro porta:Triplo<br \/>\nNumero griglie forno:2<br \/>\nAltre funzioni e caratteristiche<br \/>\nAltre caratteristiche:<br \/>\nTermometro gradualit\u00e0 temperatura del forno<br \/>\nDual wok centrale 5kW<br \/>\nBruciatori in alluminio<br \/>\nPiano squadrato in acciaio inox<br \/>\nGriglie in ghisa<br \/>\nAlzatina in acciaio inox<br \/>\nManopole soft touch<br \/>\nNumero leccarde forno:2<br \/>\nForno secondario:No<br \/>\nLavastoviglie:No<\/p>\n<p>Accessori in dotazione<br \/>\nAccessori in dotazione:<br \/>\n2 Griglie<br \/>\n1 Vassoio<br \/>\n1 Griglia vassoio<\/p>\n<p><a href=\"https:\/\/www.morenaelettrodomestici.com\/en\/prodotti\/grandi-elettrodomestici\/cottura\/cucina\/\">Clicca qui per le altre cucine<\/a><\/p>\n<p><a href=\"https:\/\/it.lagermania.com\/prodotto\/90-5-bruciatori-forno-elettrico-2\/\">LA GERMANIA AMN965EVIT<\/a><\/p>","protected":false},"excerpt":{"rendered":"<p><font color=\"red\">CLICCA <strong><a href=\"https:\/\/www.youtube.com\/watch?v=VumRLaRDd7s&amp;t=271s\"><font color=\"red\">QUI<\/font><\/a><\/strong>  PER IL VIDEO<\/font><br \/>\n<font color=\"GREEN\">GUARDA IL VIDEO PER UNO <strong>SCONTO<\/strong><\/font><\/p>\n<p>&#8211; Classe energetica A<br \/>\n&#8211; Capienza netta forno: 85litri<br \/>\n&#8211; Forno GAS Elettrico multifunzione<br \/>\n&#8211; 11 funzioni di cottura<br \/>\n&#8211; Piano di lavoro in acciaio inossidabile, stampato in un pezzo unico, con 5 fuochi, di cui uno tripla corona da 5kW<br \/>\n&#8211; Porta forno dotata di 2 vetri<br \/>\n&#8211; Dimensioni (lxaxp) 90x91x60cm<\/p>","protected":false},"featured_media":5592,"template":"","meta":[],"product_brand":[],"product_cat":[95,140],"product_tag":[163,164],"class_list":{"0":"post-39477","1":"product","2":"type-product","3":"status-publish","4":"has-post-thumbnail","6":"product_cat-cottura","7":"product_cat-cucina","8":"product_tag-cucine-90x60","9":"product_tag-cucine-90x60-lagermania","10":"pa_alimentazione-elettrico","11":"pa_alimentazione-gas","12":"pa_colore-acciaio-inox","13":"pa_colore-rosso","14":"pa_larghezza-90cm","15":"pa_marca-lagermania","17":"first","18":"instock","19":"sale","20":"purchasable","21":"product-type-simple"},"yoast_head":"<!-- This site is optimized with the Yoast SEO plugin v25.5 - https:\/\/yoast.com\/wordpress\/plugins\/seo\/ -->\n<title>LA GERMANIA AMN965EVIT Cucina LaGermania 90x60cm Forno Elettrico color vino - Morena Elettrodomestici<\/title>\n<meta name=\"description\" content=\"Acquista LA GERMANIA AMN965EVIT Cucina LaGermania 90x60cm Forno Elettrico color vino su Morena Elettrodomestici. Il tuo Negozio di Fiducia online con prezzi competitivi e prodotti di alta qualit\u00e0!\" \/>\n<meta name=\"robots\" content=\"index, follow, max-snippet:-1, max-image-preview:large, max-video-preview:-1\" \/>\n<link rel=\"canonical\" href=\"https:\/\/www.morenaelettrodomestici.com\/en\/shop\/la-germania-amn965evit-cucina-lagermania-90x60cm-forno-elettrico-color-vino\/\" \/>\n<meta property=\"og:locale\" content=\"en_GB\" \/>\n<meta property=\"og:type\" content=\"article\" \/>\n<meta property=\"og:title\" content=\"LA GERMANIA AMN965EVIT Cucina LaGermania 90x60cm Forno Elettrico color vino - Morena Elettrodomestici\" \/>\n<meta property=\"og:description\" content=\"Acquista LA GERMANIA AMN965EVIT Cucina LaGermania 90x60cm Forno Elettrico color vino su Morena Elettrodomestici. Il tuo Negozio di Fiducia online con prezzi competitivi e prodotti di alta qualit\u00e0!\" \/>\n<meta property=\"og:url\" content=\"https:\/\/www.morenaelettrodomestici.com\/en\/shop\/la-germania-amn965evit-cucina-lagermania-90x60cm-forno-elettrico-color-vino\/\" \/>\n<meta property=\"og:site_name\" content=\"Morena Elettrodomestici\" \/>\n<meta property=\"article:publisher\" content=\"https:\/\/www.facebook.com\/morenaelettrodomestici\/\" \/>\n<meta property=\"article:modified_time\" content=\"2024-07-15T14:40:08+00:00\" \/>\n<meta property=\"og:image\" content=\"https:\/\/www.morenaelettrodomestici.com\/wp-content\/uploads\/2024\/05\/992366.jpg\" \/>\n\t<meta property=\"og:image:width\" content=\"700\" \/>\n\t<meta property=\"og:image:height\" content=\"700\" \/>\n\t<meta property=\"og:image:type\" content=\"image\/jpeg\" \/>\n<meta name=\"twitter:card\" content=\"summary_large_image\" \/>\n<meta name=\"twitter:label1\" content=\"Estimated reading time\" \/>\n\t<meta name=\"twitter:data1\" content=\"1 minute\" \/>\n<script type=\"application\/ld+json\" class=\"yoast-schema-graph\">{\"@context\":\"https:\/\/schema.org\",\"@graph\":[{\"@type\":\"WebPage\",\"@id\":\"https:\/\/www.morenaelettrodomestici.com\/shop\/la-germania-amn965evit-cucina-lagermania-90x60cm-forno-elettrico-color-vino\/\",\"url\":\"https:\/\/www.morenaelettrodomestici.com\/shop\/la-germania-amn965evit-cucina-lagermania-90x60cm-forno-elettrico-color-vino\/\",\"name\":\"LA GERMANIA AMN965EVIT Cucina LaGermania 90x60cm Forno Elettrico color vino - Morena Elettrodomestici\",\"isPartOf\":{\"@id\":\"https:\/\/www.morenaelettrodomestici.com\/#website\"},\"primaryImageOfPage\":{\"@id\":\"https:\/\/www.morenaelettrodomestici.com\/shop\/la-germania-amn965evit-cucina-lagermania-90x60cm-forno-elettrico-color-vino\/#primaryimage\"},\"image\":{\"@id\":\"https:\/\/www.morenaelettrodomestici.com\/shop\/la-germania-amn965evit-cucina-lagermania-90x60cm-forno-elettrico-color-vino\/#primaryimage\"},\"thumbnailUrl\":\"https:\/\/www.morenaelettrodomestici.com\/wp-content\/uploads\/2024\/05\/992366.jpg\",\"datePublished\":\"2024-07-15T14:39:51+00:00\",\"dateModified\":\"2024-07-15T14:40:08+00:00\",\"description\":\"Acquista LA GERMANIA AMN965EVIT Cucina LaGermania 90x60cm Forno Elettrico color vino su Morena Elettrodomestici. Il tuo Negozio di Fiducia online con prezzi competitivi e prodotti di alta qualit\u00e0!\",\"breadcrumb\":{\"@id\":\"https:\/\/www.morenaelettrodomestici.com\/shop\/la-germania-amn965evit-cucina-lagermania-90x60cm-forno-elettrico-color-vino\/#breadcrumb\"},\"inLanguage\":\"en-GB\",\"potentialAction\":[{\"@type\":\"ReadAction\",\"target\":[\"https:\/\/www.morenaelettrodomestici.com\/shop\/la-germania-amn965evit-cucina-lagermania-90x60cm-forno-elettrico-color-vino\/\"]}]},{\"@type\":\"ImageObject\",\"inLanguage\":\"en-GB\",\"@id\":\"https:\/\/www.morenaelettrodomestici.com\/shop\/la-germania-amn965evit-cucina-lagermania-90x60cm-forno-elettrico-color-vino\/#primaryimage\",\"url\":\"https:\/\/www.morenaelettrodomestici.com\/wp-content\/uploads\/2024\/05\/992366.jpg\",\"contentUrl\":\"https:\/\/www.morenaelettrodomestici.com\/wp-content\/uploads\/2024\/05\/992366.jpg\",\"width\":700,\"height\":700},{\"@type\":\"BreadcrumbList\",\"@id\":\"https:\/\/www.morenaelettrodomestici.com\/shop\/la-germania-amn965evit-cucina-lagermania-90x60cm-forno-elettrico-color-vino\/#breadcrumb\",\"itemListElement\":[{\"@type\":\"ListItem\",\"position\":1,\"name\":\"Home\",\"item\":\"https:\/\/www.morenaelettrodomestici.com\/\"},{\"@type\":\"ListItem\",\"position\":2,\"name\":\"Shop\",\"item\":\"https:\/\/www.morenaelettrodomestici.com\/shop\/\"},{\"@type\":\"ListItem\",\"position\":3,\"name\":\"LA GERMANIA AMN965EVIT Cucina LaGermania 90x60cm Forno Elettrico color vino\"}]},{\"@type\":\"WebSite\",\"@id\":\"https:\/\/www.morenaelettrodomestici.com\/#website\",\"url\":\"https:\/\/www.morenaelettrodomestici.com\/\",\"name\":\"Morena\",\"description\":\"I migliori elettrodomestici a prezzi folli\",\"publisher\":{\"@id\":\"https:\/\/www.morenaelettrodomestici.com\/#organization\"},\"potentialAction\":[{\"@type\":\"SearchAction\",\"target\":{\"@type\":\"EntryPoint\",\"urlTemplate\":\"https:\/\/www.morenaelettrodomestici.com\/?s={search_term_string}\"},\"query-input\":{\"@type\":\"PropertyValueSpecification\",\"valueRequired\":true,\"valueName\":\"search_term_string\"}}],\"inLanguage\":\"en-GB\"},{\"@type\":\"Organization\",\"@id\":\"https:\/\/www.morenaelettrodomestici.com\/#organization\",\"name\":\"Morena Elettrodomestici\",\"url\":\"https:\/\/www.morenaelettrodomestici.com\/\",\"logo\":{\"@type\":\"ImageObject\",\"inLanguage\":\"en-GB\",\"@id\":\"https:\/\/www.morenaelettrodomestici.com\/#\/schema\/logo\/image\/\",\"url\":\"https:\/\/www.morenaelettrodomestici.com\/wp-content\/uploads\/2024\/05\/logo_Morena_srls-TRASPARENTE.png\",\"contentUrl\":\"https:\/\/www.morenaelettrodomestici.com\/wp-content\/uploads\/2024\/05\/logo_Morena_srls-TRASPARENTE.png\",\"width\":2264,\"height\":718,\"caption\":\"Morena Elettrodomestici\"},\"image\":{\"@id\":\"https:\/\/www.morenaelettrodomestici.com\/#\/schema\/logo\/image\/\"},\"sameAs\":[\"https:\/\/www.facebook.com\/morenaelettrodomestici\/\",\"https:\/\/www.instagram.com\/morena.elettrodomestici\/\",\"https:\/\/www.linkedin.com\/company-beta\/10507375\/\",\"https:\/\/www.youtube.com\/channel\/UCgdTfdgRUeVEnhI2Z4GRlFA\"]}]}<\/script>\n<!-- \/ Yoast SEO plugin. -->","yoast_head_json":{"title":"LA GERMANIA AMN965EVIT Cucina LaGermania 90x60cm Forno Elettrico color vino - Morena Elettrodomestici","description":"Acquista LA GERMANIA AMN965EVIT Cucina LaGermania 90x60cm Forno Elettrico color vino su Morena Elettrodomestici. Il tuo Negozio di Fiducia online con prezzi competitivi e prodotti di alta qualit\u00e0!","robots":{"index":"index","follow":"follow","max-snippet":"max-snippet:-1","max-image-preview":"max-image-preview:large","max-video-preview":"max-video-preview:-1"},"canonical":"https:\/\/www.morenaelettrodomestici.com\/en\/shop\/la-germania-amn965evit-cucina-lagermania-90x60cm-forno-elettrico-color-vino\/","og_locale":"en_GB","og_type":"article","og_title":"LA GERMANIA AMN965EVIT Cucina LaGermania 90x60cm Forno Elettrico color vino - Morena Elettrodomestici","og_description":"Acquista LA GERMANIA AMN965EVIT Cucina LaGermania 90x60cm Forno Elettrico color vino su Morena Elettrodomestici. Il tuo Negozio di Fiducia online con prezzi competitivi e prodotti di alta qualit\u00e0!","og_url":"https:\/\/www.morenaelettrodomestici.com\/en\/shop\/la-germania-amn965evit-cucina-lagermania-90x60cm-forno-elettrico-color-vino\/","og_site_name":"Morena Elettrodomestici","article_publisher":"https:\/\/www.facebook.com\/morenaelettrodomestici\/","article_modified_time":"2024-07-15T14:40:08+00:00","og_image":[{"width":700,"height":700,"url":"https:\/\/www.morenaelettrodomestici.com\/wp-content\/uploads\/2024\/05\/992366.jpg","type":"image\/jpeg"}],"twitter_card":"summary_large_image","twitter_misc":{"Estimated reading time":"1 minute"},"schema":{"@context":"https:\/\/schema.org","@graph":[{"@type":"WebPage","@id":"https:\/\/www.morenaelettrodomestici.com\/shop\/la-germania-amn965evit-cucina-lagermania-90x60cm-forno-elettrico-color-vino\/","url":"https:\/\/www.morenaelettrodomestici.com\/shop\/la-germania-amn965evit-cucina-lagermania-90x60cm-forno-elettrico-color-vino\/","name":"LA GERMANIA AMN965EVIT Cucina LaGermania 90x60cm Forno Elettrico color vino - Morena Elettrodomestici","isPartOf":{"@id":"https:\/\/www.morenaelettrodomestici.com\/#website"},"primaryImageOfPage":{"@id":"https:\/\/www.morenaelettrodomestici.com\/shop\/la-germania-amn965evit-cucina-lagermania-90x60cm-forno-elettrico-color-vino\/#primaryimage"},"image":{"@id":"https:\/\/www.morenaelettrodomestici.com\/shop\/la-germania-amn965evit-cucina-lagermania-90x60cm-forno-elettrico-color-vino\/#primaryimage"},"thumbnailUrl":"https:\/\/www.morenaelettrodomestici.com\/wp-content\/uploads\/2024\/05\/992366.jpg","datePublished":"2024-07-15T14:39:51+00:00","dateModified":"2024-07-15T14:40:08+00:00","description":"Acquista LA GERMANIA AMN965EVIT Cucina LaGermania 90x60cm Forno Elettrico color vino su Morena Elettrodomestici. Il tuo Negozio di Fiducia online con prezzi competitivi e prodotti di alta qualit\u00e0!","breadcrumb":{"@id":"https:\/\/www.morenaelettrodomestici.com\/shop\/la-germania-amn965evit-cucina-lagermania-90x60cm-forno-elettrico-color-vino\/#breadcrumb"},"inLanguage":"en-GB","potentialAction":[{"@type":"ReadAction","target":["https:\/\/www.morenaelettrodomestici.com\/shop\/la-germania-amn965evit-cucina-lagermania-90x60cm-forno-elettrico-color-vino\/"]}]},{"@type":"ImageObject","inLanguage":"en-GB","@id":"https:\/\/www.morenaelettrodomestici.com\/shop\/la-germania-amn965evit-cucina-lagermania-90x60cm-forno-elettrico-color-vino\/#primaryimage","url":"https:\/\/www.morenaelettrodomestici.com\/wp-content\/uploads\/2024\/05\/992366.jpg","contentUrl":"https:\/\/www.morenaelettrodomestici.com\/wp-content\/uploads\/2024\/05\/992366.jpg","width":700,"height":700},{"@type":"BreadcrumbList","@id":"https:\/\/www.morenaelettrodomestici.com\/shop\/la-germania-amn965evit-cucina-lagermania-90x60cm-forno-elettrico-color-vino\/#breadcrumb","itemListElement":[{"@type":"ListItem","position":1,"name":"Home","item":"https:\/\/www.morenaelettrodomestici.com\/"},{"@type":"ListItem","position":2,"name":"Shop","item":"https:\/\/www.morenaelettrodomestici.com\/shop\/"},{"@type":"ListItem","position":3,"name":"LA GERMANIA AMN965EVIT Cucina LaGermania 90x60cm Forno Elettrico color vino"}]},{"@type":"WebSite","@id":"https:\/\/www.morenaelettrodomestici.com\/#website","url":"https:\/\/www.morenaelettrodomestici.com\/","name":"Morena","description":"I migliori elettrodomestici a prezzi folli","publisher":{"@id":"https:\/\/www.morenaelettrodomestici.com\/#organization"},"potentialAction":[{"@type":"SearchAction","target":{"@type":"EntryPoint","urlTemplate":"https:\/\/www.morenaelettrodomestici.com\/?s={search_term_string}"},"query-input":{"@type":"PropertyValueSpecification","valueRequired":true,"valueName":"search_term_string"}}],"inLanguage":"en-GB"},{"@type":"Organization","@id":"https:\/\/www.morenaelettrodomestici.com\/#organization","name":"Morena Elettrodomestici","url":"https:\/\/www.morenaelettrodomestici.com\/","logo":{"@type":"ImageObject","inLanguage":"en-GB","@id":"https:\/\/www.morenaelettrodomestici.com\/#\/schema\/logo\/image\/","url":"https:\/\/www.morenaelettrodomestici.com\/wp-content\/uploads\/2024\/05\/logo_Morena_srls-TRASPARENTE.png","contentUrl":"https:\/\/www.morenaelettrodomestici.com\/wp-content\/uploads\/2024\/05\/logo_Morena_srls-TRASPARENTE.png","width":2264,"height":718,"caption":"Morena Elettrodomestici"},"image":{"@id":"https:\/\/www.morenaelettrodomestici.com\/#\/schema\/logo\/image\/"},"sameAs":["https:\/\/www.facebook.com\/morenaelettrodomestici\/","https:\/\/www.instagram.com\/morena.elettrodomestici\/","https:\/\/www.linkedin.com\/company-beta\/10507375\/","https:\/\/www.youtube.com\/channel\/UCgdTfdgRUeVEnhI2Z4GRlFA"]}]}},"_links":{"self":[{"href":"https:\/\/www.morenaelettrodomestici.com\/en\/wp-json\/wp\/v2\/product\/39477","targetHints":{"allow":["GET"]}}],"collection":[{"href":"https:\/\/www.morenaelettrodomestici.com\/en\/wp-json\/wp\/v2\/product"}],"about":[{"href":"https:\/\/www.morenaelettrodomestici.com\/en\/wp-json\/wp\/v2\/types\/product"}],"version-history":[{"count":1,"href":"https:\/\/www.morenaelettrodomestici.com\/en\/wp-json\/wp\/v2\/product\/39477\/revisions"}],"predecessor-version":[{"id":39507,"href":"https:\/\/www.morenaelettrodomestici.com\/en\/wp-json\/wp\/v2\/product\/39477\/revisions\/39507"}],"wp:featuredmedia":[{"embeddable":true,"href":"https:\/\/www.morenaelettrodomestici.com\/en\/wp-json\/wp\/v2\/media\/5592"}],"wp:attachment":[{"href":"https:\/\/www.morenaelettrodomestici.com\/en\/wp-json\/wp\/v2\/media?parent=39477"}],"wp:term":[{"taxonomy":"product_brand","embeddable":true,"href":"https:\/\/www.morenaelettrodomestici.com\/en\/wp-json\/wp\/v2\/product_brand?post=39477"},{"taxonomy":"product_cat","embeddable":true,"href":"https:\/\/www.morenaelettrodomestici.com\/en\/wp-json\/wp\/v2\/product_cat?post=39477"},{"taxonomy":"product_tag","embeddable":true,"href":"https:\/\/www.morenaelettrodomestici.com\/en\/wp-json\/wp\/v2\/product_tag?post=39477"}],"curies":[{"name":"wp","href":"https:\/\/api.w.org\/{rel}","templated":true}]}}