{"id":39545,"date":"2024-07-15T14:40:30","date_gmt":"2024-07-15T14:40:30","guid":{"rendered":"https:\/\/www.morenaelettrodomestici.com\/?post_type=product&#038;p=39545"},"modified":"2026-03-24T18:00:21","modified_gmt":"2026-03-24T18:00:21","slug":"pro-total-inox-faber","status":"publish","type":"product","link":"https:\/\/www.morenaelettrodomestici.com\/en\/shop\/pro-total-inox-faber\/","title":{"rendered":"Pro Total Inox Faber Macchina a cialde"},"content":{"rendered":"<p><strong>Specifiche tecniche<\/strong><\/p>\n<figure class=\"table\">\n<table>\n<tbody>\n<tr>\n<td><strong>Corpo<\/strong><\/td>\n<td><strong>Acciaio Inox Aisi 410<\/strong><\/td>\n<\/tr>\n<tr>\n<td><strong>Vano Poggiatazze<\/strong><\/td>\n<td><strong>Si<\/strong><\/td>\n<\/tr>\n<tr>\n<td><strong>Piastra di supporto<\/strong><\/td>\n<td><strong>Cromo<\/strong><\/td>\n<\/tr>\n<tr>\n<td><strong>Leva<\/strong><\/td>\n<td><strong>Cromata<\/strong><\/td>\n<\/tr>\n<tr>\n<td><strong>Vaschetta raccogli acqua \/ Griglia<\/strong><\/td>\n<td><strong>Abs<\/strong><\/td>\n<\/tr>\n<tr>\n<td><strong>Pompa<\/strong><\/td>\n<td><strong>15 bar<\/strong><\/td>\n<\/tr>\n<tr>\n<td><strong>Scambiatore<\/strong><\/td>\n<td><strong>Alluminio<\/strong><\/td>\n<\/tr>\n<tr>\n<td><strong>Siluro<\/strong><\/td>\n<td><strong>Regolabile in ottone<\/strong><\/td>\n<\/tr>\n<tr>\n<td><strong>Pressacialda<\/strong><\/td>\n<td><strong>Regolabile in ottone<\/strong><\/td>\n<\/tr>\n<tr>\n<td><strong>Resistenza<\/strong><\/td>\n<td><strong>500 w<\/strong><\/td>\n<\/tr>\n<tr>\n<td><strong>Termoregolatore<\/strong><\/td>\n<td><strong>95\u00b0\/145\u00b0 RM<\/strong><\/td>\n<\/tr>\n<tr>\n<td><strong>Capacit\u00e0 serbatoio<\/strong><\/td>\n<td><strong>1.3lt<\/strong><\/td>\n<\/tr>\n<tr>\n<td><strong>Alimentazione<\/strong><\/td>\n<td><strong>220v &#8211; 50 Hz<\/strong><\/td>\n<\/tr>\n<tr>\n<td><strong>Dimensioni<\/strong><\/td>\n<td><strong>32x21x35 cm<\/strong><\/td>\n<\/tr>\n<\/tbody>\n<\/table>\n<\/figure>\n<p><strong>Optional<\/strong><\/p>\n<figure class=\"table\">\n<table>\n<tbody>\n<tr>\n<td><strong>Termostato a 98\u00b0<\/strong><\/td>\n<td><strong>Termostato da 98\u00b0 che aumenta la temperatura di circa 3 gradi rispetto a quella raggiunta dal termostato 95 (71, 73\u00b0)<\/strong><\/td>\n<\/tr>\n<tr>\n<td><strong>Elettrovalvola<\/strong><\/td>\n<td><strong>Lavora grazie a impulsi elettromagnetici che hanno il compito di limitare le goccioline fisiologiche post erogazione.<\/strong><\/td>\n<\/tr>\n<tr>\n<td><strong>Alimentazione 110v<\/strong><\/td>\n<td><strong>Alimentazione a 110v che sostituisce la 220v<\/strong><\/td>\n<\/tr>\n<tr>\n<td><strong>Termoblocco ottone<\/strong><\/td>\n<td><strong>Ottieni le massime prestazione con il nuovo temoblocco in ottone grazie all\u2019elevata conducibilit\u00e0 termica, che consente una spesa energetica contenuta e un\u2019altissima durabilit\u00e0<\/strong><\/td>\n<\/tr>\n<\/tbody>\n<\/table>\n<\/figure>\n<p>&nbsp;<\/p>\n<h3><i><strong>Optional Prezzi:<\/strong><\/i><br \/><i><strong>Da aggiungere nelle NOTE al momento dell\u2019ordine<\/strong><\/i><br \/><i><strong>Scrivere per disponibilit\u00e0 colore e dettagli al numero : 3500488338<\/strong><\/i><\/h3>\n<p><i><strong>Vuoi scoprire di pi\u00f9 sui nostri optional, <\/strong><\/i><a href=\"https:\/\/fabercoffeemachines.com\/optional\/\"><i><strong>clicca qui<\/strong><\/i><\/a><\/p>\n<p><img fetchpriority=\"high\" decoding=\"async\" src=\"https:\/\/www.fabercoffeemachines.com\/wp-content\/uploads\/2025\/02\/WhatsApp-Image-2025-02-26-at-13.06.21-1000x1000.jpeg\" alt=\"Bottiglia Vetro 1L\" width=\"1000\" height=\"1000\"><\/p>\n<p>Bottiglia Vetro 1L<strong>\u20ac15.00<\/strong><\/p>\n<p><img decoding=\"async\" src=\"https:\/\/www.fabercoffeemachines.com\/wp-content\/uploads\/2021\/12\/elettrovalvola-1000x1000.jpg\" width=\"1000\" height=\"1000\"><\/p>\n<p>Elettrovalvola<strong>\u20ac15.00<\/strong><\/p>\n<p><img decoding=\"async\" src=\"https:\/\/www.fabercoffeemachines.com\/wp-content\/uploads\/2021\/12\/portacialda-estraibile-1-1000x1000.jpg\" width=\"1000\" height=\"1000\"><\/p>\n<p>Portacialda estraibile <strong>\u20ac18.00<\/strong><\/p>\n<p><img loading=\"lazy\" decoding=\"async\" src=\"https:\/\/www.fabercoffeemachines.com\/wp-content\/uploads\/2022\/03\/termostato-1000x1000.png\" width=\"1000\" height=\"1000\"><\/p>\n<p>Termostato 98\u00b0<strong>\u20ac20.00<\/strong><\/p>\n<p>&nbsp;<\/p>\n<p><img loading=\"lazy\" decoding=\"async\" src=\"https:\/\/www.fabercoffeemachines.com\/wp-content\/uploads\/2022\/03\/3010ba7623ca153868eaee2012387b8d241e91c8_1024_1024-1000x1000.jpeg\" width=\"1000\" height=\"1000\"><\/p>\n<p>Alimentazione 110v<strong>\u20ac20.00<\/strong><\/p>\n<p>&nbsp;<\/p>\n<p><img loading=\"lazy\" decoding=\"async\" src=\"https:\/\/www.fabercoffeemachines.com\/wp-content\/uploads\/2022\/03\/cavo-svizzero-1000x1000.png\" width=\"1000\" height=\"1000\"><\/p>\n<p>Cavo svizzero<strong>\u20ac20.00<\/strong><\/p>\n<p><img loading=\"lazy\" decoding=\"async\" src=\"https:\/\/www.fabercoffeemachines.com\/wp-content\/uploads\/2022\/05\/termoblocco-1000x1000.png\" width=\"1000\" height=\"1000\"><\/p>\n<p>Termoblocco in ottone<strong>\u20ac50.00<\/strong><\/p>\n<h2><strong>Pulizia e manutenzione<\/strong><\/h2>\n<p><strong>I metalli, quali ottone e rame che col tempo potrebbero scurirsi, \u00e8 consigliata pulizia con un panno morbido unitamente ad un prodotto sgrassatore o alcool solo sulla parte interessata.<\/strong><\/p>\n<p><strong>Come per tutte le macchine a cialde, una corretta pulizia prevede la rimozione del filtro inferiore. Non \u00e8 una procedura semplicissima, ma fattibile: occorre una piccola brugola per rimuovere una piccola vite dietro il beccuccio. Il portacialde va poi svitato e pulito<\/strong><\/p>\n<p><strong>Esiste anche un portacialde magnetico, che costa solo pochi euro in pi\u00f9 di quello standard, che \u00e8 molto pi\u00f9 facile da rimuovere e da pulire. Per &nbsp;\u20ac18.00 euro in pi\u00f9, lo consiglio assolutamente.<\/strong><\/p>\n<p><strong>Per quanto riguarda la pulizia, raccomando sempre la decalcificazione della macchina a cialde una volta al mese o ogni mese e mezzo. Si possono utilizzare prodotti come il mio <\/strong><a href=\"https:\/\/www.morenaelettrodomestici.com\/en\/shop\/disincrostante-universale-axor-per-macchina-da-caffe\/\"><strong>Decalcificante <\/strong><\/a><strong>Axor<\/strong><a href=\"https:\/\/www.morenaelettrodomestici.com\/en\/shop\/disincrostante-universale-axor-per-macchina-da-caffe\/\"><strong>,<\/strong><\/a><strong> o altri.&nbsp;<\/strong><br \/><strong>Video dimostrativo Pulizia:<\/strong><\/p>\n<p><a href=\"https:\/\/vm.tiktok.com\/ZNdWJ9TUs\/\"><strong>https:\/\/vm.tiktok.com\/ZNdWJ9TUs\/<\/strong><\/a><\/p>","protected":false},"excerpt":{"rendered":"<p>&#8211; Corpo intero in acciaio inox<br \/>\u2013 Leva cromata<br \/>\u2013 Vaschetta in ABS<br \/>\u2013 Pressacialda regolabile in ottone<br \/>\u2013 Resistenza 500 W<br \/>\u2013 Capacit\u00e0 serbatoio 1,3 Lt.<\/p>\n<p><strong>ACCESSORI <\/strong><i><strong>(OPTIONAL)<\/strong><\/i><br \/>&nbsp;<\/p>","protected":false},"featured_media":39666,"template":"","meta":[],"product_brand":[],"product_cat":[430],"product_tag":[577,104,679],"class_list":{"0":"post-39545","1":"product","2":"type-product","3":"status-publish","4":"has-post-thumbnail","6":"product_cat-macchine-da-caffe","7":"product_tag-faber","8":"product_tag-idee-regalo-natale","9":"product_tag-total-inox","10":"pa_marca-faber","12":"first","13":"instock","14":"sale","15":"purchasable","16":"product-type-simple"},"yoast_head":"<!-- This site is optimized with the Yoast SEO plugin v27.5 - https:\/\/yoast.com\/product\/yoast-seo-wordpress\/ -->\n<title>Pro Total Inox Faber Macchina a cialde - Morena Elettrodomestici<\/title>\n<meta name=\"description\" content=\"Acquista Pro Total Inox Faber Macchina a cialde su Morena Elettrodomestici. Il tuo Negozio di Fiducia online con prezzi competitivi e prodotti di alta qualit\u00e0!\" \/>\n<meta name=\"robots\" content=\"index, follow, max-snippet:-1, max-image-preview:large, max-video-preview:-1\" \/>\n<link rel=\"canonical\" href=\"https:\/\/www.morenaelettrodomestici.com\/en\/shop\/pro-total-inox-faber\/\" \/>\n<meta property=\"og:locale\" content=\"en_GB\" \/>\n<meta property=\"og:type\" content=\"article\" \/>\n<meta property=\"og:title\" content=\"Pro Total Inox Faber Macchina a cialde - Morena Elettrodomestici\" \/>\n<meta property=\"og:description\" content=\"Acquista Pro Total Inox Faber Macchina a cialde su Morena Elettrodomestici. Il tuo Negozio di Fiducia online con prezzi competitivi e prodotti di alta qualit\u00e0!\" \/>\n<meta property=\"og:url\" content=\"https:\/\/www.morenaelettrodomestici.com\/en\/shop\/pro-total-inox-faber\/\" \/>\n<meta property=\"og:site_name\" content=\"Morena Elettrodomestici\" \/>\n<meta property=\"article:publisher\" content=\"https:\/\/www.facebook.com\/morenaelettrodomestici\/\" \/>\n<meta property=\"article:modified_time\" content=\"2026-03-24T18:00:21+00:00\" \/>\n<meta property=\"og:image\" content=\"https:\/\/www.morenaelettrodomestici.com\/wp-content\/uploads\/2024\/07\/Pro-Total-Inox.jpg\" \/>\n\t<meta property=\"og:image:width\" content=\"2048\" \/>\n\t<meta property=\"og:image:height\" content=\"2048\" \/>\n\t<meta property=\"og:image:type\" content=\"image\/jpeg\" \/>\n<meta name=\"twitter:card\" content=\"summary_large_image\" \/>\n<meta name=\"twitter:label1\" content=\"Estimated reading time\" \/>\n\t<meta name=\"twitter:data1\" content=\"1 minute\" \/>\n<script type=\"application\/ld+json\" class=\"yoast-schema-graph\">{\"@context\":\"https:\\\/\\\/schema.org\",\"@graph\":[{\"@type\":\"WebPage\",\"@id\":\"https:\\\/\\\/www.morenaelettrodomestici.com\\\/shop\\\/pro-total-inox-faber\\\/\",\"url\":\"https:\\\/\\\/www.morenaelettrodomestici.com\\\/shop\\\/pro-total-inox-faber\\\/\",\"name\":\"Pro Total Inox Faber Macchina a cialde - Morena Elettrodomestici\",\"isPartOf\":{\"@id\":\"https:\\\/\\\/www.morenaelettrodomestici.com\\\/#website\"},\"primaryImageOfPage\":{\"@id\":\"https:\\\/\\\/www.morenaelettrodomestici.com\\\/shop\\\/pro-total-inox-faber\\\/#primaryimage\"},\"image\":{\"@id\":\"https:\\\/\\\/www.morenaelettrodomestici.com\\\/shop\\\/pro-total-inox-faber\\\/#primaryimage\"},\"thumbnailUrl\":\"https:\\\/\\\/www.morenaelettrodomestici.com\\\/wp-content\\\/uploads\\\/2024\\\/07\\\/Pro-Total-Inox.jpg\",\"datePublished\":\"2024-07-15T14:40:30+00:00\",\"dateModified\":\"2026-03-24T18:00:21+00:00\",\"description\":\"Acquista Pro Total Inox Faber Macchina a cialde su Morena Elettrodomestici. Il tuo Negozio di Fiducia online con prezzi competitivi e prodotti di alta qualit\u00e0!\",\"breadcrumb\":{\"@id\":\"https:\\\/\\\/www.morenaelettrodomestici.com\\\/shop\\\/pro-total-inox-faber\\\/#breadcrumb\"},\"inLanguage\":\"en-GB\",\"potentialAction\":[{\"@type\":\"ReadAction\",\"target\":[\"https:\\\/\\\/www.morenaelettrodomestici.com\\\/shop\\\/pro-total-inox-faber\\\/\"]}]},{\"@type\":\"ImageObject\",\"inLanguage\":\"en-GB\",\"@id\":\"https:\\\/\\\/www.morenaelettrodomestici.com\\\/shop\\\/pro-total-inox-faber\\\/#primaryimage\",\"url\":\"https:\\\/\\\/www.morenaelettrodomestici.com\\\/wp-content\\\/uploads\\\/2024\\\/07\\\/Pro-Total-Inox.jpg\",\"contentUrl\":\"https:\\\/\\\/www.morenaelettrodomestici.com\\\/wp-content\\\/uploads\\\/2024\\\/07\\\/Pro-Total-Inox.jpg\",\"width\":2048,\"height\":2048},{\"@type\":\"BreadcrumbList\",\"@id\":\"https:\\\/\\\/www.morenaelettrodomestici.com\\\/shop\\\/pro-total-inox-faber\\\/#breadcrumb\",\"itemListElement\":[{\"@type\":\"ListItem\",\"position\":1,\"name\":\"Home\",\"item\":\"https:\\\/\\\/www.morenaelettrodomestici.com\\\/\"},{\"@type\":\"ListItem\",\"position\":2,\"name\":\"Shop\",\"item\":\"https:\\\/\\\/www.morenaelettrodomestici.com\\\/shop\\\/\"},{\"@type\":\"ListItem\",\"position\":3,\"name\":\"Pro Total Inox Faber Macchina a cialde\"}]},{\"@type\":\"WebSite\",\"@id\":\"https:\\\/\\\/www.morenaelettrodomestici.com\\\/#website\",\"url\":\"https:\\\/\\\/www.morenaelettrodomestici.com\\\/\",\"name\":\"Morena\",\"description\":\"I migliori elettrodomestici a prezzi folli\",\"publisher\":{\"@id\":\"https:\\\/\\\/www.morenaelettrodomestici.com\\\/#organization\"},\"potentialAction\":[{\"@type\":\"SearchAction\",\"target\":{\"@type\":\"EntryPoint\",\"urlTemplate\":\"https:\\\/\\\/www.morenaelettrodomestici.com\\\/?s={search_term_string}\"},\"query-input\":{\"@type\":\"PropertyValueSpecification\",\"valueRequired\":true,\"valueName\":\"search_term_string\"}}],\"inLanguage\":\"en-GB\"},{\"@type\":\"Organization\",\"@id\":\"https:\\\/\\\/www.morenaelettrodomestici.com\\\/#organization\",\"name\":\"Morena Elettrodomestici\",\"url\":\"https:\\\/\\\/www.morenaelettrodomestici.com\\\/\",\"logo\":{\"@type\":\"ImageObject\",\"inLanguage\":\"en-GB\",\"@id\":\"https:\\\/\\\/www.morenaelettrodomestici.com\\\/#\\\/schema\\\/logo\\\/image\\\/\",\"url\":\"https:\\\/\\\/www.morenaelettrodomestici.com\\\/wp-content\\\/uploads\\\/2024\\\/05\\\/logo_Morena_srls-TRASPARENTE.png\",\"contentUrl\":\"https:\\\/\\\/www.morenaelettrodomestici.com\\\/wp-content\\\/uploads\\\/2024\\\/05\\\/logo_Morena_srls-TRASPARENTE.png\",\"width\":2264,\"height\":718,\"caption\":\"Morena Elettrodomestici\"},\"image\":{\"@id\":\"https:\\\/\\\/www.morenaelettrodomestici.com\\\/#\\\/schema\\\/logo\\\/image\\\/\"},\"sameAs\":[\"https:\\\/\\\/www.facebook.com\\\/morenaelettrodomestici\\\/\",\"https:\\\/\\\/www.instagram.com\\\/morena.elettrodomestici\\\/\",\"https:\\\/\\\/www.linkedin.com\\\/company-beta\\\/10507375\\\/\",\"https:\\\/\\\/www.youtube.com\\\/channel\\\/UCgdTfdgRUeVEnhI2Z4GRlFA\"]}]}<\/script>\n<!-- \/ Yoast SEO plugin. -->","yoast_head_json":{"title":"Pro Total Inox Faber Macchina a cialde - Morena Elettrodomestici","description":"Acquista Pro Total Inox Faber Macchina a cialde su Morena Elettrodomestici. Il tuo Negozio di Fiducia online con prezzi competitivi e prodotti di alta qualit\u00e0!","robots":{"index":"index","follow":"follow","max-snippet":"max-snippet:-1","max-image-preview":"max-image-preview:large","max-video-preview":"max-video-preview:-1"},"canonical":"https:\/\/www.morenaelettrodomestici.com\/en\/shop\/pro-total-inox-faber\/","og_locale":"en_GB","og_type":"article","og_title":"Pro Total Inox Faber Macchina a cialde - Morena Elettrodomestici","og_description":"Acquista Pro Total Inox Faber Macchina a cialde su Morena Elettrodomestici. Il tuo Negozio di Fiducia online con prezzi competitivi e prodotti di alta qualit\u00e0!","og_url":"https:\/\/www.morenaelettrodomestici.com\/en\/shop\/pro-total-inox-faber\/","og_site_name":"Morena Elettrodomestici","article_publisher":"https:\/\/www.facebook.com\/morenaelettrodomestici\/","article_modified_time":"2026-03-24T18:00:21+00:00","og_image":[{"width":2048,"height":2048,"url":"https:\/\/www.morenaelettrodomestici.com\/wp-content\/uploads\/2024\/07\/Pro-Total-Inox.jpg","type":"image\/jpeg"}],"twitter_card":"summary_large_image","twitter_misc":{"Estimated reading time":"1 minute"},"schema":{"@context":"https:\/\/schema.org","@graph":[{"@type":"WebPage","@id":"https:\/\/www.morenaelettrodomestici.com\/shop\/pro-total-inox-faber\/","url":"https:\/\/www.morenaelettrodomestici.com\/shop\/pro-total-inox-faber\/","name":"Pro Total Inox Faber Macchina a cialde - Morena Elettrodomestici","isPartOf":{"@id":"https:\/\/www.morenaelettrodomestici.com\/#website"},"primaryImageOfPage":{"@id":"https:\/\/www.morenaelettrodomestici.com\/shop\/pro-total-inox-faber\/#primaryimage"},"image":{"@id":"https:\/\/www.morenaelettrodomestici.com\/shop\/pro-total-inox-faber\/#primaryimage"},"thumbnailUrl":"https:\/\/www.morenaelettrodomestici.com\/wp-content\/uploads\/2024\/07\/Pro-Total-Inox.jpg","datePublished":"2024-07-15T14:40:30+00:00","dateModified":"2026-03-24T18:00:21+00:00","description":"Acquista Pro Total Inox Faber Macchina a cialde su Morena Elettrodomestici. Il tuo Negozio di Fiducia online con prezzi competitivi e prodotti di alta qualit\u00e0!","breadcrumb":{"@id":"https:\/\/www.morenaelettrodomestici.com\/shop\/pro-total-inox-faber\/#breadcrumb"},"inLanguage":"en-GB","potentialAction":[{"@type":"ReadAction","target":["https:\/\/www.morenaelettrodomestici.com\/shop\/pro-total-inox-faber\/"]}]},{"@type":"ImageObject","inLanguage":"en-GB","@id":"https:\/\/www.morenaelettrodomestici.com\/shop\/pro-total-inox-faber\/#primaryimage","url":"https:\/\/www.morenaelettrodomestici.com\/wp-content\/uploads\/2024\/07\/Pro-Total-Inox.jpg","contentUrl":"https:\/\/www.morenaelettrodomestici.com\/wp-content\/uploads\/2024\/07\/Pro-Total-Inox.jpg","width":2048,"height":2048},{"@type":"BreadcrumbList","@id":"https:\/\/www.morenaelettrodomestici.com\/shop\/pro-total-inox-faber\/#breadcrumb","itemListElement":[{"@type":"ListItem","position":1,"name":"Home","item":"https:\/\/www.morenaelettrodomestici.com\/"},{"@type":"ListItem","position":2,"name":"Shop","item":"https:\/\/www.morenaelettrodomestici.com\/shop\/"},{"@type":"ListItem","position":3,"name":"Pro Total Inox Faber Macchina a cialde"}]},{"@type":"WebSite","@id":"https:\/\/www.morenaelettrodomestici.com\/#website","url":"https:\/\/www.morenaelettrodomestici.com\/","name":"Morena","description":"I migliori elettrodomestici a prezzi folli","publisher":{"@id":"https:\/\/www.morenaelettrodomestici.com\/#organization"},"potentialAction":[{"@type":"SearchAction","target":{"@type":"EntryPoint","urlTemplate":"https:\/\/www.morenaelettrodomestici.com\/?s={search_term_string}"},"query-input":{"@type":"PropertyValueSpecification","valueRequired":true,"valueName":"search_term_string"}}],"inLanguage":"en-GB"},{"@type":"Organization","@id":"https:\/\/www.morenaelettrodomestici.com\/#organization","name":"Morena Elettrodomestici","url":"https:\/\/www.morenaelettrodomestici.com\/","logo":{"@type":"ImageObject","inLanguage":"en-GB","@id":"https:\/\/www.morenaelettrodomestici.com\/#\/schema\/logo\/image\/","url":"https:\/\/www.morenaelettrodomestici.com\/wp-content\/uploads\/2024\/05\/logo_Morena_srls-TRASPARENTE.png","contentUrl":"https:\/\/www.morenaelettrodomestici.com\/wp-content\/uploads\/2024\/05\/logo_Morena_srls-TRASPARENTE.png","width":2264,"height":718,"caption":"Morena Elettrodomestici"},"image":{"@id":"https:\/\/www.morenaelettrodomestici.com\/#\/schema\/logo\/image\/"},"sameAs":["https:\/\/www.facebook.com\/morenaelettrodomestici\/","https:\/\/www.instagram.com\/morena.elettrodomestici\/","https:\/\/www.linkedin.com\/company-beta\/10507375\/","https:\/\/www.youtube.com\/channel\/UCgdTfdgRUeVEnhI2Z4GRlFA"]}]}},"_links":{"self":[{"href":"https:\/\/www.morenaelettrodomestici.com\/en\/wp-json\/wp\/v2\/product\/39545","targetHints":{"allow":["GET"]}}],"collection":[{"href":"https:\/\/www.morenaelettrodomestici.com\/en\/wp-json\/wp\/v2\/product"}],"about":[{"href":"https:\/\/www.morenaelettrodomestici.com\/en\/wp-json\/wp\/v2\/types\/product"}],"version-history":[{"count":7,"href":"https:\/\/www.morenaelettrodomestici.com\/en\/wp-json\/wp\/v2\/product\/39545\/revisions"}],"predecessor-version":[{"id":51433,"href":"https:\/\/www.morenaelettrodomestici.com\/en\/wp-json\/wp\/v2\/product\/39545\/revisions\/51433"}],"wp:featuredmedia":[{"embeddable":true,"href":"https:\/\/www.morenaelettrodomestici.com\/en\/wp-json\/wp\/v2\/media\/39666"}],"wp:attachment":[{"href":"https:\/\/www.morenaelettrodomestici.com\/en\/wp-json\/wp\/v2\/media?parent=39545"}],"wp:term":[{"taxonomy":"product_brand","embeddable":true,"href":"https:\/\/www.morenaelettrodomestici.com\/en\/wp-json\/wp\/v2\/product_brand?post=39545"},{"taxonomy":"product_cat","embeddable":true,"href":"https:\/\/www.morenaelettrodomestici.com\/en\/wp-json\/wp\/v2\/product_cat?post=39545"},{"taxonomy":"product_tag","embeddable":true,"href":"https:\/\/www.morenaelettrodomestici.com\/en\/wp-json\/wp\/v2\/product_tag?post=39545"}],"curies":[{"name":"wp","href":"https:\/\/api.w.org\/{rel}","templated":true}]}}