{"id":39615,"date":"2024-07-15T14:41:41","date_gmt":"2024-07-15T14:41:41","guid":{"rendered":"https:\/\/www.morenaelettrodomestici.com\/?post_type=product&#038;p=39615"},"modified":"2025-04-30T15:16:11","modified_gmt":"2025-04-30T15:16:11","slug":"servizio-piatti-carine-black-and-white-luminarc","status":"publish","type":"product","link":"https:\/\/www.morenaelettrodomestici.com\/en\/shop\/servizio-piatti-carine-black-and-white-luminarc\/","title":{"rendered":"Servizio piatti  19 pz Porcellana Omniacasa"},"content":{"rendered":"<ul>\n<li>Eleganza senza tempo: Il design a effetto marmo bianco e tortora conferisce al servizio un&#8217;eleganza senza tempo, perfetto per qualsiasi occasione, da una cena informale a un evento pi\u00f9 formale e linee squadrate e il motivo a venature del marmo donano al servizio un tocco di modernit\u00e0 e originalit\u00e0, rendendolo un pezzo unico per la tua tavola.<\/li>\n<li>Il set \u00e8 composto da: Sei piatti piani (24cm), sei piatti fondi (23cm), sei piatti frutta (19cm) ed 1 insalatiera.<\/li>\n<li>Realizzato con materiali di alta qualit\u00e0, il servizio \u00e8 resistente agli urti e ai graffi, garantendo una lunga durata nel tempo. I piatti sono lavabili in lavastoviglie.<\/li>\n<li>GARANZIA: ricambi gratuti nel caso in cui i piatti presentino difetti o consegnati danneggiati.<\/li>\n<li>Eleganza senza tempo: Il design a effetto marmo bianco e tortora conferisce al servizio un&#8217;eleganza senza tempo, perfetto per qualsiasi occasione, da una cena informale a un evento pi\u00f9 formale e linee squadrate e il motivo a venature del marmo donano al servizio un tocco di modernit\u00e0 e originalit\u00e0, rendendolo un pezzo unico per la tua tavola.<\/li>\n<li>Il set \u00e8 composto da: Sei piatti piani (24cm), sei piatti fondi (23cm), sei piatti frutta (19cm) ed 1 insalatiera.<\/li>\n<li>Realizzato con materiali di alta qualit\u00e0, il servizio \u00e8 resistente agli urti e ai graffi, garantendo una lunga durata nel tempo. I piatti sono lavabili in lavastoviglie.<\/li>\n<li>GARANZIA: ricambi gratuti nel caso in cui i piatti presentino difetti o consegnati danneggiati.<\/li>\n<\/ul>\n<p>&nbsp;<\/p>\n<p>Eleganza senza tempo, praticit\u00e0 quotidiana.<br \/>Sarai conquistato dall&#8217;eleganza senza tempo di questo servizio di piatti in porcellana, caratterizzato da un raffinato motivo a marmo bianco e tortora. Le linee squadrate e le venature donano un tocco di originalit\u00e0 e modernit\u00e0 alla tua tavola<br \/>Realizzato con porcellana di alta qualit\u00e0, questo set \u00e8 robusto e resistente agli urti, la qualit\u00e0 del decoro \u00e8 tangibile al tocco ed \u00e8 fatto per durare nel tempo ed ai frequenti lavaggi in lavastoviglie. La finitura liscia e lucida facilita la pulizia, rendendolo perfetto per un uso quotidiano.<\/p>","protected":false},"excerpt":{"rendered":"<p>Il set \u00e8 composto da: 6 piatti piani (24cm), 6 piatti fondi (23cm), 6 piatti frutta (19cm) ed 1 insalatiera.<\/p>\n<h2>Porcellana<\/h2>\n<p>Disponibili in &nbsp;vari colorazioni<br \/>Bianco e NERO<\/p>\n<p>Bianco e Tortora<\/p>\n<p>Bianco e Grigio<\/p>","protected":false},"featured_media":49258,"template":"","meta":[],"product_brand":[],"product_cat":[686],"product_tag":[687,688],"class_list":{"0":"post-39615","1":"product","2":"type-product","3":"status-publish","4":"has-post-thumbnail","6":"product_cat-servizi-di-piatti","7":"product_tag-servizio-piatti","8":"product_tag-servizio-piatti-per-6-persone","9":"pa_marca-luminarc","11":"first","12":"instock","13":"sale","14":"purchasable","15":"product-type-simple"},"yoast_head":"<!-- This site is optimized with the Yoast SEO plugin v25.5 - https:\/\/yoast.com\/wordpress\/plugins\/seo\/ -->\n<title>Servizio piatti 19 pz Porcellana Omniacasa - Morena Elettrodomestici<\/title>\n<meta name=\"description\" content=\"Acquista Servizio piatti 19 pz Porcellana Omniacasa su Morena Elettrodomestici. Il tuo Negozio di Fiducia online con prezzi competitivi e prodotti di alta qualit\u00e0!\" \/>\n<meta name=\"robots\" content=\"index, follow, max-snippet:-1, max-image-preview:large, max-video-preview:-1\" \/>\n<link rel=\"canonical\" href=\"https:\/\/www.morenaelettrodomestici.com\/en\/shop\/servizio-piatti-carine-black-and-white-luminarc\/\" \/>\n<meta property=\"og:locale\" content=\"en_GB\" \/>\n<meta property=\"og:type\" content=\"article\" \/>\n<meta property=\"og:title\" content=\"Servizio piatti 19 pz Porcellana Omniacasa - Morena Elettrodomestici\" \/>\n<meta property=\"og:description\" content=\"Acquista Servizio piatti 19 pz Porcellana Omniacasa su Morena Elettrodomestici. Il tuo Negozio di Fiducia online con prezzi competitivi e prodotti di alta qualit\u00e0!\" \/>\n<meta property=\"og:url\" content=\"https:\/\/www.morenaelettrodomestici.com\/en\/shop\/servizio-piatti-carine-black-and-white-luminarc\/\" \/>\n<meta property=\"og:site_name\" content=\"Morena Elettrodomestici\" \/>\n<meta property=\"article:publisher\" content=\"https:\/\/www.facebook.com\/morenaelettrodomestici\/\" \/>\n<meta property=\"article:modified_time\" content=\"2025-04-30T15:16:11+00:00\" \/>\n<meta property=\"og:image\" content=\"https:\/\/www.morenaelettrodomestici.com\/wp-content\/uploads\/2024\/07\/LUMINARC-Carine-White-Black.jpg\" \/>\n\t<meta property=\"og:image:width\" content=\"720\" \/>\n\t<meta property=\"og:image:height\" content=\"720\" \/>\n\t<meta property=\"og:image:type\" content=\"image\/jpeg\" \/>\n<meta name=\"twitter:card\" content=\"summary_large_image\" \/>\n<meta name=\"twitter:label1\" content=\"Estimated reading time\" \/>\n\t<meta name=\"twitter:data1\" content=\"2 minutes\" \/>\n<script type=\"application\/ld+json\" class=\"yoast-schema-graph\">{\"@context\":\"https:\/\/schema.org\",\"@graph\":[{\"@type\":\"WebPage\",\"@id\":\"https:\/\/www.morenaelettrodomestici.com\/shop\/servizio-piatti-carine-black-and-white-luminarc\/\",\"url\":\"https:\/\/www.morenaelettrodomestici.com\/shop\/servizio-piatti-carine-black-and-white-luminarc\/\",\"name\":\"Servizio piatti 19 pz Porcellana Omniacasa - Morena Elettrodomestici\",\"isPartOf\":{\"@id\":\"https:\/\/www.morenaelettrodomestici.com\/#website\"},\"primaryImageOfPage\":{\"@id\":\"https:\/\/www.morenaelettrodomestici.com\/shop\/servizio-piatti-carine-black-and-white-luminarc\/#primaryimage\"},\"image\":{\"@id\":\"https:\/\/www.morenaelettrodomestici.com\/shop\/servizio-piatti-carine-black-and-white-luminarc\/#primaryimage\"},\"thumbnailUrl\":\"https:\/\/www.morenaelettrodomestici.com\/wp-content\/uploads\/2025\/04\/9132.jpg\",\"datePublished\":\"2024-07-15T14:41:41+00:00\",\"dateModified\":\"2025-04-30T15:16:11+00:00\",\"description\":\"Acquista Servizio piatti 19 pz Porcellana Omniacasa su Morena Elettrodomestici. Il tuo Negozio di Fiducia online con prezzi competitivi e prodotti di alta qualit\u00e0!\",\"breadcrumb\":{\"@id\":\"https:\/\/www.morenaelettrodomestici.com\/shop\/servizio-piatti-carine-black-and-white-luminarc\/#breadcrumb\"},\"inLanguage\":\"en-GB\",\"potentialAction\":[{\"@type\":\"ReadAction\",\"target\":[\"https:\/\/www.morenaelettrodomestici.com\/shop\/servizio-piatti-carine-black-and-white-luminarc\/\"]}]},{\"@type\":\"ImageObject\",\"inLanguage\":\"en-GB\",\"@id\":\"https:\/\/www.morenaelettrodomestici.com\/shop\/servizio-piatti-carine-black-and-white-luminarc\/#primaryimage\",\"url\":\"https:\/\/www.morenaelettrodomestici.com\/wp-content\/uploads\/2025\/04\/9132.jpg\",\"contentUrl\":\"https:\/\/www.morenaelettrodomestici.com\/wp-content\/uploads\/2025\/04\/9132.jpg\",\"width\":1600,\"height\":1600},{\"@type\":\"BreadcrumbList\",\"@id\":\"https:\/\/www.morenaelettrodomestici.com\/shop\/servizio-piatti-carine-black-and-white-luminarc\/#breadcrumb\",\"itemListElement\":[{\"@type\":\"ListItem\",\"position\":1,\"name\":\"Home\",\"item\":\"https:\/\/www.morenaelettrodomestici.com\/\"},{\"@type\":\"ListItem\",\"position\":2,\"name\":\"Shop\",\"item\":\"https:\/\/www.morenaelettrodomestici.com\/shop\/\"},{\"@type\":\"ListItem\",\"position\":3,\"name\":\"Servizio piatti 19 pz Porcellana Omniacasa\"}]},{\"@type\":\"WebSite\",\"@id\":\"https:\/\/www.morenaelettrodomestici.com\/#website\",\"url\":\"https:\/\/www.morenaelettrodomestici.com\/\",\"name\":\"Morena\",\"description\":\"I migliori elettrodomestici a prezzi folli\",\"publisher\":{\"@id\":\"https:\/\/www.morenaelettrodomestici.com\/#organization\"},\"potentialAction\":[{\"@type\":\"SearchAction\",\"target\":{\"@type\":\"EntryPoint\",\"urlTemplate\":\"https:\/\/www.morenaelettrodomestici.com\/?s={search_term_string}\"},\"query-input\":{\"@type\":\"PropertyValueSpecification\",\"valueRequired\":true,\"valueName\":\"search_term_string\"}}],\"inLanguage\":\"en-GB\"},{\"@type\":\"Organization\",\"@id\":\"https:\/\/www.morenaelettrodomestici.com\/#organization\",\"name\":\"Morena Elettrodomestici\",\"url\":\"https:\/\/www.morenaelettrodomestici.com\/\",\"logo\":{\"@type\":\"ImageObject\",\"inLanguage\":\"en-GB\",\"@id\":\"https:\/\/www.morenaelettrodomestici.com\/#\/schema\/logo\/image\/\",\"url\":\"https:\/\/www.morenaelettrodomestici.com\/wp-content\/uploads\/2024\/05\/logo_Morena_srls-TRASPARENTE.png\",\"contentUrl\":\"https:\/\/www.morenaelettrodomestici.com\/wp-content\/uploads\/2024\/05\/logo_Morena_srls-TRASPARENTE.png\",\"width\":2264,\"height\":718,\"caption\":\"Morena Elettrodomestici\"},\"image\":{\"@id\":\"https:\/\/www.morenaelettrodomestici.com\/#\/schema\/logo\/image\/\"},\"sameAs\":[\"https:\/\/www.facebook.com\/morenaelettrodomestici\/\",\"https:\/\/www.instagram.com\/morena.elettrodomestici\/\",\"https:\/\/www.linkedin.com\/company-beta\/10507375\/\",\"https:\/\/www.youtube.com\/channel\/UCgdTfdgRUeVEnhI2Z4GRlFA\"]}]}<\/script>\n<!-- \/ Yoast SEO plugin. -->","yoast_head_json":{"title":"Servizio piatti 19 pz Porcellana Omniacasa - Morena Elettrodomestici","description":"Acquista Servizio piatti 19 pz Porcellana Omniacasa su Morena Elettrodomestici. Il tuo Negozio di Fiducia online con prezzi competitivi e prodotti di alta qualit\u00e0!","robots":{"index":"index","follow":"follow","max-snippet":"max-snippet:-1","max-image-preview":"max-image-preview:large","max-video-preview":"max-video-preview:-1"},"canonical":"https:\/\/www.morenaelettrodomestici.com\/en\/shop\/servizio-piatti-carine-black-and-white-luminarc\/","og_locale":"en_GB","og_type":"article","og_title":"Servizio piatti 19 pz Porcellana Omniacasa - Morena Elettrodomestici","og_description":"Acquista Servizio piatti 19 pz Porcellana Omniacasa su Morena Elettrodomestici. Il tuo Negozio di Fiducia online con prezzi competitivi e prodotti di alta qualit\u00e0!","og_url":"https:\/\/www.morenaelettrodomestici.com\/en\/shop\/servizio-piatti-carine-black-and-white-luminarc\/","og_site_name":"Morena Elettrodomestici","article_publisher":"https:\/\/www.facebook.com\/morenaelettrodomestici\/","article_modified_time":"2025-04-30T15:16:11+00:00","og_image":[{"width":720,"height":720,"url":"https:\/\/www.morenaelettrodomestici.com\/wp-content\/uploads\/2024\/07\/LUMINARC-Carine-White-Black.jpg","type":"image\/jpeg"}],"twitter_card":"summary_large_image","twitter_misc":{"Estimated reading time":"2 minutes"},"schema":{"@context":"https:\/\/schema.org","@graph":[{"@type":"WebPage","@id":"https:\/\/www.morenaelettrodomestici.com\/shop\/servizio-piatti-carine-black-and-white-luminarc\/","url":"https:\/\/www.morenaelettrodomestici.com\/shop\/servizio-piatti-carine-black-and-white-luminarc\/","name":"Servizio piatti 19 pz Porcellana Omniacasa - Morena Elettrodomestici","isPartOf":{"@id":"https:\/\/www.morenaelettrodomestici.com\/#website"},"primaryImageOfPage":{"@id":"https:\/\/www.morenaelettrodomestici.com\/shop\/servizio-piatti-carine-black-and-white-luminarc\/#primaryimage"},"image":{"@id":"https:\/\/www.morenaelettrodomestici.com\/shop\/servizio-piatti-carine-black-and-white-luminarc\/#primaryimage"},"thumbnailUrl":"https:\/\/www.morenaelettrodomestici.com\/wp-content\/uploads\/2025\/04\/9132.jpg","datePublished":"2024-07-15T14:41:41+00:00","dateModified":"2025-04-30T15:16:11+00:00","description":"Acquista Servizio piatti 19 pz Porcellana Omniacasa su Morena Elettrodomestici. Il tuo Negozio di Fiducia online con prezzi competitivi e prodotti di alta qualit\u00e0!","breadcrumb":{"@id":"https:\/\/www.morenaelettrodomestici.com\/shop\/servizio-piatti-carine-black-and-white-luminarc\/#breadcrumb"},"inLanguage":"en-GB","potentialAction":[{"@type":"ReadAction","target":["https:\/\/www.morenaelettrodomestici.com\/shop\/servizio-piatti-carine-black-and-white-luminarc\/"]}]},{"@type":"ImageObject","inLanguage":"en-GB","@id":"https:\/\/www.morenaelettrodomestici.com\/shop\/servizio-piatti-carine-black-and-white-luminarc\/#primaryimage","url":"https:\/\/www.morenaelettrodomestici.com\/wp-content\/uploads\/2025\/04\/9132.jpg","contentUrl":"https:\/\/www.morenaelettrodomestici.com\/wp-content\/uploads\/2025\/04\/9132.jpg","width":1600,"height":1600},{"@type":"BreadcrumbList","@id":"https:\/\/www.morenaelettrodomestici.com\/shop\/servizio-piatti-carine-black-and-white-luminarc\/#breadcrumb","itemListElement":[{"@type":"ListItem","position":1,"name":"Home","item":"https:\/\/www.morenaelettrodomestici.com\/"},{"@type":"ListItem","position":2,"name":"Shop","item":"https:\/\/www.morenaelettrodomestici.com\/shop\/"},{"@type":"ListItem","position":3,"name":"Servizio piatti 19 pz Porcellana Omniacasa"}]},{"@type":"WebSite","@id":"https:\/\/www.morenaelettrodomestici.com\/#website","url":"https:\/\/www.morenaelettrodomestici.com\/","name":"Morena","description":"I migliori elettrodomestici a prezzi folli","publisher":{"@id":"https:\/\/www.morenaelettrodomestici.com\/#organization"},"potentialAction":[{"@type":"SearchAction","target":{"@type":"EntryPoint","urlTemplate":"https:\/\/www.morenaelettrodomestici.com\/?s={search_term_string}"},"query-input":{"@type":"PropertyValueSpecification","valueRequired":true,"valueName":"search_term_string"}}],"inLanguage":"en-GB"},{"@type":"Organization","@id":"https:\/\/www.morenaelettrodomestici.com\/#organization","name":"Morena Elettrodomestici","url":"https:\/\/www.morenaelettrodomestici.com\/","logo":{"@type":"ImageObject","inLanguage":"en-GB","@id":"https:\/\/www.morenaelettrodomestici.com\/#\/schema\/logo\/image\/","url":"https:\/\/www.morenaelettrodomestici.com\/wp-content\/uploads\/2024\/05\/logo_Morena_srls-TRASPARENTE.png","contentUrl":"https:\/\/www.morenaelettrodomestici.com\/wp-content\/uploads\/2024\/05\/logo_Morena_srls-TRASPARENTE.png","width":2264,"height":718,"caption":"Morena Elettrodomestici"},"image":{"@id":"https:\/\/www.morenaelettrodomestici.com\/#\/schema\/logo\/image\/"},"sameAs":["https:\/\/www.facebook.com\/morenaelettrodomestici\/","https:\/\/www.instagram.com\/morena.elettrodomestici\/","https:\/\/www.linkedin.com\/company-beta\/10507375\/","https:\/\/www.youtube.com\/channel\/UCgdTfdgRUeVEnhI2Z4GRlFA"]}]}},"_links":{"self":[{"href":"https:\/\/www.morenaelettrodomestici.com\/en\/wp-json\/wp\/v2\/product\/39615","targetHints":{"allow":["GET"]}}],"collection":[{"href":"https:\/\/www.morenaelettrodomestici.com\/en\/wp-json\/wp\/v2\/product"}],"about":[{"href":"https:\/\/www.morenaelettrodomestici.com\/en\/wp-json\/wp\/v2\/types\/product"}],"version-history":[{"count":2,"href":"https:\/\/www.morenaelettrodomestici.com\/en\/wp-json\/wp\/v2\/product\/39615\/revisions"}],"predecessor-version":[{"id":49261,"href":"https:\/\/www.morenaelettrodomestici.com\/en\/wp-json\/wp\/v2\/product\/39615\/revisions\/49261"}],"wp:featuredmedia":[{"embeddable":true,"href":"https:\/\/www.morenaelettrodomestici.com\/en\/wp-json\/wp\/v2\/media\/49258"}],"wp:attachment":[{"href":"https:\/\/www.morenaelettrodomestici.com\/en\/wp-json\/wp\/v2\/media?parent=39615"}],"wp:term":[{"taxonomy":"product_brand","embeddable":true,"href":"https:\/\/www.morenaelettrodomestici.com\/en\/wp-json\/wp\/v2\/product_brand?post=39615"},{"taxonomy":"product_cat","embeddable":true,"href":"https:\/\/www.morenaelettrodomestici.com\/en\/wp-json\/wp\/v2\/product_cat?post=39615"},{"taxonomy":"product_tag","embeddable":true,"href":"https:\/\/www.morenaelettrodomestici.com\/en\/wp-json\/wp\/v2\/product_tag?post=39615"}],"curies":[{"name":"wp","href":"https:\/\/api.w.org\/{rel}","templated":true}]}}