{"id":39652,"date":"2024-07-15T14:42:19","date_gmt":"2024-07-15T14:42:19","guid":{"rendered":"https:\/\/www.morenaelettrodomestici.com\/?post_type=product&#038;p=39652"},"modified":"2025-04-18T16:16:52","modified_gmt":"2025-04-18T16:16:52","slug":"piano-cottura-la-germania-90cm-nero-5-fuochi-p905llaggn","status":"publish","type":"product","link":"https:\/\/www.morenaelettrodomestici.com\/en\/shop\/piano-cottura-la-germania-90cm-nero-5-fuochi-p905llaggn\/","title":{"rendered":"P905LLAGGN Piano cottura La Germania 90cm Nero 5 fuochi"},"content":{"rendered":"<p>Questo piano cottura a gas da 90 cm \u00e8 in elegante vetro nero. I suoi cinque fuochi in nero opaco su una struttura monoblocco e le precise manopole in metallo garantiscono una cottura semplice, versatile e impeccabile. Il doppio bruciatore wok laterale da 5 kW aumenta ulteriormente le possibilit\u00e0 di cottura. La griglia di appoggio singola in ghisa \u00e8 robusta e sicura.<br \/><strong>Piani cottura a gas su vetro nero<\/strong><br \/>Il contrasto della superficie lucida del piano di lavoro con la finitura opaca di bruciatori e griglie crea un look affascinante e moderno.<br \/>Il vetro temperato, dello spessore di 6mm, permette una installazione a semi-filo, garantendo la massima resistenza al calore; il profilo frontale \u00e8 arricchito da una preziosa bisellattura.<br \/>I piani in vetro montano i nuovi bruciatori Monobloc che uniscono in un pezzo unico tutte le parti del bruciatore. La pulizia \u00e8 pi\u00f9 veloce e mai pi\u00f9 spartifiamma fuori posto.<br \/><strong>Dettagli tecnici<\/strong><br \/>Materiale di supporto della pentola Ghisa<br \/>Bruciatore grande 3000 W<br \/>Tipo di superficie superiore Vetro temperato<br \/>Bruciatore piccolo 1000 W<br \/>Numero totale elementi piano cottura 5<br \/>Bruciatore medio 1750 W<br \/>Posizione bruciatore per padella wok Sinistra<br \/>Bruciatore per padella wok<br \/>Installazione Incasso<br \/>Numero di fornelli 5<br \/>Accensione elettronica<br \/>Numero di piani cottura utilizzabili contemporaneamente 5<br \/><strong>Dimensioni e peso<\/strong><br \/>Larghezza 893 mm<br \/>Profondit\u00e0 525 mm<br \/>Altezza 51 mm<br \/>Larghezza del compartimento 850 mm<br \/>Profondit\u00e0 del compartimento 480 mm<br \/>Gestione energetica<br \/>Potenza aggregata (elettrica) 1 W<br \/>Potenza aggregata (gas) 12500 W<br \/>Tensione di ingresso AC 220 &#8211; 240 V<br \/>Frequenza di ingresso AC 50\/60 Hz<br \/>Corrente 1 A<br \/>Prestazione<br \/>Fornello per wok 5000 W<br \/><strong>Design<\/strong><br \/>Forma della zona cottura\/del fornello regolare Rotondo<br \/>Tipo di piano cottura Gas<br \/>Forma della zona cottura\/del fornello ampia Rotondo<br \/>Fornello per wok 5000 W<br \/>Posizionamento dell&#8217;apparecchio Da incasso<br \/>Forma del fornello per cottura a fuoco lento\/della zona cottura Rotondo<br \/>Ergonomia<br \/>Tipo di controllo Manopola<br \/>Posizione di controllo Frontale superiore<\/p>","protected":false},"excerpt":{"rendered":"<p>\u2018- Tipo di piano cottura Gas<br \/>\u2013 Tipo di superficie superiore Vetro temperato<br \/>\u2013 Numero di fornelli 5<br \/>\u2013 Tipo di controllo Manopola<br \/>\u2013 Bruciatore medio 1750 W<\/p>","protected":false},"featured_media":39781,"template":"","meta":[],"product_brand":[],"product_cat":[88,119],"product_tag":[694,122],"class_list":{"0":"post-39652","1":"product","2":"type-product","3":"status-publish","4":"has-post-thumbnail","6":"product_cat-grandi-elettrodomestici","7":"product_cat-piano-cottura-90","8":"product_tag-la-germania","9":"product_tag-piano-cottura-gas-90cm","10":"pa_alimentazione-gas","11":"pa_colore-acciaio-inox","12":"pa_larghezza-90cm","13":"pa_marca-lagermania","15":"first","16":"instock","17":"sale","18":"purchasable","19":"product-type-simple"},"yoast_head":"<!-- This site is optimized with the Yoast SEO plugin v27.5 - https:\/\/yoast.com\/product\/yoast-seo-wordpress\/ -->\n<title>P905LLAGGN Piano cottura La Germania 90cm Nero 5 fuochi - Morena Elettrodomestici<\/title>\n<meta name=\"description\" content=\"Acquista P905LLAGGN Piano cottura La Germania 90cm Nero 5 fuochi su Morena Elettrodomestici. Il tuo Negozio di Fiducia online con prezzi competitivi e prodotti di alta qualit\u00e0!\" \/>\n<meta name=\"robots\" content=\"index, follow, max-snippet:-1, max-image-preview:large, max-video-preview:-1\" \/>\n<link rel=\"canonical\" href=\"https:\/\/www.morenaelettrodomestici.com\/en\/shop\/piano-cottura-la-germania-90cm-nero-5-fuochi-p905llaggn\/\" \/>\n<meta property=\"og:locale\" content=\"en_GB\" \/>\n<meta property=\"og:type\" content=\"article\" \/>\n<meta property=\"og:title\" content=\"P905LLAGGN Piano cottura La Germania 90cm Nero 5 fuochi - Morena Elettrodomestici\" \/>\n<meta property=\"og:description\" content=\"Acquista P905LLAGGN Piano cottura La Germania 90cm Nero 5 fuochi su Morena Elettrodomestici. Il tuo Negozio di Fiducia online con prezzi competitivi e prodotti di alta qualit\u00e0!\" \/>\n<meta property=\"og:url\" content=\"https:\/\/www.morenaelettrodomestici.com\/en\/shop\/piano-cottura-la-germania-90cm-nero-5-fuochi-p905llaggn\/\" \/>\n<meta property=\"og:site_name\" content=\"Morena Elettrodomestici\" \/>\n<meta property=\"article:publisher\" content=\"https:\/\/www.facebook.com\/morenaelettrodomestici\/\" \/>\n<meta property=\"article:modified_time\" content=\"2025-04-18T16:16:52+00:00\" \/>\n<meta property=\"og:image\" content=\"https:\/\/www.morenaelettrodomestici.com\/wp-content\/uploads\/2024\/07\/piano-cottura-vetro-nero.jpg\" \/>\n\t<meta property=\"og:image:width\" content=\"700\" \/>\n\t<meta property=\"og:image:height\" content=\"525\" \/>\n\t<meta property=\"og:image:type\" content=\"image\/jpeg\" \/>\n<meta name=\"twitter:card\" content=\"summary_large_image\" \/>\n<meta name=\"twitter:label1\" content=\"Estimated reading time\" \/>\n\t<meta name=\"twitter:data1\" content=\"1 minute\" \/>\n<script type=\"application\/ld+json\" class=\"yoast-schema-graph\">{\"@context\":\"https:\\\/\\\/schema.org\",\"@graph\":[{\"@type\":\"WebPage\",\"@id\":\"https:\\\/\\\/www.morenaelettrodomestici.com\\\/shop\\\/piano-cottura-la-germania-90cm-nero-5-fuochi-p905llaggn\\\/\",\"url\":\"https:\\\/\\\/www.morenaelettrodomestici.com\\\/shop\\\/piano-cottura-la-germania-90cm-nero-5-fuochi-p905llaggn\\\/\",\"name\":\"P905LLAGGN Piano cottura La Germania 90cm Nero 5 fuochi - Morena Elettrodomestici\",\"isPartOf\":{\"@id\":\"https:\\\/\\\/www.morenaelettrodomestici.com\\\/#website\"},\"primaryImageOfPage\":{\"@id\":\"https:\\\/\\\/www.morenaelettrodomestici.com\\\/shop\\\/piano-cottura-la-germania-90cm-nero-5-fuochi-p905llaggn\\\/#primaryimage\"},\"image\":{\"@id\":\"https:\\\/\\\/www.morenaelettrodomestici.com\\\/shop\\\/piano-cottura-la-germania-90cm-nero-5-fuochi-p905llaggn\\\/#primaryimage\"},\"thumbnailUrl\":\"https:\\\/\\\/www.morenaelettrodomestici.com\\\/wp-content\\\/uploads\\\/2024\\\/07\\\/piano-cottura-vetro-nero.jpg\",\"datePublished\":\"2024-07-15T14:42:19+00:00\",\"dateModified\":\"2025-04-18T16:16:52+00:00\",\"description\":\"Acquista P905LLAGGN Piano cottura La Germania 90cm Nero 5 fuochi su Morena Elettrodomestici. Il tuo Negozio di Fiducia online con prezzi competitivi e prodotti di alta qualit\u00e0!\",\"breadcrumb\":{\"@id\":\"https:\\\/\\\/www.morenaelettrodomestici.com\\\/shop\\\/piano-cottura-la-germania-90cm-nero-5-fuochi-p905llaggn\\\/#breadcrumb\"},\"inLanguage\":\"en-GB\",\"potentialAction\":[{\"@type\":\"ReadAction\",\"target\":[\"https:\\\/\\\/www.morenaelettrodomestici.com\\\/shop\\\/piano-cottura-la-germania-90cm-nero-5-fuochi-p905llaggn\\\/\"]}]},{\"@type\":\"ImageObject\",\"inLanguage\":\"en-GB\",\"@id\":\"https:\\\/\\\/www.morenaelettrodomestici.com\\\/shop\\\/piano-cottura-la-germania-90cm-nero-5-fuochi-p905llaggn\\\/#primaryimage\",\"url\":\"https:\\\/\\\/www.morenaelettrodomestici.com\\\/wp-content\\\/uploads\\\/2024\\\/07\\\/piano-cottura-vetro-nero.jpg\",\"contentUrl\":\"https:\\\/\\\/www.morenaelettrodomestici.com\\\/wp-content\\\/uploads\\\/2024\\\/07\\\/piano-cottura-vetro-nero.jpg\",\"width\":700,\"height\":525},{\"@type\":\"BreadcrumbList\",\"@id\":\"https:\\\/\\\/www.morenaelettrodomestici.com\\\/shop\\\/piano-cottura-la-germania-90cm-nero-5-fuochi-p905llaggn\\\/#breadcrumb\",\"itemListElement\":[{\"@type\":\"ListItem\",\"position\":1,\"name\":\"Home\",\"item\":\"https:\\\/\\\/www.morenaelettrodomestici.com\\\/\"},{\"@type\":\"ListItem\",\"position\":2,\"name\":\"Shop\",\"item\":\"https:\\\/\\\/www.morenaelettrodomestici.com\\\/shop\\\/\"},{\"@type\":\"ListItem\",\"position\":3,\"name\":\"P905LLAGGN Piano cottura La Germania 90cm Nero 5 fuochi\"}]},{\"@type\":\"WebSite\",\"@id\":\"https:\\\/\\\/www.morenaelettrodomestici.com\\\/#website\",\"url\":\"https:\\\/\\\/www.morenaelettrodomestici.com\\\/\",\"name\":\"Morena\",\"description\":\"I migliori elettrodomestici a prezzi folli\",\"publisher\":{\"@id\":\"https:\\\/\\\/www.morenaelettrodomestici.com\\\/#organization\"},\"potentialAction\":[{\"@type\":\"SearchAction\",\"target\":{\"@type\":\"EntryPoint\",\"urlTemplate\":\"https:\\\/\\\/www.morenaelettrodomestici.com\\\/?s={search_term_string}\"},\"query-input\":{\"@type\":\"PropertyValueSpecification\",\"valueRequired\":true,\"valueName\":\"search_term_string\"}}],\"inLanguage\":\"en-GB\"},{\"@type\":\"Organization\",\"@id\":\"https:\\\/\\\/www.morenaelettrodomestici.com\\\/#organization\",\"name\":\"Morena Elettrodomestici\",\"url\":\"https:\\\/\\\/www.morenaelettrodomestici.com\\\/\",\"logo\":{\"@type\":\"ImageObject\",\"inLanguage\":\"en-GB\",\"@id\":\"https:\\\/\\\/www.morenaelettrodomestici.com\\\/#\\\/schema\\\/logo\\\/image\\\/\",\"url\":\"https:\\\/\\\/www.morenaelettrodomestici.com\\\/wp-content\\\/uploads\\\/2024\\\/05\\\/logo_Morena_srls-TRASPARENTE.png\",\"contentUrl\":\"https:\\\/\\\/www.morenaelettrodomestici.com\\\/wp-content\\\/uploads\\\/2024\\\/05\\\/logo_Morena_srls-TRASPARENTE.png\",\"width\":2264,\"height\":718,\"caption\":\"Morena Elettrodomestici\"},\"image\":{\"@id\":\"https:\\\/\\\/www.morenaelettrodomestici.com\\\/#\\\/schema\\\/logo\\\/image\\\/\"},\"sameAs\":[\"https:\\\/\\\/www.facebook.com\\\/morenaelettrodomestici\\\/\",\"https:\\\/\\\/www.instagram.com\\\/morena.elettrodomestici\\\/\",\"https:\\\/\\\/www.linkedin.com\\\/company-beta\\\/10507375\\\/\",\"https:\\\/\\\/www.youtube.com\\\/channel\\\/UCgdTfdgRUeVEnhI2Z4GRlFA\"]}]}<\/script>\n<!-- \/ Yoast SEO plugin. -->","yoast_head_json":{"title":"P905LLAGGN Piano cottura La Germania 90cm Nero 5 fuochi - Morena Elettrodomestici","description":"Acquista P905LLAGGN Piano cottura La Germania 90cm Nero 5 fuochi su Morena Elettrodomestici. Il tuo Negozio di Fiducia online con prezzi competitivi e prodotti di alta qualit\u00e0!","robots":{"index":"index","follow":"follow","max-snippet":"max-snippet:-1","max-image-preview":"max-image-preview:large","max-video-preview":"max-video-preview:-1"},"canonical":"https:\/\/www.morenaelettrodomestici.com\/en\/shop\/piano-cottura-la-germania-90cm-nero-5-fuochi-p905llaggn\/","og_locale":"en_GB","og_type":"article","og_title":"P905LLAGGN Piano cottura La Germania 90cm Nero 5 fuochi - Morena Elettrodomestici","og_description":"Acquista P905LLAGGN Piano cottura La Germania 90cm Nero 5 fuochi su Morena Elettrodomestici. Il tuo Negozio di Fiducia online con prezzi competitivi e prodotti di alta qualit\u00e0!","og_url":"https:\/\/www.morenaelettrodomestici.com\/en\/shop\/piano-cottura-la-germania-90cm-nero-5-fuochi-p905llaggn\/","og_site_name":"Morena Elettrodomestici","article_publisher":"https:\/\/www.facebook.com\/morenaelettrodomestici\/","article_modified_time":"2025-04-18T16:16:52+00:00","og_image":[{"width":700,"height":525,"url":"https:\/\/www.morenaelettrodomestici.com\/wp-content\/uploads\/2024\/07\/piano-cottura-vetro-nero.jpg","type":"image\/jpeg"}],"twitter_card":"summary_large_image","twitter_misc":{"Estimated reading time":"1 minute"},"schema":{"@context":"https:\/\/schema.org","@graph":[{"@type":"WebPage","@id":"https:\/\/www.morenaelettrodomestici.com\/shop\/piano-cottura-la-germania-90cm-nero-5-fuochi-p905llaggn\/","url":"https:\/\/www.morenaelettrodomestici.com\/shop\/piano-cottura-la-germania-90cm-nero-5-fuochi-p905llaggn\/","name":"P905LLAGGN Piano cottura La Germania 90cm Nero 5 fuochi - Morena Elettrodomestici","isPartOf":{"@id":"https:\/\/www.morenaelettrodomestici.com\/#website"},"primaryImageOfPage":{"@id":"https:\/\/www.morenaelettrodomestici.com\/shop\/piano-cottura-la-germania-90cm-nero-5-fuochi-p905llaggn\/#primaryimage"},"image":{"@id":"https:\/\/www.morenaelettrodomestici.com\/shop\/piano-cottura-la-germania-90cm-nero-5-fuochi-p905llaggn\/#primaryimage"},"thumbnailUrl":"https:\/\/www.morenaelettrodomestici.com\/wp-content\/uploads\/2024\/07\/piano-cottura-vetro-nero.jpg","datePublished":"2024-07-15T14:42:19+00:00","dateModified":"2025-04-18T16:16:52+00:00","description":"Acquista P905LLAGGN Piano cottura La Germania 90cm Nero 5 fuochi su Morena Elettrodomestici. Il tuo Negozio di Fiducia online con prezzi competitivi e prodotti di alta qualit\u00e0!","breadcrumb":{"@id":"https:\/\/www.morenaelettrodomestici.com\/shop\/piano-cottura-la-germania-90cm-nero-5-fuochi-p905llaggn\/#breadcrumb"},"inLanguage":"en-GB","potentialAction":[{"@type":"ReadAction","target":["https:\/\/www.morenaelettrodomestici.com\/shop\/piano-cottura-la-germania-90cm-nero-5-fuochi-p905llaggn\/"]}]},{"@type":"ImageObject","inLanguage":"en-GB","@id":"https:\/\/www.morenaelettrodomestici.com\/shop\/piano-cottura-la-germania-90cm-nero-5-fuochi-p905llaggn\/#primaryimage","url":"https:\/\/www.morenaelettrodomestici.com\/wp-content\/uploads\/2024\/07\/piano-cottura-vetro-nero.jpg","contentUrl":"https:\/\/www.morenaelettrodomestici.com\/wp-content\/uploads\/2024\/07\/piano-cottura-vetro-nero.jpg","width":700,"height":525},{"@type":"BreadcrumbList","@id":"https:\/\/www.morenaelettrodomestici.com\/shop\/piano-cottura-la-germania-90cm-nero-5-fuochi-p905llaggn\/#breadcrumb","itemListElement":[{"@type":"ListItem","position":1,"name":"Home","item":"https:\/\/www.morenaelettrodomestici.com\/"},{"@type":"ListItem","position":2,"name":"Shop","item":"https:\/\/www.morenaelettrodomestici.com\/shop\/"},{"@type":"ListItem","position":3,"name":"P905LLAGGN Piano cottura La Germania 90cm Nero 5 fuochi"}]},{"@type":"WebSite","@id":"https:\/\/www.morenaelettrodomestici.com\/#website","url":"https:\/\/www.morenaelettrodomestici.com\/","name":"Morena","description":"I migliori elettrodomestici a prezzi folli","publisher":{"@id":"https:\/\/www.morenaelettrodomestici.com\/#organization"},"potentialAction":[{"@type":"SearchAction","target":{"@type":"EntryPoint","urlTemplate":"https:\/\/www.morenaelettrodomestici.com\/?s={search_term_string}"},"query-input":{"@type":"PropertyValueSpecification","valueRequired":true,"valueName":"search_term_string"}}],"inLanguage":"en-GB"},{"@type":"Organization","@id":"https:\/\/www.morenaelettrodomestici.com\/#organization","name":"Morena Elettrodomestici","url":"https:\/\/www.morenaelettrodomestici.com\/","logo":{"@type":"ImageObject","inLanguage":"en-GB","@id":"https:\/\/www.morenaelettrodomestici.com\/#\/schema\/logo\/image\/","url":"https:\/\/www.morenaelettrodomestici.com\/wp-content\/uploads\/2024\/05\/logo_Morena_srls-TRASPARENTE.png","contentUrl":"https:\/\/www.morenaelettrodomestici.com\/wp-content\/uploads\/2024\/05\/logo_Morena_srls-TRASPARENTE.png","width":2264,"height":718,"caption":"Morena Elettrodomestici"},"image":{"@id":"https:\/\/www.morenaelettrodomestici.com\/#\/schema\/logo\/image\/"},"sameAs":["https:\/\/www.facebook.com\/morenaelettrodomestici\/","https:\/\/www.instagram.com\/morena.elettrodomestici\/","https:\/\/www.linkedin.com\/company-beta\/10507375\/","https:\/\/www.youtube.com\/channel\/UCgdTfdgRUeVEnhI2Z4GRlFA"]}]}},"_links":{"self":[{"href":"https:\/\/www.morenaelettrodomestici.com\/en\/wp-json\/wp\/v2\/product\/39652","targetHints":{"allow":["GET"]}}],"collection":[{"href":"https:\/\/www.morenaelettrodomestici.com\/en\/wp-json\/wp\/v2\/product"}],"about":[{"href":"https:\/\/www.morenaelettrodomestici.com\/en\/wp-json\/wp\/v2\/types\/product"}],"version-history":[{"count":2,"href":"https:\/\/www.morenaelettrodomestici.com\/en\/wp-json\/wp\/v2\/product\/39652\/revisions"}],"predecessor-version":[{"id":49079,"href":"https:\/\/www.morenaelettrodomestici.com\/en\/wp-json\/wp\/v2\/product\/39652\/revisions\/49079"}],"wp:featuredmedia":[{"embeddable":true,"href":"https:\/\/www.morenaelettrodomestici.com\/en\/wp-json\/wp\/v2\/media\/39781"}],"wp:attachment":[{"href":"https:\/\/www.morenaelettrodomestici.com\/en\/wp-json\/wp\/v2\/media?parent=39652"}],"wp:term":[{"taxonomy":"product_brand","embeddable":true,"href":"https:\/\/www.morenaelettrodomestici.com\/en\/wp-json\/wp\/v2\/product_brand?post=39652"},{"taxonomy":"product_cat","embeddable":true,"href":"https:\/\/www.morenaelettrodomestici.com\/en\/wp-json\/wp\/v2\/product_cat?post=39652"},{"taxonomy":"product_tag","embeddable":true,"href":"https:\/\/www.morenaelettrodomestici.com\/en\/wp-json\/wp\/v2\/product_tag?post=39652"}],"curies":[{"name":"wp","href":"https:\/\/api.w.org\/{rel}","templated":true}]}}