{"id":40512,"date":"2024-07-15T14:53:22","date_gmt":"2024-07-15T14:53:22","guid":{"rendered":"https:\/\/www.morenaelettrodomestici.com\/?post_type=product&#038;p=40512"},"modified":"2025-05-02T11:00:52","modified_gmt":"2025-05-02T11:00:52","slug":"tristar-bq-2813-bbq-elettrico-da-tavolo-2000w","status":"publish","type":"product","link":"https:\/\/www.morenaelettrodomestici.com\/en\/shop\/tristar-bq-2813-bbq-elettrico-da-tavolo-2000w\/","title":{"rendered":"Tristar BQ-2813 BBQ elettrico da tavolo 2000W"},"content":{"rendered":"<p>Il barbecue elettrico Tristar BQ-2813 \u00e8 perfetto se ti piace cucinare all&#8217;aperto nelle calde giornate estive, ma non sopporti le nuvole di fumo e l\u2019interminabile attesa perch\u00e9 la carbonella si scaldi. Grazie alla spaziosa griglia da 38 x 22 cm puoi grigliare carne, pesce e verdure semplicemente collegando il grill a una presa di corrente.<\/p>\n<p><strong>Niente pi\u00f9 fumo e costosa carbonella<\/strong><br \/>Un grande vantaggio del barbecue elettrico Tristar \u00e8 il vassoio per l\u2019acqua che elimina lo sviluppo di fumo e ceneri. Tutti i succhi e i grassi che cadono attraverso la griglia finiscono nel vassoio dell\u2019acqua dove si raffreddano rapidamente senza produrre cenere o fumo. Entrambi sono un pericolo per la salute, quindi usare un barbecue elettrico \u00e8 pi\u00f9 sano e, dal momento che non \u00e8 necessario impiegare gas o carbonella, rappresenta anche un\u2019opzione pi\u00f9 conveniente.<\/p>\n<p><strong>Griglia carne, pesce e verdure<\/strong><br \/>Il barbecue elettrico Tristar include una spaziosa griglia di 38 x 22 cm su cui puoi cucinare diversi tipi di carne, pesce e verdure allo stesso tempo. Il regolatore di temperatura continuo rende controllare il processo di cottura davvero facile e permette anche di grigliare gli alimenti pi\u00f9 delicati, come il pesce. La griglia pu\u00f2 anche essere regolata in altezza per controllare la distanza dall\u2019elemento riscaldante. Questo \u00e8 particolarmente utile per le carni che richiedono una cottura lenta.<\/p>\n<p><strong>Facile da pulire<\/strong><br \/>Pulire il barbecue elettrico Tristar \u00e8 un gioco da ragazzi, grazie alla griglia lavabile in lavastoviglie e il vassoio dell&#8217;acqua facile da svuotare. L\u2019elemento riscaldante da 2000 Watt \u00e8 facile da smontare e quindi semplice da pulire. Il perfetto grill da tavolo per cucinare in terrazza o in campeggio.<\/p>\n<p><strong>Contenuto della confezione:<\/strong><br \/>Barbecue elettrico Tristar,Griglia<\/p>\n<p><strong>I motivi per scegliere il barbecue elettrico Tristar:<\/strong><\/p>\n<ul>\n<li>Ampia griglia da 38 x 22 cm per grigliare carne, pesce e verdure<\/li>\n<li>Praticamente niente fumo e cenere, grazie al comodo vassoio dell\u2019acqua<\/li>\n<li>Griglia e vassoio raccogli grasso lavabili in lavastoviglie<\/li>\n<li>Regolatore della temperatura continuo e altezza regolabile per risultati di cottura migliori<\/li>\n<li>Grazie al riscaldamento in pochi minuti, puoi iniziare subito a grigliare<\/li>\n<\/ul>","protected":false},"excerpt":{"rendered":"<ul>\n<li>Ampia griglia da 38 x 22 cm per grigliare carne, pesce e verdure<\/li>\n<li>Praticamente niente fumo e cenere, grazie al comodo vassoio dell\u2019acqua<\/li>\n<li>Griglia e vassoio raccogli grasso lavabili in lavastoviglie<\/li>\n<li>Regolatore della temperatura continuo e altezza regolabile per risultati di cottura migliori<\/li>\n<li>Grazie al riscaldamento in pochi minuti, puoi iniziare subito a grigliare<\/li>\n<\/ul>","protected":false},"featured_media":47148,"template":"","meta":[],"product_brand":[],"product_cat":[711,102],"product_tag":[791,502],"class_list":{"0":"post-40512","1":"product","2":"type-product","3":"status-publish","4":"has-post-thumbnail","6":"product_cat-griglie-elettriche","7":"product_cat-piccoli-elettrodomestici","8":"product_tag-griglia-elettrica-barbecue","9":"product_tag-princess","10":"pa_marca-tristar","12":"first","13":"instock","14":"sale","15":"purchasable","16":"product-type-simple"},"yoast_head":"<!-- This site is optimized with the Yoast SEO plugin v25.5 - https:\/\/yoast.com\/wordpress\/plugins\/seo\/ -->\n<title>Tristar BQ-2813 BBQ elettrico da tavolo 2000W - Morena Elettrodomestici<\/title>\n<meta name=\"description\" content=\"Acquista Tristar BQ-2813 BBQ elettrico da tavolo 2000W su Morena Elettrodomestici. Il tuo Negozio di Fiducia online con prezzi competitivi e prodotti di alta qualit\u00e0!\" \/>\n<meta name=\"robots\" content=\"index, follow, max-snippet:-1, max-image-preview:large, max-video-preview:-1\" \/>\n<link rel=\"canonical\" href=\"https:\/\/www.morenaelettrodomestici.com\/en\/shop\/tristar-bq-2813-bbq-elettrico-da-tavolo-2000w\/\" \/>\n<meta property=\"og:locale\" content=\"en_GB\" \/>\n<meta property=\"og:type\" content=\"article\" \/>\n<meta property=\"og:title\" content=\"Tristar BQ-2813 BBQ elettrico da tavolo 2000W - Morena Elettrodomestici\" \/>\n<meta property=\"og:description\" content=\"Acquista Tristar BQ-2813 BBQ elettrico da tavolo 2000W su Morena Elettrodomestici. Il tuo Negozio di Fiducia online con prezzi competitivi e prodotti di alta qualit\u00e0!\" \/>\n<meta property=\"og:url\" content=\"https:\/\/www.morenaelettrodomestici.com\/en\/shop\/tristar-bq-2813-bbq-elettrico-da-tavolo-2000w\/\" \/>\n<meta property=\"og:site_name\" content=\"Morena Elettrodomestici\" \/>\n<meta property=\"article:publisher\" content=\"https:\/\/www.facebook.com\/morenaelettrodomestici\/\" \/>\n<meta property=\"article:modified_time\" content=\"2025-05-02T11:00:52+00:00\" \/>\n<meta property=\"og:image\" content=\"https:\/\/www.morenaelettrodomestici.com\/wp-content\/uploads\/2024\/07\/bq-2813_0.jpg\" \/>\n\t<meta property=\"og:image:width\" content=\"1024\" \/>\n\t<meta property=\"og:image:height\" content=\"1024\" \/>\n\t<meta property=\"og:image:type\" content=\"image\/jpeg\" \/>\n<meta name=\"twitter:card\" content=\"summary_large_image\" \/>\n<meta name=\"twitter:label1\" content=\"Estimated reading time\" \/>\n\t<meta name=\"twitter:data1\" content=\"2 minutes\" \/>\n<script type=\"application\/ld+json\" class=\"yoast-schema-graph\">{\"@context\":\"https:\/\/schema.org\",\"@graph\":[{\"@type\":\"WebPage\",\"@id\":\"https:\/\/www.morenaelettrodomestici.com\/shop\/tristar-bq-2813-bbq-elettrico-da-tavolo-2000w\/\",\"url\":\"https:\/\/www.morenaelettrodomestici.com\/shop\/tristar-bq-2813-bbq-elettrico-da-tavolo-2000w\/\",\"name\":\"Tristar BQ-2813 BBQ elettrico da tavolo 2000W - Morena Elettrodomestici\",\"isPartOf\":{\"@id\":\"https:\/\/www.morenaelettrodomestici.com\/#website\"},\"primaryImageOfPage\":{\"@id\":\"https:\/\/www.morenaelettrodomestici.com\/shop\/tristar-bq-2813-bbq-elettrico-da-tavolo-2000w\/#primaryimage\"},\"image\":{\"@id\":\"https:\/\/www.morenaelettrodomestici.com\/shop\/tristar-bq-2813-bbq-elettrico-da-tavolo-2000w\/#primaryimage\"},\"thumbnailUrl\":\"https:\/\/www.morenaelettrodomestici.com\/wp-content\/uploads\/2024\/07\/bq-2813_1.jpg\",\"datePublished\":\"2024-07-15T14:53:22+00:00\",\"dateModified\":\"2025-05-02T11:00:52+00:00\",\"description\":\"Acquista Tristar BQ-2813 BBQ elettrico da tavolo 2000W su Morena Elettrodomestici. Il tuo Negozio di Fiducia online con prezzi competitivi e prodotti di alta qualit\u00e0!\",\"breadcrumb\":{\"@id\":\"https:\/\/www.morenaelettrodomestici.com\/shop\/tristar-bq-2813-bbq-elettrico-da-tavolo-2000w\/#breadcrumb\"},\"inLanguage\":\"en-GB\",\"potentialAction\":[{\"@type\":\"ReadAction\",\"target\":[\"https:\/\/www.morenaelettrodomestici.com\/shop\/tristar-bq-2813-bbq-elettrico-da-tavolo-2000w\/\"]}]},{\"@type\":\"ImageObject\",\"inLanguage\":\"en-GB\",\"@id\":\"https:\/\/www.morenaelettrodomestici.com\/shop\/tristar-bq-2813-bbq-elettrico-da-tavolo-2000w\/#primaryimage\",\"url\":\"https:\/\/www.morenaelettrodomestici.com\/wp-content\/uploads\/2024\/07\/bq-2813_1.jpg\",\"contentUrl\":\"https:\/\/www.morenaelettrodomestici.com\/wp-content\/uploads\/2024\/07\/bq-2813_1.jpg\",\"width\":1024,\"height\":1024},{\"@type\":\"BreadcrumbList\",\"@id\":\"https:\/\/www.morenaelettrodomestici.com\/shop\/tristar-bq-2813-bbq-elettrico-da-tavolo-2000w\/#breadcrumb\",\"itemListElement\":[{\"@type\":\"ListItem\",\"position\":1,\"name\":\"Home\",\"item\":\"https:\/\/www.morenaelettrodomestici.com\/\"},{\"@type\":\"ListItem\",\"position\":2,\"name\":\"Shop\",\"item\":\"https:\/\/www.morenaelettrodomestici.com\/shop\/\"},{\"@type\":\"ListItem\",\"position\":3,\"name\":\"Tristar BQ-2813 BBQ elettrico da tavolo 2000W\"}]},{\"@type\":\"WebSite\",\"@id\":\"https:\/\/www.morenaelettrodomestici.com\/#website\",\"url\":\"https:\/\/www.morenaelettrodomestici.com\/\",\"name\":\"Morena\",\"description\":\"I migliori elettrodomestici a prezzi folli\",\"publisher\":{\"@id\":\"https:\/\/www.morenaelettrodomestici.com\/#organization\"},\"potentialAction\":[{\"@type\":\"SearchAction\",\"target\":{\"@type\":\"EntryPoint\",\"urlTemplate\":\"https:\/\/www.morenaelettrodomestici.com\/?s={search_term_string}\"},\"query-input\":{\"@type\":\"PropertyValueSpecification\",\"valueRequired\":true,\"valueName\":\"search_term_string\"}}],\"inLanguage\":\"en-GB\"},{\"@type\":\"Organization\",\"@id\":\"https:\/\/www.morenaelettrodomestici.com\/#organization\",\"name\":\"Morena Elettrodomestici\",\"url\":\"https:\/\/www.morenaelettrodomestici.com\/\",\"logo\":{\"@type\":\"ImageObject\",\"inLanguage\":\"en-GB\",\"@id\":\"https:\/\/www.morenaelettrodomestici.com\/#\/schema\/logo\/image\/\",\"url\":\"https:\/\/www.morenaelettrodomestici.com\/wp-content\/uploads\/2024\/05\/logo_Morena_srls-TRASPARENTE.png\",\"contentUrl\":\"https:\/\/www.morenaelettrodomestici.com\/wp-content\/uploads\/2024\/05\/logo_Morena_srls-TRASPARENTE.png\",\"width\":2264,\"height\":718,\"caption\":\"Morena Elettrodomestici\"},\"image\":{\"@id\":\"https:\/\/www.morenaelettrodomestici.com\/#\/schema\/logo\/image\/\"},\"sameAs\":[\"https:\/\/www.facebook.com\/morenaelettrodomestici\/\",\"https:\/\/www.instagram.com\/morena.elettrodomestici\/\",\"https:\/\/www.linkedin.com\/company-beta\/10507375\/\",\"https:\/\/www.youtube.com\/channel\/UCgdTfdgRUeVEnhI2Z4GRlFA\"]}]}<\/script>\n<!-- \/ Yoast SEO plugin. -->","yoast_head_json":{"title":"Tristar BQ-2813 BBQ elettrico da tavolo 2000W - Morena Elettrodomestici","description":"Acquista Tristar BQ-2813 BBQ elettrico da tavolo 2000W su Morena Elettrodomestici. Il tuo Negozio di Fiducia online con prezzi competitivi e prodotti di alta qualit\u00e0!","robots":{"index":"index","follow":"follow","max-snippet":"max-snippet:-1","max-image-preview":"max-image-preview:large","max-video-preview":"max-video-preview:-1"},"canonical":"https:\/\/www.morenaelettrodomestici.com\/en\/shop\/tristar-bq-2813-bbq-elettrico-da-tavolo-2000w\/","og_locale":"en_GB","og_type":"article","og_title":"Tristar BQ-2813 BBQ elettrico da tavolo 2000W - Morena Elettrodomestici","og_description":"Acquista Tristar BQ-2813 BBQ elettrico da tavolo 2000W su Morena Elettrodomestici. Il tuo Negozio di Fiducia online con prezzi competitivi e prodotti di alta qualit\u00e0!","og_url":"https:\/\/www.morenaelettrodomestici.com\/en\/shop\/tristar-bq-2813-bbq-elettrico-da-tavolo-2000w\/","og_site_name":"Morena Elettrodomestici","article_publisher":"https:\/\/www.facebook.com\/morenaelettrodomestici\/","article_modified_time":"2025-05-02T11:00:52+00:00","og_image":[{"width":1024,"height":1024,"url":"https:\/\/www.morenaelettrodomestici.com\/wp-content\/uploads\/2024\/07\/bq-2813_0.jpg","type":"image\/jpeg"}],"twitter_card":"summary_large_image","twitter_misc":{"Estimated reading time":"2 minutes"},"schema":{"@context":"https:\/\/schema.org","@graph":[{"@type":"WebPage","@id":"https:\/\/www.morenaelettrodomestici.com\/shop\/tristar-bq-2813-bbq-elettrico-da-tavolo-2000w\/","url":"https:\/\/www.morenaelettrodomestici.com\/shop\/tristar-bq-2813-bbq-elettrico-da-tavolo-2000w\/","name":"Tristar BQ-2813 BBQ elettrico da tavolo 2000W - Morena Elettrodomestici","isPartOf":{"@id":"https:\/\/www.morenaelettrodomestici.com\/#website"},"primaryImageOfPage":{"@id":"https:\/\/www.morenaelettrodomestici.com\/shop\/tristar-bq-2813-bbq-elettrico-da-tavolo-2000w\/#primaryimage"},"image":{"@id":"https:\/\/www.morenaelettrodomestici.com\/shop\/tristar-bq-2813-bbq-elettrico-da-tavolo-2000w\/#primaryimage"},"thumbnailUrl":"https:\/\/www.morenaelettrodomestici.com\/wp-content\/uploads\/2024\/07\/bq-2813_1.jpg","datePublished":"2024-07-15T14:53:22+00:00","dateModified":"2025-05-02T11:00:52+00:00","description":"Acquista Tristar BQ-2813 BBQ elettrico da tavolo 2000W su Morena Elettrodomestici. Il tuo Negozio di Fiducia online con prezzi competitivi e prodotti di alta qualit\u00e0!","breadcrumb":{"@id":"https:\/\/www.morenaelettrodomestici.com\/shop\/tristar-bq-2813-bbq-elettrico-da-tavolo-2000w\/#breadcrumb"},"inLanguage":"en-GB","potentialAction":[{"@type":"ReadAction","target":["https:\/\/www.morenaelettrodomestici.com\/shop\/tristar-bq-2813-bbq-elettrico-da-tavolo-2000w\/"]}]},{"@type":"ImageObject","inLanguage":"en-GB","@id":"https:\/\/www.morenaelettrodomestici.com\/shop\/tristar-bq-2813-bbq-elettrico-da-tavolo-2000w\/#primaryimage","url":"https:\/\/www.morenaelettrodomestici.com\/wp-content\/uploads\/2024\/07\/bq-2813_1.jpg","contentUrl":"https:\/\/www.morenaelettrodomestici.com\/wp-content\/uploads\/2024\/07\/bq-2813_1.jpg","width":1024,"height":1024},{"@type":"BreadcrumbList","@id":"https:\/\/www.morenaelettrodomestici.com\/shop\/tristar-bq-2813-bbq-elettrico-da-tavolo-2000w\/#breadcrumb","itemListElement":[{"@type":"ListItem","position":1,"name":"Home","item":"https:\/\/www.morenaelettrodomestici.com\/"},{"@type":"ListItem","position":2,"name":"Shop","item":"https:\/\/www.morenaelettrodomestici.com\/shop\/"},{"@type":"ListItem","position":3,"name":"Tristar BQ-2813 BBQ elettrico da tavolo 2000W"}]},{"@type":"WebSite","@id":"https:\/\/www.morenaelettrodomestici.com\/#website","url":"https:\/\/www.morenaelettrodomestici.com\/","name":"Morena","description":"I migliori elettrodomestici a prezzi folli","publisher":{"@id":"https:\/\/www.morenaelettrodomestici.com\/#organization"},"potentialAction":[{"@type":"SearchAction","target":{"@type":"EntryPoint","urlTemplate":"https:\/\/www.morenaelettrodomestici.com\/?s={search_term_string}"},"query-input":{"@type":"PropertyValueSpecification","valueRequired":true,"valueName":"search_term_string"}}],"inLanguage":"en-GB"},{"@type":"Organization","@id":"https:\/\/www.morenaelettrodomestici.com\/#organization","name":"Morena Elettrodomestici","url":"https:\/\/www.morenaelettrodomestici.com\/","logo":{"@type":"ImageObject","inLanguage":"en-GB","@id":"https:\/\/www.morenaelettrodomestici.com\/#\/schema\/logo\/image\/","url":"https:\/\/www.morenaelettrodomestici.com\/wp-content\/uploads\/2024\/05\/logo_Morena_srls-TRASPARENTE.png","contentUrl":"https:\/\/www.morenaelettrodomestici.com\/wp-content\/uploads\/2024\/05\/logo_Morena_srls-TRASPARENTE.png","width":2264,"height":718,"caption":"Morena Elettrodomestici"},"image":{"@id":"https:\/\/www.morenaelettrodomestici.com\/#\/schema\/logo\/image\/"},"sameAs":["https:\/\/www.facebook.com\/morenaelettrodomestici\/","https:\/\/www.instagram.com\/morena.elettrodomestici\/","https:\/\/www.linkedin.com\/company-beta\/10507375\/","https:\/\/www.youtube.com\/channel\/UCgdTfdgRUeVEnhI2Z4GRlFA"]}]}},"_links":{"self":[{"href":"https:\/\/www.morenaelettrodomestici.com\/en\/wp-json\/wp\/v2\/product\/40512","targetHints":{"allow":["GET"]}}],"collection":[{"href":"https:\/\/www.morenaelettrodomestici.com\/en\/wp-json\/wp\/v2\/product"}],"about":[{"href":"https:\/\/www.morenaelettrodomestici.com\/en\/wp-json\/wp\/v2\/types\/product"}],"version-history":[{"count":4,"href":"https:\/\/www.morenaelettrodomestici.com\/en\/wp-json\/wp\/v2\/product\/40512\/revisions"}],"predecessor-version":[{"id":49277,"href":"https:\/\/www.morenaelettrodomestici.com\/en\/wp-json\/wp\/v2\/product\/40512\/revisions\/49277"}],"wp:featuredmedia":[{"embeddable":true,"href":"https:\/\/www.morenaelettrodomestici.com\/en\/wp-json\/wp\/v2\/media\/47148"}],"wp:attachment":[{"href":"https:\/\/www.morenaelettrodomestici.com\/en\/wp-json\/wp\/v2\/media?parent=40512"}],"wp:term":[{"taxonomy":"product_brand","embeddable":true,"href":"https:\/\/www.morenaelettrodomestici.com\/en\/wp-json\/wp\/v2\/product_brand?post=40512"},{"taxonomy":"product_cat","embeddable":true,"href":"https:\/\/www.morenaelettrodomestici.com\/en\/wp-json\/wp\/v2\/product_cat?post=40512"},{"taxonomy":"product_tag","embeddable":true,"href":"https:\/\/www.morenaelettrodomestici.com\/en\/wp-json\/wp\/v2\/product_tag?post=40512"}],"curies":[{"name":"wp","href":"https:\/\/api.w.org\/{rel}","templated":true}]}}