{"id":40682,"date":"2024-07-15T14:55:47","date_gmt":"2024-07-15T14:55:47","guid":{"rendered":"https:\/\/www.morenaelettrodomestici.com\/?post_type=product&#038;p=40682"},"modified":"2024-07-15T14:58:03","modified_gmt":"2024-07-15T14:58:03","slug":"daya-dsgc-50764-cucina-50x50cm-bianca-forno-a-gas","status":"publish","type":"product","link":"https:\/\/www.morenaelettrodomestici.com\/en\/shop\/daya-dsgc-50764-cucina-50x50cm-bianca-forno-a-gas\/","title":{"rendered":"DAYA DSGC-50764 Cucina 50x50cm Bianca forno a gas"},"content":{"rendered":"<p><strong>DAYA DSGC-50764<\/strong><\/p>\n<p>Cucina a Gas DAYA  rappresenta la soluzione ideale per un\u2019idea di pratico elettrodomestico che occupi poco spazio assolvendo a tutte le funzioni che si richiedono ad una cucina completa. 4 fuochi sormontati da griglie in ghisa smaltate vi permetteranno di cucinare sia i pasti veloci e quotidiane che pietanze pi\u00f9 elaborate da portare in tavola in occasioni speciali. Al piano inferiore il forno a gas, della capacit\u00e0 totale di 50 lt, e la cavit\u00e0 porta bombola sul retro, un modello compatto e pensato per occupare il minimo spazio e per mantenere in perfetto ordine l\u2019ambiente della cucina.<br \/>\nL\u2019autopulizia \u00e8 uno dei punti di forza di questa cucina dalle dimensioni ridotte, che trova spazio anche negli ambienti pi\u00f9 piccoli. Pulire il forno non \u00e8 mai stato cos\u00ec facile, grazie alla tecnologia che scompone i grassi che si accumulano sulle pareti e li ossida. Baster\u00e0 una semplice passata per far brillare il vostro elettrodomestico!<br \/>\nTipo di prodotto: Cucina con forno a gas; Modello: DAYA; Numero fuochi: 4; Forno tradizionale: s\u00ec; Capacit\u00e0 interna forno totale: 50 Lt; Altezza: 850 mm; Larghezza: 500 mm; Profondit\u00e0: 500 mm; Griglie. ghisa smaltate.<br \/>\n<strong>COTTURA VELOCE E RISPARMIO ECONOMICO: I VANTAGGI DI UTILIZZARE UNA CUCINA DAYA<\/strong><br \/>\nCon la Cucina a Gas Atlantic risparmierete tempo e denaro. Grazie al piano cottura con 4 fornelli di diverse dimensioni potrete cuocere contemporaneamente tutti i cibi desiderati. I piatti da portare in tavola saranno pronti velocemente e cotti alla perfezione, secondo le diverse esigenze.<br \/>\nLa cottura dei cibi a gas permette, inoltre, un notevole risparmio economico: i bruciatori alimentati a gas convogliano l\u2019azione della fiamma evitando dispersioni di calore e sprechi. L\u2019intensit\u00e0 della fiamma \u00e8 regolabile attraverso le comode manopole che si trovano sulla parte frontale della cucina Atlantic ATGC55.<br \/>\nLa decennale esperienza di Atlantic in fatto di elettrodomestici ha prodotto questa cucina, costruita con materiali resistenti e di alta qualit\u00e0 che garantiscono una maggiore durata nel tempo. Nonostante l\u2019uso quotidiano, la vostra cucina resister\u00e0 a lungo e con eccellenti performance.<br \/>\nLa facilit\u00e0 di utilizzo, le ridotte dimensioni e il design semplice di questo elettrodomestico lo rendono adatto a qualsiasi ambiente. La Cucina a Gas Atlantic ATGC55 si installa immediatamente e senza particolari difficolt\u00e0, garantendovi efficienza e risparmio fin dal primo utilizzo.<\/p>\n<p><strong>CUCINA DAYA: UN CAPIENTE E FUNZIONALE FORNO<\/strong><br \/>\nUno dei punti di forza della Cucina Atlantic ATGC55 a gas \u00e8 l\u2019ampio forno, della capacit\u00e0 di 50 litri, utilizzabile per cuocere deliziose pietanze in tempi rapidi. La capienza del vano forno permette la cottura di alimenti particolarmente ingombranti e di preparare contemporaneamente diverse pietanze per una cena con pi\u00f9 portate.<br \/>\nIl forno di questa cucina firmata Atlantic riesce a soddisfare le esigenze di tutta la famiglia. I vostri cibi saranno sempre perfettamente cotti, croccanti fuori e morbidi dentro. Questo capiente e funzionale forno raggiunger\u00e0 presto la temperatura ottimale per conferire ai vostri cibi la consistenza desiderata, quella che serve ad ogni diversa pietanza per rendere al meglio.<br \/>\nAnche chi ha poca dimestichezza tra i fornelli riuscir\u00e0 a realizzare dei gustosissimi piatti con questa cucina a gas firmata Atalantic, una scelta di qualit\u00e0, risparmio, convenienza e praticit\u00e0. Piccola e adatta a qualsiasi tipo di arredamento, leggera e comoda da spostare, facilissima da pulire: una perfetta alleata per tirare fuori dal cilindro dei pasti veloci, ma buonissimi o per offrire ai vostri ospiti dei manicaretti che difficilmente dimenticheranno.<br \/>\nLa sicurezza e le performance durature nel tempo le garantisce Atlantic, un nome che da sempre viene associato ad alcuni tra i migliori elettrodomestici in circolazione, che offrono prestazioni elevate ad un prezzo decisamente accessibile.<\/p>\n<p><strong>Informazioni Generali<\/strong><br \/>\nTipo di prodotto:Cucina con forno a gas<br \/>\nModello: DSGC-50764<br \/>\nTipologia:Gas tradizionale<br \/>\n<strong>Design<\/strong><br \/>\nNumero fuochi gas:4<br \/>\nGriglie:ghisa smaltate<br \/>\nVolume cavit\u00e0:50 lt<br \/>\n<strong>Bruciatori <\/strong><br \/>\nForno: 2100 W<br \/>\nNumero bruciatori:4<br \/>\nFinitura cavit\u00e0:Smaltata<br \/>\nLeccarda:1<br \/>\n<strong>Prestazione<\/strong><br \/>\nAutopulizia:Si<br \/>\nTermostato regolabile:Si<br \/>\nForno tradizionale:Si<br \/>\nCapacit\u00e0 interna forno totale:50 lt<br \/>\nAlimentazione forno:Gas<br \/>\n<strong>Dimensioni e peso<\/strong><br \/>\nLarghezza:500 mm<br \/>\nProfondit\u00e0:500 mm<br \/>\nAltezza:850 mm<br \/>\n<strong>Sicurezza<\/strong><br \/>\nAntishock termico:Si<br \/>\nDispositivo anti-surriscaldamento:Si<br \/>\nSistema di sicurezza:Si<\/p>\n<p>a href=&#8221;https:\/\/www.morenaelettrodomestici.com\/prodotti\/grandi-elettrodomestici\/cottura\/cucina\/&#8221;>Clicca qui per le altre cucine<\/a><\/p>\n<p><a href=\"https:\/\/www.ilve.com\/it\/blocco-cottura-doppio-forno\/\">ILVE PANORAMAGIC PM12<\/a><\/p>","protected":false},"excerpt":{"rendered":"<p>&#8216;-50&#215;50<br \/>\n-Forno a Gas<\/p>","protected":false},"featured_media":40810,"template":"","meta":[],"product_brand":[],"product_cat":[95,140],"product_tag":[737,523],"class_list":{"0":"post-40682","1":"product","2":"type-product","3":"status-publish","4":"has-post-thumbnail","6":"product_cat-cottura","7":"product_cat-cucina","8":"product_tag-50x50","9":"product_tag-bianca","10":"pa_alimentazione-gas","11":"pa_colore-bianco","12":"pa_larghezza-50cm","14":"first","15":"instock","16":"sale","17":"purchasable","18":"product-type-simple"},"yoast_head":"<!-- This site is optimized with the Yoast SEO plugin v27.5 - https:\/\/yoast.com\/product\/yoast-seo-wordpress\/ -->\n<title>DAYA DSGC-50764 Cucina 50x50cm Bianca forno a gas - Morena Elettrodomestici<\/title>\n<meta name=\"description\" content=\"Acquista DAYA DSGC-50764 Cucina 50x50cm Bianca forno a gas su Morena Elettrodomestici. Il tuo Negozio di Fiducia online con prezzi competitivi e prodotti di alta qualit\u00e0!\" \/>\n<meta name=\"robots\" content=\"index, follow, max-snippet:-1, max-image-preview:large, max-video-preview:-1\" \/>\n<link rel=\"canonical\" href=\"https:\/\/www.morenaelettrodomestici.com\/en\/shop\/daya-dsgc-50764-cucina-50x50cm-bianca-forno-a-gas\/\" \/>\n<meta property=\"og:locale\" content=\"en_GB\" \/>\n<meta property=\"og:type\" content=\"article\" \/>\n<meta property=\"og:title\" content=\"DAYA DSGC-50764 Cucina 50x50cm Bianca forno a gas - Morena Elettrodomestici\" \/>\n<meta property=\"og:description\" content=\"Acquista DAYA DSGC-50764 Cucina 50x50cm Bianca forno a gas su Morena Elettrodomestici. Il tuo Negozio di Fiducia online con prezzi competitivi e prodotti di alta qualit\u00e0!\" \/>\n<meta property=\"og:url\" content=\"https:\/\/www.morenaelettrodomestici.com\/en\/shop\/daya-dsgc-50764-cucina-50x50cm-bianca-forno-a-gas\/\" \/>\n<meta property=\"og:site_name\" content=\"Morena Elettrodomestici\" \/>\n<meta property=\"article:publisher\" content=\"https:\/\/www.facebook.com\/morenaelettrodomestici\/\" \/>\n<meta property=\"article:modified_time\" content=\"2024-07-15T14:58:03+00:00\" \/>\n<meta property=\"og:image\" content=\"https:\/\/www.morenaelettrodomestici.com\/wp-content\/uploads\/2024\/07\/daya-DSGC-50764-cucina-50x50-forno-a-gasa-bianca.jpg\" \/>\n\t<meta property=\"og:image:width\" content=\"1500\" \/>\n\t<meta property=\"og:image:height\" content=\"1500\" \/>\n\t<meta property=\"og:image:type\" content=\"image\/jpeg\" \/>\n<meta name=\"twitter:card\" content=\"summary_large_image\" \/>\n<meta name=\"twitter:label1\" content=\"Estimated reading time\" \/>\n\t<meta name=\"twitter:data1\" content=\"3 minutes\" \/>\n<script type=\"application\/ld+json\" class=\"yoast-schema-graph\">{\"@context\":\"https:\\\/\\\/schema.org\",\"@graph\":[{\"@type\":\"WebPage\",\"@id\":\"https:\\\/\\\/www.morenaelettrodomestici.com\\\/shop\\\/daya-dsgc-50764-cucina-50x50cm-bianca-forno-a-gas\\\/\",\"url\":\"https:\\\/\\\/www.morenaelettrodomestici.com\\\/shop\\\/daya-dsgc-50764-cucina-50x50cm-bianca-forno-a-gas\\\/\",\"name\":\"DAYA DSGC-50764 Cucina 50x50cm Bianca forno a gas - Morena Elettrodomestici\",\"isPartOf\":{\"@id\":\"https:\\\/\\\/www.morenaelettrodomestici.com\\\/#website\"},\"primaryImageOfPage\":{\"@id\":\"https:\\\/\\\/www.morenaelettrodomestici.com\\\/shop\\\/daya-dsgc-50764-cucina-50x50cm-bianca-forno-a-gas\\\/#primaryimage\"},\"image\":{\"@id\":\"https:\\\/\\\/www.morenaelettrodomestici.com\\\/shop\\\/daya-dsgc-50764-cucina-50x50cm-bianca-forno-a-gas\\\/#primaryimage\"},\"thumbnailUrl\":\"https:\\\/\\\/www.morenaelettrodomestici.com\\\/wp-content\\\/uploads\\\/2024\\\/07\\\/daya-DSGC-50764-cucina-50x50-forno-a-gasa-bianca.jpg\",\"datePublished\":\"2024-07-15T14:55:47+00:00\",\"dateModified\":\"2024-07-15T14:58:03+00:00\",\"description\":\"Acquista DAYA DSGC-50764 Cucina 50x50cm Bianca forno a gas su Morena Elettrodomestici. Il tuo Negozio di Fiducia online con prezzi competitivi e prodotti di alta qualit\u00e0!\",\"breadcrumb\":{\"@id\":\"https:\\\/\\\/www.morenaelettrodomestici.com\\\/shop\\\/daya-dsgc-50764-cucina-50x50cm-bianca-forno-a-gas\\\/#breadcrumb\"},\"inLanguage\":\"en-GB\",\"potentialAction\":[{\"@type\":\"ReadAction\",\"target\":[\"https:\\\/\\\/www.morenaelettrodomestici.com\\\/shop\\\/daya-dsgc-50764-cucina-50x50cm-bianca-forno-a-gas\\\/\"]}]},{\"@type\":\"ImageObject\",\"inLanguage\":\"en-GB\",\"@id\":\"https:\\\/\\\/www.morenaelettrodomestici.com\\\/shop\\\/daya-dsgc-50764-cucina-50x50cm-bianca-forno-a-gas\\\/#primaryimage\",\"url\":\"https:\\\/\\\/www.morenaelettrodomestici.com\\\/wp-content\\\/uploads\\\/2024\\\/07\\\/daya-DSGC-50764-cucina-50x50-forno-a-gasa-bianca.jpg\",\"contentUrl\":\"https:\\\/\\\/www.morenaelettrodomestici.com\\\/wp-content\\\/uploads\\\/2024\\\/07\\\/daya-DSGC-50764-cucina-50x50-forno-a-gasa-bianca.jpg\",\"width\":1500,\"height\":1500},{\"@type\":\"BreadcrumbList\",\"@id\":\"https:\\\/\\\/www.morenaelettrodomestici.com\\\/shop\\\/daya-dsgc-50764-cucina-50x50cm-bianca-forno-a-gas\\\/#breadcrumb\",\"itemListElement\":[{\"@type\":\"ListItem\",\"position\":1,\"name\":\"Home\",\"item\":\"https:\\\/\\\/www.morenaelettrodomestici.com\\\/\"},{\"@type\":\"ListItem\",\"position\":2,\"name\":\"Shop\",\"item\":\"https:\\\/\\\/www.morenaelettrodomestici.com\\\/shop\\\/\"},{\"@type\":\"ListItem\",\"position\":3,\"name\":\"DAYA DSGC-50764 Cucina 50x50cm Bianca forno a gas\"}]},{\"@type\":\"WebSite\",\"@id\":\"https:\\\/\\\/www.morenaelettrodomestici.com\\\/#website\",\"url\":\"https:\\\/\\\/www.morenaelettrodomestici.com\\\/\",\"name\":\"Morena\",\"description\":\"I migliori elettrodomestici a prezzi folli\",\"publisher\":{\"@id\":\"https:\\\/\\\/www.morenaelettrodomestici.com\\\/#organization\"},\"potentialAction\":[{\"@type\":\"SearchAction\",\"target\":{\"@type\":\"EntryPoint\",\"urlTemplate\":\"https:\\\/\\\/www.morenaelettrodomestici.com\\\/?s={search_term_string}\"},\"query-input\":{\"@type\":\"PropertyValueSpecification\",\"valueRequired\":true,\"valueName\":\"search_term_string\"}}],\"inLanguage\":\"en-GB\"},{\"@type\":\"Organization\",\"@id\":\"https:\\\/\\\/www.morenaelettrodomestici.com\\\/#organization\",\"name\":\"Morena Elettrodomestici\",\"url\":\"https:\\\/\\\/www.morenaelettrodomestici.com\\\/\",\"logo\":{\"@type\":\"ImageObject\",\"inLanguage\":\"en-GB\",\"@id\":\"https:\\\/\\\/www.morenaelettrodomestici.com\\\/#\\\/schema\\\/logo\\\/image\\\/\",\"url\":\"https:\\\/\\\/www.morenaelettrodomestici.com\\\/wp-content\\\/uploads\\\/2024\\\/05\\\/logo_Morena_srls-TRASPARENTE.png\",\"contentUrl\":\"https:\\\/\\\/www.morenaelettrodomestici.com\\\/wp-content\\\/uploads\\\/2024\\\/05\\\/logo_Morena_srls-TRASPARENTE.png\",\"width\":2264,\"height\":718,\"caption\":\"Morena Elettrodomestici\"},\"image\":{\"@id\":\"https:\\\/\\\/www.morenaelettrodomestici.com\\\/#\\\/schema\\\/logo\\\/image\\\/\"},\"sameAs\":[\"https:\\\/\\\/www.facebook.com\\\/morenaelettrodomestici\\\/\",\"https:\\\/\\\/www.instagram.com\\\/morena.elettrodomestici\\\/\",\"https:\\\/\\\/www.linkedin.com\\\/company-beta\\\/10507375\\\/\",\"https:\\\/\\\/www.youtube.com\\\/channel\\\/UCgdTfdgRUeVEnhI2Z4GRlFA\"]}]}<\/script>\n<!-- \/ Yoast SEO plugin. -->","yoast_head_json":{"title":"DAYA DSGC-50764 Cucina 50x50cm Bianca forno a gas - Morena Elettrodomestici","description":"Acquista DAYA DSGC-50764 Cucina 50x50cm Bianca forno a gas su Morena Elettrodomestici. Il tuo Negozio di Fiducia online con prezzi competitivi e prodotti di alta qualit\u00e0!","robots":{"index":"index","follow":"follow","max-snippet":"max-snippet:-1","max-image-preview":"max-image-preview:large","max-video-preview":"max-video-preview:-1"},"canonical":"https:\/\/www.morenaelettrodomestici.com\/en\/shop\/daya-dsgc-50764-cucina-50x50cm-bianca-forno-a-gas\/","og_locale":"en_GB","og_type":"article","og_title":"DAYA DSGC-50764 Cucina 50x50cm Bianca forno a gas - Morena Elettrodomestici","og_description":"Acquista DAYA DSGC-50764 Cucina 50x50cm Bianca forno a gas su Morena Elettrodomestici. Il tuo Negozio di Fiducia online con prezzi competitivi e prodotti di alta qualit\u00e0!","og_url":"https:\/\/www.morenaelettrodomestici.com\/en\/shop\/daya-dsgc-50764-cucina-50x50cm-bianca-forno-a-gas\/","og_site_name":"Morena Elettrodomestici","article_publisher":"https:\/\/www.facebook.com\/morenaelettrodomestici\/","article_modified_time":"2024-07-15T14:58:03+00:00","og_image":[{"width":1500,"height":1500,"url":"https:\/\/www.morenaelettrodomestici.com\/wp-content\/uploads\/2024\/07\/daya-DSGC-50764-cucina-50x50-forno-a-gasa-bianca.jpg","type":"image\/jpeg"}],"twitter_card":"summary_large_image","twitter_misc":{"Estimated reading time":"3 minutes"},"schema":{"@context":"https:\/\/schema.org","@graph":[{"@type":"WebPage","@id":"https:\/\/www.morenaelettrodomestici.com\/shop\/daya-dsgc-50764-cucina-50x50cm-bianca-forno-a-gas\/","url":"https:\/\/www.morenaelettrodomestici.com\/shop\/daya-dsgc-50764-cucina-50x50cm-bianca-forno-a-gas\/","name":"DAYA DSGC-50764 Cucina 50x50cm Bianca forno a gas - Morena Elettrodomestici","isPartOf":{"@id":"https:\/\/www.morenaelettrodomestici.com\/#website"},"primaryImageOfPage":{"@id":"https:\/\/www.morenaelettrodomestici.com\/shop\/daya-dsgc-50764-cucina-50x50cm-bianca-forno-a-gas\/#primaryimage"},"image":{"@id":"https:\/\/www.morenaelettrodomestici.com\/shop\/daya-dsgc-50764-cucina-50x50cm-bianca-forno-a-gas\/#primaryimage"},"thumbnailUrl":"https:\/\/www.morenaelettrodomestici.com\/wp-content\/uploads\/2024\/07\/daya-DSGC-50764-cucina-50x50-forno-a-gasa-bianca.jpg","datePublished":"2024-07-15T14:55:47+00:00","dateModified":"2024-07-15T14:58:03+00:00","description":"Acquista DAYA DSGC-50764 Cucina 50x50cm Bianca forno a gas su Morena Elettrodomestici. Il tuo Negozio di Fiducia online con prezzi competitivi e prodotti di alta qualit\u00e0!","breadcrumb":{"@id":"https:\/\/www.morenaelettrodomestici.com\/shop\/daya-dsgc-50764-cucina-50x50cm-bianca-forno-a-gas\/#breadcrumb"},"inLanguage":"en-GB","potentialAction":[{"@type":"ReadAction","target":["https:\/\/www.morenaelettrodomestici.com\/shop\/daya-dsgc-50764-cucina-50x50cm-bianca-forno-a-gas\/"]}]},{"@type":"ImageObject","inLanguage":"en-GB","@id":"https:\/\/www.morenaelettrodomestici.com\/shop\/daya-dsgc-50764-cucina-50x50cm-bianca-forno-a-gas\/#primaryimage","url":"https:\/\/www.morenaelettrodomestici.com\/wp-content\/uploads\/2024\/07\/daya-DSGC-50764-cucina-50x50-forno-a-gasa-bianca.jpg","contentUrl":"https:\/\/www.morenaelettrodomestici.com\/wp-content\/uploads\/2024\/07\/daya-DSGC-50764-cucina-50x50-forno-a-gasa-bianca.jpg","width":1500,"height":1500},{"@type":"BreadcrumbList","@id":"https:\/\/www.morenaelettrodomestici.com\/shop\/daya-dsgc-50764-cucina-50x50cm-bianca-forno-a-gas\/#breadcrumb","itemListElement":[{"@type":"ListItem","position":1,"name":"Home","item":"https:\/\/www.morenaelettrodomestici.com\/"},{"@type":"ListItem","position":2,"name":"Shop","item":"https:\/\/www.morenaelettrodomestici.com\/shop\/"},{"@type":"ListItem","position":3,"name":"DAYA DSGC-50764 Cucina 50x50cm Bianca forno a gas"}]},{"@type":"WebSite","@id":"https:\/\/www.morenaelettrodomestici.com\/#website","url":"https:\/\/www.morenaelettrodomestici.com\/","name":"Morena","description":"I migliori elettrodomestici a prezzi folli","publisher":{"@id":"https:\/\/www.morenaelettrodomestici.com\/#organization"},"potentialAction":[{"@type":"SearchAction","target":{"@type":"EntryPoint","urlTemplate":"https:\/\/www.morenaelettrodomestici.com\/?s={search_term_string}"},"query-input":{"@type":"PropertyValueSpecification","valueRequired":true,"valueName":"search_term_string"}}],"inLanguage":"en-GB"},{"@type":"Organization","@id":"https:\/\/www.morenaelettrodomestici.com\/#organization","name":"Morena Elettrodomestici","url":"https:\/\/www.morenaelettrodomestici.com\/","logo":{"@type":"ImageObject","inLanguage":"en-GB","@id":"https:\/\/www.morenaelettrodomestici.com\/#\/schema\/logo\/image\/","url":"https:\/\/www.morenaelettrodomestici.com\/wp-content\/uploads\/2024\/05\/logo_Morena_srls-TRASPARENTE.png","contentUrl":"https:\/\/www.morenaelettrodomestici.com\/wp-content\/uploads\/2024\/05\/logo_Morena_srls-TRASPARENTE.png","width":2264,"height":718,"caption":"Morena Elettrodomestici"},"image":{"@id":"https:\/\/www.morenaelettrodomestici.com\/#\/schema\/logo\/image\/"},"sameAs":["https:\/\/www.facebook.com\/morenaelettrodomestici\/","https:\/\/www.instagram.com\/morena.elettrodomestici\/","https:\/\/www.linkedin.com\/company-beta\/10507375\/","https:\/\/www.youtube.com\/channel\/UCgdTfdgRUeVEnhI2Z4GRlFA"]}]}},"_links":{"self":[{"href":"https:\/\/www.morenaelettrodomestici.com\/en\/wp-json\/wp\/v2\/product\/40682","targetHints":{"allow":["GET"]}}],"collection":[{"href":"https:\/\/www.morenaelettrodomestici.com\/en\/wp-json\/wp\/v2\/product"}],"about":[{"href":"https:\/\/www.morenaelettrodomestici.com\/en\/wp-json\/wp\/v2\/types\/product"}],"version-history":[{"count":1,"href":"https:\/\/www.morenaelettrodomestici.com\/en\/wp-json\/wp\/v2\/product\/40682\/revisions"}],"predecessor-version":[{"id":40811,"href":"https:\/\/www.morenaelettrodomestici.com\/en\/wp-json\/wp\/v2\/product\/40682\/revisions\/40811"}],"wp:featuredmedia":[{"embeddable":true,"href":"https:\/\/www.morenaelettrodomestici.com\/en\/wp-json\/wp\/v2\/media\/40810"}],"wp:attachment":[{"href":"https:\/\/www.morenaelettrodomestici.com\/en\/wp-json\/wp\/v2\/media?parent=40682"}],"wp:term":[{"taxonomy":"product_brand","embeddable":true,"href":"https:\/\/www.morenaelettrodomestici.com\/en\/wp-json\/wp\/v2\/product_brand?post=40682"},{"taxonomy":"product_cat","embeddable":true,"href":"https:\/\/www.morenaelettrodomestici.com\/en\/wp-json\/wp\/v2\/product_cat?post=40682"},{"taxonomy":"product_tag","embeddable":true,"href":"https:\/\/www.morenaelettrodomestici.com\/en\/wp-json\/wp\/v2\/product_tag?post=40682"}],"curies":[{"name":"wp","href":"https:\/\/api.w.org\/{rel}","templated":true}]}}