{"id":40718,"date":"2024-07-15T14:56:21","date_gmt":"2024-07-15T14:56:21","guid":{"rendered":"https:\/\/www.morenaelettrodomestici.com\/?post_type=product&#038;p=40718"},"modified":"2025-03-28T22:00:48","modified_gmt":"2025-03-28T22:00:48","slug":"aspirapolvere-ariete-2757","status":"publish","type":"product","link":"https:\/\/www.morenaelettrodomestici.com\/en\/shop\/aspirapolvere-ariete-2757\/","title":{"rendered":"Aspirapolvere Ariete con filo 600w 2759"},"content":{"rendered":"<h2>Scopa Elettrica con Spazzola Motorizzata per pulire a fondo tutti i pavimenti della casa<\/h2>\n<p><strong>Handy Force Rbt<\/strong> \u00e8 la <strong>scopa elettrica con filo<\/strong>, leggera e maneggevole, da 600W, dotata di doppia spazzola: una multiuso per tutti i tipi di pavimenti e tappeti, una motorizzata con luci a led per individuare lo sporco anche nei punti pi\u00f9 nascosti.<br \/>La tecnologia ciclonica, il kit completo di accessori e la possibilit\u00e0 di essere utilizzata anche come <strong>aspirabriciole portatile<\/strong> rendono&nbsp;<strong>Handy Force Rbt&nbsp;<\/strong>ideale per eliminare la polvere in modo pratico e veloce da tutte le superfici di casa, inclusi divani, fessure e interni auto.<br \/>Il pulito \u00e8 assicurato!<\/p>\n<p><img fetchpriority=\"high\" decoding=\"async\" src=\"https:\/\/www.ariete.store\/media\/images\/product\/herocontent\/29\/scopa-elettrica-handy-force-rbt-ariete-2759-f4d79df79e54eff9fec92885ec560ff4.jpg\" alt=\"scopa elettrica aspirabriciole ariete 2759 handy force rbt \" width=\"600\" height=\"600\"><\/p>\n<h3>Leggera e maneggevole<\/h3>\n<p>&nbsp;<\/p>\n<p>Per aspirare comodamente tutta la casa, hai bisogno di una scopa elettrica versatile e leggera, che si possa adattare a qualsiasi angolo, anche il pi\u00f9 nascosto. Handy Force RBT \u00e8 la scopa Ariete leggera e maneggevole pensata per rendere l\u2019aspirazione della casa un\u2019operazione facile e veloce.<\/p>\n<p>&nbsp;<\/p>\n<p><img decoding=\"async\" src=\"https:\/\/www.ariete.store\/media\/images\/product\/herocontent\/29\/scopa-elettrica-handy-force-rbt-ariete-2759-aspirabriciole-a88e1dd2305f94ad956c16ef9f879221.jpg\" alt=\"scopa elettrica aspirabriciole ariete 2759 handy force rbt \" width=\"1500\" height=\"1482\"><\/p>\n<h3>Scopa Verticale e Aspirabriciole<\/h3>\n<p>&nbsp;<\/p>\n<p>Handy Force RBT \u00e8 contemporaneamente scopa verticale e aspirapolvere portatile. In un semplice clic \u00e8 possibile smontarla e utilizzarla in tutti i contesti della casa grazie agli accessori in dotazione. Sar\u00e0 la tua alleata indispensabile nelle faccende quotidiane.<\/p>\n<p>&nbsp;<\/p>\n<p><img decoding=\"async\" src=\"https:\/\/www.ariete.store\/media\/images\/product\/herocontent\/29\/scopa-elettrica-handy-force-rbt-ariete-2759-spazzola-motorizzata-per-peli-di-animale-ff8cb0e42d62d39defdb6fecb4cc108f.jpg\" alt=\"scopa elettrica aspirabriciole ariete 2759 handy force rbt spazzola motorizzata\" width=\"1500\" height=\"1500\"><\/p>\n<h3>Spazzola motorizzata ideale per aspirare i peli di animale<\/h3>\n<p>&nbsp;<\/p>\n<p>La spazzola motorizzata della scopa elettrica Handy Force RBT \u00e8 particolarmente indicata per tutti coloro che hanno un animale domestico in casa, cos\u00ec da aspirare efficacemente i peli sparsi per gli ambienti della casa in pochi attimi e in tutta agilit\u00e0.<\/p>\n<p>&nbsp;<\/p>\n<h2>Filtro Hepa per eliminare polvere, acari e allergie<\/h2>\n<p><img loading=\"lazy\" decoding=\"async\" src=\"https:\/\/www.ariete.store\/media\/images\/product\/herocontent\/29\/scopa-elettrica-handy-force-rbt-ariete-2759-no-acari-no-polvere-filtro-hepa-ba50b740ed83bbfdca36932ff10da8ad.jpg\" alt=\"scopa elettrica aspirabriciole ariete 2759 handy force rbt elimina germi batteri acari\" width=\"600\" height=\"600\"><\/p>\n<h3>Allergia alla polvere, no grazie!<\/h3>\n<p>&nbsp;<\/p>\n<p>La potenza aspirante di Handy Force RBT unita al Filtro Hepa assicurano, non solo un\u2019aspirazione profonda, ma anche l\u2019eliminazione di micro polveri, acari e pollini che restano cos\u00ec intrappolati all\u2019interno del serbatoio, evitando la loro dispersione nell\u2019aria.<\/p>\n<p>&nbsp;<\/p>\n<p><img loading=\"lazy\" decoding=\"async\" src=\"https:\/\/www.ariete.store\/media\/images\/product\/herocontent\/29\/scopa-elettrica-handy-force-rbt-ariete-2759-aspirabriciole-aspira-divani-materassi-bdad01dacd451be7f8839eb10381d4ff.jpg\" alt=\"scopa elettrica aspirabriciole ariete 2759 handy force rbt \" width=\"1500\" height=\"1500\"><\/p>\n<h3>Perfetta per Rinfrescare i Divani<\/h3>\n<p>&nbsp;<\/p>\n<p>Handy Force RBT diventa in un attimo un\u2019aspirapolvere ideale per aspirare e rinfrescare divani e poltrone, ma anche gli interni della macchina. Niente pi\u00f9 polvere, quando in giro c\u2019\u00e8 Handy Force RBT di Ariete!<\/p>\n<p>&nbsp;<\/p>\n<p><img loading=\"lazy\" decoding=\"async\" src=\"https:\/\/www.ariete.store\/media\/images\/product\/herocontent\/29\/scopa-elettrica-handy-force-rbt-ariete-2759-aspira-pavimenti-delicati-parquet-marmo-gres-6d522df6ed3a3c794d0c0db215d8905f.jpg\" alt=\"scopa elettrica aspirabriciole ariete 2759 handy force rbt \" width=\"600\" height=\"600\"><\/p>\n<h3>Aspira anche i pavimenti pi\u00f9 delicati e i tappeti<\/h3>\n<p>&nbsp;<\/p>\n<p>La spazzola universale \u00e8 ideata per pulire in profondit\u00e0 qualsiasi tipo di pavimento, anche i pi\u00f9 delicati come marmo, gres porcellanato o ceramica. Handy Force RBT aspira e torna il pulito in qualsiasi superficie, compresi i tappeti, luogo di massima concentrazione della polvere in casa.<\/p>\n<p>&nbsp;<\/p>\n<h2>Specifiche prodotto<\/h2>\n<figure class=\"table\">\n<table>\n<tbody>\n<tr>\n<td>Modello<\/td>\n<td>2759<\/td>\n<\/tr>\n<tr>\n<td>Codice<\/td>\n<td>00P275911AR0<\/td>\n<\/tr>\n<tr>\n<td>EAN<\/td>\n<td>8003705117914<\/td>\n<\/tr>\n<tr>\n<td>Potenza<\/td>\n<td>600W<\/td>\n<\/tr>\n<tr>\n<td>Con filo<\/td>\n<td>\u2713<\/td>\n<\/tr>\n<tr>\n<td>Funzioni<\/td>\n<td>scopa e aspirabriciole<\/td>\n<\/tr>\n<tr>\n<td>Spazzola motorizzata con luci<\/td>\n<td>\u2713<\/td>\n<\/tr>\n<tr>\n<td>Tecnologia ciclonica<\/td>\n<td>\u2713<\/td>\n<\/tr>\n<tr>\n<td>Senza sacco<\/td>\n<td>\u2713<\/td>\n<\/tr>\n<tr>\n<td>Filtro Hepa<\/td>\n<td>\u2713<\/td>\n<\/tr>\n<tr>\n<td>Contenitore sporco<\/td>\n<td>0,8L<\/td>\n<\/tr>\n<tr>\n<td>Accessori<\/td>\n<td>spazzola motorizzata, spazzola multiuso, beccuccio 2in1, supporto muro<\/td>\n<\/tr>\n<tr>\n<td>Lunghezza prodotto<\/td>\n<td>27.00 cm<\/td>\n<\/tr>\n<tr>\n<td>Larghezza prodotto<\/td>\n<td>26.00 cm<\/td>\n<\/tr>\n<tr>\n<td>Altezza prodotto<\/td>\n<td>100.00 cm<\/td>\n<\/tr>\n<tr>\n<td>Peso prodotto<\/td>\n<td>2.92 Kg<\/td>\n<\/tr>\n<tr>\n<td>Peso scatola<\/td>\n<td>3.78 Kg<\/td>\n<\/tr>\n<tr>\n<td>Peso master<\/td>\n<td>3.78 Kg<\/td>\n<\/tr>\n<tr>\n<td>Pezzi master<\/td>\n<td>1<\/td>\n<\/tr>\n<tr>\n<td>Pezzi pallet<\/td>\n<td>49<\/td>\n<\/tr>\n<tr>\n<td>Pezzi container 20<\/td>\n<td>780<\/td>\n<\/tr>\n<tr>\n<td>Pezzi container 40<\/td>\n<td>1600<\/td>\n<\/tr>\n<tr>\n<td>Pezzi container 40H<\/td>\n<td>1880<\/td>\n<\/tr>\n<\/tbody>\n<\/table>\n<\/figure>\n<p>&nbsp;<\/p>\n<h3>&nbsp;<\/h3>","protected":false},"excerpt":{"rendered":"<p>\u2018-Aspirapolvere Ariete<br \/>600w<\/p>","protected":false},"featured_media":48213,"template":"","meta":[],"product_brand":[],"product_cat":[788,102],"product_tag":[580,813],"class_list":{"0":"post-40718","1":"product","2":"type-product","3":"status-publish","4":"has-post-thumbnail","6":"product_cat-aspirapolveri","7":"product_cat-piccoli-elettrodomestici","8":"product_tag-ariete","9":"product_tag-aspirapolvere","10":"pa_marca-ariete","12":"first","13":"instock","14":"sale","15":"purchasable","16":"product-type-simple"},"yoast_head":"<!-- This site is optimized with the Yoast SEO plugin v27.5 - https:\/\/yoast.com\/product\/yoast-seo-wordpress\/ -->\n<title>Aspirapolvere Ariete con filo 600w 2759 - Morena Elettrodomestici<\/title>\n<meta name=\"description\" content=\"Acquista Aspirapolvere Ariete con filo 600w 2759 su Morena Elettrodomestici. Il tuo Negozio di Fiducia online con prezzi competitivi e prodotti di alta qualit\u00e0!\" \/>\n<meta name=\"robots\" content=\"index, follow, max-snippet:-1, max-image-preview:large, max-video-preview:-1\" \/>\n<link rel=\"canonical\" href=\"https:\/\/www.morenaelettrodomestici.com\/en\/shop\/aspirapolvere-ariete-2757\/\" \/>\n<meta property=\"og:locale\" content=\"en_GB\" \/>\n<meta property=\"og:type\" content=\"article\" \/>\n<meta property=\"og:title\" content=\"Aspirapolvere Ariete con filo 600w 2759 - Morena Elettrodomestici\" \/>\n<meta property=\"og:description\" content=\"Acquista Aspirapolvere Ariete con filo 600w 2759 su Morena Elettrodomestici. Il tuo Negozio di Fiducia online con prezzi competitivi e prodotti di alta qualit\u00e0!\" \/>\n<meta property=\"og:url\" content=\"https:\/\/www.morenaelettrodomestici.com\/en\/shop\/aspirapolvere-ariete-2757\/\" \/>\n<meta property=\"og:site_name\" content=\"Morena Elettrodomestici\" \/>\n<meta property=\"article:publisher\" content=\"https:\/\/www.facebook.com\/morenaelettrodomestici\/\" \/>\n<meta property=\"article:modified_time\" content=\"2025-03-28T22:00:48+00:00\" \/>\n<meta property=\"og:image\" content=\"https:\/\/www.morenaelettrodomestici.com\/wp-content\/uploads\/2025\/03\/8999.jpg\" \/>\n\t<meta property=\"og:image:width\" content=\"300\" \/>\n\t<meta property=\"og:image:height\" content=\"300\" \/>\n\t<meta property=\"og:image:type\" content=\"image\/jpeg\" \/>\n<meta name=\"twitter:card\" content=\"summary_large_image\" \/>\n<meta name=\"twitter:label1\" content=\"Estimated reading time\" \/>\n\t<meta name=\"twitter:data1\" content=\"2 minutes\" \/>\n<script type=\"application\/ld+json\" class=\"yoast-schema-graph\">{\"@context\":\"https:\\\/\\\/schema.org\",\"@graph\":[{\"@type\":\"WebPage\",\"@id\":\"https:\\\/\\\/www.morenaelettrodomestici.com\\\/shop\\\/aspirapolvere-ariete-2757\\\/\",\"url\":\"https:\\\/\\\/www.morenaelettrodomestici.com\\\/shop\\\/aspirapolvere-ariete-2757\\\/\",\"name\":\"Aspirapolvere Ariete con filo 600w 2759 - Morena Elettrodomestici\",\"isPartOf\":{\"@id\":\"https:\\\/\\\/www.morenaelettrodomestici.com\\\/#website\"},\"primaryImageOfPage\":{\"@id\":\"https:\\\/\\\/www.morenaelettrodomestici.com\\\/shop\\\/aspirapolvere-ariete-2757\\\/#primaryimage\"},\"image\":{\"@id\":\"https:\\\/\\\/www.morenaelettrodomestici.com\\\/shop\\\/aspirapolvere-ariete-2757\\\/#primaryimage\"},\"thumbnailUrl\":\"https:\\\/\\\/www.morenaelettrodomestici.com\\\/wp-content\\\/uploads\\\/2025\\\/03\\\/8999.jpg\",\"datePublished\":\"2024-07-15T14:56:21+00:00\",\"dateModified\":\"2025-03-28T22:00:48+00:00\",\"description\":\"Acquista Aspirapolvere Ariete con filo 600w 2759 su Morena Elettrodomestici. Il tuo Negozio di Fiducia online con prezzi competitivi e prodotti di alta qualit\u00e0!\",\"breadcrumb\":{\"@id\":\"https:\\\/\\\/www.morenaelettrodomestici.com\\\/shop\\\/aspirapolvere-ariete-2757\\\/#breadcrumb\"},\"inLanguage\":\"en-GB\",\"potentialAction\":[{\"@type\":\"ReadAction\",\"target\":[\"https:\\\/\\\/www.morenaelettrodomestici.com\\\/shop\\\/aspirapolvere-ariete-2757\\\/\"]}]},{\"@type\":\"ImageObject\",\"inLanguage\":\"en-GB\",\"@id\":\"https:\\\/\\\/www.morenaelettrodomestici.com\\\/shop\\\/aspirapolvere-ariete-2757\\\/#primaryimage\",\"url\":\"https:\\\/\\\/www.morenaelettrodomestici.com\\\/wp-content\\\/uploads\\\/2025\\\/03\\\/8999.jpg\",\"contentUrl\":\"https:\\\/\\\/www.morenaelettrodomestici.com\\\/wp-content\\\/uploads\\\/2025\\\/03\\\/8999.jpg\",\"width\":300,\"height\":300},{\"@type\":\"BreadcrumbList\",\"@id\":\"https:\\\/\\\/www.morenaelettrodomestici.com\\\/shop\\\/aspirapolvere-ariete-2757\\\/#breadcrumb\",\"itemListElement\":[{\"@type\":\"ListItem\",\"position\":1,\"name\":\"Home\",\"item\":\"https:\\\/\\\/www.morenaelettrodomestici.com\\\/\"},{\"@type\":\"ListItem\",\"position\":2,\"name\":\"Shop\",\"item\":\"https:\\\/\\\/www.morenaelettrodomestici.com\\\/shop\\\/\"},{\"@type\":\"ListItem\",\"position\":3,\"name\":\"Aspirapolvere Ariete con filo 600w 2759\"}]},{\"@type\":\"WebSite\",\"@id\":\"https:\\\/\\\/www.morenaelettrodomestici.com\\\/#website\",\"url\":\"https:\\\/\\\/www.morenaelettrodomestici.com\\\/\",\"name\":\"Morena\",\"description\":\"I migliori elettrodomestici a prezzi folli\",\"publisher\":{\"@id\":\"https:\\\/\\\/www.morenaelettrodomestici.com\\\/#organization\"},\"potentialAction\":[{\"@type\":\"SearchAction\",\"target\":{\"@type\":\"EntryPoint\",\"urlTemplate\":\"https:\\\/\\\/www.morenaelettrodomestici.com\\\/?s={search_term_string}\"},\"query-input\":{\"@type\":\"PropertyValueSpecification\",\"valueRequired\":true,\"valueName\":\"search_term_string\"}}],\"inLanguage\":\"en-GB\"},{\"@type\":\"Organization\",\"@id\":\"https:\\\/\\\/www.morenaelettrodomestici.com\\\/#organization\",\"name\":\"Morena Elettrodomestici\",\"url\":\"https:\\\/\\\/www.morenaelettrodomestici.com\\\/\",\"logo\":{\"@type\":\"ImageObject\",\"inLanguage\":\"en-GB\",\"@id\":\"https:\\\/\\\/www.morenaelettrodomestici.com\\\/#\\\/schema\\\/logo\\\/image\\\/\",\"url\":\"https:\\\/\\\/www.morenaelettrodomestici.com\\\/wp-content\\\/uploads\\\/2024\\\/05\\\/logo_Morena_srls-TRASPARENTE.png\",\"contentUrl\":\"https:\\\/\\\/www.morenaelettrodomestici.com\\\/wp-content\\\/uploads\\\/2024\\\/05\\\/logo_Morena_srls-TRASPARENTE.png\",\"width\":2264,\"height\":718,\"caption\":\"Morena Elettrodomestici\"},\"image\":{\"@id\":\"https:\\\/\\\/www.morenaelettrodomestici.com\\\/#\\\/schema\\\/logo\\\/image\\\/\"},\"sameAs\":[\"https:\\\/\\\/www.facebook.com\\\/morenaelettrodomestici\\\/\",\"https:\\\/\\\/www.instagram.com\\\/morena.elettrodomestici\\\/\",\"https:\\\/\\\/www.linkedin.com\\\/company-beta\\\/10507375\\\/\",\"https:\\\/\\\/www.youtube.com\\\/channel\\\/UCgdTfdgRUeVEnhI2Z4GRlFA\"]}]}<\/script>\n<!-- \/ Yoast SEO plugin. -->","yoast_head_json":{"title":"Aspirapolvere Ariete con filo 600w 2759 - Morena Elettrodomestici","description":"Acquista Aspirapolvere Ariete con filo 600w 2759 su Morena Elettrodomestici. Il tuo Negozio di Fiducia online con prezzi competitivi e prodotti di alta qualit\u00e0!","robots":{"index":"index","follow":"follow","max-snippet":"max-snippet:-1","max-image-preview":"max-image-preview:large","max-video-preview":"max-video-preview:-1"},"canonical":"https:\/\/www.morenaelettrodomestici.com\/en\/shop\/aspirapolvere-ariete-2757\/","og_locale":"en_GB","og_type":"article","og_title":"Aspirapolvere Ariete con filo 600w 2759 - Morena Elettrodomestici","og_description":"Acquista Aspirapolvere Ariete con filo 600w 2759 su Morena Elettrodomestici. Il tuo Negozio di Fiducia online con prezzi competitivi e prodotti di alta qualit\u00e0!","og_url":"https:\/\/www.morenaelettrodomestici.com\/en\/shop\/aspirapolvere-ariete-2757\/","og_site_name":"Morena Elettrodomestici","article_publisher":"https:\/\/www.facebook.com\/morenaelettrodomestici\/","article_modified_time":"2025-03-28T22:00:48+00:00","og_image":[{"width":300,"height":300,"url":"https:\/\/www.morenaelettrodomestici.com\/wp-content\/uploads\/2025\/03\/8999.jpg","type":"image\/jpeg"}],"twitter_card":"summary_large_image","twitter_misc":{"Estimated reading time":"2 minutes"},"schema":{"@context":"https:\/\/schema.org","@graph":[{"@type":"WebPage","@id":"https:\/\/www.morenaelettrodomestici.com\/shop\/aspirapolvere-ariete-2757\/","url":"https:\/\/www.morenaelettrodomestici.com\/shop\/aspirapolvere-ariete-2757\/","name":"Aspirapolvere Ariete con filo 600w 2759 - Morena Elettrodomestici","isPartOf":{"@id":"https:\/\/www.morenaelettrodomestici.com\/#website"},"primaryImageOfPage":{"@id":"https:\/\/www.morenaelettrodomestici.com\/shop\/aspirapolvere-ariete-2757\/#primaryimage"},"image":{"@id":"https:\/\/www.morenaelettrodomestici.com\/shop\/aspirapolvere-ariete-2757\/#primaryimage"},"thumbnailUrl":"https:\/\/www.morenaelettrodomestici.com\/wp-content\/uploads\/2025\/03\/8999.jpg","datePublished":"2024-07-15T14:56:21+00:00","dateModified":"2025-03-28T22:00:48+00:00","description":"Acquista Aspirapolvere Ariete con filo 600w 2759 su Morena Elettrodomestici. Il tuo Negozio di Fiducia online con prezzi competitivi e prodotti di alta qualit\u00e0!","breadcrumb":{"@id":"https:\/\/www.morenaelettrodomestici.com\/shop\/aspirapolvere-ariete-2757\/#breadcrumb"},"inLanguage":"en-GB","potentialAction":[{"@type":"ReadAction","target":["https:\/\/www.morenaelettrodomestici.com\/shop\/aspirapolvere-ariete-2757\/"]}]},{"@type":"ImageObject","inLanguage":"en-GB","@id":"https:\/\/www.morenaelettrodomestici.com\/shop\/aspirapolvere-ariete-2757\/#primaryimage","url":"https:\/\/www.morenaelettrodomestici.com\/wp-content\/uploads\/2025\/03\/8999.jpg","contentUrl":"https:\/\/www.morenaelettrodomestici.com\/wp-content\/uploads\/2025\/03\/8999.jpg","width":300,"height":300},{"@type":"BreadcrumbList","@id":"https:\/\/www.morenaelettrodomestici.com\/shop\/aspirapolvere-ariete-2757\/#breadcrumb","itemListElement":[{"@type":"ListItem","position":1,"name":"Home","item":"https:\/\/www.morenaelettrodomestici.com\/"},{"@type":"ListItem","position":2,"name":"Shop","item":"https:\/\/www.morenaelettrodomestici.com\/shop\/"},{"@type":"ListItem","position":3,"name":"Aspirapolvere Ariete con filo 600w 2759"}]},{"@type":"WebSite","@id":"https:\/\/www.morenaelettrodomestici.com\/#website","url":"https:\/\/www.morenaelettrodomestici.com\/","name":"Morena","description":"I migliori elettrodomestici a prezzi folli","publisher":{"@id":"https:\/\/www.morenaelettrodomestici.com\/#organization"},"potentialAction":[{"@type":"SearchAction","target":{"@type":"EntryPoint","urlTemplate":"https:\/\/www.morenaelettrodomestici.com\/?s={search_term_string}"},"query-input":{"@type":"PropertyValueSpecification","valueRequired":true,"valueName":"search_term_string"}}],"inLanguage":"en-GB"},{"@type":"Organization","@id":"https:\/\/www.morenaelettrodomestici.com\/#organization","name":"Morena Elettrodomestici","url":"https:\/\/www.morenaelettrodomestici.com\/","logo":{"@type":"ImageObject","inLanguage":"en-GB","@id":"https:\/\/www.morenaelettrodomestici.com\/#\/schema\/logo\/image\/","url":"https:\/\/www.morenaelettrodomestici.com\/wp-content\/uploads\/2024\/05\/logo_Morena_srls-TRASPARENTE.png","contentUrl":"https:\/\/www.morenaelettrodomestici.com\/wp-content\/uploads\/2024\/05\/logo_Morena_srls-TRASPARENTE.png","width":2264,"height":718,"caption":"Morena Elettrodomestici"},"image":{"@id":"https:\/\/www.morenaelettrodomestici.com\/#\/schema\/logo\/image\/"},"sameAs":["https:\/\/www.facebook.com\/morenaelettrodomestici\/","https:\/\/www.instagram.com\/morena.elettrodomestici\/","https:\/\/www.linkedin.com\/company-beta\/10507375\/","https:\/\/www.youtube.com\/channel\/UCgdTfdgRUeVEnhI2Z4GRlFA"]}]}},"_links":{"self":[{"href":"https:\/\/www.morenaelettrodomestici.com\/en\/wp-json\/wp\/v2\/product\/40718","targetHints":{"allow":["GET"]}}],"collection":[{"href":"https:\/\/www.morenaelettrodomestici.com\/en\/wp-json\/wp\/v2\/product"}],"about":[{"href":"https:\/\/www.morenaelettrodomestici.com\/en\/wp-json\/wp\/v2\/types\/product"}],"version-history":[{"count":4,"href":"https:\/\/www.morenaelettrodomestici.com\/en\/wp-json\/wp\/v2\/product\/40718\/revisions"}],"predecessor-version":[{"id":48216,"href":"https:\/\/www.morenaelettrodomestici.com\/en\/wp-json\/wp\/v2\/product\/40718\/revisions\/48216"}],"wp:featuredmedia":[{"embeddable":true,"href":"https:\/\/www.morenaelettrodomestici.com\/en\/wp-json\/wp\/v2\/media\/48213"}],"wp:attachment":[{"href":"https:\/\/www.morenaelettrodomestici.com\/en\/wp-json\/wp\/v2\/media?parent=40718"}],"wp:term":[{"taxonomy":"product_brand","embeddable":true,"href":"https:\/\/www.morenaelettrodomestici.com\/en\/wp-json\/wp\/v2\/product_brand?post=40718"},{"taxonomy":"product_cat","embeddable":true,"href":"https:\/\/www.morenaelettrodomestici.com\/en\/wp-json\/wp\/v2\/product_cat?post=40718"},{"taxonomy":"product_tag","embeddable":true,"href":"https:\/\/www.morenaelettrodomestici.com\/en\/wp-json\/wp\/v2\/product_tag?post=40718"}],"curies":[{"name":"wp","href":"https:\/\/api.w.org\/{rel}","templated":true}]}}