{"id":40798,"date":"2024-07-15T14:57:41","date_gmt":"2024-07-15T14:57:41","guid":{"rendered":"https:\/\/www.morenaelettrodomestici.com\/?post_type=product&#038;p=40798"},"modified":"2026-02-20T10:45:18","modified_gmt":"2026-02-20T10:45:18","slug":"aspirapolvere-ariete-600w-2761","status":"publish","type":"product","link":"https:\/\/www.morenaelettrodomestici.com\/en\/shop\/aspirapolvere-ariete-600w-2761\/","title":{"rendered":"Aspirapolvere Ariete 600W 2761"},"content":{"rendered":"<p>Scopa elettrica con doppia funzione aspirapolvere e aspira briciole. Tecnologia ciclonica senza sacco. Tubo telescopico e accessori inclusi.<br \/>Handy Force Ariete 2761 \u00e8 la scopa elettrica leggera e maneggevole, che si trasforma facilmente in un pratico aspirabriciole portatile per la pulizia di tutti gli ambienti e gli angoli della casa. La scopa elettrica con filo \u00e8 potente e ideale per la pulizia di pavimenti di ogni genere, tappeti e moquette, grazie alla tecnologia ciclonica senza sacco, che consente di aspirare anche lo sporco pi\u00f9 ostinato. Con una sola mossa la scopa elettrica Handy Force si trasforma in un aspirabriciole portatile con beccuccio perfetto per la pulizia di angoli e fessure difficili da raggiungere, mensole e piani. Utilizzando l&#8217;apposito accessorio tessuti, con Handy Force si possono aspirare in un istante anche divani, poltrone e cuscini.<br \/>Handy Force non \u00e8 solamente pratica e versatile da utilizzare, ma anche semplicissima da pulire: il serbatoio infatti pu\u00f2 essere svuotato in un istante direttamente sopra alla pattumiera e il filtro Hepa, che garantisce la massima aspirazione di polvere e sporcizia, pu\u00f2 essere lavato direttamente sotto l&#8217;acqua corrente, per garantirti sempre la miglior performance di aspirazione. Il pratico supporto per l&#8217;aggancio al muro, ti permette di riporre la scopa elettrica dove preferisci e averla sempre a portata di mano per le pulizie quotidiane della tua casa.<br \/>La tua scopa elettrica avr\u00e0 lunga vita grazie alla tecnologia ciclonica che massimizza la potenza aspirante, ma anche la durata dei filtri, che possono essere sostituiti periodicamente. Scopri i filtri di ricambio compatibili con la scopa elettrica Handy Force Ariete 2761.<br \/><strong>La scopa elettrica aspira tutti i tipi di pavimenti e i tappeti<\/strong><br \/><strong>Leggera e maneggevole<\/strong><br \/>Per aspirare comodamente tutta la casa, hai bisogno di una scopa elettrica versatile e leggera, che si possa adattare a qualsiasi angolo, anche il pi\u00f9 nascosto. Handy Force \u00e8 la scopa elettrica ariete leggera e maneggevole pensata per rendere l\u2019aspirazione della casa un\u2019operazione facile e veloce.<br \/><strong>Scopa Verticale e Aspirabriciole<\/strong><br \/>La spazzola universale \u00e8 ideata per pulire in profondit\u00e0 qualsiasi tipo di pavimento, anche i pi\u00f9 delicati come marmo, gres porcellanato o ceramica. Handy Force aspira e torna il pulito in qualsiasi superficie!<br \/><strong>Aspira anche i pavimenti pi\u00f9 delicati<\/strong><br \/>Handy Force \u00e8 contemporaneamente scopa verticale e aspirabriciole portatile. In un semplice clic \u00e8 possibile smontarla e utilizzarla in tutti i contesti della casa. Sar\u00e0 la tua alleata indispensabile nelle faccende quotidiane.<br \/><strong>La forza ciclonica e il filtro Hepa contro polvere e acari<\/strong><br \/>scopa elettrica ariete 2761 handy force trattiene acari micropolveri pollini<br \/>Allergia alla polvere no grazie!<br \/>La potenza aspirante di Handy Force unita al Filtro Hepa assicurano, non solo un\u2019aspirazione profonda, ma anche l\u2019eliminazione di micro polveri, acari e pollini che restano cos\u00ec intrappolati all\u2019interno del serbatoio, evitando la loro dispersione nell\u2019aria.<br \/><strong>Perfetta per Rinfrescare i Divani<\/strong><br \/>Handy Force diventa in un attimo un\u2019aspirapolvere ideale per aspirare e rinfrescare divani e poltrone, ma anche gli interni della macchina. Niente pi\u00f9 polvere, quando in giro c\u2019\u00e8 Handy Force di Ariete!<br \/><strong>Ottima aspirazione anche sui tappeti<\/strong><br \/>I tappeti sono uno dei luoghi di massima concentrazione della polvere a casa, per questo \u00e8 necessario aspirarli quotidianamente e in modo efficace. La scopa elettrica Handy Force render\u00e0 anche l\u2019aspirazione dei tappeti un gioco da ragazzi.<\/p>\n<p>Potenza:600 Watt<br \/>2 in 1 Aspirabriciole e Scopa Elettrica<br \/>Alimentazione :Con Cavo<br \/>Lunghezza cavo :5 Metri<br \/>Tecnologia Ciclonica<br \/>Senza sacco<br \/>Filtro HEPA<br \/>Capacit\u00e0 serbatoio:0,5 Litri<br \/>Bottone:ON\/OFF<br \/>Tubo telescopico in alluminio<br \/>Accessori:spazzola tessuti e beccuccio, spazzola tappeti\/pavimenti<br \/>Supporto aggancio a muro<br \/>Lunghezza prodotto:27.00 cm<br \/>Larghezza prodotto:23.00 cm<br \/>Altezza prodotto:122.00 cm<br \/>Peso prodotto:2.24 Kg<\/p>","protected":false},"excerpt":{"rendered":"<p>\u2018-Aspirapolvere Ariete<br \/>-Accessori:spazzola tessuti e beccuccio, spazzola tappeti\/pavimenti<br \/>-600W<\/p>","protected":false},"featured_media":51038,"template":"","meta":[],"product_brand":[],"product_cat":[788,102],"product_tag":[580,813],"class_list":{"0":"post-40798","1":"product","2":"type-product","3":"status-publish","4":"has-post-thumbnail","6":"product_cat-aspirapolveri","7":"product_cat-piccoli-elettrodomestici","8":"product_tag-ariete","9":"product_tag-aspirapolvere","10":"pa_marca-ariete","12":"first","13":"instock","14":"sale","15":"purchasable","16":"product-type-simple"},"yoast_head":"<!-- This site is optimized with the Yoast SEO plugin v25.5 - https:\/\/yoast.com\/wordpress\/plugins\/seo\/ -->\n<title>Aspirapolvere Ariete 600W 2761 - Morena Elettrodomestici<\/title>\n<meta name=\"description\" content=\"Acquista Aspirapolvere Ariete 600W 2761 su Morena Elettrodomestici. Il tuo Negozio di Fiducia online con prezzi competitivi e prodotti di alta qualit\u00e0!\" \/>\n<meta name=\"robots\" content=\"index, follow, max-snippet:-1, max-image-preview:large, max-video-preview:-1\" \/>\n<link rel=\"canonical\" href=\"https:\/\/www.morenaelettrodomestici.com\/en\/shop\/aspirapolvere-ariete-600w-2761\/\" \/>\n<meta property=\"og:locale\" content=\"en_GB\" \/>\n<meta property=\"og:type\" content=\"article\" \/>\n<meta property=\"og:title\" content=\"Aspirapolvere Ariete 600W 2761 - Morena Elettrodomestici\" \/>\n<meta property=\"og:description\" content=\"Acquista Aspirapolvere Ariete 600W 2761 su Morena Elettrodomestici. Il tuo Negozio di Fiducia online con prezzi competitivi e prodotti di alta qualit\u00e0!\" \/>\n<meta property=\"og:url\" content=\"https:\/\/www.morenaelettrodomestici.com\/en\/shop\/aspirapolvere-ariete-600w-2761\/\" \/>\n<meta property=\"og:site_name\" content=\"Morena Elettrodomestici\" \/>\n<meta property=\"article:publisher\" content=\"https:\/\/www.facebook.com\/morenaelettrodomestici\/\" \/>\n<meta property=\"article:modified_time\" content=\"2026-02-20T10:45:18+00:00\" \/>\n<meta property=\"og:image\" content=\"https:\/\/www.morenaelettrodomestici.com\/wp-content\/uploads\/2024\/07\/Screenshot-2022-04-09-at-10-02-04-Scopa-elettrica-e-aspirabriciole-senza-sacco-Handy-Force.png\" \/>\n\t<meta property=\"og:image:width\" content=\"450\" \/>\n\t<meta property=\"og:image:height\" content=\"450\" \/>\n\t<meta property=\"og:image:type\" content=\"image\/png\" \/>\n<meta name=\"twitter:card\" content=\"summary_large_image\" \/>\n<meta name=\"twitter:label1\" content=\"Estimated reading time\" \/>\n\t<meta name=\"twitter:data1\" content=\"3 minutes\" \/>\n<script type=\"application\/ld+json\" class=\"yoast-schema-graph\">{\"@context\":\"https:\/\/schema.org\",\"@graph\":[{\"@type\":\"WebPage\",\"@id\":\"https:\/\/www.morenaelettrodomestici.com\/shop\/aspirapolvere-ariete-600w-2761\/\",\"url\":\"https:\/\/www.morenaelettrodomestici.com\/shop\/aspirapolvere-ariete-600w-2761\/\",\"name\":\"Aspirapolvere Ariete 600W 2761 - Morena Elettrodomestici\",\"isPartOf\":{\"@id\":\"https:\/\/www.morenaelettrodomestici.com\/#website\"},\"primaryImageOfPage\":{\"@id\":\"https:\/\/www.morenaelettrodomestici.com\/shop\/aspirapolvere-ariete-600w-2761\/#primaryimage\"},\"image\":{\"@id\":\"https:\/\/www.morenaelettrodomestici.com\/shop\/aspirapolvere-ariete-600w-2761\/#primaryimage\"},\"thumbnailUrl\":\"https:\/\/www.morenaelettrodomestici.com\/wp-content\/uploads\/2026\/02\/10179.jpg\",\"datePublished\":\"2024-07-15T14:57:41+00:00\",\"dateModified\":\"2026-02-20T10:45:18+00:00\",\"description\":\"Acquista Aspirapolvere Ariete 600W 2761 su Morena Elettrodomestici. Il tuo Negozio di Fiducia online con prezzi competitivi e prodotti di alta qualit\u00e0!\",\"breadcrumb\":{\"@id\":\"https:\/\/www.morenaelettrodomestici.com\/shop\/aspirapolvere-ariete-600w-2761\/#breadcrumb\"},\"inLanguage\":\"en-GB\",\"potentialAction\":[{\"@type\":\"ReadAction\",\"target\":[\"https:\/\/www.morenaelettrodomestici.com\/shop\/aspirapolvere-ariete-600w-2761\/\"]}]},{\"@type\":\"ImageObject\",\"inLanguage\":\"en-GB\",\"@id\":\"https:\/\/www.morenaelettrodomestici.com\/shop\/aspirapolvere-ariete-600w-2761\/#primaryimage\",\"url\":\"https:\/\/www.morenaelettrodomestici.com\/wp-content\/uploads\/2026\/02\/10179.jpg\",\"contentUrl\":\"https:\/\/www.morenaelettrodomestici.com\/wp-content\/uploads\/2026\/02\/10179.jpg\",\"width\":300,\"height\":300},{\"@type\":\"BreadcrumbList\",\"@id\":\"https:\/\/www.morenaelettrodomestici.com\/shop\/aspirapolvere-ariete-600w-2761\/#breadcrumb\",\"itemListElement\":[{\"@type\":\"ListItem\",\"position\":1,\"name\":\"Home\",\"item\":\"https:\/\/www.morenaelettrodomestici.com\/\"},{\"@type\":\"ListItem\",\"position\":2,\"name\":\"Shop\",\"item\":\"https:\/\/www.morenaelettrodomestici.com\/shop\/\"},{\"@type\":\"ListItem\",\"position\":3,\"name\":\"Aspirapolvere Ariete 600W 2761\"}]},{\"@type\":\"WebSite\",\"@id\":\"https:\/\/www.morenaelettrodomestici.com\/#website\",\"url\":\"https:\/\/www.morenaelettrodomestici.com\/\",\"name\":\"Morena\",\"description\":\"I migliori elettrodomestici a prezzi folli\",\"publisher\":{\"@id\":\"https:\/\/www.morenaelettrodomestici.com\/#organization\"},\"potentialAction\":[{\"@type\":\"SearchAction\",\"target\":{\"@type\":\"EntryPoint\",\"urlTemplate\":\"https:\/\/www.morenaelettrodomestici.com\/?s={search_term_string}\"},\"query-input\":{\"@type\":\"PropertyValueSpecification\",\"valueRequired\":true,\"valueName\":\"search_term_string\"}}],\"inLanguage\":\"en-GB\"},{\"@type\":\"Organization\",\"@id\":\"https:\/\/www.morenaelettrodomestici.com\/#organization\",\"name\":\"Morena Elettrodomestici\",\"url\":\"https:\/\/www.morenaelettrodomestici.com\/\",\"logo\":{\"@type\":\"ImageObject\",\"inLanguage\":\"en-GB\",\"@id\":\"https:\/\/www.morenaelettrodomestici.com\/#\/schema\/logo\/image\/\",\"url\":\"https:\/\/www.morenaelettrodomestici.com\/wp-content\/uploads\/2024\/05\/logo_Morena_srls-TRASPARENTE.png\",\"contentUrl\":\"https:\/\/www.morenaelettrodomestici.com\/wp-content\/uploads\/2024\/05\/logo_Morena_srls-TRASPARENTE.png\",\"width\":2264,\"height\":718,\"caption\":\"Morena Elettrodomestici\"},\"image\":{\"@id\":\"https:\/\/www.morenaelettrodomestici.com\/#\/schema\/logo\/image\/\"},\"sameAs\":[\"https:\/\/www.facebook.com\/morenaelettrodomestici\/\",\"https:\/\/www.instagram.com\/morena.elettrodomestici\/\",\"https:\/\/www.linkedin.com\/company-beta\/10507375\/\",\"https:\/\/www.youtube.com\/channel\/UCgdTfdgRUeVEnhI2Z4GRlFA\"]}]}<\/script>\n<!-- \/ Yoast SEO plugin. -->","yoast_head_json":{"title":"Aspirapolvere Ariete 600W 2761 - Morena Elettrodomestici","description":"Acquista Aspirapolvere Ariete 600W 2761 su Morena Elettrodomestici. Il tuo Negozio di Fiducia online con prezzi competitivi e prodotti di alta qualit\u00e0!","robots":{"index":"index","follow":"follow","max-snippet":"max-snippet:-1","max-image-preview":"max-image-preview:large","max-video-preview":"max-video-preview:-1"},"canonical":"https:\/\/www.morenaelettrodomestici.com\/en\/shop\/aspirapolvere-ariete-600w-2761\/","og_locale":"en_GB","og_type":"article","og_title":"Aspirapolvere Ariete 600W 2761 - Morena Elettrodomestici","og_description":"Acquista Aspirapolvere Ariete 600W 2761 su Morena Elettrodomestici. Il tuo Negozio di Fiducia online con prezzi competitivi e prodotti di alta qualit\u00e0!","og_url":"https:\/\/www.morenaelettrodomestici.com\/en\/shop\/aspirapolvere-ariete-600w-2761\/","og_site_name":"Morena Elettrodomestici","article_publisher":"https:\/\/www.facebook.com\/morenaelettrodomestici\/","article_modified_time":"2026-02-20T10:45:18+00:00","og_image":[{"width":450,"height":450,"url":"https:\/\/www.morenaelettrodomestici.com\/wp-content\/uploads\/2024\/07\/Screenshot-2022-04-09-at-10-02-04-Scopa-elettrica-e-aspirabriciole-senza-sacco-Handy-Force.png","type":"image\/png"}],"twitter_card":"summary_large_image","twitter_misc":{"Estimated reading time":"3 minutes"},"schema":{"@context":"https:\/\/schema.org","@graph":[{"@type":"WebPage","@id":"https:\/\/www.morenaelettrodomestici.com\/shop\/aspirapolvere-ariete-600w-2761\/","url":"https:\/\/www.morenaelettrodomestici.com\/shop\/aspirapolvere-ariete-600w-2761\/","name":"Aspirapolvere Ariete 600W 2761 - Morena Elettrodomestici","isPartOf":{"@id":"https:\/\/www.morenaelettrodomestici.com\/#website"},"primaryImageOfPage":{"@id":"https:\/\/www.morenaelettrodomestici.com\/shop\/aspirapolvere-ariete-600w-2761\/#primaryimage"},"image":{"@id":"https:\/\/www.morenaelettrodomestici.com\/shop\/aspirapolvere-ariete-600w-2761\/#primaryimage"},"thumbnailUrl":"https:\/\/www.morenaelettrodomestici.com\/wp-content\/uploads\/2026\/02\/10179.jpg","datePublished":"2024-07-15T14:57:41+00:00","dateModified":"2026-02-20T10:45:18+00:00","description":"Acquista Aspirapolvere Ariete 600W 2761 su Morena Elettrodomestici. Il tuo Negozio di Fiducia online con prezzi competitivi e prodotti di alta qualit\u00e0!","breadcrumb":{"@id":"https:\/\/www.morenaelettrodomestici.com\/shop\/aspirapolvere-ariete-600w-2761\/#breadcrumb"},"inLanguage":"en-GB","potentialAction":[{"@type":"ReadAction","target":["https:\/\/www.morenaelettrodomestici.com\/shop\/aspirapolvere-ariete-600w-2761\/"]}]},{"@type":"ImageObject","inLanguage":"en-GB","@id":"https:\/\/www.morenaelettrodomestici.com\/shop\/aspirapolvere-ariete-600w-2761\/#primaryimage","url":"https:\/\/www.morenaelettrodomestici.com\/wp-content\/uploads\/2026\/02\/10179.jpg","contentUrl":"https:\/\/www.morenaelettrodomestici.com\/wp-content\/uploads\/2026\/02\/10179.jpg","width":300,"height":300},{"@type":"BreadcrumbList","@id":"https:\/\/www.morenaelettrodomestici.com\/shop\/aspirapolvere-ariete-600w-2761\/#breadcrumb","itemListElement":[{"@type":"ListItem","position":1,"name":"Home","item":"https:\/\/www.morenaelettrodomestici.com\/"},{"@type":"ListItem","position":2,"name":"Shop","item":"https:\/\/www.morenaelettrodomestici.com\/shop\/"},{"@type":"ListItem","position":3,"name":"Aspirapolvere Ariete 600W 2761"}]},{"@type":"WebSite","@id":"https:\/\/www.morenaelettrodomestici.com\/#website","url":"https:\/\/www.morenaelettrodomestici.com\/","name":"Morena","description":"I migliori elettrodomestici a prezzi folli","publisher":{"@id":"https:\/\/www.morenaelettrodomestici.com\/#organization"},"potentialAction":[{"@type":"SearchAction","target":{"@type":"EntryPoint","urlTemplate":"https:\/\/www.morenaelettrodomestici.com\/?s={search_term_string}"},"query-input":{"@type":"PropertyValueSpecification","valueRequired":true,"valueName":"search_term_string"}}],"inLanguage":"en-GB"},{"@type":"Organization","@id":"https:\/\/www.morenaelettrodomestici.com\/#organization","name":"Morena Elettrodomestici","url":"https:\/\/www.morenaelettrodomestici.com\/","logo":{"@type":"ImageObject","inLanguage":"en-GB","@id":"https:\/\/www.morenaelettrodomestici.com\/#\/schema\/logo\/image\/","url":"https:\/\/www.morenaelettrodomestici.com\/wp-content\/uploads\/2024\/05\/logo_Morena_srls-TRASPARENTE.png","contentUrl":"https:\/\/www.morenaelettrodomestici.com\/wp-content\/uploads\/2024\/05\/logo_Morena_srls-TRASPARENTE.png","width":2264,"height":718,"caption":"Morena Elettrodomestici"},"image":{"@id":"https:\/\/www.morenaelettrodomestici.com\/#\/schema\/logo\/image\/"},"sameAs":["https:\/\/www.facebook.com\/morenaelettrodomestici\/","https:\/\/www.instagram.com\/morena.elettrodomestici\/","https:\/\/www.linkedin.com\/company-beta\/10507375\/","https:\/\/www.youtube.com\/channel\/UCgdTfdgRUeVEnhI2Z4GRlFA"]}]}},"_links":{"self":[{"href":"https:\/\/www.morenaelettrodomestici.com\/en\/wp-json\/wp\/v2\/product\/40798","targetHints":{"allow":["GET"]}}],"collection":[{"href":"https:\/\/www.morenaelettrodomestici.com\/en\/wp-json\/wp\/v2\/product"}],"about":[{"href":"https:\/\/www.morenaelettrodomestici.com\/en\/wp-json\/wp\/v2\/types\/product"}],"version-history":[{"count":2,"href":"https:\/\/www.morenaelettrodomestici.com\/en\/wp-json\/wp\/v2\/product\/40798\/revisions"}],"predecessor-version":[{"id":48212,"href":"https:\/\/www.morenaelettrodomestici.com\/en\/wp-json\/wp\/v2\/product\/40798\/revisions\/48212"}],"wp:featuredmedia":[{"embeddable":true,"href":"https:\/\/www.morenaelettrodomestici.com\/en\/wp-json\/wp\/v2\/media\/51038"}],"wp:attachment":[{"href":"https:\/\/www.morenaelettrodomestici.com\/en\/wp-json\/wp\/v2\/media?parent=40798"}],"wp:term":[{"taxonomy":"product_brand","embeddable":true,"href":"https:\/\/www.morenaelettrodomestici.com\/en\/wp-json\/wp\/v2\/product_brand?post=40798"},{"taxonomy":"product_cat","embeddable":true,"href":"https:\/\/www.morenaelettrodomestici.com\/en\/wp-json\/wp\/v2\/product_cat?post=40798"},{"taxonomy":"product_tag","embeddable":true,"href":"https:\/\/www.morenaelettrodomestici.com\/en\/wp-json\/wp\/v2\/product_tag?post=40798"}],"curies":[{"name":"wp","href":"https:\/\/api.w.org\/{rel}","templated":true}]}}