{"id":40815,"date":"2024-07-15T14:58:04","date_gmt":"2024-07-15T14:58:04","guid":{"rendered":"https:\/\/www.morenaelettrodomestici.com\/?post_type=product&#038;p=40815"},"modified":"2025-04-18T10:16:25","modified_gmt":"2025-04-18T10:16:25","slug":"servizio-piatti-18-pz-coconut-bormioli-rocco","status":"publish","type":"product","link":"https:\/\/www.morenaelettrodomestici.com\/en\/shop\/servizio-piatti-18-pz-coconut-bormioli-rocco\/","title":{"rendered":"Servizio piatti 18 pz Coconut Bormioli Rocco"},"content":{"rendered":"<p>La serie Coconut con i suoi intagli racconta una storia fatta di artigianalit\u00e0, di cura e di eleganza. Con Coconut si svela la bellezza della materia per una tavola unica e contemporanea. Idoneo all\u2019uso in forno a microonde. Prodotto lavabile in lavastoviglie.<br \/>Il set piatti \u00e8 composto da:<br \/>6 piatti piani<br \/>6 piatti fondi<br \/>6 piatti da desser<br \/><strong>MATERIALE<\/strong><br \/>Vetro opale<br \/>Vetro temperato<br \/><strong>Descrizione breve<\/strong><br \/>Servizio piatti per 6 persone in vetro opale resistente agli urti, ai graffi e agli sbalzi di temperatura. Gusto artigianale. Idoneo per microonde. Lavabile in lavastoviglie. Made in Italy.<br \/><strong>Descrizione<\/strong><br \/>Servizio Piatti Tavola COCONUT by BORMIOLI ROCCO in Vetro Opale Temperato composto da :<br \/>6 Piatti piani bianchi diametro \u00d8 23,5 mm &#8211; 10 3\/4&#8221;.<br \/>6 Piatti fondi bianchi diametro \u00d8 20,1 mm &#8211; 8&#8221;.<br \/>6 Piatti dessert Bianchi diametro \u00d8 21,2 mm &#8211; 8 1\/4&#8221;.<br \/>Lavabili in lavastoviglie.<br \/>Idonei per forni a microonde.<br \/>Prodotti in Italia<br \/>Confezione in scatola da 18 piatti.<\/p>\n<p>Coconut di Bormioli Rocco \u00e8 un servizio di piatti in Opel Glass, garanzia di igiene, pulizia e sicurezza alimentare. Il prodotto ha una totale assenza di porosit\u00e0, \u00e8 idoneo al lavaggio in lavastoviglie, \u00e8 adatto per l&#8217;utilizzo nei forni a microonde, \u00e8 resistente agli sbalzi di temperature caldo\/freddo ed \u00e8 molto durevole nel tempo. Coconut ha una chiara ispirazione artigianale: gli eleganti intagli, le asperit\u00e0, i solchi imperfetti disegnati sulla superficie, mostrano inequivocabilmente tutto il gusto ed il sapore di oggetti fatti a mano. Coconut di Bormioli Rocco \u00e8 una felicissima interpretazione di una tavola moderna dove gusto, bellezza e amore per i particolari si manifestano meravigliosamente.<\/p>","protected":false},"excerpt":{"rendered":"<p>\u2018-6 piatti piani<br \/>-6 piatti fondi<br \/>-6 piatti da dessert<br \/>-Lavabili in lavastoviglie.<br \/>-Idonei per forni a microonde.<br \/>-Prodotti in Italia<br \/>-Confezione in scatola da 18 piatti.<\/p>","protected":false},"featured_media":41022,"template":"","meta":[],"product_brand":[],"product_cat":[102,686],"product_tag":[831,687],"class_list":{"0":"post-40815","1":"product","2":"type-product","3":"status-publish","4":"has-post-thumbnail","6":"product_cat-piccoli-elettrodomestici","7":"product_cat-servizi-di-piatti","8":"product_tag-18-pz","9":"product_tag-servizio-piatti","10":"pa_marca-bormioli","12":"first","13":"instock","14":"sale","15":"purchasable","16":"product-type-simple"},"yoast_head":"<!-- This site is optimized with the Yoast SEO plugin v25.5 - https:\/\/yoast.com\/wordpress\/plugins\/seo\/ -->\n<title>Servizio piatti 18 pz Coconut Bormioli Rocco - Morena Elettrodomestici<\/title>\n<meta name=\"description\" content=\"Acquista Servizio piatti 18 pz Coconut Bormioli Rocco su Morena Elettrodomestici. Il tuo Negozio di Fiducia online con prezzi competitivi e prodotti di alta qualit\u00e0!\" \/>\n<meta name=\"robots\" content=\"index, follow, max-snippet:-1, max-image-preview:large, max-video-preview:-1\" \/>\n<link rel=\"canonical\" href=\"https:\/\/www.morenaelettrodomestici.com\/en\/shop\/servizio-piatti-18-pz-coconut-bormioli-rocco\/\" \/>\n<meta property=\"og:locale\" content=\"en_GB\" \/>\n<meta property=\"og:type\" content=\"article\" \/>\n<meta property=\"og:title\" content=\"Servizio piatti 18 pz Coconut Bormioli Rocco - Morena Elettrodomestici\" \/>\n<meta property=\"og:description\" content=\"Acquista Servizio piatti 18 pz Coconut Bormioli Rocco su Morena Elettrodomestici. Il tuo Negozio di Fiducia online con prezzi competitivi e prodotti di alta qualit\u00e0!\" \/>\n<meta property=\"og:url\" content=\"https:\/\/www.morenaelettrodomestici.com\/en\/shop\/servizio-piatti-18-pz-coconut-bormioli-rocco\/\" \/>\n<meta property=\"og:site_name\" content=\"Morena Elettrodomestici\" \/>\n<meta property=\"article:publisher\" content=\"https:\/\/www.facebook.com\/morenaelettrodomestici\/\" \/>\n<meta property=\"article:modified_time\" content=\"2025-04-18T10:16:25+00:00\" \/>\n<meta property=\"og:image\" content=\"https:\/\/www.morenaelettrodomestici.com\/wp-content\/uploads\/2024\/07\/Set18pz_Piatti_Coconut.png\" \/>\n\t<meta property=\"og:image:width\" content=\"600\" \/>\n\t<meta property=\"og:image:height\" content=\"600\" \/>\n\t<meta property=\"og:image:type\" content=\"image\/png\" \/>\n<meta name=\"twitter:card\" content=\"summary_large_image\" \/>\n<meta name=\"twitter:label1\" content=\"Estimated reading time\" \/>\n\t<meta name=\"twitter:data1\" content=\"1 minute\" \/>\n<script type=\"application\/ld+json\" class=\"yoast-schema-graph\">{\"@context\":\"https:\/\/schema.org\",\"@graph\":[{\"@type\":\"WebPage\",\"@id\":\"https:\/\/www.morenaelettrodomestici.com\/shop\/servizio-piatti-18-pz-coconut-bormioli-rocco\/\",\"url\":\"https:\/\/www.morenaelettrodomestici.com\/shop\/servizio-piatti-18-pz-coconut-bormioli-rocco\/\",\"name\":\"Servizio piatti 18 pz Coconut Bormioli Rocco - Morena Elettrodomestici\",\"isPartOf\":{\"@id\":\"https:\/\/www.morenaelettrodomestici.com\/#website\"},\"primaryImageOfPage\":{\"@id\":\"https:\/\/www.morenaelettrodomestici.com\/shop\/servizio-piatti-18-pz-coconut-bormioli-rocco\/#primaryimage\"},\"image\":{\"@id\":\"https:\/\/www.morenaelettrodomestici.com\/shop\/servizio-piatti-18-pz-coconut-bormioli-rocco\/#primaryimage\"},\"thumbnailUrl\":\"https:\/\/www.morenaelettrodomestici.com\/wp-content\/uploads\/2024\/07\/Set18pz_Piatti_Coconut.png\",\"datePublished\":\"2024-07-15T14:58:04+00:00\",\"dateModified\":\"2025-04-18T10:16:25+00:00\",\"description\":\"Acquista Servizio piatti 18 pz Coconut Bormioli Rocco su Morena Elettrodomestici. Il tuo Negozio di Fiducia online con prezzi competitivi e prodotti di alta qualit\u00e0!\",\"breadcrumb\":{\"@id\":\"https:\/\/www.morenaelettrodomestici.com\/shop\/servizio-piatti-18-pz-coconut-bormioli-rocco\/#breadcrumb\"},\"inLanguage\":\"en-GB\",\"potentialAction\":[{\"@type\":\"ReadAction\",\"target\":[\"https:\/\/www.morenaelettrodomestici.com\/shop\/servizio-piatti-18-pz-coconut-bormioli-rocco\/\"]}]},{\"@type\":\"ImageObject\",\"inLanguage\":\"en-GB\",\"@id\":\"https:\/\/www.morenaelettrodomestici.com\/shop\/servizio-piatti-18-pz-coconut-bormioli-rocco\/#primaryimage\",\"url\":\"https:\/\/www.morenaelettrodomestici.com\/wp-content\/uploads\/2024\/07\/Set18pz_Piatti_Coconut.png\",\"contentUrl\":\"https:\/\/www.morenaelettrodomestici.com\/wp-content\/uploads\/2024\/07\/Set18pz_Piatti_Coconut.png\",\"width\":600,\"height\":600},{\"@type\":\"BreadcrumbList\",\"@id\":\"https:\/\/www.morenaelettrodomestici.com\/shop\/servizio-piatti-18-pz-coconut-bormioli-rocco\/#breadcrumb\",\"itemListElement\":[{\"@type\":\"ListItem\",\"position\":1,\"name\":\"Home\",\"item\":\"https:\/\/www.morenaelettrodomestici.com\/\"},{\"@type\":\"ListItem\",\"position\":2,\"name\":\"Shop\",\"item\":\"https:\/\/www.morenaelettrodomestici.com\/shop\/\"},{\"@type\":\"ListItem\",\"position\":3,\"name\":\"Servizio piatti 18 pz Coconut Bormioli Rocco\"}]},{\"@type\":\"WebSite\",\"@id\":\"https:\/\/www.morenaelettrodomestici.com\/#website\",\"url\":\"https:\/\/www.morenaelettrodomestici.com\/\",\"name\":\"Morena\",\"description\":\"I migliori elettrodomestici a prezzi folli\",\"publisher\":{\"@id\":\"https:\/\/www.morenaelettrodomestici.com\/#organization\"},\"potentialAction\":[{\"@type\":\"SearchAction\",\"target\":{\"@type\":\"EntryPoint\",\"urlTemplate\":\"https:\/\/www.morenaelettrodomestici.com\/?s={search_term_string}\"},\"query-input\":{\"@type\":\"PropertyValueSpecification\",\"valueRequired\":true,\"valueName\":\"search_term_string\"}}],\"inLanguage\":\"en-GB\"},{\"@type\":\"Organization\",\"@id\":\"https:\/\/www.morenaelettrodomestici.com\/#organization\",\"name\":\"Morena Elettrodomestici\",\"url\":\"https:\/\/www.morenaelettrodomestici.com\/\",\"logo\":{\"@type\":\"ImageObject\",\"inLanguage\":\"en-GB\",\"@id\":\"https:\/\/www.morenaelettrodomestici.com\/#\/schema\/logo\/image\/\",\"url\":\"https:\/\/www.morenaelettrodomestici.com\/wp-content\/uploads\/2024\/05\/logo_Morena_srls-TRASPARENTE.png\",\"contentUrl\":\"https:\/\/www.morenaelettrodomestici.com\/wp-content\/uploads\/2024\/05\/logo_Morena_srls-TRASPARENTE.png\",\"width\":2264,\"height\":718,\"caption\":\"Morena Elettrodomestici\"},\"image\":{\"@id\":\"https:\/\/www.morenaelettrodomestici.com\/#\/schema\/logo\/image\/\"},\"sameAs\":[\"https:\/\/www.facebook.com\/morenaelettrodomestici\/\",\"https:\/\/www.instagram.com\/morena.elettrodomestici\/\",\"https:\/\/www.linkedin.com\/company-beta\/10507375\/\",\"https:\/\/www.youtube.com\/channel\/UCgdTfdgRUeVEnhI2Z4GRlFA\"]}]}<\/script>\n<!-- \/ Yoast SEO plugin. -->","yoast_head_json":{"title":"Servizio piatti 18 pz Coconut Bormioli Rocco - Morena Elettrodomestici","description":"Acquista Servizio piatti 18 pz Coconut Bormioli Rocco su Morena Elettrodomestici. Il tuo Negozio di Fiducia online con prezzi competitivi e prodotti di alta qualit\u00e0!","robots":{"index":"index","follow":"follow","max-snippet":"max-snippet:-1","max-image-preview":"max-image-preview:large","max-video-preview":"max-video-preview:-1"},"canonical":"https:\/\/www.morenaelettrodomestici.com\/en\/shop\/servizio-piatti-18-pz-coconut-bormioli-rocco\/","og_locale":"en_GB","og_type":"article","og_title":"Servizio piatti 18 pz Coconut Bormioli Rocco - Morena Elettrodomestici","og_description":"Acquista Servizio piatti 18 pz Coconut Bormioli Rocco su Morena Elettrodomestici. Il tuo Negozio di Fiducia online con prezzi competitivi e prodotti di alta qualit\u00e0!","og_url":"https:\/\/www.morenaelettrodomestici.com\/en\/shop\/servizio-piatti-18-pz-coconut-bormioli-rocco\/","og_site_name":"Morena Elettrodomestici","article_publisher":"https:\/\/www.facebook.com\/morenaelettrodomestici\/","article_modified_time":"2025-04-18T10:16:25+00:00","og_image":[{"width":600,"height":600,"url":"https:\/\/www.morenaelettrodomestici.com\/wp-content\/uploads\/2024\/07\/Set18pz_Piatti_Coconut.png","type":"image\/png"}],"twitter_card":"summary_large_image","twitter_misc":{"Estimated reading time":"1 minute"},"schema":{"@context":"https:\/\/schema.org","@graph":[{"@type":"WebPage","@id":"https:\/\/www.morenaelettrodomestici.com\/shop\/servizio-piatti-18-pz-coconut-bormioli-rocco\/","url":"https:\/\/www.morenaelettrodomestici.com\/shop\/servizio-piatti-18-pz-coconut-bormioli-rocco\/","name":"Servizio piatti 18 pz Coconut Bormioli Rocco - Morena Elettrodomestici","isPartOf":{"@id":"https:\/\/www.morenaelettrodomestici.com\/#website"},"primaryImageOfPage":{"@id":"https:\/\/www.morenaelettrodomestici.com\/shop\/servizio-piatti-18-pz-coconut-bormioli-rocco\/#primaryimage"},"image":{"@id":"https:\/\/www.morenaelettrodomestici.com\/shop\/servizio-piatti-18-pz-coconut-bormioli-rocco\/#primaryimage"},"thumbnailUrl":"https:\/\/www.morenaelettrodomestici.com\/wp-content\/uploads\/2024\/07\/Set18pz_Piatti_Coconut.png","datePublished":"2024-07-15T14:58:04+00:00","dateModified":"2025-04-18T10:16:25+00:00","description":"Acquista Servizio piatti 18 pz Coconut Bormioli Rocco su Morena Elettrodomestici. Il tuo Negozio di Fiducia online con prezzi competitivi e prodotti di alta qualit\u00e0!","breadcrumb":{"@id":"https:\/\/www.morenaelettrodomestici.com\/shop\/servizio-piatti-18-pz-coconut-bormioli-rocco\/#breadcrumb"},"inLanguage":"en-GB","potentialAction":[{"@type":"ReadAction","target":["https:\/\/www.morenaelettrodomestici.com\/shop\/servizio-piatti-18-pz-coconut-bormioli-rocco\/"]}]},{"@type":"ImageObject","inLanguage":"en-GB","@id":"https:\/\/www.morenaelettrodomestici.com\/shop\/servizio-piatti-18-pz-coconut-bormioli-rocco\/#primaryimage","url":"https:\/\/www.morenaelettrodomestici.com\/wp-content\/uploads\/2024\/07\/Set18pz_Piatti_Coconut.png","contentUrl":"https:\/\/www.morenaelettrodomestici.com\/wp-content\/uploads\/2024\/07\/Set18pz_Piatti_Coconut.png","width":600,"height":600},{"@type":"BreadcrumbList","@id":"https:\/\/www.morenaelettrodomestici.com\/shop\/servizio-piatti-18-pz-coconut-bormioli-rocco\/#breadcrumb","itemListElement":[{"@type":"ListItem","position":1,"name":"Home","item":"https:\/\/www.morenaelettrodomestici.com\/"},{"@type":"ListItem","position":2,"name":"Shop","item":"https:\/\/www.morenaelettrodomestici.com\/shop\/"},{"@type":"ListItem","position":3,"name":"Servizio piatti 18 pz Coconut Bormioli Rocco"}]},{"@type":"WebSite","@id":"https:\/\/www.morenaelettrodomestici.com\/#website","url":"https:\/\/www.morenaelettrodomestici.com\/","name":"Morena","description":"I migliori elettrodomestici a prezzi folli","publisher":{"@id":"https:\/\/www.morenaelettrodomestici.com\/#organization"},"potentialAction":[{"@type":"SearchAction","target":{"@type":"EntryPoint","urlTemplate":"https:\/\/www.morenaelettrodomestici.com\/?s={search_term_string}"},"query-input":{"@type":"PropertyValueSpecification","valueRequired":true,"valueName":"search_term_string"}}],"inLanguage":"en-GB"},{"@type":"Organization","@id":"https:\/\/www.morenaelettrodomestici.com\/#organization","name":"Morena Elettrodomestici","url":"https:\/\/www.morenaelettrodomestici.com\/","logo":{"@type":"ImageObject","inLanguage":"en-GB","@id":"https:\/\/www.morenaelettrodomestici.com\/#\/schema\/logo\/image\/","url":"https:\/\/www.morenaelettrodomestici.com\/wp-content\/uploads\/2024\/05\/logo_Morena_srls-TRASPARENTE.png","contentUrl":"https:\/\/www.morenaelettrodomestici.com\/wp-content\/uploads\/2024\/05\/logo_Morena_srls-TRASPARENTE.png","width":2264,"height":718,"caption":"Morena Elettrodomestici"},"image":{"@id":"https:\/\/www.morenaelettrodomestici.com\/#\/schema\/logo\/image\/"},"sameAs":["https:\/\/www.facebook.com\/morenaelettrodomestici\/","https:\/\/www.instagram.com\/morena.elettrodomestici\/","https:\/\/www.linkedin.com\/company-beta\/10507375\/","https:\/\/www.youtube.com\/channel\/UCgdTfdgRUeVEnhI2Z4GRlFA"]}]}},"_links":{"self":[{"href":"https:\/\/www.morenaelettrodomestici.com\/en\/wp-json\/wp\/v2\/product\/40815","targetHints":{"allow":["GET"]}}],"collection":[{"href":"https:\/\/www.morenaelettrodomestici.com\/en\/wp-json\/wp\/v2\/product"}],"about":[{"href":"https:\/\/www.morenaelettrodomestici.com\/en\/wp-json\/wp\/v2\/types\/product"}],"version-history":[{"count":3,"href":"https:\/\/www.morenaelettrodomestici.com\/en\/wp-json\/wp\/v2\/product\/40815\/revisions"}],"predecessor-version":[{"id":48921,"href":"https:\/\/www.morenaelettrodomestici.com\/en\/wp-json\/wp\/v2\/product\/40815\/revisions\/48921"}],"wp:featuredmedia":[{"embeddable":true,"href":"https:\/\/www.morenaelettrodomestici.com\/en\/wp-json\/wp\/v2\/media\/41022"}],"wp:attachment":[{"href":"https:\/\/www.morenaelettrodomestici.com\/en\/wp-json\/wp\/v2\/media?parent=40815"}],"wp:term":[{"taxonomy":"product_brand","embeddable":true,"href":"https:\/\/www.morenaelettrodomestici.com\/en\/wp-json\/wp\/v2\/product_brand?post=40815"},{"taxonomy":"product_cat","embeddable":true,"href":"https:\/\/www.morenaelettrodomestici.com\/en\/wp-json\/wp\/v2\/product_cat?post=40815"},{"taxonomy":"product_tag","embeddable":true,"href":"https:\/\/www.morenaelettrodomestici.com\/en\/wp-json\/wp\/v2\/product_tag?post=40815"}],"curies":[{"name":"wp","href":"https:\/\/api.w.org\/{rel}","templated":true}]}}