{"id":40989,"date":"2024-07-15T15:00:42","date_gmt":"2024-07-15T15:00:42","guid":{"rendered":"https:\/\/www.morenaelettrodomestici.com\/?post_type=product&#038;p=40989"},"modified":"2024-07-15T15:02:28","modified_gmt":"2024-07-15T15:02:28","slug":"sn12f2s0-elite-serie-xa73-tcl-climatizzatore12000btu-a-r32-unita-interna-unita-esterna","status":"publish","type":"product","link":"https:\/\/www.morenaelettrodomestici.com\/en\/shop\/sn12f2s0-elite-serie-xa73-tcl-climatizzatore12000btu-a-r32-unita-interna-unita-esterna\/","title":{"rendered":"SN12F2S0 ELITE SERIE XA73 TCL Climatizzatore12000btu A++ R32 (Unit\u00e0 Interna + Unit\u00e0 Esterna)"},"content":{"rendered":"<p>Flusso d&#8217;aria intelligente<\/p>\n<p>Raffreddamento stile doccia: il flusso d&#8217;aria diretto verso l&#8217;alto scende dal soffitto per creare un raffreddamento coinvolgente. Stile ascendente Riscaldamento: il flusso d&#8217;aria caldo e ottimizzato per l&#8217;umidit\u00e0 risale dal pavimento in modo uniforme.<\/p>\n<p>Raffreddamento e Riscaldamento rapidi<\/p>\n<p>Il compressore ad alta frequenza TCL garantisce un comfort pi\u00f9 rapido, l&#8217;aria viene erogata fino a 18\u00b0C in soli 30 secondi o fino a 40\u00b0C in soli 60 secondi*. Accendi, adatta la tua temperatura e goditi un rinfresco pi\u00f9 veloce.<\/p>\n<p>Modalit\u00e0 ecologica<\/p>\n<p>La modalit\u00e0 TCL Eco ti consente di raffreddare o riscaldare in modo pi\u00f9 efficiente. Riduce il consumo di energia, fa risparmiare bollette elettriche e mantiene un intervallo di temperatura ristretto.<\/p>\n<p>Inverter Intelligente<\/p>\n<p>Con TCL Smart Inverter risparmia denaro e goditi l&#8217;efficienza energetica. Con un risparmio energetico fino al 60%, Smart Inverter aiuta a raggiungere la temperatura impostata pi\u00f9 rapidamente, raffreddando l&#8217;uscita dell&#8217;aria a 18\u00b0C in 30 secondi, riscaldandola fino a 40\u00b0C in 60 s e mantenendo la temperatura stabile entro \u00b1 1\u00b0C.<\/p>\n<p>I Feel<\/p>\n<p>I FEEL \u00e8 un sensore di temperatura integrato nel telecomando TCL. Quando attivata, la modalit\u00e0 manterr\u00e0 la temperatura selezionata in cui si trova il telecomando. I FEEL consente un controllo della temperatura pi\u00f9 preciso ovunque ti trovi nel tuo spazio con il telecomando TCL vicino a te<\/p>\n<p>Flusso d&#8217;aria 3D<\/p>\n<p>Il flusso d&#8217;aria TCL 3D ha un&#8217;oscillazione orizzontale automatica e un&#8217;oscillazione verticale automatica. Fornisce un flusso d&#8217;aria pi\u00f9 confortevole, evita il soffio d&#8217;aria diretto sulla pelle e condivide il flusso d&#8217;aria uniforme con tutti intorno.<\/p>\n<p>Flusso d&#8217;aria a 4 vie<\/p>\n<p>Il flusso d&#8217;aria a 4 vie TCL fornisce fino a 72 angoli di alimentazione dell&#8217;aria per un ristoro preciso e pi\u00f9 confortevole in un ampio spazio interno.<\/p>\n<p>Modalit\u00e0 risparmio<\/p>\n<p>Con la modalit\u00e0 Sleep TCL il condizionatore d&#8217;aria regoler\u00e0 automaticamente la temperatura e la velocit\u00e0 della ventola per rendere la stanza pi\u00f9 silenziosa, piacevole e confortevole durante la notte. Per un sonno tranquillo e profondo durante un ciclo di 10 ore.<\/p>\n<p>Promemoria pulizia filtro<\/p>\n<p>Costruito per ricordarti quando \u00e8 il momento di pulire il filtro. Questo promemoria viene visualizzato sul display del condizionatore d&#8217;aria TCL o nell&#8217;applicazione TCL HOME.<\/p>","protected":false},"excerpt":{"rendered":"<p>&#8216;<\/p>","protected":false},"featured_media":40174,"template":"","meta":[],"product_brand":[],"product_cat":[416,88],"product_tag":[417,468],"class_list":{"0":"post-40989","1":"product","2":"type-product","3":"status-publish","4":"has-post-thumbnail","6":"product_cat-clima","7":"product_cat-grandi-elettrodomestici","8":"product_tag-clima","9":"product_tag-climatizzatori","10":"pa_btu-537","11":"pa_marca-tcl","13":"first","14":"instock","15":"sale","16":"purchasable","17":"product-type-simple"},"yoast_head":"<!-- This site is optimized with the Yoast SEO plugin v27.5 - https:\/\/yoast.com\/product\/yoast-seo-wordpress\/ -->\n<title>SN12F2S0 ELITE SERIE XA73 TCL Climatizzatore12000btu A++ R32 (Unit\u00e0 Interna + Unit\u00e0 Esterna) - Morena Elettrodomestici<\/title>\n<meta name=\"description\" content=\"Acquista SN12F2S0 ELITE SERIE XA73 TCL Climatizzatore12000btu A++ R32 (Unit\u00e0 Interna + Unit\u00e0 Esterna) su Morena Elettrodomestici. Il tuo Negozio di Fiducia online con prezzi competitivi e prodotti di alta qualit\u00e0!\" \/>\n<meta name=\"robots\" content=\"index, follow, max-snippet:-1, max-image-preview:large, max-video-preview:-1\" \/>\n<link rel=\"canonical\" href=\"https:\/\/www.morenaelettrodomestici.com\/en\/shop\/sn12f2s0-elite-serie-xa73-tcl-climatizzatore12000btu-a-r32-unita-interna-unita-esterna\/\" \/>\n<meta property=\"og:locale\" content=\"en_GB\" \/>\n<meta property=\"og:type\" content=\"article\" \/>\n<meta property=\"og:title\" content=\"SN12F2S0 ELITE SERIE XA73 TCL Climatizzatore12000btu A++ R32 (Unit\u00e0 Interna + Unit\u00e0 Esterna) - Morena Elettrodomestici\" \/>\n<meta property=\"og:description\" content=\"Acquista SN12F2S0 ELITE SERIE XA73 TCL Climatizzatore12000btu A++ R32 (Unit\u00e0 Interna + Unit\u00e0 Esterna) su Morena Elettrodomestici. Il tuo Negozio di Fiducia online con prezzi competitivi e prodotti di alta qualit\u00e0!\" \/>\n<meta property=\"og:url\" content=\"https:\/\/www.morenaelettrodomestici.com\/en\/shop\/sn12f2s0-elite-serie-xa73-tcl-climatizzatore12000btu-a-r32-unita-interna-unita-esterna\/\" \/>\n<meta property=\"og:site_name\" content=\"Morena Elettrodomestici\" \/>\n<meta property=\"article:publisher\" content=\"https:\/\/www.facebook.com\/morenaelettrodomestici\/\" \/>\n<meta property=\"article:modified_time\" content=\"2024-07-15T15:02:28+00:00\" \/>\n<meta property=\"og:image\" content=\"https:\/\/www.morenaelettrodomestici.com\/wp-content\/uploads\/2024\/07\/foto-tcl-elite-mono-500x500-1-1.png\" \/>\n\t<meta property=\"og:image:width\" content=\"500\" \/>\n\t<meta property=\"og:image:height\" content=\"500\" \/>\n\t<meta property=\"og:image:type\" content=\"image\/png\" \/>\n<meta name=\"twitter:card\" content=\"summary_large_image\" \/>\n<meta name=\"twitter:label1\" content=\"Estimated reading time\" \/>\n\t<meta name=\"twitter:data1\" content=\"2 minutes\" \/>\n<script type=\"application\/ld+json\" class=\"yoast-schema-graph\">{\"@context\":\"https:\\\/\\\/schema.org\",\"@graph\":[{\"@type\":\"WebPage\",\"@id\":\"https:\\\/\\\/www.morenaelettrodomestici.com\\\/shop\\\/sn12f2s0-elite-serie-xa73-tcl-climatizzatore12000btu-a-r32-unita-interna-unita-esterna\\\/\",\"url\":\"https:\\\/\\\/www.morenaelettrodomestici.com\\\/shop\\\/sn12f2s0-elite-serie-xa73-tcl-climatizzatore12000btu-a-r32-unita-interna-unita-esterna\\\/\",\"name\":\"SN12F2S0 ELITE SERIE XA73 TCL Climatizzatore12000btu A++ R32 (Unit\u00e0 Interna + Unit\u00e0 Esterna) - Morena Elettrodomestici\",\"isPartOf\":{\"@id\":\"https:\\\/\\\/www.morenaelettrodomestici.com\\\/#website\"},\"primaryImageOfPage\":{\"@id\":\"https:\\\/\\\/www.morenaelettrodomestici.com\\\/shop\\\/sn12f2s0-elite-serie-xa73-tcl-climatizzatore12000btu-a-r32-unita-interna-unita-esterna\\\/#primaryimage\"},\"image\":{\"@id\":\"https:\\\/\\\/www.morenaelettrodomestici.com\\\/shop\\\/sn12f2s0-elite-serie-xa73-tcl-climatizzatore12000btu-a-r32-unita-interna-unita-esterna\\\/#primaryimage\"},\"thumbnailUrl\":\"https:\\\/\\\/www.morenaelettrodomestici.com\\\/wp-content\\\/uploads\\\/2024\\\/07\\\/foto-tcl-elite-mono-500x500-1-1.png\",\"datePublished\":\"2024-07-15T15:00:42+00:00\",\"dateModified\":\"2024-07-15T15:02:28+00:00\",\"description\":\"Acquista SN12F2S0 ELITE SERIE XA73 TCL Climatizzatore12000btu A++ R32 (Unit\u00e0 Interna + Unit\u00e0 Esterna) su Morena Elettrodomestici. Il tuo Negozio di Fiducia online con prezzi competitivi e prodotti di alta qualit\u00e0!\",\"breadcrumb\":{\"@id\":\"https:\\\/\\\/www.morenaelettrodomestici.com\\\/shop\\\/sn12f2s0-elite-serie-xa73-tcl-climatizzatore12000btu-a-r32-unita-interna-unita-esterna\\\/#breadcrumb\"},\"inLanguage\":\"en-GB\",\"potentialAction\":[{\"@type\":\"ReadAction\",\"target\":[\"https:\\\/\\\/www.morenaelettrodomestici.com\\\/shop\\\/sn12f2s0-elite-serie-xa73-tcl-climatizzatore12000btu-a-r32-unita-interna-unita-esterna\\\/\"]}]},{\"@type\":\"ImageObject\",\"inLanguage\":\"en-GB\",\"@id\":\"https:\\\/\\\/www.morenaelettrodomestici.com\\\/shop\\\/sn12f2s0-elite-serie-xa73-tcl-climatizzatore12000btu-a-r32-unita-interna-unita-esterna\\\/#primaryimage\",\"url\":\"https:\\\/\\\/www.morenaelettrodomestici.com\\\/wp-content\\\/uploads\\\/2024\\\/07\\\/foto-tcl-elite-mono-500x500-1-1.png\",\"contentUrl\":\"https:\\\/\\\/www.morenaelettrodomestici.com\\\/wp-content\\\/uploads\\\/2024\\\/07\\\/foto-tcl-elite-mono-500x500-1-1.png\",\"width\":500,\"height\":500},{\"@type\":\"BreadcrumbList\",\"@id\":\"https:\\\/\\\/www.morenaelettrodomestici.com\\\/shop\\\/sn12f2s0-elite-serie-xa73-tcl-climatizzatore12000btu-a-r32-unita-interna-unita-esterna\\\/#breadcrumb\",\"itemListElement\":[{\"@type\":\"ListItem\",\"position\":1,\"name\":\"Home\",\"item\":\"https:\\\/\\\/www.morenaelettrodomestici.com\\\/\"},{\"@type\":\"ListItem\",\"position\":2,\"name\":\"Shop\",\"item\":\"https:\\\/\\\/www.morenaelettrodomestici.com\\\/shop\\\/\"},{\"@type\":\"ListItem\",\"position\":3,\"name\":\"SN12F2S0 ELITE SERIE XA73 TCL Climatizzatore12000btu A++ R32 (Unit\u00e0 Interna + Unit\u00e0 Esterna)\"}]},{\"@type\":\"WebSite\",\"@id\":\"https:\\\/\\\/www.morenaelettrodomestici.com\\\/#website\",\"url\":\"https:\\\/\\\/www.morenaelettrodomestici.com\\\/\",\"name\":\"Morena\",\"description\":\"I migliori elettrodomestici a prezzi folli\",\"publisher\":{\"@id\":\"https:\\\/\\\/www.morenaelettrodomestici.com\\\/#organization\"},\"potentialAction\":[{\"@type\":\"SearchAction\",\"target\":{\"@type\":\"EntryPoint\",\"urlTemplate\":\"https:\\\/\\\/www.morenaelettrodomestici.com\\\/?s={search_term_string}\"},\"query-input\":{\"@type\":\"PropertyValueSpecification\",\"valueRequired\":true,\"valueName\":\"search_term_string\"}}],\"inLanguage\":\"en-GB\"},{\"@type\":\"Organization\",\"@id\":\"https:\\\/\\\/www.morenaelettrodomestici.com\\\/#organization\",\"name\":\"Morena Elettrodomestici\",\"url\":\"https:\\\/\\\/www.morenaelettrodomestici.com\\\/\",\"logo\":{\"@type\":\"ImageObject\",\"inLanguage\":\"en-GB\",\"@id\":\"https:\\\/\\\/www.morenaelettrodomestici.com\\\/#\\\/schema\\\/logo\\\/image\\\/\",\"url\":\"https:\\\/\\\/www.morenaelettrodomestici.com\\\/wp-content\\\/uploads\\\/2024\\\/05\\\/logo_Morena_srls-TRASPARENTE.png\",\"contentUrl\":\"https:\\\/\\\/www.morenaelettrodomestici.com\\\/wp-content\\\/uploads\\\/2024\\\/05\\\/logo_Morena_srls-TRASPARENTE.png\",\"width\":2264,\"height\":718,\"caption\":\"Morena Elettrodomestici\"},\"image\":{\"@id\":\"https:\\\/\\\/www.morenaelettrodomestici.com\\\/#\\\/schema\\\/logo\\\/image\\\/\"},\"sameAs\":[\"https:\\\/\\\/www.facebook.com\\\/morenaelettrodomestici\\\/\",\"https:\\\/\\\/www.instagram.com\\\/morena.elettrodomestici\\\/\",\"https:\\\/\\\/www.linkedin.com\\\/company-beta\\\/10507375\\\/\",\"https:\\\/\\\/www.youtube.com\\\/channel\\\/UCgdTfdgRUeVEnhI2Z4GRlFA\"]}]}<\/script>\n<!-- \/ Yoast SEO plugin. -->","yoast_head_json":{"title":"SN12F2S0 ELITE SERIE XA73 TCL Climatizzatore12000btu A++ R32 (Unit\u00e0 Interna + Unit\u00e0 Esterna) - Morena Elettrodomestici","description":"Acquista SN12F2S0 ELITE SERIE XA73 TCL Climatizzatore12000btu A++ R32 (Unit\u00e0 Interna + Unit\u00e0 Esterna) su Morena Elettrodomestici. Il tuo Negozio di Fiducia online con prezzi competitivi e prodotti di alta qualit\u00e0!","robots":{"index":"index","follow":"follow","max-snippet":"max-snippet:-1","max-image-preview":"max-image-preview:large","max-video-preview":"max-video-preview:-1"},"canonical":"https:\/\/www.morenaelettrodomestici.com\/en\/shop\/sn12f2s0-elite-serie-xa73-tcl-climatizzatore12000btu-a-r32-unita-interna-unita-esterna\/","og_locale":"en_GB","og_type":"article","og_title":"SN12F2S0 ELITE SERIE XA73 TCL Climatizzatore12000btu A++ R32 (Unit\u00e0 Interna + Unit\u00e0 Esterna) - Morena Elettrodomestici","og_description":"Acquista SN12F2S0 ELITE SERIE XA73 TCL Climatizzatore12000btu A++ R32 (Unit\u00e0 Interna + Unit\u00e0 Esterna) su Morena Elettrodomestici. Il tuo Negozio di Fiducia online con prezzi competitivi e prodotti di alta qualit\u00e0!","og_url":"https:\/\/www.morenaelettrodomestici.com\/en\/shop\/sn12f2s0-elite-serie-xa73-tcl-climatizzatore12000btu-a-r32-unita-interna-unita-esterna\/","og_site_name":"Morena Elettrodomestici","article_publisher":"https:\/\/www.facebook.com\/morenaelettrodomestici\/","article_modified_time":"2024-07-15T15:02:28+00:00","og_image":[{"width":500,"height":500,"url":"https:\/\/www.morenaelettrodomestici.com\/wp-content\/uploads\/2024\/07\/foto-tcl-elite-mono-500x500-1-1.png","type":"image\/png"}],"twitter_card":"summary_large_image","twitter_misc":{"Estimated reading time":"2 minutes"},"schema":{"@context":"https:\/\/schema.org","@graph":[{"@type":"WebPage","@id":"https:\/\/www.morenaelettrodomestici.com\/shop\/sn12f2s0-elite-serie-xa73-tcl-climatizzatore12000btu-a-r32-unita-interna-unita-esterna\/","url":"https:\/\/www.morenaelettrodomestici.com\/shop\/sn12f2s0-elite-serie-xa73-tcl-climatizzatore12000btu-a-r32-unita-interna-unita-esterna\/","name":"SN12F2S0 ELITE SERIE XA73 TCL Climatizzatore12000btu A++ R32 (Unit\u00e0 Interna + Unit\u00e0 Esterna) - Morena Elettrodomestici","isPartOf":{"@id":"https:\/\/www.morenaelettrodomestici.com\/#website"},"primaryImageOfPage":{"@id":"https:\/\/www.morenaelettrodomestici.com\/shop\/sn12f2s0-elite-serie-xa73-tcl-climatizzatore12000btu-a-r32-unita-interna-unita-esterna\/#primaryimage"},"image":{"@id":"https:\/\/www.morenaelettrodomestici.com\/shop\/sn12f2s0-elite-serie-xa73-tcl-climatizzatore12000btu-a-r32-unita-interna-unita-esterna\/#primaryimage"},"thumbnailUrl":"https:\/\/www.morenaelettrodomestici.com\/wp-content\/uploads\/2024\/07\/foto-tcl-elite-mono-500x500-1-1.png","datePublished":"2024-07-15T15:00:42+00:00","dateModified":"2024-07-15T15:02:28+00:00","description":"Acquista SN12F2S0 ELITE SERIE XA73 TCL Climatizzatore12000btu A++ R32 (Unit\u00e0 Interna + Unit\u00e0 Esterna) su Morena Elettrodomestici. Il tuo Negozio di Fiducia online con prezzi competitivi e prodotti di alta qualit\u00e0!","breadcrumb":{"@id":"https:\/\/www.morenaelettrodomestici.com\/shop\/sn12f2s0-elite-serie-xa73-tcl-climatizzatore12000btu-a-r32-unita-interna-unita-esterna\/#breadcrumb"},"inLanguage":"en-GB","potentialAction":[{"@type":"ReadAction","target":["https:\/\/www.morenaelettrodomestici.com\/shop\/sn12f2s0-elite-serie-xa73-tcl-climatizzatore12000btu-a-r32-unita-interna-unita-esterna\/"]}]},{"@type":"ImageObject","inLanguage":"en-GB","@id":"https:\/\/www.morenaelettrodomestici.com\/shop\/sn12f2s0-elite-serie-xa73-tcl-climatizzatore12000btu-a-r32-unita-interna-unita-esterna\/#primaryimage","url":"https:\/\/www.morenaelettrodomestici.com\/wp-content\/uploads\/2024\/07\/foto-tcl-elite-mono-500x500-1-1.png","contentUrl":"https:\/\/www.morenaelettrodomestici.com\/wp-content\/uploads\/2024\/07\/foto-tcl-elite-mono-500x500-1-1.png","width":500,"height":500},{"@type":"BreadcrumbList","@id":"https:\/\/www.morenaelettrodomestici.com\/shop\/sn12f2s0-elite-serie-xa73-tcl-climatizzatore12000btu-a-r32-unita-interna-unita-esterna\/#breadcrumb","itemListElement":[{"@type":"ListItem","position":1,"name":"Home","item":"https:\/\/www.morenaelettrodomestici.com\/"},{"@type":"ListItem","position":2,"name":"Shop","item":"https:\/\/www.morenaelettrodomestici.com\/shop\/"},{"@type":"ListItem","position":3,"name":"SN12F2S0 ELITE SERIE XA73 TCL Climatizzatore12000btu A++ R32 (Unit\u00e0 Interna + Unit\u00e0 Esterna)"}]},{"@type":"WebSite","@id":"https:\/\/www.morenaelettrodomestici.com\/#website","url":"https:\/\/www.morenaelettrodomestici.com\/","name":"Morena","description":"I migliori elettrodomestici a prezzi folli","publisher":{"@id":"https:\/\/www.morenaelettrodomestici.com\/#organization"},"potentialAction":[{"@type":"SearchAction","target":{"@type":"EntryPoint","urlTemplate":"https:\/\/www.morenaelettrodomestici.com\/?s={search_term_string}"},"query-input":{"@type":"PropertyValueSpecification","valueRequired":true,"valueName":"search_term_string"}}],"inLanguage":"en-GB"},{"@type":"Organization","@id":"https:\/\/www.morenaelettrodomestici.com\/#organization","name":"Morena Elettrodomestici","url":"https:\/\/www.morenaelettrodomestici.com\/","logo":{"@type":"ImageObject","inLanguage":"en-GB","@id":"https:\/\/www.morenaelettrodomestici.com\/#\/schema\/logo\/image\/","url":"https:\/\/www.morenaelettrodomestici.com\/wp-content\/uploads\/2024\/05\/logo_Morena_srls-TRASPARENTE.png","contentUrl":"https:\/\/www.morenaelettrodomestici.com\/wp-content\/uploads\/2024\/05\/logo_Morena_srls-TRASPARENTE.png","width":2264,"height":718,"caption":"Morena Elettrodomestici"},"image":{"@id":"https:\/\/www.morenaelettrodomestici.com\/#\/schema\/logo\/image\/"},"sameAs":["https:\/\/www.facebook.com\/morenaelettrodomestici\/","https:\/\/www.instagram.com\/morena.elettrodomestici\/","https:\/\/www.linkedin.com\/company-beta\/10507375\/","https:\/\/www.youtube.com\/channel\/UCgdTfdgRUeVEnhI2Z4GRlFA"]}]}},"_links":{"self":[{"href":"https:\/\/www.morenaelettrodomestici.com\/en\/wp-json\/wp\/v2\/product\/40989","targetHints":{"allow":["GET"]}}],"collection":[{"href":"https:\/\/www.morenaelettrodomestici.com\/en\/wp-json\/wp\/v2\/product"}],"about":[{"href":"https:\/\/www.morenaelettrodomestici.com\/en\/wp-json\/wp\/v2\/types\/product"}],"version-history":[{"count":1,"href":"https:\/\/www.morenaelettrodomestici.com\/en\/wp-json\/wp\/v2\/product\/40989\/revisions"}],"predecessor-version":[{"id":41113,"href":"https:\/\/www.morenaelettrodomestici.com\/en\/wp-json\/wp\/v2\/product\/40989\/revisions\/41113"}],"wp:featuredmedia":[{"embeddable":true,"href":"https:\/\/www.morenaelettrodomestici.com\/en\/wp-json\/wp\/v2\/media\/40174"}],"wp:attachment":[{"href":"https:\/\/www.morenaelettrodomestici.com\/en\/wp-json\/wp\/v2\/media?parent=40989"}],"wp:term":[{"taxonomy":"product_brand","embeddable":true,"href":"https:\/\/www.morenaelettrodomestici.com\/en\/wp-json\/wp\/v2\/product_brand?post=40989"},{"taxonomy":"product_cat","embeddable":true,"href":"https:\/\/www.morenaelettrodomestici.com\/en\/wp-json\/wp\/v2\/product_cat?post=40989"},{"taxonomy":"product_tag","embeddable":true,"href":"https:\/\/www.morenaelettrodomestici.com\/en\/wp-json\/wp\/v2\/product_tag?post=40989"}],"curies":[{"name":"wp","href":"https:\/\/api.w.org\/{rel}","templated":true}]}}