{"id":41278,"date":"2024-07-15T15:04:33","date_gmt":"2024-07-15T15:04:33","guid":{"rendered":"https:\/\/www.morenaelettrodomestici.com\/?post_type=product&#038;p=41278"},"modified":"2025-10-25T08:45:38","modified_gmt":"2025-10-25T08:45:38","slug":"bmt481wi-beko-asciugatrice-8kg-a","status":"publish","type":"product","link":"https:\/\/www.morenaelettrodomestici.com\/en\/shop\/bmt481wi-beko-asciugatrice-8kg-a\/","title":{"rendered":"BMT481WI BEKO Asciugatrice 8kg Classe C"},"content":{"rendered":"<h2>&nbsp;<\/h2>\n<h2>Caratteristiche<\/h2>\n<p>&nbsp;<\/p>\n<p>Profondit\u00e0 escluso obl\u00f2 e tubi posteriori: <strong>54 cm<\/strong><\/p>\n<p>&nbsp;<\/p>\n<h2>Motore ProSmart\u2122 Inverter<\/h2>\n<h4>Alta efficienza, maggiore durata, meno rumore<\/h4>\n<p>Non stressarti per la bolletta dell&#8217;energia o farti venire il mal di testa ogni volta che devi asciugare i tuoi vestiti. Grazie al design con motore brushless, ProSmart\u2122 offre un&#8217;elevata efficienza energetica, ridotti livelli acustici e maggiore durata nel tempo, il tutto in un&#8217;unica soluzione. Cos\u00ec otterrai il massimo dalla tua asciugatrice, senza intaccare il tuo budget mensile e in totale serenit\u00e0.<\/p>\n<p>&nbsp;<\/p>\n<p><img fetchpriority=\"high\" decoding=\"async\" src=\"https:\/\/www.beko.com\/content\/dam\/italy-it-aem\/italy-it-aemProductCatalog\/technology\/tech_ProSmartInverterMotor_TumbleDryers\/TD-ProSmart-Inverter-Motor-Primary.png\/jcr:content\/renditions\/original\" width=\"2775\" height=\"2084\"><\/p>\n<p>&nbsp;<\/p>\n<p><img decoding=\"async\" src=\"https:\/\/www.beko.com\/content\/dam\/italy-it-aem\/italy-it-aemProductCatalog\/technology\/tech_EcoGentle_TumbleDryers\/TD-EcoGentle-Primary.png\/jcr:content\/renditions\/original\" width=\"666\" height=\"500\"><\/p>\n<h2>EcoGentle\u2122<\/h2>\n<h4>Asciugatura perfetta, colori sempre vivi<\/h4>\n<p>Hai sempre indossato capi di tutti i colori ma il tuo armadio \u00e8 ora un mix di tinte pastello sbiadite. Cosa \u00e8 successo? Tutta colpa dell&#8217;asciugatrice. Ma ora c&#8217;\u00e8 EcoGentle\u2122, la tecnologia che non altera i colori dei vestiti con la sua asciugatura innovativa. L&#8217;asciugatura a condensazione si combina con un sistema di aria condizionata per trattare delicatamente i capi e avere un&#8217;asciugatrice pi\u00f9 efficiente dal punto di vista energetico.<\/p>\n<h2>Cestello AquaWave\u00ae<\/h2>\n<h4>Cestello ad azione fluttuante per un trattamento pi\u00f9 delicato<\/h4>\n<p>L&#8217;asciugatura potrebbe mettere a dura prova i tuoi vestiti. Con il vetro curvo dell&#8217;obl\u00f2 e l&#8217;esclusivo moto ondoso prodotto dalle pale all&#8217;interno del cestello, il sistema AquaWave\u00ae tratta i capi pi\u00f9 delicatamente migliorandone l&#8217;asciugatura. Cos\u00ec la prossima volta che ti faranno i complimenti per quello che indossi, potrai veramente dire &#8216;Ce l&#8217;ho da anni!&#8217;.<\/p>\n<p>&nbsp;<\/p>\n<p>&nbsp;<\/p>\n<h2>Programma Silenzioso<\/h2>\n<h4>Meno rumore, pi\u00f9 tranquillit\u00e0 in casa<\/h4>\n<p>Far girare l&#8217;asciugatrice mentre il tuo bambino dorme \u00e8 una partita persa in partenza: si sveglier\u00e0 o non potrai far asciugare il bucato. O almeno cos\u00ec era in passato. Il Programma Silenzioso permette a te e alla tua famiglia di farvi una bella notte di sonno mentre l&#8217;asciugatrice gira, senza che ve ne accorgiate.<\/p>\n<p>&nbsp;<\/p>\n<h3>Caratteristiche Principali<\/h3>\n<p>&nbsp;<\/p>\n<p>Energy Efficiency Class_ EU_2025 (DR)<\/p>\n<p>C<\/p>\n<p>Tecnologia di Asciugatura<\/p>\n<p>Pompa di Calore<\/p>\n<p>Sensore di Asciugatura<\/p>\n<p>OptiSense\u00ae<\/p>\n<p>Rumorosit\u00e0<\/p>\n<p>64 dBA<\/p>\n<p>Altezza<\/p>\n<p>84.6 cm<\/p>\n<p>Larghezza<\/p>\n<p>59.8 cm<\/p>\n<p>Profondit\u00e0<\/p>\n<p>60.7 cm<\/p>\n<p>Tipo Display<\/p>\n<p>Display Digit<\/p>\n<p>Colore<\/p>\n<p>Bianco<\/p>\n<p>Product Series<\/p>\n<p>b300<\/p>\n<h3>Programmi<\/h3>\n<p>&nbsp;<\/p>\n<p>Numero di Programmi<\/p>\n<p>15<\/p>\n<p>Programma 1<\/p>\n<p>Cottons<\/p>\n<p>Programma 2<\/p>\n<p>Programma Cotone ECO<\/p>\n<p>Programma 3<\/p>\n<p>Synthetics<\/p>\n<p>Programma 4<\/p>\n<p>Programma Mix<\/p>\n<p>Programma 5<\/p>\n<p>Programma Lana<\/p>\n<p>Programma 6<\/p>\n<p>Programma Silent<\/p>\n<p>Programma 7<\/p>\n<p>Programma Delicati<\/p>\n<p>Programma 8<\/p>\n<p>Programmi a Tempo<\/p>\n<p>Programma 9<\/p>\n<p>Programma Jeans<\/p>\n<p>Programma 10<\/p>\n<p>Programma Outdoor \/ Sport<\/p>\n<p>Programma 11<\/p>\n<p>Programma Piumone \/ Piumino<\/p>\n<p>Programma 12<\/p>\n<p>Programma Delicati\/Camicie Gentle Care<\/p>\n<p>Programma 13<\/p>\n<p>Programma Xpress Super Short<\/p>\n<p>Programma 14<\/p>\n<p>Hygienic Drying<\/p>\n<p>Programma 15<\/p>\n<p>Hygienic Refresh<\/p>\n<h3>Funzioni<\/h3>\n<p>&nbsp;<\/p>\n<p>Funzione 1<\/p>\n<p>Livello di Asciugatura<\/p>\n<h3>Tecnologie<\/h3>\n<p>&nbsp;<\/p>\n<p>Tecnologia di Asciugatura<\/p>\n<p>Pompa di Calore<\/p>\n<p>Motore ProSmart\u2122 Inverter<\/p>\n<p>&nbsp;<\/p>\n<p>Filtro Fusion<\/p>\n<p>&nbsp;<\/p>\n<h3>Design<\/h3>\n<p>&nbsp;<\/p>\n<p>AquaWave\u00ae<\/p>\n<p>&nbsp;<\/p>\n<p>Tipo Display<\/p>\n<p>Display Digit<\/p>\n<p>Colore<\/p>\n<p>Bianco<\/p>\n<p>Posizione Serbatoio Acqua<\/p>\n<p>In Alto<\/p>\n<p>Illuminazione Cesto<\/p>\n<p>DC LED<\/p>\n<p>Tipologia Obl\u00f2<\/p>\n<p>Transparent-irreversible-w\/o cover<\/p>\n<p>Materiale Cestello<\/p>\n<p>Inox<\/p>\n<p>Scarico Diretto Condensa<\/p>\n<p>&nbsp;<\/p>\n<h3>Performance e Consumi<\/h3>\n<p>&nbsp;<\/p>\n<p>Energy Efficiency Class_ EU_2025 (DR)<\/p>\n<p>C<\/p>\n<p>Rumorosit\u00e0<\/p>\n<p>64 dBA<\/p>\n<p>Consumo Energetico Annuo<\/p>\n<p>176.8 kWh<\/p>\n<p>Sensore di Asciugatura<\/p>\n<p>OptiSense\u00ae<\/p>\n<p>Voltaggio<\/p>\n<p>230 &#8211; 240 V<\/p>\n<p>Frequenza<\/p>\n<p>50 Hz<\/p>\n<p>Movimento Cestello Bidirezionale<\/p>\n<p>&nbsp;<\/p>\n<h3>Dimensioni e Peso<\/h3>\n<p>&nbsp;<\/p>\n<p>Altezza<\/p>\n<p>84.6 cm<\/p>\n<p>Larghezza<\/p>\n<p>59.8 cm<\/p>\n<p>Profondit\u00e0<\/p>\n<p>60.7 cm<\/p>\n<p>Peso<\/p>\n<p>44 kg<\/p>\n<p>Altezza con Imballaggio<\/p>\n<p>88.5 cm<\/p>\n<p>Larghezza con Imballaggio<\/p>\n<p>65 cm<\/p>\n<p>Profondit\u00e0 con Imballaggio<\/p>\n<p>63 cm<\/p>\n<p>Peso con Imballaggio<\/p>\n<p>45 kg<\/p>\n<h3>Sicurezza<\/h3>\n<p>&nbsp;<\/p>\n<p>Blocco di Sicurezza Bambini<\/p>\n<p>&nbsp;<\/p>\n<p>Indicatore Sicurezza Bambini<\/p>\n<p>&nbsp;<\/p>\n<p>Indicatore Serbatoio Acqua Pieno<\/p>\n<p>&nbsp;<\/p>\n<p>Indicatore Pulizia Filtro<\/p>\n<p>&nbsp;<\/p>\n<p>Indicatore Pulizia Condensatore<\/p>\n<p>&nbsp;<\/p>\n<p>Segnale Acustico a Fine Ciclo<\/p>\n<p>&nbsp;<\/p>","protected":false},"excerpt":{"rendered":"<p>-Asciugatrice Beko 8kg<br \/>-Inverter<br \/>\u2013Numero di Programmi 15<\/p>\n<p>-Profondit\u00e0:60cm<\/p>","protected":false},"featured_media":50310,"template":"","meta":[],"product_brand":[],"product_cat":[99,88,89],"product_tag":[336,286],"class_list":{"0":"post-41278","1":"product","2":"type-product","3":"status-publish","4":"has-post-thumbnail","6":"product_cat-asciugatrice","7":"product_cat-grandi-elettrodomestici","8":"product_cat-lavatrici-e-asciugatrici","9":"product_tag-asciugatrice-beko","10":"product_tag-beko","11":"pa_capacita-kg-8kg","12":"pa_marca-beko","13":"pa_profondita-60cm","15":"first","16":"instock","17":"sale","18":"purchasable","19":"product-type-simple"},"yoast_head":"<!-- This site is optimized with the Yoast SEO plugin v27.5 - https:\/\/yoast.com\/product\/yoast-seo-wordpress\/ -->\n<title>BMT481WI BEKO Asciugatrice 8kg Classe C - Morena Elettrodomestici<\/title>\n<meta name=\"description\" content=\"Acquista BMT481WI BEKO Asciugatrice 8kg Classe C su Morena Elettrodomestici. Il tuo Negozio di Fiducia online con prezzi competitivi e prodotti di alta qualit\u00e0!\" \/>\n<meta name=\"robots\" content=\"index, follow, max-snippet:-1, max-image-preview:large, max-video-preview:-1\" \/>\n<link rel=\"canonical\" href=\"https:\/\/www.morenaelettrodomestici.com\/en\/shop\/bmt481wi-beko-asciugatrice-8kg-a\/\" \/>\n<meta property=\"og:locale\" content=\"en_GB\" \/>\n<meta property=\"og:type\" content=\"article\" \/>\n<meta property=\"og:title\" content=\"BMT481WI BEKO Asciugatrice 8kg Classe C - Morena Elettrodomestici\" \/>\n<meta property=\"og:description\" content=\"Acquista BMT481WI BEKO Asciugatrice 8kg Classe C su Morena Elettrodomestici. Il tuo Negozio di Fiducia online con prezzi competitivi e prodotti di alta qualit\u00e0!\" \/>\n<meta property=\"og:url\" content=\"https:\/\/www.morenaelettrodomestici.com\/en\/shop\/bmt481wi-beko-asciugatrice-8kg-a\/\" \/>\n<meta property=\"og:site_name\" content=\"Morena Elettrodomestici\" \/>\n<meta property=\"article:publisher\" content=\"https:\/\/www.facebook.com\/morenaelettrodomestici\/\" \/>\n<meta property=\"article:modified_time\" content=\"2025-10-25T08:45:38+00:00\" \/>\n<meta property=\"og:image\" content=\"https:\/\/www.morenaelettrodomestici.com\/wp-content\/uploads\/2024\/07\/Progetto-senza-titolo-7-13.png\" \/>\n\t<meta property=\"og:image:width\" content=\"300\" \/>\n\t<meta property=\"og:image:height\" content=\"300\" \/>\n\t<meta property=\"og:image:type\" content=\"image\/png\" \/>\n<meta name=\"twitter:card\" content=\"summary_large_image\" \/>\n<meta name=\"twitter:label1\" content=\"Estimated reading time\" \/>\n\t<meta name=\"twitter:data1\" content=\"2 minutes\" \/>\n<script type=\"application\/ld+json\" class=\"yoast-schema-graph\">{\"@context\":\"https:\\\/\\\/schema.org\",\"@graph\":[{\"@type\":\"WebPage\",\"@id\":\"https:\\\/\\\/www.morenaelettrodomestici.com\\\/shop\\\/bmt481wi-beko-asciugatrice-8kg-a\\\/\",\"url\":\"https:\\\/\\\/www.morenaelettrodomestici.com\\\/shop\\\/bmt481wi-beko-asciugatrice-8kg-a\\\/\",\"name\":\"BMT481WI BEKO Asciugatrice 8kg Classe C - Morena Elettrodomestici\",\"isPartOf\":{\"@id\":\"https:\\\/\\\/www.morenaelettrodomestici.com\\\/#website\"},\"primaryImageOfPage\":{\"@id\":\"https:\\\/\\\/www.morenaelettrodomestici.com\\\/shop\\\/bmt481wi-beko-asciugatrice-8kg-a\\\/#primaryimage\"},\"image\":{\"@id\":\"https:\\\/\\\/www.morenaelettrodomestici.com\\\/shop\\\/bmt481wi-beko-asciugatrice-8kg-a\\\/#primaryimage\"},\"thumbnailUrl\":\"https:\\\/\\\/www.morenaelettrodomestici.com\\\/wp-content\\\/uploads\\\/2025\\\/10\\\/9782.jpg\",\"datePublished\":\"2024-07-15T15:04:33+00:00\",\"dateModified\":\"2025-10-25T08:45:38+00:00\",\"description\":\"Acquista BMT481WI BEKO Asciugatrice 8kg Classe C su Morena Elettrodomestici. Il tuo Negozio di Fiducia online con prezzi competitivi e prodotti di alta qualit\u00e0!\",\"breadcrumb\":{\"@id\":\"https:\\\/\\\/www.morenaelettrodomestici.com\\\/shop\\\/bmt481wi-beko-asciugatrice-8kg-a\\\/#breadcrumb\"},\"inLanguage\":\"en-GB\",\"potentialAction\":[{\"@type\":\"ReadAction\",\"target\":[\"https:\\\/\\\/www.morenaelettrodomestici.com\\\/shop\\\/bmt481wi-beko-asciugatrice-8kg-a\\\/\"]}]},{\"@type\":\"ImageObject\",\"inLanguage\":\"en-GB\",\"@id\":\"https:\\\/\\\/www.morenaelettrodomestici.com\\\/shop\\\/bmt481wi-beko-asciugatrice-8kg-a\\\/#primaryimage\",\"url\":\"https:\\\/\\\/www.morenaelettrodomestici.com\\\/wp-content\\\/uploads\\\/2025\\\/10\\\/9782.jpg\",\"contentUrl\":\"https:\\\/\\\/www.morenaelettrodomestici.com\\\/wp-content\\\/uploads\\\/2025\\\/10\\\/9782.jpg\",\"width\":300,\"height\":300},{\"@type\":\"BreadcrumbList\",\"@id\":\"https:\\\/\\\/www.morenaelettrodomestici.com\\\/shop\\\/bmt481wi-beko-asciugatrice-8kg-a\\\/#breadcrumb\",\"itemListElement\":[{\"@type\":\"ListItem\",\"position\":1,\"name\":\"Home\",\"item\":\"https:\\\/\\\/www.morenaelettrodomestici.com\\\/\"},{\"@type\":\"ListItem\",\"position\":2,\"name\":\"Shop\",\"item\":\"https:\\\/\\\/www.morenaelettrodomestici.com\\\/shop\\\/\"},{\"@type\":\"ListItem\",\"position\":3,\"name\":\"BMT481WI BEKO Asciugatrice 8kg Classe C\"}]},{\"@type\":\"WebSite\",\"@id\":\"https:\\\/\\\/www.morenaelettrodomestici.com\\\/#website\",\"url\":\"https:\\\/\\\/www.morenaelettrodomestici.com\\\/\",\"name\":\"Morena\",\"description\":\"I migliori elettrodomestici a prezzi folli\",\"publisher\":{\"@id\":\"https:\\\/\\\/www.morenaelettrodomestici.com\\\/#organization\"},\"potentialAction\":[{\"@type\":\"SearchAction\",\"target\":{\"@type\":\"EntryPoint\",\"urlTemplate\":\"https:\\\/\\\/www.morenaelettrodomestici.com\\\/?s={search_term_string}\"},\"query-input\":{\"@type\":\"PropertyValueSpecification\",\"valueRequired\":true,\"valueName\":\"search_term_string\"}}],\"inLanguage\":\"en-GB\"},{\"@type\":\"Organization\",\"@id\":\"https:\\\/\\\/www.morenaelettrodomestici.com\\\/#organization\",\"name\":\"Morena Elettrodomestici\",\"url\":\"https:\\\/\\\/www.morenaelettrodomestici.com\\\/\",\"logo\":{\"@type\":\"ImageObject\",\"inLanguage\":\"en-GB\",\"@id\":\"https:\\\/\\\/www.morenaelettrodomestici.com\\\/#\\\/schema\\\/logo\\\/image\\\/\",\"url\":\"https:\\\/\\\/www.morenaelettrodomestici.com\\\/wp-content\\\/uploads\\\/2024\\\/05\\\/logo_Morena_srls-TRASPARENTE.png\",\"contentUrl\":\"https:\\\/\\\/www.morenaelettrodomestici.com\\\/wp-content\\\/uploads\\\/2024\\\/05\\\/logo_Morena_srls-TRASPARENTE.png\",\"width\":2264,\"height\":718,\"caption\":\"Morena Elettrodomestici\"},\"image\":{\"@id\":\"https:\\\/\\\/www.morenaelettrodomestici.com\\\/#\\\/schema\\\/logo\\\/image\\\/\"},\"sameAs\":[\"https:\\\/\\\/www.facebook.com\\\/morenaelettrodomestici\\\/\",\"https:\\\/\\\/www.instagram.com\\\/morena.elettrodomestici\\\/\",\"https:\\\/\\\/www.linkedin.com\\\/company-beta\\\/10507375\\\/\",\"https:\\\/\\\/www.youtube.com\\\/channel\\\/UCgdTfdgRUeVEnhI2Z4GRlFA\"]}]}<\/script>\n<!-- \/ Yoast SEO plugin. -->","yoast_head_json":{"title":"BMT481WI BEKO Asciugatrice 8kg Classe C - Morena Elettrodomestici","description":"Acquista BMT481WI BEKO Asciugatrice 8kg Classe C su Morena Elettrodomestici. Il tuo Negozio di Fiducia online con prezzi competitivi e prodotti di alta qualit\u00e0!","robots":{"index":"index","follow":"follow","max-snippet":"max-snippet:-1","max-image-preview":"max-image-preview:large","max-video-preview":"max-video-preview:-1"},"canonical":"https:\/\/www.morenaelettrodomestici.com\/en\/shop\/bmt481wi-beko-asciugatrice-8kg-a\/","og_locale":"en_GB","og_type":"article","og_title":"BMT481WI BEKO Asciugatrice 8kg Classe C - Morena Elettrodomestici","og_description":"Acquista BMT481WI BEKO Asciugatrice 8kg Classe C su Morena Elettrodomestici. Il tuo Negozio di Fiducia online con prezzi competitivi e prodotti di alta qualit\u00e0!","og_url":"https:\/\/www.morenaelettrodomestici.com\/en\/shop\/bmt481wi-beko-asciugatrice-8kg-a\/","og_site_name":"Morena Elettrodomestici","article_publisher":"https:\/\/www.facebook.com\/morenaelettrodomestici\/","article_modified_time":"2025-10-25T08:45:38+00:00","og_image":[{"width":300,"height":300,"url":"https:\/\/www.morenaelettrodomestici.com\/wp-content\/uploads\/2024\/07\/Progetto-senza-titolo-7-13.png","type":"image\/png"}],"twitter_card":"summary_large_image","twitter_misc":{"Estimated reading time":"2 minutes"},"schema":{"@context":"https:\/\/schema.org","@graph":[{"@type":"WebPage","@id":"https:\/\/www.morenaelettrodomestici.com\/shop\/bmt481wi-beko-asciugatrice-8kg-a\/","url":"https:\/\/www.morenaelettrodomestici.com\/shop\/bmt481wi-beko-asciugatrice-8kg-a\/","name":"BMT481WI BEKO Asciugatrice 8kg Classe C - Morena Elettrodomestici","isPartOf":{"@id":"https:\/\/www.morenaelettrodomestici.com\/#website"},"primaryImageOfPage":{"@id":"https:\/\/www.morenaelettrodomestici.com\/shop\/bmt481wi-beko-asciugatrice-8kg-a\/#primaryimage"},"image":{"@id":"https:\/\/www.morenaelettrodomestici.com\/shop\/bmt481wi-beko-asciugatrice-8kg-a\/#primaryimage"},"thumbnailUrl":"https:\/\/www.morenaelettrodomestici.com\/wp-content\/uploads\/2025\/10\/9782.jpg","datePublished":"2024-07-15T15:04:33+00:00","dateModified":"2025-10-25T08:45:38+00:00","description":"Acquista BMT481WI BEKO Asciugatrice 8kg Classe C su Morena Elettrodomestici. Il tuo Negozio di Fiducia online con prezzi competitivi e prodotti di alta qualit\u00e0!","breadcrumb":{"@id":"https:\/\/www.morenaelettrodomestici.com\/shop\/bmt481wi-beko-asciugatrice-8kg-a\/#breadcrumb"},"inLanguage":"en-GB","potentialAction":[{"@type":"ReadAction","target":["https:\/\/www.morenaelettrodomestici.com\/shop\/bmt481wi-beko-asciugatrice-8kg-a\/"]}]},{"@type":"ImageObject","inLanguage":"en-GB","@id":"https:\/\/www.morenaelettrodomestici.com\/shop\/bmt481wi-beko-asciugatrice-8kg-a\/#primaryimage","url":"https:\/\/www.morenaelettrodomestici.com\/wp-content\/uploads\/2025\/10\/9782.jpg","contentUrl":"https:\/\/www.morenaelettrodomestici.com\/wp-content\/uploads\/2025\/10\/9782.jpg","width":300,"height":300},{"@type":"BreadcrumbList","@id":"https:\/\/www.morenaelettrodomestici.com\/shop\/bmt481wi-beko-asciugatrice-8kg-a\/#breadcrumb","itemListElement":[{"@type":"ListItem","position":1,"name":"Home","item":"https:\/\/www.morenaelettrodomestici.com\/"},{"@type":"ListItem","position":2,"name":"Shop","item":"https:\/\/www.morenaelettrodomestici.com\/shop\/"},{"@type":"ListItem","position":3,"name":"BMT481WI BEKO Asciugatrice 8kg Classe C"}]},{"@type":"WebSite","@id":"https:\/\/www.morenaelettrodomestici.com\/#website","url":"https:\/\/www.morenaelettrodomestici.com\/","name":"Morena","description":"I migliori elettrodomestici a prezzi folli","publisher":{"@id":"https:\/\/www.morenaelettrodomestici.com\/#organization"},"potentialAction":[{"@type":"SearchAction","target":{"@type":"EntryPoint","urlTemplate":"https:\/\/www.morenaelettrodomestici.com\/?s={search_term_string}"},"query-input":{"@type":"PropertyValueSpecification","valueRequired":true,"valueName":"search_term_string"}}],"inLanguage":"en-GB"},{"@type":"Organization","@id":"https:\/\/www.morenaelettrodomestici.com\/#organization","name":"Morena Elettrodomestici","url":"https:\/\/www.morenaelettrodomestici.com\/","logo":{"@type":"ImageObject","inLanguage":"en-GB","@id":"https:\/\/www.morenaelettrodomestici.com\/#\/schema\/logo\/image\/","url":"https:\/\/www.morenaelettrodomestici.com\/wp-content\/uploads\/2024\/05\/logo_Morena_srls-TRASPARENTE.png","contentUrl":"https:\/\/www.morenaelettrodomestici.com\/wp-content\/uploads\/2024\/05\/logo_Morena_srls-TRASPARENTE.png","width":2264,"height":718,"caption":"Morena Elettrodomestici"},"image":{"@id":"https:\/\/www.morenaelettrodomestici.com\/#\/schema\/logo\/image\/"},"sameAs":["https:\/\/www.facebook.com\/morenaelettrodomestici\/","https:\/\/www.instagram.com\/morena.elettrodomestici\/","https:\/\/www.linkedin.com\/company-beta\/10507375\/","https:\/\/www.youtube.com\/channel\/UCgdTfdgRUeVEnhI2Z4GRlFA"]}]}},"_links":{"self":[{"href":"https:\/\/www.morenaelettrodomestici.com\/en\/wp-json\/wp\/v2\/product\/41278","targetHints":{"allow":["GET"]}}],"collection":[{"href":"https:\/\/www.morenaelettrodomestici.com\/en\/wp-json\/wp\/v2\/product"}],"about":[{"href":"https:\/\/www.morenaelettrodomestici.com\/en\/wp-json\/wp\/v2\/types\/product"}],"version-history":[{"count":5,"href":"https:\/\/www.morenaelettrodomestici.com\/en\/wp-json\/wp\/v2\/product\/41278\/revisions"}],"predecessor-version":[{"id":50312,"href":"https:\/\/www.morenaelettrodomestici.com\/en\/wp-json\/wp\/v2\/product\/41278\/revisions\/50312"}],"wp:featuredmedia":[{"embeddable":true,"href":"https:\/\/www.morenaelettrodomestici.com\/en\/wp-json\/wp\/v2\/media\/50310"}],"wp:attachment":[{"href":"https:\/\/www.morenaelettrodomestici.com\/en\/wp-json\/wp\/v2\/media?parent=41278"}],"wp:term":[{"taxonomy":"product_brand","embeddable":true,"href":"https:\/\/www.morenaelettrodomestici.com\/en\/wp-json\/wp\/v2\/product_brand?post=41278"},{"taxonomy":"product_cat","embeddable":true,"href":"https:\/\/www.morenaelettrodomestici.com\/en\/wp-json\/wp\/v2\/product_cat?post=41278"},{"taxonomy":"product_tag","embeddable":true,"href":"https:\/\/www.morenaelettrodomestici.com\/en\/wp-json\/wp\/v2\/product_tag?post=41278"}],"curies":[{"name":"wp","href":"https:\/\/api.w.org\/{rel}","templated":true}]}}