{"id":41313,"date":"2024-07-15T15:04:58","date_gmt":"2024-07-15T15:04:58","guid":{"rendered":"https:\/\/www.morenaelettrodomestici.com\/?post_type=product&#038;p=41313"},"modified":"2025-10-10T14:45:50","modified_gmt":"2025-10-10T14:45:50","slug":"ar4p16-ardes-torre-ceramica-digitale","status":"publish","type":"product","link":"https:\/\/www.morenaelettrodomestici.com\/en\/shop\/ar4p16-ardes-torre-ceramica-digitale\/","title":{"rendered":"AR4P16 ARDES TORRE CERAMICA DIGITALE"},"content":{"rendered":"<p>Torre ceramica digitale oscillante con pannello comandi touch, sicura ed efficiente. 2 livelli di riscaldamento: eco e comfort. Ventilazione estiva. Termostato elettronico regolabile. Telecomando. Timer 24 ore. Display LED con indicazione della temperatura. Interruttore anti ribaltamento. Sistema di protezione anti surriscaldamento.<br \/>Informazioni Aggiuntive<br \/>DIMENSIONE PRODOTTO:<br \/>21 x 21 x 63,5 mm<\/p>\n<p>DIMENSIONE SCATOLA SINGOLA:<br \/>22,5 x 22,5 x 67,5 mm<\/p>","protected":false},"excerpt":{"rendered":"<p>TERMOVENTILATORE OSCILLANTE | Oggigiorno, gestire la temperatura dell\u2019aria in casa \u00e8 fondamentale per il proprio benessere: concediti il lusso del riscaldamento veloce ed efficace del termoventilatore ceramico oscillante Ardes, e rendi piacevole ogni freddo angolo di casa in cui decidi di installarlo (raggio d\u2019azione fino a 60m\u00b3).<br \/>CERAMICO | Con la tecnologia della ceramica il termoventilatore ceramico oscillante Ardes fa parte della tipologia di termoventilatori per riscaldamento pi\u00f9 innovativa sul mercato: un termoventilatore ceramico scalda pi\u00f9 velocemente e in modo pi\u00f9 omogeneo rispetto al termoventilatore elettrico, il tutto grazie alla resistenza in ceramica.<br \/>SMART E PORTATILE | Il pannello comandi del termoventilatore \u00e8 provvisto di termostato e regolatore per gestire temperatura e potenza dell\u2019aria: imposta a mano i livelli eco e comfort, con cui il potente flusso d\u2019aria calda viene diffuso in tutta la stanza grazie alla funzione oscillante. E puoi portarlo ovunque, grazie alla maniglia integrata.<br \/>COMPATTO E SICURO | Le dimensioni del termoventilatore ceramico oscillante in LxPxH sono: 21cm x 21cm x 63,5cm. \u00c8 quindi adatto a spazi limitati, ed efficace poich\u00e9 scalda in pochi minuti essendo potente 2000W. TATANKA \u00e8 un termoventilaore elettrico sicuro, grazie al sistema anti ribaltamento e il sistema di protezione anti surriscaldamento.<br \/>ARDES | Da 60 anni offriamo prodotti per la tua casa e cucina funzionali, sicuri, facili da usare, in grado di far fronte alle necessit\u00e0 di tutti i giorni.<\/p>","protected":false},"featured_media":41468,"template":"","meta":[],"product_brand":[],"product_cat":[102,482],"product_tag":[556],"class_list":{"0":"post-41313","1":"product","2":"type-product","3":"status-publish","4":"has-post-thumbnail","6":"product_cat-piccoli-elettrodomestici","7":"product_cat-stufe","8":"product_tag-stufa","9":"pa_marca-ardes","11":"first","12":"outofstock","13":"sale","14":"purchasable","15":"product-type-simple"},"yoast_head":"<!-- This site is optimized with the Yoast SEO plugin v27.5 - https:\/\/yoast.com\/product\/yoast-seo-wordpress\/ -->\n<title>AR4P16 ARDES TORRE CERAMICA DIGITALE - Morena Elettrodomestici<\/title>\n<meta name=\"description\" content=\"Acquista AR4P16 ARDES TORRE CERAMICA DIGITALE su Morena Elettrodomestici. Il tuo Negozio di Fiducia online con prezzi competitivi e prodotti di alta qualit\u00e0!\" \/>\n<meta name=\"robots\" content=\"index, follow, max-snippet:-1, max-image-preview:large, max-video-preview:-1\" \/>\n<link rel=\"canonical\" href=\"https:\/\/www.morenaelettrodomestici.com\/en\/shop\/ar4p16-ardes-torre-ceramica-digitale\/\" \/>\n<meta property=\"og:locale\" content=\"en_GB\" \/>\n<meta property=\"og:type\" content=\"article\" \/>\n<meta property=\"og:title\" content=\"AR4P16 ARDES TORRE CERAMICA DIGITALE - Morena Elettrodomestici\" \/>\n<meta property=\"og:description\" content=\"Acquista AR4P16 ARDES TORRE CERAMICA DIGITALE su Morena Elettrodomestici. Il tuo Negozio di Fiducia online con prezzi competitivi e prodotti di alta qualit\u00e0!\" \/>\n<meta property=\"og:url\" content=\"https:\/\/www.morenaelettrodomestici.com\/en\/shop\/ar4p16-ardes-torre-ceramica-digitale\/\" \/>\n<meta property=\"og:site_name\" content=\"Morena Elettrodomestici\" \/>\n<meta property=\"article:publisher\" content=\"https:\/\/www.facebook.com\/morenaelettrodomestici\/\" \/>\n<meta property=\"article:modified_time\" content=\"2025-10-10T14:45:50+00:00\" \/>\n<meta property=\"og:image\" content=\"https:\/\/www.morenaelettrodomestici.com\/wp-content\/uploads\/2024\/07\/Progetto-senza-titolo-51.png\" \/>\n\t<meta property=\"og:image:width\" content=\"300\" \/>\n\t<meta property=\"og:image:height\" content=\"300\" \/>\n\t<meta property=\"og:image:type\" content=\"image\/png\" \/>\n<meta name=\"twitter:card\" content=\"summary_large_image\" \/>\n<script type=\"application\/ld+json\" class=\"yoast-schema-graph\">{\"@context\":\"https:\\\/\\\/schema.org\",\"@graph\":[{\"@type\":\"WebPage\",\"@id\":\"https:\\\/\\\/www.morenaelettrodomestici.com\\\/shop\\\/ar4p16-ardes-torre-ceramica-digitale\\\/\",\"url\":\"https:\\\/\\\/www.morenaelettrodomestici.com\\\/shop\\\/ar4p16-ardes-torre-ceramica-digitale\\\/\",\"name\":\"AR4P16 ARDES TORRE CERAMICA DIGITALE - Morena Elettrodomestici\",\"isPartOf\":{\"@id\":\"https:\\\/\\\/www.morenaelettrodomestici.com\\\/#website\"},\"primaryImageOfPage\":{\"@id\":\"https:\\\/\\\/www.morenaelettrodomestici.com\\\/shop\\\/ar4p16-ardes-torre-ceramica-digitale\\\/#primaryimage\"},\"image\":{\"@id\":\"https:\\\/\\\/www.morenaelettrodomestici.com\\\/shop\\\/ar4p16-ardes-torre-ceramica-digitale\\\/#primaryimage\"},\"thumbnailUrl\":\"https:\\\/\\\/www.morenaelettrodomestici.com\\\/wp-content\\\/uploads\\\/2024\\\/07\\\/Progetto-senza-titolo-51.png\",\"datePublished\":\"2024-07-15T15:04:58+00:00\",\"dateModified\":\"2025-10-10T14:45:50+00:00\",\"description\":\"Acquista AR4P16 ARDES TORRE CERAMICA DIGITALE su Morena Elettrodomestici. Il tuo Negozio di Fiducia online con prezzi competitivi e prodotti di alta qualit\u00e0!\",\"breadcrumb\":{\"@id\":\"https:\\\/\\\/www.morenaelettrodomestici.com\\\/shop\\\/ar4p16-ardes-torre-ceramica-digitale\\\/#breadcrumb\"},\"inLanguage\":\"en-GB\",\"potentialAction\":[{\"@type\":\"ReadAction\",\"target\":[\"https:\\\/\\\/www.morenaelettrodomestici.com\\\/shop\\\/ar4p16-ardes-torre-ceramica-digitale\\\/\"]}]},{\"@type\":\"ImageObject\",\"inLanguage\":\"en-GB\",\"@id\":\"https:\\\/\\\/www.morenaelettrodomestici.com\\\/shop\\\/ar4p16-ardes-torre-ceramica-digitale\\\/#primaryimage\",\"url\":\"https:\\\/\\\/www.morenaelettrodomestici.com\\\/wp-content\\\/uploads\\\/2024\\\/07\\\/Progetto-senza-titolo-51.png\",\"contentUrl\":\"https:\\\/\\\/www.morenaelettrodomestici.com\\\/wp-content\\\/uploads\\\/2024\\\/07\\\/Progetto-senza-titolo-51.png\",\"width\":300,\"height\":300},{\"@type\":\"BreadcrumbList\",\"@id\":\"https:\\\/\\\/www.morenaelettrodomestici.com\\\/shop\\\/ar4p16-ardes-torre-ceramica-digitale\\\/#breadcrumb\",\"itemListElement\":[{\"@type\":\"ListItem\",\"position\":1,\"name\":\"Home\",\"item\":\"https:\\\/\\\/www.morenaelettrodomestici.com\\\/\"},{\"@type\":\"ListItem\",\"position\":2,\"name\":\"Shop\",\"item\":\"https:\\\/\\\/www.morenaelettrodomestici.com\\\/shop\\\/\"},{\"@type\":\"ListItem\",\"position\":3,\"name\":\"AR4P16 ARDES TORRE CERAMICA DIGITALE\"}]},{\"@type\":\"WebSite\",\"@id\":\"https:\\\/\\\/www.morenaelettrodomestici.com\\\/#website\",\"url\":\"https:\\\/\\\/www.morenaelettrodomestici.com\\\/\",\"name\":\"Morena\",\"description\":\"I migliori elettrodomestici a prezzi folli\",\"publisher\":{\"@id\":\"https:\\\/\\\/www.morenaelettrodomestici.com\\\/#organization\"},\"potentialAction\":[{\"@type\":\"SearchAction\",\"target\":{\"@type\":\"EntryPoint\",\"urlTemplate\":\"https:\\\/\\\/www.morenaelettrodomestici.com\\\/?s={search_term_string}\"},\"query-input\":{\"@type\":\"PropertyValueSpecification\",\"valueRequired\":true,\"valueName\":\"search_term_string\"}}],\"inLanguage\":\"en-GB\"},{\"@type\":\"Organization\",\"@id\":\"https:\\\/\\\/www.morenaelettrodomestici.com\\\/#organization\",\"name\":\"Morena Elettrodomestici\",\"url\":\"https:\\\/\\\/www.morenaelettrodomestici.com\\\/\",\"logo\":{\"@type\":\"ImageObject\",\"inLanguage\":\"en-GB\",\"@id\":\"https:\\\/\\\/www.morenaelettrodomestici.com\\\/#\\\/schema\\\/logo\\\/image\\\/\",\"url\":\"https:\\\/\\\/www.morenaelettrodomestici.com\\\/wp-content\\\/uploads\\\/2024\\\/05\\\/logo_Morena_srls-TRASPARENTE.png\",\"contentUrl\":\"https:\\\/\\\/www.morenaelettrodomestici.com\\\/wp-content\\\/uploads\\\/2024\\\/05\\\/logo_Morena_srls-TRASPARENTE.png\",\"width\":2264,\"height\":718,\"caption\":\"Morena Elettrodomestici\"},\"image\":{\"@id\":\"https:\\\/\\\/www.morenaelettrodomestici.com\\\/#\\\/schema\\\/logo\\\/image\\\/\"},\"sameAs\":[\"https:\\\/\\\/www.facebook.com\\\/morenaelettrodomestici\\\/\",\"https:\\\/\\\/www.instagram.com\\\/morena.elettrodomestici\\\/\",\"https:\\\/\\\/www.linkedin.com\\\/company-beta\\\/10507375\\\/\",\"https:\\\/\\\/www.youtube.com\\\/channel\\\/UCgdTfdgRUeVEnhI2Z4GRlFA\"]}]}<\/script>\n<!-- \/ Yoast SEO plugin. -->","yoast_head_json":{"title":"AR4P16 ARDES TORRE CERAMICA DIGITALE - Morena Elettrodomestici","description":"Acquista AR4P16 ARDES TORRE CERAMICA DIGITALE su Morena Elettrodomestici. Il tuo Negozio di Fiducia online con prezzi competitivi e prodotti di alta qualit\u00e0!","robots":{"index":"index","follow":"follow","max-snippet":"max-snippet:-1","max-image-preview":"max-image-preview:large","max-video-preview":"max-video-preview:-1"},"canonical":"https:\/\/www.morenaelettrodomestici.com\/en\/shop\/ar4p16-ardes-torre-ceramica-digitale\/","og_locale":"en_GB","og_type":"article","og_title":"AR4P16 ARDES TORRE CERAMICA DIGITALE - Morena Elettrodomestici","og_description":"Acquista AR4P16 ARDES TORRE CERAMICA DIGITALE su Morena Elettrodomestici. Il tuo Negozio di Fiducia online con prezzi competitivi e prodotti di alta qualit\u00e0!","og_url":"https:\/\/www.morenaelettrodomestici.com\/en\/shop\/ar4p16-ardes-torre-ceramica-digitale\/","og_site_name":"Morena Elettrodomestici","article_publisher":"https:\/\/www.facebook.com\/morenaelettrodomestici\/","article_modified_time":"2025-10-10T14:45:50+00:00","og_image":[{"width":300,"height":300,"url":"https:\/\/www.morenaelettrodomestici.com\/wp-content\/uploads\/2024\/07\/Progetto-senza-titolo-51.png","type":"image\/png"}],"twitter_card":"summary_large_image","schema":{"@context":"https:\/\/schema.org","@graph":[{"@type":"WebPage","@id":"https:\/\/www.morenaelettrodomestici.com\/shop\/ar4p16-ardes-torre-ceramica-digitale\/","url":"https:\/\/www.morenaelettrodomestici.com\/shop\/ar4p16-ardes-torre-ceramica-digitale\/","name":"AR4P16 ARDES TORRE CERAMICA DIGITALE - Morena Elettrodomestici","isPartOf":{"@id":"https:\/\/www.morenaelettrodomestici.com\/#website"},"primaryImageOfPage":{"@id":"https:\/\/www.morenaelettrodomestici.com\/shop\/ar4p16-ardes-torre-ceramica-digitale\/#primaryimage"},"image":{"@id":"https:\/\/www.morenaelettrodomestici.com\/shop\/ar4p16-ardes-torre-ceramica-digitale\/#primaryimage"},"thumbnailUrl":"https:\/\/www.morenaelettrodomestici.com\/wp-content\/uploads\/2024\/07\/Progetto-senza-titolo-51.png","datePublished":"2024-07-15T15:04:58+00:00","dateModified":"2025-10-10T14:45:50+00:00","description":"Acquista AR4P16 ARDES TORRE CERAMICA DIGITALE su Morena Elettrodomestici. Il tuo Negozio di Fiducia online con prezzi competitivi e prodotti di alta qualit\u00e0!","breadcrumb":{"@id":"https:\/\/www.morenaelettrodomestici.com\/shop\/ar4p16-ardes-torre-ceramica-digitale\/#breadcrumb"},"inLanguage":"en-GB","potentialAction":[{"@type":"ReadAction","target":["https:\/\/www.morenaelettrodomestici.com\/shop\/ar4p16-ardes-torre-ceramica-digitale\/"]}]},{"@type":"ImageObject","inLanguage":"en-GB","@id":"https:\/\/www.morenaelettrodomestici.com\/shop\/ar4p16-ardes-torre-ceramica-digitale\/#primaryimage","url":"https:\/\/www.morenaelettrodomestici.com\/wp-content\/uploads\/2024\/07\/Progetto-senza-titolo-51.png","contentUrl":"https:\/\/www.morenaelettrodomestici.com\/wp-content\/uploads\/2024\/07\/Progetto-senza-titolo-51.png","width":300,"height":300},{"@type":"BreadcrumbList","@id":"https:\/\/www.morenaelettrodomestici.com\/shop\/ar4p16-ardes-torre-ceramica-digitale\/#breadcrumb","itemListElement":[{"@type":"ListItem","position":1,"name":"Home","item":"https:\/\/www.morenaelettrodomestici.com\/"},{"@type":"ListItem","position":2,"name":"Shop","item":"https:\/\/www.morenaelettrodomestici.com\/shop\/"},{"@type":"ListItem","position":3,"name":"AR4P16 ARDES TORRE CERAMICA DIGITALE"}]},{"@type":"WebSite","@id":"https:\/\/www.morenaelettrodomestici.com\/#website","url":"https:\/\/www.morenaelettrodomestici.com\/","name":"Morena","description":"I migliori elettrodomestici a prezzi folli","publisher":{"@id":"https:\/\/www.morenaelettrodomestici.com\/#organization"},"potentialAction":[{"@type":"SearchAction","target":{"@type":"EntryPoint","urlTemplate":"https:\/\/www.morenaelettrodomestici.com\/?s={search_term_string}"},"query-input":{"@type":"PropertyValueSpecification","valueRequired":true,"valueName":"search_term_string"}}],"inLanguage":"en-GB"},{"@type":"Organization","@id":"https:\/\/www.morenaelettrodomestici.com\/#organization","name":"Morena Elettrodomestici","url":"https:\/\/www.morenaelettrodomestici.com\/","logo":{"@type":"ImageObject","inLanguage":"en-GB","@id":"https:\/\/www.morenaelettrodomestici.com\/#\/schema\/logo\/image\/","url":"https:\/\/www.morenaelettrodomestici.com\/wp-content\/uploads\/2024\/05\/logo_Morena_srls-TRASPARENTE.png","contentUrl":"https:\/\/www.morenaelettrodomestici.com\/wp-content\/uploads\/2024\/05\/logo_Morena_srls-TRASPARENTE.png","width":2264,"height":718,"caption":"Morena Elettrodomestici"},"image":{"@id":"https:\/\/www.morenaelettrodomestici.com\/#\/schema\/logo\/image\/"},"sameAs":["https:\/\/www.facebook.com\/morenaelettrodomestici\/","https:\/\/www.instagram.com\/morena.elettrodomestici\/","https:\/\/www.linkedin.com\/company-beta\/10507375\/","https:\/\/www.youtube.com\/channel\/UCgdTfdgRUeVEnhI2Z4GRlFA"]}]}},"_links":{"self":[{"href":"https:\/\/www.morenaelettrodomestici.com\/en\/wp-json\/wp\/v2\/product\/41313","targetHints":{"allow":["GET"]}}],"collection":[{"href":"https:\/\/www.morenaelettrodomestici.com\/en\/wp-json\/wp\/v2\/product"}],"about":[{"href":"https:\/\/www.morenaelettrodomestici.com\/en\/wp-json\/wp\/v2\/types\/product"}],"version-history":[{"count":2,"href":"https:\/\/www.morenaelettrodomestici.com\/en\/wp-json\/wp\/v2\/product\/41313\/revisions"}],"predecessor-version":[{"id":48344,"href":"https:\/\/www.morenaelettrodomestici.com\/en\/wp-json\/wp\/v2\/product\/41313\/revisions\/48344"}],"wp:featuredmedia":[{"embeddable":true,"href":"https:\/\/www.morenaelettrodomestici.com\/en\/wp-json\/wp\/v2\/media\/41468"}],"wp:attachment":[{"href":"https:\/\/www.morenaelettrodomestici.com\/en\/wp-json\/wp\/v2\/media?parent=41313"}],"wp:term":[{"taxonomy":"product_brand","embeddable":true,"href":"https:\/\/www.morenaelettrodomestici.com\/en\/wp-json\/wp\/v2\/product_brand?post=41313"},{"taxonomy":"product_cat","embeddable":true,"href":"https:\/\/www.morenaelettrodomestici.com\/en\/wp-json\/wp\/v2\/product_cat?post=41313"},{"taxonomy":"product_tag","embeddable":true,"href":"https:\/\/www.morenaelettrodomestici.com\/en\/wp-json\/wp\/v2\/product_tag?post=41313"}],"curies":[{"name":"wp","href":"https:\/\/api.w.org\/{rel}","templated":true}]}}