{"id":41391,"date":"2024-07-15T15:05:55","date_gmt":"2024-07-15T15:05:55","guid":{"rendered":"https:\/\/www.morenaelettrodomestici.com\/?post_type=product&#038;p=41391"},"modified":"2025-10-31T18:45:45","modified_gmt":"2025-10-31T18:45:45","slug":"frigo-liebherr-side-by-side-silver-676lt-120cm-e-xrfsd5220-plus","status":"publish","type":"product","link":"https:\/\/www.morenaelettrodomestici.com\/en\/shop\/frigo-liebherr-side-by-side-silver-676lt-120cm-e-xrfsd5220-plus\/","title":{"rendered":"XRFsd5220 Plus Frigo Liebherr Side by Side Silver 676lt 120cm E"},"content":{"rendered":"<p>I Side-by-Side Liebherr si distinguono sia per la grande capacit\u00e0 interna che per l\u2019altissima qualit\u00e0. La tecnologia avanzata permette agli alimenti di mantenersi freschi molto pi\u00f9 a lungo preservando inalterate le loro propriet\u00e0 organolettiche. Grazie alle loro caratteristiche straordinarie, all\u2019elevata efficienza energetica e al design esclusivo, queste apparecchiature sono in grado di soddisfare anche le richieste pi\u00f9 esigenti.<\/p>\n<p><strong>Design<\/strong><br \/>Il frigorifero Liebherr Side-by-Side \u00e8 costituito da un congelatore autonomo NoFrost (SFNsde 5227 Plus NoFrost) sul lato sinistro, unito con un frigorifero autoportante con Easy Fresh (SRsde 5220 Plus) sul lato destro.<br \/>Colore: Silver<br \/>Display: LCD monocromatico touch digitale (dietro la porta)<br \/>Smart Device Box: Predisposto (da ordinare separatamente)<br \/>Piedini anteriori regolabili: S\u00ec<br \/>Cerniere reversibili: S\u00ec<br \/>Guarnizione porta rimovibile: S\u00ec<\/p>\n<p><strong>Funzioni<\/strong><br \/>Touch-display: S\u00ec<br \/>Smart device ready: S\u00ec<br \/>Allarme porta aperta: S\u00ec<\/p>\n<p>Congelatore:<br \/>7 cassetti vario space<br \/>NoFrost<br \/>Easy Open<br \/>Super Frost<br \/>Vassoio per cubetti di ghiaccio<br \/>Tempo di conservazione in black-out: 18ore<br \/>Capacit\u00e0 di congelamento in 24 ore: 18kg<\/p>\n<p>Frigorifero:<br \/>Power Cooling con filtro FreshAir ai carboni attivi<br \/>Mensole controporta in plastica<br \/>6 ripiani GlassLine, di cui 1 divisibile e rientrabile<br \/>Ripiano ondulato portabottiglie<br \/>Illuminazione LED dall&#8217;alto<br \/>1 cassetto EasyFresh su binari di scorrimento integrati<br \/>1 ampio cassetto per frutta e verdura<\/p>\n<p><strong>Prestazioni<\/strong><br \/>Classe efficienza energetica: E<br \/>Classe climatica: SN-T<br \/>Volume totale: 676lt<\/p>\n<p>Congelatore:<br \/>Volume totale: 277lt<br \/>Consumo energetico (annuo\/giornaliero): 248\/0,679 kWh<br \/>Rumorosit\u00e0: 38dbA<\/p>\n<p>Frigorigero:<br \/>Volume totale: 399lt<br \/>Consumo energetico (annuo\/giornaliero): 123\/0,337 kWh<br \/>Rumorosit\u00e0: 36dbA<\/p>\n<p><strong>Dimensioni<\/strong><br \/>Dimensioni congelatore (LxAxP mm): 597x1855x675<br \/>Dimensioni frigorifer (LxAxP mm): 597x1855x675<br \/>Dimensioni totali (LxAxP mm): 1194x1855x675<\/p>","protected":false},"excerpt":{"rendered":"<p>\u2018-Frigorifero e congelatore Side-by-Side<br \/>-Display LCD<br \/>-Predisposto Smart Device<br \/>-Volume totale 676litri<br \/>-120cm larghezza<\/p>","protected":false},"featured_media":49496,"template":"","meta":[],"product_brand":[],"product_cat":[337],"product_tag":[882,338,883],"class_list":{"0":"post-41391","1":"product","2":"type-product","3":"status-publish","4":"has-post-thumbnail","6":"product_cat-frigorifero-side-by-side-4-porte","7":"product_tag-120cm","8":"product_tag-frigorifero-sidebyside","9":"product_tag-liebherr","10":"pa_colore-silver","11":"pa_larghezza-120cm","12":"pa_marca-liebherr","14":"first","15":"instock","16":"sale","17":"purchasable","18":"product-type-simple"},"yoast_head":"<!-- This site is optimized with the Yoast SEO plugin v27.5 - https:\/\/yoast.com\/product\/yoast-seo-wordpress\/ -->\n<title>XRFsd5220 Plus Frigo Liebherr Side by Side Silver 676lt 120cm E - Morena Elettrodomestici<\/title>\n<meta name=\"description\" content=\"Acquista XRFsd5220 Plus Frigo Liebherr Side by Side Silver 676lt 120cm E su Morena Elettrodomestici. Il tuo Negozio di Fiducia online con prezzi competitivi e prodotti di alta qualit\u00e0!\" \/>\n<meta name=\"robots\" content=\"index, follow, max-snippet:-1, max-image-preview:large, max-video-preview:-1\" \/>\n<link rel=\"canonical\" href=\"https:\/\/www.morenaelettrodomestici.com\/en\/shop\/frigo-liebherr-side-by-side-silver-676lt-120cm-e-xrfsd5220-plus\/\" \/>\n<meta property=\"og:locale\" content=\"en_GB\" \/>\n<meta property=\"og:type\" content=\"article\" \/>\n<meta property=\"og:title\" content=\"XRFsd5220 Plus Frigo Liebherr Side by Side Silver 676lt 120cm E - Morena Elettrodomestici\" \/>\n<meta property=\"og:description\" content=\"Acquista XRFsd5220 Plus Frigo Liebherr Side by Side Silver 676lt 120cm E su Morena Elettrodomestici. Il tuo Negozio di Fiducia online con prezzi competitivi e prodotti di alta qualit\u00e0!\" \/>\n<meta property=\"og:url\" content=\"https:\/\/www.morenaelettrodomestici.com\/en\/shop\/frigo-liebherr-side-by-side-silver-676lt-120cm-e-xrfsd5220-plus\/\" \/>\n<meta property=\"og:site_name\" content=\"Morena Elettrodomestici\" \/>\n<meta property=\"article:publisher\" content=\"https:\/\/www.facebook.com\/morenaelettrodomestici\/\" \/>\n<meta property=\"article:modified_time\" content=\"2025-10-31T18:45:45+00:00\" \/>\n<meta property=\"og:image\" content=\"https:\/\/www.morenaelettrodomestici.com\/wp-content\/uploads\/2025\/05\/9274.jpg\" \/>\n\t<meta property=\"og:image:width\" content=\"300\" \/>\n\t<meta property=\"og:image:height\" content=\"300\" \/>\n\t<meta property=\"og:image:type\" content=\"image\/jpeg\" \/>\n<meta name=\"twitter:card\" content=\"summary_large_image\" \/>\n<meta name=\"twitter:label1\" content=\"Estimated reading time\" \/>\n\t<meta name=\"twitter:data1\" content=\"1 minute\" \/>\n<script type=\"application\/ld+json\" class=\"yoast-schema-graph\">{\"@context\":\"https:\\\/\\\/schema.org\",\"@graph\":[{\"@type\":\"WebPage\",\"@id\":\"https:\\\/\\\/www.morenaelettrodomestici.com\\\/shop\\\/frigo-liebherr-side-by-side-silver-676lt-120cm-e-xrfsd5220-plus\\\/\",\"url\":\"https:\\\/\\\/www.morenaelettrodomestici.com\\\/shop\\\/frigo-liebherr-side-by-side-silver-676lt-120cm-e-xrfsd5220-plus\\\/\",\"name\":\"XRFsd5220 Plus Frigo Liebherr Side by Side Silver 676lt 120cm E - Morena Elettrodomestici\",\"isPartOf\":{\"@id\":\"https:\\\/\\\/www.morenaelettrodomestici.com\\\/#website\"},\"primaryImageOfPage\":{\"@id\":\"https:\\\/\\\/www.morenaelettrodomestici.com\\\/shop\\\/frigo-liebherr-side-by-side-silver-676lt-120cm-e-xrfsd5220-plus\\\/#primaryimage\"},\"image\":{\"@id\":\"https:\\\/\\\/www.morenaelettrodomestici.com\\\/shop\\\/frigo-liebherr-side-by-side-silver-676lt-120cm-e-xrfsd5220-plus\\\/#primaryimage\"},\"thumbnailUrl\":\"https:\\\/\\\/www.morenaelettrodomestici.com\\\/wp-content\\\/uploads\\\/2025\\\/05\\\/9274.jpg\",\"datePublished\":\"2024-07-15T15:05:55+00:00\",\"dateModified\":\"2025-10-31T18:45:45+00:00\",\"description\":\"Acquista XRFsd5220 Plus Frigo Liebherr Side by Side Silver 676lt 120cm E su Morena Elettrodomestici. Il tuo Negozio di Fiducia online con prezzi competitivi e prodotti di alta qualit\u00e0!\",\"breadcrumb\":{\"@id\":\"https:\\\/\\\/www.morenaelettrodomestici.com\\\/shop\\\/frigo-liebherr-side-by-side-silver-676lt-120cm-e-xrfsd5220-plus\\\/#breadcrumb\"},\"inLanguage\":\"en-GB\",\"potentialAction\":[{\"@type\":\"ReadAction\",\"target\":[\"https:\\\/\\\/www.morenaelettrodomestici.com\\\/shop\\\/frigo-liebherr-side-by-side-silver-676lt-120cm-e-xrfsd5220-plus\\\/\"]}]},{\"@type\":\"ImageObject\",\"inLanguage\":\"en-GB\",\"@id\":\"https:\\\/\\\/www.morenaelettrodomestici.com\\\/shop\\\/frigo-liebherr-side-by-side-silver-676lt-120cm-e-xrfsd5220-plus\\\/#primaryimage\",\"url\":\"https:\\\/\\\/www.morenaelettrodomestici.com\\\/wp-content\\\/uploads\\\/2025\\\/05\\\/9274.jpg\",\"contentUrl\":\"https:\\\/\\\/www.morenaelettrodomestici.com\\\/wp-content\\\/uploads\\\/2025\\\/05\\\/9274.jpg\",\"width\":300,\"height\":300},{\"@type\":\"BreadcrumbList\",\"@id\":\"https:\\\/\\\/www.morenaelettrodomestici.com\\\/shop\\\/frigo-liebherr-side-by-side-silver-676lt-120cm-e-xrfsd5220-plus\\\/#breadcrumb\",\"itemListElement\":[{\"@type\":\"ListItem\",\"position\":1,\"name\":\"Home\",\"item\":\"https:\\\/\\\/www.morenaelettrodomestici.com\\\/\"},{\"@type\":\"ListItem\",\"position\":2,\"name\":\"Shop\",\"item\":\"https:\\\/\\\/www.morenaelettrodomestici.com\\\/shop\\\/\"},{\"@type\":\"ListItem\",\"position\":3,\"name\":\"XRFsd5220 Plus Frigo Liebherr Side by Side Silver 676lt 120cm E\"}]},{\"@type\":\"WebSite\",\"@id\":\"https:\\\/\\\/www.morenaelettrodomestici.com\\\/#website\",\"url\":\"https:\\\/\\\/www.morenaelettrodomestici.com\\\/\",\"name\":\"Morena\",\"description\":\"I migliori elettrodomestici a prezzi folli\",\"publisher\":{\"@id\":\"https:\\\/\\\/www.morenaelettrodomestici.com\\\/#organization\"},\"potentialAction\":[{\"@type\":\"SearchAction\",\"target\":{\"@type\":\"EntryPoint\",\"urlTemplate\":\"https:\\\/\\\/www.morenaelettrodomestici.com\\\/?s={search_term_string}\"},\"query-input\":{\"@type\":\"PropertyValueSpecification\",\"valueRequired\":true,\"valueName\":\"search_term_string\"}}],\"inLanguage\":\"en-GB\"},{\"@type\":\"Organization\",\"@id\":\"https:\\\/\\\/www.morenaelettrodomestici.com\\\/#organization\",\"name\":\"Morena Elettrodomestici\",\"url\":\"https:\\\/\\\/www.morenaelettrodomestici.com\\\/\",\"logo\":{\"@type\":\"ImageObject\",\"inLanguage\":\"en-GB\",\"@id\":\"https:\\\/\\\/www.morenaelettrodomestici.com\\\/#\\\/schema\\\/logo\\\/image\\\/\",\"url\":\"https:\\\/\\\/www.morenaelettrodomestici.com\\\/wp-content\\\/uploads\\\/2024\\\/05\\\/logo_Morena_srls-TRASPARENTE.png\",\"contentUrl\":\"https:\\\/\\\/www.morenaelettrodomestici.com\\\/wp-content\\\/uploads\\\/2024\\\/05\\\/logo_Morena_srls-TRASPARENTE.png\",\"width\":2264,\"height\":718,\"caption\":\"Morena Elettrodomestici\"},\"image\":{\"@id\":\"https:\\\/\\\/www.morenaelettrodomestici.com\\\/#\\\/schema\\\/logo\\\/image\\\/\"},\"sameAs\":[\"https:\\\/\\\/www.facebook.com\\\/morenaelettrodomestici\\\/\",\"https:\\\/\\\/www.instagram.com\\\/morena.elettrodomestici\\\/\",\"https:\\\/\\\/www.linkedin.com\\\/company-beta\\\/10507375\\\/\",\"https:\\\/\\\/www.youtube.com\\\/channel\\\/UCgdTfdgRUeVEnhI2Z4GRlFA\"]}]}<\/script>\n<!-- \/ Yoast SEO plugin. -->","yoast_head_json":{"title":"XRFsd5220 Plus Frigo Liebherr Side by Side Silver 676lt 120cm E - Morena Elettrodomestici","description":"Acquista XRFsd5220 Plus Frigo Liebherr Side by Side Silver 676lt 120cm E su Morena Elettrodomestici. Il tuo Negozio di Fiducia online con prezzi competitivi e prodotti di alta qualit\u00e0!","robots":{"index":"index","follow":"follow","max-snippet":"max-snippet:-1","max-image-preview":"max-image-preview:large","max-video-preview":"max-video-preview:-1"},"canonical":"https:\/\/www.morenaelettrodomestici.com\/en\/shop\/frigo-liebherr-side-by-side-silver-676lt-120cm-e-xrfsd5220-plus\/","og_locale":"en_GB","og_type":"article","og_title":"XRFsd5220 Plus Frigo Liebherr Side by Side Silver 676lt 120cm E - Morena Elettrodomestici","og_description":"Acquista XRFsd5220 Plus Frigo Liebherr Side by Side Silver 676lt 120cm E su Morena Elettrodomestici. Il tuo Negozio di Fiducia online con prezzi competitivi e prodotti di alta qualit\u00e0!","og_url":"https:\/\/www.morenaelettrodomestici.com\/en\/shop\/frigo-liebherr-side-by-side-silver-676lt-120cm-e-xrfsd5220-plus\/","og_site_name":"Morena Elettrodomestici","article_publisher":"https:\/\/www.facebook.com\/morenaelettrodomestici\/","article_modified_time":"2025-10-31T18:45:45+00:00","og_image":[{"width":300,"height":300,"url":"https:\/\/www.morenaelettrodomestici.com\/wp-content\/uploads\/2025\/05\/9274.jpg","type":"image\/jpeg"}],"twitter_card":"summary_large_image","twitter_misc":{"Estimated reading time":"1 minute"},"schema":{"@context":"https:\/\/schema.org","@graph":[{"@type":"WebPage","@id":"https:\/\/www.morenaelettrodomestici.com\/shop\/frigo-liebherr-side-by-side-silver-676lt-120cm-e-xrfsd5220-plus\/","url":"https:\/\/www.morenaelettrodomestici.com\/shop\/frigo-liebherr-side-by-side-silver-676lt-120cm-e-xrfsd5220-plus\/","name":"XRFsd5220 Plus Frigo Liebherr Side by Side Silver 676lt 120cm E - Morena Elettrodomestici","isPartOf":{"@id":"https:\/\/www.morenaelettrodomestici.com\/#website"},"primaryImageOfPage":{"@id":"https:\/\/www.morenaelettrodomestici.com\/shop\/frigo-liebherr-side-by-side-silver-676lt-120cm-e-xrfsd5220-plus\/#primaryimage"},"image":{"@id":"https:\/\/www.morenaelettrodomestici.com\/shop\/frigo-liebherr-side-by-side-silver-676lt-120cm-e-xrfsd5220-plus\/#primaryimage"},"thumbnailUrl":"https:\/\/www.morenaelettrodomestici.com\/wp-content\/uploads\/2025\/05\/9274.jpg","datePublished":"2024-07-15T15:05:55+00:00","dateModified":"2025-10-31T18:45:45+00:00","description":"Acquista XRFsd5220 Plus Frigo Liebherr Side by Side Silver 676lt 120cm E su Morena Elettrodomestici. Il tuo Negozio di Fiducia online con prezzi competitivi e prodotti di alta qualit\u00e0!","breadcrumb":{"@id":"https:\/\/www.morenaelettrodomestici.com\/shop\/frigo-liebherr-side-by-side-silver-676lt-120cm-e-xrfsd5220-plus\/#breadcrumb"},"inLanguage":"en-GB","potentialAction":[{"@type":"ReadAction","target":["https:\/\/www.morenaelettrodomestici.com\/shop\/frigo-liebherr-side-by-side-silver-676lt-120cm-e-xrfsd5220-plus\/"]}]},{"@type":"ImageObject","inLanguage":"en-GB","@id":"https:\/\/www.morenaelettrodomestici.com\/shop\/frigo-liebherr-side-by-side-silver-676lt-120cm-e-xrfsd5220-plus\/#primaryimage","url":"https:\/\/www.morenaelettrodomestici.com\/wp-content\/uploads\/2025\/05\/9274.jpg","contentUrl":"https:\/\/www.morenaelettrodomestici.com\/wp-content\/uploads\/2025\/05\/9274.jpg","width":300,"height":300},{"@type":"BreadcrumbList","@id":"https:\/\/www.morenaelettrodomestici.com\/shop\/frigo-liebherr-side-by-side-silver-676lt-120cm-e-xrfsd5220-plus\/#breadcrumb","itemListElement":[{"@type":"ListItem","position":1,"name":"Home","item":"https:\/\/www.morenaelettrodomestici.com\/"},{"@type":"ListItem","position":2,"name":"Shop","item":"https:\/\/www.morenaelettrodomestici.com\/shop\/"},{"@type":"ListItem","position":3,"name":"XRFsd5220 Plus Frigo Liebherr Side by Side Silver 676lt 120cm E"}]},{"@type":"WebSite","@id":"https:\/\/www.morenaelettrodomestici.com\/#website","url":"https:\/\/www.morenaelettrodomestici.com\/","name":"Morena","description":"I migliori elettrodomestici a prezzi folli","publisher":{"@id":"https:\/\/www.morenaelettrodomestici.com\/#organization"},"potentialAction":[{"@type":"SearchAction","target":{"@type":"EntryPoint","urlTemplate":"https:\/\/www.morenaelettrodomestici.com\/?s={search_term_string}"},"query-input":{"@type":"PropertyValueSpecification","valueRequired":true,"valueName":"search_term_string"}}],"inLanguage":"en-GB"},{"@type":"Organization","@id":"https:\/\/www.morenaelettrodomestici.com\/#organization","name":"Morena Elettrodomestici","url":"https:\/\/www.morenaelettrodomestici.com\/","logo":{"@type":"ImageObject","inLanguage":"en-GB","@id":"https:\/\/www.morenaelettrodomestici.com\/#\/schema\/logo\/image\/","url":"https:\/\/www.morenaelettrodomestici.com\/wp-content\/uploads\/2024\/05\/logo_Morena_srls-TRASPARENTE.png","contentUrl":"https:\/\/www.morenaelettrodomestici.com\/wp-content\/uploads\/2024\/05\/logo_Morena_srls-TRASPARENTE.png","width":2264,"height":718,"caption":"Morena Elettrodomestici"},"image":{"@id":"https:\/\/www.morenaelettrodomestici.com\/#\/schema\/logo\/image\/"},"sameAs":["https:\/\/www.facebook.com\/morenaelettrodomestici\/","https:\/\/www.instagram.com\/morena.elettrodomestici\/","https:\/\/www.linkedin.com\/company-beta\/10507375\/","https:\/\/www.youtube.com\/channel\/UCgdTfdgRUeVEnhI2Z4GRlFA"]}]}},"_links":{"self":[{"href":"https:\/\/www.morenaelettrodomestici.com\/en\/wp-json\/wp\/v2\/product\/41391","targetHints":{"allow":["GET"]}}],"collection":[{"href":"https:\/\/www.morenaelettrodomestici.com\/en\/wp-json\/wp\/v2\/product"}],"about":[{"href":"https:\/\/www.morenaelettrodomestici.com\/en\/wp-json\/wp\/v2\/types\/product"}],"version-history":[{"count":3,"href":"https:\/\/www.morenaelettrodomestici.com\/en\/wp-json\/wp\/v2\/product\/41391\/revisions"}],"predecessor-version":[{"id":50425,"href":"https:\/\/www.morenaelettrodomestici.com\/en\/wp-json\/wp\/v2\/product\/41391\/revisions\/50425"}],"wp:featuredmedia":[{"embeddable":true,"href":"https:\/\/www.morenaelettrodomestici.com\/en\/wp-json\/wp\/v2\/media\/49496"}],"wp:attachment":[{"href":"https:\/\/www.morenaelettrodomestici.com\/en\/wp-json\/wp\/v2\/media?parent=41391"}],"wp:term":[{"taxonomy":"product_brand","embeddable":true,"href":"https:\/\/www.morenaelettrodomestici.com\/en\/wp-json\/wp\/v2\/product_brand?post=41391"},{"taxonomy":"product_cat","embeddable":true,"href":"https:\/\/www.morenaelettrodomestici.com\/en\/wp-json\/wp\/v2\/product_cat?post=41391"},{"taxonomy":"product_tag","embeddable":true,"href":"https:\/\/www.morenaelettrodomestici.com\/en\/wp-json\/wp\/v2\/product_tag?post=41391"}],"curies":[{"name":"wp","href":"https:\/\/api.w.org\/{rel}","templated":true}]}}