{"id":41697,"date":"2024-07-15T15:11:11","date_gmt":"2024-07-15T15:11:11","guid":{"rendered":"https:\/\/www.morenaelettrodomestici.com\/?post_type=product&#038;p=41697"},"modified":"2025-04-17T10:53:07","modified_gmt":"2025-04-17T10:53:07","slug":"frigorifero-monoporta-hisense-355-litri-e-rl481n4bie","status":"publish","type":"product","link":"https:\/\/www.morenaelettrodomestici.com\/en\/shop\/frigorifero-monoporta-hisense-355-litri-e-rl481n4bie\/","title":{"rendered":"Frigorifero Monoporta Hisense 355 litri E  RL481N4BIE"},"content":{"rendered":"<p><strong>Total No Frost<\/strong><br \/>L\u2019utilizzo della tecnologia di raffreddamento dell\u2019aria No Frost mantiene costanti livelli di temperatura e umidit\u00e0 all\u2019interno del frigorifero, evitando la formazione di ghiaccio e riducendo sensibilmente la crescita di batteri. L\u2019ideale per mantenere i vostri cibi pi\u00f9 freschi, pi\u00f9 a lungo.<br \/><strong>Raffreddamento Rapido<\/strong><br \/>La funzione di raffreddamento rapido consente di raffreddare il cibo in modo veloce ed ottimale. I vostri alimenti manterranno cos\u00ec pi\u00f9 a lungo la loro freschezza, il loro gusto e le loro propriet\u00e0 nutritive.<br \/><strong>Angolo di apertura della porta di 90\u00b0<\/strong><br \/>Comoda apertura e chiusura della porta. Anche in caso di posizionamento laterale a parete o in nicchie strette, le porte possono essere aperte ad angolo retto e i cassetti facilmente estraibili.<\/p>\n<p><strong>Display a LED<\/strong><br \/>L\u2019indicatore LED assicura che tutte le funzioni e le impostazioni di temperatura sul pannello di visualizzazione siano chiaramente visibili.<br \/><strong>Illuminazione LED<\/strong><br \/>L\u2019illuminazione a luci LED, oltre a dare all\u2019interno del frigorifero una piacevole e comoda luce brillante, consente un maggior risparmio energetico e rispetta maggiormente l\u2019ambiente.<br \/><strong>Portabottiglie in acciaio cromato<\/strong><br \/><strong>Scheda Tecnica<\/strong><br \/>Design<br \/>Tipo di installazione Indipendente<br \/>Colore del prodotto Grigio<br \/>Personalizzazione della porta consentita No<br \/>Cerniera porta destra<br \/>Schermo integrato S\u00ec<br \/>Tipo di display a LED<br \/>Frigorifero, numero di scomparti 5<br \/>Numero di scomparti per le verdure 2<br \/>Portabottiglie S\u00ec<br \/>Materiale ripiani Vetro<br \/><strong>Prestazione<\/strong><br \/>Frigorifero, capacit\u00e0 netta 355 lt<br \/>Classe climatica SN-T<br \/>Livello di rumore 40 dB<br \/>Sistema multi-flusso d&#8217;aria S\u00ec<br \/>Funzione Super Cool S\u00ec<br \/>Vano zona fredda S\u00ec<br \/><strong>Ergonomia<\/strong><br \/>Luce interna frigo S\u00ec<br \/>Tipo di lampada a LED<br \/>Allarme porta (aperta) n<br \/>Piedini regolabili S\u00ec<br \/>Controllo di potenza<br \/>Classe di efficienza energetica F<br \/>Consumo energetico annuo 143 kWh<br \/>Tensione di ingresso AC 220-240 V.<br \/>Frequenza di ingresso AC 50 Hz<br \/><strong>Peso e misure<\/strong><br \/>Larghezza 595 mm<br \/>Profondit\u00e0 651 mm<br \/>Altezza 1855 mm<br \/>Peso 67 kg<br \/>Larghezza confezione 643 mm<br \/>Profondit\u00e0 confezione 713 mm<br \/>Altezza confezione 1945 mm<br \/>Peso confezione 76 kg<\/p>","protected":false},"excerpt":{"rendered":"<p>\u2018-Capacit\u00e0 totale: 355 litri<br \/>-Pareti interne acciaio Inox<br \/>-Total No Frost<br \/>-Griglia portabottiglie<br \/>-Porta reversibile<br \/>-Dimensioni con maniglia esterna (LxPxA):595\u00d7666\u00d71855 mm<\/p>","protected":false},"featured_media":41900,"template":"","meta":[],"product_brand":[],"product_cat":[878,107,88],"product_tag":[901,480,879],"class_list":{"0":"post-41697","1":"product","2":"type-product","3":"status-publish","4":"has-post-thumbnail","6":"product_cat-frigo-monoporta","7":"product_cat-frigoriferi","8":"product_cat-grandi-elettrodomestici","9":"product_tag-acciaio-inox","10":"product_tag-hisense","11":"product_tag-monoporta","12":"pa_colore-acciaio-inox","13":"pa_marca-hisense","14":"pa_profondita-1156","16":"first","17":"instock","18":"sale","19":"purchasable","20":"product-type-simple"},"yoast_head":"<!-- This site is optimized with the Yoast SEO plugin v27.5 - https:\/\/yoast.com\/product\/yoast-seo-wordpress\/ -->\n<title>Frigorifero Monoporta Hisense 355 litri E RL481N4BIE - Morena Elettrodomestici<\/title>\n<meta name=\"description\" content=\"Acquista Frigorifero Monoporta Hisense 355 litri E RL481N4BIE su Morena Elettrodomestici. Il tuo Negozio di Fiducia online con prezzi competitivi e prodotti di alta qualit\u00e0!\" \/>\n<meta name=\"robots\" content=\"index, follow, max-snippet:-1, max-image-preview:large, max-video-preview:-1\" \/>\n<link rel=\"canonical\" href=\"https:\/\/www.morenaelettrodomestici.com\/en\/shop\/frigorifero-monoporta-hisense-355-litri-e-rl481n4bie\/\" \/>\n<meta property=\"og:locale\" content=\"en_GB\" \/>\n<meta property=\"og:type\" content=\"article\" \/>\n<meta property=\"og:title\" content=\"Frigorifero Monoporta Hisense 355 litri E RL481N4BIE - Morena Elettrodomestici\" \/>\n<meta property=\"og:description\" content=\"Acquista Frigorifero Monoporta Hisense 355 litri E RL481N4BIE su Morena Elettrodomestici. Il tuo Negozio di Fiducia online con prezzi competitivi e prodotti di alta qualit\u00e0!\" \/>\n<meta property=\"og:url\" content=\"https:\/\/www.morenaelettrodomestici.com\/en\/shop\/frigorifero-monoporta-hisense-355-litri-e-rl481n4bie\/\" \/>\n<meta property=\"og:site_name\" content=\"Morena Elettrodomestici\" \/>\n<meta property=\"article:publisher\" content=\"https:\/\/www.facebook.com\/morenaelettrodomestici\/\" \/>\n<meta property=\"article:modified_time\" content=\"2025-04-17T10:53:07+00:00\" \/>\n<meta property=\"og:image\" content=\"https:\/\/www.morenaelettrodomestici.com\/wp-content\/uploads\/2024\/07\/Frigorifero-Monoporta-RL481.jpg\" \/>\n\t<meta property=\"og:image:width\" content=\"704\" \/>\n\t<meta property=\"og:image:height\" content=\"704\" \/>\n\t<meta property=\"og:image:type\" content=\"image\/jpeg\" \/>\n<meta name=\"twitter:card\" content=\"summary_large_image\" \/>\n<meta name=\"twitter:label1\" content=\"Estimated reading time\" \/>\n\t<meta name=\"twitter:data1\" content=\"1 minute\" \/>\n<script type=\"application\/ld+json\" class=\"yoast-schema-graph\">{\"@context\":\"https:\\\/\\\/schema.org\",\"@graph\":[{\"@type\":\"WebPage\",\"@id\":\"https:\\\/\\\/www.morenaelettrodomestici.com\\\/shop\\\/frigorifero-monoporta-hisense-355-litri-e-rl481n4bie\\\/\",\"url\":\"https:\\\/\\\/www.morenaelettrodomestici.com\\\/shop\\\/frigorifero-monoporta-hisense-355-litri-e-rl481n4bie\\\/\",\"name\":\"Frigorifero Monoporta Hisense 355 litri E RL481N4BIE - Morena Elettrodomestici\",\"isPartOf\":{\"@id\":\"https:\\\/\\\/www.morenaelettrodomestici.com\\\/#website\"},\"primaryImageOfPage\":{\"@id\":\"https:\\\/\\\/www.morenaelettrodomestici.com\\\/shop\\\/frigorifero-monoporta-hisense-355-litri-e-rl481n4bie\\\/#primaryimage\"},\"image\":{\"@id\":\"https:\\\/\\\/www.morenaelettrodomestici.com\\\/shop\\\/frigorifero-monoporta-hisense-355-litri-e-rl481n4bie\\\/#primaryimage\"},\"thumbnailUrl\":\"https:\\\/\\\/www.morenaelettrodomestici.com\\\/wp-content\\\/uploads\\\/2024\\\/07\\\/Frigorifero-Monoporta-RL481.jpg\",\"datePublished\":\"2024-07-15T15:11:11+00:00\",\"dateModified\":\"2025-04-17T10:53:07+00:00\",\"description\":\"Acquista Frigorifero Monoporta Hisense 355 litri E RL481N4BIE su Morena Elettrodomestici. Il tuo Negozio di Fiducia online con prezzi competitivi e prodotti di alta qualit\u00e0!\",\"breadcrumb\":{\"@id\":\"https:\\\/\\\/www.morenaelettrodomestici.com\\\/shop\\\/frigorifero-monoporta-hisense-355-litri-e-rl481n4bie\\\/#breadcrumb\"},\"inLanguage\":\"en-GB\",\"potentialAction\":[{\"@type\":\"ReadAction\",\"target\":[\"https:\\\/\\\/www.morenaelettrodomestici.com\\\/shop\\\/frigorifero-monoporta-hisense-355-litri-e-rl481n4bie\\\/\"]}]},{\"@type\":\"ImageObject\",\"inLanguage\":\"en-GB\",\"@id\":\"https:\\\/\\\/www.morenaelettrodomestici.com\\\/shop\\\/frigorifero-monoporta-hisense-355-litri-e-rl481n4bie\\\/#primaryimage\",\"url\":\"https:\\\/\\\/www.morenaelettrodomestici.com\\\/wp-content\\\/uploads\\\/2024\\\/07\\\/Frigorifero-Monoporta-RL481.jpg\",\"contentUrl\":\"https:\\\/\\\/www.morenaelettrodomestici.com\\\/wp-content\\\/uploads\\\/2024\\\/07\\\/Frigorifero-Monoporta-RL481.jpg\",\"width\":704,\"height\":704},{\"@type\":\"BreadcrumbList\",\"@id\":\"https:\\\/\\\/www.morenaelettrodomestici.com\\\/shop\\\/frigorifero-monoporta-hisense-355-litri-e-rl481n4bie\\\/#breadcrumb\",\"itemListElement\":[{\"@type\":\"ListItem\",\"position\":1,\"name\":\"Home\",\"item\":\"https:\\\/\\\/www.morenaelettrodomestici.com\\\/\"},{\"@type\":\"ListItem\",\"position\":2,\"name\":\"Shop\",\"item\":\"https:\\\/\\\/www.morenaelettrodomestici.com\\\/shop\\\/\"},{\"@type\":\"ListItem\",\"position\":3,\"name\":\"Frigorifero Monoporta Hisense 355 litri E RL481N4BIE\"}]},{\"@type\":\"WebSite\",\"@id\":\"https:\\\/\\\/www.morenaelettrodomestici.com\\\/#website\",\"url\":\"https:\\\/\\\/www.morenaelettrodomestici.com\\\/\",\"name\":\"Morena\",\"description\":\"I migliori elettrodomestici a prezzi folli\",\"publisher\":{\"@id\":\"https:\\\/\\\/www.morenaelettrodomestici.com\\\/#organization\"},\"potentialAction\":[{\"@type\":\"SearchAction\",\"target\":{\"@type\":\"EntryPoint\",\"urlTemplate\":\"https:\\\/\\\/www.morenaelettrodomestici.com\\\/?s={search_term_string}\"},\"query-input\":{\"@type\":\"PropertyValueSpecification\",\"valueRequired\":true,\"valueName\":\"search_term_string\"}}],\"inLanguage\":\"en-GB\"},{\"@type\":\"Organization\",\"@id\":\"https:\\\/\\\/www.morenaelettrodomestici.com\\\/#organization\",\"name\":\"Morena Elettrodomestici\",\"url\":\"https:\\\/\\\/www.morenaelettrodomestici.com\\\/\",\"logo\":{\"@type\":\"ImageObject\",\"inLanguage\":\"en-GB\",\"@id\":\"https:\\\/\\\/www.morenaelettrodomestici.com\\\/#\\\/schema\\\/logo\\\/image\\\/\",\"url\":\"https:\\\/\\\/www.morenaelettrodomestici.com\\\/wp-content\\\/uploads\\\/2024\\\/05\\\/logo_Morena_srls-TRASPARENTE.png\",\"contentUrl\":\"https:\\\/\\\/www.morenaelettrodomestici.com\\\/wp-content\\\/uploads\\\/2024\\\/05\\\/logo_Morena_srls-TRASPARENTE.png\",\"width\":2264,\"height\":718,\"caption\":\"Morena Elettrodomestici\"},\"image\":{\"@id\":\"https:\\\/\\\/www.morenaelettrodomestici.com\\\/#\\\/schema\\\/logo\\\/image\\\/\"},\"sameAs\":[\"https:\\\/\\\/www.facebook.com\\\/morenaelettrodomestici\\\/\",\"https:\\\/\\\/www.instagram.com\\\/morena.elettrodomestici\\\/\",\"https:\\\/\\\/www.linkedin.com\\\/company-beta\\\/10507375\\\/\",\"https:\\\/\\\/www.youtube.com\\\/channel\\\/UCgdTfdgRUeVEnhI2Z4GRlFA\"]}]}<\/script>\n<!-- \/ Yoast SEO plugin. -->","yoast_head_json":{"title":"Frigorifero Monoporta Hisense 355 litri E RL481N4BIE - Morena Elettrodomestici","description":"Acquista Frigorifero Monoporta Hisense 355 litri E RL481N4BIE su Morena Elettrodomestici. Il tuo Negozio di Fiducia online con prezzi competitivi e prodotti di alta qualit\u00e0!","robots":{"index":"index","follow":"follow","max-snippet":"max-snippet:-1","max-image-preview":"max-image-preview:large","max-video-preview":"max-video-preview:-1"},"canonical":"https:\/\/www.morenaelettrodomestici.com\/en\/shop\/frigorifero-monoporta-hisense-355-litri-e-rl481n4bie\/","og_locale":"en_GB","og_type":"article","og_title":"Frigorifero Monoporta Hisense 355 litri E RL481N4BIE - Morena Elettrodomestici","og_description":"Acquista Frigorifero Monoporta Hisense 355 litri E RL481N4BIE su Morena Elettrodomestici. Il tuo Negozio di Fiducia online con prezzi competitivi e prodotti di alta qualit\u00e0!","og_url":"https:\/\/www.morenaelettrodomestici.com\/en\/shop\/frigorifero-monoporta-hisense-355-litri-e-rl481n4bie\/","og_site_name":"Morena Elettrodomestici","article_publisher":"https:\/\/www.facebook.com\/morenaelettrodomestici\/","article_modified_time":"2025-04-17T10:53:07+00:00","og_image":[{"width":704,"height":704,"url":"https:\/\/www.morenaelettrodomestici.com\/wp-content\/uploads\/2024\/07\/Frigorifero-Monoporta-RL481.jpg","type":"image\/jpeg"}],"twitter_card":"summary_large_image","twitter_misc":{"Estimated reading time":"1 minute"},"schema":{"@context":"https:\/\/schema.org","@graph":[{"@type":"WebPage","@id":"https:\/\/www.morenaelettrodomestici.com\/shop\/frigorifero-monoporta-hisense-355-litri-e-rl481n4bie\/","url":"https:\/\/www.morenaelettrodomestici.com\/shop\/frigorifero-monoporta-hisense-355-litri-e-rl481n4bie\/","name":"Frigorifero Monoporta Hisense 355 litri E RL481N4BIE - Morena Elettrodomestici","isPartOf":{"@id":"https:\/\/www.morenaelettrodomestici.com\/#website"},"primaryImageOfPage":{"@id":"https:\/\/www.morenaelettrodomestici.com\/shop\/frigorifero-monoporta-hisense-355-litri-e-rl481n4bie\/#primaryimage"},"image":{"@id":"https:\/\/www.morenaelettrodomestici.com\/shop\/frigorifero-monoporta-hisense-355-litri-e-rl481n4bie\/#primaryimage"},"thumbnailUrl":"https:\/\/www.morenaelettrodomestici.com\/wp-content\/uploads\/2024\/07\/Frigorifero-Monoporta-RL481.jpg","datePublished":"2024-07-15T15:11:11+00:00","dateModified":"2025-04-17T10:53:07+00:00","description":"Acquista Frigorifero Monoporta Hisense 355 litri E RL481N4BIE su Morena Elettrodomestici. Il tuo Negozio di Fiducia online con prezzi competitivi e prodotti di alta qualit\u00e0!","breadcrumb":{"@id":"https:\/\/www.morenaelettrodomestici.com\/shop\/frigorifero-monoporta-hisense-355-litri-e-rl481n4bie\/#breadcrumb"},"inLanguage":"en-GB","potentialAction":[{"@type":"ReadAction","target":["https:\/\/www.morenaelettrodomestici.com\/shop\/frigorifero-monoporta-hisense-355-litri-e-rl481n4bie\/"]}]},{"@type":"ImageObject","inLanguage":"en-GB","@id":"https:\/\/www.morenaelettrodomestici.com\/shop\/frigorifero-monoporta-hisense-355-litri-e-rl481n4bie\/#primaryimage","url":"https:\/\/www.morenaelettrodomestici.com\/wp-content\/uploads\/2024\/07\/Frigorifero-Monoporta-RL481.jpg","contentUrl":"https:\/\/www.morenaelettrodomestici.com\/wp-content\/uploads\/2024\/07\/Frigorifero-Monoporta-RL481.jpg","width":704,"height":704},{"@type":"BreadcrumbList","@id":"https:\/\/www.morenaelettrodomestici.com\/shop\/frigorifero-monoporta-hisense-355-litri-e-rl481n4bie\/#breadcrumb","itemListElement":[{"@type":"ListItem","position":1,"name":"Home","item":"https:\/\/www.morenaelettrodomestici.com\/"},{"@type":"ListItem","position":2,"name":"Shop","item":"https:\/\/www.morenaelettrodomestici.com\/shop\/"},{"@type":"ListItem","position":3,"name":"Frigorifero Monoporta Hisense 355 litri E RL481N4BIE"}]},{"@type":"WebSite","@id":"https:\/\/www.morenaelettrodomestici.com\/#website","url":"https:\/\/www.morenaelettrodomestici.com\/","name":"Morena","description":"I migliori elettrodomestici a prezzi folli","publisher":{"@id":"https:\/\/www.morenaelettrodomestici.com\/#organization"},"potentialAction":[{"@type":"SearchAction","target":{"@type":"EntryPoint","urlTemplate":"https:\/\/www.morenaelettrodomestici.com\/?s={search_term_string}"},"query-input":{"@type":"PropertyValueSpecification","valueRequired":true,"valueName":"search_term_string"}}],"inLanguage":"en-GB"},{"@type":"Organization","@id":"https:\/\/www.morenaelettrodomestici.com\/#organization","name":"Morena Elettrodomestici","url":"https:\/\/www.morenaelettrodomestici.com\/","logo":{"@type":"ImageObject","inLanguage":"en-GB","@id":"https:\/\/www.morenaelettrodomestici.com\/#\/schema\/logo\/image\/","url":"https:\/\/www.morenaelettrodomestici.com\/wp-content\/uploads\/2024\/05\/logo_Morena_srls-TRASPARENTE.png","contentUrl":"https:\/\/www.morenaelettrodomestici.com\/wp-content\/uploads\/2024\/05\/logo_Morena_srls-TRASPARENTE.png","width":2264,"height":718,"caption":"Morena Elettrodomestici"},"image":{"@id":"https:\/\/www.morenaelettrodomestici.com\/#\/schema\/logo\/image\/"},"sameAs":["https:\/\/www.facebook.com\/morenaelettrodomestici\/","https:\/\/www.instagram.com\/morena.elettrodomestici\/","https:\/\/www.linkedin.com\/company-beta\/10507375\/","https:\/\/www.youtube.com\/channel\/UCgdTfdgRUeVEnhI2Z4GRlFA"]}]}},"_links":{"self":[{"href":"https:\/\/www.morenaelettrodomestici.com\/en\/wp-json\/wp\/v2\/product\/41697","targetHints":{"allow":["GET"]}}],"collection":[{"href":"https:\/\/www.morenaelettrodomestici.com\/en\/wp-json\/wp\/v2\/product"}],"about":[{"href":"https:\/\/www.morenaelettrodomestici.com\/en\/wp-json\/wp\/v2\/types\/product"}],"version-history":[{"count":2,"href":"https:\/\/www.morenaelettrodomestici.com\/en\/wp-json\/wp\/v2\/product\/41697\/revisions"}],"predecessor-version":[{"id":48809,"href":"https:\/\/www.morenaelettrodomestici.com\/en\/wp-json\/wp\/v2\/product\/41697\/revisions\/48809"}],"wp:featuredmedia":[{"embeddable":true,"href":"https:\/\/www.morenaelettrodomestici.com\/en\/wp-json\/wp\/v2\/media\/41900"}],"wp:attachment":[{"href":"https:\/\/www.morenaelettrodomestici.com\/en\/wp-json\/wp\/v2\/media?parent=41697"}],"wp:term":[{"taxonomy":"product_brand","embeddable":true,"href":"https:\/\/www.morenaelettrodomestici.com\/en\/wp-json\/wp\/v2\/product_brand?post=41697"},{"taxonomy":"product_cat","embeddable":true,"href":"https:\/\/www.morenaelettrodomestici.com\/en\/wp-json\/wp\/v2\/product_cat?post=41697"},{"taxonomy":"product_tag","embeddable":true,"href":"https:\/\/www.morenaelettrodomestici.com\/en\/wp-json\/wp\/v2\/product_tag?post=41697"}],"curies":[{"name":"wp","href":"https:\/\/api.w.org\/{rel}","templated":true}]}}