{"id":42138,"date":"2024-07-15T15:16:55","date_gmt":"2024-07-15T15:16:55","guid":{"rendered":"https:\/\/www.morenaelettrodomestici.com\/?post_type=product&#038;p=42138"},"modified":"2025-04-08T09:46:35","modified_gmt":"2025-04-08T09:46:35","slug":"de-longhi-yli-60-piano-cottura-a-induzione-4-fuochi-vetroceramica-nero","status":"publish","type":"product","link":"https:\/\/www.morenaelettrodomestici.com\/en\/shop\/de-longhi-yli-60-piano-cottura-a-induzione-4-fuochi-vetroceramica-nero\/","title":{"rendered":"DE LONGHI YLI 60 Piano cottura a Induzione 4 Fuochi Vetroceramica  Nero"},"content":{"rendered":"<p><strong>DE LONGHI YLI60<\/strong><br \/>Pi\u00f9 sicurezza, pi\u00f9 efficienza, pi\u00f9 funzionalit\u00e0: tutto questo e molto altro ancora caratterizza i piani ad INDUZIONE De\u2019Longhi.<br \/>Inoltre, il sistema \u201cInduction Energy Control\u201d coordina l\u2019assorbimento elettrico alle reali capacit\u00e0 del contatore domestico, senza cos\u00ec pregiudicare l\u2019efficienza della cottura.<br \/>Dal design essenziale, i piani ad INDUZIONE, grazie all\u2019incasso compatibile con qualsiasi spacco, sono facilmente installabili sia in caso di sostituzione che di prima posa.<br \/>Piano induzione 4 zone<br \/>Materiale del piano vetroceramica<br \/>2 zone 180mm 2000W (2600W booster)<br \/>2 zone 180mm 1500W (2000W booster)<br \/>Comandi touch control<br \/>Timer contaminuti e programmatore di spegnimento<br \/>delle zone cottura<br \/>Funzione pausa<br \/>Blocco tasti<br \/>Installazione facile \u00absnap-in\u00bb<br \/>Dimensione superficiale cm L 59 P 52<br \/>Vano incasso cm L 56 P 49 H 5,1<br \/>Cavo incluso<br \/>Potenza massima assorbita 7400W<br \/>ENERGY CONTROL<br \/>1.6 kW \u2013 2.0 kW \u2013 2.5 kW \u2013 3.0 kW \u2013 4.5 kW \u2013 6.5 kW \u2013 7.4 kW<br \/>Adatta l\u2019assorbimento elettrico alla possibilit\u00e0 del<br \/>contatore domestico senza pregiudicare i risultati della cottura<\/p>\n<p><a href=\"https:\/\/www.morenaelettrodomestici.com\/en\/prodotti\/grandi-elettrodomestici\/cottura\/piano-cottura-induzione\/\"><strong>Clicca qui per altri piani cottura a induzione<\/strong><\/a><\/p>\n<p>&nbsp;<\/p>","protected":false},"excerpt":{"rendered":"<p>\u2018-Piano induzione 4 zone<br \/>-Comandi touch control<br \/>-Timer contaminuti e programmatore di spegnimento delle zone cottura<br \/>-Funzione pausa Installazione facile<\/p>","protected":false},"featured_media":42293,"template":"","meta":[],"product_brand":[],"product_cat":[95,88,409],"product_tag":[933,578],"class_list":{"0":"post-42138","1":"product","2":"type-product","3":"status-publish","4":"has-post-thumbnail","6":"product_cat-cottura","7":"product_cat-grandi-elettrodomestici","8":"product_cat-piano-cottura-induzione","9":"product_tag-de-longhi","10":"product_tag-piani-cottura-induzione","11":"pa_alimentazione-elettrico","12":"pa_colore-nero","13":"pa_larghezza-60cm","14":"pa_marca-delonghi","16":"first","17":"instock","18":"sale","19":"purchasable","20":"product-type-simple"},"yoast_head":"<!-- This site is optimized with the Yoast SEO plugin v27.5 - https:\/\/yoast.com\/product\/yoast-seo-wordpress\/ -->\n<title>DE LONGHI YLI 60 Piano cottura a Induzione 4 Fuochi Vetroceramica Nero - Morena Elettrodomestici<\/title>\n<meta name=\"description\" content=\"Acquista DE LONGHI YLI 60 Piano cottura a Induzione 4 Fuochi Vetroceramica Nero su Morena Elettrodomestici. Il tuo Negozio di Fiducia online con prezzi competitivi e prodotti di alta qualit\u00e0!\" \/>\n<meta name=\"robots\" content=\"index, follow, max-snippet:-1, max-image-preview:large, max-video-preview:-1\" \/>\n<link rel=\"canonical\" href=\"https:\/\/www.morenaelettrodomestici.com\/en\/shop\/de-longhi-yli-60-piano-cottura-a-induzione-4-fuochi-vetroceramica-nero\/\" \/>\n<meta property=\"og:locale\" content=\"en_GB\" \/>\n<meta property=\"og:type\" content=\"article\" \/>\n<meta property=\"og:title\" content=\"DE LONGHI YLI 60 Piano cottura a Induzione 4 Fuochi Vetroceramica Nero - Morena Elettrodomestici\" \/>\n<meta property=\"og:description\" content=\"Acquista DE LONGHI YLI 60 Piano cottura a Induzione 4 Fuochi Vetroceramica Nero su Morena Elettrodomestici. Il tuo Negozio di Fiducia online con prezzi competitivi e prodotti di alta qualit\u00e0!\" \/>\n<meta property=\"og:url\" content=\"https:\/\/www.morenaelettrodomestici.com\/en\/shop\/de-longhi-yli-60-piano-cottura-a-induzione-4-fuochi-vetroceramica-nero\/\" \/>\n<meta property=\"og:site_name\" content=\"Morena Elettrodomestici\" \/>\n<meta property=\"article:publisher\" content=\"https:\/\/www.facebook.com\/morenaelettrodomestici\/\" \/>\n<meta property=\"article:modified_time\" content=\"2025-04-08T09:46:35+00:00\" \/>\n<meta property=\"og:image\" content=\"https:\/\/www.morenaelettrodomestici.com\/wp-content\/uploads\/2024\/07\/De_Longhi_YLI60_273546.jpg\" \/>\n\t<meta property=\"og:image:width\" content=\"850\" \/>\n\t<meta property=\"og:image:height\" content=\"850\" \/>\n\t<meta property=\"og:image:type\" content=\"image\/jpeg\" \/>\n<meta name=\"twitter:card\" content=\"summary_large_image\" \/>\n<meta name=\"twitter:label1\" content=\"Estimated reading time\" \/>\n\t<meta name=\"twitter:data1\" content=\"1 minute\" \/>\n<script type=\"application\/ld+json\" class=\"yoast-schema-graph\">{\"@context\":\"https:\\\/\\\/schema.org\",\"@graph\":[{\"@type\":\"WebPage\",\"@id\":\"https:\\\/\\\/www.morenaelettrodomestici.com\\\/shop\\\/de-longhi-yli-60-piano-cottura-a-induzione-4-fuochi-vetroceramica-nero\\\/\",\"url\":\"https:\\\/\\\/www.morenaelettrodomestici.com\\\/shop\\\/de-longhi-yli-60-piano-cottura-a-induzione-4-fuochi-vetroceramica-nero\\\/\",\"name\":\"DE LONGHI YLI 60 Piano cottura a Induzione 4 Fuochi Vetroceramica Nero - Morena Elettrodomestici\",\"isPartOf\":{\"@id\":\"https:\\\/\\\/www.morenaelettrodomestici.com\\\/#website\"},\"primaryImageOfPage\":{\"@id\":\"https:\\\/\\\/www.morenaelettrodomestici.com\\\/shop\\\/de-longhi-yli-60-piano-cottura-a-induzione-4-fuochi-vetroceramica-nero\\\/#primaryimage\"},\"image\":{\"@id\":\"https:\\\/\\\/www.morenaelettrodomestici.com\\\/shop\\\/de-longhi-yli-60-piano-cottura-a-induzione-4-fuochi-vetroceramica-nero\\\/#primaryimage\"},\"thumbnailUrl\":\"https:\\\/\\\/www.morenaelettrodomestici.com\\\/wp-content\\\/uploads\\\/2024\\\/07\\\/De_Longhi_YLI60_273546.jpg\",\"datePublished\":\"2024-07-15T15:16:55+00:00\",\"dateModified\":\"2025-04-08T09:46:35+00:00\",\"description\":\"Acquista DE LONGHI YLI 60 Piano cottura a Induzione 4 Fuochi Vetroceramica Nero su Morena Elettrodomestici. Il tuo Negozio di Fiducia online con prezzi competitivi e prodotti di alta qualit\u00e0!\",\"breadcrumb\":{\"@id\":\"https:\\\/\\\/www.morenaelettrodomestici.com\\\/shop\\\/de-longhi-yli-60-piano-cottura-a-induzione-4-fuochi-vetroceramica-nero\\\/#breadcrumb\"},\"inLanguage\":\"en-GB\",\"potentialAction\":[{\"@type\":\"ReadAction\",\"target\":[\"https:\\\/\\\/www.morenaelettrodomestici.com\\\/shop\\\/de-longhi-yli-60-piano-cottura-a-induzione-4-fuochi-vetroceramica-nero\\\/\"]}]},{\"@type\":\"ImageObject\",\"inLanguage\":\"en-GB\",\"@id\":\"https:\\\/\\\/www.morenaelettrodomestici.com\\\/shop\\\/de-longhi-yli-60-piano-cottura-a-induzione-4-fuochi-vetroceramica-nero\\\/#primaryimage\",\"url\":\"https:\\\/\\\/www.morenaelettrodomestici.com\\\/wp-content\\\/uploads\\\/2024\\\/07\\\/De_Longhi_YLI60_273546.jpg\",\"contentUrl\":\"https:\\\/\\\/www.morenaelettrodomestici.com\\\/wp-content\\\/uploads\\\/2024\\\/07\\\/De_Longhi_YLI60_273546.jpg\",\"width\":850,\"height\":850},{\"@type\":\"BreadcrumbList\",\"@id\":\"https:\\\/\\\/www.morenaelettrodomestici.com\\\/shop\\\/de-longhi-yli-60-piano-cottura-a-induzione-4-fuochi-vetroceramica-nero\\\/#breadcrumb\",\"itemListElement\":[{\"@type\":\"ListItem\",\"position\":1,\"name\":\"Home\",\"item\":\"https:\\\/\\\/www.morenaelettrodomestici.com\\\/\"},{\"@type\":\"ListItem\",\"position\":2,\"name\":\"Shop\",\"item\":\"https:\\\/\\\/www.morenaelettrodomestici.com\\\/shop\\\/\"},{\"@type\":\"ListItem\",\"position\":3,\"name\":\"DE LONGHI YLI 60 Piano cottura a Induzione 4 Fuochi Vetroceramica Nero\"}]},{\"@type\":\"WebSite\",\"@id\":\"https:\\\/\\\/www.morenaelettrodomestici.com\\\/#website\",\"url\":\"https:\\\/\\\/www.morenaelettrodomestici.com\\\/\",\"name\":\"Morena\",\"description\":\"I migliori elettrodomestici a prezzi folli\",\"publisher\":{\"@id\":\"https:\\\/\\\/www.morenaelettrodomestici.com\\\/#organization\"},\"potentialAction\":[{\"@type\":\"SearchAction\",\"target\":{\"@type\":\"EntryPoint\",\"urlTemplate\":\"https:\\\/\\\/www.morenaelettrodomestici.com\\\/?s={search_term_string}\"},\"query-input\":{\"@type\":\"PropertyValueSpecification\",\"valueRequired\":true,\"valueName\":\"search_term_string\"}}],\"inLanguage\":\"en-GB\"},{\"@type\":\"Organization\",\"@id\":\"https:\\\/\\\/www.morenaelettrodomestici.com\\\/#organization\",\"name\":\"Morena Elettrodomestici\",\"url\":\"https:\\\/\\\/www.morenaelettrodomestici.com\\\/\",\"logo\":{\"@type\":\"ImageObject\",\"inLanguage\":\"en-GB\",\"@id\":\"https:\\\/\\\/www.morenaelettrodomestici.com\\\/#\\\/schema\\\/logo\\\/image\\\/\",\"url\":\"https:\\\/\\\/www.morenaelettrodomestici.com\\\/wp-content\\\/uploads\\\/2024\\\/05\\\/logo_Morena_srls-TRASPARENTE.png\",\"contentUrl\":\"https:\\\/\\\/www.morenaelettrodomestici.com\\\/wp-content\\\/uploads\\\/2024\\\/05\\\/logo_Morena_srls-TRASPARENTE.png\",\"width\":2264,\"height\":718,\"caption\":\"Morena Elettrodomestici\"},\"image\":{\"@id\":\"https:\\\/\\\/www.morenaelettrodomestici.com\\\/#\\\/schema\\\/logo\\\/image\\\/\"},\"sameAs\":[\"https:\\\/\\\/www.facebook.com\\\/morenaelettrodomestici\\\/\",\"https:\\\/\\\/www.instagram.com\\\/morena.elettrodomestici\\\/\",\"https:\\\/\\\/www.linkedin.com\\\/company-beta\\\/10507375\\\/\",\"https:\\\/\\\/www.youtube.com\\\/channel\\\/UCgdTfdgRUeVEnhI2Z4GRlFA\"]}]}<\/script>\n<!-- \/ Yoast SEO plugin. -->","yoast_head_json":{"title":"DE LONGHI YLI 60 Piano cottura a Induzione 4 Fuochi Vetroceramica Nero - Morena Elettrodomestici","description":"Acquista DE LONGHI YLI 60 Piano cottura a Induzione 4 Fuochi Vetroceramica Nero su Morena Elettrodomestici. Il tuo Negozio di Fiducia online con prezzi competitivi e prodotti di alta qualit\u00e0!","robots":{"index":"index","follow":"follow","max-snippet":"max-snippet:-1","max-image-preview":"max-image-preview:large","max-video-preview":"max-video-preview:-1"},"canonical":"https:\/\/www.morenaelettrodomestici.com\/en\/shop\/de-longhi-yli-60-piano-cottura-a-induzione-4-fuochi-vetroceramica-nero\/","og_locale":"en_GB","og_type":"article","og_title":"DE LONGHI YLI 60 Piano cottura a Induzione 4 Fuochi Vetroceramica Nero - Morena Elettrodomestici","og_description":"Acquista DE LONGHI YLI 60 Piano cottura a Induzione 4 Fuochi Vetroceramica Nero su Morena Elettrodomestici. Il tuo Negozio di Fiducia online con prezzi competitivi e prodotti di alta qualit\u00e0!","og_url":"https:\/\/www.morenaelettrodomestici.com\/en\/shop\/de-longhi-yli-60-piano-cottura-a-induzione-4-fuochi-vetroceramica-nero\/","og_site_name":"Morena Elettrodomestici","article_publisher":"https:\/\/www.facebook.com\/morenaelettrodomestici\/","article_modified_time":"2025-04-08T09:46:35+00:00","og_image":[{"width":850,"height":850,"url":"https:\/\/www.morenaelettrodomestici.com\/wp-content\/uploads\/2024\/07\/De_Longhi_YLI60_273546.jpg","type":"image\/jpeg"}],"twitter_card":"summary_large_image","twitter_misc":{"Estimated reading time":"1 minute"},"schema":{"@context":"https:\/\/schema.org","@graph":[{"@type":"WebPage","@id":"https:\/\/www.morenaelettrodomestici.com\/shop\/de-longhi-yli-60-piano-cottura-a-induzione-4-fuochi-vetroceramica-nero\/","url":"https:\/\/www.morenaelettrodomestici.com\/shop\/de-longhi-yli-60-piano-cottura-a-induzione-4-fuochi-vetroceramica-nero\/","name":"DE LONGHI YLI 60 Piano cottura a Induzione 4 Fuochi Vetroceramica Nero - Morena Elettrodomestici","isPartOf":{"@id":"https:\/\/www.morenaelettrodomestici.com\/#website"},"primaryImageOfPage":{"@id":"https:\/\/www.morenaelettrodomestici.com\/shop\/de-longhi-yli-60-piano-cottura-a-induzione-4-fuochi-vetroceramica-nero\/#primaryimage"},"image":{"@id":"https:\/\/www.morenaelettrodomestici.com\/shop\/de-longhi-yli-60-piano-cottura-a-induzione-4-fuochi-vetroceramica-nero\/#primaryimage"},"thumbnailUrl":"https:\/\/www.morenaelettrodomestici.com\/wp-content\/uploads\/2024\/07\/De_Longhi_YLI60_273546.jpg","datePublished":"2024-07-15T15:16:55+00:00","dateModified":"2025-04-08T09:46:35+00:00","description":"Acquista DE LONGHI YLI 60 Piano cottura a Induzione 4 Fuochi Vetroceramica Nero su Morena Elettrodomestici. Il tuo Negozio di Fiducia online con prezzi competitivi e prodotti di alta qualit\u00e0!","breadcrumb":{"@id":"https:\/\/www.morenaelettrodomestici.com\/shop\/de-longhi-yli-60-piano-cottura-a-induzione-4-fuochi-vetroceramica-nero\/#breadcrumb"},"inLanguage":"en-GB","potentialAction":[{"@type":"ReadAction","target":["https:\/\/www.morenaelettrodomestici.com\/shop\/de-longhi-yli-60-piano-cottura-a-induzione-4-fuochi-vetroceramica-nero\/"]}]},{"@type":"ImageObject","inLanguage":"en-GB","@id":"https:\/\/www.morenaelettrodomestici.com\/shop\/de-longhi-yli-60-piano-cottura-a-induzione-4-fuochi-vetroceramica-nero\/#primaryimage","url":"https:\/\/www.morenaelettrodomestici.com\/wp-content\/uploads\/2024\/07\/De_Longhi_YLI60_273546.jpg","contentUrl":"https:\/\/www.morenaelettrodomestici.com\/wp-content\/uploads\/2024\/07\/De_Longhi_YLI60_273546.jpg","width":850,"height":850},{"@type":"BreadcrumbList","@id":"https:\/\/www.morenaelettrodomestici.com\/shop\/de-longhi-yli-60-piano-cottura-a-induzione-4-fuochi-vetroceramica-nero\/#breadcrumb","itemListElement":[{"@type":"ListItem","position":1,"name":"Home","item":"https:\/\/www.morenaelettrodomestici.com\/"},{"@type":"ListItem","position":2,"name":"Shop","item":"https:\/\/www.morenaelettrodomestici.com\/shop\/"},{"@type":"ListItem","position":3,"name":"DE LONGHI YLI 60 Piano cottura a Induzione 4 Fuochi Vetroceramica Nero"}]},{"@type":"WebSite","@id":"https:\/\/www.morenaelettrodomestici.com\/#website","url":"https:\/\/www.morenaelettrodomestici.com\/","name":"Morena","description":"I migliori elettrodomestici a prezzi folli","publisher":{"@id":"https:\/\/www.morenaelettrodomestici.com\/#organization"},"potentialAction":[{"@type":"SearchAction","target":{"@type":"EntryPoint","urlTemplate":"https:\/\/www.morenaelettrodomestici.com\/?s={search_term_string}"},"query-input":{"@type":"PropertyValueSpecification","valueRequired":true,"valueName":"search_term_string"}}],"inLanguage":"en-GB"},{"@type":"Organization","@id":"https:\/\/www.morenaelettrodomestici.com\/#organization","name":"Morena Elettrodomestici","url":"https:\/\/www.morenaelettrodomestici.com\/","logo":{"@type":"ImageObject","inLanguage":"en-GB","@id":"https:\/\/www.morenaelettrodomestici.com\/#\/schema\/logo\/image\/","url":"https:\/\/www.morenaelettrodomestici.com\/wp-content\/uploads\/2024\/05\/logo_Morena_srls-TRASPARENTE.png","contentUrl":"https:\/\/www.morenaelettrodomestici.com\/wp-content\/uploads\/2024\/05\/logo_Morena_srls-TRASPARENTE.png","width":2264,"height":718,"caption":"Morena Elettrodomestici"},"image":{"@id":"https:\/\/www.morenaelettrodomestici.com\/#\/schema\/logo\/image\/"},"sameAs":["https:\/\/www.facebook.com\/morenaelettrodomestici\/","https:\/\/www.instagram.com\/morena.elettrodomestici\/","https:\/\/www.linkedin.com\/company-beta\/10507375\/","https:\/\/www.youtube.com\/channel\/UCgdTfdgRUeVEnhI2Z4GRlFA"]}]}},"_links":{"self":[{"href":"https:\/\/www.morenaelettrodomestici.com\/en\/wp-json\/wp\/v2\/product\/42138","targetHints":{"allow":["GET"]}}],"collection":[{"href":"https:\/\/www.morenaelettrodomestici.com\/en\/wp-json\/wp\/v2\/product"}],"about":[{"href":"https:\/\/www.morenaelettrodomestici.com\/en\/wp-json\/wp\/v2\/types\/product"}],"version-history":[{"count":2,"href":"https:\/\/www.morenaelettrodomestici.com\/en\/wp-json\/wp\/v2\/product\/42138\/revisions"}],"predecessor-version":[{"id":48585,"href":"https:\/\/www.morenaelettrodomestici.com\/en\/wp-json\/wp\/v2\/product\/42138\/revisions\/48585"}],"wp:featuredmedia":[{"embeddable":true,"href":"https:\/\/www.morenaelettrodomestici.com\/en\/wp-json\/wp\/v2\/media\/42293"}],"wp:attachment":[{"href":"https:\/\/www.morenaelettrodomestici.com\/en\/wp-json\/wp\/v2\/media?parent=42138"}],"wp:term":[{"taxonomy":"product_brand","embeddable":true,"href":"https:\/\/www.morenaelettrodomestici.com\/en\/wp-json\/wp\/v2\/product_brand?post=42138"},{"taxonomy":"product_cat","embeddable":true,"href":"https:\/\/www.morenaelettrodomestici.com\/en\/wp-json\/wp\/v2\/product_cat?post=42138"},{"taxonomy":"product_tag","embeddable":true,"href":"https:\/\/www.morenaelettrodomestici.com\/en\/wp-json\/wp\/v2\/product_tag?post=42138"}],"curies":[{"name":"wp","href":"https:\/\/api.w.org\/{rel}","templated":true}]}}