{"id":42330,"date":"2024-07-15T15:19:38","date_gmt":"2024-07-15T15:19:38","guid":{"rendered":"https:\/\/www.morenaelettrodomestici.com\/?post_type=product&#038;p=42330"},"modified":"2025-04-18T15:32:20","modified_gmt":"2025-04-18T15:32:20","slug":"miele-h-2266-1-b-forno-da-incasso-76-litri-a","status":"publish","type":"product","link":"https:\/\/www.morenaelettrodomestici.com\/en\/shop\/miele-h-2266-1-b-forno-da-incasso-76-litri-a\/","title":{"rendered":"MIELE H 2266 1 B Forno da incasso 76 LITRI A+"},"content":{"rendered":"<p><strong>MIELE H22661B<\/strong><br \/><strong>Informazioni del Prodotto<\/strong><br \/>Forni con timer, vano cottura XL e PerfectClean a un prezzo base molto conveniente.<br \/>Dispaly a 7 segmenti con manopola push\/pull \u2013 EasyControl<br \/>Spazio e flessibilit\u00e0 \u2013 vano cottura da 76 l su 5 ripiani<br \/>Protegge dalle ustioni: frontale fresco<br \/>Meno impronte e pulizia pi\u00f9 semplice \u2014 CleanSteel<br \/><strong>Dotazione<\/strong><br \/>Placca universale con PerfectClean (1)<br \/>Griglia per cuocere e arrostire (1)<br \/>Griglie di introduzione estraibili (paio) (1)<\/p>\n<p>Vantaggi esclusivi<br \/>MODALIT\u00c0 DI FUNZIONAMENTO (9)<br \/><strong>THERMOVENT PLUS<\/strong><br \/>Pietanze soffici: la soluzione ideale per cuocere pane e dolci e arrostire delicatamente anche su due ripiani.<br \/><strong>SCONGELARE<\/strong><br \/>Delicato con i surgelati: i surgelati vengono scongelati con aria fredda e alle condizioni ideali.<br \/><strong>COTTURA DELICATA (COTTURA ECO)<\/strong><br \/>A risparmio energetico: arrosti gustosi o eccellenti sformati, sempre perfetti.<br \/><strong>GRILL GRANDE<\/strong><br \/>Soluzione versatile per grigliare grandi quantit\u00e0 di carne, salsicce, spiedini e molto altro.<br \/><strong>COTTURA INTENSA<\/strong><br \/>Basi croccanti e farciture deliziose per pizze, quiche o torte alla frutta: sotto croccanti, sopra morbide.<br \/><strong>CALORE SUPERIORE E INFERIORE<\/strong><br \/>Soluzione universale e classica allo stesso tempo: ottima riuscita di tutte le ricette tradizionali.<br \/><strong>CALORE INFERIORE<\/strong><br \/>Preparazione individuale: per pietanze che vanno cotte a bagnomaria o rosolate dal basso.<br \/><strong>GRILL VENTILATO<\/strong><br \/>Croccanti fuori e succosi dentro: l&#8217;ideale per pollo, anatra, stinco, polpettone e molti altri piatti di carne.<br \/><strong>BOOSTER<\/strong><br \/>Rapidit\u00e0: il programma ideale per chi ha sempre fretta e poco tempo da dedicare in cucina.<\/p>\n<p><strong>FRONTALE FREDDO&nbsp;<\/strong><br \/>Il calore raggiunge solo le pietanze .I forni Miele sono raffreddati tutti i lati. In questo modo l&#8217;area dei comandi e della maniglia e quella intorno ai mobili restano relativamente fresche. La struttura a pi\u00f9 lastre isola in modo efficace lo sportello del forno, mantiene basse le temperature della parte esterna dello sportello, garantisce sicurezza e previene da eventuali ustioni.<br \/><strong>FUNZIONI DI SICUREZZA&nbsp;<\/strong><br \/>Massima sicurezza in ogni situazione<br \/>Sicurezza aggiuntiva: \u00e8 possibile bloccare la macchina per evitare che i bambini l&#8217;accendano involontariamente. Oppure in caso di emergenza, lo spegnimento di sicurezza si attiva quando viene superata la durata massima di funzionamento, disattivando il forno Miele in automatico.<br \/><strong>DOTAZIONE PERFECTCLEAN&nbsp;<\/strong><br \/>Effetto antiaderente unico per una pulizia rapida<br \/>Pulizia semplice: molti componenti dei forni Miele, come ad es. vani cottura, teglie, sono provvisti di un particolare rivestimento brevettato che vanta esclusive propriet\u00e0 antiaderenti. Lo sporco pi\u00f9 ostinato pu\u00f2 essere eliminato senza fatica con una spugna e del detersivo per i piatti.<br \/><strong>CLEANSTEEL&nbsp;<\/strong><br \/>Protezione per superfici in acciaio inossidabile<br \/>Gli elettrodomestici Miele in acciaio inox hanno una pregiata superficie in CleanSteel. La superficie \u00e8 facile da pulire e non \u00e8 necessario utilizzare detersivi. Impronte di dita? Sulle superfici in CleanSteel di Miele sono praticamente invisibili.<br \/><strong>FUNZIONI A TEMPO&nbsp;<\/strong><br \/>Il forno sa come gestire il tempo<br \/>Programma in modo facile e veloce l&#8217;ora, l&#8217;avvio e la fine o la durata del procedimento. Il procedimento termina in modo automatico quando \u00e8 trascorsa la durata di cottura. Per molte situazioni \u00e8 vantaggioso anche il timer integrato. E in caso di interruzione della corrente elettrica l&#8217;orario impostato rimane memorizzato per ca. 150 ore.<\/p>\n<p><strong>COSTRUZIONE E DESIGN<\/strong><br \/>Forno da incasso \u2022<br \/>Colore apparecchio acciaio inox CleanSteel<br \/>Manopola rientrante \u2022<br \/>CARATTERISTICHE SPECIALI<br \/>Riscaldamento rapido \u2022<br \/>MODALIT\u00c0 DI COTTURA<br \/>Scongelare \u2022<br \/>Programmi automatici No<br \/>Aria calda ecologica \u2022<br \/>Modalit\u00e0 Grill \u2022<br \/>Grill \u2022<br \/>Aria calda pi\u00f9 \u2022<br \/>Cottura intensa \u2022<br \/>Calore superiore\/inferiore \u2022<br \/>Calore inferiore \u2022<br \/>Grill ventilato \u2022<br \/><strong>COMFORT D&#8217;USO<\/strong><br \/>Display EasyControl<br \/>Funzioni a tempo \u2022<br \/>Visualizzazione orologio \u2022<br \/>Timer \u2022<br \/>Programmazione fine durata cottura \u2022<br \/>Programmazione durata cottura \u2022<br \/>Visualizzazione temperatura effettiva \u2022<br \/>Visualizzazione temperatura impostata \u2022<br \/>Segnale acustico al raggiungimento della temperatura impostata \u2022<br \/>Temperatura proposta \u2022<br \/>Impostazioni personalizzate \u2022<br \/><strong>EFFICIENZA E SOSTENIBILIT\u00c0<\/strong><br \/>Classe di efficienza energetica (A+++ &#8211; D) A+<br \/>COMFORT DI PULIZIA<br \/>Superficie in acciaio inox\/CleanSteel \u2022<br \/>Vano cottura con PerfectClean e parete posteriore catalitica \u2022<br \/>Corpo termico grill ribaltabile \u2022<br \/>Sportello CleanGlass \u2022<br \/><strong>SICUREZZA<\/strong><br \/>Sistema di raffreddamento dell&#8217;elettrodomestico con frontale freddo \u2022<br \/>Spegnimento di sicurezza \u2022<br \/>Blocco accensione \u2022<br \/><strong>DATI TECNICI<\/strong><br \/>Volume vano cottura in l 76<br \/>Numero ripiani 5<br \/>Numero dei livelli di introduzione vano cottura 1 5<br \/>Numero dei livelli di introduzione vano cottura 2 5<br \/>595 x 596 x 569<br \/>Contrassegno dei ripiani \u2022<br \/>Illuminazione vano cottura 1 spot alogeno<br \/>Temperature min. in \u00b0C 30<br \/>Temperature max in \u00b0C 250<br \/>Larghezza nicchia min. in mm 560<br \/>560-568 x 590-595 x 550<br \/>Larghezza nicchia max. in mm 568<br \/>Altezza nicchia min., in mm 590<br \/>Altezza nicchia max., in mm 595<br \/>Profondit\u00e0 vano d&#8217;incasso in mm 550<br \/>Larghezza elettrodomestico in mm 595<br \/>Altezza elettrodomestico in mm 596<br \/>30\u2013250<br \/>30\u2013250<br \/>Profondit\u00e0 elettrodomestico in mm 569<br \/>Peso in kg 42,00<br \/>Assorbimento complessivo in kW 3,00<br \/>Tensione in V 220-240<br \/>Frequenza in Hz 50<br \/>Numero fasi 1<br \/>Protezione in A 16<br \/>Cavo di alimentazione con spina \u2022<br \/>Lunghezza del cavo elettrico in m 1,50<br \/>Sostituire luci Kunde<\/p>\n<p>https:\/\/www.miele.it\/e\/forni-h-2266-1-b-active-acciaio-inox-cleansteel-11119620-p<br \/><a href=\"https:\/\/www.morenaelettrodomestici.com\/en\/prodotti\/grandi-elettrodomestici\/cottura\/forno-incasso\/\">Clicca <strong>qui<\/strong> per altri forni ad incasso<\/a><\/p>","protected":false},"excerpt":{"rendered":"<p>\u2018- Capacit\u00e0 76 litri<br \/>\u2013 PerfectClean<br \/>\u2013 Regolazione elettronica tra 30\u00b0 e 250\u00b0<br \/>\u2013 Tipo vetro porta<\/p>","protected":false},"featured_media":42455,"template":"","meta":[],"product_brand":[],"product_cat":[235,88],"product_tag":[769,693,237,386],"class_list":{"0":"post-42330","1":"product","2":"type-product","3":"status-publish","4":"has-post-thumbnail","6":"product_cat-forno-incasso","7":"product_cat-grandi-elettrodomestici","8":"product_tag-60-cm","9":"product_tag-76-litri","10":"product_tag-forni-incasso","11":"product_tag-miele","12":"pa_alimentazione-elettrico","13":"pa_colore-inox","14":"pa_larghezza-60cm","15":"pa_marca-miele","17":"first","18":"instock","19":"sale","20":"purchasable","21":"product-type-simple"},"yoast_head":"<!-- This site is optimized with the Yoast SEO plugin v27.5 - https:\/\/yoast.com\/product\/yoast-seo-wordpress\/ -->\n<title>MIELE H 2266 1 B Forno da incasso 76 LITRI A+ - Morena Elettrodomestici<\/title>\n<meta name=\"description\" content=\"Acquista MIELE H 2266 1 B Forno da incasso 76 LITRI A+ su Morena Elettrodomestici. Il tuo Negozio di Fiducia online con prezzi competitivi e prodotti di alta qualit\u00e0!\" \/>\n<meta name=\"robots\" content=\"index, follow, max-snippet:-1, max-image-preview:large, max-video-preview:-1\" \/>\n<link rel=\"canonical\" href=\"https:\/\/www.morenaelettrodomestici.com\/en\/shop\/miele-h-2266-1-b-forno-da-incasso-76-litri-a\/\" \/>\n<meta property=\"og:locale\" content=\"en_GB\" \/>\n<meta property=\"og:type\" content=\"article\" \/>\n<meta property=\"og:title\" content=\"MIELE H 2266 1 B Forno da incasso 76 LITRI A+ - Morena Elettrodomestici\" \/>\n<meta property=\"og:description\" content=\"Acquista MIELE H 2266 1 B Forno da incasso 76 LITRI A+ su Morena Elettrodomestici. Il tuo Negozio di Fiducia online con prezzi competitivi e prodotti di alta qualit\u00e0!\" \/>\n<meta property=\"og:url\" content=\"https:\/\/www.morenaelettrodomestici.com\/en\/shop\/miele-h-2266-1-b-forno-da-incasso-76-litri-a\/\" \/>\n<meta property=\"og:site_name\" content=\"Morena Elettrodomestici\" \/>\n<meta property=\"article:publisher\" content=\"https:\/\/www.facebook.com\/morenaelettrodomestici\/\" \/>\n<meta property=\"article:modified_time\" content=\"2025-04-18T15:32:20+00:00\" \/>\n<meta property=\"og:image\" content=\"https:\/\/www.morenaelettrodomestici.com\/wp-content\/uploads\/2024\/07\/H-2266-1-B-Active.webp\" \/>\n\t<meta property=\"og:image:width\" content=\"1215\" \/>\n\t<meta property=\"og:image:height\" content=\"1205\" \/>\n\t<meta property=\"og:image:type\" content=\"image\/webp\" \/>\n<meta name=\"twitter:card\" content=\"summary_large_image\" \/>\n<meta name=\"twitter:label1\" content=\"Estimated reading time\" \/>\n\t<meta name=\"twitter:data1\" content=\"4 minutes\" \/>\n<script type=\"application\/ld+json\" class=\"yoast-schema-graph\">{\"@context\":\"https:\\\/\\\/schema.org\",\"@graph\":[{\"@type\":\"WebPage\",\"@id\":\"https:\\\/\\\/www.morenaelettrodomestici.com\\\/shop\\\/miele-h-2266-1-b-forno-da-incasso-76-litri-a\\\/\",\"url\":\"https:\\\/\\\/www.morenaelettrodomestici.com\\\/shop\\\/miele-h-2266-1-b-forno-da-incasso-76-litri-a\\\/\",\"name\":\"MIELE H 2266 1 B Forno da incasso 76 LITRI A+ - Morena Elettrodomestici\",\"isPartOf\":{\"@id\":\"https:\\\/\\\/www.morenaelettrodomestici.com\\\/#website\"},\"primaryImageOfPage\":{\"@id\":\"https:\\\/\\\/www.morenaelettrodomestici.com\\\/shop\\\/miele-h-2266-1-b-forno-da-incasso-76-litri-a\\\/#primaryimage\"},\"image\":{\"@id\":\"https:\\\/\\\/www.morenaelettrodomestici.com\\\/shop\\\/miele-h-2266-1-b-forno-da-incasso-76-litri-a\\\/#primaryimage\"},\"thumbnailUrl\":\"https:\\\/\\\/www.morenaelettrodomestici.com\\\/wp-content\\\/uploads\\\/2024\\\/07\\\/H-2266-1-B-Active.webp\",\"datePublished\":\"2024-07-15T15:19:38+00:00\",\"dateModified\":\"2025-04-18T15:32:20+00:00\",\"description\":\"Acquista MIELE H 2266 1 B Forno da incasso 76 LITRI A+ su Morena Elettrodomestici. Il tuo Negozio di Fiducia online con prezzi competitivi e prodotti di alta qualit\u00e0!\",\"breadcrumb\":{\"@id\":\"https:\\\/\\\/www.morenaelettrodomestici.com\\\/shop\\\/miele-h-2266-1-b-forno-da-incasso-76-litri-a\\\/#breadcrumb\"},\"inLanguage\":\"en-GB\",\"potentialAction\":[{\"@type\":\"ReadAction\",\"target\":[\"https:\\\/\\\/www.morenaelettrodomestici.com\\\/shop\\\/miele-h-2266-1-b-forno-da-incasso-76-litri-a\\\/\"]}]},{\"@type\":\"ImageObject\",\"inLanguage\":\"en-GB\",\"@id\":\"https:\\\/\\\/www.morenaelettrodomestici.com\\\/shop\\\/miele-h-2266-1-b-forno-da-incasso-76-litri-a\\\/#primaryimage\",\"url\":\"https:\\\/\\\/www.morenaelettrodomestici.com\\\/wp-content\\\/uploads\\\/2024\\\/07\\\/H-2266-1-B-Active.webp\",\"contentUrl\":\"https:\\\/\\\/www.morenaelettrodomestici.com\\\/wp-content\\\/uploads\\\/2024\\\/07\\\/H-2266-1-B-Active.webp\",\"width\":1215,\"height\":1205},{\"@type\":\"BreadcrumbList\",\"@id\":\"https:\\\/\\\/www.morenaelettrodomestici.com\\\/shop\\\/miele-h-2266-1-b-forno-da-incasso-76-litri-a\\\/#breadcrumb\",\"itemListElement\":[{\"@type\":\"ListItem\",\"position\":1,\"name\":\"Home\",\"item\":\"https:\\\/\\\/www.morenaelettrodomestici.com\\\/\"},{\"@type\":\"ListItem\",\"position\":2,\"name\":\"Shop\",\"item\":\"https:\\\/\\\/www.morenaelettrodomestici.com\\\/shop\\\/\"},{\"@type\":\"ListItem\",\"position\":3,\"name\":\"MIELE H 2266 1 B Forno da incasso 76 LITRI A+\"}]},{\"@type\":\"WebSite\",\"@id\":\"https:\\\/\\\/www.morenaelettrodomestici.com\\\/#website\",\"url\":\"https:\\\/\\\/www.morenaelettrodomestici.com\\\/\",\"name\":\"Morena\",\"description\":\"I migliori elettrodomestici a prezzi folli\",\"publisher\":{\"@id\":\"https:\\\/\\\/www.morenaelettrodomestici.com\\\/#organization\"},\"potentialAction\":[{\"@type\":\"SearchAction\",\"target\":{\"@type\":\"EntryPoint\",\"urlTemplate\":\"https:\\\/\\\/www.morenaelettrodomestici.com\\\/?s={search_term_string}\"},\"query-input\":{\"@type\":\"PropertyValueSpecification\",\"valueRequired\":true,\"valueName\":\"search_term_string\"}}],\"inLanguage\":\"en-GB\"},{\"@type\":\"Organization\",\"@id\":\"https:\\\/\\\/www.morenaelettrodomestici.com\\\/#organization\",\"name\":\"Morena Elettrodomestici\",\"url\":\"https:\\\/\\\/www.morenaelettrodomestici.com\\\/\",\"logo\":{\"@type\":\"ImageObject\",\"inLanguage\":\"en-GB\",\"@id\":\"https:\\\/\\\/www.morenaelettrodomestici.com\\\/#\\\/schema\\\/logo\\\/image\\\/\",\"url\":\"https:\\\/\\\/www.morenaelettrodomestici.com\\\/wp-content\\\/uploads\\\/2024\\\/05\\\/logo_Morena_srls-TRASPARENTE.png\",\"contentUrl\":\"https:\\\/\\\/www.morenaelettrodomestici.com\\\/wp-content\\\/uploads\\\/2024\\\/05\\\/logo_Morena_srls-TRASPARENTE.png\",\"width\":2264,\"height\":718,\"caption\":\"Morena Elettrodomestici\"},\"image\":{\"@id\":\"https:\\\/\\\/www.morenaelettrodomestici.com\\\/#\\\/schema\\\/logo\\\/image\\\/\"},\"sameAs\":[\"https:\\\/\\\/www.facebook.com\\\/morenaelettrodomestici\\\/\",\"https:\\\/\\\/www.instagram.com\\\/morena.elettrodomestici\\\/\",\"https:\\\/\\\/www.linkedin.com\\\/company-beta\\\/10507375\\\/\",\"https:\\\/\\\/www.youtube.com\\\/channel\\\/UCgdTfdgRUeVEnhI2Z4GRlFA\"]}]}<\/script>\n<!-- \/ Yoast SEO plugin. -->","yoast_head_json":{"title":"MIELE H 2266 1 B Forno da incasso 76 LITRI A+ - Morena Elettrodomestici","description":"Acquista MIELE H 2266 1 B Forno da incasso 76 LITRI A+ su Morena Elettrodomestici. Il tuo Negozio di Fiducia online con prezzi competitivi e prodotti di alta qualit\u00e0!","robots":{"index":"index","follow":"follow","max-snippet":"max-snippet:-1","max-image-preview":"max-image-preview:large","max-video-preview":"max-video-preview:-1"},"canonical":"https:\/\/www.morenaelettrodomestici.com\/en\/shop\/miele-h-2266-1-b-forno-da-incasso-76-litri-a\/","og_locale":"en_GB","og_type":"article","og_title":"MIELE H 2266 1 B Forno da incasso 76 LITRI A+ - Morena Elettrodomestici","og_description":"Acquista MIELE H 2266 1 B Forno da incasso 76 LITRI A+ su Morena Elettrodomestici. Il tuo Negozio di Fiducia online con prezzi competitivi e prodotti di alta qualit\u00e0!","og_url":"https:\/\/www.morenaelettrodomestici.com\/en\/shop\/miele-h-2266-1-b-forno-da-incasso-76-litri-a\/","og_site_name":"Morena Elettrodomestici","article_publisher":"https:\/\/www.facebook.com\/morenaelettrodomestici\/","article_modified_time":"2025-04-18T15:32:20+00:00","og_image":[{"width":1215,"height":1205,"url":"https:\/\/www.morenaelettrodomestici.com\/wp-content\/uploads\/2024\/07\/H-2266-1-B-Active.webp","type":"image\/webp"}],"twitter_card":"summary_large_image","twitter_misc":{"Estimated reading time":"4 minutes"},"schema":{"@context":"https:\/\/schema.org","@graph":[{"@type":"WebPage","@id":"https:\/\/www.morenaelettrodomestici.com\/shop\/miele-h-2266-1-b-forno-da-incasso-76-litri-a\/","url":"https:\/\/www.morenaelettrodomestici.com\/shop\/miele-h-2266-1-b-forno-da-incasso-76-litri-a\/","name":"MIELE H 2266 1 B Forno da incasso 76 LITRI A+ - Morena Elettrodomestici","isPartOf":{"@id":"https:\/\/www.morenaelettrodomestici.com\/#website"},"primaryImageOfPage":{"@id":"https:\/\/www.morenaelettrodomestici.com\/shop\/miele-h-2266-1-b-forno-da-incasso-76-litri-a\/#primaryimage"},"image":{"@id":"https:\/\/www.morenaelettrodomestici.com\/shop\/miele-h-2266-1-b-forno-da-incasso-76-litri-a\/#primaryimage"},"thumbnailUrl":"https:\/\/www.morenaelettrodomestici.com\/wp-content\/uploads\/2024\/07\/H-2266-1-B-Active.webp","datePublished":"2024-07-15T15:19:38+00:00","dateModified":"2025-04-18T15:32:20+00:00","description":"Acquista MIELE H 2266 1 B Forno da incasso 76 LITRI A+ su Morena Elettrodomestici. Il tuo Negozio di Fiducia online con prezzi competitivi e prodotti di alta qualit\u00e0!","breadcrumb":{"@id":"https:\/\/www.morenaelettrodomestici.com\/shop\/miele-h-2266-1-b-forno-da-incasso-76-litri-a\/#breadcrumb"},"inLanguage":"en-GB","potentialAction":[{"@type":"ReadAction","target":["https:\/\/www.morenaelettrodomestici.com\/shop\/miele-h-2266-1-b-forno-da-incasso-76-litri-a\/"]}]},{"@type":"ImageObject","inLanguage":"en-GB","@id":"https:\/\/www.morenaelettrodomestici.com\/shop\/miele-h-2266-1-b-forno-da-incasso-76-litri-a\/#primaryimage","url":"https:\/\/www.morenaelettrodomestici.com\/wp-content\/uploads\/2024\/07\/H-2266-1-B-Active.webp","contentUrl":"https:\/\/www.morenaelettrodomestici.com\/wp-content\/uploads\/2024\/07\/H-2266-1-B-Active.webp","width":1215,"height":1205},{"@type":"BreadcrumbList","@id":"https:\/\/www.morenaelettrodomestici.com\/shop\/miele-h-2266-1-b-forno-da-incasso-76-litri-a\/#breadcrumb","itemListElement":[{"@type":"ListItem","position":1,"name":"Home","item":"https:\/\/www.morenaelettrodomestici.com\/"},{"@type":"ListItem","position":2,"name":"Shop","item":"https:\/\/www.morenaelettrodomestici.com\/shop\/"},{"@type":"ListItem","position":3,"name":"MIELE H 2266 1 B Forno da incasso 76 LITRI A+"}]},{"@type":"WebSite","@id":"https:\/\/www.morenaelettrodomestici.com\/#website","url":"https:\/\/www.morenaelettrodomestici.com\/","name":"Morena","description":"I migliori elettrodomestici a prezzi folli","publisher":{"@id":"https:\/\/www.morenaelettrodomestici.com\/#organization"},"potentialAction":[{"@type":"SearchAction","target":{"@type":"EntryPoint","urlTemplate":"https:\/\/www.morenaelettrodomestici.com\/?s={search_term_string}"},"query-input":{"@type":"PropertyValueSpecification","valueRequired":true,"valueName":"search_term_string"}}],"inLanguage":"en-GB"},{"@type":"Organization","@id":"https:\/\/www.morenaelettrodomestici.com\/#organization","name":"Morena Elettrodomestici","url":"https:\/\/www.morenaelettrodomestici.com\/","logo":{"@type":"ImageObject","inLanguage":"en-GB","@id":"https:\/\/www.morenaelettrodomestici.com\/#\/schema\/logo\/image\/","url":"https:\/\/www.morenaelettrodomestici.com\/wp-content\/uploads\/2024\/05\/logo_Morena_srls-TRASPARENTE.png","contentUrl":"https:\/\/www.morenaelettrodomestici.com\/wp-content\/uploads\/2024\/05\/logo_Morena_srls-TRASPARENTE.png","width":2264,"height":718,"caption":"Morena Elettrodomestici"},"image":{"@id":"https:\/\/www.morenaelettrodomestici.com\/#\/schema\/logo\/image\/"},"sameAs":["https:\/\/www.facebook.com\/morenaelettrodomestici\/","https:\/\/www.instagram.com\/morena.elettrodomestici\/","https:\/\/www.linkedin.com\/company-beta\/10507375\/","https:\/\/www.youtube.com\/channel\/UCgdTfdgRUeVEnhI2Z4GRlFA"]}]}},"_links":{"self":[{"href":"https:\/\/www.morenaelettrodomestici.com\/en\/wp-json\/wp\/v2\/product\/42330","targetHints":{"allow":["GET"]}}],"collection":[{"href":"https:\/\/www.morenaelettrodomestici.com\/en\/wp-json\/wp\/v2\/product"}],"about":[{"href":"https:\/\/www.morenaelettrodomestici.com\/en\/wp-json\/wp\/v2\/types\/product"}],"version-history":[{"count":2,"href":"https:\/\/www.morenaelettrodomestici.com\/en\/wp-json\/wp\/v2\/product\/42330\/revisions"}],"predecessor-version":[{"id":49042,"href":"https:\/\/www.morenaelettrodomestici.com\/en\/wp-json\/wp\/v2\/product\/42330\/revisions\/49042"}],"wp:featuredmedia":[{"embeddable":true,"href":"https:\/\/www.morenaelettrodomestici.com\/en\/wp-json\/wp\/v2\/media\/42455"}],"wp:attachment":[{"href":"https:\/\/www.morenaelettrodomestici.com\/en\/wp-json\/wp\/v2\/media?parent=42330"}],"wp:term":[{"taxonomy":"product_brand","embeddable":true,"href":"https:\/\/www.morenaelettrodomestici.com\/en\/wp-json\/wp\/v2\/product_brand?post=42330"},{"taxonomy":"product_cat","embeddable":true,"href":"https:\/\/www.morenaelettrodomestici.com\/en\/wp-json\/wp\/v2\/product_cat?post=42330"},{"taxonomy":"product_tag","embeddable":true,"href":"https:\/\/www.morenaelettrodomestici.com\/en\/wp-json\/wp\/v2\/product_tag?post=42330"}],"curies":[{"name":"wp","href":"https:\/\/api.w.org\/{rel}","templated":true}]}}