{"id":43166,"date":"2024-07-15T15:30:02","date_gmt":"2024-07-15T15:30:02","guid":{"rendered":"https:\/\/www.morenaelettrodomestici.com\/?post_type=product&#038;p=43166"},"modified":"2025-08-20T15:45:37","modified_gmt":"2025-08-20T15:45:37","slug":"aeg-l6fbi48w-lavatrice-8kg-serie-6000","status":"publish","type":"product","link":"https:\/\/www.morenaelettrodomestici.com\/en\/shop\/aeg-l6fbi48w-lavatrice-8kg-serie-6000\/","title":{"rendered":"AEG LR6FG84 Lavatrice 8kg SERIE 6000"},"content":{"rendered":"<p><strong>Aeg LR6FG84<\/strong><\/p>\n<p><strong>Risultati eccezionali nel minor tempo possibile con l&#8217;opzione risparmio tempo:<\/strong><br \/>Basta selezionare l&#8217;opzione Risparmia Tempo per ridurre la durata del ciclo fino a due volte, offrendoti un lavaggio eccezionale e il pi\u00f9 rapido possibile.<\/p>\n<p><strong>Il programma hygiene rimuove pi\u00f9 del 99,99% di virus e batteri:<\/strong><br \/>Certificato Swissatest, rimuove pi\u00f9 del 99,99% di virus e batteri, senza rinunciare alle migliori prestazioni di lavaggio.<\/p>\n<p><strong>Il modo pi\u00f9 veloce di lavare:<\/strong><br \/>Perfetto per quando si ha poco tempo, il programma Rapido 20min consente di lavare perfettamente un carico da 3 kg in soli 20 minuti.<\/p>\n<p><strong>Motore inverter: durata, affidabilita&#8217; ed efficienza energetica:<\/strong><br \/>Il motore inverter AEG \u00e8 il perfetto equilibrio tra resistenza, affidabilit\u00e0 ed efficienza energetica per un bucato senza precedenti.<\/p>\n<figure class=\"table\">\n<table>\n<thead>\n<tr>\n<th colspan=\"2\"><strong>Caratteristiche tecniche<\/strong><\/th>\n<\/tr>\n<\/thead>\n<tbody>\n<tr>\n<td>Quantit\u00e0 di riempimento, cotone (lavaggio)<\/td>\n<td>8 kg<\/td>\n<\/tr>\n<tr>\n<td>Tipo di dispositivo<\/td>\n<td>LAVATRICE<\/td>\n<\/tr>\n<tr>\n<td>Carica<\/td>\n<td>Caricamento frontale<\/td>\n<\/tr>\n<tr>\n<td>Tipo installazione<\/td>\n<td>Freestanding<\/td>\n<\/tr>\n<tr>\n<td>Livello di rumorosit\u00e0, ciclo centrifuga<\/td>\n<td>74 dB(A)<\/td>\n<\/tr>\n<tr>\n<td>Controller<\/td>\n<td>Elettronicamente<\/td>\n<\/tr>\n<\/tbody>\n<\/table>\n<\/figure>\n<figure class=\"table\">\n<table>\n<thead>\n<tr>\n<th colspan=\"2\"><strong>Programmi<\/strong><\/th>\n<\/tr>\n<\/thead>\n<tbody>\n<tr>\n<td>Numero di programmi<\/td>\n<td>10<\/td>\n<\/tr>\n<tr>\n<td>Programmi<\/td>\n<td>Extra risciacquo, Lavaggio a mano, Programma lana, Programma eco, Lavaggio rapido; Programmi: Eco 40-60, Cotone, Sintetici, Delicati, Lana, 3 Kg 20 minuti, Piumoni, Outdoor, Denim, Hygiene.<\/td>\n<\/tr>\n<tr>\n<td>Funzione vapore<\/td>\n<td>No<\/td>\n<\/tr>\n<\/tbody>\n<\/table>\n<\/figure>\n<figure class=\"table\">\n<table>\n<thead>\n<tr>\n<th colspan=\"2\"><strong>Attrezzatura<\/strong><\/th>\n<\/tr>\n<\/thead>\n<tbody>\n<tr>\n<td>Caratteristiche speciali<\/td>\n<td>Centrifuga regolabile: S\u00ec; Temperatura regolabile: S\u00ec; Stirofacile: S\u00ec; Tipo motore: Inverter; Maxi obl\u00f2: S\u00ec; Diagnosi remota: No; Silence\/Super Silent: No; Indicazione fasi lavaggio: S\u00ec; Altre descrizioni strutturali: Motore: Inverter; Tecnologia ProSense; Certificazioni: Woolmark Blue + Certificazione Dash\/Lenor; Tipologia di display: LED.<\/td>\n<\/tr>\n<tr>\n<td>Rilevamento schiuma<\/td>\n<td>s\u00ec<\/td>\n<\/tr>\n<tr>\n<td>Controllo sbilanciamento<\/td>\n<td>s\u00ec<\/td>\n<\/tr>\n<tr>\n<td>Materiale cestello<\/td>\n<td>Acciaio inox<\/td>\n<\/tr>\n<tr>\n<td>Volume del cestello<\/td>\n<td>53 l<\/td>\n<\/tr>\n<tr>\n<td>Cerniera<\/td>\n<td>Si<\/td>\n<\/tr>\n<tr>\n<td>LAN wireless<\/td>\n<td>No<\/td>\n<\/tr>\n<tr>\n<td>Compatibile con l&#8217;app<\/td>\n<td>No<\/td>\n<\/tr>\n<tr>\n<td>Protezione fuoriuscita acqua<\/td>\n<td>No<\/td>\n<\/tr>\n<\/tbody>\n<\/table>\n<\/figure>\n<figure class=\"table\">\n<table>\n<thead>\n<tr>\n<th colspan=\"2\"><strong>Display\/controllo<\/strong><\/th>\n<\/tr>\n<\/thead>\n<tbody>\n<tr>\n<td>Elementi di comando<\/td>\n<td>Touchscreen: S\u00ec; Opzioni\/Tasti: Extra Risciacquo; Risparmio Tempo; Partenza Ritardata; Solo Risciacquo; Centrifuga\/Scarico.<\/td>\n<\/tr>\n<tr>\n<td>Bluetooth<\/td>\n<td>No<\/td>\n<\/tr>\n<tr>\n<td>Near Field Communication<\/td>\n<td>No<\/td>\n<\/tr>\n<tr>\n<td>Display<\/td>\n<td>S\u00ec<\/td>\n<\/tr>\n<tr>\n<td>Display tempo residuo<\/td>\n<td>s\u00ec<\/td>\n<\/tr>\n<tr>\n<td>Tempo d\u2019inizio configurabile<\/td>\n<td>S\u00ec<\/td>\n<\/tr>\n<\/tbody>\n<\/table>\n<\/figure>\n<figure class=\"table\">\n<table>\n<thead>\n<tr>\n<th colspan=\"2\"><strong>Caratteristiche generali<\/strong><\/th>\n<\/tr>\n<\/thead>\n<tbody>\n<tr>\n<td>Dimensioni (W\/H\/D)<\/td>\n<td>59.6 cm x 84.7 cm x 57.2 cm<\/td>\n<\/tr>\n<tr>\n<td>Colore<\/td>\n<td>BIANCO<\/td>\n<\/tr>\n<tr>\n<td>Altezza top compreso<\/td>\n<td>90 cm<\/td>\n<\/tr>\n<tr>\n<td>Altezza<\/td>\n<td>84.7 cm<\/td>\n<\/tr>\n<tr>\n<td>Larghezza<\/td>\n<td>59.6 cm<\/td>\n<\/tr>\n<tr>\n<td>Profondit\u00e0<\/td>\n<td>57.2 cm<\/td>\n<\/tr>\n<tr>\n<td>Peso<\/td>\n<td>69.5 kg<\/td>\n<\/tr>\n<tr>\n<td>Corredo di fornitura<\/td>\n<td>LAVATRICE<\/td>\n<\/tr>\n<tr>\n<td>Numero articolo del produttore<\/td>\n<td>914913175<\/td>\n<\/tr>\n<\/tbody>\n<\/table>\n<\/figure>\n<figure class=\"table\">\n<table>\n<thead>\n<tr>\n<th colspan=\"2\"><strong>Dati di consumo energetico (EU 2017\/1369)<\/strong><\/th>\n<\/tr>\n<\/thead>\n<tbody>\n<tr>\n<td>Nuova Classe efficienza energetica<\/td>\n<td>A<\/td>\n<\/tr>\n<tr>\n<td>EU Energy Efficiency Scale (EU 2017\/1369)<\/td>\n<td>A-G<\/td>\n<\/tr>\n<tr>\n<td>Quantit\u00e0 di riempimento, cotone (lavaggio)<\/td>\n<td>8 kg<\/td>\n<\/tr>\n<tr>\n<td>Consumo ponderato di energia per 100 cicli (kWh)<\/td>\n<td>47 kWh<\/td>\n<\/tr>\n<tr>\n<td>Consumo ponderato di acqua per ciclo (litri)<\/td>\n<td>43 l<\/td>\n<\/tr>\n<tr>\n<td>Velocit\u00e0 massima centrifuga<\/td>\n<td>1400 rpm<\/td>\n<\/tr>\n<tr>\n<td>Classe di efficienza della centrifuga-asciugatura<\/td>\n<td>B<\/td>\n<\/tr>\n<tr>\n<td>Livello di rumorosit\u00e0, ciclo centrifuga<\/td>\n<td>74 dB(A)<\/td>\n<\/tr>\n<tr>\n<td>Classe emissione rumore centrifuga<\/td>\n<td>B<\/td>\n<\/tr>\n<\/tbody>\n<\/table>\n<\/figure>\n<p>&nbsp;<\/p>\n<p>&nbsp;<\/p>\n<p>&nbsp;<\/p>\n<p>&nbsp;<\/p>\n<p><a href=\"https:\/\/www.morenaelettrodomestici.com\/en\/prodotti\/grandi-elettrodomestici\/lavatrici-e-asciugatrici\/\"><strong>Clicca qui per le altre lavatrici<\/strong><\/a><\/p>","protected":false},"excerpt":{"rendered":"<p>\u2018- 8kg<br \/>-Inverter<br \/>-1400GIRI<br \/>\u2013 Dimensioni &nbsp;(AxLxP): 847x596x57.2cm<\/p>","protected":false},"featured_media":49526,"template":"","meta":[],"product_brand":[],"product_cat":[88,90,89],"product_tag":[522,153],"class_list":{"0":"post-43166","1":"product","2":"type-product","3":"status-publish","4":"has-post-thumbnail","6":"product_cat-grandi-elettrodomestici","7":"product_cat-lavatrice-carico-frontale","8":"product_cat-lavatrici-e-asciugatrici","9":"product_tag-aeg","10":"product_tag-lavatrice","11":"pa_capacita-kg-8kg","12":"pa_carica-frontale","13":"pa_marca-aeg","15":"first","16":"instock","17":"sale","18":"purchasable","19":"product-type-simple"},"yoast_head":"<!-- This site is optimized with the Yoast SEO plugin v27.5 - https:\/\/yoast.com\/product\/yoast-seo-wordpress\/ -->\n<title>AEG LR6FG84 Lavatrice 8kg SERIE 6000 - Morena Elettrodomestici<\/title>\n<meta name=\"description\" content=\"Acquista AEG LR6FG84 Lavatrice 8kg SERIE 6000 su Morena Elettrodomestici. Il tuo Negozio di Fiducia online con prezzi competitivi e prodotti di alta qualit\u00e0!\" \/>\n<meta name=\"robots\" content=\"index, follow, max-snippet:-1, max-image-preview:large, max-video-preview:-1\" \/>\n<link rel=\"canonical\" href=\"https:\/\/www.morenaelettrodomestici.com\/en\/shop\/aeg-l6fbi48w-lavatrice-8kg-serie-6000\/\" \/>\n<meta property=\"og:locale\" content=\"en_GB\" \/>\n<meta property=\"og:type\" content=\"article\" \/>\n<meta property=\"og:title\" content=\"AEG LR6FG84 Lavatrice 8kg SERIE 6000 - Morena Elettrodomestici\" \/>\n<meta property=\"og:description\" content=\"Acquista AEG LR6FG84 Lavatrice 8kg SERIE 6000 su Morena Elettrodomestici. Il tuo Negozio di Fiducia online con prezzi competitivi e prodotti di alta qualit\u00e0!\" \/>\n<meta property=\"og:url\" content=\"https:\/\/www.morenaelettrodomestici.com\/en\/shop\/aeg-l6fbi48w-lavatrice-8kg-serie-6000\/\" \/>\n<meta property=\"og:site_name\" content=\"Morena Elettrodomestici\" \/>\n<meta property=\"article:publisher\" content=\"https:\/\/www.facebook.com\/morenaelettrodomestici\/\" \/>\n<meta property=\"article:modified_time\" content=\"2025-08-20T15:45:37+00:00\" \/>\n<meta property=\"og:image\" content=\"https:\/\/www.morenaelettrodomestici.com\/wp-content\/uploads\/2025\/05\/9290.jpg\" \/>\n\t<meta property=\"og:image:width\" content=\"300\" \/>\n\t<meta property=\"og:image:height\" content=\"300\" \/>\n\t<meta property=\"og:image:type\" content=\"image\/jpeg\" \/>\n<meta name=\"twitter:card\" content=\"summary_large_image\" \/>\n<meta name=\"twitter:label1\" content=\"Estimated reading time\" \/>\n\t<meta name=\"twitter:data1\" content=\"2 minutes\" \/>\n<script type=\"application\/ld+json\" class=\"yoast-schema-graph\">{\"@context\":\"https:\\\/\\\/schema.org\",\"@graph\":[{\"@type\":\"WebPage\",\"@id\":\"https:\\\/\\\/www.morenaelettrodomestici.com\\\/shop\\\/aeg-l6fbi48w-lavatrice-8kg-serie-6000\\\/\",\"url\":\"https:\\\/\\\/www.morenaelettrodomestici.com\\\/shop\\\/aeg-l6fbi48w-lavatrice-8kg-serie-6000\\\/\",\"name\":\"AEG LR6FG84 Lavatrice 8kg SERIE 6000 - Morena Elettrodomestici\",\"isPartOf\":{\"@id\":\"https:\\\/\\\/www.morenaelettrodomestici.com\\\/#website\"},\"primaryImageOfPage\":{\"@id\":\"https:\\\/\\\/www.morenaelettrodomestici.com\\\/shop\\\/aeg-l6fbi48w-lavatrice-8kg-serie-6000\\\/#primaryimage\"},\"image\":{\"@id\":\"https:\\\/\\\/www.morenaelettrodomestici.com\\\/shop\\\/aeg-l6fbi48w-lavatrice-8kg-serie-6000\\\/#primaryimage\"},\"thumbnailUrl\":\"https:\\\/\\\/www.morenaelettrodomestici.com\\\/wp-content\\\/uploads\\\/2025\\\/05\\\/9290.jpg\",\"datePublished\":\"2024-07-15T15:30:02+00:00\",\"dateModified\":\"2025-08-20T15:45:37+00:00\",\"description\":\"Acquista AEG LR6FG84 Lavatrice 8kg SERIE 6000 su Morena Elettrodomestici. Il tuo Negozio di Fiducia online con prezzi competitivi e prodotti di alta qualit\u00e0!\",\"breadcrumb\":{\"@id\":\"https:\\\/\\\/www.morenaelettrodomestici.com\\\/shop\\\/aeg-l6fbi48w-lavatrice-8kg-serie-6000\\\/#breadcrumb\"},\"inLanguage\":\"en-GB\",\"potentialAction\":[{\"@type\":\"ReadAction\",\"target\":[\"https:\\\/\\\/www.morenaelettrodomestici.com\\\/shop\\\/aeg-l6fbi48w-lavatrice-8kg-serie-6000\\\/\"]}]},{\"@type\":\"ImageObject\",\"inLanguage\":\"en-GB\",\"@id\":\"https:\\\/\\\/www.morenaelettrodomestici.com\\\/shop\\\/aeg-l6fbi48w-lavatrice-8kg-serie-6000\\\/#primaryimage\",\"url\":\"https:\\\/\\\/www.morenaelettrodomestici.com\\\/wp-content\\\/uploads\\\/2025\\\/05\\\/9290.jpg\",\"contentUrl\":\"https:\\\/\\\/www.morenaelettrodomestici.com\\\/wp-content\\\/uploads\\\/2025\\\/05\\\/9290.jpg\",\"width\":300,\"height\":300},{\"@type\":\"BreadcrumbList\",\"@id\":\"https:\\\/\\\/www.morenaelettrodomestici.com\\\/shop\\\/aeg-l6fbi48w-lavatrice-8kg-serie-6000\\\/#breadcrumb\",\"itemListElement\":[{\"@type\":\"ListItem\",\"position\":1,\"name\":\"Home\",\"item\":\"https:\\\/\\\/www.morenaelettrodomestici.com\\\/\"},{\"@type\":\"ListItem\",\"position\":2,\"name\":\"Shop\",\"item\":\"https:\\\/\\\/www.morenaelettrodomestici.com\\\/shop\\\/\"},{\"@type\":\"ListItem\",\"position\":3,\"name\":\"AEG LR6FG84 Lavatrice 8kg SERIE 6000\"}]},{\"@type\":\"WebSite\",\"@id\":\"https:\\\/\\\/www.morenaelettrodomestici.com\\\/#website\",\"url\":\"https:\\\/\\\/www.morenaelettrodomestici.com\\\/\",\"name\":\"Morena\",\"description\":\"I migliori elettrodomestici a prezzi folli\",\"publisher\":{\"@id\":\"https:\\\/\\\/www.morenaelettrodomestici.com\\\/#organization\"},\"potentialAction\":[{\"@type\":\"SearchAction\",\"target\":{\"@type\":\"EntryPoint\",\"urlTemplate\":\"https:\\\/\\\/www.morenaelettrodomestici.com\\\/?s={search_term_string}\"},\"query-input\":{\"@type\":\"PropertyValueSpecification\",\"valueRequired\":true,\"valueName\":\"search_term_string\"}}],\"inLanguage\":\"en-GB\"},{\"@type\":\"Organization\",\"@id\":\"https:\\\/\\\/www.morenaelettrodomestici.com\\\/#organization\",\"name\":\"Morena Elettrodomestici\",\"url\":\"https:\\\/\\\/www.morenaelettrodomestici.com\\\/\",\"logo\":{\"@type\":\"ImageObject\",\"inLanguage\":\"en-GB\",\"@id\":\"https:\\\/\\\/www.morenaelettrodomestici.com\\\/#\\\/schema\\\/logo\\\/image\\\/\",\"url\":\"https:\\\/\\\/www.morenaelettrodomestici.com\\\/wp-content\\\/uploads\\\/2024\\\/05\\\/logo_Morena_srls-TRASPARENTE.png\",\"contentUrl\":\"https:\\\/\\\/www.morenaelettrodomestici.com\\\/wp-content\\\/uploads\\\/2024\\\/05\\\/logo_Morena_srls-TRASPARENTE.png\",\"width\":2264,\"height\":718,\"caption\":\"Morena Elettrodomestici\"},\"image\":{\"@id\":\"https:\\\/\\\/www.morenaelettrodomestici.com\\\/#\\\/schema\\\/logo\\\/image\\\/\"},\"sameAs\":[\"https:\\\/\\\/www.facebook.com\\\/morenaelettrodomestici\\\/\",\"https:\\\/\\\/www.instagram.com\\\/morena.elettrodomestici\\\/\",\"https:\\\/\\\/www.linkedin.com\\\/company-beta\\\/10507375\\\/\",\"https:\\\/\\\/www.youtube.com\\\/channel\\\/UCgdTfdgRUeVEnhI2Z4GRlFA\"]}]}<\/script>\n<!-- \/ Yoast SEO plugin. -->","yoast_head_json":{"title":"AEG LR6FG84 Lavatrice 8kg SERIE 6000 - Morena Elettrodomestici","description":"Acquista AEG LR6FG84 Lavatrice 8kg SERIE 6000 su Morena Elettrodomestici. Il tuo Negozio di Fiducia online con prezzi competitivi e prodotti di alta qualit\u00e0!","robots":{"index":"index","follow":"follow","max-snippet":"max-snippet:-1","max-image-preview":"max-image-preview:large","max-video-preview":"max-video-preview:-1"},"canonical":"https:\/\/www.morenaelettrodomestici.com\/en\/shop\/aeg-l6fbi48w-lavatrice-8kg-serie-6000\/","og_locale":"en_GB","og_type":"article","og_title":"AEG LR6FG84 Lavatrice 8kg SERIE 6000 - Morena Elettrodomestici","og_description":"Acquista AEG LR6FG84 Lavatrice 8kg SERIE 6000 su Morena Elettrodomestici. Il tuo Negozio di Fiducia online con prezzi competitivi e prodotti di alta qualit\u00e0!","og_url":"https:\/\/www.morenaelettrodomestici.com\/en\/shop\/aeg-l6fbi48w-lavatrice-8kg-serie-6000\/","og_site_name":"Morena Elettrodomestici","article_publisher":"https:\/\/www.facebook.com\/morenaelettrodomestici\/","article_modified_time":"2025-08-20T15:45:37+00:00","og_image":[{"width":300,"height":300,"url":"https:\/\/www.morenaelettrodomestici.com\/wp-content\/uploads\/2025\/05\/9290.jpg","type":"image\/jpeg"}],"twitter_card":"summary_large_image","twitter_misc":{"Estimated reading time":"2 minutes"},"schema":{"@context":"https:\/\/schema.org","@graph":[{"@type":"WebPage","@id":"https:\/\/www.morenaelettrodomestici.com\/shop\/aeg-l6fbi48w-lavatrice-8kg-serie-6000\/","url":"https:\/\/www.morenaelettrodomestici.com\/shop\/aeg-l6fbi48w-lavatrice-8kg-serie-6000\/","name":"AEG LR6FG84 Lavatrice 8kg SERIE 6000 - Morena Elettrodomestici","isPartOf":{"@id":"https:\/\/www.morenaelettrodomestici.com\/#website"},"primaryImageOfPage":{"@id":"https:\/\/www.morenaelettrodomestici.com\/shop\/aeg-l6fbi48w-lavatrice-8kg-serie-6000\/#primaryimage"},"image":{"@id":"https:\/\/www.morenaelettrodomestici.com\/shop\/aeg-l6fbi48w-lavatrice-8kg-serie-6000\/#primaryimage"},"thumbnailUrl":"https:\/\/www.morenaelettrodomestici.com\/wp-content\/uploads\/2025\/05\/9290.jpg","datePublished":"2024-07-15T15:30:02+00:00","dateModified":"2025-08-20T15:45:37+00:00","description":"Acquista AEG LR6FG84 Lavatrice 8kg SERIE 6000 su Morena Elettrodomestici. Il tuo Negozio di Fiducia online con prezzi competitivi e prodotti di alta qualit\u00e0!","breadcrumb":{"@id":"https:\/\/www.morenaelettrodomestici.com\/shop\/aeg-l6fbi48w-lavatrice-8kg-serie-6000\/#breadcrumb"},"inLanguage":"en-GB","potentialAction":[{"@type":"ReadAction","target":["https:\/\/www.morenaelettrodomestici.com\/shop\/aeg-l6fbi48w-lavatrice-8kg-serie-6000\/"]}]},{"@type":"ImageObject","inLanguage":"en-GB","@id":"https:\/\/www.morenaelettrodomestici.com\/shop\/aeg-l6fbi48w-lavatrice-8kg-serie-6000\/#primaryimage","url":"https:\/\/www.morenaelettrodomestici.com\/wp-content\/uploads\/2025\/05\/9290.jpg","contentUrl":"https:\/\/www.morenaelettrodomestici.com\/wp-content\/uploads\/2025\/05\/9290.jpg","width":300,"height":300},{"@type":"BreadcrumbList","@id":"https:\/\/www.morenaelettrodomestici.com\/shop\/aeg-l6fbi48w-lavatrice-8kg-serie-6000\/#breadcrumb","itemListElement":[{"@type":"ListItem","position":1,"name":"Home","item":"https:\/\/www.morenaelettrodomestici.com\/"},{"@type":"ListItem","position":2,"name":"Shop","item":"https:\/\/www.morenaelettrodomestici.com\/shop\/"},{"@type":"ListItem","position":3,"name":"AEG LR6FG84 Lavatrice 8kg SERIE 6000"}]},{"@type":"WebSite","@id":"https:\/\/www.morenaelettrodomestici.com\/#website","url":"https:\/\/www.morenaelettrodomestici.com\/","name":"Morena","description":"I migliori elettrodomestici a prezzi folli","publisher":{"@id":"https:\/\/www.morenaelettrodomestici.com\/#organization"},"potentialAction":[{"@type":"SearchAction","target":{"@type":"EntryPoint","urlTemplate":"https:\/\/www.morenaelettrodomestici.com\/?s={search_term_string}"},"query-input":{"@type":"PropertyValueSpecification","valueRequired":true,"valueName":"search_term_string"}}],"inLanguage":"en-GB"},{"@type":"Organization","@id":"https:\/\/www.morenaelettrodomestici.com\/#organization","name":"Morena Elettrodomestici","url":"https:\/\/www.morenaelettrodomestici.com\/","logo":{"@type":"ImageObject","inLanguage":"en-GB","@id":"https:\/\/www.morenaelettrodomestici.com\/#\/schema\/logo\/image\/","url":"https:\/\/www.morenaelettrodomestici.com\/wp-content\/uploads\/2024\/05\/logo_Morena_srls-TRASPARENTE.png","contentUrl":"https:\/\/www.morenaelettrodomestici.com\/wp-content\/uploads\/2024\/05\/logo_Morena_srls-TRASPARENTE.png","width":2264,"height":718,"caption":"Morena Elettrodomestici"},"image":{"@id":"https:\/\/www.morenaelettrodomestici.com\/#\/schema\/logo\/image\/"},"sameAs":["https:\/\/www.facebook.com\/morenaelettrodomestici\/","https:\/\/www.instagram.com\/morena.elettrodomestici\/","https:\/\/www.linkedin.com\/company-beta\/10507375\/","https:\/\/www.youtube.com\/channel\/UCgdTfdgRUeVEnhI2Z4GRlFA"]}]}},"_links":{"self":[{"href":"https:\/\/www.morenaelettrodomestici.com\/en\/wp-json\/wp\/v2\/product\/43166","targetHints":{"allow":["GET"]}}],"collection":[{"href":"https:\/\/www.morenaelettrodomestici.com\/en\/wp-json\/wp\/v2\/product"}],"about":[{"href":"https:\/\/www.morenaelettrodomestici.com\/en\/wp-json\/wp\/v2\/types\/product"}],"version-history":[{"count":3,"href":"https:\/\/www.morenaelettrodomestici.com\/en\/wp-json\/wp\/v2\/product\/43166\/revisions"}],"predecessor-version":[{"id":49528,"href":"https:\/\/www.morenaelettrodomestici.com\/en\/wp-json\/wp\/v2\/product\/43166\/revisions\/49528"}],"wp:featuredmedia":[{"embeddable":true,"href":"https:\/\/www.morenaelettrodomestici.com\/en\/wp-json\/wp\/v2\/media\/49526"}],"wp:attachment":[{"href":"https:\/\/www.morenaelettrodomestici.com\/en\/wp-json\/wp\/v2\/media?parent=43166"}],"wp:term":[{"taxonomy":"product_brand","embeddable":true,"href":"https:\/\/www.morenaelettrodomestici.com\/en\/wp-json\/wp\/v2\/product_brand?post=43166"},{"taxonomy":"product_cat","embeddable":true,"href":"https:\/\/www.morenaelettrodomestici.com\/en\/wp-json\/wp\/v2\/product_cat?post=43166"},{"taxonomy":"product_tag","embeddable":true,"href":"https:\/\/www.morenaelettrodomestici.com\/en\/wp-json\/wp\/v2\/product_tag?post=43166"}],"curies":[{"name":"wp","href":"https:\/\/api.w.org\/{rel}","templated":true}]}}