{"id":43442,"date":"2024-07-15T15:33:45","date_gmt":"2024-07-15T15:33:45","guid":{"rendered":"https:\/\/www.morenaelettrodomestici.com\/?post_type=product&#038;p=43442"},"modified":"2025-08-23T15:16:00","modified_gmt":"2025-08-23T15:16:00","slug":"llg-gbv3200dpy-frigorifero-combinato-387lt-no-frost-silver-d","status":"publish","type":"product","link":"https:\/\/www.morenaelettrodomestici.com\/en\/shop\/llg-gbv3200dpy-frigorifero-combinato-387lt-no-frost-silver-d\/","title":{"rendered":"LG GBV3200DPY Frigorifero Combinato 387LT No Frost SILVER D"},"content":{"rendered":"<h2>\u00c8 perfetto per la tua cucina<\/h2>\n<p>Il design con porte piatte si integra al meglio con l&#8217;arredamento<\/p>\n<h2>Preserva la freschezza dei cibi<\/h2>\n<p>Le nostre tecnologie NatureFRESH\u2122 mantengono i cibi freschi pi\u00f9 a lungo<\/p>\n<h2>Non devi sbrinarlo<\/h2>\n<p>Il sistema Total No Frost evita la creazione di ghiaccio sulle pareti.<\/p>\n<p>&nbsp;<\/p>\n<h2>\u00c8 efficiente e affidabile<\/h2>\n<p>Il nostro compressore \u00e8 garantito 10 anni<\/p>\n<p>Design con porte piatte<\/p>\n<h2>Dai un look moderno alla tua cucina<\/h2>\n<p>Il nostro frigorifero arricchir\u00e0 il tuo ambiente con uno stile essenziale. Le sue porte sono completamente piatte: un design che si abbiner\u00e0 perfettamente al tuo arredamento.<\/p>\n<p>NatureFRESH\u2122<\/p>\n<h2>Preserva la freschezza dei tuoi alimenti<\/h2>\n<p>Ti offriamo le migliori tecnologie per tenere i tuoi cibi freschi pi\u00f9 a lungo.<\/p>\n<p>&nbsp;<\/p>\n<p>&nbsp;<\/p>\n<h2>Fino a 7 giorni di freschezza<\/h2>\n<p>Per conservare meglio i cibi in frigorifero, \u00e8 importante che la temperatura al suo interno resti pi\u00f9 costante possibile. Rispetto ai frigoriferi tradizionali, la nostra tecnologia Linear Cooling\u2122 mantiene la temperatura del frigo costante, con fluttuazioni di solo \u00b10,5\u00b0C. In questo modo puoi conservare i tuoi cibi pi\u00f9 a lungo preservandone la freschezza.<\/p>\n<p>*Immagini al solo scopo illustrativo. Il prodotto reale potrebbe essere diverso da quello nell&#8217;immagine.<br \/>*Test effettuati da UL sulla base della metodologia indicata da LG. Fluttuazioni medie di temperatura misurate picco-picco all&#8217;interno del cassetto di frutta e verdura, con scompartimenti vuoti e con impostazione di temperatura normale. Test effettuati comparando il modello di frigorifero combinato GBB72NSDFN (\u00b10,5\u00b0C). I risultati potrebbero variare in base all&#8217;uso.<br \/>*Test effettuati da UL sulla base della metodologia indicata da LG, utilizzando un cavolo cinese conservato nello scompartimento dei freschi nel modello di frigorifero LG con funzione Linear Cooling. Misurazione del tempo impiegato dal cavolo cinese per ridurre il suo peso del 5%. I risultati potrebbero variare in base all&#8217;uso.<\/p>\n<p>&nbsp;<\/p>\n<p>&nbsp;<\/p>\n<h2>Raffredda il frigo pi\u00f9 rapidamente e omogeneamente<\/h2>\n<p>Hai mai notato che la temperatura del frigorifero non \u00e8 uniforme in tutte le zone? Questo perch\u00e9 le bocchette di aria di solito sono poste sulla parte posteriore, rendendo il raffreddamento della zona della porta meno efficace. Con il sistema Door Cooling\u2122, invece, la bocchetta supplementare posta nella parte superiore raffredda pi\u00f9 velocemente e pi\u00f9 efficacemente le zone del frigo, compresa quella della porta, migliorando la conservazione degli alimenti.<\/p>\n<p>*Test effettuati da UL sulla base della metodologia indicata da LG. Comparazione del tempo necessario per portare la temperatura del balconcino posto in alto sulla porta da 24,8\u00b0C a 8\u00b0C fra il modello senza DoorCooling+ (GBB60NSZHE) e quello con DoorCooling+ (GBB72NSDFN).<br \/>*Immagini al solo scopo illustrativo. Il prodotto reale potrebbe essere diverso da quello nell&#8217;immagine.<br \/>*La funzione DoorCooling+ \u00e8 attiva soltanto quando la porta del frigo \u00e8 chiusa. Quando si apre la porta, il flusso di aria fredda si interrompe automaticamente.<\/p>\n<p>&nbsp;<\/p>\n<p>Aziona contenuti<\/p>\n<h2>&nbsp;<\/h2>\n<p>&nbsp;<\/p>\n<p><img decoding=\"async\" src=\"https:\/\/www.lg.com\/content\/dam\/channel\/wcms\/it\/images\/rf\/HA-REF-F-VB-GBV7280DEV-12-2-NatureFRESH-desktop.jpg\"><\/p>\n<p>&nbsp;<\/p>\n<h2>&nbsp;<\/h2>\n<p>&nbsp;<\/p>\n<p><img decoding=\"async\" src=\"https:\/\/www.lg.com\/content\/dam\/channel\/wcms\/it\/images\/rf\/HA-REF-F-VB-GBV7280DEV-12-3-NatureFRESH-desktop.jpg\" alt=\"Dettaglio del tasto Express Cool posizionato sulla parte superiore del frigorifero.\"><\/p>\n<p>&nbsp;<\/p>\n<p>&nbsp;<\/p>\n<p>&nbsp;<\/p>\n<h2>Niente freezer da sbrinare<\/h2>\n<p>Il sistema di areazione diffusa Multi Air Flow combinato con la tecnologia Total No Frost migliora la conservazione degli alimenti ed evita che si crei il ghiaccio sulle pareti del freezer. Cos\u00ec non dovrai perdere tempo a sbrinarlo.<\/p>\n<p>&nbsp;<\/p>\n<p>&nbsp;<\/p>\n<h2>Ogni cosa ha il suo posto<\/h2>\n<p>Nel nostro frigorifero puoi riporre praticamente tutto ci\u00f2 che vuoi, perch\u00e9 lo abbiamo progettato per essere capiente e versatile.<\/p>\n<p>&nbsp;<\/p>\n<h2>Il tuo vino ha lo spazio che merita<\/h2>\n<p>Il raffinato ripiano in metallo sagomato \u00e8 molto comodo per riporre ordinatamente fino a 5 bottiglie di vino.<\/p>\n<p>&nbsp;<\/p>\n<h2>Cassetto del freezer pi\u00f9 grande<\/h2>\n<p>Grazie al cassetto di grandi dimensioni, puoi congelare anche i cibi ingombranti con pi\u00f9 facilit\u00e0.<\/p>\n<p>Efficiente e affidabile<\/p>\n<h2>Prestazioni garantite nel tempo<\/h2>\n<p>Siamo cos\u00ec sicuri delle prestazioni del nostro compressore Smart Inverter\u2122 che lo garantiamo per ben 10 anni. In pi\u00f9, il compressore regola la velocit\u00e0 del motore in base alle necessit\u00e0 di raffreddamento, migliorando l&#8217;efficienza energetica del frigorifero.<\/p>\n<h3>Tutte le specifiche<\/h3>\n<h4>CARATTERISTICHE BASE<\/h4>\n<p>Tipologia di prodotto<\/p>\n<p>Combinato<\/p>\n<p>Profondit\u00e0 standard\/piano<\/p>\n<p>Profondit\u00e0 piano<\/p>\n<p>Classe di efficienza energetica<\/p>\n<p>D<\/p>\n<h4>CARATTERISTICHE<\/h4>\n<p>Door Cooling+\u2122<\/p>\n<p>S\u00ec<\/p>\n<p>LINEAR Cooling<\/p>\n<p>S\u00ec<\/p>\n<h4>CAPACIT\u00c0<\/h4>\n<p>Capacit\u00e0 totale (litri)<\/p>\n<p>387<\/p>\n<p>Capacit\u00e0 del congelatore (litri)<\/p>\n<p>110<\/p>\n<p>Capacit\u00e0 del frigorifero (litri)<\/p>\n<p>233<\/p>\n<p>Capacit\u00e0 del comparto Chiller (litri)<\/p>\n<p>44<\/p>\n<h4>COMANDI E DISPLAY<\/h4>\n<p>Avviso porta aperta<\/p>\n<p>S\u00ec<\/p>\n<p>Display LED interno<\/p>\n<p>S\u00ec<\/p>\n<p>Express Freeze<\/p>\n<p>S\u00ec<\/p>\n<p>Blocco bambini<\/p>\n<p>No<\/p>\n<h4>DESIGN E FINITURE<\/h4>\n<p>Materiale delle porte<\/p>\n<p>VCM<\/p>\n<p>Finitura e colore delle porte<\/p>\n<p>Prime Silver<\/p>\n<p>Metal Fresh<\/p>\n<p>Bianco (interno)<\/p>\n<p>Tipologia di maniglie<\/p>\n<p>Tasca orizzontale<\/p>\n<h4>PRESTAZIONI<\/h4>\n<p>Tipo di compressore<\/p>\n<p>Compressore Smart Inverter<\/p>\n<p>Consumo energetico (kWh\/anno)<\/p>\n<p>217<\/p>\n<p>Classe climatica<\/p>\n<p>T<\/p>\n<p>Rumorosit\u00e0 (dB)<\/p>\n<p>35<\/p>\n<p>Classe di rumorosit\u00e0<\/p>\n<p>B<\/p>\n<h4>FUNZIONI SMART<\/h4>\n<p>Smart Diagnosis<\/p>\n<p>S\u00ec<\/p>\n<p>Wi-Fi con app ThinQ<\/p>\n<p>No<\/p>\n<h4>COMPARTO FRIGO<\/h4>\n<p>Balconcini trasparenti<\/p>\n<p>4<\/p>\n<p>Illuminazione interna<\/p>\n<p>LED superiore<\/p>\n<p>Ripiani in vetro temperato<\/p>\n<p>3<\/p>\n<p>Cassetto frutta e verdura<\/p>\n<p>2<\/p>\n<p>Cassetto con griglia salvafreschezza<\/p>\n<p>S\u00ec<\/p>\n<p>Ripiano portabottiglie<\/p>\n<p>Completo<\/p>\n<p>Cassetto Zero gradi<\/p>\n<p>S\u00ec<\/p>\n<p>Multi-Air Flow<\/p>\n<p>S\u00ec<\/p>\n<p>Folding Shelf<\/p>\n<p>No<\/p>\n<p>Filtro Pure N Fresh<\/p>\n<p>No<\/p>\n<p>Fresh Converter<\/p>\n<p>S\u00ec<\/p>\n<h4>COMPARTO FREEZER<\/h4>\n<p>Cassetti<\/p>\n<p>3 trasparenti<\/p>\n<h4>DISPENSER ACQUA E GHIACCIO<\/h4>\n<p>Fabbricatore manuale del ghiaccio<\/p>\n<p>No<\/p>\n<p>Dispenser di sola acqua<\/p>\n<p>No<\/p>\n<p>Fabbricatore automatico del ghiaccio<\/p>\n<p>No<\/p>\n<h4>DIMENSIONI E PESO<\/h4>\n<p>Peso con imballo (kg)<\/p>\n<p>81<\/p>\n<p>Dimensioni (L x A x P) (mm)<\/p>\n<p>595 x 2.030 x 682<\/p>\n<p>Peso (kg)<\/p>\n<p>78<\/p>\n<p>Profondit\u00e0 senza porte (mm)<\/p>\n<p>608<\/p>\n<p>Profondit\u00e0 con la maniglia (mm)<\/p>\n<p>682<\/p>\n<p>Altezza della struttura (mm)<\/p>\n<p>2.030<\/p>\n<p>Altezza massima (dal punto pi\u00f9 alto misurabile) (mm)<\/p>\n<p>2.030<\/p>\n<h4>CODICE EAN<\/h4>\n<p>Codice a barre<\/p>\n<p>8806084128645<\/p>","protected":false},"excerpt":{"rendered":"<p>Dimensioni:LXAXP 60\u00d720.3\u00d767.5cm<\/p>\n<p>FRIGORIFERO TOTAL NO FROST<\/p>\n<p>COMPRESSORE SMART INVERTER<\/p>\n<p>SISTEMA DOOR COOLING-TECNOLOGIA LINEAR COOLING<\/p>\n<p>&nbsp;<\/p>\n<p>&nbsp;<\/p>\n<p>&nbsp;<\/p>","protected":false},"featured_media":49798,"template":"","meta":[],"product_brand":[],"product_cat":[108,107,88],"product_tag":[767,741],"class_list":{"0":"post-43442","1":"product","2":"type-product","3":"status-publish","4":"has-post-thumbnail","6":"product_cat-combinato","7":"product_cat-frigoriferi","8":"product_cat-grandi-elettrodomestici","9":"product_tag-frigorifero","10":"product_tag-lg","11":"pa_colore-silver","12":"pa_larghezza-60cm","13":"pa_marca-lg","15":"first","16":"instock","17":"sale","18":"taxable","19":"shipping-taxable","20":"purchasable","21":"product-type-simple"},"yoast_head":"<!-- This site is optimized with the Yoast SEO plugin v27.6 - https:\/\/yoast.com\/product\/yoast-seo-wordpress\/ -->\n<title>LG GBV3200DPY Frigorifero Combinato 387LT No Frost SILVER D - Morena Elettrodomestici<\/title>\n<meta name=\"description\" content=\"Acquista LG GBV3200DPY Frigorifero Combinato 387LT No Frost SILVER D su Morena Elettrodomestici. Il tuo Negozio di Fiducia online con prezzi competitivi e prodotti di alta qualit\u00e0!\" \/>\n<meta name=\"robots\" content=\"index, follow, max-snippet:-1, max-image-preview:large, max-video-preview:-1\" \/>\n<link rel=\"canonical\" href=\"https:\/\/www.morenaelettrodomestici.com\/en\/shop\/llg-gbv3200dpy-frigorifero-combinato-387lt-no-frost-silver-d\/\" \/>\n<meta property=\"og:locale\" content=\"en_GB\" \/>\n<meta property=\"og:type\" content=\"article\" \/>\n<meta property=\"og:title\" content=\"LG GBV3200DPY Frigorifero Combinato 387LT No Frost SILVER D - Morena Elettrodomestici\" \/>\n<meta property=\"og:description\" content=\"Acquista LG GBV3200DPY Frigorifero Combinato 387LT No Frost SILVER D su Morena Elettrodomestici. Il tuo Negozio di Fiducia online con prezzi competitivi e prodotti di alta qualit\u00e0!\" \/>\n<meta property=\"og:url\" content=\"https:\/\/www.morenaelettrodomestici.com\/en\/shop\/llg-gbv3200dpy-frigorifero-combinato-387lt-no-frost-silver-d\/\" \/>\n<meta property=\"og:site_name\" content=\"Morena Elettrodomestici\" \/>\n<meta property=\"article:publisher\" content=\"https:\/\/www.facebook.com\/morenaelettrodomestici\/\" \/>\n<meta property=\"article:modified_time\" content=\"2025-08-23T15:16:00+00:00\" \/>\n<meta name=\"twitter:card\" content=\"summary_large_image\" \/>\n<meta name=\"twitter:label1\" content=\"Estimated reading time\" \/>\n\t<meta name=\"twitter:data1\" content=\"4 minutes\" \/>\n<script type=\"application\/ld+json\" class=\"yoast-schema-graph\">{\"@context\":\"https:\\\/\\\/schema.org\",\"@graph\":[{\"@type\":\"WebPage\",\"@id\":\"https:\\\/\\\/www.morenaelettrodomestici.com\\\/shop\\\/llg-gbv3200dpy-frigorifero-combinato-387lt-no-frost-silver-d\\\/\",\"url\":\"https:\\\/\\\/www.morenaelettrodomestici.com\\\/shop\\\/llg-gbv3200dpy-frigorifero-combinato-387lt-no-frost-silver-d\\\/\",\"name\":\"LG GBV3200DPY Frigorifero Combinato 387LT No Frost SILVER D - Morena Elettrodomestici\",\"isPartOf\":{\"@id\":\"https:\\\/\\\/www.morenaelettrodomestici.com\\\/#website\"},\"primaryImageOfPage\":{\"@id\":\"https:\\\/\\\/www.morenaelettrodomestici.com\\\/shop\\\/llg-gbv3200dpy-frigorifero-combinato-387lt-no-frost-silver-d\\\/#primaryimage\"},\"image\":{\"@id\":\"https:\\\/\\\/www.morenaelettrodomestici.com\\\/shop\\\/llg-gbv3200dpy-frigorifero-combinato-387lt-no-frost-silver-d\\\/#primaryimage\"},\"thumbnailUrl\":\"https:\\\/\\\/www.morenaelettrodomestici.com\\\/wp-content\\\/uploads\\\/2025\\\/08\\\/9424.jpg\",\"datePublished\":\"2024-07-15T15:33:45+00:00\",\"dateModified\":\"2025-08-23T15:16:00+00:00\",\"description\":\"Acquista LG GBV3200DPY Frigorifero Combinato 387LT No Frost SILVER D su Morena Elettrodomestici. Il tuo Negozio di Fiducia online con prezzi competitivi e prodotti di alta qualit\u00e0!\",\"breadcrumb\":{\"@id\":\"https:\\\/\\\/www.morenaelettrodomestici.com\\\/shop\\\/llg-gbv3200dpy-frigorifero-combinato-387lt-no-frost-silver-d\\\/#breadcrumb\"},\"inLanguage\":\"en-GB\",\"potentialAction\":[{\"@type\":\"ReadAction\",\"target\":[\"https:\\\/\\\/www.morenaelettrodomestici.com\\\/shop\\\/llg-gbv3200dpy-frigorifero-combinato-387lt-no-frost-silver-d\\\/\"]}]},{\"@type\":\"ImageObject\",\"inLanguage\":\"en-GB\",\"@id\":\"https:\\\/\\\/www.morenaelettrodomestici.com\\\/shop\\\/llg-gbv3200dpy-frigorifero-combinato-387lt-no-frost-silver-d\\\/#primaryimage\",\"url\":\"https:\\\/\\\/www.morenaelettrodomestici.com\\\/wp-content\\\/uploads\\\/2025\\\/08\\\/9424.jpg\",\"contentUrl\":\"https:\\\/\\\/www.morenaelettrodomestici.com\\\/wp-content\\\/uploads\\\/2025\\\/08\\\/9424.jpg\",\"width\":300,\"height\":300},{\"@type\":\"BreadcrumbList\",\"@id\":\"https:\\\/\\\/www.morenaelettrodomestici.com\\\/shop\\\/llg-gbv3200dpy-frigorifero-combinato-387lt-no-frost-silver-d\\\/#breadcrumb\",\"itemListElement\":[{\"@type\":\"ListItem\",\"position\":1,\"name\":\"Home\",\"item\":\"https:\\\/\\\/www.morenaelettrodomestici.com\\\/\"},{\"@type\":\"ListItem\",\"position\":2,\"name\":\"Shop\",\"item\":\"https:\\\/\\\/www.morenaelettrodomestici.com\\\/shop\\\/\"},{\"@type\":\"ListItem\",\"position\":3,\"name\":\"LG GBV3200DPY Frigorifero Combinato 387LT No Frost SILVER D\"}]},{\"@type\":\"WebSite\",\"@id\":\"https:\\\/\\\/www.morenaelettrodomestici.com\\\/#website\",\"url\":\"https:\\\/\\\/www.morenaelettrodomestici.com\\\/\",\"name\":\"Morena\",\"description\":\"I migliori elettrodomestici a prezzi folli\",\"publisher\":{\"@id\":\"https:\\\/\\\/www.morenaelettrodomestici.com\\\/#organization\"},\"potentialAction\":[{\"@type\":\"SearchAction\",\"target\":{\"@type\":\"EntryPoint\",\"urlTemplate\":\"https:\\\/\\\/www.morenaelettrodomestici.com\\\/?s={search_term_string}\"},\"query-input\":{\"@type\":\"PropertyValueSpecification\",\"valueRequired\":true,\"valueName\":\"search_term_string\"}}],\"inLanguage\":\"en-GB\"},{\"@type\":\"Organization\",\"@id\":\"https:\\\/\\\/www.morenaelettrodomestici.com\\\/#organization\",\"name\":\"Morena Elettrodomestici\",\"url\":\"https:\\\/\\\/www.morenaelettrodomestici.com\\\/\",\"logo\":{\"@type\":\"ImageObject\",\"inLanguage\":\"en-GB\",\"@id\":\"https:\\\/\\\/www.morenaelettrodomestici.com\\\/#\\\/schema\\\/logo\\\/image\\\/\",\"url\":\"https:\\\/\\\/www.morenaelettrodomestici.com\\\/wp-content\\\/uploads\\\/2024\\\/05\\\/logo_Morena_srls-TRASPARENTE.png\",\"contentUrl\":\"https:\\\/\\\/www.morenaelettrodomestici.com\\\/wp-content\\\/uploads\\\/2024\\\/05\\\/logo_Morena_srls-TRASPARENTE.png\",\"width\":2264,\"height\":718,\"caption\":\"Morena Elettrodomestici\"},\"image\":{\"@id\":\"https:\\\/\\\/www.morenaelettrodomestici.com\\\/#\\\/schema\\\/logo\\\/image\\\/\"},\"sameAs\":[\"https:\\\/\\\/www.facebook.com\\\/morenaelettrodomestici\\\/\",\"https:\\\/\\\/www.instagram.com\\\/morena.elettrodomestici\\\/\",\"https:\\\/\\\/www.linkedin.com\\\/company-beta\\\/10507375\\\/\",\"https:\\\/\\\/www.youtube.com\\\/channel\\\/UCgdTfdgRUeVEnhI2Z4GRlFA\"]}]}<\/script>\n<!-- \/ Yoast SEO plugin. -->","yoast_head_json":{"title":"LG GBV3200DPY Frigorifero Combinato 387LT No Frost SILVER D - Morena Elettrodomestici","description":"Acquista LG GBV3200DPY Frigorifero Combinato 387LT No Frost SILVER D su Morena Elettrodomestici. Il tuo Negozio di Fiducia online con prezzi competitivi e prodotti di alta qualit\u00e0!","robots":{"index":"index","follow":"follow","max-snippet":"max-snippet:-1","max-image-preview":"max-image-preview:large","max-video-preview":"max-video-preview:-1"},"canonical":"https:\/\/www.morenaelettrodomestici.com\/en\/shop\/llg-gbv3200dpy-frigorifero-combinato-387lt-no-frost-silver-d\/","og_locale":"en_GB","og_type":"article","og_title":"LG GBV3200DPY Frigorifero Combinato 387LT No Frost SILVER D - Morena Elettrodomestici","og_description":"Acquista LG GBV3200DPY Frigorifero Combinato 387LT No Frost SILVER D su Morena Elettrodomestici. Il tuo Negozio di Fiducia online con prezzi competitivi e prodotti di alta qualit\u00e0!","og_url":"https:\/\/www.morenaelettrodomestici.com\/en\/shop\/llg-gbv3200dpy-frigorifero-combinato-387lt-no-frost-silver-d\/","og_site_name":"Morena Elettrodomestici","article_publisher":"https:\/\/www.facebook.com\/morenaelettrodomestici\/","article_modified_time":"2025-08-23T15:16:00+00:00","twitter_card":"summary_large_image","twitter_misc":{"Estimated reading time":"4 minutes"},"schema":{"@context":"https:\/\/schema.org","@graph":[{"@type":"WebPage","@id":"https:\/\/www.morenaelettrodomestici.com\/shop\/llg-gbv3200dpy-frigorifero-combinato-387lt-no-frost-silver-d\/","url":"https:\/\/www.morenaelettrodomestici.com\/shop\/llg-gbv3200dpy-frigorifero-combinato-387lt-no-frost-silver-d\/","name":"LG GBV3200DPY Frigorifero Combinato 387LT No Frost SILVER D - Morena Elettrodomestici","isPartOf":{"@id":"https:\/\/www.morenaelettrodomestici.com\/#website"},"primaryImageOfPage":{"@id":"https:\/\/www.morenaelettrodomestici.com\/shop\/llg-gbv3200dpy-frigorifero-combinato-387lt-no-frost-silver-d\/#primaryimage"},"image":{"@id":"https:\/\/www.morenaelettrodomestici.com\/shop\/llg-gbv3200dpy-frigorifero-combinato-387lt-no-frost-silver-d\/#primaryimage"},"thumbnailUrl":"https:\/\/www.morenaelettrodomestici.com\/wp-content\/uploads\/2025\/08\/9424.jpg","datePublished":"2024-07-15T15:33:45+00:00","dateModified":"2025-08-23T15:16:00+00:00","description":"Acquista LG GBV3200DPY Frigorifero Combinato 387LT No Frost SILVER D su Morena Elettrodomestici. Il tuo Negozio di Fiducia online con prezzi competitivi e prodotti di alta qualit\u00e0!","breadcrumb":{"@id":"https:\/\/www.morenaelettrodomestici.com\/shop\/llg-gbv3200dpy-frigorifero-combinato-387lt-no-frost-silver-d\/#breadcrumb"},"inLanguage":"en-GB","potentialAction":[{"@type":"ReadAction","target":["https:\/\/www.morenaelettrodomestici.com\/shop\/llg-gbv3200dpy-frigorifero-combinato-387lt-no-frost-silver-d\/"]}]},{"@type":"ImageObject","inLanguage":"en-GB","@id":"https:\/\/www.morenaelettrodomestici.com\/shop\/llg-gbv3200dpy-frigorifero-combinato-387lt-no-frost-silver-d\/#primaryimage","url":"https:\/\/www.morenaelettrodomestici.com\/wp-content\/uploads\/2025\/08\/9424.jpg","contentUrl":"https:\/\/www.morenaelettrodomestici.com\/wp-content\/uploads\/2025\/08\/9424.jpg","width":300,"height":300},{"@type":"BreadcrumbList","@id":"https:\/\/www.morenaelettrodomestici.com\/shop\/llg-gbv3200dpy-frigorifero-combinato-387lt-no-frost-silver-d\/#breadcrumb","itemListElement":[{"@type":"ListItem","position":1,"name":"Home","item":"https:\/\/www.morenaelettrodomestici.com\/"},{"@type":"ListItem","position":2,"name":"Shop","item":"https:\/\/www.morenaelettrodomestici.com\/shop\/"},{"@type":"ListItem","position":3,"name":"LG GBV3200DPY Frigorifero Combinato 387LT No Frost SILVER D"}]},{"@type":"WebSite","@id":"https:\/\/www.morenaelettrodomestici.com\/#website","url":"https:\/\/www.morenaelettrodomestici.com\/","name":"Morena","description":"I migliori elettrodomestici a prezzi folli","publisher":{"@id":"https:\/\/www.morenaelettrodomestici.com\/#organization"},"potentialAction":[{"@type":"SearchAction","target":{"@type":"EntryPoint","urlTemplate":"https:\/\/www.morenaelettrodomestici.com\/?s={search_term_string}"},"query-input":{"@type":"PropertyValueSpecification","valueRequired":true,"valueName":"search_term_string"}}],"inLanguage":"en-GB"},{"@type":"Organization","@id":"https:\/\/www.morenaelettrodomestici.com\/#organization","name":"Morena Elettrodomestici","url":"https:\/\/www.morenaelettrodomestici.com\/","logo":{"@type":"ImageObject","inLanguage":"en-GB","@id":"https:\/\/www.morenaelettrodomestici.com\/#\/schema\/logo\/image\/","url":"https:\/\/www.morenaelettrodomestici.com\/wp-content\/uploads\/2024\/05\/logo_Morena_srls-TRASPARENTE.png","contentUrl":"https:\/\/www.morenaelettrodomestici.com\/wp-content\/uploads\/2024\/05\/logo_Morena_srls-TRASPARENTE.png","width":2264,"height":718,"caption":"Morena Elettrodomestici"},"image":{"@id":"https:\/\/www.morenaelettrodomestici.com\/#\/schema\/logo\/image\/"},"sameAs":["https:\/\/www.facebook.com\/morenaelettrodomestici\/","https:\/\/www.instagram.com\/morena.elettrodomestici\/","https:\/\/www.linkedin.com\/company-beta\/10507375\/","https:\/\/www.youtube.com\/channel\/UCgdTfdgRUeVEnhI2Z4GRlFA"]}]}},"_links":{"self":[{"href":"https:\/\/www.morenaelettrodomestici.com\/en\/wp-json\/wp\/v2\/product\/43442","targetHints":{"allow":["GET"]}}],"collection":[{"href":"https:\/\/www.morenaelettrodomestici.com\/en\/wp-json\/wp\/v2\/product"}],"about":[{"href":"https:\/\/www.morenaelettrodomestici.com\/en\/wp-json\/wp\/v2\/types\/product"}],"version-history":[{"count":0,"href":"https:\/\/www.morenaelettrodomestici.com\/en\/wp-json\/wp\/v2\/product\/43442\/revisions"}],"wp:featuredmedia":[{"embeddable":true,"href":"https:\/\/www.morenaelettrodomestici.com\/en\/wp-json\/wp\/v2\/media\/49798"}],"wp:attachment":[{"href":"https:\/\/www.morenaelettrodomestici.com\/en\/wp-json\/wp\/v2\/media?parent=43442"}],"wp:term":[{"taxonomy":"product_brand","embeddable":true,"href":"https:\/\/www.morenaelettrodomestici.com\/en\/wp-json\/wp\/v2\/product_brand?post=43442"},{"taxonomy":"product_cat","embeddable":true,"href":"https:\/\/www.morenaelettrodomestici.com\/en\/wp-json\/wp\/v2\/product_cat?post=43442"},{"taxonomy":"product_tag","embeddable":true,"href":"https:\/\/www.morenaelettrodomestici.com\/en\/wp-json\/wp\/v2\/product_tag?post=43442"}],"curies":[{"name":"wp","href":"https:\/\/api.w.org\/{rel}","templated":true}]}}