{"id":43819,"date":"2024-07-15T15:39:04","date_gmt":"2024-07-15T15:39:04","guid":{"rendered":"https:\/\/www.morenaelettrodomestici.com\/?post_type=product&#038;p=43819"},"modified":"2025-05-17T06:00:42","modified_gmt":"2025-05-17T06:00:42","slug":"hisense-rf632n4wif-frigorifero-4-porte-70cm-f-no-frost","status":"publish","type":"product","link":"https:\/\/www.morenaelettrodomestici.com\/en\/shop\/hisense-rf632n4wif-frigorifero-4-porte-70cm-f-no-frost\/","title":{"rendered":"HISENSE RF632N4WIF Frigorifero 4 PORTE 70cm F No-Frost"},"content":{"rendered":"<p><strong>Pi\u00f9 spazio nello stesso spazio<br \/>\nTECNOLOGIA SPACEMAX\u2122<\/strong><br \/>\nQuesto frigorifero extra large da 385 litri* garantisce una capacit\u00e0 interna superiore con una profondit\u00e0 standard di 60 cm, allineandosi perfettamente con gli altri mobili della cucina, infatti sborda solamente la porta. L&#8217;isolante altamente efficiente della tecnologia SpaceMax\u2122 consente di ridurre notevolmente lo spessore delle pareti, creando pi\u00f9 spazio per la conservazione degli alimenti, senza antiestetiche sporgenze esterne.<br \/>\nPi\u00f9 spazio nello stesso spazio* La capacit\u00e0 varia a seconda del modello.<br \/>\n<strong>Freddo uniforme ovunque<br \/>\nALL AROUND COOLING<\/strong><br \/>\nLa sicurezza di un raffreddamento adeguato &#8211; in ogni zona del frigorifero. Il sistema All Around Cooling garantisce un freddo uniforme in ogni zona del frigorifero. Controlla costantemente la temperatura e fa circolare l&#8217;aria fredda attraverso bocchette collocate in posizioni strategiche. In questo modo ogni ripiano viene raffreddato in modo ottimale e gli alimenti rimangono pi\u00f9 freschi.<br \/>\n<strong>Freddo uniforme ovunque<br \/>\nTOTAL NO FROST<\/strong><br \/>\nEvita di sprecare tempo ed energia per sbrinare il frigorifero. La tecnologia Total no frost ottimizza la circolazione dell&#8217;aria per mantenere una temperatura costante che impedisce la formazione di ghiaccio. Inoltre raggiunge la temperatura impostata molto pi\u00f9 rapidamente, richiedendo meno energia al sistema di raffreddamento che dura quindi pi\u00f9 a lungo.<br \/>\n<strong>HUMIDITY FRESH +<\/strong><br \/>\nPreserva pi\u00f9 a lungo la consistenza, il gusto e il sapore originali degli alimenti deperibili. Nel cassetto Humidity Fresh + l&#8217;umidit\u00e0 pu\u00f2 essere regolata semplicemente ruotando la manopola. Crea l&#8217;ambiente ideale per conservare diversi tipi di frutta e verdura in modo che rimangano croccanti, freschi e succosi.<br \/>\n<strong>POWER COOL \/ POWER FREEZE<\/strong><br \/>\nAnche la velocit\u00e0 \u00e8 importante. Premendo un pulsante, la funzione Power Cool fa circolare velocemente aria fredda nel frigorifero per raffreddare rapidamente cibi e bevande. La funzione Power Freeze crea un rapido getto di aria fredda nel freezer. \u00c8 il massimo per congelare o raffreddare i cibi al punto giusto, ma anche per preparare il ghiaccio.<br \/>\n<strong>DESIGN ESSENZIALE E PERFETTAMENTE ALLINEATO<\/strong><br \/>\nPer una casa dall&#8217;aspetto elegante e armonioso. La sua profondit\u00e0 standard di 60 cm \u00e8 perfettamente allineata a quella degli altri mobili della cucina. Dotato di eleganti porte piatte, con dispenser dell&#8217;acqua integrato * e Clean Back. L&#8217;interno minimalista presenta un display nascosto, un ripiano per il vino e contenitori e cassetti per gli alimenti*.<br \/>\nElegante e armoniosamente integrato* Opzionali. Disponibili solo in alcuni modelli.<br \/>\nBottiglie pi\u00f9 grandi e in maggior quantit\u00e0 nella porta<br \/>\n<strong>GRANDE BALCONCINO<\/strong><br \/>\nPer conservare le bottiglie pi\u00f9 grandi, fino a due litri, evitando di occupare spazio sul ripiano. Un balconcino pi\u00f9 largo e profondo consente di conservare in modo sicuro le bottiglie grandi, cartoni ingombranti e un maggior numero di bevande. Ottimo per avere a portata di mano, in qualsiasi momento, le proprie bevande fresche preferite.<br \/>\nBottiglie pi\u00f9 grandi e in maggior quantit\u00e0 nella porta<br \/>\nMaggior durata e consumi inferiori<br \/>\n<strong>TECNOLOGIA DIGITAL INVERTER<\/strong><br \/>\nDesideri maggiore efficienza energetica, meno rumori e prestazioni pi\u00f9 durature? Il compressore Digital Inverter regola automaticamente la propria velocit\u00e0 in base all&#8217;effettiva necessit\u00e0 di raffreddamento. Quindi \u00e8 pi\u00f9 silenzioso, consuma molta meno energia, supportato da una garanzia di 20 anni*.<br \/>\nMaggior durata e consumi inferiori* La garanzia di 20 anni \u00e8 limitata esclusivamente al compressore.<br \/>\nRetro di facile pulizia, durevole e protettivo<br \/>\nCLEAN BACK<br \/>\nPulire il retro del frigorifero ora \u00e8 molto pi\u00f9 facile. Il Clean Back \u00e8 una copertura di sicurezza completamente liscia che protegge cavi e serpentine. Oltre ad avere un&#8217;estetica elegante, pu\u00f2 essere pulito facilmente e garantisce una maggior durata. Impedisce l&#8217;accumulo di sporco intorno ai componenti e li protegge dagli urti.<br \/>\nRetro di facile pulizia, durevole e protettivo<br \/>\n<strong>Design<\/strong><br \/>\nPosizionamento dell&#8217;apparecchio\tLibera installazione<br \/>\nColore del prodotto\tArgento<br \/>\nDisplay incorporato\tS\u00ec<br \/>\nCerniera porta\tDestra<br \/>\nPorte reversibili\tS\u00ec<br \/>\nMezzo refrigerante\tR600a<br \/>\nMateriale ripiano\tVetro<br \/>\nPrestazione<br \/>\nCapacit\u00e0 netta totale\t340 L<br \/>\nClasse climatica\tSN-T<br \/>\nClasse emissione rumore\tB<br \/>\nEmissione acustica\t35 dB<br \/>\nCapacit\u00e0 lorda totale\t355 L<br \/>\nFrigorifero<br \/>\nCapacit\u00e0 netta frigorifero\t228 L<br \/>\nNo Frost (frigorifero)\tS\u00ec<br \/>\nNumero di ripiani frigorifero\t4<br \/>\nNumero di cassetti per verdura\t1<br \/>\nFunzione Super Cool\tS\u00ec<br \/>\nCapacit\u00e0 lorda frigorifero\t231 L<br \/>\nLuce interna\tS\u00ec<br \/>\nTipo di lampada\tLED<br \/>\nPorta uova\tS\u00ec<br \/>\nCongelatore<br \/>\nPosizione del congelatore\tPosto in basso<br \/>\nCapacit\u00e0 netta congelatore\t112 L<br \/>\nCapacit\u00e0 di congelamento\t13 kg\/24h<br \/>\nAutonomia senza energia elettrica\t18 h<br \/>\nNo Frost (congelatore)\tS\u00ec<br \/>\nNumero di ripiani congelatore\t3<br \/>\nFunzione congelamento veloce\tS\u00ec<br \/>\nCapacit\u00e0 lorda congelatore\t124 L<br \/>\nVaschetta del ghiaccio\tS\u00ec<br \/>\n<strong>Zona fresca<\/strong><br \/>\nCompartimento zona fresca\tS\u00ec<br \/>\nErgonomia<br \/>\nAllarme porta aperta\tS\u00ec<br \/>\nGestione energetica<br \/>\nClasse efficienza energetica\tE<br \/>\nConsumo energetico annuo\t256 kWh<br \/>\nScala di efficienza energetica\tDa A a G<br \/>\n<strong>Dimensioni e peso<\/strong><br \/>\nLarghezza\t595 mm<br \/>\nProfondit\u00e0\t658 mm<br \/>\nAltezza\t1853 mm<br \/>\nProfondit\u00e0 senza maniglia\t65,8 cm<br \/>\nPeso\t66 kg<br \/>\nLarghezza imballo\t637 mm<br \/>\nProfondit\u00e0 imballo\t740 mm<br \/>\nAltezza imballo\t1935 mm<br \/>\nPeso dell&#8217;imballo\t69 kg<\/p>","protected":false},"excerpt":{"rendered":"<p>&#8216;- Classe F<br \/>\n-Tecnologia Total No Frost<br \/>\n-Inverter<br \/>\n-DISPENSER DI ACQUA<br \/>\n-METAL COOLING<br \/>\n&#8211; Dimensioni(AxLxP) 200x70x69cm<\/p>","protected":false},"featured_media":43994,"template":"","meta":[],"product_brand":[],"product_cat":[107,337,88],"product_tag":[406,480],"class_list":{"0":"post-43819","1":"product","2":"type-product","3":"status-publish","4":"has-post-thumbnail","6":"product_cat-frigoriferi","7":"product_cat-frigorifero-side-by-side-4-porte","8":"product_cat-grandi-elettrodomestici","9":"product_tag-frigo-combinato","10":"product_tag-hisense","11":"pa_colore-acciaio-inox","12":"pa_larghezza-70cm","13":"pa_marca-hisense","15":"first","16":"instock","17":"sale","18":"purchasable","19":"product-type-simple"},"yoast_head":"<!-- This site is optimized with the Yoast SEO plugin v27.5 - https:\/\/yoast.com\/product\/yoast-seo-wordpress\/ -->\n<title>HISENSE RF632N4WIF Frigorifero 4 PORTE 70cm F No-Frost - Morena Elettrodomestici<\/title>\n<meta name=\"description\" content=\"Acquista HISENSE RF632N4WIF Frigorifero 4 PORTE 70cm F No-Frost su Morena Elettrodomestici. Il tuo Negozio di Fiducia online con prezzi competitivi e prodotti di alta qualit\u00e0!\" \/>\n<meta name=\"robots\" content=\"index, follow, max-snippet:-1, max-image-preview:large, max-video-preview:-1\" \/>\n<link rel=\"canonical\" href=\"https:\/\/www.morenaelettrodomestici.com\/en\/shop\/hisense-rf632n4wif-frigorifero-4-porte-70cm-f-no-frost\/\" \/>\n<meta property=\"og:locale\" content=\"en_GB\" \/>\n<meta property=\"og:type\" content=\"article\" \/>\n<meta property=\"og:title\" content=\"HISENSE RF632N4WIF Frigorifero 4 PORTE 70cm F No-Frost - Morena Elettrodomestici\" \/>\n<meta property=\"og:description\" content=\"Acquista HISENSE RF632N4WIF Frigorifero 4 PORTE 70cm F No-Frost su Morena Elettrodomestici. Il tuo Negozio di Fiducia online con prezzi competitivi e prodotti di alta qualit\u00e0!\" \/>\n<meta property=\"og:url\" content=\"https:\/\/www.morenaelettrodomestici.com\/en\/shop\/hisense-rf632n4wif-frigorifero-4-porte-70cm-f-no-frost\/\" \/>\n<meta property=\"og:site_name\" content=\"Morena Elettrodomestici\" \/>\n<meta property=\"article:publisher\" content=\"https:\/\/www.facebook.com\/morenaelettrodomestici\/\" \/>\n<meta property=\"article:modified_time\" content=\"2025-05-17T06:00:42+00:00\" \/>\n<meta property=\"og:image\" content=\"https:\/\/www.morenaelettrodomestici.com\/wp-content\/uploads\/2024\/07\/Progetto-senza-titolo-14-5.png\" \/>\n\t<meta property=\"og:image:width\" content=\"300\" \/>\n\t<meta property=\"og:image:height\" content=\"300\" \/>\n\t<meta property=\"og:image:type\" content=\"image\/png\" \/>\n<meta name=\"twitter:card\" content=\"summary_large_image\" \/>\n<meta name=\"twitter:label1\" content=\"Estimated reading time\" \/>\n\t<meta name=\"twitter:data1\" content=\"4 minutes\" \/>\n<script type=\"application\/ld+json\" class=\"yoast-schema-graph\">{\"@context\":\"https:\\\/\\\/schema.org\",\"@graph\":[{\"@type\":\"WebPage\",\"@id\":\"https:\\\/\\\/www.morenaelettrodomestici.com\\\/shop\\\/hisense-rf632n4wif-frigorifero-4-porte-70cm-f-no-frost\\\/\",\"url\":\"https:\\\/\\\/www.morenaelettrodomestici.com\\\/shop\\\/hisense-rf632n4wif-frigorifero-4-porte-70cm-f-no-frost\\\/\",\"name\":\"HISENSE RF632N4WIF Frigorifero 4 PORTE 70cm F No-Frost - Morena Elettrodomestici\",\"isPartOf\":{\"@id\":\"https:\\\/\\\/www.morenaelettrodomestici.com\\\/#website\"},\"primaryImageOfPage\":{\"@id\":\"https:\\\/\\\/www.morenaelettrodomestici.com\\\/shop\\\/hisense-rf632n4wif-frigorifero-4-porte-70cm-f-no-frost\\\/#primaryimage\"},\"image\":{\"@id\":\"https:\\\/\\\/www.morenaelettrodomestici.com\\\/shop\\\/hisense-rf632n4wif-frigorifero-4-porte-70cm-f-no-frost\\\/#primaryimage\"},\"thumbnailUrl\":\"https:\\\/\\\/www.morenaelettrodomestici.com\\\/wp-content\\\/uploads\\\/2024\\\/07\\\/Progetto-senza-titolo-14-5.png\",\"datePublished\":\"2024-07-15T15:39:04+00:00\",\"dateModified\":\"2025-05-17T06:00:42+00:00\",\"description\":\"Acquista HISENSE RF632N4WIF Frigorifero 4 PORTE 70cm F No-Frost su Morena Elettrodomestici. Il tuo Negozio di Fiducia online con prezzi competitivi e prodotti di alta qualit\u00e0!\",\"breadcrumb\":{\"@id\":\"https:\\\/\\\/www.morenaelettrodomestici.com\\\/shop\\\/hisense-rf632n4wif-frigorifero-4-porte-70cm-f-no-frost\\\/#breadcrumb\"},\"inLanguage\":\"en-GB\",\"potentialAction\":[{\"@type\":\"ReadAction\",\"target\":[\"https:\\\/\\\/www.morenaelettrodomestici.com\\\/shop\\\/hisense-rf632n4wif-frigorifero-4-porte-70cm-f-no-frost\\\/\"]}]},{\"@type\":\"ImageObject\",\"inLanguage\":\"en-GB\",\"@id\":\"https:\\\/\\\/www.morenaelettrodomestici.com\\\/shop\\\/hisense-rf632n4wif-frigorifero-4-porte-70cm-f-no-frost\\\/#primaryimage\",\"url\":\"https:\\\/\\\/www.morenaelettrodomestici.com\\\/wp-content\\\/uploads\\\/2024\\\/07\\\/Progetto-senza-titolo-14-5.png\",\"contentUrl\":\"https:\\\/\\\/www.morenaelettrodomestici.com\\\/wp-content\\\/uploads\\\/2024\\\/07\\\/Progetto-senza-titolo-14-5.png\",\"width\":300,\"height\":300},{\"@type\":\"BreadcrumbList\",\"@id\":\"https:\\\/\\\/www.morenaelettrodomestici.com\\\/shop\\\/hisense-rf632n4wif-frigorifero-4-porte-70cm-f-no-frost\\\/#breadcrumb\",\"itemListElement\":[{\"@type\":\"ListItem\",\"position\":1,\"name\":\"Home\",\"item\":\"https:\\\/\\\/www.morenaelettrodomestici.com\\\/\"},{\"@type\":\"ListItem\",\"position\":2,\"name\":\"Shop\",\"item\":\"https:\\\/\\\/www.morenaelettrodomestici.com\\\/shop\\\/\"},{\"@type\":\"ListItem\",\"position\":3,\"name\":\"HISENSE RF632N4WIF Frigorifero 4 PORTE 70cm F No-Frost\"}]},{\"@type\":\"WebSite\",\"@id\":\"https:\\\/\\\/www.morenaelettrodomestici.com\\\/#website\",\"url\":\"https:\\\/\\\/www.morenaelettrodomestici.com\\\/\",\"name\":\"Morena\",\"description\":\"I migliori elettrodomestici a prezzi folli\",\"publisher\":{\"@id\":\"https:\\\/\\\/www.morenaelettrodomestici.com\\\/#organization\"},\"potentialAction\":[{\"@type\":\"SearchAction\",\"target\":{\"@type\":\"EntryPoint\",\"urlTemplate\":\"https:\\\/\\\/www.morenaelettrodomestici.com\\\/?s={search_term_string}\"},\"query-input\":{\"@type\":\"PropertyValueSpecification\",\"valueRequired\":true,\"valueName\":\"search_term_string\"}}],\"inLanguage\":\"en-GB\"},{\"@type\":\"Organization\",\"@id\":\"https:\\\/\\\/www.morenaelettrodomestici.com\\\/#organization\",\"name\":\"Morena Elettrodomestici\",\"url\":\"https:\\\/\\\/www.morenaelettrodomestici.com\\\/\",\"logo\":{\"@type\":\"ImageObject\",\"inLanguage\":\"en-GB\",\"@id\":\"https:\\\/\\\/www.morenaelettrodomestici.com\\\/#\\\/schema\\\/logo\\\/image\\\/\",\"url\":\"https:\\\/\\\/www.morenaelettrodomestici.com\\\/wp-content\\\/uploads\\\/2024\\\/05\\\/logo_Morena_srls-TRASPARENTE.png\",\"contentUrl\":\"https:\\\/\\\/www.morenaelettrodomestici.com\\\/wp-content\\\/uploads\\\/2024\\\/05\\\/logo_Morena_srls-TRASPARENTE.png\",\"width\":2264,\"height\":718,\"caption\":\"Morena Elettrodomestici\"},\"image\":{\"@id\":\"https:\\\/\\\/www.morenaelettrodomestici.com\\\/#\\\/schema\\\/logo\\\/image\\\/\"},\"sameAs\":[\"https:\\\/\\\/www.facebook.com\\\/morenaelettrodomestici\\\/\",\"https:\\\/\\\/www.instagram.com\\\/morena.elettrodomestici\\\/\",\"https:\\\/\\\/www.linkedin.com\\\/company-beta\\\/10507375\\\/\",\"https:\\\/\\\/www.youtube.com\\\/channel\\\/UCgdTfdgRUeVEnhI2Z4GRlFA\"]}]}<\/script>\n<!-- \/ Yoast SEO plugin. -->","yoast_head_json":{"title":"HISENSE RF632N4WIF Frigorifero 4 PORTE 70cm F No-Frost - Morena Elettrodomestici","description":"Acquista HISENSE RF632N4WIF Frigorifero 4 PORTE 70cm F No-Frost su Morena Elettrodomestici. Il tuo Negozio di Fiducia online con prezzi competitivi e prodotti di alta qualit\u00e0!","robots":{"index":"index","follow":"follow","max-snippet":"max-snippet:-1","max-image-preview":"max-image-preview:large","max-video-preview":"max-video-preview:-1"},"canonical":"https:\/\/www.morenaelettrodomestici.com\/en\/shop\/hisense-rf632n4wif-frigorifero-4-porte-70cm-f-no-frost\/","og_locale":"en_GB","og_type":"article","og_title":"HISENSE RF632N4WIF Frigorifero 4 PORTE 70cm F No-Frost - Morena Elettrodomestici","og_description":"Acquista HISENSE RF632N4WIF Frigorifero 4 PORTE 70cm F No-Frost su Morena Elettrodomestici. Il tuo Negozio di Fiducia online con prezzi competitivi e prodotti di alta qualit\u00e0!","og_url":"https:\/\/www.morenaelettrodomestici.com\/en\/shop\/hisense-rf632n4wif-frigorifero-4-porte-70cm-f-no-frost\/","og_site_name":"Morena Elettrodomestici","article_publisher":"https:\/\/www.facebook.com\/morenaelettrodomestici\/","article_modified_time":"2025-05-17T06:00:42+00:00","og_image":[{"width":300,"height":300,"url":"https:\/\/www.morenaelettrodomestici.com\/wp-content\/uploads\/2024\/07\/Progetto-senza-titolo-14-5.png","type":"image\/png"}],"twitter_card":"summary_large_image","twitter_misc":{"Estimated reading time":"4 minutes"},"schema":{"@context":"https:\/\/schema.org","@graph":[{"@type":"WebPage","@id":"https:\/\/www.morenaelettrodomestici.com\/shop\/hisense-rf632n4wif-frigorifero-4-porte-70cm-f-no-frost\/","url":"https:\/\/www.morenaelettrodomestici.com\/shop\/hisense-rf632n4wif-frigorifero-4-porte-70cm-f-no-frost\/","name":"HISENSE RF632N4WIF Frigorifero 4 PORTE 70cm F No-Frost - Morena Elettrodomestici","isPartOf":{"@id":"https:\/\/www.morenaelettrodomestici.com\/#website"},"primaryImageOfPage":{"@id":"https:\/\/www.morenaelettrodomestici.com\/shop\/hisense-rf632n4wif-frigorifero-4-porte-70cm-f-no-frost\/#primaryimage"},"image":{"@id":"https:\/\/www.morenaelettrodomestici.com\/shop\/hisense-rf632n4wif-frigorifero-4-porte-70cm-f-no-frost\/#primaryimage"},"thumbnailUrl":"https:\/\/www.morenaelettrodomestici.com\/wp-content\/uploads\/2024\/07\/Progetto-senza-titolo-14-5.png","datePublished":"2024-07-15T15:39:04+00:00","dateModified":"2025-05-17T06:00:42+00:00","description":"Acquista HISENSE RF632N4WIF Frigorifero 4 PORTE 70cm F No-Frost su Morena Elettrodomestici. Il tuo Negozio di Fiducia online con prezzi competitivi e prodotti di alta qualit\u00e0!","breadcrumb":{"@id":"https:\/\/www.morenaelettrodomestici.com\/shop\/hisense-rf632n4wif-frigorifero-4-porte-70cm-f-no-frost\/#breadcrumb"},"inLanguage":"en-GB","potentialAction":[{"@type":"ReadAction","target":["https:\/\/www.morenaelettrodomestici.com\/shop\/hisense-rf632n4wif-frigorifero-4-porte-70cm-f-no-frost\/"]}]},{"@type":"ImageObject","inLanguage":"en-GB","@id":"https:\/\/www.morenaelettrodomestici.com\/shop\/hisense-rf632n4wif-frigorifero-4-porte-70cm-f-no-frost\/#primaryimage","url":"https:\/\/www.morenaelettrodomestici.com\/wp-content\/uploads\/2024\/07\/Progetto-senza-titolo-14-5.png","contentUrl":"https:\/\/www.morenaelettrodomestici.com\/wp-content\/uploads\/2024\/07\/Progetto-senza-titolo-14-5.png","width":300,"height":300},{"@type":"BreadcrumbList","@id":"https:\/\/www.morenaelettrodomestici.com\/shop\/hisense-rf632n4wif-frigorifero-4-porte-70cm-f-no-frost\/#breadcrumb","itemListElement":[{"@type":"ListItem","position":1,"name":"Home","item":"https:\/\/www.morenaelettrodomestici.com\/"},{"@type":"ListItem","position":2,"name":"Shop","item":"https:\/\/www.morenaelettrodomestici.com\/shop\/"},{"@type":"ListItem","position":3,"name":"HISENSE RF632N4WIF Frigorifero 4 PORTE 70cm F No-Frost"}]},{"@type":"WebSite","@id":"https:\/\/www.morenaelettrodomestici.com\/#website","url":"https:\/\/www.morenaelettrodomestici.com\/","name":"Morena","description":"I migliori elettrodomestici a prezzi folli","publisher":{"@id":"https:\/\/www.morenaelettrodomestici.com\/#organization"},"potentialAction":[{"@type":"SearchAction","target":{"@type":"EntryPoint","urlTemplate":"https:\/\/www.morenaelettrodomestici.com\/?s={search_term_string}"},"query-input":{"@type":"PropertyValueSpecification","valueRequired":true,"valueName":"search_term_string"}}],"inLanguage":"en-GB"},{"@type":"Organization","@id":"https:\/\/www.morenaelettrodomestici.com\/#organization","name":"Morena Elettrodomestici","url":"https:\/\/www.morenaelettrodomestici.com\/","logo":{"@type":"ImageObject","inLanguage":"en-GB","@id":"https:\/\/www.morenaelettrodomestici.com\/#\/schema\/logo\/image\/","url":"https:\/\/www.morenaelettrodomestici.com\/wp-content\/uploads\/2024\/05\/logo_Morena_srls-TRASPARENTE.png","contentUrl":"https:\/\/www.morenaelettrodomestici.com\/wp-content\/uploads\/2024\/05\/logo_Morena_srls-TRASPARENTE.png","width":2264,"height":718,"caption":"Morena Elettrodomestici"},"image":{"@id":"https:\/\/www.morenaelettrodomestici.com\/#\/schema\/logo\/image\/"},"sameAs":["https:\/\/www.facebook.com\/morenaelettrodomestici\/","https:\/\/www.instagram.com\/morena.elettrodomestici\/","https:\/\/www.linkedin.com\/company-beta\/10507375\/","https:\/\/www.youtube.com\/channel\/UCgdTfdgRUeVEnhI2Z4GRlFA"]}]}},"_links":{"self":[{"href":"https:\/\/www.morenaelettrodomestici.com\/en\/wp-json\/wp\/v2\/product\/43819","targetHints":{"allow":["GET"]}}],"collection":[{"href":"https:\/\/www.morenaelettrodomestici.com\/en\/wp-json\/wp\/v2\/product"}],"about":[{"href":"https:\/\/www.morenaelettrodomestici.com\/en\/wp-json\/wp\/v2\/types\/product"}],"version-history":[{"count":2,"href":"https:\/\/www.morenaelettrodomestici.com\/en\/wp-json\/wp\/v2\/product\/43819\/revisions"}],"predecessor-version":[{"id":49443,"href":"https:\/\/www.morenaelettrodomestici.com\/en\/wp-json\/wp\/v2\/product\/43819\/revisions\/49443"}],"wp:featuredmedia":[{"embeddable":true,"href":"https:\/\/www.morenaelettrodomestici.com\/en\/wp-json\/wp\/v2\/media\/43994"}],"wp:attachment":[{"href":"https:\/\/www.morenaelettrodomestici.com\/en\/wp-json\/wp\/v2\/media?parent=43819"}],"wp:term":[{"taxonomy":"product_brand","embeddable":true,"href":"https:\/\/www.morenaelettrodomestici.com\/en\/wp-json\/wp\/v2\/product_brand?post=43819"},{"taxonomy":"product_cat","embeddable":true,"href":"https:\/\/www.morenaelettrodomestici.com\/en\/wp-json\/wp\/v2\/product_cat?post=43819"},{"taxonomy":"product_tag","embeddable":true,"href":"https:\/\/www.morenaelettrodomestici.com\/en\/wp-json\/wp\/v2\/product_tag?post=43819"}],"curies":[{"name":"wp","href":"https:\/\/api.w.org\/{rel}","templated":true}]}}