{"id":44111,"date":"2024-07-15T15:42:06","date_gmt":"2024-07-15T15:42:06","guid":{"rendered":"https:\/\/www.morenaelettrodomestici.com\/?post_type=product&#038;p=44111"},"modified":"2024-07-15T15:42:53","modified_gmt":"2024-07-15T15:42:53","slug":"mpl96l1exc-bertazzoni-cucina-6-fuochi-forno-elettrico-90x60-cm-inox","status":"publish","type":"product","link":"https:\/\/www.morenaelettrodomestici.com\/en\/shop\/mpl96l1exc-bertazzoni-cucina-6-fuochi-forno-elettrico-90x60-cm-inox\/","title":{"rendered":"MPL96L1EXC Bertazzoni Cucina 6 Fuochi Forno Elettrico 90&#215;60 cm Inox"},"content":{"rendered":"<p>F.LLI BERTAZZONI <strong>MPL96L1EXC <\/strong>CUCINA INOX 90X60 9 FUNZIONI LED DISPLAY BIANCO<br \/>\nCucina 6 Fuochi 90&#215;60 cm Inox<br \/>\nCaratteristiche tecniche<br \/>\nCucina Inox 90&#215;60<br \/>\n<strong>Connessione<\/strong><br \/>\nCollegamento al numero di fasi: 1 Posizione collegamento gas: Destra<br \/>\nValore allacciamento gas: 15.500<br \/>\nPosizione dell&#8221;attacco elettrico: a sinistra<br \/>\nSpina di collegamento inclusa: s\u00ec<br \/>\nValore di connessione: 3.500 W<br \/>\nFusibile del dispositivo: 16A Frequenza: 50\/60HzHz<br \/>\nLunghezza del cavo di collegamento: 180 cm<br \/>\nVoltaggio di collegamento: 230V<br \/>\nComfort Con bruciatore wok: s\u00ec<br \/>\nPreriscaldamento rapido: s\u00ec<br \/>\nIndicatore di accensione\/spegnimento: no<br \/>\nIndicazione del tempo rimanente: s\u00ec<br \/>\nAnti-impronta digitale: s\u00ec<br \/>\nChiusura rallentata: No<br \/>\nApertura graduale: No<br \/>\nIlluminazione interna: s\u00ec<br \/>\n<strong>Specifiche<\/strong><br \/>\nTipo di 1\u00b0 forno: Forno<br \/>\nNumero di altezze dei ripiani: 5<br \/>\nNumero di zone di cottura (utilizzabili contemporaneamente): 6<br \/>\nNumero di forni: 1<br \/>\nPotenza massima del grill: 2700 W<br \/>\nCon motore girarrosto: No<br \/>\nPosizione 3a zona cottura: centrale davanti Posizione 4a zona cottura: al centro dietro<br \/>\nPosizione 5a zona cottura: anteriore destra Posizione 6a zona cottura: posteriore destra Zona cottura di tipo 3e: Gas Zona cottura tipo 4e: Gas Tipologia 5a zona cottura: Gas Tipologia zona cottura 6e: Gas Potenza 3a zona cottura: 1750W Potenza 4a zona cottura: 1750W Potenza 5a zona cottura: 3000W Potenza 6a zona cottura: 1000W Numero di zone cottura: 6 Posizione 1a zona cottura: anteriore sinistra Posizione 2a zona cottura: posteriore sinistra Tipologia 1a zona cottura: Gas Zona cottura Tipo 2e: Gas Tipo di griglia: elemento riscaldante Potenza 1a zona cottura: 5000W Potenza 2a zona cottura: 3000W<br \/>\nControllo della temperatura: s\u00ec<br \/>\nOrari: s\u00ec<br \/>\nAvvio ritardato: s\u00ec<br \/>\nNumero di lampade: 2<br \/>\nCaratteristiche Indicatore della temperatura interna: No<br \/>\nMateriale del bruciatore: alluminio<br \/>\nMateriale camera forno: Smaltata<br \/>\nMateriale supporto pentola: Ghisa<br \/>\nMateriale della porta: Vetro<br \/>\nCapacit\u00e0 lorda totale: 142 litri<br \/>\nCapacit\u00e0 netta totale: 117 litri<br \/>\nTipo di lampada: alogena<br \/>\nTipologia costruttiva: Modello autoportante<br \/>\nMateriale: acciaio inossidabile (acciaio inossidabile)<br \/>\nAppartenere Teglie da forno: 1<br \/>\nGirarrosto incluso: No<br \/>\nCon copertura del piano cottura: no<br \/>\nGallo: 2<br \/>\nStelpoten: s\u00ec<br \/>\n<strong>Accessori opzionali<\/strong>: 901571 piedini livellanti estesi; 901435 vaschetta di raccolta profonda 50 mm.; 901436 vaschetta di raccolta profonda 100 mm. Tecnico Tipo di gas: gas naturale e gas propano Tipi di gas alternativi: propano\/butano; altamente calorico Temperatura massima: 250\u00b0C Temperatura minima: 50\u00b0C Programmi e funzioni Calore superiore\/inferiore: s\u00ec Funzione pizza: s\u00ec Aria calda con doppia ventola Funzione di scongelamento: s\u00ec Funzione di mantenimento del calore: s\u00ec Microonde: no Funzione vapore: no<\/p>","protected":false},"excerpt":{"rendered":"<p>&#8216;- 6 fuochi gas<br \/>\n&#8211; Numero funzioni 9<br \/>\n&#8211; Cucina Inox 90&#215;60<\/p>","protected":false},"featured_media":44205,"template":"","meta":[],"product_brand":[],"product_cat":[95,140,88],"product_tag":[1004,1005,954,760],"class_list":{"0":"post-44111","1":"product","2":"type-product","3":"status-publish","4":"has-post-thumbnail","6":"product_cat-cottura","7":"product_cat-cucina","8":"product_cat-grandi-elettrodomestici","9":"product_tag-6-fuochi","10":"product_tag-bertazzoni","11":"product_tag-cucina","12":"product_tag-forno","13":"pa_marca-bertazzoni","15":"first","16":"instock","17":"sale","18":"taxable","19":"shipping-taxable","20":"purchasable","21":"product-type-simple"},"yoast_head":"<!-- This site is optimized with the Yoast SEO plugin v25.5 - https:\/\/yoast.com\/wordpress\/plugins\/seo\/ -->\n<title>MPL96L1EXC Bertazzoni Cucina 6 Fuochi Forno Elettrico 90x60 cm Inox - Morena Elettrodomestici<\/title>\n<meta name=\"description\" content=\"Acquista MPL96L1EXC Bertazzoni Cucina 6 Fuochi Forno Elettrico 90x60 cm Inox su Morena Elettrodomestici. Il tuo Negozio di Fiducia online con prezzi competitivi e prodotti di alta qualit\u00e0!\" \/>\n<meta name=\"robots\" content=\"index, follow, max-snippet:-1, max-image-preview:large, max-video-preview:-1\" \/>\n<link rel=\"canonical\" href=\"https:\/\/www.morenaelettrodomestici.com\/en\/shop\/mpl96l1exc-bertazzoni-cucina-6-fuochi-forno-elettrico-90x60-cm-inox\/\" \/>\n<meta property=\"og:locale\" content=\"en_GB\" \/>\n<meta property=\"og:type\" content=\"article\" \/>\n<meta property=\"og:title\" content=\"MPL96L1EXC Bertazzoni Cucina 6 Fuochi Forno Elettrico 90x60 cm Inox - Morena Elettrodomestici\" \/>\n<meta property=\"og:description\" content=\"Acquista MPL96L1EXC Bertazzoni Cucina 6 Fuochi Forno Elettrico 90x60 cm Inox su Morena Elettrodomestici. Il tuo Negozio di Fiducia online con prezzi competitivi e prodotti di alta qualit\u00e0!\" \/>\n<meta property=\"og:url\" content=\"https:\/\/www.morenaelettrodomestici.com\/en\/shop\/mpl96l1exc-bertazzoni-cucina-6-fuochi-forno-elettrico-90x60-cm-inox\/\" \/>\n<meta property=\"og:site_name\" content=\"Morena Elettrodomestici\" \/>\n<meta property=\"article:publisher\" content=\"https:\/\/www.facebook.com\/morenaelettrodomestici\/\" \/>\n<meta property=\"article:modified_time\" content=\"2024-07-15T15:42:53+00:00\" \/>\n<meta property=\"og:image\" content=\"https:\/\/www.morenaelettrodomestici.com\/wp-content\/uploads\/2024\/07\/flli-bertazzoni-mpl96l1exc-cucina-inox-90x60-9-funzioni-led-display-bianco.jpg\" \/>\n\t<meta property=\"og:image:width\" content=\"1000\" \/>\n\t<meta property=\"og:image:height\" content=\"1000\" \/>\n\t<meta property=\"og:image:type\" content=\"image\/jpeg\" \/>\n<meta name=\"twitter:card\" content=\"summary_large_image\" \/>\n<meta name=\"twitter:label1\" content=\"Estimated reading time\" \/>\n\t<meta name=\"twitter:data1\" content=\"2 minutes\" \/>\n<script type=\"application\/ld+json\" class=\"yoast-schema-graph\">{\"@context\":\"https:\/\/schema.org\",\"@graph\":[{\"@type\":\"WebPage\",\"@id\":\"https:\/\/www.morenaelettrodomestici.com\/shop\/mpl96l1exc-bertazzoni-cucina-6-fuochi-forno-elettrico-90x60-cm-inox\/\",\"url\":\"https:\/\/www.morenaelettrodomestici.com\/shop\/mpl96l1exc-bertazzoni-cucina-6-fuochi-forno-elettrico-90x60-cm-inox\/\",\"name\":\"MPL96L1EXC Bertazzoni Cucina 6 Fuochi Forno Elettrico 90x60 cm Inox - Morena Elettrodomestici\",\"isPartOf\":{\"@id\":\"https:\/\/www.morenaelettrodomestici.com\/#website\"},\"primaryImageOfPage\":{\"@id\":\"https:\/\/www.morenaelettrodomestici.com\/shop\/mpl96l1exc-bertazzoni-cucina-6-fuochi-forno-elettrico-90x60-cm-inox\/#primaryimage\"},\"image\":{\"@id\":\"https:\/\/www.morenaelettrodomestici.com\/shop\/mpl96l1exc-bertazzoni-cucina-6-fuochi-forno-elettrico-90x60-cm-inox\/#primaryimage\"},\"thumbnailUrl\":\"https:\/\/www.morenaelettrodomestici.com\/wp-content\/uploads\/2024\/07\/flli-bertazzoni-mpl96l1exc-cucina-inox-90x60-9-funzioni-led-display-bianco.jpg\",\"datePublished\":\"2024-07-15T15:42:06+00:00\",\"dateModified\":\"2024-07-15T15:42:53+00:00\",\"description\":\"Acquista MPL96L1EXC Bertazzoni Cucina 6 Fuochi Forno Elettrico 90x60 cm Inox su Morena Elettrodomestici. Il tuo Negozio di Fiducia online con prezzi competitivi e prodotti di alta qualit\u00e0!\",\"breadcrumb\":{\"@id\":\"https:\/\/www.morenaelettrodomestici.com\/shop\/mpl96l1exc-bertazzoni-cucina-6-fuochi-forno-elettrico-90x60-cm-inox\/#breadcrumb\"},\"inLanguage\":\"en-GB\",\"potentialAction\":[{\"@type\":\"ReadAction\",\"target\":[\"https:\/\/www.morenaelettrodomestici.com\/shop\/mpl96l1exc-bertazzoni-cucina-6-fuochi-forno-elettrico-90x60-cm-inox\/\"]}]},{\"@type\":\"ImageObject\",\"inLanguage\":\"en-GB\",\"@id\":\"https:\/\/www.morenaelettrodomestici.com\/shop\/mpl96l1exc-bertazzoni-cucina-6-fuochi-forno-elettrico-90x60-cm-inox\/#primaryimage\",\"url\":\"https:\/\/www.morenaelettrodomestici.com\/wp-content\/uploads\/2024\/07\/flli-bertazzoni-mpl96l1exc-cucina-inox-90x60-9-funzioni-led-display-bianco.jpg\",\"contentUrl\":\"https:\/\/www.morenaelettrodomestici.com\/wp-content\/uploads\/2024\/07\/flli-bertazzoni-mpl96l1exc-cucina-inox-90x60-9-funzioni-led-display-bianco.jpg\",\"width\":1000,\"height\":1000},{\"@type\":\"BreadcrumbList\",\"@id\":\"https:\/\/www.morenaelettrodomestici.com\/shop\/mpl96l1exc-bertazzoni-cucina-6-fuochi-forno-elettrico-90x60-cm-inox\/#breadcrumb\",\"itemListElement\":[{\"@type\":\"ListItem\",\"position\":1,\"name\":\"Home\",\"item\":\"https:\/\/www.morenaelettrodomestici.com\/\"},{\"@type\":\"ListItem\",\"position\":2,\"name\":\"Shop\",\"item\":\"https:\/\/www.morenaelettrodomestici.com\/shop\/\"},{\"@type\":\"ListItem\",\"position\":3,\"name\":\"MPL96L1EXC Bertazzoni Cucina 6 Fuochi Forno Elettrico 90&#215;60 cm Inox\"}]},{\"@type\":\"WebSite\",\"@id\":\"https:\/\/www.morenaelettrodomestici.com\/#website\",\"url\":\"https:\/\/www.morenaelettrodomestici.com\/\",\"name\":\"Morena\",\"description\":\"I migliori elettrodomestici a prezzi folli\",\"publisher\":{\"@id\":\"https:\/\/www.morenaelettrodomestici.com\/#organization\"},\"potentialAction\":[{\"@type\":\"SearchAction\",\"target\":{\"@type\":\"EntryPoint\",\"urlTemplate\":\"https:\/\/www.morenaelettrodomestici.com\/?s={search_term_string}\"},\"query-input\":{\"@type\":\"PropertyValueSpecification\",\"valueRequired\":true,\"valueName\":\"search_term_string\"}}],\"inLanguage\":\"en-GB\"},{\"@type\":\"Organization\",\"@id\":\"https:\/\/www.morenaelettrodomestici.com\/#organization\",\"name\":\"Morena Elettrodomestici\",\"url\":\"https:\/\/www.morenaelettrodomestici.com\/\",\"logo\":{\"@type\":\"ImageObject\",\"inLanguage\":\"en-GB\",\"@id\":\"https:\/\/www.morenaelettrodomestici.com\/#\/schema\/logo\/image\/\",\"url\":\"https:\/\/www.morenaelettrodomestici.com\/wp-content\/uploads\/2024\/05\/logo_Morena_srls-TRASPARENTE.png\",\"contentUrl\":\"https:\/\/www.morenaelettrodomestici.com\/wp-content\/uploads\/2024\/05\/logo_Morena_srls-TRASPARENTE.png\",\"width\":2264,\"height\":718,\"caption\":\"Morena Elettrodomestici\"},\"image\":{\"@id\":\"https:\/\/www.morenaelettrodomestici.com\/#\/schema\/logo\/image\/\"},\"sameAs\":[\"https:\/\/www.facebook.com\/morenaelettrodomestici\/\",\"https:\/\/www.instagram.com\/morena.elettrodomestici\/\",\"https:\/\/www.linkedin.com\/company-beta\/10507375\/\",\"https:\/\/www.youtube.com\/channel\/UCgdTfdgRUeVEnhI2Z4GRlFA\"]}]}<\/script>\n<!-- \/ Yoast SEO plugin. -->","yoast_head_json":{"title":"MPL96L1EXC Bertazzoni Cucina 6 Fuochi Forno Elettrico 90x60 cm Inox - Morena Elettrodomestici","description":"Acquista MPL96L1EXC Bertazzoni Cucina 6 Fuochi Forno Elettrico 90x60 cm Inox su Morena Elettrodomestici. Il tuo Negozio di Fiducia online con prezzi competitivi e prodotti di alta qualit\u00e0!","robots":{"index":"index","follow":"follow","max-snippet":"max-snippet:-1","max-image-preview":"max-image-preview:large","max-video-preview":"max-video-preview:-1"},"canonical":"https:\/\/www.morenaelettrodomestici.com\/en\/shop\/mpl96l1exc-bertazzoni-cucina-6-fuochi-forno-elettrico-90x60-cm-inox\/","og_locale":"en_GB","og_type":"article","og_title":"MPL96L1EXC Bertazzoni Cucina 6 Fuochi Forno Elettrico 90x60 cm Inox - Morena Elettrodomestici","og_description":"Acquista MPL96L1EXC Bertazzoni Cucina 6 Fuochi Forno Elettrico 90x60 cm Inox su Morena Elettrodomestici. Il tuo Negozio di Fiducia online con prezzi competitivi e prodotti di alta qualit\u00e0!","og_url":"https:\/\/www.morenaelettrodomestici.com\/en\/shop\/mpl96l1exc-bertazzoni-cucina-6-fuochi-forno-elettrico-90x60-cm-inox\/","og_site_name":"Morena Elettrodomestici","article_publisher":"https:\/\/www.facebook.com\/morenaelettrodomestici\/","article_modified_time":"2024-07-15T15:42:53+00:00","og_image":[{"width":1000,"height":1000,"url":"https:\/\/www.morenaelettrodomestici.com\/wp-content\/uploads\/2024\/07\/flli-bertazzoni-mpl96l1exc-cucina-inox-90x60-9-funzioni-led-display-bianco.jpg","type":"image\/jpeg"}],"twitter_card":"summary_large_image","twitter_misc":{"Estimated reading time":"2 minutes"},"schema":{"@context":"https:\/\/schema.org","@graph":[{"@type":"WebPage","@id":"https:\/\/www.morenaelettrodomestici.com\/shop\/mpl96l1exc-bertazzoni-cucina-6-fuochi-forno-elettrico-90x60-cm-inox\/","url":"https:\/\/www.morenaelettrodomestici.com\/shop\/mpl96l1exc-bertazzoni-cucina-6-fuochi-forno-elettrico-90x60-cm-inox\/","name":"MPL96L1EXC Bertazzoni Cucina 6 Fuochi Forno Elettrico 90x60 cm Inox - Morena Elettrodomestici","isPartOf":{"@id":"https:\/\/www.morenaelettrodomestici.com\/#website"},"primaryImageOfPage":{"@id":"https:\/\/www.morenaelettrodomestici.com\/shop\/mpl96l1exc-bertazzoni-cucina-6-fuochi-forno-elettrico-90x60-cm-inox\/#primaryimage"},"image":{"@id":"https:\/\/www.morenaelettrodomestici.com\/shop\/mpl96l1exc-bertazzoni-cucina-6-fuochi-forno-elettrico-90x60-cm-inox\/#primaryimage"},"thumbnailUrl":"https:\/\/www.morenaelettrodomestici.com\/wp-content\/uploads\/2024\/07\/flli-bertazzoni-mpl96l1exc-cucina-inox-90x60-9-funzioni-led-display-bianco.jpg","datePublished":"2024-07-15T15:42:06+00:00","dateModified":"2024-07-15T15:42:53+00:00","description":"Acquista MPL96L1EXC Bertazzoni Cucina 6 Fuochi Forno Elettrico 90x60 cm Inox su Morena Elettrodomestici. Il tuo Negozio di Fiducia online con prezzi competitivi e prodotti di alta qualit\u00e0!","breadcrumb":{"@id":"https:\/\/www.morenaelettrodomestici.com\/shop\/mpl96l1exc-bertazzoni-cucina-6-fuochi-forno-elettrico-90x60-cm-inox\/#breadcrumb"},"inLanguage":"en-GB","potentialAction":[{"@type":"ReadAction","target":["https:\/\/www.morenaelettrodomestici.com\/shop\/mpl96l1exc-bertazzoni-cucina-6-fuochi-forno-elettrico-90x60-cm-inox\/"]}]},{"@type":"ImageObject","inLanguage":"en-GB","@id":"https:\/\/www.morenaelettrodomestici.com\/shop\/mpl96l1exc-bertazzoni-cucina-6-fuochi-forno-elettrico-90x60-cm-inox\/#primaryimage","url":"https:\/\/www.morenaelettrodomestici.com\/wp-content\/uploads\/2024\/07\/flli-bertazzoni-mpl96l1exc-cucina-inox-90x60-9-funzioni-led-display-bianco.jpg","contentUrl":"https:\/\/www.morenaelettrodomestici.com\/wp-content\/uploads\/2024\/07\/flli-bertazzoni-mpl96l1exc-cucina-inox-90x60-9-funzioni-led-display-bianco.jpg","width":1000,"height":1000},{"@type":"BreadcrumbList","@id":"https:\/\/www.morenaelettrodomestici.com\/shop\/mpl96l1exc-bertazzoni-cucina-6-fuochi-forno-elettrico-90x60-cm-inox\/#breadcrumb","itemListElement":[{"@type":"ListItem","position":1,"name":"Home","item":"https:\/\/www.morenaelettrodomestici.com\/"},{"@type":"ListItem","position":2,"name":"Shop","item":"https:\/\/www.morenaelettrodomestici.com\/shop\/"},{"@type":"ListItem","position":3,"name":"MPL96L1EXC Bertazzoni Cucina 6 Fuochi Forno Elettrico 90&#215;60 cm Inox"}]},{"@type":"WebSite","@id":"https:\/\/www.morenaelettrodomestici.com\/#website","url":"https:\/\/www.morenaelettrodomestici.com\/","name":"Morena","description":"I migliori elettrodomestici a prezzi folli","publisher":{"@id":"https:\/\/www.morenaelettrodomestici.com\/#organization"},"potentialAction":[{"@type":"SearchAction","target":{"@type":"EntryPoint","urlTemplate":"https:\/\/www.morenaelettrodomestici.com\/?s={search_term_string}"},"query-input":{"@type":"PropertyValueSpecification","valueRequired":true,"valueName":"search_term_string"}}],"inLanguage":"en-GB"},{"@type":"Organization","@id":"https:\/\/www.morenaelettrodomestici.com\/#organization","name":"Morena Elettrodomestici","url":"https:\/\/www.morenaelettrodomestici.com\/","logo":{"@type":"ImageObject","inLanguage":"en-GB","@id":"https:\/\/www.morenaelettrodomestici.com\/#\/schema\/logo\/image\/","url":"https:\/\/www.morenaelettrodomestici.com\/wp-content\/uploads\/2024\/05\/logo_Morena_srls-TRASPARENTE.png","contentUrl":"https:\/\/www.morenaelettrodomestici.com\/wp-content\/uploads\/2024\/05\/logo_Morena_srls-TRASPARENTE.png","width":2264,"height":718,"caption":"Morena Elettrodomestici"},"image":{"@id":"https:\/\/www.morenaelettrodomestici.com\/#\/schema\/logo\/image\/"},"sameAs":["https:\/\/www.facebook.com\/morenaelettrodomestici\/","https:\/\/www.instagram.com\/morena.elettrodomestici\/","https:\/\/www.linkedin.com\/company-beta\/10507375\/","https:\/\/www.youtube.com\/channel\/UCgdTfdgRUeVEnhI2Z4GRlFA"]}]}},"_links":{"self":[{"href":"https:\/\/www.morenaelettrodomestici.com\/en\/wp-json\/wp\/v2\/product\/44111","targetHints":{"allow":["GET"]}}],"collection":[{"href":"https:\/\/www.morenaelettrodomestici.com\/en\/wp-json\/wp\/v2\/product"}],"about":[{"href":"https:\/\/www.morenaelettrodomestici.com\/en\/wp-json\/wp\/v2\/types\/product"}],"version-history":[{"count":1,"href":"https:\/\/www.morenaelettrodomestici.com\/en\/wp-json\/wp\/v2\/product\/44111\/revisions"}],"predecessor-version":[{"id":44206,"href":"https:\/\/www.morenaelettrodomestici.com\/en\/wp-json\/wp\/v2\/product\/44111\/revisions\/44206"}],"wp:featuredmedia":[{"embeddable":true,"href":"https:\/\/www.morenaelettrodomestici.com\/en\/wp-json\/wp\/v2\/media\/44205"}],"wp:attachment":[{"href":"https:\/\/www.morenaelettrodomestici.com\/en\/wp-json\/wp\/v2\/media?parent=44111"}],"wp:term":[{"taxonomy":"product_brand","embeddable":true,"href":"https:\/\/www.morenaelettrodomestici.com\/en\/wp-json\/wp\/v2\/product_brand?post=44111"},{"taxonomy":"product_cat","embeddable":true,"href":"https:\/\/www.morenaelettrodomestici.com\/en\/wp-json\/wp\/v2\/product_cat?post=44111"},{"taxonomy":"product_tag","embeddable":true,"href":"https:\/\/www.morenaelettrodomestici.com\/en\/wp-json\/wp\/v2\/product_tag?post=44111"}],"curies":[{"name":"wp","href":"https:\/\/api.w.org\/{rel}","templated":true}]}}