{"id":44421,"date":"2024-07-15T15:44:54","date_gmt":"2024-07-15T15:44:54","guid":{"rendered":"https:\/\/www.morenaelettrodomestici.com\/?post_type=product&#038;p=44421"},"modified":"2026-02-13T09:31:20","modified_gmt":"2026-02-13T09:31:20","slug":"gferrari-friggisano-friggitrice-ad-aria-6-5litri-g10167","status":"publish","type":"product","link":"https:\/\/www.morenaelettrodomestici.com\/en\/shop\/gferrari-friggisano-friggitrice-ad-aria-6-5litri-g10167\/","title":{"rendered":"Gferrari Friggisano Friggitrice ad aria 6.5litri G10207"},"content":{"rendered":"<h2>Friggisano 6.5L<\/h2>\n<h3>Permette di cucinare in modo sano, con fino all\u201980% di grassi in meno, senza rinunciare al gusto. Grazie alla tecnologia ad aria calda a circolazione rapida e agli 8 programmi automatici, puoi friggere, arrostire o cuocere al forno ogni tipo di pietanza.<\/h3>\n<p>Cucinare sano senza rinunciare al gusto e risparmiando energia?<\/p>\n<p>Assolutamente s\u00ec! Con la friggitrice ad aria <strong>Friggisano 6.5L<\/strong> puoi preparare fritture croccanti e deliziose con <strong>fino all\u201980% di grassi in meno<\/strong>.<\/p>\n<p>La <strong>tecnologia a circolazione d\u2019aria rapida<\/strong> permette di cucinare con poco o nessun olio, in modo pi\u00f9 leggero e veloce.<\/p>\n<p>Ma Friggisano 6.5L non \u00e8 solo per friggere: \u00e8 perfetta anche per <strong>cuocere torte, arrostire carne, pesce o verdure<\/strong>, con risultati sempre impeccabili. Gli <strong>8 programmi automatici<\/strong> ti consentono di preparare patatine, pollo, crostacei, carne e pesce senza sporcare la cucina.<\/p>\n<p>Dotata di <strong>timer da 60 minuti<\/strong> e di un <strong>contenitore antiaderente removibile da 6,5 litri<\/strong>, \u00e8 l\u2019ideale per tutta la famiglia.<\/p>\n<p>L\u2019<strong>ampio display digitale<\/strong> semplifica l\u2019uso quotidiano e, grazie alla struttura facile da pulire, bastano una spugna non abrasiva e acqua calda per rimettere tutto a posto in pochi minuti.<\/p>\n<p>Tocca con mano la qualit\u00e0: trova il rivenditore pi\u00f9 vicino nella tua citt\u00e0.<\/p>\n<p><a href=\"\/en\/void(0)\/\">Specifiche tecniche<\/a><\/p>\n<ul>\n<li>Capacit\u00e0 6.5 litri (fino a 1500g)<\/li>\n<li>Contenitore e vassoio antiaderenti<\/li>\n<li>Vassoio rialzabile per cotture pi\u00f9 croccanti e su 2 livelli<\/li>\n<li>Temperatura regolabile (40\u00b0 \u2013 200\u00b0C)<\/li>\n<li>Timer 60 minuti<\/li>\n<li>Funzione partenza ritardata<\/li>\n<li>Display digitale<\/li>\n<li>8 programmi preimpostati: patatine, pesce, crostacei, pizza, cosce di pollo, dolci, carne, ali di pollo<\/li>\n<li>Alimentazione: AC 220-240V ~ 50-60Hz<\/li>\n<li>Potenza: 1700W<\/li>\n<li>Dimensioni (L x H x P): 28.5 x 30.5 x 38 cm<\/li>\n<li>Peso: 4.32 Kg<\/li>\n<\/ul>","protected":false},"excerpt":{"rendered":"<p>Con Finestra<br \/>Contenitore e vassoio antiaderenti<br \/>Temperatura regolabile (40\u00b0 \u2013 200\u00b0C)<br \/>Timer 60 minuti<br \/>8 programmi preimpostati: carne, pollo, crostacei, pesce, pizza, patatine, dolci, verdure<br \/>Potenza: 1700 W<\/p>","protected":false},"featured_media":50891,"template":"","meta":[],"product_brand":[],"product_cat":[504,102],"product_tag":[],"class_list":{"0":"post-44421","1":"product","2":"type-product","3":"status-publish","4":"has-post-thumbnail","6":"product_cat-friggitrici","7":"product_cat-piccoli-elettrodomestici","8":"pa_marca-gferrari","10":"first","11":"instock","12":"sale","13":"taxable","14":"shipping-taxable","15":"purchasable","16":"product-type-simple"},"yoast_head":"<!-- This site is optimized with the Yoast SEO plugin v27.5 - https:\/\/yoast.com\/product\/yoast-seo-wordpress\/ -->\n<title>Gferrari Friggisano Friggitrice ad aria 6.5litri G10207 - Morena Elettrodomestici<\/title>\n<meta name=\"description\" content=\"Acquista Gferrari Friggisano Friggitrice ad aria 6.5litri G10207 su Morena Elettrodomestici. Il tuo Negozio di Fiducia online con prezzi competitivi e prodotti di alta qualit\u00e0!\" \/>\n<meta name=\"robots\" content=\"index, follow, max-snippet:-1, max-image-preview:large, max-video-preview:-1\" \/>\n<link rel=\"canonical\" href=\"https:\/\/www.morenaelettrodomestici.com\/en\/shop\/gferrari-friggisano-friggitrice-ad-aria-6-5litri-g10167\/\" \/>\n<meta property=\"og:locale\" content=\"en_GB\" \/>\n<meta property=\"og:type\" content=\"article\" \/>\n<meta property=\"og:title\" content=\"Gferrari Friggisano Friggitrice ad aria 6.5litri G10207 - Morena Elettrodomestici\" \/>\n<meta property=\"og:description\" content=\"Acquista Gferrari Friggisano Friggitrice ad aria 6.5litri G10207 su Morena Elettrodomestici. Il tuo Negozio di Fiducia online con prezzi competitivi e prodotti di alta qualit\u00e0!\" \/>\n<meta property=\"og:url\" content=\"https:\/\/www.morenaelettrodomestici.com\/en\/shop\/gferrari-friggisano-friggitrice-ad-aria-6-5litri-g10167\/\" \/>\n<meta property=\"og:site_name\" content=\"Morena Elettrodomestici\" \/>\n<meta property=\"article:publisher\" content=\"https:\/\/www.facebook.com\/morenaelettrodomestici\/\" \/>\n<meta property=\"article:modified_time\" content=\"2026-02-13T09:31:20+00:00\" \/>\n<meta property=\"og:image\" content=\"https:\/\/www.morenaelettrodomestici.com\/wp-content\/uploads\/2026\/02\/10102.jpg\" \/>\n\t<meta property=\"og:image:width\" content=\"1772\" \/>\n\t<meta property=\"og:image:height\" content=\"1772\" \/>\n\t<meta property=\"og:image:type\" content=\"image\/jpeg\" \/>\n<meta name=\"twitter:card\" content=\"summary_large_image\" \/>\n<meta name=\"twitter:label1\" content=\"Estimated reading time\" \/>\n\t<meta name=\"twitter:data1\" content=\"1 minute\" \/>\n<script type=\"application\/ld+json\" class=\"yoast-schema-graph\">{\"@context\":\"https:\\\/\\\/schema.org\",\"@graph\":[{\"@type\":\"WebPage\",\"@id\":\"https:\\\/\\\/www.morenaelettrodomestici.com\\\/shop\\\/gferrari-friggisano-friggitrice-ad-aria-6-5litri-g10167\\\/\",\"url\":\"https:\\\/\\\/www.morenaelettrodomestici.com\\\/shop\\\/gferrari-friggisano-friggitrice-ad-aria-6-5litri-g10167\\\/\",\"name\":\"Gferrari Friggisano Friggitrice ad aria 6.5litri G10207 - Morena Elettrodomestici\",\"isPartOf\":{\"@id\":\"https:\\\/\\\/www.morenaelettrodomestici.com\\\/#website\"},\"primaryImageOfPage\":{\"@id\":\"https:\\\/\\\/www.morenaelettrodomestici.com\\\/shop\\\/gferrari-friggisano-friggitrice-ad-aria-6-5litri-g10167\\\/#primaryimage\"},\"image\":{\"@id\":\"https:\\\/\\\/www.morenaelettrodomestici.com\\\/shop\\\/gferrari-friggisano-friggitrice-ad-aria-6-5litri-g10167\\\/#primaryimage\"},\"thumbnailUrl\":\"https:\\\/\\\/www.morenaelettrodomestici.com\\\/wp-content\\\/uploads\\\/2026\\\/02\\\/10102.jpg\",\"datePublished\":\"2024-07-15T15:44:54+00:00\",\"dateModified\":\"2026-02-13T09:31:20+00:00\",\"description\":\"Acquista Gferrari Friggisano Friggitrice ad aria 6.5litri G10207 su Morena Elettrodomestici. Il tuo Negozio di Fiducia online con prezzi competitivi e prodotti di alta qualit\u00e0!\",\"breadcrumb\":{\"@id\":\"https:\\\/\\\/www.morenaelettrodomestici.com\\\/shop\\\/gferrari-friggisano-friggitrice-ad-aria-6-5litri-g10167\\\/#breadcrumb\"},\"inLanguage\":\"en-GB\",\"potentialAction\":[{\"@type\":\"ReadAction\",\"target\":[\"https:\\\/\\\/www.morenaelettrodomestici.com\\\/shop\\\/gferrari-friggisano-friggitrice-ad-aria-6-5litri-g10167\\\/\"]}]},{\"@type\":\"ImageObject\",\"inLanguage\":\"en-GB\",\"@id\":\"https:\\\/\\\/www.morenaelettrodomestici.com\\\/shop\\\/gferrari-friggisano-friggitrice-ad-aria-6-5litri-g10167\\\/#primaryimage\",\"url\":\"https:\\\/\\\/www.morenaelettrodomestici.com\\\/wp-content\\\/uploads\\\/2026\\\/02\\\/10102.jpg\",\"contentUrl\":\"https:\\\/\\\/www.morenaelettrodomestici.com\\\/wp-content\\\/uploads\\\/2026\\\/02\\\/10102.jpg\",\"width\":1772,\"height\":1772},{\"@type\":\"BreadcrumbList\",\"@id\":\"https:\\\/\\\/www.morenaelettrodomestici.com\\\/shop\\\/gferrari-friggisano-friggitrice-ad-aria-6-5litri-g10167\\\/#breadcrumb\",\"itemListElement\":[{\"@type\":\"ListItem\",\"position\":1,\"name\":\"Home\",\"item\":\"https:\\\/\\\/www.morenaelettrodomestici.com\\\/\"},{\"@type\":\"ListItem\",\"position\":2,\"name\":\"Shop\",\"item\":\"https:\\\/\\\/www.morenaelettrodomestici.com\\\/shop\\\/\"},{\"@type\":\"ListItem\",\"position\":3,\"name\":\"Gferrari Friggisano Friggitrice ad aria 6.5litri G10207\"}]},{\"@type\":\"WebSite\",\"@id\":\"https:\\\/\\\/www.morenaelettrodomestici.com\\\/#website\",\"url\":\"https:\\\/\\\/www.morenaelettrodomestici.com\\\/\",\"name\":\"Morena\",\"description\":\"I migliori elettrodomestici a prezzi folli\",\"publisher\":{\"@id\":\"https:\\\/\\\/www.morenaelettrodomestici.com\\\/#organization\"},\"potentialAction\":[{\"@type\":\"SearchAction\",\"target\":{\"@type\":\"EntryPoint\",\"urlTemplate\":\"https:\\\/\\\/www.morenaelettrodomestici.com\\\/?s={search_term_string}\"},\"query-input\":{\"@type\":\"PropertyValueSpecification\",\"valueRequired\":true,\"valueName\":\"search_term_string\"}}],\"inLanguage\":\"en-GB\"},{\"@type\":\"Organization\",\"@id\":\"https:\\\/\\\/www.morenaelettrodomestici.com\\\/#organization\",\"name\":\"Morena Elettrodomestici\",\"url\":\"https:\\\/\\\/www.morenaelettrodomestici.com\\\/\",\"logo\":{\"@type\":\"ImageObject\",\"inLanguage\":\"en-GB\",\"@id\":\"https:\\\/\\\/www.morenaelettrodomestici.com\\\/#\\\/schema\\\/logo\\\/image\\\/\",\"url\":\"https:\\\/\\\/www.morenaelettrodomestici.com\\\/wp-content\\\/uploads\\\/2024\\\/05\\\/logo_Morena_srls-TRASPARENTE.png\",\"contentUrl\":\"https:\\\/\\\/www.morenaelettrodomestici.com\\\/wp-content\\\/uploads\\\/2024\\\/05\\\/logo_Morena_srls-TRASPARENTE.png\",\"width\":2264,\"height\":718,\"caption\":\"Morena Elettrodomestici\"},\"image\":{\"@id\":\"https:\\\/\\\/www.morenaelettrodomestici.com\\\/#\\\/schema\\\/logo\\\/image\\\/\"},\"sameAs\":[\"https:\\\/\\\/www.facebook.com\\\/morenaelettrodomestici\\\/\",\"https:\\\/\\\/www.instagram.com\\\/morena.elettrodomestici\\\/\",\"https:\\\/\\\/www.linkedin.com\\\/company-beta\\\/10507375\\\/\",\"https:\\\/\\\/www.youtube.com\\\/channel\\\/UCgdTfdgRUeVEnhI2Z4GRlFA\"]}]}<\/script>\n<!-- \/ Yoast SEO plugin. -->","yoast_head_json":{"title":"Gferrari Friggisano Friggitrice ad aria 6.5litri G10207 - Morena Elettrodomestici","description":"Acquista Gferrari Friggisano Friggitrice ad aria 6.5litri G10207 su Morena Elettrodomestici. Il tuo Negozio di Fiducia online con prezzi competitivi e prodotti di alta qualit\u00e0!","robots":{"index":"index","follow":"follow","max-snippet":"max-snippet:-1","max-image-preview":"max-image-preview:large","max-video-preview":"max-video-preview:-1"},"canonical":"https:\/\/www.morenaelettrodomestici.com\/en\/shop\/gferrari-friggisano-friggitrice-ad-aria-6-5litri-g10167\/","og_locale":"en_GB","og_type":"article","og_title":"Gferrari Friggisano Friggitrice ad aria 6.5litri G10207 - Morena Elettrodomestici","og_description":"Acquista Gferrari Friggisano Friggitrice ad aria 6.5litri G10207 su Morena Elettrodomestici. Il tuo Negozio di Fiducia online con prezzi competitivi e prodotti di alta qualit\u00e0!","og_url":"https:\/\/www.morenaelettrodomestici.com\/en\/shop\/gferrari-friggisano-friggitrice-ad-aria-6-5litri-g10167\/","og_site_name":"Morena Elettrodomestici","article_publisher":"https:\/\/www.facebook.com\/morenaelettrodomestici\/","article_modified_time":"2026-02-13T09:31:20+00:00","og_image":[{"width":1772,"height":1772,"url":"https:\/\/www.morenaelettrodomestici.com\/wp-content\/uploads\/2026\/02\/10102.jpg","type":"image\/jpeg"}],"twitter_card":"summary_large_image","twitter_misc":{"Estimated reading time":"1 minute"},"schema":{"@context":"https:\/\/schema.org","@graph":[{"@type":"WebPage","@id":"https:\/\/www.morenaelettrodomestici.com\/shop\/gferrari-friggisano-friggitrice-ad-aria-6-5litri-g10167\/","url":"https:\/\/www.morenaelettrodomestici.com\/shop\/gferrari-friggisano-friggitrice-ad-aria-6-5litri-g10167\/","name":"Gferrari Friggisano Friggitrice ad aria 6.5litri G10207 - Morena Elettrodomestici","isPartOf":{"@id":"https:\/\/www.morenaelettrodomestici.com\/#website"},"primaryImageOfPage":{"@id":"https:\/\/www.morenaelettrodomestici.com\/shop\/gferrari-friggisano-friggitrice-ad-aria-6-5litri-g10167\/#primaryimage"},"image":{"@id":"https:\/\/www.morenaelettrodomestici.com\/shop\/gferrari-friggisano-friggitrice-ad-aria-6-5litri-g10167\/#primaryimage"},"thumbnailUrl":"https:\/\/www.morenaelettrodomestici.com\/wp-content\/uploads\/2026\/02\/10102.jpg","datePublished":"2024-07-15T15:44:54+00:00","dateModified":"2026-02-13T09:31:20+00:00","description":"Acquista Gferrari Friggisano Friggitrice ad aria 6.5litri G10207 su Morena Elettrodomestici. Il tuo Negozio di Fiducia online con prezzi competitivi e prodotti di alta qualit\u00e0!","breadcrumb":{"@id":"https:\/\/www.morenaelettrodomestici.com\/shop\/gferrari-friggisano-friggitrice-ad-aria-6-5litri-g10167\/#breadcrumb"},"inLanguage":"en-GB","potentialAction":[{"@type":"ReadAction","target":["https:\/\/www.morenaelettrodomestici.com\/shop\/gferrari-friggisano-friggitrice-ad-aria-6-5litri-g10167\/"]}]},{"@type":"ImageObject","inLanguage":"en-GB","@id":"https:\/\/www.morenaelettrodomestici.com\/shop\/gferrari-friggisano-friggitrice-ad-aria-6-5litri-g10167\/#primaryimage","url":"https:\/\/www.morenaelettrodomestici.com\/wp-content\/uploads\/2026\/02\/10102.jpg","contentUrl":"https:\/\/www.morenaelettrodomestici.com\/wp-content\/uploads\/2026\/02\/10102.jpg","width":1772,"height":1772},{"@type":"BreadcrumbList","@id":"https:\/\/www.morenaelettrodomestici.com\/shop\/gferrari-friggisano-friggitrice-ad-aria-6-5litri-g10167\/#breadcrumb","itemListElement":[{"@type":"ListItem","position":1,"name":"Home","item":"https:\/\/www.morenaelettrodomestici.com\/"},{"@type":"ListItem","position":2,"name":"Shop","item":"https:\/\/www.morenaelettrodomestici.com\/shop\/"},{"@type":"ListItem","position":3,"name":"Gferrari Friggisano Friggitrice ad aria 6.5litri G10207"}]},{"@type":"WebSite","@id":"https:\/\/www.morenaelettrodomestici.com\/#website","url":"https:\/\/www.morenaelettrodomestici.com\/","name":"Morena","description":"I migliori elettrodomestici a prezzi folli","publisher":{"@id":"https:\/\/www.morenaelettrodomestici.com\/#organization"},"potentialAction":[{"@type":"SearchAction","target":{"@type":"EntryPoint","urlTemplate":"https:\/\/www.morenaelettrodomestici.com\/?s={search_term_string}"},"query-input":{"@type":"PropertyValueSpecification","valueRequired":true,"valueName":"search_term_string"}}],"inLanguage":"en-GB"},{"@type":"Organization","@id":"https:\/\/www.morenaelettrodomestici.com\/#organization","name":"Morena Elettrodomestici","url":"https:\/\/www.morenaelettrodomestici.com\/","logo":{"@type":"ImageObject","inLanguage":"en-GB","@id":"https:\/\/www.morenaelettrodomestici.com\/#\/schema\/logo\/image\/","url":"https:\/\/www.morenaelettrodomestici.com\/wp-content\/uploads\/2024\/05\/logo_Morena_srls-TRASPARENTE.png","contentUrl":"https:\/\/www.morenaelettrodomestici.com\/wp-content\/uploads\/2024\/05\/logo_Morena_srls-TRASPARENTE.png","width":2264,"height":718,"caption":"Morena Elettrodomestici"},"image":{"@id":"https:\/\/www.morenaelettrodomestici.com\/#\/schema\/logo\/image\/"},"sameAs":["https:\/\/www.facebook.com\/morenaelettrodomestici\/","https:\/\/www.instagram.com\/morena.elettrodomestici\/","https:\/\/www.linkedin.com\/company-beta\/10507375\/","https:\/\/www.youtube.com\/channel\/UCgdTfdgRUeVEnhI2Z4GRlFA"]}]}},"_links":{"self":[{"href":"https:\/\/www.morenaelettrodomestici.com\/en\/wp-json\/wp\/v2\/product\/44421","targetHints":{"allow":["GET"]}}],"collection":[{"href":"https:\/\/www.morenaelettrodomestici.com\/en\/wp-json\/wp\/v2\/product"}],"about":[{"href":"https:\/\/www.morenaelettrodomestici.com\/en\/wp-json\/wp\/v2\/types\/product"}],"version-history":[{"count":4,"href":"https:\/\/www.morenaelettrodomestici.com\/en\/wp-json\/wp\/v2\/product\/44421\/revisions"}],"predecessor-version":[{"id":50899,"href":"https:\/\/www.morenaelettrodomestici.com\/en\/wp-json\/wp\/v2\/product\/44421\/revisions\/50899"}],"wp:featuredmedia":[{"embeddable":true,"href":"https:\/\/www.morenaelettrodomestici.com\/en\/wp-json\/wp\/v2\/media\/50891"}],"wp:attachment":[{"href":"https:\/\/www.morenaelettrodomestici.com\/en\/wp-json\/wp\/v2\/media?parent=44421"}],"wp:term":[{"taxonomy":"product_brand","embeddable":true,"href":"https:\/\/www.morenaelettrodomestici.com\/en\/wp-json\/wp\/v2\/product_brand?post=44421"},{"taxonomy":"product_cat","embeddable":true,"href":"https:\/\/www.morenaelettrodomestici.com\/en\/wp-json\/wp\/v2\/product_cat?post=44421"},{"taxonomy":"product_tag","embeddable":true,"href":"https:\/\/www.morenaelettrodomestici.com\/en\/wp-json\/wp\/v2\/product_tag?post=44421"}],"curies":[{"name":"wp","href":"https:\/\/api.w.org\/{rel}","templated":true}]}}