{"id":44698,"date":"2024-07-15T15:47:57","date_gmt":"2024-07-15T15:47:57","guid":{"rendered":"https:\/\/www.morenaelettrodomestici.com\/?post_type=product&#038;p=44698"},"modified":"2025-04-17T11:02:46","modified_gmt":"2025-04-17T11:02:46","slug":"whirlpool-w84te-72-m-2-frigorifero-doppia-porta-84-cm-beige-nofrost","status":"publish","type":"product","link":"https:\/\/www.morenaelettrodomestici.com\/en\/shop\/whirlpool-w84te-72-m-2-frigorifero-doppia-porta-84-cm-beige-nofrost\/","title":{"rendered":"Whirlpool W84TE 72 M 2 Frigorifero Doppia porta 84 cm Beige NoFrost"},"content":{"rendered":"<p>Caratteristiche di questo frigorifero doppia porta a libera installazione Whirlpool: no Frost, la tecnologia che previene efficacemente la formazione di ghiaccio nel congelatore riducendo i livelli di umidit\u00e0. Modello alto e capiente, adatto per le esigenze di tutta la famiglia. Ripiani in vetro con profilati anteriori che aggiungono robustezza, eleganza e maggiore sicurezza. Sensori 6\u00b0 SENSO che abbassano automaticamente la temperatura all&#8217;interno dell&#8217;elettrodomestico quando vengono introdotti nuovi alimenti, riducendo cos\u00ec il consumo di energia elettrica. Comodo porta-bottiglie per conservare le bottiglie con sicurezza.<\/p>\n<p><strong>Risparmio Energia<\/strong><br \/>L&#8217;innovativa tecnologia garantisce un ripristino ultrarapido della temperatura per minori consumi energetici e freschezza pi\u00f9 duratura.<\/p>\n<p><strong>Space Management<\/strong><br \/>Questo frigorifero \u00e8 progettato per offrirti una migliore organizzazione dello spazio interno a seconda delle tue esigenze.<\/p>\n<p><strong>Balconcino portabottiglie<\/strong><br \/>Questo frigorifero accoglie perfettamente le bottiglie grazie al balconcino dedicato.<\/p>\n<p><strong>Dual No Frost<\/strong><br \/>Due sistemi di raffreddamento indipendenti No Frost creano l&#8217;ambiente ideale per la conservazione degli alimenti, senza formazioni di brina, garantendo la temperatura e l&#8217;umidit\u00e0 ideali ed evitando la miscelazione degli odori all&#8217;interno della cavit\u00e0. Puoi posizionare frutta e verdura ovunque nel frigorifero, Dual No Frost le manterr\u00e0 fresche fino a 15 giorni*. *Basato sulla quantit\u00e0 di carico e sulla qualit\u00e0 del prodotto riposto, considerando frutta e verdura comuni. Procedura di prova interna.<\/p>\n<p><strong>Porta Reversibile<\/strong><br \/>Cerniere reversibili per una maggiore adattabilit\u00e0 alla tua cucina &#8211; scegli l&#8217;apertura verso destra o verso sinistra.<\/p>\n<p><strong>Ripiani in vetro<\/strong><br \/>Questo frigorifero Whirlpool \u00e8 dotato di ripiani in vetro pensati per abbinare estetica e funzionalit\u00e0.<\/p>\n<p><strong>NoFrost<\/strong><br \/>Grazie alla circolazione di aria in tutta la cavit\u00e0, la tecnologia No Frost previene la formazione di ghiaccio e brina nel congelatore.<\/p>\n<p><strong>Fast cooling<\/strong><br \/>Estremamente utile per raffreddare velocemente grandi quantit\u00e0 di cibo o bevande o quando il frigorifero viene acceso dopo un periodo di inattivit\u00e0.<\/p>\n<p><strong>Activ0\u00b0<\/strong><br \/>Speciale comparto che mantiene una temperatura intorno agli 0\u00b0C (tra -1\u00b0C e 2\u00b0C), perfetto per la conservazione dei cibi delicati come carne e pesce. Il comparto pu\u00f2 essere disattivato con un tocco.<\/p>\n<p><strong>Sistema di controllo elettronico<\/strong><br \/>Questo frigorifero presenta un sistema di controllo elettronico che garantisce la corretta impostazione dei parametri in ogni momento, fornendo prestazioni ottimali e controllo della temepratura.<\/p>\n<p><strong>Classe energetica E<\/strong><br \/>Grande efficienza energetica. Con la sua classe energetica E, questo elettrodomestico Whirlpool ti consentir\u00e0 di godere sia di grandi prestazioni sia di consumi energetici ridotti.<\/p>\n<p><strong>Illuminazione a LED<\/strong><br \/>Sofisticata tecnologia a LED per illuminare il vano frigorifero senza zone d&#8217;ombra.<\/p>\n<p><strong>Separatore<\/strong><br \/>Questo frigorifero Whirlpool dispone di un separatore all&#8217;interno del cassetto che ti aiuta a sistemare meglio frutta e verdura.<\/p>\n<p><strong>Fresh Box+<\/strong><br \/>Un cassetto con un cursore per il controllo dell&#8217;umidit\u00e0 integrato che consente di conservare frutta e verdura fresche fino a 15 giorni*. *Basato sulla perdita di peso e aspetto visivo considerando frutta e verdura comuni. Procedura di prova interna.<\/p>\n<p><strong>Balconcino per piccoli oggetti<\/strong><br \/>Questo frigorifero Whirlpool dispone di un balconcino appositamente pensato per piccoli oggetti, per una migliore accessibilit\u00e0.<\/p>\n<p><strong>Cassetto con guide<\/strong><br \/>Questo frigorifero \u00e8 dotato di un cassetto con guide per uno scorrimento semplice e fluido.<\/p>\n<p><strong>FreshBox 0\u00b0<\/strong><br \/>Cassetto a 0\u00b0C per i cibi delicati, ideale per conservare carne e pesce e preservarne la freschezza pi\u00f9 a lungo.<\/p>\n<p><strong>Tecnologia 6\u00b0 Senso<\/strong><br \/>La tecnologia 6\u00b0 Senso monitora la temperatura all&#8217;interno del frigorifero\/congelatore e la regola automaticamente quando necessario.<\/p>\n<p><strong>Capacit\u00e0 oltre 550 litri<\/strong><br \/>Questo frigorifero \u00e8 progettato per offrire tutto lo spazio che serve per conservare cibi e bevande.<\/p>\n<p><strong>Zen Inverter Technology<\/strong><br \/>Godetevi la calma in cucina con prestazioni ottimali a basso livello di rumore grazie al motore Inverter Compressor della nostra gamma di frigoriferi\/congelatori.<\/p>","protected":false},"excerpt":{"rendered":"<p>\u2018- Classe energetica E<br \/>\u2013 Capacit\u00e0 di congelamento 9 kg\/24h<br \/>\u2013 Dimensioni (LxPxA)84x75x186<br \/>\u2013 No frost<\/p>","protected":false},"featured_media":44826,"template":"","meta":[],"product_brand":[],"product_cat":[129,107,88],"product_tag":[1025,403,346,974,724],"class_list":{"0":"post-44698","1":"product","2":"type-product","3":"status-publish","4":"has-post-thumbnail","6":"product_cat-doppia-porta","7":"product_cat-frigoriferi","8":"product_cat-grandi-elettrodomestici","9":"product_tag-84-cm","10":"product_tag-beige","11":"product_tag-doppia-porta","12":"product_tag-frigo","13":"product_tag-whirlpool","14":"pa_colore-beige","15":"pa_larghezza-84cm","16":"pa_marca-whirlpool","18":"first","19":"instock","20":"sale","21":"purchasable","22":"product-type-simple"},"yoast_head":"<!-- This site is optimized with the Yoast SEO plugin v27.5 - https:\/\/yoast.com\/product\/yoast-seo-wordpress\/ -->\n<title>Whirlpool W84TE 72 M 2 Frigorifero Doppia porta 84 cm Beige NoFrost - Morena Elettrodomestici<\/title>\n<meta name=\"description\" content=\"Acquista Whirlpool W84TE 72 M 2 Frigorifero Doppia porta 84 cm Beige NoFrost su Morena Elettrodomestici. Il tuo Negozio di Fiducia online con prezzi competitivi e prodotti di alta qualit\u00e0!\" \/>\n<meta name=\"robots\" content=\"index, follow, max-snippet:-1, max-image-preview:large, max-video-preview:-1\" \/>\n<link rel=\"canonical\" href=\"https:\/\/www.morenaelettrodomestici.com\/en\/shop\/whirlpool-w84te-72-m-2-frigorifero-doppia-porta-84-cm-beige-nofrost\/\" \/>\n<meta property=\"og:locale\" content=\"en_GB\" \/>\n<meta property=\"og:type\" content=\"article\" \/>\n<meta property=\"og:title\" content=\"Whirlpool W84TE 72 M 2 Frigorifero Doppia porta 84 cm Beige NoFrost - Morena Elettrodomestici\" \/>\n<meta property=\"og:description\" content=\"Acquista Whirlpool W84TE 72 M 2 Frigorifero Doppia porta 84 cm Beige NoFrost su Morena Elettrodomestici. Il tuo Negozio di Fiducia online con prezzi competitivi e prodotti di alta qualit\u00e0!\" \/>\n<meta property=\"og:url\" content=\"https:\/\/www.morenaelettrodomestici.com\/en\/shop\/whirlpool-w84te-72-m-2-frigorifero-doppia-porta-84-cm-beige-nofrost\/\" \/>\n<meta property=\"og:site_name\" content=\"Morena Elettrodomestici\" \/>\n<meta property=\"article:publisher\" content=\"https:\/\/www.facebook.com\/morenaelettrodomestici\/\" \/>\n<meta property=\"article:modified_time\" content=\"2025-04-17T11:02:46+00:00\" \/>\n<meta property=\"og:image\" content=\"https:\/\/www.morenaelettrodomestici.com\/wp-content\/uploads\/2024\/07\/W84TE-72-M.webp\" \/>\n\t<meta property=\"og:image:width\" content=\"452\" \/>\n\t<meta property=\"og:image:height\" content=\"452\" \/>\n\t<meta property=\"og:image:type\" content=\"image\/webp\" \/>\n<meta name=\"twitter:card\" content=\"summary_large_image\" \/>\n<meta name=\"twitter:label1\" content=\"Estimated reading time\" \/>\n\t<meta name=\"twitter:data1\" content=\"3 minutes\" \/>\n<script type=\"application\/ld+json\" class=\"yoast-schema-graph\">{\"@context\":\"https:\\\/\\\/schema.org\",\"@graph\":[{\"@type\":\"WebPage\",\"@id\":\"https:\\\/\\\/www.morenaelettrodomestici.com\\\/shop\\\/whirlpool-w84te-72-m-2-frigorifero-doppia-porta-84-cm-beige-nofrost\\\/\",\"url\":\"https:\\\/\\\/www.morenaelettrodomestici.com\\\/shop\\\/whirlpool-w84te-72-m-2-frigorifero-doppia-porta-84-cm-beige-nofrost\\\/\",\"name\":\"Whirlpool W84TE 72 M 2 Frigorifero Doppia porta 84 cm Beige NoFrost - Morena Elettrodomestici\",\"isPartOf\":{\"@id\":\"https:\\\/\\\/www.morenaelettrodomestici.com\\\/#website\"},\"primaryImageOfPage\":{\"@id\":\"https:\\\/\\\/www.morenaelettrodomestici.com\\\/shop\\\/whirlpool-w84te-72-m-2-frigorifero-doppia-porta-84-cm-beige-nofrost\\\/#primaryimage\"},\"image\":{\"@id\":\"https:\\\/\\\/www.morenaelettrodomestici.com\\\/shop\\\/whirlpool-w84te-72-m-2-frigorifero-doppia-porta-84-cm-beige-nofrost\\\/#primaryimage\"},\"thumbnailUrl\":\"https:\\\/\\\/www.morenaelettrodomestici.com\\\/wp-content\\\/uploads\\\/2024\\\/07\\\/whirlpool-frigorifero-doppia-porta-w84te-72-m-2-1.webp\",\"datePublished\":\"2024-07-15T15:47:57+00:00\",\"dateModified\":\"2025-04-17T11:02:46+00:00\",\"description\":\"Acquista Whirlpool W84TE 72 M 2 Frigorifero Doppia porta 84 cm Beige NoFrost su Morena Elettrodomestici. Il tuo Negozio di Fiducia online con prezzi competitivi e prodotti di alta qualit\u00e0!\",\"breadcrumb\":{\"@id\":\"https:\\\/\\\/www.morenaelettrodomestici.com\\\/shop\\\/whirlpool-w84te-72-m-2-frigorifero-doppia-porta-84-cm-beige-nofrost\\\/#breadcrumb\"},\"inLanguage\":\"en-GB\",\"potentialAction\":[{\"@type\":\"ReadAction\",\"target\":[\"https:\\\/\\\/www.morenaelettrodomestici.com\\\/shop\\\/whirlpool-w84te-72-m-2-frigorifero-doppia-porta-84-cm-beige-nofrost\\\/\"]}]},{\"@type\":\"ImageObject\",\"inLanguage\":\"en-GB\",\"@id\":\"https:\\\/\\\/www.morenaelettrodomestici.com\\\/shop\\\/whirlpool-w84te-72-m-2-frigorifero-doppia-porta-84-cm-beige-nofrost\\\/#primaryimage\",\"url\":\"https:\\\/\\\/www.morenaelettrodomestici.com\\\/wp-content\\\/uploads\\\/2024\\\/07\\\/whirlpool-frigorifero-doppia-porta-w84te-72-m-2-1.webp\",\"contentUrl\":\"https:\\\/\\\/www.morenaelettrodomestici.com\\\/wp-content\\\/uploads\\\/2024\\\/07\\\/whirlpool-frigorifero-doppia-porta-w84te-72-m-2-1.webp\",\"width\":452,\"height\":452},{\"@type\":\"BreadcrumbList\",\"@id\":\"https:\\\/\\\/www.morenaelettrodomestici.com\\\/shop\\\/whirlpool-w84te-72-m-2-frigorifero-doppia-porta-84-cm-beige-nofrost\\\/#breadcrumb\",\"itemListElement\":[{\"@type\":\"ListItem\",\"position\":1,\"name\":\"Home\",\"item\":\"https:\\\/\\\/www.morenaelettrodomestici.com\\\/\"},{\"@type\":\"ListItem\",\"position\":2,\"name\":\"Shop\",\"item\":\"https:\\\/\\\/www.morenaelettrodomestici.com\\\/shop\\\/\"},{\"@type\":\"ListItem\",\"position\":3,\"name\":\"Whirlpool W84TE 72 M 2 Frigorifero Doppia porta 84 cm Beige NoFrost\"}]},{\"@type\":\"WebSite\",\"@id\":\"https:\\\/\\\/www.morenaelettrodomestici.com\\\/#website\",\"url\":\"https:\\\/\\\/www.morenaelettrodomestici.com\\\/\",\"name\":\"Morena\",\"description\":\"I migliori elettrodomestici a prezzi folli\",\"publisher\":{\"@id\":\"https:\\\/\\\/www.morenaelettrodomestici.com\\\/#organization\"},\"potentialAction\":[{\"@type\":\"SearchAction\",\"target\":{\"@type\":\"EntryPoint\",\"urlTemplate\":\"https:\\\/\\\/www.morenaelettrodomestici.com\\\/?s={search_term_string}\"},\"query-input\":{\"@type\":\"PropertyValueSpecification\",\"valueRequired\":true,\"valueName\":\"search_term_string\"}}],\"inLanguage\":\"en-GB\"},{\"@type\":\"Organization\",\"@id\":\"https:\\\/\\\/www.morenaelettrodomestici.com\\\/#organization\",\"name\":\"Morena Elettrodomestici\",\"url\":\"https:\\\/\\\/www.morenaelettrodomestici.com\\\/\",\"logo\":{\"@type\":\"ImageObject\",\"inLanguage\":\"en-GB\",\"@id\":\"https:\\\/\\\/www.morenaelettrodomestici.com\\\/#\\\/schema\\\/logo\\\/image\\\/\",\"url\":\"https:\\\/\\\/www.morenaelettrodomestici.com\\\/wp-content\\\/uploads\\\/2024\\\/05\\\/logo_Morena_srls-TRASPARENTE.png\",\"contentUrl\":\"https:\\\/\\\/www.morenaelettrodomestici.com\\\/wp-content\\\/uploads\\\/2024\\\/05\\\/logo_Morena_srls-TRASPARENTE.png\",\"width\":2264,\"height\":718,\"caption\":\"Morena Elettrodomestici\"},\"image\":{\"@id\":\"https:\\\/\\\/www.morenaelettrodomestici.com\\\/#\\\/schema\\\/logo\\\/image\\\/\"},\"sameAs\":[\"https:\\\/\\\/www.facebook.com\\\/morenaelettrodomestici\\\/\",\"https:\\\/\\\/www.instagram.com\\\/morena.elettrodomestici\\\/\",\"https:\\\/\\\/www.linkedin.com\\\/company-beta\\\/10507375\\\/\",\"https:\\\/\\\/www.youtube.com\\\/channel\\\/UCgdTfdgRUeVEnhI2Z4GRlFA\"]}]}<\/script>\n<!-- \/ Yoast SEO plugin. -->","yoast_head_json":{"title":"Whirlpool W84TE 72 M 2 Frigorifero Doppia porta 84 cm Beige NoFrost - Morena Elettrodomestici","description":"Acquista Whirlpool W84TE 72 M 2 Frigorifero Doppia porta 84 cm Beige NoFrost su Morena Elettrodomestici. Il tuo Negozio di Fiducia online con prezzi competitivi e prodotti di alta qualit\u00e0!","robots":{"index":"index","follow":"follow","max-snippet":"max-snippet:-1","max-image-preview":"max-image-preview:large","max-video-preview":"max-video-preview:-1"},"canonical":"https:\/\/www.morenaelettrodomestici.com\/en\/shop\/whirlpool-w84te-72-m-2-frigorifero-doppia-porta-84-cm-beige-nofrost\/","og_locale":"en_GB","og_type":"article","og_title":"Whirlpool W84TE 72 M 2 Frigorifero Doppia porta 84 cm Beige NoFrost - Morena Elettrodomestici","og_description":"Acquista Whirlpool W84TE 72 M 2 Frigorifero Doppia porta 84 cm Beige NoFrost su Morena Elettrodomestici. Il tuo Negozio di Fiducia online con prezzi competitivi e prodotti di alta qualit\u00e0!","og_url":"https:\/\/www.morenaelettrodomestici.com\/en\/shop\/whirlpool-w84te-72-m-2-frigorifero-doppia-porta-84-cm-beige-nofrost\/","og_site_name":"Morena Elettrodomestici","article_publisher":"https:\/\/www.facebook.com\/morenaelettrodomestici\/","article_modified_time":"2025-04-17T11:02:46+00:00","og_image":[{"width":452,"height":452,"url":"https:\/\/www.morenaelettrodomestici.com\/wp-content\/uploads\/2024\/07\/W84TE-72-M.webp","type":"image\/webp"}],"twitter_card":"summary_large_image","twitter_misc":{"Estimated reading time":"3 minutes"},"schema":{"@context":"https:\/\/schema.org","@graph":[{"@type":"WebPage","@id":"https:\/\/www.morenaelettrodomestici.com\/shop\/whirlpool-w84te-72-m-2-frigorifero-doppia-porta-84-cm-beige-nofrost\/","url":"https:\/\/www.morenaelettrodomestici.com\/shop\/whirlpool-w84te-72-m-2-frigorifero-doppia-porta-84-cm-beige-nofrost\/","name":"Whirlpool W84TE 72 M 2 Frigorifero Doppia porta 84 cm Beige NoFrost - Morena Elettrodomestici","isPartOf":{"@id":"https:\/\/www.morenaelettrodomestici.com\/#website"},"primaryImageOfPage":{"@id":"https:\/\/www.morenaelettrodomestici.com\/shop\/whirlpool-w84te-72-m-2-frigorifero-doppia-porta-84-cm-beige-nofrost\/#primaryimage"},"image":{"@id":"https:\/\/www.morenaelettrodomestici.com\/shop\/whirlpool-w84te-72-m-2-frigorifero-doppia-porta-84-cm-beige-nofrost\/#primaryimage"},"thumbnailUrl":"https:\/\/www.morenaelettrodomestici.com\/wp-content\/uploads\/2024\/07\/whirlpool-frigorifero-doppia-porta-w84te-72-m-2-1.webp","datePublished":"2024-07-15T15:47:57+00:00","dateModified":"2025-04-17T11:02:46+00:00","description":"Acquista Whirlpool W84TE 72 M 2 Frigorifero Doppia porta 84 cm Beige NoFrost su Morena Elettrodomestici. Il tuo Negozio di Fiducia online con prezzi competitivi e prodotti di alta qualit\u00e0!","breadcrumb":{"@id":"https:\/\/www.morenaelettrodomestici.com\/shop\/whirlpool-w84te-72-m-2-frigorifero-doppia-porta-84-cm-beige-nofrost\/#breadcrumb"},"inLanguage":"en-GB","potentialAction":[{"@type":"ReadAction","target":["https:\/\/www.morenaelettrodomestici.com\/shop\/whirlpool-w84te-72-m-2-frigorifero-doppia-porta-84-cm-beige-nofrost\/"]}]},{"@type":"ImageObject","inLanguage":"en-GB","@id":"https:\/\/www.morenaelettrodomestici.com\/shop\/whirlpool-w84te-72-m-2-frigorifero-doppia-porta-84-cm-beige-nofrost\/#primaryimage","url":"https:\/\/www.morenaelettrodomestici.com\/wp-content\/uploads\/2024\/07\/whirlpool-frigorifero-doppia-porta-w84te-72-m-2-1.webp","contentUrl":"https:\/\/www.morenaelettrodomestici.com\/wp-content\/uploads\/2024\/07\/whirlpool-frigorifero-doppia-porta-w84te-72-m-2-1.webp","width":452,"height":452},{"@type":"BreadcrumbList","@id":"https:\/\/www.morenaelettrodomestici.com\/shop\/whirlpool-w84te-72-m-2-frigorifero-doppia-porta-84-cm-beige-nofrost\/#breadcrumb","itemListElement":[{"@type":"ListItem","position":1,"name":"Home","item":"https:\/\/www.morenaelettrodomestici.com\/"},{"@type":"ListItem","position":2,"name":"Shop","item":"https:\/\/www.morenaelettrodomestici.com\/shop\/"},{"@type":"ListItem","position":3,"name":"Whirlpool W84TE 72 M 2 Frigorifero Doppia porta 84 cm Beige NoFrost"}]},{"@type":"WebSite","@id":"https:\/\/www.morenaelettrodomestici.com\/#website","url":"https:\/\/www.morenaelettrodomestici.com\/","name":"Morena","description":"I migliori elettrodomestici a prezzi folli","publisher":{"@id":"https:\/\/www.morenaelettrodomestici.com\/#organization"},"potentialAction":[{"@type":"SearchAction","target":{"@type":"EntryPoint","urlTemplate":"https:\/\/www.morenaelettrodomestici.com\/?s={search_term_string}"},"query-input":{"@type":"PropertyValueSpecification","valueRequired":true,"valueName":"search_term_string"}}],"inLanguage":"en-GB"},{"@type":"Organization","@id":"https:\/\/www.morenaelettrodomestici.com\/#organization","name":"Morena Elettrodomestici","url":"https:\/\/www.morenaelettrodomestici.com\/","logo":{"@type":"ImageObject","inLanguage":"en-GB","@id":"https:\/\/www.morenaelettrodomestici.com\/#\/schema\/logo\/image\/","url":"https:\/\/www.morenaelettrodomestici.com\/wp-content\/uploads\/2024\/05\/logo_Morena_srls-TRASPARENTE.png","contentUrl":"https:\/\/www.morenaelettrodomestici.com\/wp-content\/uploads\/2024\/05\/logo_Morena_srls-TRASPARENTE.png","width":2264,"height":718,"caption":"Morena Elettrodomestici"},"image":{"@id":"https:\/\/www.morenaelettrodomestici.com\/#\/schema\/logo\/image\/"},"sameAs":["https:\/\/www.facebook.com\/morenaelettrodomestici\/","https:\/\/www.instagram.com\/morena.elettrodomestici\/","https:\/\/www.linkedin.com\/company-beta\/10507375\/","https:\/\/www.youtube.com\/channel\/UCgdTfdgRUeVEnhI2Z4GRlFA"]}]}},"_links":{"self":[{"href":"https:\/\/www.morenaelettrodomestici.com\/en\/wp-json\/wp\/v2\/product\/44698","targetHints":{"allow":["GET"]}}],"collection":[{"href":"https:\/\/www.morenaelettrodomestici.com\/en\/wp-json\/wp\/v2\/product"}],"about":[{"href":"https:\/\/www.morenaelettrodomestici.com\/en\/wp-json\/wp\/v2\/types\/product"}],"version-history":[{"count":2,"href":"https:\/\/www.morenaelettrodomestici.com\/en\/wp-json\/wp\/v2\/product\/44698\/revisions"}],"predecessor-version":[{"id":48838,"href":"https:\/\/www.morenaelettrodomestici.com\/en\/wp-json\/wp\/v2\/product\/44698\/revisions\/48838"}],"wp:featuredmedia":[{"embeddable":true,"href":"https:\/\/www.morenaelettrodomestici.com\/en\/wp-json\/wp\/v2\/media\/44826"}],"wp:attachment":[{"href":"https:\/\/www.morenaelettrodomestici.com\/en\/wp-json\/wp\/v2\/media?parent=44698"}],"wp:term":[{"taxonomy":"product_brand","embeddable":true,"href":"https:\/\/www.morenaelettrodomestici.com\/en\/wp-json\/wp\/v2\/product_brand?post=44698"},{"taxonomy":"product_cat","embeddable":true,"href":"https:\/\/www.morenaelettrodomestici.com\/en\/wp-json\/wp\/v2\/product_cat?post=44698"},{"taxonomy":"product_tag","embeddable":true,"href":"https:\/\/www.morenaelettrodomestici.com\/en\/wp-json\/wp\/v2\/product_tag?post=44698"}],"curies":[{"name":"wp","href":"https:\/\/api.w.org\/{rel}","templated":true}]}}