{"id":46104,"date":"2024-08-29T09:38:31","date_gmt":"2024-08-29T09:38:31","guid":{"rendered":"https:\/\/www.morenaelettrodomestici.com\/?post_type=product&#038;p=46104"},"modified":"2025-04-10T15:51:50","modified_gmt":"2025-04-10T15:51:50","slug":"foppapedretti-asse-da-stiro-stir8","status":"publish","type":"product","link":"https:\/\/www.morenaelettrodomestici.com\/en\/shop\/foppapedretti-asse-da-stiro-stir8\/","title":{"rendered":"Foppapedretti\u00a0Asse da stiro Stir8"},"content":{"rendered":"<p>L&#8217;<strong>asse da stiro in legno Stir8 di Foppapedretti<\/strong>&nbsp;\u00e8 un mobiletto con piano da stiro a scomparsa in pioppo. Dal design lineare e moderno, si sposta facilmente grazie a ruote antigraffio.<\/p>\n<p>La struttura in truciolare nobilitato \u00e8 disponibile in quattro varianti di colore:&nbsp;<strong>naturale<\/strong>,<strong>&nbsp;noce<\/strong>,&nbsp;<strong>bianco<\/strong>&nbsp;e&nbsp;<strong>canaletto<\/strong>.<\/p>\n<p>I punti di forza di&nbsp;<strong>Stir8<\/strong>&nbsp;sono:<\/p>\n<p>&#8211; l&#8217;asse da stiro &#8220;<strong>scompare<\/strong>&#8221; trasformandosi in mobiletto<\/p>\n<p>&#8211;&nbsp;<strong>struttura solida<\/strong>, ma allo stesso tempo leggera<\/p>\n<p>&#8211;&nbsp;<strong>si sposta facilmente<\/strong><\/p>\n<p>&#8211; design&nbsp;<strong>lineare e moderno<\/strong><\/p>\n<p><strong>Il marchio T\u00dcV S\u00dcD garantisce e certifica la sicurezza dei prodotti<\/strong>.<br \/>Certificato&nbsp;<strong>T\u00dcV S\u00dcD<\/strong>&nbsp;(ente internazionale di collaudi e certificazioni che garantisce la sicurezza e la qualit\u00e0 dei prodotti).<\/p>\n<p>Per stirare con ancora pi\u00f9 comodit\u00e0 ci sono anche gli accessori creati da&nbsp;<strong>Foppapedretti<\/strong>&nbsp;per le sue assi da stiro:<\/p>\n<p>&#8211; &#8220;<a href=\"https:\/\/www.foppapedretti.it\/it\/casa\/stirare\/accessori-asse-da-stiro-lostiragonne\"><strong>loStiragonne<\/strong><\/a>&#8221; per stirare facilmente gonne e piccoli indumenti<\/p>\n<p>&#8211; &#8220;<a href=\"https:\/\/www.foppapedretti.it\/it\/casa\/stirare\/accessori-asse-da-stiro-lostiramaniche\"><strong>loStiramaniche<\/strong><\/a>&#8221; per facilitare la stiratura delle maniche di camicie e maglie<\/p>\n<p>&nbsp;<\/p>\n<figure class=\"table\">\n<table>\n<tbody>\n<tr>\n<th>Peso Netto<\/th>\n<td>20,7 kg<\/td>\n<\/tr>\n<tr>\n<th>Misure<\/th>\n<td>Dimensioni aperto cm: H 87 | P 39 | L 136<br \/>Dimensioni chiuso cm: H 87 | P 39 | L 39<br \/>Dimensioni piano stiro cm: P 34 | L 99<\/td>\n<\/tr>\n<tr>\n<th>Note<\/th>\n<td>Misure e caratteristiche del prodotto possono essere soggette a migliorie e modifiche, pertanto non sono vincolanti per il produttore. La riproduzione cromatica, le misure e le caratteristiche dei prodotti pubblicati potrebbero risultare differenti dalla realt\u00e0.<\/td>\n<\/tr>\n<tr>\n<th>Prezzo di listino<\/th>\n<td>0,00<\/td>\n<\/tr>\n<tr>\n<th>Imballo<\/th>\n<td>cm: H 99 | P 47 | L 48<br \/>mc: V 0,224<br \/>Peso Lordo: 23,1 Kg<\/td>\n<\/tr>\n<\/tbody>\n<\/table>\n<\/figure>\n<h3>Foppapedretti: Made in Italy dal 1945<\/h3>\n<p>Da 70 anni Foppapedretti \u00e8 sinonimo di qualit\u00e0 dei materiali, praticit\u00e0, funzionalit\u00e0 e maneggevolezza, insieme a ricercatezza nel design e attenzione alla sicurezza. Una filosofia aziendale valida per tutti i prodotti in legno ma che si \u00e8 confermata anche per i prodotti \u201cTechnology\u201d in metallo e altri materiali, introdotti in tempi pi\u00f9 recenti.<\/p>\n<p><img decoding=\"async\" src=\"https:\/\/m.media-amazon.com\/images\/S\/aplus-media-library-service-media\/8e5efb85-671e-45f4-b251-482c135e690d.__CR0,0,300,300_PT0_SX300_V1___.jpg\" alt=\"legno\"><\/p>\n<h3>Processo produttivo ed impegno ecologico<\/h3>\n<p>Il legno \u00e8 una materia prima naturale ecologica al 100%. Utilizziamo legname proveniente da aree geografiche certificate e da boschi la cui riforestazione \u00e8 controllata. Falegnami da sempre, oggi lavoriamo il legno con tecnologie sofisticate in grado di effettuare lavorazioni di precisione ad altissimi standard qualitativi, nel rispetto delle esigenze ambientali e senza dimenticare la cura artigianale che contraddistingue il marchio.<\/p>\n<p><img decoding=\"async\" src=\"https:\/\/m.media-amazon.com\/images\/S\/aplus-media-library-service-media\/fcd454b7-70bc-4947-a539-bb31b55bcfec.__CR0,379,621,621_PT0_SX300_V1___.jpg\" alt=\"stir8\"><\/p>\n<h3>Foppapedretti Stir8, Mobile da stiro con piano a scomparsa<\/h3>\n<p>L&#8217;asse da stiro in legno Stir8 di Foppapedretti \u00e8 un mobiletto con piano da stiro a scomparsa in pioppo. Dal design lineare e moderno, si sposta facilmente grazie a ruote antigraffio.<\/p>\n<p>La struttura in truciolare nobilitato \u00e8 disponibile in quattro varianti di colore: naturale, noce, bianco e canaletto.<\/p>\n<p>I punti di forza di Stir8 sono:<\/p>\n<p>&nbsp;<\/p>\n<ul>\n<li>l&#8217;asse da stiro &#8220;scompare&#8221; trasformandosi in mobiletto<\/li>\n<li>struttura solida, ma allo stesso tempo leggera<\/li>\n<li>si sposta facilmente<\/li>\n<li>design lineare e moderno<\/li>\n<\/ul>\n<p>&nbsp;<\/p>\n<p><img decoding=\"async\" src=\"https:\/\/m.media-amazon.com\/images\/S\/aplus-media-library-service-media\/bf06a632-4afc-45ba-b1a9-1146179c9160.__CR155,513,417,417_PT0_SX300_V1___.jpg\" alt=\"stir8\"><\/p>\n<p>&nbsp;<\/p>\n<ul>\n<li>Dimensioni aperto cm: H 87 | P 39 | L 136<\/li>\n<li>Dimensioni chiuso cm: H 38 | P 39 | L 87<\/li>\n<li>Dimensioni piano stiro cm: P 34 | L 99<\/li>\n<li>Peso: 20,7 kgLO S<\/li>\n<\/ul>","protected":false},"excerpt":{"rendered":"<h2>Chiudibile e compatto<\/h2>\n<h2>Dimensioni 39 x 136 x 87 cm<\/h2>\n<p>Il prezzo pu\u00f2 variare in base alla colorazione scelta<\/p>","protected":false},"featured_media":46255,"template":"","meta":[],"product_brand":[],"product_cat":[824,102],"product_tag":[825,1433,1434],"class_list":{"0":"post-46104","1":"product","2":"type-product","3":"status-publish","4":"has-post-thumbnail","6":"product_cat-assi-da-stiro","7":"product_cat-piccoli-elettrodomestici","8":"product_tag-asse-da-stiro","9":"product_tag-foppapedretti","10":"product_tag-lo-stiro","11":"pa_colore-bianco","12":"pa_colore-naturale","13":"pa_colore-noce","14":"pa_marca-foppapedretti","16":"first","17":"instock","18":"sale","19":"purchasable","20":"product-type-variable","21":"has-default-attributes"},"yoast_head":"<!-- This site is optimized with the Yoast SEO plugin v27.5 - https:\/\/yoast.com\/product\/yoast-seo-wordpress\/ -->\n<title>Foppapedretti\u00a0Asse da stiro Stir8 - Morena Elettrodomestici<\/title>\n<meta name=\"description\" content=\"Acquista Foppapedretti\u00a0Asse da stiro Stir8 su Morena Elettrodomestici. Il tuo Negozio di Fiducia online con prezzi competitivi e prodotti di alta qualit\u00e0!\" \/>\n<meta name=\"robots\" content=\"index, follow, max-snippet:-1, max-image-preview:large, max-video-preview:-1\" \/>\n<link rel=\"canonical\" href=\"https:\/\/www.morenaelettrodomestici.com\/en\/shop\/foppapedretti-asse-da-stiro-stir8\/\" \/>\n<meta property=\"og:locale\" content=\"en_GB\" \/>\n<meta property=\"og:type\" content=\"article\" \/>\n<meta property=\"og:title\" content=\"Foppapedretti\u00a0Asse da stiro Stir8 - Morena Elettrodomestici\" \/>\n<meta property=\"og:description\" content=\"Acquista Foppapedretti\u00a0Asse da stiro Stir8 su Morena Elettrodomestici. Il tuo Negozio di Fiducia online con prezzi competitivi e prodotti di alta qualit\u00e0!\" \/>\n<meta property=\"og:url\" content=\"https:\/\/www.morenaelettrodomestici.com\/en\/shop\/foppapedretti-asse-da-stiro-stir8\/\" \/>\n<meta property=\"og:site_name\" content=\"Morena Elettrodomestici\" \/>\n<meta property=\"article:publisher\" content=\"https:\/\/www.facebook.com\/morenaelettrodomestici\/\" \/>\n<meta property=\"article:modified_time\" content=\"2025-04-10T15:51:50+00:00\" \/>\n<meta property=\"og:image\" content=\"https:\/\/www.morenaelettrodomestici.com\/wp-content\/uploads\/2024\/09\/asse-da-stiro-stir8-noce-xl_2.jpg\" \/>\n\t<meta property=\"og:image:width\" content=\"1000\" \/>\n\t<meta property=\"og:image:height\" content=\"1000\" \/>\n\t<meta property=\"og:image:type\" content=\"image\/jpeg\" \/>\n<meta name=\"twitter:card\" content=\"summary_large_image\" \/>\n<meta name=\"twitter:label1\" content=\"Estimated reading time\" \/>\n\t<meta name=\"twitter:data1\" content=\"2 minutes\" \/>\n<script type=\"application\/ld+json\" class=\"yoast-schema-graph\">{\"@context\":\"https:\\\/\\\/schema.org\",\"@graph\":[{\"@type\":\"WebPage\",\"@id\":\"https:\\\/\\\/www.morenaelettrodomestici.com\\\/shop\\\/foppapedretti-asse-da-stiro-stir8\\\/\",\"url\":\"https:\\\/\\\/www.morenaelettrodomestici.com\\\/shop\\\/foppapedretti-asse-da-stiro-stir8\\\/\",\"name\":\"Foppapedretti\u00a0Asse da stiro Stir8 - Morena Elettrodomestici\",\"isPartOf\":{\"@id\":\"https:\\\/\\\/www.morenaelettrodomestici.com\\\/#website\"},\"primaryImageOfPage\":{\"@id\":\"https:\\\/\\\/www.morenaelettrodomestici.com\\\/shop\\\/foppapedretti-asse-da-stiro-stir8\\\/#primaryimage\"},\"image\":{\"@id\":\"https:\\\/\\\/www.morenaelettrodomestici.com\\\/shop\\\/foppapedretti-asse-da-stiro-stir8\\\/#primaryimage\"},\"thumbnailUrl\":\"https:\\\/\\\/www.morenaelettrodomestici.com\\\/wp-content\\\/uploads\\\/2024\\\/09\\\/asse-da-stiro-stir8-noce-xl_2.jpg\",\"datePublished\":\"2024-08-29T09:38:31+00:00\",\"dateModified\":\"2025-04-10T15:51:50+00:00\",\"description\":\"Acquista Foppapedretti\u00a0Asse da stiro Stir8 su Morena Elettrodomestici. Il tuo Negozio di Fiducia online con prezzi competitivi e prodotti di alta qualit\u00e0!\",\"breadcrumb\":{\"@id\":\"https:\\\/\\\/www.morenaelettrodomestici.com\\\/shop\\\/foppapedretti-asse-da-stiro-stir8\\\/#breadcrumb\"},\"inLanguage\":\"en-GB\",\"potentialAction\":[{\"@type\":\"ReadAction\",\"target\":[\"https:\\\/\\\/www.morenaelettrodomestici.com\\\/shop\\\/foppapedretti-asse-da-stiro-stir8\\\/\"]}]},{\"@type\":\"ImageObject\",\"inLanguage\":\"en-GB\",\"@id\":\"https:\\\/\\\/www.morenaelettrodomestici.com\\\/shop\\\/foppapedretti-asse-da-stiro-stir8\\\/#primaryimage\",\"url\":\"https:\\\/\\\/www.morenaelettrodomestici.com\\\/wp-content\\\/uploads\\\/2024\\\/09\\\/asse-da-stiro-stir8-noce-xl_2.jpg\",\"contentUrl\":\"https:\\\/\\\/www.morenaelettrodomestici.com\\\/wp-content\\\/uploads\\\/2024\\\/09\\\/asse-da-stiro-stir8-noce-xl_2.jpg\",\"width\":1000,\"height\":1000},{\"@type\":\"BreadcrumbList\",\"@id\":\"https:\\\/\\\/www.morenaelettrodomestici.com\\\/shop\\\/foppapedretti-asse-da-stiro-stir8\\\/#breadcrumb\",\"itemListElement\":[{\"@type\":\"ListItem\",\"position\":1,\"name\":\"Home\",\"item\":\"https:\\\/\\\/www.morenaelettrodomestici.com\\\/\"},{\"@type\":\"ListItem\",\"position\":2,\"name\":\"Shop\",\"item\":\"https:\\\/\\\/www.morenaelettrodomestici.com\\\/shop\\\/\"},{\"@type\":\"ListItem\",\"position\":3,\"name\":\"Foppapedretti\u00a0Asse da stiro Stir8\"}]},{\"@type\":\"WebSite\",\"@id\":\"https:\\\/\\\/www.morenaelettrodomestici.com\\\/#website\",\"url\":\"https:\\\/\\\/www.morenaelettrodomestici.com\\\/\",\"name\":\"Morena\",\"description\":\"I migliori elettrodomestici a prezzi folli\",\"publisher\":{\"@id\":\"https:\\\/\\\/www.morenaelettrodomestici.com\\\/#organization\"},\"potentialAction\":[{\"@type\":\"SearchAction\",\"target\":{\"@type\":\"EntryPoint\",\"urlTemplate\":\"https:\\\/\\\/www.morenaelettrodomestici.com\\\/?s={search_term_string}\"},\"query-input\":{\"@type\":\"PropertyValueSpecification\",\"valueRequired\":true,\"valueName\":\"search_term_string\"}}],\"inLanguage\":\"en-GB\"},{\"@type\":\"Organization\",\"@id\":\"https:\\\/\\\/www.morenaelettrodomestici.com\\\/#organization\",\"name\":\"Morena Elettrodomestici\",\"url\":\"https:\\\/\\\/www.morenaelettrodomestici.com\\\/\",\"logo\":{\"@type\":\"ImageObject\",\"inLanguage\":\"en-GB\",\"@id\":\"https:\\\/\\\/www.morenaelettrodomestici.com\\\/#\\\/schema\\\/logo\\\/image\\\/\",\"url\":\"https:\\\/\\\/www.morenaelettrodomestici.com\\\/wp-content\\\/uploads\\\/2024\\\/05\\\/logo_Morena_srls-TRASPARENTE.png\",\"contentUrl\":\"https:\\\/\\\/www.morenaelettrodomestici.com\\\/wp-content\\\/uploads\\\/2024\\\/05\\\/logo_Morena_srls-TRASPARENTE.png\",\"width\":2264,\"height\":718,\"caption\":\"Morena Elettrodomestici\"},\"image\":{\"@id\":\"https:\\\/\\\/www.morenaelettrodomestici.com\\\/#\\\/schema\\\/logo\\\/image\\\/\"},\"sameAs\":[\"https:\\\/\\\/www.facebook.com\\\/morenaelettrodomestici\\\/\",\"https:\\\/\\\/www.instagram.com\\\/morena.elettrodomestici\\\/\",\"https:\\\/\\\/www.linkedin.com\\\/company-beta\\\/10507375\\\/\",\"https:\\\/\\\/www.youtube.com\\\/channel\\\/UCgdTfdgRUeVEnhI2Z4GRlFA\"]}]}<\/script>\n<!-- \/ Yoast SEO plugin. -->","yoast_head_json":{"title":"Foppapedretti\u00a0Asse da stiro Stir8 - Morena Elettrodomestici","description":"Acquista Foppapedretti\u00a0Asse da stiro Stir8 su Morena Elettrodomestici. Il tuo Negozio di Fiducia online con prezzi competitivi e prodotti di alta qualit\u00e0!","robots":{"index":"index","follow":"follow","max-snippet":"max-snippet:-1","max-image-preview":"max-image-preview:large","max-video-preview":"max-video-preview:-1"},"canonical":"https:\/\/www.morenaelettrodomestici.com\/en\/shop\/foppapedretti-asse-da-stiro-stir8\/","og_locale":"en_GB","og_type":"article","og_title":"Foppapedretti\u00a0Asse da stiro Stir8 - Morena Elettrodomestici","og_description":"Acquista Foppapedretti\u00a0Asse da stiro Stir8 su Morena Elettrodomestici. Il tuo Negozio di Fiducia online con prezzi competitivi e prodotti di alta qualit\u00e0!","og_url":"https:\/\/www.morenaelettrodomestici.com\/en\/shop\/foppapedretti-asse-da-stiro-stir8\/","og_site_name":"Morena Elettrodomestici","article_publisher":"https:\/\/www.facebook.com\/morenaelettrodomestici\/","article_modified_time":"2025-04-10T15:51:50+00:00","og_image":[{"width":1000,"height":1000,"url":"https:\/\/www.morenaelettrodomestici.com\/wp-content\/uploads\/2024\/09\/asse-da-stiro-stir8-noce-xl_2.jpg","type":"image\/jpeg"}],"twitter_card":"summary_large_image","twitter_misc":{"Estimated reading time":"2 minutes"},"schema":{"@context":"https:\/\/schema.org","@graph":[{"@type":"WebPage","@id":"https:\/\/www.morenaelettrodomestici.com\/shop\/foppapedretti-asse-da-stiro-stir8\/","url":"https:\/\/www.morenaelettrodomestici.com\/shop\/foppapedretti-asse-da-stiro-stir8\/","name":"Foppapedretti\u00a0Asse da stiro Stir8 - Morena Elettrodomestici","isPartOf":{"@id":"https:\/\/www.morenaelettrodomestici.com\/#website"},"primaryImageOfPage":{"@id":"https:\/\/www.morenaelettrodomestici.com\/shop\/foppapedretti-asse-da-stiro-stir8\/#primaryimage"},"image":{"@id":"https:\/\/www.morenaelettrodomestici.com\/shop\/foppapedretti-asse-da-stiro-stir8\/#primaryimage"},"thumbnailUrl":"https:\/\/www.morenaelettrodomestici.com\/wp-content\/uploads\/2024\/09\/asse-da-stiro-stir8-noce-xl_2.jpg","datePublished":"2024-08-29T09:38:31+00:00","dateModified":"2025-04-10T15:51:50+00:00","description":"Acquista Foppapedretti\u00a0Asse da stiro Stir8 su Morena Elettrodomestici. Il tuo Negozio di Fiducia online con prezzi competitivi e prodotti di alta qualit\u00e0!","breadcrumb":{"@id":"https:\/\/www.morenaelettrodomestici.com\/shop\/foppapedretti-asse-da-stiro-stir8\/#breadcrumb"},"inLanguage":"en-GB","potentialAction":[{"@type":"ReadAction","target":["https:\/\/www.morenaelettrodomestici.com\/shop\/foppapedretti-asse-da-stiro-stir8\/"]}]},{"@type":"ImageObject","inLanguage":"en-GB","@id":"https:\/\/www.morenaelettrodomestici.com\/shop\/foppapedretti-asse-da-stiro-stir8\/#primaryimage","url":"https:\/\/www.morenaelettrodomestici.com\/wp-content\/uploads\/2024\/09\/asse-da-stiro-stir8-noce-xl_2.jpg","contentUrl":"https:\/\/www.morenaelettrodomestici.com\/wp-content\/uploads\/2024\/09\/asse-da-stiro-stir8-noce-xl_2.jpg","width":1000,"height":1000},{"@type":"BreadcrumbList","@id":"https:\/\/www.morenaelettrodomestici.com\/shop\/foppapedretti-asse-da-stiro-stir8\/#breadcrumb","itemListElement":[{"@type":"ListItem","position":1,"name":"Home","item":"https:\/\/www.morenaelettrodomestici.com\/"},{"@type":"ListItem","position":2,"name":"Shop","item":"https:\/\/www.morenaelettrodomestici.com\/shop\/"},{"@type":"ListItem","position":3,"name":"Foppapedretti\u00a0Asse da stiro Stir8"}]},{"@type":"WebSite","@id":"https:\/\/www.morenaelettrodomestici.com\/#website","url":"https:\/\/www.morenaelettrodomestici.com\/","name":"Morena","description":"I migliori elettrodomestici a prezzi folli","publisher":{"@id":"https:\/\/www.morenaelettrodomestici.com\/#organization"},"potentialAction":[{"@type":"SearchAction","target":{"@type":"EntryPoint","urlTemplate":"https:\/\/www.morenaelettrodomestici.com\/?s={search_term_string}"},"query-input":{"@type":"PropertyValueSpecification","valueRequired":true,"valueName":"search_term_string"}}],"inLanguage":"en-GB"},{"@type":"Organization","@id":"https:\/\/www.morenaelettrodomestici.com\/#organization","name":"Morena Elettrodomestici","url":"https:\/\/www.morenaelettrodomestici.com\/","logo":{"@type":"ImageObject","inLanguage":"en-GB","@id":"https:\/\/www.morenaelettrodomestici.com\/#\/schema\/logo\/image\/","url":"https:\/\/www.morenaelettrodomestici.com\/wp-content\/uploads\/2024\/05\/logo_Morena_srls-TRASPARENTE.png","contentUrl":"https:\/\/www.morenaelettrodomestici.com\/wp-content\/uploads\/2024\/05\/logo_Morena_srls-TRASPARENTE.png","width":2264,"height":718,"caption":"Morena Elettrodomestici"},"image":{"@id":"https:\/\/www.morenaelettrodomestici.com\/#\/schema\/logo\/image\/"},"sameAs":["https:\/\/www.facebook.com\/morenaelettrodomestici\/","https:\/\/www.instagram.com\/morena.elettrodomestici\/","https:\/\/www.linkedin.com\/company-beta\/10507375\/","https:\/\/www.youtube.com\/channel\/UCgdTfdgRUeVEnhI2Z4GRlFA"]}]}},"_links":{"self":[{"href":"https:\/\/www.morenaelettrodomestici.com\/en\/wp-json\/wp\/v2\/product\/46104","targetHints":{"allow":["GET"]}}],"collection":[{"href":"https:\/\/www.morenaelettrodomestici.com\/en\/wp-json\/wp\/v2\/product"}],"about":[{"href":"https:\/\/www.morenaelettrodomestici.com\/en\/wp-json\/wp\/v2\/types\/product"}],"version-history":[{"count":4,"href":"https:\/\/www.morenaelettrodomestici.com\/en\/wp-json\/wp\/v2\/product\/46104\/revisions"}],"predecessor-version":[{"id":48688,"href":"https:\/\/www.morenaelettrodomestici.com\/en\/wp-json\/wp\/v2\/product\/46104\/revisions\/48688"}],"wp:featuredmedia":[{"embeddable":true,"href":"https:\/\/www.morenaelettrodomestici.com\/en\/wp-json\/wp\/v2\/media\/46255"}],"wp:attachment":[{"href":"https:\/\/www.morenaelettrodomestici.com\/en\/wp-json\/wp\/v2\/media?parent=46104"}],"wp:term":[{"taxonomy":"product_brand","embeddable":true,"href":"https:\/\/www.morenaelettrodomestici.com\/en\/wp-json\/wp\/v2\/product_brand?post=46104"},{"taxonomy":"product_cat","embeddable":true,"href":"https:\/\/www.morenaelettrodomestici.com\/en\/wp-json\/wp\/v2\/product_cat?post=46104"},{"taxonomy":"product_tag","embeddable":true,"href":"https:\/\/www.morenaelettrodomestici.com\/en\/wp-json\/wp\/v2\/product_tag?post=46104"}],"curies":[{"name":"wp","href":"https:\/\/api.w.org\/{rel}","templated":true}]}}