{"id":46775,"date":"2024-10-25T08:49:19","date_gmt":"2024-10-25T08:49:19","guid":{"rendered":"https:\/\/www.morenaelettrodomestici.com\/?post_type=product&#038;p=46775"},"modified":"2025-11-03T16:00:36","modified_gmt":"2025-11-03T16:00:36","slug":"leifheit-03032-schiacciapatate-proline","status":"publish","type":"product","link":"https:\/\/www.morenaelettrodomestici.com\/en\/shop\/leifheit-03032-schiacciapatate-proline\/","title":{"rendered":"Leifheit 03032 Schiacciapatate ProLine"},"content":{"rendered":"<div class=\"__attribute___pc4IX\">\n<div class=\"__name___76cAV\">\n<h2>Pur\u00e8 di patate fresco fatto in casa con lo schiacciapatate ProLine<\/h2>\n<p>Lo schiacciapatate Proline Leifheit non solo convince per la sua piacevole maneggevolezza, ma anche per il suo design elegante. Inoltre, il pressino \u00e8 dotato di un pratico occhiello per poterlo agganciare all\u2019apposito appendino, grazie al quale \u00e8 sempre a portata di mano!<\/p>\n<h3 class=\"__title___3KZYy __clickable___1spoN _--selected___16ME6\">Informazioni aggiuntive<\/h3>\n<div class=\"__tabContent___2Caxn _--additionalInfo___3PWsN\">Chic, semplice ed elegante: \u00e8 questo lo stile degli strumenti da cucina LEIFHEIT della serie ProLine. La combinazione di alta qualit\u00e0 dell&#8217;acciaio inox e della plastica nera \u00e8 una caratteristica di design di tutte le cucine ed \u00e8 perfetta per servire in tavola. Anche la maneggevolezza soddisfa le aspettative. L&#8217;impugnatura ovale dello schiacciapatate ProLine in acciaio inox di alta qualit\u00e0 rimane comodamente e saldamente in mano e conferisce una piacevole stabilit\u00e0. La dotazione comprende il pratico occhiello di aggancio per l&#8217;appendino ProLine disponibile a parte.<\/p>\n<ul class=\"product-features\">\n<li>Il pezzo forte di design per la cucina<\/li>\n<li>Abbinamento di alta qualit\u00e0 di acciaio inox e plastica nera<\/li>\n<li>Impugnatura ovale per una comoda maneggevolezza<\/li>\n<li>Prodotti perfetti per servire in tavola<\/li>\n<li>Comodo occhiello d&#8217;aggancio in dotazione<\/li>\n<\/ul>\n<\/div>\n<\/div>\n<\/div>","protected":false},"excerpt":{"rendered":"<div class=\"__attribute___pc4IX\"><\/div>\n<div class=\"__attribute___pc4IX\">\n<div class=\"__value___3qZMy\">Acciaio inox<\/div>\n<div><\/div>\n<\/div>\n<ul class=\"a-unordered-list a-vertical a-spacing-mini\">\n<li class=\"a-spacing-mini\"><span class=\"a-list-item\">Combinazione di alta qualit\u00e0 di acciaio inossidabile e plastica nera<\/span><\/li>\n<li class=\"a-spacing-mini\"><span class=\"a-list-item\">Manico ovale per un funzionamento piacevole<\/span><\/li>\n<li class=\"a-spacing-mini\"><span class=\"a-list-item\">Con pratico occhiello per appenderla<\/span><\/li>\n<\/ul>","protected":false},"featured_media":46776,"template":"","meta":[],"product_brand":[],"product_cat":[453,102],"product_tag":[454,458,457],"class_list":{"0":"post-46775","1":"product","2":"type-product","3":"status-publish","4":"has-post-thumbnail","6":"product_cat-pentole-e-accessori","7":"product_cat-piccoli-elettrodomestici","8":"product_tag-made-in-italy","9":"product_tag-mestolo","10":"product_tag-utensili-da-cucina","11":"pa_marca-leifheit","13":"first","14":"instock","15":"sale","16":"purchasable","17":"product-type-simple"},"yoast_head":"<!-- This site is optimized with the Yoast SEO plugin v25.5 - https:\/\/yoast.com\/wordpress\/plugins\/seo\/ -->\n<title>Leifheit 03032 Schiacciapatate ProLine - Morena Elettrodomestici<\/title>\n<meta name=\"description\" content=\"Acquista Leifheit 03032 Schiacciapatate ProLine su Morena Elettrodomestici. Il tuo Negozio di Fiducia online con prezzi competitivi e prodotti di alta qualit\u00e0!\" \/>\n<meta name=\"robots\" content=\"index, follow, max-snippet:-1, max-image-preview:large, max-video-preview:-1\" \/>\n<link rel=\"canonical\" href=\"https:\/\/www.morenaelettrodomestici.com\/en\/shop\/leifheit-03032-schiacciapatate-proline\/\" \/>\n<meta property=\"og:locale\" content=\"en_GB\" \/>\n<meta property=\"og:type\" content=\"article\" \/>\n<meta property=\"og:title\" content=\"Leifheit 03032 Schiacciapatate ProLine - Morena Elettrodomestici\" \/>\n<meta property=\"og:description\" content=\"Acquista Leifheit 03032 Schiacciapatate ProLine su Morena Elettrodomestici. Il tuo Negozio di Fiducia online con prezzi competitivi e prodotti di alta qualit\u00e0!\" \/>\n<meta property=\"og:url\" content=\"https:\/\/www.morenaelettrodomestici.com\/en\/shop\/leifheit-03032-schiacciapatate-proline\/\" \/>\n<meta property=\"og:site_name\" content=\"Morena Elettrodomestici\" \/>\n<meta property=\"article:publisher\" content=\"https:\/\/www.facebook.com\/morenaelettrodomestici\/\" \/>\n<meta property=\"article:modified_time\" content=\"2025-11-03T16:00:36+00:00\" \/>\n<meta property=\"og:image\" content=\"https:\/\/www.morenaelettrodomestici.com\/wp-content\/uploads\/2024\/10\/2000Wx2000H-42b46657fabc02c50ddd40f5b0535a67.jpg\" \/>\n\t<meta property=\"og:image:width\" content=\"2000\" \/>\n\t<meta property=\"og:image:height\" content=\"1500\" \/>\n\t<meta property=\"og:image:type\" content=\"image\/jpeg\" \/>\n<meta name=\"twitter:card\" content=\"summary_large_image\" \/>\n<meta name=\"twitter:label1\" content=\"Estimated reading time\" \/>\n\t<meta name=\"twitter:data1\" content=\"1 minute\" \/>\n<script type=\"application\/ld+json\" class=\"yoast-schema-graph\">{\"@context\":\"https:\/\/schema.org\",\"@graph\":[{\"@type\":\"WebPage\",\"@id\":\"https:\/\/www.morenaelettrodomestici.com\/shop\/leifheit-03032-schiacciapatate-proline\/\",\"url\":\"https:\/\/www.morenaelettrodomestici.com\/shop\/leifheit-03032-schiacciapatate-proline\/\",\"name\":\"Leifheit 03032 Schiacciapatate ProLine - Morena Elettrodomestici\",\"isPartOf\":{\"@id\":\"https:\/\/www.morenaelettrodomestici.com\/#website\"},\"primaryImageOfPage\":{\"@id\":\"https:\/\/www.morenaelettrodomestici.com\/shop\/leifheit-03032-schiacciapatate-proline\/#primaryimage\"},\"image\":{\"@id\":\"https:\/\/www.morenaelettrodomestici.com\/shop\/leifheit-03032-schiacciapatate-proline\/#primaryimage\"},\"thumbnailUrl\":\"https:\/\/www.morenaelettrodomestici.com\/wp-content\/uploads\/2024\/10\/2000Wx2000H-42b46657fabc02c50ddd40f5b0535a67.jpg\",\"datePublished\":\"2024-10-25T08:49:19+00:00\",\"dateModified\":\"2025-11-03T16:00:36+00:00\",\"description\":\"Acquista Leifheit 03032 Schiacciapatate ProLine su Morena Elettrodomestici. Il tuo Negozio di Fiducia online con prezzi competitivi e prodotti di alta qualit\u00e0!\",\"breadcrumb\":{\"@id\":\"https:\/\/www.morenaelettrodomestici.com\/shop\/leifheit-03032-schiacciapatate-proline\/#breadcrumb\"},\"inLanguage\":\"en-GB\",\"potentialAction\":[{\"@type\":\"ReadAction\",\"target\":[\"https:\/\/www.morenaelettrodomestici.com\/shop\/leifheit-03032-schiacciapatate-proline\/\"]}]},{\"@type\":\"ImageObject\",\"inLanguage\":\"en-GB\",\"@id\":\"https:\/\/www.morenaelettrodomestici.com\/shop\/leifheit-03032-schiacciapatate-proline\/#primaryimage\",\"url\":\"https:\/\/www.morenaelettrodomestici.com\/wp-content\/uploads\/2024\/10\/2000Wx2000H-42b46657fabc02c50ddd40f5b0535a67.jpg\",\"contentUrl\":\"https:\/\/www.morenaelettrodomestici.com\/wp-content\/uploads\/2024\/10\/2000Wx2000H-42b46657fabc02c50ddd40f5b0535a67.jpg\",\"width\":2000,\"height\":1500},{\"@type\":\"BreadcrumbList\",\"@id\":\"https:\/\/www.morenaelettrodomestici.com\/shop\/leifheit-03032-schiacciapatate-proline\/#breadcrumb\",\"itemListElement\":[{\"@type\":\"ListItem\",\"position\":1,\"name\":\"Home\",\"item\":\"https:\/\/www.morenaelettrodomestici.com\/\"},{\"@type\":\"ListItem\",\"position\":2,\"name\":\"Shop\",\"item\":\"https:\/\/www.morenaelettrodomestici.com\/shop\/\"},{\"@type\":\"ListItem\",\"position\":3,\"name\":\"Leifheit 03032 Schiacciapatate ProLine\"}]},{\"@type\":\"WebSite\",\"@id\":\"https:\/\/www.morenaelettrodomestici.com\/#website\",\"url\":\"https:\/\/www.morenaelettrodomestici.com\/\",\"name\":\"Morena\",\"description\":\"I migliori elettrodomestici a prezzi folli\",\"publisher\":{\"@id\":\"https:\/\/www.morenaelettrodomestici.com\/#organization\"},\"potentialAction\":[{\"@type\":\"SearchAction\",\"target\":{\"@type\":\"EntryPoint\",\"urlTemplate\":\"https:\/\/www.morenaelettrodomestici.com\/?s={search_term_string}\"},\"query-input\":{\"@type\":\"PropertyValueSpecification\",\"valueRequired\":true,\"valueName\":\"search_term_string\"}}],\"inLanguage\":\"en-GB\"},{\"@type\":\"Organization\",\"@id\":\"https:\/\/www.morenaelettrodomestici.com\/#organization\",\"name\":\"Morena Elettrodomestici\",\"url\":\"https:\/\/www.morenaelettrodomestici.com\/\",\"logo\":{\"@type\":\"ImageObject\",\"inLanguage\":\"en-GB\",\"@id\":\"https:\/\/www.morenaelettrodomestici.com\/#\/schema\/logo\/image\/\",\"url\":\"https:\/\/www.morenaelettrodomestici.com\/wp-content\/uploads\/2024\/05\/logo_Morena_srls-TRASPARENTE.png\",\"contentUrl\":\"https:\/\/www.morenaelettrodomestici.com\/wp-content\/uploads\/2024\/05\/logo_Morena_srls-TRASPARENTE.png\",\"width\":2264,\"height\":718,\"caption\":\"Morena Elettrodomestici\"},\"image\":{\"@id\":\"https:\/\/www.morenaelettrodomestici.com\/#\/schema\/logo\/image\/\"},\"sameAs\":[\"https:\/\/www.facebook.com\/morenaelettrodomestici\/\",\"https:\/\/www.instagram.com\/morena.elettrodomestici\/\",\"https:\/\/www.linkedin.com\/company-beta\/10507375\/\",\"https:\/\/www.youtube.com\/channel\/UCgdTfdgRUeVEnhI2Z4GRlFA\"]}]}<\/script>\n<!-- \/ Yoast SEO plugin. -->","yoast_head_json":{"title":"Leifheit 03032 Schiacciapatate ProLine - Morena Elettrodomestici","description":"Acquista Leifheit 03032 Schiacciapatate ProLine su Morena Elettrodomestici. Il tuo Negozio di Fiducia online con prezzi competitivi e prodotti di alta qualit\u00e0!","robots":{"index":"index","follow":"follow","max-snippet":"max-snippet:-1","max-image-preview":"max-image-preview:large","max-video-preview":"max-video-preview:-1"},"canonical":"https:\/\/www.morenaelettrodomestici.com\/en\/shop\/leifheit-03032-schiacciapatate-proline\/","og_locale":"en_GB","og_type":"article","og_title":"Leifheit 03032 Schiacciapatate ProLine - Morena Elettrodomestici","og_description":"Acquista Leifheit 03032 Schiacciapatate ProLine su Morena Elettrodomestici. Il tuo Negozio di Fiducia online con prezzi competitivi e prodotti di alta qualit\u00e0!","og_url":"https:\/\/www.morenaelettrodomestici.com\/en\/shop\/leifheit-03032-schiacciapatate-proline\/","og_site_name":"Morena Elettrodomestici","article_publisher":"https:\/\/www.facebook.com\/morenaelettrodomestici\/","article_modified_time":"2025-11-03T16:00:36+00:00","og_image":[{"width":2000,"height":1500,"url":"https:\/\/www.morenaelettrodomestici.com\/wp-content\/uploads\/2024\/10\/2000Wx2000H-42b46657fabc02c50ddd40f5b0535a67.jpg","type":"image\/jpeg"}],"twitter_card":"summary_large_image","twitter_misc":{"Estimated reading time":"1 minute"},"schema":{"@context":"https:\/\/schema.org","@graph":[{"@type":"WebPage","@id":"https:\/\/www.morenaelettrodomestici.com\/shop\/leifheit-03032-schiacciapatate-proline\/","url":"https:\/\/www.morenaelettrodomestici.com\/shop\/leifheit-03032-schiacciapatate-proline\/","name":"Leifheit 03032 Schiacciapatate ProLine - Morena Elettrodomestici","isPartOf":{"@id":"https:\/\/www.morenaelettrodomestici.com\/#website"},"primaryImageOfPage":{"@id":"https:\/\/www.morenaelettrodomestici.com\/shop\/leifheit-03032-schiacciapatate-proline\/#primaryimage"},"image":{"@id":"https:\/\/www.morenaelettrodomestici.com\/shop\/leifheit-03032-schiacciapatate-proline\/#primaryimage"},"thumbnailUrl":"https:\/\/www.morenaelettrodomestici.com\/wp-content\/uploads\/2024\/10\/2000Wx2000H-42b46657fabc02c50ddd40f5b0535a67.jpg","datePublished":"2024-10-25T08:49:19+00:00","dateModified":"2025-11-03T16:00:36+00:00","description":"Acquista Leifheit 03032 Schiacciapatate ProLine su Morena Elettrodomestici. Il tuo Negozio di Fiducia online con prezzi competitivi e prodotti di alta qualit\u00e0!","breadcrumb":{"@id":"https:\/\/www.morenaelettrodomestici.com\/shop\/leifheit-03032-schiacciapatate-proline\/#breadcrumb"},"inLanguage":"en-GB","potentialAction":[{"@type":"ReadAction","target":["https:\/\/www.morenaelettrodomestici.com\/shop\/leifheit-03032-schiacciapatate-proline\/"]}]},{"@type":"ImageObject","inLanguage":"en-GB","@id":"https:\/\/www.morenaelettrodomestici.com\/shop\/leifheit-03032-schiacciapatate-proline\/#primaryimage","url":"https:\/\/www.morenaelettrodomestici.com\/wp-content\/uploads\/2024\/10\/2000Wx2000H-42b46657fabc02c50ddd40f5b0535a67.jpg","contentUrl":"https:\/\/www.morenaelettrodomestici.com\/wp-content\/uploads\/2024\/10\/2000Wx2000H-42b46657fabc02c50ddd40f5b0535a67.jpg","width":2000,"height":1500},{"@type":"BreadcrumbList","@id":"https:\/\/www.morenaelettrodomestici.com\/shop\/leifheit-03032-schiacciapatate-proline\/#breadcrumb","itemListElement":[{"@type":"ListItem","position":1,"name":"Home","item":"https:\/\/www.morenaelettrodomestici.com\/"},{"@type":"ListItem","position":2,"name":"Shop","item":"https:\/\/www.morenaelettrodomestici.com\/shop\/"},{"@type":"ListItem","position":3,"name":"Leifheit 03032 Schiacciapatate ProLine"}]},{"@type":"WebSite","@id":"https:\/\/www.morenaelettrodomestici.com\/#website","url":"https:\/\/www.morenaelettrodomestici.com\/","name":"Morena","description":"I migliori elettrodomestici a prezzi folli","publisher":{"@id":"https:\/\/www.morenaelettrodomestici.com\/#organization"},"potentialAction":[{"@type":"SearchAction","target":{"@type":"EntryPoint","urlTemplate":"https:\/\/www.morenaelettrodomestici.com\/?s={search_term_string}"},"query-input":{"@type":"PropertyValueSpecification","valueRequired":true,"valueName":"search_term_string"}}],"inLanguage":"en-GB"},{"@type":"Organization","@id":"https:\/\/www.morenaelettrodomestici.com\/#organization","name":"Morena Elettrodomestici","url":"https:\/\/www.morenaelettrodomestici.com\/","logo":{"@type":"ImageObject","inLanguage":"en-GB","@id":"https:\/\/www.morenaelettrodomestici.com\/#\/schema\/logo\/image\/","url":"https:\/\/www.morenaelettrodomestici.com\/wp-content\/uploads\/2024\/05\/logo_Morena_srls-TRASPARENTE.png","contentUrl":"https:\/\/www.morenaelettrodomestici.com\/wp-content\/uploads\/2024\/05\/logo_Morena_srls-TRASPARENTE.png","width":2264,"height":718,"caption":"Morena Elettrodomestici"},"image":{"@id":"https:\/\/www.morenaelettrodomestici.com\/#\/schema\/logo\/image\/"},"sameAs":["https:\/\/www.facebook.com\/morenaelettrodomestici\/","https:\/\/www.instagram.com\/morena.elettrodomestici\/","https:\/\/www.linkedin.com\/company-beta\/10507375\/","https:\/\/www.youtube.com\/channel\/UCgdTfdgRUeVEnhI2Z4GRlFA"]}]}},"_links":{"self":[{"href":"https:\/\/www.morenaelettrodomestici.com\/en\/wp-json\/wp\/v2\/product\/46775","targetHints":{"allow":["GET"]}}],"collection":[{"href":"https:\/\/www.morenaelettrodomestici.com\/en\/wp-json\/wp\/v2\/product"}],"about":[{"href":"https:\/\/www.morenaelettrodomestici.com\/en\/wp-json\/wp\/v2\/types\/product"}],"version-history":[{"count":2,"href":"https:\/\/www.morenaelettrodomestici.com\/en\/wp-json\/wp\/v2\/product\/46775\/revisions"}],"predecessor-version":[{"id":50431,"href":"https:\/\/www.morenaelettrodomestici.com\/en\/wp-json\/wp\/v2\/product\/46775\/revisions\/50431"}],"wp:featuredmedia":[{"embeddable":true,"href":"https:\/\/www.morenaelettrodomestici.com\/en\/wp-json\/wp\/v2\/media\/46776"}],"wp:attachment":[{"href":"https:\/\/www.morenaelettrodomestici.com\/en\/wp-json\/wp\/v2\/media?parent=46775"}],"wp:term":[{"taxonomy":"product_brand","embeddable":true,"href":"https:\/\/www.morenaelettrodomestici.com\/en\/wp-json\/wp\/v2\/product_brand?post=46775"},{"taxonomy":"product_cat","embeddable":true,"href":"https:\/\/www.morenaelettrodomestici.com\/en\/wp-json\/wp\/v2\/product_cat?post=46775"},{"taxonomy":"product_tag","embeddable":true,"href":"https:\/\/www.morenaelettrodomestici.com\/en\/wp-json\/wp\/v2\/product_tag?post=46775"}],"curies":[{"name":"wp","href":"https:\/\/api.w.org\/{rel}","templated":true}]}}