{"id":46941,"date":"2024-11-23T10:55:12","date_gmt":"2024-11-23T10:55:12","guid":{"rendered":"https:\/\/www.morenaelettrodomestici.com\/?post_type=product&#038;p=46941"},"modified":"2025-04-04T09:08:50","modified_gmt":"2025-04-04T09:08:50","slug":"beko-bdin38651c-lavastoviglie-incasso-60cm-b","status":"publish","type":"product","link":"https:\/\/www.morenaelettrodomestici.com\/en\/shop\/beko-bdin38651c-lavastoviglie-incasso-60cm-b\/","title":{"rendered":"BEKO BDIN38651C Lavastoviglie Incasso 60CM B"},"content":{"rendered":"<h4>Progettato per raggiungere ogni angolo<\/h4>\n<p>A differenza dei bracci irroratori classici che si muovono in senso circolare, CornerIntense\u2122 \u00e8 progettato per pulire un&#8217;area rettangolare. Acqua e detersivo raggiungono cos\u00ec ogni punto, angoli compresi<\/p>\n<p>&nbsp;<\/p>\n<p>&nbsp;<\/p>\n<h2>LedSpot\u2122<\/h2>\n<h4>Luce di funzionamento<\/h4>\n<p>Se la tua lavastoviglie da incasso \u00e8 cos\u00ec silenziosa da domandarti se sia accesa o meno, c\u2019\u00e8 LedSpot\u2122. LedSpot\u2122 \u00e8 una luce che viene proiettata a terra per farti sapere quando \u00e8 in funzione. Cos\u00ec non dovrai pi\u00f9 chiederti se \u00e8 ora di svuotarla.<\/p>\n<h2>Fast+<\/h2>\n<h4>Lavaggio 3 volte pi\u00f9 veloce<\/h4>\n<p>Ci sono volte in cui non hai il tempo di aspettare la fine di un lavaggio completo. La funzione Fast+ triplica* la velocit\u00e0 del ciclo di lavaggio con risultati eccezionali, cos\u00ec potrai lavare e mettere in tavola in men che non si dica.*Testato da laboratori indipendenti.<\/p>\n<p>&nbsp;<\/p>\n<h2>Dispenser per Detersivo Scorrevole<\/h2>\n<h4>Coperchio dispenser facile da aprire<\/h4>\n<p>Non farti male alle dita cercando di aprire il dispenser del detersivo. Il Dispenser per Detersivo Scorrevole \u00e8 cos\u00ec facile da aprire e chiudere che metterci il detersivo sar\u00e0 un gioco da ragazzi.<\/p>\n<p>&nbsp;<\/p>\n<h3>Caratteristiche Principali<\/h3>\n<p>&nbsp;<\/p>\n<p>Tipologia installazione<\/p>\n<p>Da Incasso a Scomparsa totale<\/p>\n<p>Dimensioni<\/p>\n<p>Standard 60cm<\/p>\n<p>Numero di Coperti<\/p>\n<p>16<\/p>\n<p>Consumo d&#8217;Acqua per ciclo<\/p>\n<p>9.5 L<\/p>\n<p>Classe di Efficienza Energetica<\/p>\n<p>B<\/p>\n<p>Livello di Rumorosit\u00e0<\/p>\n<p>43 dBA<\/p>\n<p>Tipo Display<\/p>\n<p>LED<\/p>\n<p>Terzo Cestello<\/p>\n<p>Terzo Cestello Standard<\/p>\n<p>Tipologia Regolazione Cestello Superiore<\/p>\n<p>New 3 Position Loaded Adjustable_L<\/p>\n<p>Numero di Supporti Ripiegabili (Cestello Inferiore)<\/p>\n<p>4<\/p>\n<p>Numero di Supporti Ripiegabili (Cestello Superiore)<\/p>\n<p>3<\/p>\n<p>Fast+\u2122<\/p>\n<p>Lavaggio Intensivo del Cestello Inferiore<\/p>\n<p>Partenza Ritardata<\/p>\n<p>S\u00ec fino a 24h<\/p>\n<h3>Programmi<\/h3>\n<p>&nbsp;<\/p>\n<p>Numero di Programmi<\/p>\n<p>8<\/p>\n<p>Programma 1<\/p>\n<p>Programma Automatico<\/p>\n<p>Programma 2<\/p>\n<p>Programma AquaFlex\u00ae<\/p>\n<p>Programma 3<\/p>\n<p>Programma Intensive 70 \u00b0C<\/p>\n<p>Programma 4<\/p>\n<p>Programma Eco 50\u00b0C<\/p>\n<p>Programma 5<\/p>\n<p>Programma Delicato 40\u00b0<\/p>\n<p>Programma 6<\/p>\n<p>Programma Quick &amp; Shine\u00ae<\/p>\n<p>Programma 7<\/p>\n<p>Porgramma Mini<\/p>\n<p>Programma 8<\/p>\n<p>Programma Prelavaggio<\/p>\n<h3>Funzioni<\/h3>\n<p>&nbsp;<\/p>\n<p>Funzione 1<\/p>\n<p>Hygiene Intense<\/p>\n<p>Funzione 2<\/p>\n<p>SteamGloss\u00ae<\/p>\n<p>Funzione 3<\/p>\n<p>TrayWash<\/p>\n<p>Funzione 4<\/p>\n<p>Fast+\u2122<\/p>\n<p>Sotto-Funzione 1<\/p>\n<p>Pastiglia<\/p>\n<p>Sotto-Funzione 3<\/p>\n<p>SelfDry<\/p>\n<h3>Tecnologie<\/h3>\n<p>&nbsp;<\/p>\n<p>Lavaggio Intensivo del Cestello Inferiore<\/p>\n<p>Fast+\u2122<\/p>\n<p>Partenza Ritardata<\/p>\n<p>S\u00ec fino a 24h<\/p>\n<p>Funzione Pastiglia<\/p>\n<p>Pastiglia Automatica<\/p>\n<p>Sensore Sporco<\/p>\n<p>Sistema di Asciugatura<\/p>\n<p>Sistema di Asciugatura con Ventola<\/p>\n<h3>Design del Cestello e Accessori Standard<\/h3>\n<p>&nbsp;<\/p>\n<p>Terzo Cestello<\/p>\n<p>Terzo Cestello Standard<\/p>\n<p>Tipologia Regolazione Cestello Superiore<\/p>\n<p>New 3 Position Loaded Adjustable_L<\/p>\n<p>Numero di Supporti Ripiegabili (Cestello Inferiore)<\/p>\n<p>4<\/p>\n<p>Numero di Supporti Ripiegabili (Cestello Superiore)<\/p>\n<p>3<\/p>\n<p>Supporto per Calici<\/p>\n<p>Numero di Ripiani per le Tazze<\/p>\n<p>2<\/p>\n<p>Accessori<\/p>\n<p>Pots&amp;Pans&amp;Tray Holder Accessory<\/p>\n<h3>Design<\/h3>\n<p>&nbsp;<\/p>\n<p>Materiale dello Zoccolo<\/p>\n<p>Zoccolo in Acciaio Inox<\/p>\n<p>Tipo Display<\/p>\n<p>LED<\/p>\n<p>Pannello di Controllo con Direct Access<\/p>\n<p>E9L-BLDC<\/p>\n<p>Design Irroratore<\/p>\n<p>CornerIntense\u2122<\/p>\n<p>Apertura Porta automatica<\/p>\n<p>Serbatoio Scorrevole del Detersivo e del Brillantante<\/p>\n<p>Tipo di Installazione Porta<\/p>\n<p>SelFit\u00ae<\/p>\n<p>Indicatore a Terra della Durata del Programma<\/p>\n<p>LedSpot\u2122<\/p>\n<h3>Performance e Consumi<\/h3>\n<p>&nbsp;<\/p>\n<p>Numero di Coperti<\/p>\n<p>16<\/p>\n<p>Classe di Efficienza Energetica<\/p>\n<p>B<\/p>\n<p>Consumo di Energia (kWh\/ciclo)<\/p>\n<p>0.664 kWh<\/p>\n<p>Consumo d&#8217;Acqua per ciclo<\/p>\n<p>9.5 L<\/p>\n<p>Livello di Rumorosit\u00e0<\/p>\n<p>43 dBA<\/p>\n<p>Numero di Irroratori<\/p>\n<p>3<\/p>\n<p>Voltaggio<\/p>\n<p>220 &#8211; 240 V<\/p>\n<p>Frequenza<\/p>\n<p>50 Hz<\/p>\n<p>Classe di Rumorosit\u00e0<\/p>\n<p>B<\/p>\n<h3>Dimensioni e Peso<\/h3>\n<p>&nbsp;<\/p>\n<p>Altezza<\/p>\n<p>81.8 cm<\/p>\n<p>Larghezza<\/p>\n<p>59.8 cm<\/p>\n<p>Profondit\u00e0<\/p>\n<p>55 cm<\/p>\n<p>Peso<\/p>\n<p>40.1 kg<\/p>\n<p>Altezza con Imballaggio<\/p>\n<p>85.9 cm<\/p>\n<p>Larghezza con Imballaggio<\/p>\n<p>64.4 cm<\/p>\n<p>Profondit\u00e0 con Imballaggio<\/p>\n<p>66.1 cm<\/p>\n<p>Peso con Imballaggio<\/p>\n<p>42.1 kg<\/p>\n<h3>Sicurezza<\/h3>\n<p>&nbsp;<\/p>\n<p>Sicurezza Ingresso Acqua<\/p>\n<p>&nbsp;<\/p>\n<p><a href=\"https:\/\/www.beko.com\/it-it\/prodotti\/lavastoviglie-da-incasso\/lavastoviglie-a-scomparsa-totale-classe-b-60-cm-16-coperti-bdin38651c\"><strong>https:\/\/it.BEKO.com\/prodotti\/cucina\/lavastoviglie\/lavastoviglie<\/strong><\/a><\/p>\n<h2>BDIN38651C<\/h2>\n<p><a href=\"https:\/\/www.beko.com\/it-it\/prodotti\/lavastoviglie-da-incasso\/lavastoviglie-a-scomparsa-totale-classe-b-60-cm-16-coperti-bdin38651c\"><strong>BEKO<\/strong><\/a><\/p>","protected":false},"excerpt":{"rendered":"<p>Numero di coperti: 16 coperti<\/p>\n<p>3 CESTI<\/p>\n<p>Numero di Programmi 8<\/p>","protected":false},"featured_media":46944,"template":"","meta":[],"product_brand":[],"product_cat":[88,176,177],"product_tag":[286,180],"class_list":{"0":"post-46941","1":"product","2":"type-product","3":"status-publish","4":"has-post-thumbnail","6":"product_cat-grandi-elettrodomestici","7":"product_cat-lavastoviglie","8":"product_cat-lavastoviglie-incasso","9":"product_tag-beko","10":"product_tag-lavastoviglie-incasso","11":"pa_coperti-675","12":"pa_larghezza-60cm","13":"pa_marca-beko","15":"first","16":"instock","17":"sale","18":"purchasable","19":"product-type-simple"},"yoast_head":"<!-- This site is optimized with the Yoast SEO plugin v25.5 - https:\/\/yoast.com\/wordpress\/plugins\/seo\/ -->\n<title>BEKO BDIN38651C Lavastoviglie Incasso 60CM B - Morena Elettrodomestici<\/title>\n<meta name=\"description\" content=\"Acquista BEKO BDIN38651C Lavastoviglie Incasso 60CM B su Morena Elettrodomestici. Il tuo Negozio di Fiducia online con prezzi competitivi e prodotti di alta qualit\u00e0!\" \/>\n<meta name=\"robots\" content=\"index, follow, max-snippet:-1, max-image-preview:large, max-video-preview:-1\" \/>\n<link rel=\"canonical\" href=\"https:\/\/www.morenaelettrodomestici.com\/en\/shop\/beko-bdin38651c-lavastoviglie-incasso-60cm-b\/\" \/>\n<meta property=\"og:locale\" content=\"en_GB\" \/>\n<meta property=\"og:type\" content=\"article\" \/>\n<meta property=\"og:title\" content=\"BEKO BDIN38651C Lavastoviglie Incasso 60CM B - Morena Elettrodomestici\" \/>\n<meta property=\"og:description\" content=\"Acquista BEKO BDIN38651C Lavastoviglie Incasso 60CM B su Morena Elettrodomestici. Il tuo Negozio di Fiducia online con prezzi competitivi e prodotti di alta qualit\u00e0!\" \/>\n<meta property=\"og:url\" content=\"https:\/\/www.morenaelettrodomestici.com\/en\/shop\/beko-bdin38651c-lavastoviglie-incasso-60cm-b\/\" \/>\n<meta property=\"og:site_name\" content=\"Morena Elettrodomestici\" \/>\n<meta property=\"article:publisher\" content=\"https:\/\/www.facebook.com\/morenaelettrodomestici\/\" \/>\n<meta property=\"article:modified_time\" content=\"2025-04-04T09:08:50+00:00\" \/>\n<meta property=\"og:image\" content=\"https:\/\/www.morenaelettrodomestici.com\/wp-content\/uploads\/2024\/11\/7678403977-LO1-20221114-102547.png\" \/>\n\t<meta property=\"og:image:width\" content=\"1638\" \/>\n\t<meta property=\"og:image:height\" content=\"2000\" \/>\n\t<meta property=\"og:image:type\" content=\"image\/png\" \/>\n<meta name=\"twitter:card\" content=\"summary_large_image\" \/>\n<meta name=\"twitter:label1\" content=\"Estimated reading time\" \/>\n\t<meta name=\"twitter:data1\" content=\"2 minutes\" \/>\n<script type=\"application\/ld+json\" class=\"yoast-schema-graph\">{\"@context\":\"https:\/\/schema.org\",\"@graph\":[{\"@type\":\"WebPage\",\"@id\":\"https:\/\/www.morenaelettrodomestici.com\/shop\/beko-bdin38651c-lavastoviglie-incasso-60cm-b\/\",\"url\":\"https:\/\/www.morenaelettrodomestici.com\/shop\/beko-bdin38651c-lavastoviglie-incasso-60cm-b\/\",\"name\":\"BEKO BDIN38651C Lavastoviglie Incasso 60CM B - Morena Elettrodomestici\",\"isPartOf\":{\"@id\":\"https:\/\/www.morenaelettrodomestici.com\/#website\"},\"primaryImageOfPage\":{\"@id\":\"https:\/\/www.morenaelettrodomestici.com\/shop\/beko-bdin38651c-lavastoviglie-incasso-60cm-b\/#primaryimage\"},\"image\":{\"@id\":\"https:\/\/www.morenaelettrodomestici.com\/shop\/beko-bdin38651c-lavastoviglie-incasso-60cm-b\/#primaryimage\"},\"thumbnailUrl\":\"https:\/\/www.morenaelettrodomestici.com\/wp-content\/uploads\/2024\/11\/7678403977-LO2-20231118-214601.png\",\"datePublished\":\"2024-11-23T10:55:12+00:00\",\"dateModified\":\"2025-04-04T09:08:50+00:00\",\"description\":\"Acquista BEKO BDIN38651C Lavastoviglie Incasso 60CM B su Morena Elettrodomestici. Il tuo Negozio di Fiducia online con prezzi competitivi e prodotti di alta qualit\u00e0!\",\"breadcrumb\":{\"@id\":\"https:\/\/www.morenaelettrodomestici.com\/shop\/beko-bdin38651c-lavastoviglie-incasso-60cm-b\/#breadcrumb\"},\"inLanguage\":\"en-GB\",\"potentialAction\":[{\"@type\":\"ReadAction\",\"target\":[\"https:\/\/www.morenaelettrodomestici.com\/shop\/beko-bdin38651c-lavastoviglie-incasso-60cm-b\/\"]}]},{\"@type\":\"ImageObject\",\"inLanguage\":\"en-GB\",\"@id\":\"https:\/\/www.morenaelettrodomestici.com\/shop\/beko-bdin38651c-lavastoviglie-incasso-60cm-b\/#primaryimage\",\"url\":\"https:\/\/www.morenaelettrodomestici.com\/wp-content\/uploads\/2024\/11\/7678403977-LO2-20231118-214601.png\",\"contentUrl\":\"https:\/\/www.morenaelettrodomestici.com\/wp-content\/uploads\/2024\/11\/7678403977-LO2-20231118-214601.png\",\"width\":2000,\"height\":2000},{\"@type\":\"BreadcrumbList\",\"@id\":\"https:\/\/www.morenaelettrodomestici.com\/shop\/beko-bdin38651c-lavastoviglie-incasso-60cm-b\/#breadcrumb\",\"itemListElement\":[{\"@type\":\"ListItem\",\"position\":1,\"name\":\"Home\",\"item\":\"https:\/\/www.morenaelettrodomestici.com\/\"},{\"@type\":\"ListItem\",\"position\":2,\"name\":\"Shop\",\"item\":\"https:\/\/www.morenaelettrodomestici.com\/shop\/\"},{\"@type\":\"ListItem\",\"position\":3,\"name\":\"BEKO BDIN38651C Lavastoviglie Incasso 60CM B\"}]},{\"@type\":\"WebSite\",\"@id\":\"https:\/\/www.morenaelettrodomestici.com\/#website\",\"url\":\"https:\/\/www.morenaelettrodomestici.com\/\",\"name\":\"Morena\",\"description\":\"I migliori elettrodomestici a prezzi folli\",\"publisher\":{\"@id\":\"https:\/\/www.morenaelettrodomestici.com\/#organization\"},\"potentialAction\":[{\"@type\":\"SearchAction\",\"target\":{\"@type\":\"EntryPoint\",\"urlTemplate\":\"https:\/\/www.morenaelettrodomestici.com\/?s={search_term_string}\"},\"query-input\":{\"@type\":\"PropertyValueSpecification\",\"valueRequired\":true,\"valueName\":\"search_term_string\"}}],\"inLanguage\":\"en-GB\"},{\"@type\":\"Organization\",\"@id\":\"https:\/\/www.morenaelettrodomestici.com\/#organization\",\"name\":\"Morena Elettrodomestici\",\"url\":\"https:\/\/www.morenaelettrodomestici.com\/\",\"logo\":{\"@type\":\"ImageObject\",\"inLanguage\":\"en-GB\",\"@id\":\"https:\/\/www.morenaelettrodomestici.com\/#\/schema\/logo\/image\/\",\"url\":\"https:\/\/www.morenaelettrodomestici.com\/wp-content\/uploads\/2024\/05\/logo_Morena_srls-TRASPARENTE.png\",\"contentUrl\":\"https:\/\/www.morenaelettrodomestici.com\/wp-content\/uploads\/2024\/05\/logo_Morena_srls-TRASPARENTE.png\",\"width\":2264,\"height\":718,\"caption\":\"Morena Elettrodomestici\"},\"image\":{\"@id\":\"https:\/\/www.morenaelettrodomestici.com\/#\/schema\/logo\/image\/\"},\"sameAs\":[\"https:\/\/www.facebook.com\/morenaelettrodomestici\/\",\"https:\/\/www.instagram.com\/morena.elettrodomestici\/\",\"https:\/\/www.linkedin.com\/company-beta\/10507375\/\",\"https:\/\/www.youtube.com\/channel\/UCgdTfdgRUeVEnhI2Z4GRlFA\"]}]}<\/script>\n<!-- \/ Yoast SEO plugin. -->","yoast_head_json":{"title":"BEKO BDIN38651C Lavastoviglie Incasso 60CM B - Morena Elettrodomestici","description":"Acquista BEKO BDIN38651C Lavastoviglie Incasso 60CM B su Morena Elettrodomestici. Il tuo Negozio di Fiducia online con prezzi competitivi e prodotti di alta qualit\u00e0!","robots":{"index":"index","follow":"follow","max-snippet":"max-snippet:-1","max-image-preview":"max-image-preview:large","max-video-preview":"max-video-preview:-1"},"canonical":"https:\/\/www.morenaelettrodomestici.com\/en\/shop\/beko-bdin38651c-lavastoviglie-incasso-60cm-b\/","og_locale":"en_GB","og_type":"article","og_title":"BEKO BDIN38651C Lavastoviglie Incasso 60CM B - Morena Elettrodomestici","og_description":"Acquista BEKO BDIN38651C Lavastoviglie Incasso 60CM B su Morena Elettrodomestici. Il tuo Negozio di Fiducia online con prezzi competitivi e prodotti di alta qualit\u00e0!","og_url":"https:\/\/www.morenaelettrodomestici.com\/en\/shop\/beko-bdin38651c-lavastoviglie-incasso-60cm-b\/","og_site_name":"Morena Elettrodomestici","article_publisher":"https:\/\/www.facebook.com\/morenaelettrodomestici\/","article_modified_time":"2025-04-04T09:08:50+00:00","og_image":[{"width":1638,"height":2000,"url":"https:\/\/www.morenaelettrodomestici.com\/wp-content\/uploads\/2024\/11\/7678403977-LO1-20221114-102547.png","type":"image\/png"}],"twitter_card":"summary_large_image","twitter_misc":{"Estimated reading time":"2 minutes"},"schema":{"@context":"https:\/\/schema.org","@graph":[{"@type":"WebPage","@id":"https:\/\/www.morenaelettrodomestici.com\/shop\/beko-bdin38651c-lavastoviglie-incasso-60cm-b\/","url":"https:\/\/www.morenaelettrodomestici.com\/shop\/beko-bdin38651c-lavastoviglie-incasso-60cm-b\/","name":"BEKO BDIN38651C Lavastoviglie Incasso 60CM B - Morena Elettrodomestici","isPartOf":{"@id":"https:\/\/www.morenaelettrodomestici.com\/#website"},"primaryImageOfPage":{"@id":"https:\/\/www.morenaelettrodomestici.com\/shop\/beko-bdin38651c-lavastoviglie-incasso-60cm-b\/#primaryimage"},"image":{"@id":"https:\/\/www.morenaelettrodomestici.com\/shop\/beko-bdin38651c-lavastoviglie-incasso-60cm-b\/#primaryimage"},"thumbnailUrl":"https:\/\/www.morenaelettrodomestici.com\/wp-content\/uploads\/2024\/11\/7678403977-LO2-20231118-214601.png","datePublished":"2024-11-23T10:55:12+00:00","dateModified":"2025-04-04T09:08:50+00:00","description":"Acquista BEKO BDIN38651C Lavastoviglie Incasso 60CM B su Morena Elettrodomestici. Il tuo Negozio di Fiducia online con prezzi competitivi e prodotti di alta qualit\u00e0!","breadcrumb":{"@id":"https:\/\/www.morenaelettrodomestici.com\/shop\/beko-bdin38651c-lavastoviglie-incasso-60cm-b\/#breadcrumb"},"inLanguage":"en-GB","potentialAction":[{"@type":"ReadAction","target":["https:\/\/www.morenaelettrodomestici.com\/shop\/beko-bdin38651c-lavastoviglie-incasso-60cm-b\/"]}]},{"@type":"ImageObject","inLanguage":"en-GB","@id":"https:\/\/www.morenaelettrodomestici.com\/shop\/beko-bdin38651c-lavastoviglie-incasso-60cm-b\/#primaryimage","url":"https:\/\/www.morenaelettrodomestici.com\/wp-content\/uploads\/2024\/11\/7678403977-LO2-20231118-214601.png","contentUrl":"https:\/\/www.morenaelettrodomestici.com\/wp-content\/uploads\/2024\/11\/7678403977-LO2-20231118-214601.png","width":2000,"height":2000},{"@type":"BreadcrumbList","@id":"https:\/\/www.morenaelettrodomestici.com\/shop\/beko-bdin38651c-lavastoviglie-incasso-60cm-b\/#breadcrumb","itemListElement":[{"@type":"ListItem","position":1,"name":"Home","item":"https:\/\/www.morenaelettrodomestici.com\/"},{"@type":"ListItem","position":2,"name":"Shop","item":"https:\/\/www.morenaelettrodomestici.com\/shop\/"},{"@type":"ListItem","position":3,"name":"BEKO BDIN38651C Lavastoviglie Incasso 60CM B"}]},{"@type":"WebSite","@id":"https:\/\/www.morenaelettrodomestici.com\/#website","url":"https:\/\/www.morenaelettrodomestici.com\/","name":"Morena","description":"I migliori elettrodomestici a prezzi folli","publisher":{"@id":"https:\/\/www.morenaelettrodomestici.com\/#organization"},"potentialAction":[{"@type":"SearchAction","target":{"@type":"EntryPoint","urlTemplate":"https:\/\/www.morenaelettrodomestici.com\/?s={search_term_string}"},"query-input":{"@type":"PropertyValueSpecification","valueRequired":true,"valueName":"search_term_string"}}],"inLanguage":"en-GB"},{"@type":"Organization","@id":"https:\/\/www.morenaelettrodomestici.com\/#organization","name":"Morena Elettrodomestici","url":"https:\/\/www.morenaelettrodomestici.com\/","logo":{"@type":"ImageObject","inLanguage":"en-GB","@id":"https:\/\/www.morenaelettrodomestici.com\/#\/schema\/logo\/image\/","url":"https:\/\/www.morenaelettrodomestici.com\/wp-content\/uploads\/2024\/05\/logo_Morena_srls-TRASPARENTE.png","contentUrl":"https:\/\/www.morenaelettrodomestici.com\/wp-content\/uploads\/2024\/05\/logo_Morena_srls-TRASPARENTE.png","width":2264,"height":718,"caption":"Morena Elettrodomestici"},"image":{"@id":"https:\/\/www.morenaelettrodomestici.com\/#\/schema\/logo\/image\/"},"sameAs":["https:\/\/www.facebook.com\/morenaelettrodomestici\/","https:\/\/www.instagram.com\/morena.elettrodomestici\/","https:\/\/www.linkedin.com\/company-beta\/10507375\/","https:\/\/www.youtube.com\/channel\/UCgdTfdgRUeVEnhI2Z4GRlFA"]}]}},"_links":{"self":[{"href":"https:\/\/www.morenaelettrodomestici.com\/en\/wp-json\/wp\/v2\/product\/46941","targetHints":{"allow":["GET"]}}],"collection":[{"href":"https:\/\/www.morenaelettrodomestici.com\/en\/wp-json\/wp\/v2\/product"}],"about":[{"href":"https:\/\/www.morenaelettrodomestici.com\/en\/wp-json\/wp\/v2\/types\/product"}],"version-history":[{"count":4,"href":"https:\/\/www.morenaelettrodomestici.com\/en\/wp-json\/wp\/v2\/product\/46941\/revisions"}],"predecessor-version":[{"id":48434,"href":"https:\/\/www.morenaelettrodomestici.com\/en\/wp-json\/wp\/v2\/product\/46941\/revisions\/48434"}],"wp:featuredmedia":[{"embeddable":true,"href":"https:\/\/www.morenaelettrodomestici.com\/en\/wp-json\/wp\/v2\/media\/46944"}],"wp:attachment":[{"href":"https:\/\/www.morenaelettrodomestici.com\/en\/wp-json\/wp\/v2\/media?parent=46941"}],"wp:term":[{"taxonomy":"product_brand","embeddable":true,"href":"https:\/\/www.morenaelettrodomestici.com\/en\/wp-json\/wp\/v2\/product_brand?post=46941"},{"taxonomy":"product_cat","embeddable":true,"href":"https:\/\/www.morenaelettrodomestici.com\/en\/wp-json\/wp\/v2\/product_cat?post=46941"},{"taxonomy":"product_tag","embeddable":true,"href":"https:\/\/www.morenaelettrodomestici.com\/en\/wp-json\/wp\/v2\/product_tag?post=46941"}],"curies":[{"name":"wp","href":"https:\/\/api.w.org\/{rel}","templated":true}]}}