{"id":47359,"date":"2025-01-16T16:55:25","date_gmt":"2025-01-16T16:55:25","guid":{"rendered":"https:\/\/www.morenaelettrodomestici.com\/?post_type=product&#038;p=47359"},"modified":"2025-07-14T18:45:37","modified_gmt":"2025-07-14T18:45:37","slug":"beko-bi62111axtc-forno-incasso-a","status":"publish","type":"product","link":"https:\/\/www.morenaelettrodomestici.com\/en\/shop\/beko-bi62111axtc-forno-incasso-a\/","title":{"rendered":"Hisense BI62111AXTC Forno Incasso A"},"content":{"rendered":"<p>&nbsp;<\/p>\n<p>Modalit\u00e0 Pizza<\/p>\n<p>Pizza autentica e gustosa<\/p>\n<p>Ora puoi finalmente gustarti un&#8217;ottima pizza anche a casa. L&#8217;eccellente distribuzione del calore a 300\u00b0C cuoce la pizza in pochissimo tempo, deliziosa come in pizzeria.<\/p>\n<p><img fetchpriority=\"high\" decoding=\"async\" src=\"https:\/\/static14.gorenje.com\/mabagor\/imagelib\/full\/9\/5\/951533d65be84de9c32c613f5e1a2ac2_176573_fp.jpg\" alt=\"Pizza Mode (new platform 2021)\" width=\"558\" height=\"372\"><\/p>\n<p><img decoding=\"async\" src=\"https:\/\/static14.gorenje.com\/mabagor\/imagelib\/icon-spec\/a\/9\/a9a635fd1f361593d0f971ae28107137_147199_fp.jpg\" alt=\"Forno pulito in maniera facile e veloce icon\"><\/p>\n<p>Auto pulizia a vapore<\/p>\n<p>Forno pulito in maniera facile e veloce<\/p>\n<p>Dimenticati di pulire il forno: una volta finito di cucinare, posiziona dell&#8217;acqua all&#8217;interno di una teglia e seleziona la funzione SteamClean. Nei successivi 30 minuti il vapore scioglier\u00e0 il grasso e lo sporco, da rimuovere poi con un panno umido.<\/p>\n<p><img decoding=\"async\" src=\"https:\/\/static14.gorenje.com\/mabagor\/imagelib\/full\/a\/c\/acc1b3c07adcf9d61883ece347a7ce9e_176581_fp.jpg\" alt=\"Steam Clean (new 2021 platform)\" width=\"694\" height=\"463\"><\/p>\n<p><img decoding=\"async\" src=\"https:\/\/static14.gorenje.com\/mabagor\/imagelib\/icon-spec\/f\/7\/f72d70c7ceee43724620fc161ac00294_177346_2.png\" alt=\"Pensato per piatti pre-cotti icon\"><\/p>\n<p>Modalit\u00e0 cibo surgelato<\/p>\n<p>Pensato per piatti pre-cotti<\/p>\n<p>Questa funzione \u00e8 perfetta per preparare cibo surgelato oppure pre-cotto come ad esempio croissant, lasagne, patatine fritte, chicken nuggets e molto altro. La tua cena sar\u00e0 sempre pronta in un attimo, senza pre-riscaldare.<\/p>\n<p><img decoding=\"async\" src=\"https:\/\/static14.gorenje.com\/mabagor\/imagelib\/full\/0\/3\/0384fc9718c61f4f813a6a1f3ed234aa_176570_fp.jpg\" alt=\"Frozen Food Mode (new 2021 platform)\" width=\"636\" height=\"424\"><\/p>\n<p><img decoding=\"async\" src=\"https:\/\/static14.gorenje.com\/mabagor\/imagelib\/icon-spec\/b\/d\/bd1f7afdf78c8e3fc640ec788721446d_177352_2.png\" alt=\"Visuale completa icon\"><\/p>\n<p>Total view<\/p>\n<p>Visuale completa<\/p>\n<p>Non sar\u00e0 pi\u00f9 necessario aprire la porta per controllare lo stato di cottura della porta. Lo speciale design della porta e l&#8217;eccellente illuminazione interna ti permettono di vedere perfettamente l&#8217;interno del forno.<\/p>\n<p><img loading=\"lazy\" decoding=\"async\" src=\"https:\/\/static14.gorenje.com\/mabagor\/imagelib\/full\/2\/b\/2bd36660b200ff20e6554927118000ce_177507_2.jpg\" alt=\"Total View (new platform 2021)\" width=\"736\" height=\"601\"><\/p>\n<p><img decoding=\"async\" src=\"https:\/\/static14.gorenje.com\/mabagor\/imagelib\/icon-spec\/0\/b\/0b8a4f7d4fe56da6ddeb93bd3b4e274d_147189_fp.jpg\" alt=\"Cottura omogenea icon\"><\/p>\n<p>Tecnologia Even Bake<\/p>\n<p>Cottura omogenea<\/p>\n<p>Questa tecnologia avanzata \u00e8 il motivo per cui le tue preparazioni sono sempre perfette. Il segreto consiste nella cavit\u00e0 con angoli leggermente arrotondati combinati con delle speciali resistenze, ottenendo cos\u00ec una perfetta circolazione dell&#8217;aria calda. Questo significa cibo croccante all&#8217;esterno e succoso all&#8217;interno. Risultato assicurato!<\/p>\n<p><img loading=\"lazy\" decoding=\"async\" src=\"https:\/\/static14.gorenje.com\/mabagor\/imagelib\/full\/9\/7\/97a97a94e16859d62481afe7cfecebce_176564_fp.jpg\" alt=\"Even Bake Technology (new platform 2021)\" width=\"565\" height=\"374\"><\/p>\n<p><img decoding=\"async\" src=\"https:\/\/static14.gorenje.com\/mabagor\/imagelib\/icon-spec\/e\/e\/ee6785d3c86b9671d2fe7d2775d1aa7b_177353_2.png\" alt=\"Ancora pi\u00f9 spazio icon\"><\/p>\n<p>Grande capacit\u00e0<\/p>\n<p>Ancora pi\u00f9 spazio<\/p>\n<p>Con i suoi 77 litri di capacit\u00e0, questo forno \u00e8 progettato per contenere anche gli alimenti pi\u00f9 grandi, oppure di cucinare su pi\u00f9 livelli contemporaneamente, restando al tempo stesso elegante e perfetto per la tua casa.<\/p>\n<p><img loading=\"lazy\" decoding=\"async\" src=\"https:\/\/static14.gorenje.com\/mabagor\/imagelib\/full\/1\/1\/11320d2c01c146758229b5610f74f5bc_176557_fp.jpg\" alt=\"Big Volume (new platform 2021)\" width=\"441\" height=\"241\"><\/p>\n<p>Vedi di pi\u00f9&#8230;<\/p>\n<p>&nbsp;<\/p>\n<p><img decoding=\"async\" src=\"https:\/\/static14.gorenje.com\/mabagor\/imagelib\/icon-spec\/8\/2\/82c5172ee70c0824b129a49e4836583d_147188_fp.jpg\" alt=\"Mantieni al sicuro la tua cucina icon\"><\/p>\n<p>Sistema di raffreddamento<\/p>\n<p>Mantieni al sicuro la tua cucina<\/p>\n<p>Il potente sistema di raffreddamento mantiene la parte esterna del forno sempre pi\u00f9 fredda rispetto all&#8217;interno, tenendo al sicuro te e la tua cucina. In alcuni modelli il sistema regola la temperatura esterna anche dopo che il forno \u00e8 stato spento, tenendo la ventola attiva finch\u00e8 la temperatura non scende al di sotto dei 60\u00b0C.<\/p>\n<p><img loading=\"lazy\" decoding=\"async\" src=\"https:\/\/static14.gorenje.com\/mabagor\/imagelib\/full\/5\/4\/54872302d3a2683cc6ad2fd5a76d8bb5_176561_2.jpg\" alt=\"Cooling System (new 2021 platform)\" width=\"549\" height=\"379\"><\/p>\n<p><img decoding=\"async\" src=\"https:\/\/static14.gorenje.com\/mabagor\/imagelib\/icon-spec\/4\/6\/461f819dd0779dc53d3fbce759eacfec_147193_fp.jpg\" alt=\"Risparmia tempo icon\"><\/p>\n<p>Pre-riscaldamento rapido<\/p>\n<p>Risparmia tempo<\/p>\n<p>La funzione del pre-riscaldamento rapido ti far\u00e0 risparmiare tempo mentre aspetti che il forno sia pronto, solo 5 minuti per raggiungere 200\u00b0C. Un segnale luminoso e acustico ti avviser\u00e0 quando la temperatura \u00e8 idonea per la tua ricetta preferita.<\/p>\n<p>&nbsp;<\/p>\n<p>&nbsp;<\/p>\n<p>Informazioni Generali<\/p>\n<p>&nbsp;<\/p>\n<p>Gruppo di prodotti:<\/p>\n<p>Forno<\/p>\n<p>Tipo forno:Ventola forno<\/p>\n<p>Classe energetica:A<\/p>\n<p>Design\/Colore:<\/p>\n<p>Acciaio inox<\/p>\n<p>Inox Antimpronta:S\u00ec<\/p>\n<p>Materiale della cavit\u00e0 interna:<\/p>\n<p>Smaltatura extra resistente<\/p>\n<p>Cerniera porta:<\/p>\n<p>Standard<\/p>\n<p>Even Bake:S\u00ec<\/p>\n<p>Efficienza<\/p>\n<p>&nbsp;<\/p>\n<p>Volume interno:77&nbsp;l<\/p>\n<p>Temperatura massima:300&nbsp;\u00b0C<\/p>\n<p>Dimensioni della leccarda grande:1360&nbsp;cm\u00b2<\/p>\n<p>Controllo<\/p>\n<p>&nbsp;<\/p>\n<p>Tipo di controllo:Controllo meccanico della temperatura<\/p>\n<p>Controllo:Fine cottura meccanico con Timer<\/p>\n<p>Design della manopola:Manopola ergonomica<\/p>\n<p>Tipi di Riscaldamento<\/p>\n<p>Tipi cottura:Preriscaldamento rapido<\/p>\n<p>&nbsp;<\/p>\n<p>Tipi cottura:Conven\u021bional cu ventilator<\/p>\n<p>Tipi cottura:Resistenza superiore e inferiore<\/p>\n<p>Tipi cottura:Grill grande ventilato<\/p>\n<p>Tipi cottura:Modalit\u00e0 Pizza<\/p>\n<p>Tipi cottura:Grill grande<\/p>\n<p>Tipi cottura:Gentle Bake<\/p>\n<p>Tipi cottura:Modalit\u00e0 cibo surgelato<\/p>\n<p>Tipi cottura:Modalit\u00e0 Scongelamento<\/p>\n<p>Luce del forno<\/p>\n<p><strong>Caratteristiche<\/strong><\/p>\n<p>&nbsp;<\/p>\n<p>Illuminazione forno:<\/p>\n<p><strong>Superiore<\/strong><\/p>\n<p>Vetri interni della porta rimovibili:Porta in vetro piatta e rimovibile<\/p>\n<p>Resistenza superiore:No<\/p>\n<p>Pro Grill:S\u00ec<\/p>\n<p>Zona di cottura Super Size:S\u00ec<\/p>\n<p>Dotazione<\/p>\n<p>&nbsp;<\/p>\n<p>Guide:Guide in griglia<\/p>\n<p>Girarrosto:No<\/p>\n<p>Leccarde:Leccarda profonda<\/p>\n<p>Griglia forno:1&nbsp;coperti<\/p>\n<p>Sonda di temperatura:No<\/p>\n<p>Sicurezza<\/p>\n<p>&nbsp;<\/p>\n<p>Sportello:Porta forno doppia<\/p>\n<p>Tipo di porta:Porta compatta<\/p>\n<p>Sicurezza termoelettrica:S\u00ec<\/p>\n<p>Ventola di raffreddamento:<\/p>\n<p>Sistema di raffreddamwento dinamico &#8211; DC<\/p>\n<p><strong>Dati Tecnici<\/strong><\/p>\n<p>&nbsp;<\/p>\n<p>Consumo di energia (sfiato):0.821&nbsp;kWh<\/p>\n<p>Consumo energetico in modalit\u00e0 standby:1&nbsp;W<\/p>\n<p>Potenza massima:2.5&nbsp;kW<\/p>\n<p>Larghezza:595&nbsp;mm<\/p>\n<p>Altezza:595&nbsp;mm<\/p>\n<p>Profondit\u00e0 del prodotto:564&nbsp;mm<\/p>\n<p>Larghezza massima per l&#8217;installazione nella nicchia:564&nbsp;mm<\/p>\n<p>Larghezza della nicchia per l&#8217;installazione min.:560&nbsp;mm<\/p>\n<p>Altezza massima per l&#8217;installazione nella nicchia:600&nbsp;mm<\/p>\n<p>Altezza minima della nicchia:590&nbsp;mm<\/p>\n<p>Profondit\u00e0 (compreso spazio tra l&#8217;apparecchiatura e il muro):550&nbsp;mm<\/p>\n<p>Larghezza del prodotto confezionato:620&nbsp;mm<\/p>\n<p>Altezza del prodotto confezionato:660&nbsp;mm<\/p>\n<p>Profondit\u00e0 del prodotto confezionato:675&nbsp;mm<\/p>\n<p>Peso lordo:28&nbsp;kg<\/p>\n<p>Peso netto:26&nbsp;kg<\/p>\n<p>Potenza assorbita:220-240 V<\/p>\n<p>Frequenza:50-60 Hz<\/p>\n<p>Codice prodotto:741043<\/p>\n<p>Codice EAN:3838782638893<\/p>\n<p>&nbsp;<\/p>\n<p>&nbsp;<\/p>\n<p>&nbsp;<\/p>\n<p>&nbsp;<\/p>\n<p>&nbsp;<\/p>\n<p>&nbsp;<\/p>","protected":false},"excerpt":{"rendered":"<ul>\n<li>Funzione Pizza 300 \u00b0C,<\/li>\n<li>Pulizia Acqua Clean<\/li>\n<li>71 litri<\/li>\n<li>Fine cottura meccanico con Timer<\/li>\n<\/ul>","protected":false},"featured_media":47360,"template":"","meta":[],"product_brand":[],"product_cat":[95,235],"product_tag":[259,480],"class_list":{"0":"post-47359","1":"product","2":"type-product","3":"status-publish","4":"has-post-thumbnail","6":"product_cat-cottura","7":"product_cat-forno-incasso","8":"product_tag-forno-incasso","9":"product_tag-hisense","10":"pa_capacita-kg-12kg","11":"pa_marca-hisense","13":"first","14":"instock","15":"sale","16":"purchasable","17":"product-type-simple"},"yoast_head":"<!-- This site is optimized with the Yoast SEO plugin v25.5 - https:\/\/yoast.com\/wordpress\/plugins\/seo\/ -->\n<title>Hisense BI62111AXTC Forno Incasso A - Morena Elettrodomestici<\/title>\n<meta name=\"description\" content=\"Acquista Hisense BI62111AXTC Forno Incasso A su Morena Elettrodomestici. Il tuo Negozio di Fiducia online con prezzi competitivi e prodotti di alta qualit\u00e0!\" \/>\n<meta name=\"robots\" content=\"index, follow, max-snippet:-1, max-image-preview:large, max-video-preview:-1\" \/>\n<link rel=\"canonical\" href=\"https:\/\/www.morenaelettrodomestici.com\/en\/shop\/beko-bi62111axtc-forno-incasso-a\/\" \/>\n<meta property=\"og:locale\" content=\"en_GB\" \/>\n<meta property=\"og:type\" content=\"article\" \/>\n<meta property=\"og:title\" content=\"Hisense BI62111AXTC Forno Incasso A - Morena Elettrodomestici\" \/>\n<meta property=\"og:description\" content=\"Acquista Hisense BI62111AXTC Forno Incasso A su Morena Elettrodomestici. Il tuo Negozio di Fiducia online con prezzi competitivi e prodotti di alta qualit\u00e0!\" \/>\n<meta property=\"og:url\" content=\"https:\/\/www.morenaelettrodomestici.com\/en\/shop\/beko-bi62111axtc-forno-incasso-a\/\" \/>\n<meta property=\"og:site_name\" content=\"Morena Elettrodomestici\" \/>\n<meta property=\"article:publisher\" content=\"https:\/\/www.facebook.com\/morenaelettrodomestici\/\" \/>\n<meta property=\"article:modified_time\" content=\"2025-07-14T18:45:37+00:00\" \/>\n<meta property=\"og:image\" content=\"https:\/\/www.morenaelettrodomestici.com\/wp-content\/uploads\/2025\/01\/MABAGOR-515Wx515H-mabagor-imagelib-full-trim-1-4-1481b918d9eab882347ace1afb2c96e6-249693-fpng.png\" \/>\n\t<meta property=\"og:image:width\" content=\"515\" \/>\n\t<meta property=\"og:image:height\" content=\"515\" \/>\n\t<meta property=\"og:image:type\" content=\"image\/png\" \/>\n<meta name=\"twitter:card\" content=\"summary_large_image\" \/>\n<meta name=\"twitter:label1\" content=\"Estimated reading time\" \/>\n\t<meta name=\"twitter:data1\" content=\"3 minutes\" \/>\n<script type=\"application\/ld+json\" class=\"yoast-schema-graph\">{\"@context\":\"https:\/\/schema.org\",\"@graph\":[{\"@type\":\"WebPage\",\"@id\":\"https:\/\/www.morenaelettrodomestici.com\/shop\/beko-bi62111axtc-forno-incasso-a\/\",\"url\":\"https:\/\/www.morenaelettrodomestici.com\/shop\/beko-bi62111axtc-forno-incasso-a\/\",\"name\":\"Hisense BI62111AXTC Forno Incasso A - Morena Elettrodomestici\",\"isPartOf\":{\"@id\":\"https:\/\/www.morenaelettrodomestici.com\/#website\"},\"primaryImageOfPage\":{\"@id\":\"https:\/\/www.morenaelettrodomestici.com\/shop\/beko-bi62111axtc-forno-incasso-a\/#primaryimage\"},\"image\":{\"@id\":\"https:\/\/www.morenaelettrodomestici.com\/shop\/beko-bi62111axtc-forno-incasso-a\/#primaryimage\"},\"thumbnailUrl\":\"https:\/\/www.morenaelettrodomestici.com\/wp-content\/uploads\/2025\/01\/MABAGOR-515Wx515H-mabagor-imagelib-full-trim-1-4-1481b918d9eab882347ace1afb2c96e6-249693-fpng.png\",\"datePublished\":\"2025-01-16T16:55:25+00:00\",\"dateModified\":\"2025-07-14T18:45:37+00:00\",\"description\":\"Acquista Hisense BI62111AXTC Forno Incasso A su Morena Elettrodomestici. Il tuo Negozio di Fiducia online con prezzi competitivi e prodotti di alta qualit\u00e0!\",\"breadcrumb\":{\"@id\":\"https:\/\/www.morenaelettrodomestici.com\/shop\/beko-bi62111axtc-forno-incasso-a\/#breadcrumb\"},\"inLanguage\":\"en-GB\",\"potentialAction\":[{\"@type\":\"ReadAction\",\"target\":[\"https:\/\/www.morenaelettrodomestici.com\/shop\/beko-bi62111axtc-forno-incasso-a\/\"]}]},{\"@type\":\"ImageObject\",\"inLanguage\":\"en-GB\",\"@id\":\"https:\/\/www.morenaelettrodomestici.com\/shop\/beko-bi62111axtc-forno-incasso-a\/#primaryimage\",\"url\":\"https:\/\/www.morenaelettrodomestici.com\/wp-content\/uploads\/2025\/01\/MABAGOR-515Wx515H-mabagor-imagelib-full-trim-1-4-1481b918d9eab882347ace1afb2c96e6-249693-fpng.png\",\"contentUrl\":\"https:\/\/www.morenaelettrodomestici.com\/wp-content\/uploads\/2025\/01\/MABAGOR-515Wx515H-mabagor-imagelib-full-trim-1-4-1481b918d9eab882347ace1afb2c96e6-249693-fpng.png\",\"width\":515,\"height\":515},{\"@type\":\"BreadcrumbList\",\"@id\":\"https:\/\/www.morenaelettrodomestici.com\/shop\/beko-bi62111axtc-forno-incasso-a\/#breadcrumb\",\"itemListElement\":[{\"@type\":\"ListItem\",\"position\":1,\"name\":\"Home\",\"item\":\"https:\/\/www.morenaelettrodomestici.com\/\"},{\"@type\":\"ListItem\",\"position\":2,\"name\":\"Shop\",\"item\":\"https:\/\/www.morenaelettrodomestici.com\/shop\/\"},{\"@type\":\"ListItem\",\"position\":3,\"name\":\"Hisense BI62111AXTC Forno Incasso A\"}]},{\"@type\":\"WebSite\",\"@id\":\"https:\/\/www.morenaelettrodomestici.com\/#website\",\"url\":\"https:\/\/www.morenaelettrodomestici.com\/\",\"name\":\"Morena\",\"description\":\"I migliori elettrodomestici a prezzi folli\",\"publisher\":{\"@id\":\"https:\/\/www.morenaelettrodomestici.com\/#organization\"},\"potentialAction\":[{\"@type\":\"SearchAction\",\"target\":{\"@type\":\"EntryPoint\",\"urlTemplate\":\"https:\/\/www.morenaelettrodomestici.com\/?s={search_term_string}\"},\"query-input\":{\"@type\":\"PropertyValueSpecification\",\"valueRequired\":true,\"valueName\":\"search_term_string\"}}],\"inLanguage\":\"en-GB\"},{\"@type\":\"Organization\",\"@id\":\"https:\/\/www.morenaelettrodomestici.com\/#organization\",\"name\":\"Morena Elettrodomestici\",\"url\":\"https:\/\/www.morenaelettrodomestici.com\/\",\"logo\":{\"@type\":\"ImageObject\",\"inLanguage\":\"en-GB\",\"@id\":\"https:\/\/www.morenaelettrodomestici.com\/#\/schema\/logo\/image\/\",\"url\":\"https:\/\/www.morenaelettrodomestici.com\/wp-content\/uploads\/2024\/05\/logo_Morena_srls-TRASPARENTE.png\",\"contentUrl\":\"https:\/\/www.morenaelettrodomestici.com\/wp-content\/uploads\/2024\/05\/logo_Morena_srls-TRASPARENTE.png\",\"width\":2264,\"height\":718,\"caption\":\"Morena Elettrodomestici\"},\"image\":{\"@id\":\"https:\/\/www.morenaelettrodomestici.com\/#\/schema\/logo\/image\/\"},\"sameAs\":[\"https:\/\/www.facebook.com\/morenaelettrodomestici\/\",\"https:\/\/www.instagram.com\/morena.elettrodomestici\/\",\"https:\/\/www.linkedin.com\/company-beta\/10507375\/\",\"https:\/\/www.youtube.com\/channel\/UCgdTfdgRUeVEnhI2Z4GRlFA\"]}]}<\/script>\n<!-- \/ Yoast SEO plugin. -->","yoast_head_json":{"title":"Hisense BI62111AXTC Forno Incasso A - Morena Elettrodomestici","description":"Acquista Hisense BI62111AXTC Forno Incasso A su Morena Elettrodomestici. Il tuo Negozio di Fiducia online con prezzi competitivi e prodotti di alta qualit\u00e0!","robots":{"index":"index","follow":"follow","max-snippet":"max-snippet:-1","max-image-preview":"max-image-preview:large","max-video-preview":"max-video-preview:-1"},"canonical":"https:\/\/www.morenaelettrodomestici.com\/en\/shop\/beko-bi62111axtc-forno-incasso-a\/","og_locale":"en_GB","og_type":"article","og_title":"Hisense BI62111AXTC Forno Incasso A - Morena Elettrodomestici","og_description":"Acquista Hisense BI62111AXTC Forno Incasso A su Morena Elettrodomestici. Il tuo Negozio di Fiducia online con prezzi competitivi e prodotti di alta qualit\u00e0!","og_url":"https:\/\/www.morenaelettrodomestici.com\/en\/shop\/beko-bi62111axtc-forno-incasso-a\/","og_site_name":"Morena Elettrodomestici","article_publisher":"https:\/\/www.facebook.com\/morenaelettrodomestici\/","article_modified_time":"2025-07-14T18:45:37+00:00","og_image":[{"width":515,"height":515,"url":"https:\/\/www.morenaelettrodomestici.com\/wp-content\/uploads\/2025\/01\/MABAGOR-515Wx515H-mabagor-imagelib-full-trim-1-4-1481b918d9eab882347ace1afb2c96e6-249693-fpng.png","type":"image\/png"}],"twitter_card":"summary_large_image","twitter_misc":{"Estimated reading time":"3 minutes"},"schema":{"@context":"https:\/\/schema.org","@graph":[{"@type":"WebPage","@id":"https:\/\/www.morenaelettrodomestici.com\/shop\/beko-bi62111axtc-forno-incasso-a\/","url":"https:\/\/www.morenaelettrodomestici.com\/shop\/beko-bi62111axtc-forno-incasso-a\/","name":"Hisense BI62111AXTC Forno Incasso A - Morena Elettrodomestici","isPartOf":{"@id":"https:\/\/www.morenaelettrodomestici.com\/#website"},"primaryImageOfPage":{"@id":"https:\/\/www.morenaelettrodomestici.com\/shop\/beko-bi62111axtc-forno-incasso-a\/#primaryimage"},"image":{"@id":"https:\/\/www.morenaelettrodomestici.com\/shop\/beko-bi62111axtc-forno-incasso-a\/#primaryimage"},"thumbnailUrl":"https:\/\/www.morenaelettrodomestici.com\/wp-content\/uploads\/2025\/01\/MABAGOR-515Wx515H-mabagor-imagelib-full-trim-1-4-1481b918d9eab882347ace1afb2c96e6-249693-fpng.png","datePublished":"2025-01-16T16:55:25+00:00","dateModified":"2025-07-14T18:45:37+00:00","description":"Acquista Hisense BI62111AXTC Forno Incasso A su Morena Elettrodomestici. Il tuo Negozio di Fiducia online con prezzi competitivi e prodotti di alta qualit\u00e0!","breadcrumb":{"@id":"https:\/\/www.morenaelettrodomestici.com\/shop\/beko-bi62111axtc-forno-incasso-a\/#breadcrumb"},"inLanguage":"en-GB","potentialAction":[{"@type":"ReadAction","target":["https:\/\/www.morenaelettrodomestici.com\/shop\/beko-bi62111axtc-forno-incasso-a\/"]}]},{"@type":"ImageObject","inLanguage":"en-GB","@id":"https:\/\/www.morenaelettrodomestici.com\/shop\/beko-bi62111axtc-forno-incasso-a\/#primaryimage","url":"https:\/\/www.morenaelettrodomestici.com\/wp-content\/uploads\/2025\/01\/MABAGOR-515Wx515H-mabagor-imagelib-full-trim-1-4-1481b918d9eab882347ace1afb2c96e6-249693-fpng.png","contentUrl":"https:\/\/www.morenaelettrodomestici.com\/wp-content\/uploads\/2025\/01\/MABAGOR-515Wx515H-mabagor-imagelib-full-trim-1-4-1481b918d9eab882347ace1afb2c96e6-249693-fpng.png","width":515,"height":515},{"@type":"BreadcrumbList","@id":"https:\/\/www.morenaelettrodomestici.com\/shop\/beko-bi62111axtc-forno-incasso-a\/#breadcrumb","itemListElement":[{"@type":"ListItem","position":1,"name":"Home","item":"https:\/\/www.morenaelettrodomestici.com\/"},{"@type":"ListItem","position":2,"name":"Shop","item":"https:\/\/www.morenaelettrodomestici.com\/shop\/"},{"@type":"ListItem","position":3,"name":"Hisense BI62111AXTC Forno Incasso A"}]},{"@type":"WebSite","@id":"https:\/\/www.morenaelettrodomestici.com\/#website","url":"https:\/\/www.morenaelettrodomestici.com\/","name":"Morena","description":"I migliori elettrodomestici a prezzi folli","publisher":{"@id":"https:\/\/www.morenaelettrodomestici.com\/#organization"},"potentialAction":[{"@type":"SearchAction","target":{"@type":"EntryPoint","urlTemplate":"https:\/\/www.morenaelettrodomestici.com\/?s={search_term_string}"},"query-input":{"@type":"PropertyValueSpecification","valueRequired":true,"valueName":"search_term_string"}}],"inLanguage":"en-GB"},{"@type":"Organization","@id":"https:\/\/www.morenaelettrodomestici.com\/#organization","name":"Morena Elettrodomestici","url":"https:\/\/www.morenaelettrodomestici.com\/","logo":{"@type":"ImageObject","inLanguage":"en-GB","@id":"https:\/\/www.morenaelettrodomestici.com\/#\/schema\/logo\/image\/","url":"https:\/\/www.morenaelettrodomestici.com\/wp-content\/uploads\/2024\/05\/logo_Morena_srls-TRASPARENTE.png","contentUrl":"https:\/\/www.morenaelettrodomestici.com\/wp-content\/uploads\/2024\/05\/logo_Morena_srls-TRASPARENTE.png","width":2264,"height":718,"caption":"Morena Elettrodomestici"},"image":{"@id":"https:\/\/www.morenaelettrodomestici.com\/#\/schema\/logo\/image\/"},"sameAs":["https:\/\/www.facebook.com\/morenaelettrodomestici\/","https:\/\/www.instagram.com\/morena.elettrodomestici\/","https:\/\/www.linkedin.com\/company-beta\/10507375\/","https:\/\/www.youtube.com\/channel\/UCgdTfdgRUeVEnhI2Z4GRlFA"]}]}},"_links":{"self":[{"href":"https:\/\/www.morenaelettrodomestici.com\/en\/wp-json\/wp\/v2\/product\/47359","targetHints":{"allow":["GET"]}}],"collection":[{"href":"https:\/\/www.morenaelettrodomestici.com\/en\/wp-json\/wp\/v2\/product"}],"about":[{"href":"https:\/\/www.morenaelettrodomestici.com\/en\/wp-json\/wp\/v2\/types\/product"}],"version-history":[{"count":2,"href":"https:\/\/www.morenaelettrodomestici.com\/en\/wp-json\/wp\/v2\/product\/47359\/revisions"}],"predecessor-version":[{"id":48275,"href":"https:\/\/www.morenaelettrodomestici.com\/en\/wp-json\/wp\/v2\/product\/47359\/revisions\/48275"}],"wp:featuredmedia":[{"embeddable":true,"href":"https:\/\/www.morenaelettrodomestici.com\/en\/wp-json\/wp\/v2\/media\/47360"}],"wp:attachment":[{"href":"https:\/\/www.morenaelettrodomestici.com\/en\/wp-json\/wp\/v2\/media?parent=47359"}],"wp:term":[{"taxonomy":"product_brand","embeddable":true,"href":"https:\/\/www.morenaelettrodomestici.com\/en\/wp-json\/wp\/v2\/product_brand?post=47359"},{"taxonomy":"product_cat","embeddable":true,"href":"https:\/\/www.morenaelettrodomestici.com\/en\/wp-json\/wp\/v2\/product_cat?post=47359"},{"taxonomy":"product_tag","embeddable":true,"href":"https:\/\/www.morenaelettrodomestici.com\/en\/wp-json\/wp\/v2\/product_tag?post=47359"}],"curies":[{"name":"wp","href":"https:\/\/api.w.org\/{rel}","templated":true}]}}