{"id":47528,"date":"2025-02-11T08:44:26","date_gmt":"2025-02-11T08:44:26","guid":{"rendered":"https:\/\/www.morenaelettrodomestici.com\/?post_type=product&#038;p=47528"},"modified":"2025-02-11T08:49:17","modified_gmt":"2025-02-11T08:49:17","slug":"tristar-wg-2431-bilancia-personale-con-superficie-antiscivolo-in-silicone","status":"publish","type":"product","link":"https:\/\/www.morenaelettrodomestici.com\/en\/shop\/tristar-wg-2431-bilancia-personale-con-superficie-antiscivolo-in-silicone\/","title":{"rendered":"Tristar WG-2431 Bilancia personale con superficie antiscivolo in silicone"},"content":{"rendered":"<div class=\"product-detail__text pt-20 pb-40\">\n<div class=\"product-detail__description\">\n<p>Comfort e sicurezza sono di serie sulla bilancia pesapersone Tristar WG-2431. Grazie al vetro di sicurezza temprato e alla superficie in silicone antiscivolo, la bilancia \u00e8 molto robusta e soprattutto sicura. Con questa bilancia pesapersone non dovrai mai pi\u00f9 chiederti quanto pesi. La sottile piattaforma ha una superficie di 30 x 30 cm. La bilancia pesapersone funziona con batterie CR2032 ed emette un avviso quando il livello delle batterie \u00e8 basso. Questa bilancia \u00e8 una vera risorsa in ogni bagno.<\/p>\n<p><b>Accuratezza elevata<\/b><br \/>\nLa bilancia pesapersone Tristar \u00e8 dotata di tecnologia step-on, e si accende non appena sali sulla pedana. Pu\u00f2 misurare il tuo peso con un&#8217;accuratezza di 0,1 kg. La bilancia pu\u00f2 pesare fino a 150 kg. Il peso pu\u00f2 essere visualizzato in diverse unit\u00e0 di misura: kg e lb. Per assicurarsi che le batterie durino a lungo, la bilancia si spegne quando non viene utilizzata.<\/p>\n<p><b>Peso forma<\/b><br \/>\n\u00c8 molto importante rientrare nel peso forma e rimanerci. Il peso ideale varia da persona a persona. Per scoprire qual \u00e8 il peso migliore per il tuo corpo, puoi calcolare il tuo BMI (IMC), l&#8217;indice di massa corporea. Il tuo indice BMI calcola il grasso corporeo in base all&#8217;altezza e al peso.<\/p>\n<p><b>Contenuto della confezione<\/b><br \/>\nBilancia pesapersone, manuale<\/p>\n<p><b>I motivi per scegliere la bilancia pesapersone Tristar WG-2432:<\/b><\/p>\n<ul>\n<li>Ha una comoda superficie in silicone antiscivolo<\/li>\n<li>\u00c8 dotata di piedini antiscivolo<\/li>\n<li>Pesa con un&#8217;accuratezza fino a 0,1 kg<\/li>\n<li>Pesa fino a 150 kg<\/li>\n<\/ul>\n<\/div>\n<\/div>","protected":false},"excerpt":{"rendered":"<ul>\n<li class=\"a-spacing-mini\"><span class=\"a-list-item\">Peso fino a 150 kg.<\/span><\/li>\n<li class=\"a-spacing-mini\"><span class=\"a-list-item\">Superficie antiscivolo in silicone.<\/span><\/li>\n<li class=\"a-spacing-mini\"><span class=\"a-list-item\">Bilancia personale con precisione da 0,1 kg.<\/span><\/li>\n<li class=\"a-spacing-mini\"><span class=\"a-list-item\">Il peso \u00e8 visualizzato sul display LCD di facile lettura.<\/span><\/li>\n<li class=\"a-spacing-mini\"><span class=\"a-list-item\">Extra sicura grazie al vetro temperato di sicurezza.<\/span><\/li>\n<li><\/li>\n<\/ul>","protected":false},"featured_media":47530,"template":"","meta":[],"product_brand":[],"product_cat":[863,102],"product_tag":[],"class_list":{"0":"post-47528","1":"product","2":"type-product","3":"status-publish","4":"has-post-thumbnail","6":"product_cat-bilance-pesapersone","7":"product_cat-piccoli-elettrodomestici","8":"pa_marca-tristar","10":"first","11":"instock","12":"sale","13":"taxable","14":"shipping-taxable","15":"purchasable","16":"product-type-simple"},"yoast_head":"<!-- This site is optimized with the Yoast SEO plugin v27.5 - https:\/\/yoast.com\/product\/yoast-seo-wordpress\/ -->\n<title>Tristar WG-2431 Bilancia personale con superficie antiscivolo in silicone - Morena Elettrodomestici<\/title>\n<meta name=\"description\" content=\"Acquista Tristar WG-2431 Bilancia personale con superficie antiscivolo in silicone su Morena Elettrodomestici. Il tuo Negozio di Fiducia online con prezzi competitivi e prodotti di alta qualit\u00e0!\" \/>\n<meta name=\"robots\" content=\"index, follow, max-snippet:-1, max-image-preview:large, max-video-preview:-1\" \/>\n<link rel=\"canonical\" href=\"https:\/\/www.morenaelettrodomestici.com\/en\/shop\/tristar-wg-2431-bilancia-personale-con-superficie-antiscivolo-in-silicone\/\" \/>\n<meta property=\"og:locale\" content=\"en_GB\" \/>\n<meta property=\"og:type\" content=\"article\" \/>\n<meta property=\"og:title\" content=\"Tristar WG-2431 Bilancia personale con superficie antiscivolo in silicone - Morena Elettrodomestici\" \/>\n<meta property=\"og:description\" content=\"Acquista Tristar WG-2431 Bilancia personale con superficie antiscivolo in silicone su Morena Elettrodomestici. Il tuo Negozio di Fiducia online con prezzi competitivi e prodotti di alta qualit\u00e0!\" \/>\n<meta property=\"og:url\" content=\"https:\/\/www.morenaelettrodomestici.com\/en\/shop\/tristar-wg-2431-bilancia-personale-con-superficie-antiscivolo-in-silicone\/\" \/>\n<meta property=\"og:site_name\" content=\"Morena Elettrodomestici\" \/>\n<meta property=\"article:publisher\" content=\"https:\/\/www.facebook.com\/morenaelettrodomestici\/\" \/>\n<meta property=\"article:modified_time\" content=\"2025-02-11T08:49:17+00:00\" \/>\n<meta property=\"og:image\" content=\"https:\/\/www.morenaelettrodomestici.com\/wp-content\/uploads\/2025\/02\/wg-2431_0.jpg\" \/>\n\t<meta property=\"og:image:width\" content=\"1024\" \/>\n\t<meta property=\"og:image:height\" content=\"1024\" \/>\n\t<meta property=\"og:image:type\" content=\"image\/jpeg\" \/>\n<meta name=\"twitter:card\" content=\"summary_large_image\" \/>\n<meta name=\"twitter:label1\" content=\"Estimated reading time\" \/>\n\t<meta name=\"twitter:data1\" content=\"1 minute\" \/>\n<script type=\"application\/ld+json\" class=\"yoast-schema-graph\">{\"@context\":\"https:\\\/\\\/schema.org\",\"@graph\":[{\"@type\":\"WebPage\",\"@id\":\"https:\\\/\\\/www.morenaelettrodomestici.com\\\/shop\\\/tristar-wg-2431-bilancia-personale-con-superficie-antiscivolo-in-silicone\\\/\",\"url\":\"https:\\\/\\\/www.morenaelettrodomestici.com\\\/shop\\\/tristar-wg-2431-bilancia-personale-con-superficie-antiscivolo-in-silicone\\\/\",\"name\":\"Tristar WG-2431 Bilancia personale con superficie antiscivolo in silicone - Morena Elettrodomestici\",\"isPartOf\":{\"@id\":\"https:\\\/\\\/www.morenaelettrodomestici.com\\\/#website\"},\"primaryImageOfPage\":{\"@id\":\"https:\\\/\\\/www.morenaelettrodomestici.com\\\/shop\\\/tristar-wg-2431-bilancia-personale-con-superficie-antiscivolo-in-silicone\\\/#primaryimage\"},\"image\":{\"@id\":\"https:\\\/\\\/www.morenaelettrodomestici.com\\\/shop\\\/tristar-wg-2431-bilancia-personale-con-superficie-antiscivolo-in-silicone\\\/#primaryimage\"},\"thumbnailUrl\":\"https:\\\/\\\/www.morenaelettrodomestici.com\\\/wp-content\\\/uploads\\\/2025\\\/02\\\/wg-2431_0.jpg\",\"datePublished\":\"2025-02-11T08:44:26+00:00\",\"dateModified\":\"2025-02-11T08:49:17+00:00\",\"description\":\"Acquista Tristar WG-2431 Bilancia personale con superficie antiscivolo in silicone su Morena Elettrodomestici. Il tuo Negozio di Fiducia online con prezzi competitivi e prodotti di alta qualit\u00e0!\",\"breadcrumb\":{\"@id\":\"https:\\\/\\\/www.morenaelettrodomestici.com\\\/shop\\\/tristar-wg-2431-bilancia-personale-con-superficie-antiscivolo-in-silicone\\\/#breadcrumb\"},\"inLanguage\":\"en-GB\",\"potentialAction\":[{\"@type\":\"ReadAction\",\"target\":[\"https:\\\/\\\/www.morenaelettrodomestici.com\\\/shop\\\/tristar-wg-2431-bilancia-personale-con-superficie-antiscivolo-in-silicone\\\/\"]}]},{\"@type\":\"ImageObject\",\"inLanguage\":\"en-GB\",\"@id\":\"https:\\\/\\\/www.morenaelettrodomestici.com\\\/shop\\\/tristar-wg-2431-bilancia-personale-con-superficie-antiscivolo-in-silicone\\\/#primaryimage\",\"url\":\"https:\\\/\\\/www.morenaelettrodomestici.com\\\/wp-content\\\/uploads\\\/2025\\\/02\\\/wg-2431_0.jpg\",\"contentUrl\":\"https:\\\/\\\/www.morenaelettrodomestici.com\\\/wp-content\\\/uploads\\\/2025\\\/02\\\/wg-2431_0.jpg\",\"width\":1024,\"height\":1024},{\"@type\":\"BreadcrumbList\",\"@id\":\"https:\\\/\\\/www.morenaelettrodomestici.com\\\/shop\\\/tristar-wg-2431-bilancia-personale-con-superficie-antiscivolo-in-silicone\\\/#breadcrumb\",\"itemListElement\":[{\"@type\":\"ListItem\",\"position\":1,\"name\":\"Home\",\"item\":\"https:\\\/\\\/www.morenaelettrodomestici.com\\\/\"},{\"@type\":\"ListItem\",\"position\":2,\"name\":\"Shop\",\"item\":\"https:\\\/\\\/www.morenaelettrodomestici.com\\\/shop\\\/\"},{\"@type\":\"ListItem\",\"position\":3,\"name\":\"Tristar WG-2431 Bilancia personale con superficie antiscivolo in silicone\"}]},{\"@type\":\"WebSite\",\"@id\":\"https:\\\/\\\/www.morenaelettrodomestici.com\\\/#website\",\"url\":\"https:\\\/\\\/www.morenaelettrodomestici.com\\\/\",\"name\":\"Morena\",\"description\":\"I migliori elettrodomestici a prezzi folli\",\"publisher\":{\"@id\":\"https:\\\/\\\/www.morenaelettrodomestici.com\\\/#organization\"},\"potentialAction\":[{\"@type\":\"SearchAction\",\"target\":{\"@type\":\"EntryPoint\",\"urlTemplate\":\"https:\\\/\\\/www.morenaelettrodomestici.com\\\/?s={search_term_string}\"},\"query-input\":{\"@type\":\"PropertyValueSpecification\",\"valueRequired\":true,\"valueName\":\"search_term_string\"}}],\"inLanguage\":\"en-GB\"},{\"@type\":\"Organization\",\"@id\":\"https:\\\/\\\/www.morenaelettrodomestici.com\\\/#organization\",\"name\":\"Morena Elettrodomestici\",\"url\":\"https:\\\/\\\/www.morenaelettrodomestici.com\\\/\",\"logo\":{\"@type\":\"ImageObject\",\"inLanguage\":\"en-GB\",\"@id\":\"https:\\\/\\\/www.morenaelettrodomestici.com\\\/#\\\/schema\\\/logo\\\/image\\\/\",\"url\":\"https:\\\/\\\/www.morenaelettrodomestici.com\\\/wp-content\\\/uploads\\\/2024\\\/05\\\/logo_Morena_srls-TRASPARENTE.png\",\"contentUrl\":\"https:\\\/\\\/www.morenaelettrodomestici.com\\\/wp-content\\\/uploads\\\/2024\\\/05\\\/logo_Morena_srls-TRASPARENTE.png\",\"width\":2264,\"height\":718,\"caption\":\"Morena Elettrodomestici\"},\"image\":{\"@id\":\"https:\\\/\\\/www.morenaelettrodomestici.com\\\/#\\\/schema\\\/logo\\\/image\\\/\"},\"sameAs\":[\"https:\\\/\\\/www.facebook.com\\\/morenaelettrodomestici\\\/\",\"https:\\\/\\\/www.instagram.com\\\/morena.elettrodomestici\\\/\",\"https:\\\/\\\/www.linkedin.com\\\/company-beta\\\/10507375\\\/\",\"https:\\\/\\\/www.youtube.com\\\/channel\\\/UCgdTfdgRUeVEnhI2Z4GRlFA\"]}]}<\/script>\n<!-- \/ Yoast SEO plugin. -->","yoast_head_json":{"title":"Tristar WG-2431 Bilancia personale con superficie antiscivolo in silicone - Morena Elettrodomestici","description":"Acquista Tristar WG-2431 Bilancia personale con superficie antiscivolo in silicone su Morena Elettrodomestici. Il tuo Negozio di Fiducia online con prezzi competitivi e prodotti di alta qualit\u00e0!","robots":{"index":"index","follow":"follow","max-snippet":"max-snippet:-1","max-image-preview":"max-image-preview:large","max-video-preview":"max-video-preview:-1"},"canonical":"https:\/\/www.morenaelettrodomestici.com\/en\/shop\/tristar-wg-2431-bilancia-personale-con-superficie-antiscivolo-in-silicone\/","og_locale":"en_GB","og_type":"article","og_title":"Tristar WG-2431 Bilancia personale con superficie antiscivolo in silicone - Morena Elettrodomestici","og_description":"Acquista Tristar WG-2431 Bilancia personale con superficie antiscivolo in silicone su Morena Elettrodomestici. Il tuo Negozio di Fiducia online con prezzi competitivi e prodotti di alta qualit\u00e0!","og_url":"https:\/\/www.morenaelettrodomestici.com\/en\/shop\/tristar-wg-2431-bilancia-personale-con-superficie-antiscivolo-in-silicone\/","og_site_name":"Morena Elettrodomestici","article_publisher":"https:\/\/www.facebook.com\/morenaelettrodomestici\/","article_modified_time":"2025-02-11T08:49:17+00:00","og_image":[{"width":1024,"height":1024,"url":"https:\/\/www.morenaelettrodomestici.com\/wp-content\/uploads\/2025\/02\/wg-2431_0.jpg","type":"image\/jpeg"}],"twitter_card":"summary_large_image","twitter_misc":{"Estimated reading time":"1 minute"},"schema":{"@context":"https:\/\/schema.org","@graph":[{"@type":"WebPage","@id":"https:\/\/www.morenaelettrodomestici.com\/shop\/tristar-wg-2431-bilancia-personale-con-superficie-antiscivolo-in-silicone\/","url":"https:\/\/www.morenaelettrodomestici.com\/shop\/tristar-wg-2431-bilancia-personale-con-superficie-antiscivolo-in-silicone\/","name":"Tristar WG-2431 Bilancia personale con superficie antiscivolo in silicone - Morena Elettrodomestici","isPartOf":{"@id":"https:\/\/www.morenaelettrodomestici.com\/#website"},"primaryImageOfPage":{"@id":"https:\/\/www.morenaelettrodomestici.com\/shop\/tristar-wg-2431-bilancia-personale-con-superficie-antiscivolo-in-silicone\/#primaryimage"},"image":{"@id":"https:\/\/www.morenaelettrodomestici.com\/shop\/tristar-wg-2431-bilancia-personale-con-superficie-antiscivolo-in-silicone\/#primaryimage"},"thumbnailUrl":"https:\/\/www.morenaelettrodomestici.com\/wp-content\/uploads\/2025\/02\/wg-2431_0.jpg","datePublished":"2025-02-11T08:44:26+00:00","dateModified":"2025-02-11T08:49:17+00:00","description":"Acquista Tristar WG-2431 Bilancia personale con superficie antiscivolo in silicone su Morena Elettrodomestici. Il tuo Negozio di Fiducia online con prezzi competitivi e prodotti di alta qualit\u00e0!","breadcrumb":{"@id":"https:\/\/www.morenaelettrodomestici.com\/shop\/tristar-wg-2431-bilancia-personale-con-superficie-antiscivolo-in-silicone\/#breadcrumb"},"inLanguage":"en-GB","potentialAction":[{"@type":"ReadAction","target":["https:\/\/www.morenaelettrodomestici.com\/shop\/tristar-wg-2431-bilancia-personale-con-superficie-antiscivolo-in-silicone\/"]}]},{"@type":"ImageObject","inLanguage":"en-GB","@id":"https:\/\/www.morenaelettrodomestici.com\/shop\/tristar-wg-2431-bilancia-personale-con-superficie-antiscivolo-in-silicone\/#primaryimage","url":"https:\/\/www.morenaelettrodomestici.com\/wp-content\/uploads\/2025\/02\/wg-2431_0.jpg","contentUrl":"https:\/\/www.morenaelettrodomestici.com\/wp-content\/uploads\/2025\/02\/wg-2431_0.jpg","width":1024,"height":1024},{"@type":"BreadcrumbList","@id":"https:\/\/www.morenaelettrodomestici.com\/shop\/tristar-wg-2431-bilancia-personale-con-superficie-antiscivolo-in-silicone\/#breadcrumb","itemListElement":[{"@type":"ListItem","position":1,"name":"Home","item":"https:\/\/www.morenaelettrodomestici.com\/"},{"@type":"ListItem","position":2,"name":"Shop","item":"https:\/\/www.morenaelettrodomestici.com\/shop\/"},{"@type":"ListItem","position":3,"name":"Tristar WG-2431 Bilancia personale con superficie antiscivolo in silicone"}]},{"@type":"WebSite","@id":"https:\/\/www.morenaelettrodomestici.com\/#website","url":"https:\/\/www.morenaelettrodomestici.com\/","name":"Morena","description":"I migliori elettrodomestici a prezzi folli","publisher":{"@id":"https:\/\/www.morenaelettrodomestici.com\/#organization"},"potentialAction":[{"@type":"SearchAction","target":{"@type":"EntryPoint","urlTemplate":"https:\/\/www.morenaelettrodomestici.com\/?s={search_term_string}"},"query-input":{"@type":"PropertyValueSpecification","valueRequired":true,"valueName":"search_term_string"}}],"inLanguage":"en-GB"},{"@type":"Organization","@id":"https:\/\/www.morenaelettrodomestici.com\/#organization","name":"Morena Elettrodomestici","url":"https:\/\/www.morenaelettrodomestici.com\/","logo":{"@type":"ImageObject","inLanguage":"en-GB","@id":"https:\/\/www.morenaelettrodomestici.com\/#\/schema\/logo\/image\/","url":"https:\/\/www.morenaelettrodomestici.com\/wp-content\/uploads\/2024\/05\/logo_Morena_srls-TRASPARENTE.png","contentUrl":"https:\/\/www.morenaelettrodomestici.com\/wp-content\/uploads\/2024\/05\/logo_Morena_srls-TRASPARENTE.png","width":2264,"height":718,"caption":"Morena Elettrodomestici"},"image":{"@id":"https:\/\/www.morenaelettrodomestici.com\/#\/schema\/logo\/image\/"},"sameAs":["https:\/\/www.facebook.com\/morenaelettrodomestici\/","https:\/\/www.instagram.com\/morena.elettrodomestici\/","https:\/\/www.linkedin.com\/company-beta\/10507375\/","https:\/\/www.youtube.com\/channel\/UCgdTfdgRUeVEnhI2Z4GRlFA"]}]}},"_links":{"self":[{"href":"https:\/\/www.morenaelettrodomestici.com\/en\/wp-json\/wp\/v2\/product\/47528","targetHints":{"allow":["GET"]}}],"collection":[{"href":"https:\/\/www.morenaelettrodomestici.com\/en\/wp-json\/wp\/v2\/product"}],"about":[{"href":"https:\/\/www.morenaelettrodomestici.com\/en\/wp-json\/wp\/v2\/types\/product"}],"version-history":[{"count":1,"href":"https:\/\/www.morenaelettrodomestici.com\/en\/wp-json\/wp\/v2\/product\/47528\/revisions"}],"predecessor-version":[{"id":47531,"href":"https:\/\/www.morenaelettrodomestici.com\/en\/wp-json\/wp\/v2\/product\/47528\/revisions\/47531"}],"wp:featuredmedia":[{"embeddable":true,"href":"https:\/\/www.morenaelettrodomestici.com\/en\/wp-json\/wp\/v2\/media\/47530"}],"wp:attachment":[{"href":"https:\/\/www.morenaelettrodomestici.com\/en\/wp-json\/wp\/v2\/media?parent=47528"}],"wp:term":[{"taxonomy":"product_brand","embeddable":true,"href":"https:\/\/www.morenaelettrodomestici.com\/en\/wp-json\/wp\/v2\/product_brand?post=47528"},{"taxonomy":"product_cat","embeddable":true,"href":"https:\/\/www.morenaelettrodomestici.com\/en\/wp-json\/wp\/v2\/product_cat?post=47528"},{"taxonomy":"product_tag","embeddable":true,"href":"https:\/\/www.morenaelettrodomestici.com\/en\/wp-json\/wp\/v2\/product_tag?post=47528"}],"curies":[{"name":"wp","href":"https:\/\/api.w.org\/{rel}","templated":true}]}}