{"id":47540,"date":"2025-02-13T11:10:43","date_gmt":"2025-02-13T11:10:43","guid":{"rendered":"https:\/\/www.morenaelettrodomestici.com\/?post_type=product&#038;p=47540"},"modified":"2025-04-07T08:32:47","modified_gmt":"2025-04-07T08:32:47","slug":"candy-rpw4856bwmuc-lavasciuga-8-5-kg-d","status":"publish","type":"product","link":"https:\/\/www.morenaelettrodomestici.com\/en\/shop\/candy-rpw4856bwmuc-lavasciuga-8-5-kg-d\/","title":{"rendered":"Candy RPW4856BWMUC Lavasciuga 8\/5 kg D"},"content":{"rendered":"<h3>Rapid\u00d3 PRO<\/h3>\n<p>Candy Rapid\u00d3 PRO \u00e8 la lavatrice progettata per farti risparmiare tempo con ottimi risultati di lavaggio: grazie all&#8217;innovativo motore Speed-Drive e al sistema Quick&amp;Clean puoi lavare a pieno carico in soli 39 minuti. Inoltre, \u00e8 dotata del nuovo programma Steam Hygiene Plus, testato e approvato dalla British Allergy Foundation, che garantisce una pulizia profonda.<\/p>\n<p><a href=\"https:\/\/www.candy-home.com\/it_IT\/rapido-pro\/\">Scopri di pi\u00f9<\/a><\/p>\n<p>&nbsp;<\/p>\n<h3>Risparmia denaro ed energia<\/h3>\n<p>Conforme alla Nuova Etichetta Energetica, questa lavasciuga, utilizzando solo il ciclo di lavaggio, \u00e8 in classe A. Paragonata a una in classe G, riduce i consumi almeno del 51%, permettendoti di risparmiare energia, denaro e rispettare l&#8217;ambiente.<\/p>\n<p>&nbsp;<\/p>\n<h3>App hOn Candy Rapid\u00d3<\/h3>\n<p>Preparati a rivoluzionare la tua vita con l&#8217;app hOn. Come? Accedi a un elenco di oltre 60 programmi di lavaggio per soddisfare ogni tua esigenza. Ottieni consigli utili su come lavare i tuoi capi e sulla giusta quantit\u00e0 di detersivo da utilizzare. Inoltre, hOn ti permette di monitorare costantemente efficienza e consumi, indicandoti come ottimizzarli. Grazie alle statistiche in tempo reale, puoi controllare lo stato di manutenzione del tuo elettrodomestico al fine di prevenire malfunzionamenti e assicurare ottime prestazioni per gli anni a venire. Tutto questo, con la tranquillit\u00e0 di poter gestire e controllare lo stato di lavaggio dal tuo smartphone in qualsiasi momento, anche quando non sei a casa.<\/p>\n<h3>Trova subito il programma giusto<\/h3>\n<p>Usando il tuo smartphone potrai scoprire quale ciclo di lavaggio si adatta maggiormente alla tipologia dei tessuti e dei colori del tuo bucato. Grazie all&#8217;esclusiva funzione Snap&amp;Wash della lavatrice Candy Rapid\u00d3, ti baster\u00e0 scattare una foto del cesto del tuo bucato e la tua lavatrice ti suggerir\u00e0 il programma rapido pi\u00f9 adatto, con la giusta temperatura e centrifuga.<\/p>\n<h3>Nuovo ciclo easy iron plus<\/h3>\n<p>Candy Rapid\u00d3 PRO \u00e8 dotata di Easy Iron Plus, l&#8217;innovativo programma che, grazie all&#8217;azione del vapore, rilassa le fibre dei tuoi capi. Dotato di 3 diversi livelli di intensit\u00e0, riduce anche le pieghe, velocizzando i tempi di stiratura.<\/p>\n<h3>Risparmia tempo<\/h3>\n<p>Scegli tra i 9 programmi rapidi ed efficienti. In meno di 1 ora (14&#8242;, 29&#8242;, 30&#8242;, 39&#8242;, 44&#8242;, 59&#8242;) otterrai i migliori risultati grazie allo Speed Drive Motor, che migliora l&#8217;azione di pulizia fino al 50% in pi\u00f9 rispetto ai motori tradizionali.<img decoding=\"async\" src=\"https:\/\/www.candy-home.com\/h-image\/candy-triplet\/products\/families-and-triples\/777_5279.jpg?w=800&amp;h=400&amp;f=jpeg&amp;q=80&amp;s=vpU2lVEco8_hgFIW\" alt=\"\"><\/p>\n<h3>Risparmia tempo ottenendo risultati perfetti<\/h3>\n<p>Speed-Drive Inverter \u00e8 un motore brushless innovativo e durevole. \u00c8 in grado di aumentare la performance di pulizia della lavatrice a libera installazione Candy fino al 50% (rispetto a un motore standard universale), riducendo il consumo di energia e le vibrazioni.<\/p>\n<h3>Igiene perfetta<\/h3>\n<p>L&#8217;esclusiva tecnologia Quick&amp;Clean, della lavatrice a carica frontale Candy, miscela acqua e detergente in un&#8217;unica soluzione altamente concentrata. Il dispositivo la spruzza all&#8217;interno del cestello con un getto ad alta pressione, che penetra nei tessuti fibra per fibra. Questa nuova tecnologia aumenta il potere lavante del detergente, permettendo di abbassare le consuete temperature di lavaggio: lavare a 20\u00b0 con la stessa performance di 40\u00b0, a 40\u00b0 con il medesimo risultato di 60\u00b0, a 60\u00b0 gradi rimuovendo anche lo sporco pi\u00f9 difficile.<\/p>\n<p><strong>Nuovo ciclo Steam Hygiene Plus<\/strong><\/p>\n<p>Candy Rapid\u00d3 PRO \u00e8 dotata di Steam Hygiene Plus*, il programma realizzato per ridurre le pieghe, semplificare la stiratura dei tuoi capi ed eliminare odori e allergeni attraverso una pulizia profonda. Questo ciclo innovativo pu\u00f2 raggiungere e mantenere una temperatura di 60\u00b0 combinando il vapore con un potente risciacquo, garantendo capi puliti in profondit\u00e0. *testato e approvato dalla British Allergy Foundation<\/p>\n<p><strong>Comfort senza precedenti<\/strong><\/p>\n<p>Il nuovo design ergonomico dell&#8217;obl\u00f2 di Rapid\u00d3, pi\u00f9 alto e capiente, render\u00e0 pi\u00f9 semplice e veloce il carico e lo scarico del tuo bucato.<\/p>\n<h2>Specifiche tecniche<\/h2>\n<h4>Caratteristiche principali<\/h4>\n<p>Modello RPW4856BWMUC-S<\/p>\n<p>Codice prodotto 31019238<\/p>\n<p>Tipo di installazion eLibera installazione<\/p>\n<p>cotone capacit\u00e0 (kg) di lavaggio8<\/p>\n<p>Capacit\u00e0 cotone asciugatura (kg)5<\/p>\n<p>Massima velocit\u00e0 di centrifuga (RPM)1400<\/p>\n<h4>Caratteristiche tecniche<\/h4>\n<p>IoT ApphOn<\/p>\n<p>Connettivit\u00e0 Controllo remoto avanzato e contenuti extra (Wi-Fi + BLE)<\/p>\n<p>Elettronica 6 digit display<\/p>\n<p>Motore Inverter BPM<\/p>\n<p>Tipo di spina Schuko<\/p>\n<p>Tensione (V)220-240<\/p>\n<h4>Programmi e funzioni<\/h4>\n<p>Woolmark Approved S\u00ec<\/p>\n<p>Asciugatura rapida NO<\/p>\n<p>Numero di programmi 15+1<\/p>\n<p>Partenza ritardata S\u00ec (fino a 24 ore)<\/p>\n<p>Main feature Mix Power System<\/p>\n<p>Vapore S\u00ec<\/p>\n<h4>Estetica<\/h4>\n<h4>Colore Bianco<\/h4>\n<p>Colore obl\u00f2 Blue<\/p>\n<h4>Performance e consumi<\/h4>\n<p>Classe Energetica lavaggio A<\/p>\n<p>Classe Energetica ciclo combinato D<\/p>\n<p>Classe di efficienza centrifuga B<\/p>\n<p>Consumo energetico ponderato [per 100 cicli, lavaggio)47<\/p>\n<p>Consumo energetico ponderato (per 100 cicli, ciclo combinato)266<\/p>\n<p>Durata del programma Eco 40-60 (pieno carico)218<\/p>\n<p>Durata del programma Lava+Asciuga (pieno carico)550<\/p>\n<p>Rumorosit\u00e0 in centrifuga76<\/p>\n<p>Classe di emissione sonora B<\/p>\n<p>Water consumption washing44<\/p>\n<p>Water consumption W+D75<\/p>\n<h4>Dimensioni<\/h4>\n<p>Altezza del prodotto (cm)85<\/p>\n<p>Larghezza del prodotto (cm)60<\/p>\n<p>Profondit\u00e0 complessiva del prodotto, inclusi porta e tubi (cm)53<\/p>\n<p>Profondit\u00e0 del prodotto esclusi porta e tubi (mm)470<\/p>\n<p>Peso netto (kg)63<\/p>\n<p>Peso lordo (kg)65<\/p>\n<p>&nbsp;<\/p>","protected":false},"excerpt":{"rendered":"<p>Lavaggio 8 kg<\/p>\n<p>Asciugatura 5 kg<\/p>\n<p>Dimensioni L x P x A (cm) 60x53x85<\/p>\n<p>1400 giri<\/p>","protected":false},"featured_media":47542,"template":"","meta":[],"product_brand":[],"product_cat":[88,390,89],"product_tag":[],"class_list":{"0":"post-47540","1":"product","2":"type-product","3":"status-publish","4":"has-post-thumbnail","6":"product_cat-grandi-elettrodomestici","7":"product_cat-lavasciuga","8":"product_cat-lavatrici-e-asciugatrici","9":"pa_capacita-kg-5kg","10":"pa_marca-candy","12":"first","13":"instock","14":"sale","15":"taxable","16":"shipping-taxable","17":"purchasable","18":"product-type-simple"},"yoast_head":"<!-- This site is optimized with the Yoast SEO plugin v27.5 - https:\/\/yoast.com\/product\/yoast-seo-wordpress\/ -->\n<title>Candy RPW4856BWMUC Lavasciuga 8\/5 kg D - Morena Elettrodomestici<\/title>\n<meta name=\"description\" content=\"Acquista Candy RPW4856BWMUC Lavasciuga 8\/5 kg D su Morena Elettrodomestici. Il tuo Negozio di Fiducia online con prezzi competitivi e prodotti di alta qualit\u00e0!\" \/>\n<meta name=\"robots\" content=\"index, follow, max-snippet:-1, max-image-preview:large, max-video-preview:-1\" \/>\n<link rel=\"canonical\" href=\"https:\/\/www.morenaelettrodomestici.com\/en\/shop\/candy-rpw4856bwmuc-lavasciuga-8-5-kg-d\/\" \/>\n<meta property=\"og:locale\" content=\"en_GB\" \/>\n<meta property=\"og:type\" content=\"article\" \/>\n<meta property=\"og:title\" content=\"Candy RPW4856BWMUC Lavasciuga 8\/5 kg D - Morena Elettrodomestici\" \/>\n<meta property=\"og:description\" content=\"Acquista Candy RPW4856BWMUC Lavasciuga 8\/5 kg D su Morena Elettrodomestici. Il tuo Negozio di Fiducia online con prezzi competitivi e prodotti di alta qualit\u00e0!\" \/>\n<meta property=\"og:url\" content=\"https:\/\/www.morenaelettrodomestici.com\/en\/shop\/candy-rpw4856bwmuc-lavasciuga-8-5-kg-d\/\" \/>\n<meta property=\"og:site_name\" content=\"Morena Elettrodomestici\" \/>\n<meta property=\"article:publisher\" content=\"https:\/\/www.facebook.com\/morenaelettrodomestici\/\" \/>\n<meta property=\"article:modified_time\" content=\"2025-04-07T08:32:47+00:00\" \/>\n<meta name=\"twitter:card\" content=\"summary_large_image\" \/>\n<meta name=\"twitter:label1\" content=\"Estimated reading time\" \/>\n\t<meta name=\"twitter:data1\" content=\"4 minutes\" \/>\n<script type=\"application\/ld+json\" class=\"yoast-schema-graph\">{\"@context\":\"https:\\\/\\\/schema.org\",\"@graph\":[{\"@type\":\"WebPage\",\"@id\":\"https:\\\/\\\/www.morenaelettrodomestici.com\\\/shop\\\/candy-rpw4856bwmuc-lavasciuga-8-5-kg-d\\\/\",\"url\":\"https:\\\/\\\/www.morenaelettrodomestici.com\\\/shop\\\/candy-rpw4856bwmuc-lavasciuga-8-5-kg-d\\\/\",\"name\":\"Candy RPW4856BWMUC Lavasciuga 8\\\/5 kg D - Morena Elettrodomestici\",\"isPartOf\":{\"@id\":\"https:\\\/\\\/www.morenaelettrodomestici.com\\\/#website\"},\"primaryImageOfPage\":{\"@id\":\"https:\\\/\\\/www.morenaelettrodomestici.com\\\/shop\\\/candy-rpw4856bwmuc-lavasciuga-8-5-kg-d\\\/#primaryimage\"},\"image\":{\"@id\":\"https:\\\/\\\/www.morenaelettrodomestici.com\\\/shop\\\/candy-rpw4856bwmuc-lavasciuga-8-5-kg-d\\\/#primaryimage\"},\"thumbnailUrl\":\"https:\\\/\\\/www.morenaelettrodomestici.com\\\/wp-content\\\/uploads\\\/2025\\\/02\\\/1_31019238_13_04_p_rpw4856bwmuc-s-79657-M.avif\",\"datePublished\":\"2025-02-13T11:10:43+00:00\",\"dateModified\":\"2025-04-07T08:32:47+00:00\",\"description\":\"Acquista Candy RPW4856BWMUC Lavasciuga 8\\\/5 kg D su Morena Elettrodomestici. Il tuo Negozio di Fiducia online con prezzi competitivi e prodotti di alta qualit\u00e0!\",\"breadcrumb\":{\"@id\":\"https:\\\/\\\/www.morenaelettrodomestici.com\\\/shop\\\/candy-rpw4856bwmuc-lavasciuga-8-5-kg-d\\\/#breadcrumb\"},\"inLanguage\":\"en-GB\",\"potentialAction\":[{\"@type\":\"ReadAction\",\"target\":[\"https:\\\/\\\/www.morenaelettrodomestici.com\\\/shop\\\/candy-rpw4856bwmuc-lavasciuga-8-5-kg-d\\\/\"]}]},{\"@type\":\"ImageObject\",\"inLanguage\":\"en-GB\",\"@id\":\"https:\\\/\\\/www.morenaelettrodomestici.com\\\/shop\\\/candy-rpw4856bwmuc-lavasciuga-8-5-kg-d\\\/#primaryimage\",\"url\":\"https:\\\/\\\/www.morenaelettrodomestici.com\\\/wp-content\\\/uploads\\\/2025\\\/02\\\/1_31019238_13_04_p_rpw4856bwmuc-s-79657-M.avif\",\"contentUrl\":\"https:\\\/\\\/www.morenaelettrodomestici.com\\\/wp-content\\\/uploads\\\/2025\\\/02\\\/1_31019238_13_04_p_rpw4856bwmuc-s-79657-M.avif\",\"width\":1000,\"height\":821},{\"@type\":\"BreadcrumbList\",\"@id\":\"https:\\\/\\\/www.morenaelettrodomestici.com\\\/shop\\\/candy-rpw4856bwmuc-lavasciuga-8-5-kg-d\\\/#breadcrumb\",\"itemListElement\":[{\"@type\":\"ListItem\",\"position\":1,\"name\":\"Home\",\"item\":\"https:\\\/\\\/www.morenaelettrodomestici.com\\\/\"},{\"@type\":\"ListItem\",\"position\":2,\"name\":\"Shop\",\"item\":\"https:\\\/\\\/www.morenaelettrodomestici.com\\\/shop\\\/\"},{\"@type\":\"ListItem\",\"position\":3,\"name\":\"Candy RPW4856BWMUC Lavasciuga 8\\\/5 kg D\"}]},{\"@type\":\"WebSite\",\"@id\":\"https:\\\/\\\/www.morenaelettrodomestici.com\\\/#website\",\"url\":\"https:\\\/\\\/www.morenaelettrodomestici.com\\\/\",\"name\":\"Morena\",\"description\":\"I migliori elettrodomestici a prezzi folli\",\"publisher\":{\"@id\":\"https:\\\/\\\/www.morenaelettrodomestici.com\\\/#organization\"},\"potentialAction\":[{\"@type\":\"SearchAction\",\"target\":{\"@type\":\"EntryPoint\",\"urlTemplate\":\"https:\\\/\\\/www.morenaelettrodomestici.com\\\/?s={search_term_string}\"},\"query-input\":{\"@type\":\"PropertyValueSpecification\",\"valueRequired\":true,\"valueName\":\"search_term_string\"}}],\"inLanguage\":\"en-GB\"},{\"@type\":\"Organization\",\"@id\":\"https:\\\/\\\/www.morenaelettrodomestici.com\\\/#organization\",\"name\":\"Morena Elettrodomestici\",\"url\":\"https:\\\/\\\/www.morenaelettrodomestici.com\\\/\",\"logo\":{\"@type\":\"ImageObject\",\"inLanguage\":\"en-GB\",\"@id\":\"https:\\\/\\\/www.morenaelettrodomestici.com\\\/#\\\/schema\\\/logo\\\/image\\\/\",\"url\":\"https:\\\/\\\/www.morenaelettrodomestici.com\\\/wp-content\\\/uploads\\\/2024\\\/05\\\/logo_Morena_srls-TRASPARENTE.png\",\"contentUrl\":\"https:\\\/\\\/www.morenaelettrodomestici.com\\\/wp-content\\\/uploads\\\/2024\\\/05\\\/logo_Morena_srls-TRASPARENTE.png\",\"width\":2264,\"height\":718,\"caption\":\"Morena Elettrodomestici\"},\"image\":{\"@id\":\"https:\\\/\\\/www.morenaelettrodomestici.com\\\/#\\\/schema\\\/logo\\\/image\\\/\"},\"sameAs\":[\"https:\\\/\\\/www.facebook.com\\\/morenaelettrodomestici\\\/\",\"https:\\\/\\\/www.instagram.com\\\/morena.elettrodomestici\\\/\",\"https:\\\/\\\/www.linkedin.com\\\/company-beta\\\/10507375\\\/\",\"https:\\\/\\\/www.youtube.com\\\/channel\\\/UCgdTfdgRUeVEnhI2Z4GRlFA\"]}]}<\/script>\n<!-- \/ Yoast SEO plugin. -->","yoast_head_json":{"title":"Candy RPW4856BWMUC Lavasciuga 8\/5 kg D - Morena Elettrodomestici","description":"Acquista Candy RPW4856BWMUC Lavasciuga 8\/5 kg D su Morena Elettrodomestici. Il tuo Negozio di Fiducia online con prezzi competitivi e prodotti di alta qualit\u00e0!","robots":{"index":"index","follow":"follow","max-snippet":"max-snippet:-1","max-image-preview":"max-image-preview:large","max-video-preview":"max-video-preview:-1"},"canonical":"https:\/\/www.morenaelettrodomestici.com\/en\/shop\/candy-rpw4856bwmuc-lavasciuga-8-5-kg-d\/","og_locale":"en_GB","og_type":"article","og_title":"Candy RPW4856BWMUC Lavasciuga 8\/5 kg D - Morena Elettrodomestici","og_description":"Acquista Candy RPW4856BWMUC Lavasciuga 8\/5 kg D su Morena Elettrodomestici. Il tuo Negozio di Fiducia online con prezzi competitivi e prodotti di alta qualit\u00e0!","og_url":"https:\/\/www.morenaelettrodomestici.com\/en\/shop\/candy-rpw4856bwmuc-lavasciuga-8-5-kg-d\/","og_site_name":"Morena Elettrodomestici","article_publisher":"https:\/\/www.facebook.com\/morenaelettrodomestici\/","article_modified_time":"2025-04-07T08:32:47+00:00","twitter_card":"summary_large_image","twitter_misc":{"Estimated reading time":"4 minutes"},"schema":{"@context":"https:\/\/schema.org","@graph":[{"@type":"WebPage","@id":"https:\/\/www.morenaelettrodomestici.com\/shop\/candy-rpw4856bwmuc-lavasciuga-8-5-kg-d\/","url":"https:\/\/www.morenaelettrodomestici.com\/shop\/candy-rpw4856bwmuc-lavasciuga-8-5-kg-d\/","name":"Candy RPW4856BWMUC Lavasciuga 8\/5 kg D - Morena Elettrodomestici","isPartOf":{"@id":"https:\/\/www.morenaelettrodomestici.com\/#website"},"primaryImageOfPage":{"@id":"https:\/\/www.morenaelettrodomestici.com\/shop\/candy-rpw4856bwmuc-lavasciuga-8-5-kg-d\/#primaryimage"},"image":{"@id":"https:\/\/www.morenaelettrodomestici.com\/shop\/candy-rpw4856bwmuc-lavasciuga-8-5-kg-d\/#primaryimage"},"thumbnailUrl":"https:\/\/www.morenaelettrodomestici.com\/wp-content\/uploads\/2025\/02\/1_31019238_13_04_p_rpw4856bwmuc-s-79657-M.avif","datePublished":"2025-02-13T11:10:43+00:00","dateModified":"2025-04-07T08:32:47+00:00","description":"Acquista Candy RPW4856BWMUC Lavasciuga 8\/5 kg D su Morena Elettrodomestici. Il tuo Negozio di Fiducia online con prezzi competitivi e prodotti di alta qualit\u00e0!","breadcrumb":{"@id":"https:\/\/www.morenaelettrodomestici.com\/shop\/candy-rpw4856bwmuc-lavasciuga-8-5-kg-d\/#breadcrumb"},"inLanguage":"en-GB","potentialAction":[{"@type":"ReadAction","target":["https:\/\/www.morenaelettrodomestici.com\/shop\/candy-rpw4856bwmuc-lavasciuga-8-5-kg-d\/"]}]},{"@type":"ImageObject","inLanguage":"en-GB","@id":"https:\/\/www.morenaelettrodomestici.com\/shop\/candy-rpw4856bwmuc-lavasciuga-8-5-kg-d\/#primaryimage","url":"https:\/\/www.morenaelettrodomestici.com\/wp-content\/uploads\/2025\/02\/1_31019238_13_04_p_rpw4856bwmuc-s-79657-M.avif","contentUrl":"https:\/\/www.morenaelettrodomestici.com\/wp-content\/uploads\/2025\/02\/1_31019238_13_04_p_rpw4856bwmuc-s-79657-M.avif","width":1000,"height":821},{"@type":"BreadcrumbList","@id":"https:\/\/www.morenaelettrodomestici.com\/shop\/candy-rpw4856bwmuc-lavasciuga-8-5-kg-d\/#breadcrumb","itemListElement":[{"@type":"ListItem","position":1,"name":"Home","item":"https:\/\/www.morenaelettrodomestici.com\/"},{"@type":"ListItem","position":2,"name":"Shop","item":"https:\/\/www.morenaelettrodomestici.com\/shop\/"},{"@type":"ListItem","position":3,"name":"Candy RPW4856BWMUC Lavasciuga 8\/5 kg D"}]},{"@type":"WebSite","@id":"https:\/\/www.morenaelettrodomestici.com\/#website","url":"https:\/\/www.morenaelettrodomestici.com\/","name":"Morena","description":"I migliori elettrodomestici a prezzi folli","publisher":{"@id":"https:\/\/www.morenaelettrodomestici.com\/#organization"},"potentialAction":[{"@type":"SearchAction","target":{"@type":"EntryPoint","urlTemplate":"https:\/\/www.morenaelettrodomestici.com\/?s={search_term_string}"},"query-input":{"@type":"PropertyValueSpecification","valueRequired":true,"valueName":"search_term_string"}}],"inLanguage":"en-GB"},{"@type":"Organization","@id":"https:\/\/www.morenaelettrodomestici.com\/#organization","name":"Morena Elettrodomestici","url":"https:\/\/www.morenaelettrodomestici.com\/","logo":{"@type":"ImageObject","inLanguage":"en-GB","@id":"https:\/\/www.morenaelettrodomestici.com\/#\/schema\/logo\/image\/","url":"https:\/\/www.morenaelettrodomestici.com\/wp-content\/uploads\/2024\/05\/logo_Morena_srls-TRASPARENTE.png","contentUrl":"https:\/\/www.morenaelettrodomestici.com\/wp-content\/uploads\/2024\/05\/logo_Morena_srls-TRASPARENTE.png","width":2264,"height":718,"caption":"Morena Elettrodomestici"},"image":{"@id":"https:\/\/www.morenaelettrodomestici.com\/#\/schema\/logo\/image\/"},"sameAs":["https:\/\/www.facebook.com\/morenaelettrodomestici\/","https:\/\/www.instagram.com\/morena.elettrodomestici\/","https:\/\/www.linkedin.com\/company-beta\/10507375\/","https:\/\/www.youtube.com\/channel\/UCgdTfdgRUeVEnhI2Z4GRlFA"]}]}},"_links":{"self":[{"href":"https:\/\/www.morenaelettrodomestici.com\/en\/wp-json\/wp\/v2\/product\/47540","targetHints":{"allow":["GET"]}}],"collection":[{"href":"https:\/\/www.morenaelettrodomestici.com\/en\/wp-json\/wp\/v2\/product"}],"about":[{"href":"https:\/\/www.morenaelettrodomestici.com\/en\/wp-json\/wp\/v2\/types\/product"}],"version-history":[{"count":3,"href":"https:\/\/www.morenaelettrodomestici.com\/en\/wp-json\/wp\/v2\/product\/47540\/revisions"}],"predecessor-version":[{"id":48514,"href":"https:\/\/www.morenaelettrodomestici.com\/en\/wp-json\/wp\/v2\/product\/47540\/revisions\/48514"}],"wp:featuredmedia":[{"embeddable":true,"href":"https:\/\/www.morenaelettrodomestici.com\/en\/wp-json\/wp\/v2\/media\/47542"}],"wp:attachment":[{"href":"https:\/\/www.morenaelettrodomestici.com\/en\/wp-json\/wp\/v2\/media?parent=47540"}],"wp:term":[{"taxonomy":"product_brand","embeddable":true,"href":"https:\/\/www.morenaelettrodomestici.com\/en\/wp-json\/wp\/v2\/product_brand?post=47540"},{"taxonomy":"product_cat","embeddable":true,"href":"https:\/\/www.morenaelettrodomestici.com\/en\/wp-json\/wp\/v2\/product_cat?post=47540"},{"taxonomy":"product_tag","embeddable":true,"href":"https:\/\/www.morenaelettrodomestici.com\/en\/wp-json\/wp\/v2\/product_tag?post=47540"}],"curies":[{"name":"wp","href":"https:\/\/api.w.org\/{rel}","templated":true}]}}