{"id":47672,"date":"2025-03-08T16:21:51","date_gmt":"2025-03-08T16:21:51","guid":{"rendered":"https:\/\/www.morenaelettrodomestici.com\/?post_type=product&#038;p=47672"},"modified":"2025-04-18T15:08:18","modified_gmt":"2025-04-18T15:08:18","slug":"sms4emi06e-bosch-lavastoviglie-14-coperti-b","status":"publish","type":"product","link":"https:\/\/www.morenaelettrodomestici.com\/en\/shop\/sms4emi06e-bosch-lavastoviglie-14-coperti-b\/","title":{"rendered":"SMS4EMI06E Bosch Lavastoviglie 14 coperti B"},"content":{"rendered":"<p>&nbsp;<\/p>\n<h2>Caratteristiche Speciali<\/h2>\n<p>Home Connect: lavastoviglie connesse per una vita pi\u00f9 semplice.<\/p>\n<p>EfficientDry: grazie all&#8217;apertura della porta a fine ciclo, il processo di asciugatura risulta pi\u00f9 efficace.<\/p>\n<p>&nbsp;Livello di igiene certificato per il progrmma Eco 50 \u00b0C e livelli ancora superiori con i programmi Intensive 70 \u00b0C e Machine Care.<\/p>\n<p>Diagnostica da remoto: in caso di malfunzionamento, chiama il team di assistenza e verifica lo stato del tuo elettrodomestico.<\/p>\n<p>Programme Download: programmi di lavaggio aggiuntivi per esigenze specifiche.<\/p>\n<p>&nbsp;<\/p>\n<h2>Dati tecnici<\/h2>\n<p>Ricerca caratteristiche tecniche<\/p>\n<p>&nbsp;<\/p>\n<p>Generale<\/p>\n<p>Tipo di installazione<\/p>\n<p>Da libera installazione con top removibile<\/p>\n<p>Design<\/p>\n<p>A libera installazione<\/p>\n<p>Colore principale<\/p>\n<p>Acciaio spazzolato anti-impronta<\/p>\n<p>Colore\/materiale del pannello comandi<\/p>\n<p>Color acciaio, verniciato<\/p>\n<p>Piano removibile<\/p>\n<p>S\u00ec<\/p>\n<p>Porta con cornice esterna<\/p>\n<p>No<\/p>\n<p>Cerniere Sliding<\/p>\n<p>No<\/p>\n<p>Zoccolo regolabile<\/p>\n<p>No<\/p>\n<p>Classe di efficienza energetica1Nota 1: In una scala di classi di efficienza energetica da A a G<\/p>\n<p>B<\/p>\n<p>Consumo energetico del programma Eco per 100 cicli&nbsp;6Nota 6: Consumo di energia in kWh per 100 cicli (nel programma Eco 50 \u00b0C)<\/p>\n<p>65 kWh<\/p>\n<p>Consumo di energia del programma eco in kWH per ciclo<\/p>\n<p>0.645 kWh\/cycle<\/p>\n<p>Consumo di acqua del programma eco in litri per ciclo7Nota 7: Consumo di acqua in litri per ciclo (nel programma Eco 50 \u00b0C)<\/p>\n<p>9.0 l<\/p>\n<p>Classe di emissioni di rumore aereo<\/p>\n<p>B<\/p>\n<p>Emissioni di rumore aereo<\/p>\n<p>42 dB(A) re 1pW<\/p>\n<p>Durata del programma8Nota 8: Durata del programma Eco 50 \u00b0C<\/p>\n<p>3:35 h<\/p>\n<p>Numero massimo di coperti<\/p>\n<p>14<\/p>\n<p>Elenco programmi<\/p>\n<p>Eco, Auto 45-65\u00b0C, Intensivo, Rapido, Silenzioso 50\u00b0, Preferito<\/p>\n<p>Altre opzioni<\/p>\n<p>Remote Start, EfficientDry, mezzo carico, varioSpeed Plus, Programma manutenzione Machine Care<\/p>\n<p>AquaStop &#8211; Protezione antiallagamento2Nota 2: Verificare i termini di garanzia all&#8217;indirizzo https:\/\/www.bosch-home.com\/it\/assistenza\/garanzie-bosch\/garanzie-componenti<\/p>\n<p>S\u00ec<\/p>\n<p>Sistema di asciugatura<\/p>\n<p>Scambiatore di calore e EfficientDry<\/p>\n<p>Terzo cestello<\/p>\n<p>s\u00ec<\/p>\n<p>Dispositivo di regolazione cestello superiore<\/p>\n<p>S\u00ec<\/p>\n<p>Materiale vasca<\/p>\n<p>Acciaio<\/p>\n<p>Accessori inclusi<\/p>\n<p>no<\/p>\n<p>Dimensione e peso<\/p>\n<p>Dimensioni (AxLxP)<\/p>\n<p>845 x 600 x 600 mm<\/p>\n<p>Dimensioni del prodotto imballato (AxLxP)<\/p>\n<p>870 x 650 x 670 mm<\/p>\n<p>Peso netto<\/p>\n<p>52.2 kg<\/p>\n<p>Profondit\u00e0 con porta aperta a 90 gradi<\/p>\n<p>1155 mm<\/p>\n<p>Altezza top removibile<\/p>\n<p>30 mm<\/p>\n<p><img decoding=\"async\" src=\"https:\/\/media3.bsh-group.com\/Line_Drawings\/5120x\/16027521_6xx_EU_with_Aquastop_it-IT.webp\" alt=\"Foto Nr. 1 del prodotto\"><\/p>\n<p>Comfort<\/p>\n<p>Indicatori<\/p>\n<p>spia di tempo residuo esterna, Ingresso acqua<\/p>\n<p>OpenAssist: apertura assistita della porta<\/p>\n<p>No<\/p>\n<p>TimeLight: indicazione avanzamento del programma<\/p>\n<p>No<\/p>\n<p>InfoLight<\/p>\n<p>Non disponibile<\/p>\n<p>Status Light<\/p>\n<p>No<\/p>\n<p>EmotionLight<\/p>\n<p>No<\/p>\n<p>emotionlight pro<\/p>\n<p>No<\/p>\n<p>Tecnologia e sensori<\/p>\n<p>Valvola per la durezza dell\u2019acqua<\/p>\n<p>No<\/p>\n<p>EcoSilence Drive<\/p>\n<p>S\u00ec<\/p>\n<p>AquaSensor<\/p>\n<p>S\u00ec<\/p>\n<p>Sistema di gestione dell\u2019acqua<\/p>\n<p>No<\/p>\n<p>Riconoscimento detersivo<\/p>\n<p>S\u00ec<\/p>\n<p>Connettivit\u00e0<\/p>\n<p>Home Connect per connessione Wi-Fi3Nota 3: Siamo costantemente al lavoro per migliorare le funzionalit\u00e0 del tuo elettrodomestico smart (anche con aggiornamenti relativi alla sicurezza). Se vuoi essere informato su tali aggiornamenti, procedi come segue: Scarica l&#8217;app Home Connect Registrati e collega l&#8217;elettrodomestico con l&#8217;App. Maggiori informazioni saranno disponibili direttamente nell&#8217;app Home Connect .,,4Nota 4: Alcune delle funzioni sono disponibili solo se l&#8217;elettrodomestico smart \u00e8 stato collegato a Home Connect con account SingleKey ID. Home Connect \u00e8 un servizio di Home Connect GmbH. Per ulteriori informazioni su Home Connect, visitare il sito https:\/\/www.home-connect.com\/it\/it\/.<\/p>\n<p>S\u00ec<\/p>\n<p>Caratteristiche Home Connect<\/p>\n<p>Monitoraggio e Controllo a distanza<\/p>\n<p>Consumo energetico modalit\u00e0 standby\/connesso alla rete: per la disattivazione del modulo WiFi, si prega di consultare il manuale d\u2019uso del prodotto.<\/p>\n<p>2.0 W<\/p>\n<p>Durata modalit\u00e0 auto-standby\/rete<\/p>\n<p>2.0 min<\/p>\n<p>Sicurezza<\/p>\n<p>AquaStop &#8211; Protezione antiallagamento2Nota 2: Verificare i termini di garanzia all&#8217;indirizzo https:\/\/www.bosch-home.com\/it\/assistenza\/garanzie-bosch\/garanzie-componenti<\/p>\n<p>S\u00ec<\/p>\n<p>Sicurezza bambini<\/p>\n<p>Blocco del pannello di controllo<\/p>\n<p>&nbsp;<\/p>","protected":false},"excerpt":{"rendered":"<p>&nbsp; Caratteristiche Speciali Home Connect: lavastoviglie connesse per una vita pi\u00f9 semplice. EfficientDry: grazie all&#8217;apertura della porta a fine ciclo, il processo di asciugatura risulta pi\u00f9 efficace. &nbsp;Livello di igiene certificato per il progrmma Eco 50 \u00b0C e livelli ancora superiori con i programmi Intensive 70 \u00b0C e Machine Care. Diagnostica da remoto: in caso di malfunzionamento, chiama il team di assistenza e verifica lo stato del tuo elettrodomestico. Programme Download: programmi di lavaggio aggiuntivi per esigenze specifiche. &nbsp; Dati tecnici Ricerca caratteristiche tecniche &nbsp; Generale Tipo di installazione Da libera installazione con top removibile Design A libera installazione Colore principale Acciaio spazzolato anti-impronta Colore\/materiale del pannello comandi Color acciaio, verniciato Piano removibile S\u00ec Porta con cornice esterna No Cerniere Sliding No Zoccolo regolabile No Classe di efficienza energetica1Nota 1: In una scala di classi di efficienza energetica da A a G B Consumo energetico del programma Eco per 100 cicli&nbsp;6Nota 6: Consumo di energia in kWh per 100 cicli (nel programma Eco 50 \u00b0C) 65 kWh Consumo di energia del programma eco in kWH per ciclo 0.645 kWh\/cycle Consumo di acqua del programma eco in litri per ciclo7Nota 7: Consumo di acqua in litri per ciclo (nel programma Eco 50 \u00b0C) 9.0 l Classe di emissioni di rumore aereo B Emissioni di rumore aereo 42 dB(A) re 1pW Durata del programma8Nota 8: Durata del programma Eco 50 \u00b0C 3:35 h Numero massimo di coperti 14 Elenco programmi Eco, Auto 45-65\u00b0C, Intensivo, Rapido, Silenzioso 50\u00b0, Preferito Altre opzioni Remote Start, EfficientDry, mezzo carico, varioSpeed Plus, Programma manutenzione Machine Care AquaStop &#8211; Protezione antiallagamento2Nota 2: Verificare i termini di garanzia all&#8217;indirizzo https:\/\/www.bosch-home.com\/it\/assistenza\/garanzie-bosch\/garanzie-componenti S\u00ec Sistema di asciugatura Scambiatore di calore e EfficientDry Terzo cestello s\u00ec Dispositivo di regolazione cestello superiore S\u00ec Materiale vasca Acciaio Accessori inclusi no Dimensione e peso Dimensioni (AxLxP) 845 x 600 x 600 mm Dimensioni del prodotto imballato (AxLxP) 870 x 650 x 670 mm Peso netto 52.2 kg Profondit\u00e0 con porta aperta a 90 gradi 1155 mm Altezza top removibile 30 mm Comfort Indicatori spia di tempo residuo esterna, Ingresso acqua OpenAssist: apertura assistita della porta No TimeLight: indicazione avanzamento del programma No InfoLight Non disponibile Status Light No EmotionLight No emotionlight pro No Tecnologia e sensori Valvola per la durezza dell\u2019acqua No EcoSilence Drive S\u00ec AquaSensor S\u00ec Sistema di gestione dell\u2019acqua No Riconoscimento detersivo S\u00ec Connettivit\u00e0 Home Connect per connessione Wi-Fi3Nota 3: Siamo costantemente al lavoro per migliorare le funzionalit\u00e0 del tuo elettrodomestico smart (anche con aggiornamenti relativi alla sicurezza). Se vuoi essere informato su tali aggiornamenti, procedi come segue: Scarica l&#8217;app Home Connect Registrati e collega l&#8217;elettrodomestico con l&#8217;App. Maggiori informazioni saranno disponibili direttamente nell&#8217;app Home Connect .,,4Nota 4: Alcune delle funzioni sono disponibili solo se l&#8217;elettrodomestico smart \u00e8 stato collegato a Home Connect con account SingleKey ID. Home Connect \u00e8 un servizio di Home Connect GmbH. Per ulteriori informazioni su Home Connect, visitare il sito https:\/\/www.home-connect.com\/it\/it\/. S\u00ec Caratteristiche Home Connect Monitoraggio e Controllo a distanza Consumo energetico modalit\u00e0 standby\/connesso alla rete: per la disattivazione del modulo WiFi, si prega di consultare il manuale d\u2019uso del prodotto. 2.0 W Durata modalit\u00e0 auto-standby\/rete 2.0 min Sicurezza AquaStop &#8211; Protezione antiallagamento2Nota 2: Verificare i termini di garanzia all&#8217;indirizzo https:\/\/www.bosch-home.com\/it\/assistenza\/garanzie-bosch\/garanzie-componenti S\u00ec Sicurezza bambini Blocco del pannello di controllo &nbsp;<\/p>","protected":false},"featured_media":47676,"template":"","meta":[],"product_brand":[],"product_cat":[176,183],"product_tag":[],"class_list":{"0":"post-47672","1":"product","2":"type-product","3":"status-publish","4":"has-post-thumbnail","6":"product_cat-lavastoviglie","7":"product_cat-lavastoviglie-libera-installazione","8":"pa_coperti-280","9":"pa_marca-bosch","11":"first","12":"instock","13":"sale","14":"purchasable","15":"product-type-simple"},"yoast_head":"<!-- This site is optimized with the Yoast SEO plugin v25.5 - https:\/\/yoast.com\/wordpress\/plugins\/seo\/ -->\n<title>SMS4EMI06E Bosch Lavastoviglie 14 coperti B - Morena Elettrodomestici<\/title>\n<meta name=\"description\" content=\"Acquista SMS4EMI06E Bosch Lavastoviglie 14 coperti B su Morena Elettrodomestici. Il tuo Negozio di Fiducia online con prezzi competitivi e prodotti di alta qualit\u00e0!\" \/>\n<meta name=\"robots\" content=\"index, follow, max-snippet:-1, max-image-preview:large, max-video-preview:-1\" \/>\n<link rel=\"canonical\" href=\"https:\/\/www.morenaelettrodomestici.com\/en\/shop\/sms4emi06e-bosch-lavastoviglie-14-coperti-b\/\" \/>\n<meta property=\"og:locale\" content=\"en_GB\" \/>\n<meta property=\"og:type\" content=\"article\" \/>\n<meta property=\"og:title\" content=\"SMS4EMI06E Bosch Lavastoviglie 14 coperti B - Morena Elettrodomestici\" \/>\n<meta property=\"og:description\" content=\"Acquista SMS4EMI06E Bosch Lavastoviglie 14 coperti B su Morena Elettrodomestici. Il tuo Negozio di Fiducia online con prezzi competitivi e prodotti di alta qualit\u00e0!\" \/>\n<meta property=\"og:url\" content=\"https:\/\/www.morenaelettrodomestici.com\/en\/shop\/sms4emi06e-bosch-lavastoviglie-14-coperti-b\/\" \/>\n<meta property=\"og:site_name\" content=\"Morena Elettrodomestici\" \/>\n<meta property=\"article:publisher\" content=\"https:\/\/www.facebook.com\/morenaelettrodomestici\/\" \/>\n<meta property=\"article:modified_time\" content=\"2025-04-18T15:08:18+00:00\" \/>\n<meta property=\"og:image\" content=\"https:\/\/www.morenaelettrodomestici.com\/wp-content\/uploads\/2025\/03\/21985634_SMS4EMI06E_STP_def.webp\" \/>\n\t<meta property=\"og:image:width\" content=\"1000\" \/>\n\t<meta property=\"og:image:height\" content=\"1431\" \/>\n\t<meta property=\"og:image:type\" content=\"image\/webp\" \/>\n<meta name=\"twitter:card\" content=\"summary_large_image\" \/>\n<meta name=\"twitter:label1\" content=\"Estimated reading time\" \/>\n\t<meta name=\"twitter:data1\" content=\"2 minutes\" \/>\n<script type=\"application\/ld+json\" class=\"yoast-schema-graph\">{\"@context\":\"https:\/\/schema.org\",\"@graph\":[{\"@type\":\"WebPage\",\"@id\":\"https:\/\/www.morenaelettrodomestici.com\/shop\/sms4emi06e-bosch-lavastoviglie-14-coperti-b\/\",\"url\":\"https:\/\/www.morenaelettrodomestici.com\/shop\/sms4emi06e-bosch-lavastoviglie-14-coperti-b\/\",\"name\":\"SMS4EMI06E Bosch Lavastoviglie 14 coperti B - Morena Elettrodomestici\",\"isPartOf\":{\"@id\":\"https:\/\/www.morenaelettrodomestici.com\/#website\"},\"primaryImageOfPage\":{\"@id\":\"https:\/\/www.morenaelettrodomestici.com\/shop\/sms4emi06e-bosch-lavastoviglie-14-coperti-b\/#primaryimage\"},\"image\":{\"@id\":\"https:\/\/www.morenaelettrodomestici.com\/shop\/sms4emi06e-bosch-lavastoviglie-14-coperti-b\/#primaryimage\"},\"thumbnailUrl\":\"https:\/\/www.morenaelettrodomestici.com\/wp-content\/uploads\/2025\/03\/21985634_SMS4EMI06E_STP_def.webp\",\"datePublished\":\"2025-03-08T16:21:51+00:00\",\"dateModified\":\"2025-04-18T15:08:18+00:00\",\"description\":\"Acquista SMS4EMI06E Bosch Lavastoviglie 14 coperti B su Morena Elettrodomestici. Il tuo Negozio di Fiducia online con prezzi competitivi e prodotti di alta qualit\u00e0!\",\"breadcrumb\":{\"@id\":\"https:\/\/www.morenaelettrodomestici.com\/shop\/sms4emi06e-bosch-lavastoviglie-14-coperti-b\/#breadcrumb\"},\"inLanguage\":\"en-GB\",\"potentialAction\":[{\"@type\":\"ReadAction\",\"target\":[\"https:\/\/www.morenaelettrodomestici.com\/shop\/sms4emi06e-bosch-lavastoviglie-14-coperti-b\/\"]}]},{\"@type\":\"ImageObject\",\"inLanguage\":\"en-GB\",\"@id\":\"https:\/\/www.morenaelettrodomestici.com\/shop\/sms4emi06e-bosch-lavastoviglie-14-coperti-b\/#primaryimage\",\"url\":\"https:\/\/www.morenaelettrodomestici.com\/wp-content\/uploads\/2025\/03\/21985634_SMS4EMI06E_STP_def.webp\",\"contentUrl\":\"https:\/\/www.morenaelettrodomestici.com\/wp-content\/uploads\/2025\/03\/21985634_SMS4EMI06E_STP_def.webp\",\"width\":1000,\"height\":1431},{\"@type\":\"BreadcrumbList\",\"@id\":\"https:\/\/www.morenaelettrodomestici.com\/shop\/sms4emi06e-bosch-lavastoviglie-14-coperti-b\/#breadcrumb\",\"itemListElement\":[{\"@type\":\"ListItem\",\"position\":1,\"name\":\"Home\",\"item\":\"https:\/\/www.morenaelettrodomestici.com\/\"},{\"@type\":\"ListItem\",\"position\":2,\"name\":\"Shop\",\"item\":\"https:\/\/www.morenaelettrodomestici.com\/shop\/\"},{\"@type\":\"ListItem\",\"position\":3,\"name\":\"SMS4EMI06E Bosch Lavastoviglie 14 coperti B\"}]},{\"@type\":\"WebSite\",\"@id\":\"https:\/\/www.morenaelettrodomestici.com\/#website\",\"url\":\"https:\/\/www.morenaelettrodomestici.com\/\",\"name\":\"Morena\",\"description\":\"I migliori elettrodomestici a prezzi folli\",\"publisher\":{\"@id\":\"https:\/\/www.morenaelettrodomestici.com\/#organization\"},\"potentialAction\":[{\"@type\":\"SearchAction\",\"target\":{\"@type\":\"EntryPoint\",\"urlTemplate\":\"https:\/\/www.morenaelettrodomestici.com\/?s={search_term_string}\"},\"query-input\":{\"@type\":\"PropertyValueSpecification\",\"valueRequired\":true,\"valueName\":\"search_term_string\"}}],\"inLanguage\":\"en-GB\"},{\"@type\":\"Organization\",\"@id\":\"https:\/\/www.morenaelettrodomestici.com\/#organization\",\"name\":\"Morena Elettrodomestici\",\"url\":\"https:\/\/www.morenaelettrodomestici.com\/\",\"logo\":{\"@type\":\"ImageObject\",\"inLanguage\":\"en-GB\",\"@id\":\"https:\/\/www.morenaelettrodomestici.com\/#\/schema\/logo\/image\/\",\"url\":\"https:\/\/www.morenaelettrodomestici.com\/wp-content\/uploads\/2024\/05\/logo_Morena_srls-TRASPARENTE.png\",\"contentUrl\":\"https:\/\/www.morenaelettrodomestici.com\/wp-content\/uploads\/2024\/05\/logo_Morena_srls-TRASPARENTE.png\",\"width\":2264,\"height\":718,\"caption\":\"Morena Elettrodomestici\"},\"image\":{\"@id\":\"https:\/\/www.morenaelettrodomestici.com\/#\/schema\/logo\/image\/\"},\"sameAs\":[\"https:\/\/www.facebook.com\/morenaelettrodomestici\/\",\"https:\/\/www.instagram.com\/morena.elettrodomestici\/\",\"https:\/\/www.linkedin.com\/company-beta\/10507375\/\",\"https:\/\/www.youtube.com\/channel\/UCgdTfdgRUeVEnhI2Z4GRlFA\"]}]}<\/script>\n<!-- \/ Yoast SEO plugin. -->","yoast_head_json":{"title":"SMS4EMI06E Bosch Lavastoviglie 14 coperti B - Morena Elettrodomestici","description":"Acquista SMS4EMI06E Bosch Lavastoviglie 14 coperti B su Morena Elettrodomestici. Il tuo Negozio di Fiducia online con prezzi competitivi e prodotti di alta qualit\u00e0!","robots":{"index":"index","follow":"follow","max-snippet":"max-snippet:-1","max-image-preview":"max-image-preview:large","max-video-preview":"max-video-preview:-1"},"canonical":"https:\/\/www.morenaelettrodomestici.com\/en\/shop\/sms4emi06e-bosch-lavastoviglie-14-coperti-b\/","og_locale":"en_GB","og_type":"article","og_title":"SMS4EMI06E Bosch Lavastoviglie 14 coperti B - Morena Elettrodomestici","og_description":"Acquista SMS4EMI06E Bosch Lavastoviglie 14 coperti B su Morena Elettrodomestici. Il tuo Negozio di Fiducia online con prezzi competitivi e prodotti di alta qualit\u00e0!","og_url":"https:\/\/www.morenaelettrodomestici.com\/en\/shop\/sms4emi06e-bosch-lavastoviglie-14-coperti-b\/","og_site_name":"Morena Elettrodomestici","article_publisher":"https:\/\/www.facebook.com\/morenaelettrodomestici\/","article_modified_time":"2025-04-18T15:08:18+00:00","og_image":[{"width":1000,"height":1431,"url":"https:\/\/www.morenaelettrodomestici.com\/wp-content\/uploads\/2025\/03\/21985634_SMS4EMI06E_STP_def.webp","type":"image\/webp"}],"twitter_card":"summary_large_image","twitter_misc":{"Estimated reading time":"2 minutes"},"schema":{"@context":"https:\/\/schema.org","@graph":[{"@type":"WebPage","@id":"https:\/\/www.morenaelettrodomestici.com\/shop\/sms4emi06e-bosch-lavastoviglie-14-coperti-b\/","url":"https:\/\/www.morenaelettrodomestici.com\/shop\/sms4emi06e-bosch-lavastoviglie-14-coperti-b\/","name":"SMS4EMI06E Bosch Lavastoviglie 14 coperti B - Morena Elettrodomestici","isPartOf":{"@id":"https:\/\/www.morenaelettrodomestici.com\/#website"},"primaryImageOfPage":{"@id":"https:\/\/www.morenaelettrodomestici.com\/shop\/sms4emi06e-bosch-lavastoviglie-14-coperti-b\/#primaryimage"},"image":{"@id":"https:\/\/www.morenaelettrodomestici.com\/shop\/sms4emi06e-bosch-lavastoviglie-14-coperti-b\/#primaryimage"},"thumbnailUrl":"https:\/\/www.morenaelettrodomestici.com\/wp-content\/uploads\/2025\/03\/21985634_SMS4EMI06E_STP_def.webp","datePublished":"2025-03-08T16:21:51+00:00","dateModified":"2025-04-18T15:08:18+00:00","description":"Acquista SMS4EMI06E Bosch Lavastoviglie 14 coperti B su Morena Elettrodomestici. Il tuo Negozio di Fiducia online con prezzi competitivi e prodotti di alta qualit\u00e0!","breadcrumb":{"@id":"https:\/\/www.morenaelettrodomestici.com\/shop\/sms4emi06e-bosch-lavastoviglie-14-coperti-b\/#breadcrumb"},"inLanguage":"en-GB","potentialAction":[{"@type":"ReadAction","target":["https:\/\/www.morenaelettrodomestici.com\/shop\/sms4emi06e-bosch-lavastoviglie-14-coperti-b\/"]}]},{"@type":"ImageObject","inLanguage":"en-GB","@id":"https:\/\/www.morenaelettrodomestici.com\/shop\/sms4emi06e-bosch-lavastoviglie-14-coperti-b\/#primaryimage","url":"https:\/\/www.morenaelettrodomestici.com\/wp-content\/uploads\/2025\/03\/21985634_SMS4EMI06E_STP_def.webp","contentUrl":"https:\/\/www.morenaelettrodomestici.com\/wp-content\/uploads\/2025\/03\/21985634_SMS4EMI06E_STP_def.webp","width":1000,"height":1431},{"@type":"BreadcrumbList","@id":"https:\/\/www.morenaelettrodomestici.com\/shop\/sms4emi06e-bosch-lavastoviglie-14-coperti-b\/#breadcrumb","itemListElement":[{"@type":"ListItem","position":1,"name":"Home","item":"https:\/\/www.morenaelettrodomestici.com\/"},{"@type":"ListItem","position":2,"name":"Shop","item":"https:\/\/www.morenaelettrodomestici.com\/shop\/"},{"@type":"ListItem","position":3,"name":"SMS4EMI06E Bosch Lavastoviglie 14 coperti B"}]},{"@type":"WebSite","@id":"https:\/\/www.morenaelettrodomestici.com\/#website","url":"https:\/\/www.morenaelettrodomestici.com\/","name":"Morena","description":"I migliori elettrodomestici a prezzi folli","publisher":{"@id":"https:\/\/www.morenaelettrodomestici.com\/#organization"},"potentialAction":[{"@type":"SearchAction","target":{"@type":"EntryPoint","urlTemplate":"https:\/\/www.morenaelettrodomestici.com\/?s={search_term_string}"},"query-input":{"@type":"PropertyValueSpecification","valueRequired":true,"valueName":"search_term_string"}}],"inLanguage":"en-GB"},{"@type":"Organization","@id":"https:\/\/www.morenaelettrodomestici.com\/#organization","name":"Morena Elettrodomestici","url":"https:\/\/www.morenaelettrodomestici.com\/","logo":{"@type":"ImageObject","inLanguage":"en-GB","@id":"https:\/\/www.morenaelettrodomestici.com\/#\/schema\/logo\/image\/","url":"https:\/\/www.morenaelettrodomestici.com\/wp-content\/uploads\/2024\/05\/logo_Morena_srls-TRASPARENTE.png","contentUrl":"https:\/\/www.morenaelettrodomestici.com\/wp-content\/uploads\/2024\/05\/logo_Morena_srls-TRASPARENTE.png","width":2264,"height":718,"caption":"Morena Elettrodomestici"},"image":{"@id":"https:\/\/www.morenaelettrodomestici.com\/#\/schema\/logo\/image\/"},"sameAs":["https:\/\/www.facebook.com\/morenaelettrodomestici\/","https:\/\/www.instagram.com\/morena.elettrodomestici\/","https:\/\/www.linkedin.com\/company-beta\/10507375\/","https:\/\/www.youtube.com\/channel\/UCgdTfdgRUeVEnhI2Z4GRlFA"]}]}},"_links":{"self":[{"href":"https:\/\/www.morenaelettrodomestici.com\/en\/wp-json\/wp\/v2\/product\/47672","targetHints":{"allow":["GET"]}}],"collection":[{"href":"https:\/\/www.morenaelettrodomestici.com\/en\/wp-json\/wp\/v2\/product"}],"about":[{"href":"https:\/\/www.morenaelettrodomestici.com\/en\/wp-json\/wp\/v2\/types\/product"}],"version-history":[{"count":3,"href":"https:\/\/www.morenaelettrodomestici.com\/en\/wp-json\/wp\/v2\/product\/47672\/revisions"}],"predecessor-version":[{"id":48952,"href":"https:\/\/www.morenaelettrodomestici.com\/en\/wp-json\/wp\/v2\/product\/47672\/revisions\/48952"}],"wp:featuredmedia":[{"embeddable":true,"href":"https:\/\/www.morenaelettrodomestici.com\/en\/wp-json\/wp\/v2\/media\/47676"}],"wp:attachment":[{"href":"https:\/\/www.morenaelettrodomestici.com\/en\/wp-json\/wp\/v2\/media?parent=47672"}],"wp:term":[{"taxonomy":"product_brand","embeddable":true,"href":"https:\/\/www.morenaelettrodomestici.com\/en\/wp-json\/wp\/v2\/product_brand?post=47672"},{"taxonomy":"product_cat","embeddable":true,"href":"https:\/\/www.morenaelettrodomestici.com\/en\/wp-json\/wp\/v2\/product_cat?post=47672"},{"taxonomy":"product_tag","embeddable":true,"href":"https:\/\/www.morenaelettrodomestici.com\/en\/wp-json\/wp\/v2\/product_tag?post=47672"}],"curies":[{"name":"wp","href":"https:\/\/api.w.org\/{rel}","templated":true}]}}