{"id":49590,"date":"2025-06-10T17:00:41","date_gmt":"2025-06-10T17:00:41","guid":{"rendered":"https:\/\/www.morenaelettrodomestici.com\/shop\/tristar-mk-2276-montalatte\/"},"modified":"2025-06-13T17:30:46","modified_gmt":"2025-06-13T17:30:46","slug":"tristar-mk-2276-montalatte","status":"publish","type":"product","link":"https:\/\/www.morenaelettrodomestici.com\/en\/shop\/tristar-mk-2276-montalatte\/","title":{"rendered":"Tristar MK-2276 Montalatte"},"content":{"rendered":"<p>Un delizioso strato di schiuma di latte sul caff\u00e8, a chi non piacerebbe? Con il Montalatte Tristar potrete prepararvene uno in pochissimo tempo. \u00c8 un montalatte elettrico con una capacit\u00e0 di 500 watt. Oltre che per preparare la schiuma di latte, potrete utilizzarlo per riscaldarlo. Il pentolino pu\u00f2 essere ruotato di 360 gradi sulla base.<\/p>\n<p><strong>Montalatte elettrico; schiuma di latte in pochi secondi<\/strong><br \/>Un caff\u00e8 con una schiuma di latte perfetta in pochi secondi; con questo montalatte elettrico, potrete prepararlo facilmente a casa vostra. Perfetto se siete amanti del caff\u00e8 e avete voglia di provare delle alternative. Dal cappuccino al latte macchiato. Siamo sicuri che ne sarete contenti!<\/p>\n<p><strong>Schiuma di latte e riscaldamento<\/strong><br \/>Il montalatte pu\u00f2 essere utilizzato non solo per preparare la schiuma di latte (115 ml) ma anche per riscaldarlo. Ideale per i bambini che, prima di dormire, amano bere un bicchiere di latte. Il volume massimo consentito \u00e8 di 240 ml di latte. Il montalatte \u00e8 dotato di una protezione contro l&#8217;ebollizione a secco. Al fine di evitare l&#8217;ebollizione a secco, l&#8217;apparecchio si arrester\u00e0 autonomamente quando il latte \u00e8 abbastanza caldo.<\/p>\n<p><strong>Un montalatte in acciaio inossidabile dal design elegante<\/strong><br \/>L&#8217;intero alloggiamento del montalatte \u00e8 realizzato in acciaio inossidabile. Grazie al materiale resistente in cui \u00e8 realizzato, questo montalatte dura a lungo e si mostra resistente ai danni. Il materiale in acciaio inossidabile \u00e8 combinato con dettagli neri che gli conferiscono un look elegante e chic e lo rendono adatto a varie cucine.<\/p>\n<p><strong>Facile da rimuovere dalla base e ruotabile di 360 gradi<\/strong><br \/>Siccome solo la base \u00e8 cablata e lo stesso montalatte in acciaio inossidabile \u00e8 wireless, pu\u00f2 essere ruotato di 360 gradi e posizionato in qualsiasi posizione sulla base. In questo modo potrete rimuovere e posizionare facilmente il montalatte. Il Montalatte Tristar MK-2276 \u00e8 anche facile da pulire, sia all&#8217;interno che all&#8217;esterno, con un panno umido e presenta un indicatore che indica il volume massimo.<\/p>","protected":false},"excerpt":{"rendered":"<ul>\n<li>Grazie alla potenza elettrica di 500 watt, in pochi secondi otterrete un piacevole strato di schiuma di latte per il vostro caff\u00e8<\/li>\n<li>Pu\u00f2 essere utilizzato per schiumare il latto e riscaldarlo<\/li>\n<li>Grazie al materiale in acciaio inossidabile, ha un design elegante e una lunga durata<\/li>\n<li>La ruotabilit\u00e0 a 360 gradi semplifica la rimozione e il posizionamento del montalatte sulla base<\/li>\n<\/ul>","protected":false},"featured_media":49588,"template":"","meta":[],"product_brand":[],"product_cat":[434],"product_tag":[],"class_list":{"0":"post-49590","1":"product","2":"type-product","3":"status-publish","4":"has-post-thumbnail","6":"product_cat-montalatte","7":"pa_marca-tristar","9":"first","10":"instock","11":"sale","12":"taxable","13":"shipping-taxable","14":"purchasable","15":"product-type-simple"},"yoast_head":"<!-- This site is optimized with the Yoast SEO plugin v27.5 - https:\/\/yoast.com\/product\/yoast-seo-wordpress\/ -->\n<title>Tristar MK-2276 Montalatte - Morena Elettrodomestici<\/title>\n<meta name=\"description\" content=\"Acquista Tristar MK-2276 Montalatte su Morena Elettrodomestici. Il tuo Negozio di Fiducia online con prezzi competitivi e prodotti di alta qualit\u00e0!\" \/>\n<meta name=\"robots\" content=\"index, follow, max-snippet:-1, max-image-preview:large, max-video-preview:-1\" \/>\n<link rel=\"canonical\" href=\"https:\/\/www.morenaelettrodomestici.com\/en\/shop\/tristar-mk-2276-montalatte\/\" \/>\n<meta property=\"og:locale\" content=\"en_GB\" \/>\n<meta property=\"og:type\" content=\"article\" \/>\n<meta property=\"og:title\" content=\"Tristar MK-2276 Montalatte - Morena Elettrodomestici\" \/>\n<meta property=\"og:description\" content=\"Acquista Tristar MK-2276 Montalatte su Morena Elettrodomestici. Il tuo Negozio di Fiducia online con prezzi competitivi e prodotti di alta qualit\u00e0!\" \/>\n<meta property=\"og:url\" content=\"https:\/\/www.morenaelettrodomestici.com\/en\/shop\/tristar-mk-2276-montalatte\/\" \/>\n<meta property=\"og:site_name\" content=\"Morena Elettrodomestici\" \/>\n<meta property=\"article:publisher\" content=\"https:\/\/www.facebook.com\/morenaelettrodomestici\/\" \/>\n<meta property=\"article:modified_time\" content=\"2025-06-13T17:30:46+00:00\" \/>\n<meta property=\"og:image\" content=\"https:\/\/www.morenaelettrodomestici.com\/wp-content\/uploads\/2025\/06\/9338.jpg\" \/>\n\t<meta property=\"og:image:width\" content=\"1024\" \/>\n\t<meta property=\"og:image:height\" content=\"1024\" \/>\n\t<meta property=\"og:image:type\" content=\"image\/jpeg\" \/>\n<meta name=\"twitter:card\" content=\"summary_large_image\" \/>\n<meta name=\"twitter:label1\" content=\"Estimated reading time\" \/>\n\t<meta name=\"twitter:data1\" content=\"1 minute\" \/>\n<script type=\"application\/ld+json\" class=\"yoast-schema-graph\">{\"@context\":\"https:\\\/\\\/schema.org\",\"@graph\":[{\"@type\":\"WebPage\",\"@id\":\"https:\\\/\\\/www.morenaelettrodomestici.com\\\/shop\\\/tristar-mk-2276-montalatte\\\/\",\"url\":\"https:\\\/\\\/www.morenaelettrodomestici.com\\\/shop\\\/tristar-mk-2276-montalatte\\\/\",\"name\":\"Tristar MK-2276 Montalatte - Morena Elettrodomestici\",\"isPartOf\":{\"@id\":\"https:\\\/\\\/www.morenaelettrodomestici.com\\\/#website\"},\"primaryImageOfPage\":{\"@id\":\"https:\\\/\\\/www.morenaelettrodomestici.com\\\/shop\\\/tristar-mk-2276-montalatte\\\/#primaryimage\"},\"image\":{\"@id\":\"https:\\\/\\\/www.morenaelettrodomestici.com\\\/shop\\\/tristar-mk-2276-montalatte\\\/#primaryimage\"},\"thumbnailUrl\":\"https:\\\/\\\/www.morenaelettrodomestici.com\\\/wp-content\\\/uploads\\\/2025\\\/06\\\/9338.jpg\",\"datePublished\":\"2025-06-10T17:00:41+00:00\",\"dateModified\":\"2025-06-13T17:30:46+00:00\",\"description\":\"Acquista Tristar MK-2276 Montalatte su Morena Elettrodomestici. Il tuo Negozio di Fiducia online con prezzi competitivi e prodotti di alta qualit\u00e0!\",\"breadcrumb\":{\"@id\":\"https:\\\/\\\/www.morenaelettrodomestici.com\\\/shop\\\/tristar-mk-2276-montalatte\\\/#breadcrumb\"},\"inLanguage\":\"en-GB\",\"potentialAction\":[{\"@type\":\"ReadAction\",\"target\":[\"https:\\\/\\\/www.morenaelettrodomestici.com\\\/shop\\\/tristar-mk-2276-montalatte\\\/\"]}]},{\"@type\":\"ImageObject\",\"inLanguage\":\"en-GB\",\"@id\":\"https:\\\/\\\/www.morenaelettrodomestici.com\\\/shop\\\/tristar-mk-2276-montalatte\\\/#primaryimage\",\"url\":\"https:\\\/\\\/www.morenaelettrodomestici.com\\\/wp-content\\\/uploads\\\/2025\\\/06\\\/9338.jpg\",\"contentUrl\":\"https:\\\/\\\/www.morenaelettrodomestici.com\\\/wp-content\\\/uploads\\\/2025\\\/06\\\/9338.jpg\",\"width\":1024,\"height\":1024},{\"@type\":\"BreadcrumbList\",\"@id\":\"https:\\\/\\\/www.morenaelettrodomestici.com\\\/shop\\\/tristar-mk-2276-montalatte\\\/#breadcrumb\",\"itemListElement\":[{\"@type\":\"ListItem\",\"position\":1,\"name\":\"Home\",\"item\":\"https:\\\/\\\/www.morenaelettrodomestici.com\\\/\"},{\"@type\":\"ListItem\",\"position\":2,\"name\":\"Shop\",\"item\":\"https:\\\/\\\/www.morenaelettrodomestici.com\\\/shop\\\/\"},{\"@type\":\"ListItem\",\"position\":3,\"name\":\"Tristar MK-2276 Montalatte\"}]},{\"@type\":\"WebSite\",\"@id\":\"https:\\\/\\\/www.morenaelettrodomestici.com\\\/#website\",\"url\":\"https:\\\/\\\/www.morenaelettrodomestici.com\\\/\",\"name\":\"Morena\",\"description\":\"I migliori elettrodomestici a prezzi folli\",\"publisher\":{\"@id\":\"https:\\\/\\\/www.morenaelettrodomestici.com\\\/#organization\"},\"potentialAction\":[{\"@type\":\"SearchAction\",\"target\":{\"@type\":\"EntryPoint\",\"urlTemplate\":\"https:\\\/\\\/www.morenaelettrodomestici.com\\\/?s={search_term_string}\"},\"query-input\":{\"@type\":\"PropertyValueSpecification\",\"valueRequired\":true,\"valueName\":\"search_term_string\"}}],\"inLanguage\":\"en-GB\"},{\"@type\":\"Organization\",\"@id\":\"https:\\\/\\\/www.morenaelettrodomestici.com\\\/#organization\",\"name\":\"Morena Elettrodomestici\",\"url\":\"https:\\\/\\\/www.morenaelettrodomestici.com\\\/\",\"logo\":{\"@type\":\"ImageObject\",\"inLanguage\":\"en-GB\",\"@id\":\"https:\\\/\\\/www.morenaelettrodomestici.com\\\/#\\\/schema\\\/logo\\\/image\\\/\",\"url\":\"https:\\\/\\\/www.morenaelettrodomestici.com\\\/wp-content\\\/uploads\\\/2024\\\/05\\\/logo_Morena_srls-TRASPARENTE.png\",\"contentUrl\":\"https:\\\/\\\/www.morenaelettrodomestici.com\\\/wp-content\\\/uploads\\\/2024\\\/05\\\/logo_Morena_srls-TRASPARENTE.png\",\"width\":2264,\"height\":718,\"caption\":\"Morena Elettrodomestici\"},\"image\":{\"@id\":\"https:\\\/\\\/www.morenaelettrodomestici.com\\\/#\\\/schema\\\/logo\\\/image\\\/\"},\"sameAs\":[\"https:\\\/\\\/www.facebook.com\\\/morenaelettrodomestici\\\/\",\"https:\\\/\\\/www.instagram.com\\\/morena.elettrodomestici\\\/\",\"https:\\\/\\\/www.linkedin.com\\\/company-beta\\\/10507375\\\/\",\"https:\\\/\\\/www.youtube.com\\\/channel\\\/UCgdTfdgRUeVEnhI2Z4GRlFA\"]}]}<\/script>\n<!-- \/ Yoast SEO plugin. -->","yoast_head_json":{"title":"Tristar MK-2276 Montalatte - Morena Elettrodomestici","description":"Acquista Tristar MK-2276 Montalatte su Morena Elettrodomestici. Il tuo Negozio di Fiducia online con prezzi competitivi e prodotti di alta qualit\u00e0!","robots":{"index":"index","follow":"follow","max-snippet":"max-snippet:-1","max-image-preview":"max-image-preview:large","max-video-preview":"max-video-preview:-1"},"canonical":"https:\/\/www.morenaelettrodomestici.com\/en\/shop\/tristar-mk-2276-montalatte\/","og_locale":"en_GB","og_type":"article","og_title":"Tristar MK-2276 Montalatte - Morena Elettrodomestici","og_description":"Acquista Tristar MK-2276 Montalatte su Morena Elettrodomestici. Il tuo Negozio di Fiducia online con prezzi competitivi e prodotti di alta qualit\u00e0!","og_url":"https:\/\/www.morenaelettrodomestici.com\/en\/shop\/tristar-mk-2276-montalatte\/","og_site_name":"Morena Elettrodomestici","article_publisher":"https:\/\/www.facebook.com\/morenaelettrodomestici\/","article_modified_time":"2025-06-13T17:30:46+00:00","og_image":[{"width":1024,"height":1024,"url":"https:\/\/www.morenaelettrodomestici.com\/wp-content\/uploads\/2025\/06\/9338.jpg","type":"image\/jpeg"}],"twitter_card":"summary_large_image","twitter_misc":{"Estimated reading time":"1 minute"},"schema":{"@context":"https:\/\/schema.org","@graph":[{"@type":"WebPage","@id":"https:\/\/www.morenaelettrodomestici.com\/shop\/tristar-mk-2276-montalatte\/","url":"https:\/\/www.morenaelettrodomestici.com\/shop\/tristar-mk-2276-montalatte\/","name":"Tristar MK-2276 Montalatte - Morena Elettrodomestici","isPartOf":{"@id":"https:\/\/www.morenaelettrodomestici.com\/#website"},"primaryImageOfPage":{"@id":"https:\/\/www.morenaelettrodomestici.com\/shop\/tristar-mk-2276-montalatte\/#primaryimage"},"image":{"@id":"https:\/\/www.morenaelettrodomestici.com\/shop\/tristar-mk-2276-montalatte\/#primaryimage"},"thumbnailUrl":"https:\/\/www.morenaelettrodomestici.com\/wp-content\/uploads\/2025\/06\/9338.jpg","datePublished":"2025-06-10T17:00:41+00:00","dateModified":"2025-06-13T17:30:46+00:00","description":"Acquista Tristar MK-2276 Montalatte su Morena Elettrodomestici. Il tuo Negozio di Fiducia online con prezzi competitivi e prodotti di alta qualit\u00e0!","breadcrumb":{"@id":"https:\/\/www.morenaelettrodomestici.com\/shop\/tristar-mk-2276-montalatte\/#breadcrumb"},"inLanguage":"en-GB","potentialAction":[{"@type":"ReadAction","target":["https:\/\/www.morenaelettrodomestici.com\/shop\/tristar-mk-2276-montalatte\/"]}]},{"@type":"ImageObject","inLanguage":"en-GB","@id":"https:\/\/www.morenaelettrodomestici.com\/shop\/tristar-mk-2276-montalatte\/#primaryimage","url":"https:\/\/www.morenaelettrodomestici.com\/wp-content\/uploads\/2025\/06\/9338.jpg","contentUrl":"https:\/\/www.morenaelettrodomestici.com\/wp-content\/uploads\/2025\/06\/9338.jpg","width":1024,"height":1024},{"@type":"BreadcrumbList","@id":"https:\/\/www.morenaelettrodomestici.com\/shop\/tristar-mk-2276-montalatte\/#breadcrumb","itemListElement":[{"@type":"ListItem","position":1,"name":"Home","item":"https:\/\/www.morenaelettrodomestici.com\/"},{"@type":"ListItem","position":2,"name":"Shop","item":"https:\/\/www.morenaelettrodomestici.com\/shop\/"},{"@type":"ListItem","position":3,"name":"Tristar MK-2276 Montalatte"}]},{"@type":"WebSite","@id":"https:\/\/www.morenaelettrodomestici.com\/#website","url":"https:\/\/www.morenaelettrodomestici.com\/","name":"Morena","description":"I migliori elettrodomestici a prezzi folli","publisher":{"@id":"https:\/\/www.morenaelettrodomestici.com\/#organization"},"potentialAction":[{"@type":"SearchAction","target":{"@type":"EntryPoint","urlTemplate":"https:\/\/www.morenaelettrodomestici.com\/?s={search_term_string}"},"query-input":{"@type":"PropertyValueSpecification","valueRequired":true,"valueName":"search_term_string"}}],"inLanguage":"en-GB"},{"@type":"Organization","@id":"https:\/\/www.morenaelettrodomestici.com\/#organization","name":"Morena Elettrodomestici","url":"https:\/\/www.morenaelettrodomestici.com\/","logo":{"@type":"ImageObject","inLanguage":"en-GB","@id":"https:\/\/www.morenaelettrodomestici.com\/#\/schema\/logo\/image\/","url":"https:\/\/www.morenaelettrodomestici.com\/wp-content\/uploads\/2024\/05\/logo_Morena_srls-TRASPARENTE.png","contentUrl":"https:\/\/www.morenaelettrodomestici.com\/wp-content\/uploads\/2024\/05\/logo_Morena_srls-TRASPARENTE.png","width":2264,"height":718,"caption":"Morena Elettrodomestici"},"image":{"@id":"https:\/\/www.morenaelettrodomestici.com\/#\/schema\/logo\/image\/"},"sameAs":["https:\/\/www.facebook.com\/morenaelettrodomestici\/","https:\/\/www.instagram.com\/morena.elettrodomestici\/","https:\/\/www.linkedin.com\/company-beta\/10507375\/","https:\/\/www.youtube.com\/channel\/UCgdTfdgRUeVEnhI2Z4GRlFA"]}]}},"_links":{"self":[{"href":"https:\/\/www.morenaelettrodomestici.com\/en\/wp-json\/wp\/v2\/product\/49590","targetHints":{"allow":["GET"]}}],"collection":[{"href":"https:\/\/www.morenaelettrodomestici.com\/en\/wp-json\/wp\/v2\/product"}],"about":[{"href":"https:\/\/www.morenaelettrodomestici.com\/en\/wp-json\/wp\/v2\/types\/product"}],"version-history":[{"count":1,"href":"https:\/\/www.morenaelettrodomestici.com\/en\/wp-json\/wp\/v2\/product\/49590\/revisions"}],"predecessor-version":[{"id":49591,"href":"https:\/\/www.morenaelettrodomestici.com\/en\/wp-json\/wp\/v2\/product\/49590\/revisions\/49591"}],"wp:featuredmedia":[{"embeddable":true,"href":"https:\/\/www.morenaelettrodomestici.com\/en\/wp-json\/wp\/v2\/media\/49588"}],"wp:attachment":[{"href":"https:\/\/www.morenaelettrodomestici.com\/en\/wp-json\/wp\/v2\/media?parent=49590"}],"wp:term":[{"taxonomy":"product_brand","embeddable":true,"href":"https:\/\/www.morenaelettrodomestici.com\/en\/wp-json\/wp\/v2\/product_brand?post=49590"},{"taxonomy":"product_cat","embeddable":true,"href":"https:\/\/www.morenaelettrodomestici.com\/en\/wp-json\/wp\/v2\/product_cat?post=49590"},{"taxonomy":"product_tag","embeddable":true,"href":"https:\/\/www.morenaelettrodomestici.com\/en\/wp-json\/wp\/v2\/product_tag?post=49590"}],"curies":[{"name":"wp","href":"https:\/\/api.w.org\/{rel}","templated":true}]}}