{"id":49858,"date":"2025-09-02T09:15:51","date_gmt":"2025-09-02T09:15:51","guid":{"rendered":"https:\/\/www.morenaelettrodomestici.com\/shop\/rssf624wit-hotpoint-ariston-lavatrice-6kg-c\/"},"modified":"2026-03-13T09:30:25","modified_gmt":"2026-03-13T09:30:25","slug":"rssf624wit-hotpoint-ariston-lavatrice-6kg-c","status":"publish","type":"product","link":"https:\/\/www.morenaelettrodomestici.com\/en\/shop\/rssf624wit-hotpoint-ariston-lavatrice-6kg-c\/","title":{"rendered":"RSSF624WIT Hotpoint Ariston Lavatrice 6kg C"},"content":{"rendered":"<p>Steam Refresh<\/p>\n<p>Rinfresca i tuoi vestiti in 20 minuti grazie alla sola azione del vapore<\/p>\n<p>Il ciclo ideale per rinfrescare i tuoi vestiti in soli 20 minuti con il solo potere del vapore. Il vapore rimuove i cattivi odori, ammorbidisce i tessuti e ti permette di evitare lavaggi non necessari.<\/p>\n<p><img decoding=\"async\" src=\"https:\/\/digitalassets-cdn.thron.com\/delivery\/public\/thumbnail\/digitalassets\/lo-89afae18-e34a-44f1-934f-6d9b6cca7c7b\/xoxl70\/std\/1000x1000\/lo-89afae18-e34a-44f1-934f-6d9b6cca7c7b?fill=zoom&amp;fillcolor=rgba:255,255,255&amp;scalemode=product\" alt=\"Anti Macchia\" width=\"60\" height=\"60\"><\/p>\n<p><strong>Anti Macchia<\/strong><\/p>\n<p>Anti Macchia \u00e8 un ciclo specifico studiato per rimuovere anche le macchie pi\u00f9 difficili, senza pretrattare. Ci\u00f2 \u00e8 ottenuto grazie all&#8217;elevato controllo elettronico e alla sinergia ottimizzata tra i movimenti speciali del cesto e le diverse fasi di lavaggio.<\/p>\n<p><img decoding=\"async\" src=\"https:\/\/digitalassets-cdn.thron.com\/delivery\/public\/thumbnail\/digitalassets\/lo-94b900ab-8d41-47ea-8c27-8cda1d42370b\/xoxl70\/std\/1000x1000\/lo-94b900ab-8d41-47ea-8c27-8cda1d42370b?fill=zoom&amp;fillcolor=rgba:255,255,255&amp;scalemode=product\" alt=\"Refresh Vapore\" width=\"60\" height=\"60\"><\/p>\n<p><strong>Refresh Vapore<\/strong><\/p>\n<p>Il ciclo ideale per rinfescare i tuoi vestiti in soli 20 minuti senza lavarli. Il vapore rimuove i cattivi odori e rilassa i tessuti, rendendo pi\u00f9 facile la stiratura<\/p>\n<p><img decoding=\"async\" src=\"https:\/\/digitalassets-cdn.thron.com\/delivery\/public\/thumbnail\/digitalassets\/lo-80c7a1f3-c953-43ea-a136-42af7adaa7e4\/xoxl70\/std\/1000x1000\/lo-80c7a1f3-c953-43ea-a136-42af7adaa7e4?fill=zoom&amp;fillcolor=rgba:255,255,255&amp;scalemode=product\" alt=\"Classe energetica C\" width=\"60\" height=\"60\"><\/p>\n<p><strong>Classe energetica C<\/strong><\/p>\n<p>Con la classe energetica C sono garantite prestazioni superiori abbinate ad un elevato risparmio energetico. Cos\u00ec puoi dare la massima cura alla tua casa e all&#8217;ambiente.<\/p>\n<p><img loading=\"lazy\" decoding=\"async\" src=\"https:\/\/digitalassets-cdn.thron.com\/delivery\/public\/thumbnail\/digitalassets\/lo-fc6554d7-e645-496a-ac96-19d3655e932b\/xoxl70\/std\/1000x1000\/lo-fc6554d7-e645-496a-ac96-19d3655e932b?fill=zoom&amp;fillcolor=rgba:255,255,255&amp;scalemode=product\" alt=\"Visualizzazione del tempo residuo\" width=\"60\" height=\"60\"><\/p>\n<p><strong>Visualizzazione del tempo residuo<\/strong><\/p>\n<p>Conto alla rovescia fino alla fine di ogni ciclo.<\/p>\n<p><img loading=\"lazy\" decoding=\"async\" src=\"https:\/\/digitalassets-cdn.thron.com\/delivery\/public\/thumbnail\/digitalassets\/lo-2f18b742-33e1-4054-81ea-17df13f702a0\/xoxl70\/std\/1000x1000\/lo-2f18b742-33e1-4054-81ea-17df13f702a0?fill=zoom&amp;fillcolor=rgba:255,255,255&amp;scalemode=product\" alt=\"Cura della lana\" width=\"60\" height=\"60\"><\/p>\n<p><strong>Cura della lana<\/strong><\/p>\n<p>Azione estremamente delicata per il lavaggio di capi in lana, che assicura un pulito perfetto senza far perdere ai capi la loro morbidezza originale.<br \/>Questo ciclo \u00e8 stato approvato dalla Woolmark Company come lavaggio valido per i capi in lana.<\/p>\n<h3>Caratteristiche<\/h3>\n<figure class=\"table\">\n<table>\n<tbody>\n<tr>\n<th><strong>Colore porta<\/strong><\/th>\n<td>Dual White<\/td>\n<\/tr>\n<tr>\n<th><strong>Peso (kg)<\/strong><\/th>\n<td>61.5<\/td>\n<\/tr>\n<tr>\n<th><strong>Tipo di installazione<\/strong><\/th>\n<td>Libera installazione<\/td>\n<\/tr>\n<tr>\n<th><strong>Tipo di Display<\/strong><\/th>\n<td>Small Digit<\/td>\n<\/tr>\n<tr>\n<th><strong>Capacit\u00e0 massima in kg<\/strong><\/th>\n<td>6<\/td>\n<\/tr>\n<tr>\n<th><strong>Colore<\/strong><\/th>\n<td>Bianco<\/td>\n<\/tr>\n<tr>\n<th><strong>Codice EAN<\/strong><\/th>\n<td>8050147661475<\/td>\n<\/tr>\n<tr>\n<th><strong>Motore<\/strong><\/th>\n<td>Motore Inverter<\/td>\n<\/tr>\n<tr>\n<th><strong>Tipo di carico<\/strong><\/th>\n<td>Carica frontale<\/td>\n<\/tr>\n<tr>\n<th><strong>Eprel model registration number 2017<\/strong><\/th>\n<td>1403902<\/td>\n<\/tr>\n<\/tbody>\n<\/table>\n<\/figure>\n<h3>Programmi<\/h3>\n<figure class=\"table\">\n<table>\n<tbody>\n<tr>\n<th><strong>Bianchi<\/strong><\/th>\n<td>S\u00ec<\/td>\n<\/tr>\n<tr>\n<th><strong>Centrifuga + Scarico<\/strong><\/th>\n<td>S\u00ec<\/td>\n<\/tr>\n<tr>\n<th><strong>Biancheria 7 giorni<\/strong><\/th>\n<td>S\u00ec<\/td>\n<\/tr>\n<tr>\n<th><strong>Seta<\/strong><\/th>\n<td>S\u00ec<\/td>\n<\/tr>\n<tr>\n<th><strong>Rinfresca vapore<\/strong><\/th>\n<td>S\u00ec<\/td>\n<\/tr>\n<tr>\n<th><strong>Misti<\/strong><\/th>\n<td>S\u00ec<\/td>\n<\/tr>\n<tr>\n<th><strong>Risciacquo + Centrifuga<\/strong><\/th>\n<td>S\u00ec<\/td>\n<\/tr>\n<tr>\n<th><strong>Cotone 40\u00b0<\/strong><\/th>\n<td>S\u00ec<\/td>\n<\/tr>\n<tr>\n<th><strong>Sintetici<\/strong><\/th>\n<td>S\u00ec<\/td>\n<\/tr>\n<tr>\n<th><strong>Cotone 60\u00b0<\/strong><\/th>\n<td>S\u00ec<\/td>\n<\/tr>\n<tr>\n<th><strong>Piumoni<\/strong><\/th>\n<td>S\u00ec<\/td>\n<\/tr>\n<\/tbody>\n<\/table>\n<\/figure>\n<p>&nbsp;<\/p>","protected":false},"excerpt":{"rendered":"<p>Dimensioni:(AxLxP) 85X60X42.5CM<\/p>\n<p>Peso (kg)61<\/p>\n<p>Inveter<\/p>\n<p>1200 giri al minuto<\/p>","protected":false},"featured_media":49855,"template":"","meta":[],"product_brand":[],"product_cat":[88,90,89],"product_tag":[],"class_list":{"0":"post-49858","1":"product","2":"type-product","3":"status-publish","4":"has-post-thumbnail","6":"product_cat-grandi-elettrodomestici","7":"product_cat-lavatrice-carico-frontale","8":"product_cat-lavatrici-e-asciugatrici","9":"pa_capacita-kg-6kg","10":"pa_marca-hotpoint-ariston","11":"pa_profondita-45cm","13":"first","14":"instock","15":"sale","16":"taxable","17":"shipping-taxable","18":"purchasable","19":"product-type-simple"},"yoast_head":"<!-- This site is optimized with the Yoast SEO plugin v27.6 - https:\/\/yoast.com\/product\/yoast-seo-wordpress\/ -->\n<title>RSSF624WIT Hotpoint Ariston Lavatrice 6kg C - Morena Elettrodomestici<\/title>\n<meta name=\"description\" content=\"Acquista RSSF624WIT Hotpoint Ariston Lavatrice 6kg C su Morena Elettrodomestici. Il tuo Negozio di Fiducia online con prezzi competitivi e prodotti di alta qualit\u00e0!\" \/>\n<meta name=\"robots\" content=\"index, follow, max-snippet:-1, max-image-preview:large, max-video-preview:-1\" \/>\n<link rel=\"canonical\" href=\"https:\/\/www.morenaelettrodomestici.com\/en\/shop\/rssf624wit-hotpoint-ariston-lavatrice-6kg-c\/\" \/>\n<meta property=\"og:locale\" content=\"en_GB\" \/>\n<meta property=\"og:type\" content=\"article\" \/>\n<meta property=\"og:title\" content=\"RSSF624WIT Hotpoint Ariston Lavatrice 6kg C - Morena Elettrodomestici\" \/>\n<meta property=\"og:description\" content=\"Acquista RSSF624WIT Hotpoint Ariston Lavatrice 6kg C su Morena Elettrodomestici. Il tuo Negozio di Fiducia online con prezzi competitivi e prodotti di alta qualit\u00e0!\" \/>\n<meta property=\"og:url\" content=\"https:\/\/www.morenaelettrodomestici.com\/en\/shop\/rssf624wit-hotpoint-ariston-lavatrice-6kg-c\/\" \/>\n<meta property=\"og:site_name\" content=\"Morena Elettrodomestici\" \/>\n<meta property=\"article:publisher\" content=\"https:\/\/www.facebook.com\/morenaelettrodomestici\/\" \/>\n<meta property=\"article:modified_time\" content=\"2026-03-13T09:30:25+00:00\" \/>\n<meta property=\"og:image\" content=\"https:\/\/www.morenaelettrodomestici.com\/wp-content\/uploads\/2025\/09\/9463.jpg\" \/>\n\t<meta property=\"og:image:width\" content=\"1000\" \/>\n\t<meta property=\"og:image:height\" content=\"1000\" \/>\n\t<meta property=\"og:image:type\" content=\"image\/jpeg\" \/>\n<meta name=\"twitter:card\" content=\"summary_large_image\" \/>\n<meta name=\"twitter:label1\" content=\"Estimated reading time\" \/>\n\t<meta name=\"twitter:data1\" content=\"1 minute\" \/>\n<script type=\"application\/ld+json\" class=\"yoast-schema-graph\">{\"@context\":\"https:\\\/\\\/schema.org\",\"@graph\":[{\"@type\":\"WebPage\",\"@id\":\"https:\\\/\\\/www.morenaelettrodomestici.com\\\/shop\\\/rssf624wit-hotpoint-ariston-lavatrice-6kg-c\\\/\",\"url\":\"https:\\\/\\\/www.morenaelettrodomestici.com\\\/shop\\\/rssf624wit-hotpoint-ariston-lavatrice-6kg-c\\\/\",\"name\":\"RSSF624WIT Hotpoint Ariston Lavatrice 6kg C - Morena Elettrodomestici\",\"isPartOf\":{\"@id\":\"https:\\\/\\\/www.morenaelettrodomestici.com\\\/#website\"},\"primaryImageOfPage\":{\"@id\":\"https:\\\/\\\/www.morenaelettrodomestici.com\\\/shop\\\/rssf624wit-hotpoint-ariston-lavatrice-6kg-c\\\/#primaryimage\"},\"image\":{\"@id\":\"https:\\\/\\\/www.morenaelettrodomestici.com\\\/shop\\\/rssf624wit-hotpoint-ariston-lavatrice-6kg-c\\\/#primaryimage\"},\"thumbnailUrl\":\"https:\\\/\\\/www.morenaelettrodomestici.com\\\/wp-content\\\/uploads\\\/2025\\\/09\\\/9463.jpg\",\"datePublished\":\"2025-09-02T09:15:51+00:00\",\"dateModified\":\"2026-03-13T09:30:25+00:00\",\"description\":\"Acquista RSSF624WIT Hotpoint Ariston Lavatrice 6kg C su Morena Elettrodomestici. Il tuo Negozio di Fiducia online con prezzi competitivi e prodotti di alta qualit\u00e0!\",\"breadcrumb\":{\"@id\":\"https:\\\/\\\/www.morenaelettrodomestici.com\\\/shop\\\/rssf624wit-hotpoint-ariston-lavatrice-6kg-c\\\/#breadcrumb\"},\"inLanguage\":\"en-GB\",\"potentialAction\":[{\"@type\":\"ReadAction\",\"target\":[\"https:\\\/\\\/www.morenaelettrodomestici.com\\\/shop\\\/rssf624wit-hotpoint-ariston-lavatrice-6kg-c\\\/\"]}]},{\"@type\":\"ImageObject\",\"inLanguage\":\"en-GB\",\"@id\":\"https:\\\/\\\/www.morenaelettrodomestici.com\\\/shop\\\/rssf624wit-hotpoint-ariston-lavatrice-6kg-c\\\/#primaryimage\",\"url\":\"https:\\\/\\\/www.morenaelettrodomestici.com\\\/wp-content\\\/uploads\\\/2025\\\/09\\\/9463.jpg\",\"contentUrl\":\"https:\\\/\\\/www.morenaelettrodomestici.com\\\/wp-content\\\/uploads\\\/2025\\\/09\\\/9463.jpg\",\"width\":1000,\"height\":1000},{\"@type\":\"BreadcrumbList\",\"@id\":\"https:\\\/\\\/www.morenaelettrodomestici.com\\\/shop\\\/rssf624wit-hotpoint-ariston-lavatrice-6kg-c\\\/#breadcrumb\",\"itemListElement\":[{\"@type\":\"ListItem\",\"position\":1,\"name\":\"Home\",\"item\":\"https:\\\/\\\/www.morenaelettrodomestici.com\\\/\"},{\"@type\":\"ListItem\",\"position\":2,\"name\":\"Shop\",\"item\":\"https:\\\/\\\/www.morenaelettrodomestici.com\\\/shop\\\/\"},{\"@type\":\"ListItem\",\"position\":3,\"name\":\"RSSF624WIT Hotpoint Ariston Lavatrice 6kg C\"}]},{\"@type\":\"WebSite\",\"@id\":\"https:\\\/\\\/www.morenaelettrodomestici.com\\\/#website\",\"url\":\"https:\\\/\\\/www.morenaelettrodomestici.com\\\/\",\"name\":\"Morena\",\"description\":\"I migliori elettrodomestici a prezzi folli\",\"publisher\":{\"@id\":\"https:\\\/\\\/www.morenaelettrodomestici.com\\\/#organization\"},\"potentialAction\":[{\"@type\":\"SearchAction\",\"target\":{\"@type\":\"EntryPoint\",\"urlTemplate\":\"https:\\\/\\\/www.morenaelettrodomestici.com\\\/?s={search_term_string}\"},\"query-input\":{\"@type\":\"PropertyValueSpecification\",\"valueRequired\":true,\"valueName\":\"search_term_string\"}}],\"inLanguage\":\"en-GB\"},{\"@type\":\"Organization\",\"@id\":\"https:\\\/\\\/www.morenaelettrodomestici.com\\\/#organization\",\"name\":\"Morena Elettrodomestici\",\"url\":\"https:\\\/\\\/www.morenaelettrodomestici.com\\\/\",\"logo\":{\"@type\":\"ImageObject\",\"inLanguage\":\"en-GB\",\"@id\":\"https:\\\/\\\/www.morenaelettrodomestici.com\\\/#\\\/schema\\\/logo\\\/image\\\/\",\"url\":\"https:\\\/\\\/www.morenaelettrodomestici.com\\\/wp-content\\\/uploads\\\/2024\\\/05\\\/logo_Morena_srls-TRASPARENTE.png\",\"contentUrl\":\"https:\\\/\\\/www.morenaelettrodomestici.com\\\/wp-content\\\/uploads\\\/2024\\\/05\\\/logo_Morena_srls-TRASPARENTE.png\",\"width\":2264,\"height\":718,\"caption\":\"Morena Elettrodomestici\"},\"image\":{\"@id\":\"https:\\\/\\\/www.morenaelettrodomestici.com\\\/#\\\/schema\\\/logo\\\/image\\\/\"},\"sameAs\":[\"https:\\\/\\\/www.facebook.com\\\/morenaelettrodomestici\\\/\",\"https:\\\/\\\/www.instagram.com\\\/morena.elettrodomestici\\\/\",\"https:\\\/\\\/www.linkedin.com\\\/company-beta\\\/10507375\\\/\",\"https:\\\/\\\/www.youtube.com\\\/channel\\\/UCgdTfdgRUeVEnhI2Z4GRlFA\"]}]}<\/script>\n<!-- \/ Yoast SEO plugin. -->","yoast_head_json":{"title":"RSSF624WIT Hotpoint Ariston Lavatrice 6kg C - Morena Elettrodomestici","description":"Acquista RSSF624WIT Hotpoint Ariston Lavatrice 6kg C su Morena Elettrodomestici. Il tuo Negozio di Fiducia online con prezzi competitivi e prodotti di alta qualit\u00e0!","robots":{"index":"index","follow":"follow","max-snippet":"max-snippet:-1","max-image-preview":"max-image-preview:large","max-video-preview":"max-video-preview:-1"},"canonical":"https:\/\/www.morenaelettrodomestici.com\/en\/shop\/rssf624wit-hotpoint-ariston-lavatrice-6kg-c\/","og_locale":"en_GB","og_type":"article","og_title":"RSSF624WIT Hotpoint Ariston Lavatrice 6kg C - Morena Elettrodomestici","og_description":"Acquista RSSF624WIT Hotpoint Ariston Lavatrice 6kg C su Morena Elettrodomestici. Il tuo Negozio di Fiducia online con prezzi competitivi e prodotti di alta qualit\u00e0!","og_url":"https:\/\/www.morenaelettrodomestici.com\/en\/shop\/rssf624wit-hotpoint-ariston-lavatrice-6kg-c\/","og_site_name":"Morena Elettrodomestici","article_publisher":"https:\/\/www.facebook.com\/morenaelettrodomestici\/","article_modified_time":"2026-03-13T09:30:25+00:00","og_image":[{"width":1000,"height":1000,"url":"https:\/\/www.morenaelettrodomestici.com\/wp-content\/uploads\/2025\/09\/9463.jpg","type":"image\/jpeg"}],"twitter_card":"summary_large_image","twitter_misc":{"Estimated reading time":"1 minute"},"schema":{"@context":"https:\/\/schema.org","@graph":[{"@type":"WebPage","@id":"https:\/\/www.morenaelettrodomestici.com\/shop\/rssf624wit-hotpoint-ariston-lavatrice-6kg-c\/","url":"https:\/\/www.morenaelettrodomestici.com\/shop\/rssf624wit-hotpoint-ariston-lavatrice-6kg-c\/","name":"RSSF624WIT Hotpoint Ariston Lavatrice 6kg C - Morena Elettrodomestici","isPartOf":{"@id":"https:\/\/www.morenaelettrodomestici.com\/#website"},"primaryImageOfPage":{"@id":"https:\/\/www.morenaelettrodomestici.com\/shop\/rssf624wit-hotpoint-ariston-lavatrice-6kg-c\/#primaryimage"},"image":{"@id":"https:\/\/www.morenaelettrodomestici.com\/shop\/rssf624wit-hotpoint-ariston-lavatrice-6kg-c\/#primaryimage"},"thumbnailUrl":"https:\/\/www.morenaelettrodomestici.com\/wp-content\/uploads\/2025\/09\/9463.jpg","datePublished":"2025-09-02T09:15:51+00:00","dateModified":"2026-03-13T09:30:25+00:00","description":"Acquista RSSF624WIT Hotpoint Ariston Lavatrice 6kg C su Morena Elettrodomestici. Il tuo Negozio di Fiducia online con prezzi competitivi e prodotti di alta qualit\u00e0!","breadcrumb":{"@id":"https:\/\/www.morenaelettrodomestici.com\/shop\/rssf624wit-hotpoint-ariston-lavatrice-6kg-c\/#breadcrumb"},"inLanguage":"en-GB","potentialAction":[{"@type":"ReadAction","target":["https:\/\/www.morenaelettrodomestici.com\/shop\/rssf624wit-hotpoint-ariston-lavatrice-6kg-c\/"]}]},{"@type":"ImageObject","inLanguage":"en-GB","@id":"https:\/\/www.morenaelettrodomestici.com\/shop\/rssf624wit-hotpoint-ariston-lavatrice-6kg-c\/#primaryimage","url":"https:\/\/www.morenaelettrodomestici.com\/wp-content\/uploads\/2025\/09\/9463.jpg","contentUrl":"https:\/\/www.morenaelettrodomestici.com\/wp-content\/uploads\/2025\/09\/9463.jpg","width":1000,"height":1000},{"@type":"BreadcrumbList","@id":"https:\/\/www.morenaelettrodomestici.com\/shop\/rssf624wit-hotpoint-ariston-lavatrice-6kg-c\/#breadcrumb","itemListElement":[{"@type":"ListItem","position":1,"name":"Home","item":"https:\/\/www.morenaelettrodomestici.com\/"},{"@type":"ListItem","position":2,"name":"Shop","item":"https:\/\/www.morenaelettrodomestici.com\/shop\/"},{"@type":"ListItem","position":3,"name":"RSSF624WIT Hotpoint Ariston Lavatrice 6kg C"}]},{"@type":"WebSite","@id":"https:\/\/www.morenaelettrodomestici.com\/#website","url":"https:\/\/www.morenaelettrodomestici.com\/","name":"Morena","description":"I migliori elettrodomestici a prezzi folli","publisher":{"@id":"https:\/\/www.morenaelettrodomestici.com\/#organization"},"potentialAction":[{"@type":"SearchAction","target":{"@type":"EntryPoint","urlTemplate":"https:\/\/www.morenaelettrodomestici.com\/?s={search_term_string}"},"query-input":{"@type":"PropertyValueSpecification","valueRequired":true,"valueName":"search_term_string"}}],"inLanguage":"en-GB"},{"@type":"Organization","@id":"https:\/\/www.morenaelettrodomestici.com\/#organization","name":"Morena Elettrodomestici","url":"https:\/\/www.morenaelettrodomestici.com\/","logo":{"@type":"ImageObject","inLanguage":"en-GB","@id":"https:\/\/www.morenaelettrodomestici.com\/#\/schema\/logo\/image\/","url":"https:\/\/www.morenaelettrodomestici.com\/wp-content\/uploads\/2024\/05\/logo_Morena_srls-TRASPARENTE.png","contentUrl":"https:\/\/www.morenaelettrodomestici.com\/wp-content\/uploads\/2024\/05\/logo_Morena_srls-TRASPARENTE.png","width":2264,"height":718,"caption":"Morena Elettrodomestici"},"image":{"@id":"https:\/\/www.morenaelettrodomestici.com\/#\/schema\/logo\/image\/"},"sameAs":["https:\/\/www.facebook.com\/morenaelettrodomestici\/","https:\/\/www.instagram.com\/morena.elettrodomestici\/","https:\/\/www.linkedin.com\/company-beta\/10507375\/","https:\/\/www.youtube.com\/channel\/UCgdTfdgRUeVEnhI2Z4GRlFA"]}]}},"_links":{"self":[{"href":"https:\/\/www.morenaelettrodomestici.com\/en\/wp-json\/wp\/v2\/product\/49858","targetHints":{"allow":["GET"]}}],"collection":[{"href":"https:\/\/www.morenaelettrodomestici.com\/en\/wp-json\/wp\/v2\/product"}],"about":[{"href":"https:\/\/www.morenaelettrodomestici.com\/en\/wp-json\/wp\/v2\/types\/product"}],"version-history":[{"count":0,"href":"https:\/\/www.morenaelettrodomestici.com\/en\/wp-json\/wp\/v2\/product\/49858\/revisions"}],"wp:featuredmedia":[{"embeddable":true,"href":"https:\/\/www.morenaelettrodomestici.com\/en\/wp-json\/wp\/v2\/media\/49855"}],"wp:attachment":[{"href":"https:\/\/www.morenaelettrodomestici.com\/en\/wp-json\/wp\/v2\/media?parent=49858"}],"wp:term":[{"taxonomy":"product_brand","embeddable":true,"href":"https:\/\/www.morenaelettrodomestici.com\/en\/wp-json\/wp\/v2\/product_brand?post=49858"},{"taxonomy":"product_cat","embeddable":true,"href":"https:\/\/www.morenaelettrodomestici.com\/en\/wp-json\/wp\/v2\/product_cat?post=49858"},{"taxonomy":"product_tag","embeddable":true,"href":"https:\/\/www.morenaelettrodomestici.com\/en\/wp-json\/wp\/v2\/product_tag?post=49858"}],"curies":[{"name":"wp","href":"https:\/\/api.w.org\/{rel}","templated":true}]}}