{"id":49990,"date":"2025-10-09T08:15:45","date_gmt":"2025-10-09T08:15:45","guid":{"rendered":"https:\/\/www.morenaelettrodomestici.com\/shop\/ala-gp250-affettatrice-25cm\/"},"modified":"2025-10-09T08:30:56","modified_gmt":"2025-10-09T08:30:56","slug":"ala-gp250-affettatrice-25cm","status":"publish","type":"product","link":"https:\/\/www.morenaelettrodomestici.com\/en\/shop\/ala-gp250-affettatrice-25cm\/","title":{"rendered":"ALA GP250   Affettatrice 25cm"},"content":{"rendered":"<p>AFFETTATRICE ALA GP 250. La macchina affettatrice ALA GP250 \u00e8 un affettatrice per uso domestico con caratteristiche professionali, estremamente comoda ed essenziale nelle cucine di ultima generazione. E\u2019 dotata di una lama con diametro di 250 mm in acciaio temperato e di un motore professionale asincrono monofase da 140 W ed \u00e8 alimentato da una corrente a 230v, queste caratteristiche permettono di affettare salumi e formaggi con estrema facilit\u00e0. L\u2019affettatrice GP250 \u00e8 un prodotto interamente Made in Italy sinonimo di qualit\u00e0 e garanzia ed \u00e8 conforme alla normativa CE relativa ai materiali destinati al contatto con alimenti. Caratteristiche ? Dimensioni 50X39X35 cm. ? Peso 14 kg. ? Lama in acciaio temperato 250 mm. ? Scocca (basamento) \u00e8 in alluminio pressofuso laccato con vernici alimentari. ? Vela,piatto e anello coprilama sono realizzati in alluminio ? Anello fisso di protezione lama ? Taglio da 0 a 15 mm ? Manopola per regolare il taglio Utilizzo: L\u2019affettatrice GP250 ideale per affettare carni, salumi, pesce, pane ed altro. Lama temperata dal diametro di 250mm ed \u00e8 ricoperta dal coprilama a sua volta smontabile ,grazie ad una vite frontale che garantisce una completa ed accurata pulizia dell\u2019intero apparato. Il piatto merci dove poggiano gli alimenti \u00e8 realizzato in alluminio con ossidazione anodica lucida di dimensioni 210 x 180 mm , \u00e8 scivola su un carrello con guida metallica da 210 mm. Il piatto merci consente di affettare alimenti della grandezza di 180 x 160 mm. L?affettatrice \u00e8 dotata di un braccio bloccante scorrevole con punte che permettono di bloccare l\u2019alimento da affettare. Il pressamerce \u00e8 in PVC (plastica) con protezione trasparente facilmente estraibile e lavabile in lavastoviglie.<\/p>\n<p>Per affettare carni, salumi, formaggi, pane.<br \/>Corpo macchina in alluminio pressofuso verniciato, lama temprata rettificata in acciaio inox e cromata a cromo duro.<br \/>Carrello su tubo in acciaio con boccole in acciaio e scorrimento su cuscinetto a sfera.<br \/>Piedini in gomma antiscivolo, albero portalama su cuscinetti a sfera, vela, coprilama e piatto in alluminio con ossidazione anodica.<br \/>Pressa in plastica acetalica per alimenti.<br \/>Motore ventilato, accensione diretta con start e stop, manopola graduata.<br \/>Spessore di taglio 0\/15 mm.<br \/>Alimentazione 230V\/50Hz.<br \/>Omologazione CE. Potenza 140 W.<br \/>Diametro mm 250<\/p>","protected":false},"excerpt":{"rendered":"<p>Per affettare carni, salumi, formaggi, pane.<br \/>Carrello su tubo in acciaio con boccole in acciaio e scorrimento su cuscinetto a sfera.<br \/>Motore ventilato, accensione diretta con start e stop, manopola graduata.<br \/>Spessore di taglio 0\/15 mm.<br \/>Omologazione CE. Potenza 140 W.<br \/>Diametro mm 250<\/p>","protected":false},"featured_media":49989,"template":"","meta":[],"product_brand":[],"product_cat":[955],"product_tag":[],"class_list":{"0":"post-49990","1":"product","2":"type-product","3":"status-publish","4":"has-post-thumbnail","6":"product_cat-affettatrici","7":"pa_marca-ala","9":"first","10":"instock","11":"sale","12":"taxable","13":"shipping-taxable","14":"purchasable","15":"product-type-simple"},"yoast_head":"<!-- This site is optimized with the Yoast SEO plugin v25.5 - https:\/\/yoast.com\/wordpress\/plugins\/seo\/ -->\n<title>ALA GP250  Affettatrice 25cm - Morena Elettrodomestici<\/title>\n<meta name=\"description\" content=\"Acquista ALA GP250  Affettatrice 25cm su Morena Elettrodomestici. Il tuo Negozio di Fiducia online con prezzi competitivi e prodotti di alta qualit\u00e0!\" \/>\n<meta name=\"robots\" content=\"index, follow, max-snippet:-1, max-image-preview:large, max-video-preview:-1\" \/>\n<link rel=\"canonical\" href=\"https:\/\/www.morenaelettrodomestici.com\/en\/shop\/ala-gp250-affettatrice-25cm\/\" \/>\n<meta property=\"og:locale\" content=\"en_GB\" \/>\n<meta property=\"og:type\" content=\"article\" \/>\n<meta property=\"og:title\" content=\"ALA GP250  Affettatrice 25cm - Morena Elettrodomestici\" \/>\n<meta property=\"og:description\" content=\"Acquista ALA GP250  Affettatrice 25cm su Morena Elettrodomestici. Il tuo Negozio di Fiducia online con prezzi competitivi e prodotti di alta qualit\u00e0!\" \/>\n<meta property=\"og:url\" content=\"https:\/\/www.morenaelettrodomestici.com\/en\/shop\/ala-gp250-affettatrice-25cm\/\" \/>\n<meta property=\"og:site_name\" content=\"Morena Elettrodomestici\" \/>\n<meta property=\"article:publisher\" content=\"https:\/\/www.facebook.com\/morenaelettrodomestici\/\" \/>\n<meta property=\"article:modified_time\" content=\"2025-10-09T08:30:56+00:00\" \/>\n<meta name=\"twitter:card\" content=\"summary_large_image\" \/>\n<meta name=\"twitter:label1\" content=\"Estimated reading time\" \/>\n\t<meta name=\"twitter:data1\" content=\"2 minutes\" \/>\n<script type=\"application\/ld+json\" class=\"yoast-schema-graph\">{\"@context\":\"https:\/\/schema.org\",\"@graph\":[{\"@type\":\"WebPage\",\"@id\":\"https:\/\/www.morenaelettrodomestici.com\/shop\/ala-gp250-affettatrice-25cm\/\",\"url\":\"https:\/\/www.morenaelettrodomestici.com\/shop\/ala-gp250-affettatrice-25cm\/\",\"name\":\"ALA GP250 Affettatrice 25cm - Morena Elettrodomestici\",\"isPartOf\":{\"@id\":\"https:\/\/www.morenaelettrodomestici.com\/#website\"},\"primaryImageOfPage\":{\"@id\":\"https:\/\/www.morenaelettrodomestici.com\/shop\/ala-gp250-affettatrice-25cm\/#primaryimage\"},\"image\":{\"@id\":\"https:\/\/www.morenaelettrodomestici.com\/shop\/ala-gp250-affettatrice-25cm\/#primaryimage\"},\"thumbnailUrl\":\"https:\/\/www.morenaelettrodomestici.com\/wp-content\/uploads\/2025\/10\/9542.jpg\",\"datePublished\":\"2025-10-09T08:15:45+00:00\",\"dateModified\":\"2025-10-09T08:30:56+00:00\",\"description\":\"Acquista ALA GP250 Affettatrice 25cm su Morena Elettrodomestici. Il tuo Negozio di Fiducia online con prezzi competitivi e prodotti di alta qualit\u00e0!\",\"breadcrumb\":{\"@id\":\"https:\/\/www.morenaelettrodomestici.com\/shop\/ala-gp250-affettatrice-25cm\/#breadcrumb\"},\"inLanguage\":\"en-GB\",\"potentialAction\":[{\"@type\":\"ReadAction\",\"target\":[\"https:\/\/www.morenaelettrodomestici.com\/shop\/ala-gp250-affettatrice-25cm\/\"]}]},{\"@type\":\"ImageObject\",\"inLanguage\":\"en-GB\",\"@id\":\"https:\/\/www.morenaelettrodomestici.com\/shop\/ala-gp250-affettatrice-25cm\/#primaryimage\",\"url\":\"https:\/\/www.morenaelettrodomestici.com\/wp-content\/uploads\/2025\/10\/9542.jpg\",\"contentUrl\":\"https:\/\/www.morenaelettrodomestici.com\/wp-content\/uploads\/2025\/10\/9542.jpg\",\"width\":800,\"height\":800},{\"@type\":\"BreadcrumbList\",\"@id\":\"https:\/\/www.morenaelettrodomestici.com\/shop\/ala-gp250-affettatrice-25cm\/#breadcrumb\",\"itemListElement\":[{\"@type\":\"ListItem\",\"position\":1,\"name\":\"Home\",\"item\":\"https:\/\/www.morenaelettrodomestici.com\/\"},{\"@type\":\"ListItem\",\"position\":2,\"name\":\"Shop\",\"item\":\"https:\/\/www.morenaelettrodomestici.com\/shop\/\"},{\"@type\":\"ListItem\",\"position\":3,\"name\":\"ALA GP250 Affettatrice 25cm\"}]},{\"@type\":\"WebSite\",\"@id\":\"https:\/\/www.morenaelettrodomestici.com\/#website\",\"url\":\"https:\/\/www.morenaelettrodomestici.com\/\",\"name\":\"Morena\",\"description\":\"I migliori elettrodomestici a prezzi folli\",\"publisher\":{\"@id\":\"https:\/\/www.morenaelettrodomestici.com\/#organization\"},\"potentialAction\":[{\"@type\":\"SearchAction\",\"target\":{\"@type\":\"EntryPoint\",\"urlTemplate\":\"https:\/\/www.morenaelettrodomestici.com\/?s={search_term_string}\"},\"query-input\":{\"@type\":\"PropertyValueSpecification\",\"valueRequired\":true,\"valueName\":\"search_term_string\"}}],\"inLanguage\":\"en-GB\"},{\"@type\":\"Organization\",\"@id\":\"https:\/\/www.morenaelettrodomestici.com\/#organization\",\"name\":\"Morena Elettrodomestici\",\"url\":\"https:\/\/www.morenaelettrodomestici.com\/\",\"logo\":{\"@type\":\"ImageObject\",\"inLanguage\":\"en-GB\",\"@id\":\"https:\/\/www.morenaelettrodomestici.com\/#\/schema\/logo\/image\/\",\"url\":\"https:\/\/www.morenaelettrodomestici.com\/wp-content\/uploads\/2024\/05\/logo_Morena_srls-TRASPARENTE.png\",\"contentUrl\":\"https:\/\/www.morenaelettrodomestici.com\/wp-content\/uploads\/2024\/05\/logo_Morena_srls-TRASPARENTE.png\",\"width\":2264,\"height\":718,\"caption\":\"Morena Elettrodomestici\"},\"image\":{\"@id\":\"https:\/\/www.morenaelettrodomestici.com\/#\/schema\/logo\/image\/\"},\"sameAs\":[\"https:\/\/www.facebook.com\/morenaelettrodomestici\/\",\"https:\/\/www.instagram.com\/morena.elettrodomestici\/\",\"https:\/\/www.linkedin.com\/company-beta\/10507375\/\",\"https:\/\/www.youtube.com\/channel\/UCgdTfdgRUeVEnhI2Z4GRlFA\"]}]}<\/script>\n<!-- \/ Yoast SEO plugin. -->","yoast_head_json":{"title":"ALA GP250  Affettatrice 25cm - Morena Elettrodomestici","description":"Acquista ALA GP250  Affettatrice 25cm su Morena Elettrodomestici. Il tuo Negozio di Fiducia online con prezzi competitivi e prodotti di alta qualit\u00e0!","robots":{"index":"index","follow":"follow","max-snippet":"max-snippet:-1","max-image-preview":"max-image-preview:large","max-video-preview":"max-video-preview:-1"},"canonical":"https:\/\/www.morenaelettrodomestici.com\/en\/shop\/ala-gp250-affettatrice-25cm\/","og_locale":"en_GB","og_type":"article","og_title":"ALA GP250  Affettatrice 25cm - Morena Elettrodomestici","og_description":"Acquista ALA GP250  Affettatrice 25cm su Morena Elettrodomestici. Il tuo Negozio di Fiducia online con prezzi competitivi e prodotti di alta qualit\u00e0!","og_url":"https:\/\/www.morenaelettrodomestici.com\/en\/shop\/ala-gp250-affettatrice-25cm\/","og_site_name":"Morena Elettrodomestici","article_publisher":"https:\/\/www.facebook.com\/morenaelettrodomestici\/","article_modified_time":"2025-10-09T08:30:56+00:00","twitter_card":"summary_large_image","twitter_misc":{"Estimated reading time":"2 minutes"},"schema":{"@context":"https:\/\/schema.org","@graph":[{"@type":"WebPage","@id":"https:\/\/www.morenaelettrodomestici.com\/shop\/ala-gp250-affettatrice-25cm\/","url":"https:\/\/www.morenaelettrodomestici.com\/shop\/ala-gp250-affettatrice-25cm\/","name":"ALA GP250 Affettatrice 25cm - Morena Elettrodomestici","isPartOf":{"@id":"https:\/\/www.morenaelettrodomestici.com\/#website"},"primaryImageOfPage":{"@id":"https:\/\/www.morenaelettrodomestici.com\/shop\/ala-gp250-affettatrice-25cm\/#primaryimage"},"image":{"@id":"https:\/\/www.morenaelettrodomestici.com\/shop\/ala-gp250-affettatrice-25cm\/#primaryimage"},"thumbnailUrl":"https:\/\/www.morenaelettrodomestici.com\/wp-content\/uploads\/2025\/10\/9542.jpg","datePublished":"2025-10-09T08:15:45+00:00","dateModified":"2025-10-09T08:30:56+00:00","description":"Acquista ALA GP250 Affettatrice 25cm su Morena Elettrodomestici. Il tuo Negozio di Fiducia online con prezzi competitivi e prodotti di alta qualit\u00e0!","breadcrumb":{"@id":"https:\/\/www.morenaelettrodomestici.com\/shop\/ala-gp250-affettatrice-25cm\/#breadcrumb"},"inLanguage":"en-GB","potentialAction":[{"@type":"ReadAction","target":["https:\/\/www.morenaelettrodomestici.com\/shop\/ala-gp250-affettatrice-25cm\/"]}]},{"@type":"ImageObject","inLanguage":"en-GB","@id":"https:\/\/www.morenaelettrodomestici.com\/shop\/ala-gp250-affettatrice-25cm\/#primaryimage","url":"https:\/\/www.morenaelettrodomestici.com\/wp-content\/uploads\/2025\/10\/9542.jpg","contentUrl":"https:\/\/www.morenaelettrodomestici.com\/wp-content\/uploads\/2025\/10\/9542.jpg","width":800,"height":800},{"@type":"BreadcrumbList","@id":"https:\/\/www.morenaelettrodomestici.com\/shop\/ala-gp250-affettatrice-25cm\/#breadcrumb","itemListElement":[{"@type":"ListItem","position":1,"name":"Home","item":"https:\/\/www.morenaelettrodomestici.com\/"},{"@type":"ListItem","position":2,"name":"Shop","item":"https:\/\/www.morenaelettrodomestici.com\/shop\/"},{"@type":"ListItem","position":3,"name":"ALA GP250 Affettatrice 25cm"}]},{"@type":"WebSite","@id":"https:\/\/www.morenaelettrodomestici.com\/#website","url":"https:\/\/www.morenaelettrodomestici.com\/","name":"Morena","description":"I migliori elettrodomestici a prezzi folli","publisher":{"@id":"https:\/\/www.morenaelettrodomestici.com\/#organization"},"potentialAction":[{"@type":"SearchAction","target":{"@type":"EntryPoint","urlTemplate":"https:\/\/www.morenaelettrodomestici.com\/?s={search_term_string}"},"query-input":{"@type":"PropertyValueSpecification","valueRequired":true,"valueName":"search_term_string"}}],"inLanguage":"en-GB"},{"@type":"Organization","@id":"https:\/\/www.morenaelettrodomestici.com\/#organization","name":"Morena Elettrodomestici","url":"https:\/\/www.morenaelettrodomestici.com\/","logo":{"@type":"ImageObject","inLanguage":"en-GB","@id":"https:\/\/www.morenaelettrodomestici.com\/#\/schema\/logo\/image\/","url":"https:\/\/www.morenaelettrodomestici.com\/wp-content\/uploads\/2024\/05\/logo_Morena_srls-TRASPARENTE.png","contentUrl":"https:\/\/www.morenaelettrodomestici.com\/wp-content\/uploads\/2024\/05\/logo_Morena_srls-TRASPARENTE.png","width":2264,"height":718,"caption":"Morena Elettrodomestici"},"image":{"@id":"https:\/\/www.morenaelettrodomestici.com\/#\/schema\/logo\/image\/"},"sameAs":["https:\/\/www.facebook.com\/morenaelettrodomestici\/","https:\/\/www.instagram.com\/morena.elettrodomestici\/","https:\/\/www.linkedin.com\/company-beta\/10507375\/","https:\/\/www.youtube.com\/channel\/UCgdTfdgRUeVEnhI2Z4GRlFA"]}]}},"_links":{"self":[{"href":"https:\/\/www.morenaelettrodomestici.com\/en\/wp-json\/wp\/v2\/product\/49990","targetHints":{"allow":["GET"]}}],"collection":[{"href":"https:\/\/www.morenaelettrodomestici.com\/en\/wp-json\/wp\/v2\/product"}],"about":[{"href":"https:\/\/www.morenaelettrodomestici.com\/en\/wp-json\/wp\/v2\/types\/product"}],"version-history":[{"count":0,"href":"https:\/\/www.morenaelettrodomestici.com\/en\/wp-json\/wp\/v2\/product\/49990\/revisions"}],"wp:featuredmedia":[{"embeddable":true,"href":"https:\/\/www.morenaelettrodomestici.com\/en\/wp-json\/wp\/v2\/media\/49989"}],"wp:attachment":[{"href":"https:\/\/www.morenaelettrodomestici.com\/en\/wp-json\/wp\/v2\/media?parent=49990"}],"wp:term":[{"taxonomy":"product_brand","embeddable":true,"href":"https:\/\/www.morenaelettrodomestici.com\/en\/wp-json\/wp\/v2\/product_brand?post=49990"},{"taxonomy":"product_cat","embeddable":true,"href":"https:\/\/www.morenaelettrodomestici.com\/en\/wp-json\/wp\/v2\/product_cat?post=49990"},{"taxonomy":"product_tag","embeddable":true,"href":"https:\/\/www.morenaelettrodomestici.com\/en\/wp-json\/wp\/v2\/product_tag?post=49990"}],"curies":[{"name":"wp","href":"https:\/\/api.w.org\/{rel}","templated":true}]}}