{"id":50003,"date":"2025-10-09T08:31:13","date_gmt":"2025-10-09T08:31:13","guid":{"rendered":"https:\/\/www.morenaelettrodomestici.com\/shop\/karcher-vc2-aspirapolvere-con-traino\/"},"modified":"2025-10-09T08:45:51","modified_gmt":"2025-10-09T08:45:51","slug":"karcher-vc2-aspirapolvere-con-traino","status":"publish","type":"product","link":"https:\/\/www.morenaelettrodomestici.com\/en\/shop\/karcher-vc2-aspirapolvere-con-traino\/","title":{"rendered":"K\u00e4rcher VC2  Aspirapolvere con traino"},"content":{"rendered":"<p>La caratteristica pi\u00f9 efficace dell&#8217;aspirapolvere VC 2 di K\u00e4rcher \u00e8 la praticit\u00e0 del sistema filtrante: smaltire il sacchetto quando \u00e8 pieno \u00e8 molto pi\u00f9 igienico e facile che svuotare un serbatoio, perch\u00e9 non si entra in contatto con lo sporco. Questo modello \u00e8 pensato per gli appartamenti e le case non troppo grandi, pulisce a fondo pavimenti e tappeti e grazie all&#8217;accessoristica composta da varie bocchette arriva nelle fessure, sui mobili pi\u00f9 delicati e sui mobili imbottiti. Il filtro HEPA, di cui \u00e8 fornito, trattiene tutti gli allergeni presenti nell&#8217;aria e rende l&#8217;ambiente abitabile per i soggetti allergici. Il vano anteriore porta accessori, la regolazione di potenza sulla macchina e la posizione di parking completano le caratteristiche di questo prodotto.Sistema di sacchetti filtro facile da usare<\/p>\n<p>Facile da riporre Nessun contatto con lo sporco<\/p>\n<p><img fetchpriority=\"high\" decoding=\"async\" src=\"https:\/\/s1.kaercher-media.com\/images\/pim\/b200a4fd-eaae-4ff1-8aa3-ff140b30a52b.jpg\" alt=\"Aspirapolvere VC 2: Vano porta accessori a bordo\" width=\"2000\" height=\"2000\"><\/p>\n<p>Vano porta accessori a bordo<\/p>\n<p>Gli accessori possono essere facilmente riposti nel bauletto sul&#8217; aspiratore. Questo significa che gli ugelli sono sempre a portata di mano<\/p>\n<p><img decoding=\"async\" src=\"https:\/\/s1.kaercher-media.com\/images\/pim\/VC_sofa_app_1502x502.jpg\" alt=\"Aspirapolvere VC 2: Bocchetta per pavimenti staccabile\" width=\"2000\" height=\"2000\"><\/p>\n<p>Bocchetta per pavimenti staccabile<\/p>\n<p>Possibilit\u00e0 di inserire qualunque accessorio, per la pulizia completa in ogni posto della casa<\/p>\n<p>Posizione di fermo<\/p>\n<ul>\n<li>Facile e sicuro parcheggiare i dispositivo durante le interruzioni del lavoro<\/li>\n<\/ul>\n<p>Filtro HEPA 13<\/p>\n<ul>\n<li>Filtro efficiente anche con polveri sottili, come il polline e altre particelle allergizzanti<\/li>\n<li>Pulisce l&#8217;aria, per garantire un ambiente sano<\/li>\n<\/ul>\n<p>Specifiche<\/p>\n<h3>Dati tecnici<\/h3>\n<figure class=\"table\">\n<table>\n<tbody>\n<tr>\n<td>Potenza assorbita (W)<\/td>\n<td>700<\/td>\n<\/tr>\n<tr>\n<td>Raggio operativo (m)<\/td>\n<td>7,5<\/td>\n<\/tr>\n<tr>\n<td>Volume sacchetto filtro (l)<\/td>\n<td>2,8<\/td>\n<\/tr>\n<tr>\n<td>Rumorosit\u00e0 (dB(A))<\/td>\n<td>76<\/td>\n<\/tr>\n<tr>\n<td>Livello di potenza sonora (dB(A))<\/td>\n<td>76<\/td>\n<\/tr>\n<tr>\n<td>Allacciamento elettrico (Ph\/V\/Hz)<\/td>\n<td>1 \/ 220 &#8211; 240 \/ 50 &#8211; 60<\/td>\n<\/tr>\n<tr>\n<td>Peso senza accessori (kg)<\/td>\n<td>5,1<\/td>\n<\/tr>\n<tr>\n<td>Peso con imballo (kg)<\/td>\n<td>8,4<\/td>\n<\/tr>\n<tr>\n<td>Dimensioni (Lu x La x H) (mm)<\/td>\n<td>435 x 288 x 249<\/td>\n<\/tr>\n<\/tbody>\n<\/table>\n<\/figure>\n<p>Scope of supply<\/p>\n<ul>\n<li>Lunghezza del tubo di aspirazione: 1.5 m<\/li>\n<li>Tipo di tubo di aspirazione: Con gomito<\/li>\n<li>Tubo di aspirazione telescopico, materiale: Metallo<\/li>\n<li>Sacchetto filtro: Vello<\/li>\n<li>Tipo di filtro HEPA: Filtro HEPA 13<\/li>\n<li>Bocchetta per pavimenti<\/li>\n<li>Bocchetta fessure<\/li>\n<li>Spazzolina mobili<\/li>\n<\/ul>\n<h3>Dotazione<\/h3>\n<ul>\n<li>Bocchetta per pavimenti asciutti commutabile<\/li>\n<li>Pratica posizione di parcheggio<\/li>\n<li>Riavvolgimento automatico del cavo<\/li>\n<\/ul>","protected":false},"excerpt":{"rendered":"<ul>\n<li>700w<\/li>\n<li>Lunghezza del tubo di aspirazione: 1.5 m<\/li>\n<li>Tipo di tubo di aspirazione: Con gomito<\/li>\n<li>Tubo di aspirazione telescopico, materiale: Metallo<\/li>\n<li>Sacchetto filtro: Vello<\/li>\n<li>Tipo di filtro HEPA: Filtro HEPA 13<\/li>\n<li>Bocchetta per pavimenti<\/li>\n<li>Bocchetta fessure<\/li>\n<li>Spazzolina mobili<\/li>\n<\/ul>","protected":false},"featured_media":50001,"template":"","meta":[],"product_brand":[],"product_cat":[788],"product_tag":[],"class_list":{"0":"post-50003","1":"product","2":"type-product","3":"status-publish","4":"has-post-thumbnail","6":"product_cat-aspirapolveri","7":"pa_marca-karcher","9":"first","10":"instock","11":"sale","12":"taxable","13":"shipping-taxable","14":"purchasable","15":"product-type-simple"},"yoast_head":"<!-- This site is optimized with the Yoast SEO plugin v25.5 - https:\/\/yoast.com\/wordpress\/plugins\/seo\/ -->\n<title>K\u00e4rcher VC2 Aspirapolvere con traino - Morena Elettrodomestici<\/title>\n<meta name=\"description\" content=\"Acquista K\u00e4rcher VC2 Aspirapolvere con traino su Morena Elettrodomestici. Il tuo Negozio di Fiducia online con prezzi competitivi e prodotti di alta qualit\u00e0!\" \/>\n<meta name=\"robots\" content=\"index, follow, max-snippet:-1, max-image-preview:large, max-video-preview:-1\" \/>\n<link rel=\"canonical\" href=\"https:\/\/www.morenaelettrodomestici.com\/en\/shop\/karcher-vc2-aspirapolvere-con-traino\/\" \/>\n<meta property=\"og:locale\" content=\"en_GB\" \/>\n<meta property=\"og:type\" content=\"article\" \/>\n<meta property=\"og:title\" content=\"K\u00e4rcher VC2 Aspirapolvere con traino - Morena Elettrodomestici\" \/>\n<meta property=\"og:description\" content=\"Acquista K\u00e4rcher VC2 Aspirapolvere con traino su Morena Elettrodomestici. Il tuo Negozio di Fiducia online con prezzi competitivi e prodotti di alta qualit\u00e0!\" \/>\n<meta property=\"og:url\" content=\"https:\/\/www.morenaelettrodomestici.com\/en\/shop\/karcher-vc2-aspirapolvere-con-traino\/\" \/>\n<meta property=\"og:site_name\" content=\"Morena Elettrodomestici\" \/>\n<meta property=\"article:publisher\" content=\"https:\/\/www.facebook.com\/morenaelettrodomestici\/\" \/>\n<meta property=\"article:modified_time\" content=\"2025-10-09T08:45:51+00:00\" \/>\n<meta property=\"og:image\" content=\"https:\/\/www.morenaelettrodomestici.com\/wp-content\/uploads\/2025\/10\/9550.jpg\" \/>\n\t<meta property=\"og:image:width\" content=\"1600\" \/>\n\t<meta property=\"og:image:height\" content=\"1600\" \/>\n\t<meta property=\"og:image:type\" content=\"image\/jpeg\" \/>\n<meta name=\"twitter:card\" content=\"summary_large_image\" \/>\n<meta name=\"twitter:label1\" content=\"Estimated reading time\" \/>\n\t<meta name=\"twitter:data1\" content=\"1 minute\" \/>\n<script type=\"application\/ld+json\" class=\"yoast-schema-graph\">{\"@context\":\"https:\/\/schema.org\",\"@graph\":[{\"@type\":\"WebPage\",\"@id\":\"https:\/\/www.morenaelettrodomestici.com\/shop\/karcher-vc2-aspirapolvere-con-traino\/\",\"url\":\"https:\/\/www.morenaelettrodomestici.com\/shop\/karcher-vc2-aspirapolvere-con-traino\/\",\"name\":\"K\u00e4rcher VC2 Aspirapolvere con traino - Morena Elettrodomestici\",\"isPartOf\":{\"@id\":\"https:\/\/www.morenaelettrodomestici.com\/#website\"},\"primaryImageOfPage\":{\"@id\":\"https:\/\/www.morenaelettrodomestici.com\/shop\/karcher-vc2-aspirapolvere-con-traino\/#primaryimage\"},\"image\":{\"@id\":\"https:\/\/www.morenaelettrodomestici.com\/shop\/karcher-vc2-aspirapolvere-con-traino\/#primaryimage\"},\"thumbnailUrl\":\"https:\/\/www.morenaelettrodomestici.com\/wp-content\/uploads\/2025\/10\/9550.jpg\",\"datePublished\":\"2025-10-09T08:31:13+00:00\",\"dateModified\":\"2025-10-09T08:45:51+00:00\",\"description\":\"Acquista K\u00e4rcher VC2 Aspirapolvere con traino su Morena Elettrodomestici. Il tuo Negozio di Fiducia online con prezzi competitivi e prodotti di alta qualit\u00e0!\",\"breadcrumb\":{\"@id\":\"https:\/\/www.morenaelettrodomestici.com\/shop\/karcher-vc2-aspirapolvere-con-traino\/#breadcrumb\"},\"inLanguage\":\"en-GB\",\"potentialAction\":[{\"@type\":\"ReadAction\",\"target\":[\"https:\/\/www.morenaelettrodomestici.com\/shop\/karcher-vc2-aspirapolvere-con-traino\/\"]}]},{\"@type\":\"ImageObject\",\"inLanguage\":\"en-GB\",\"@id\":\"https:\/\/www.morenaelettrodomestici.com\/shop\/karcher-vc2-aspirapolvere-con-traino\/#primaryimage\",\"url\":\"https:\/\/www.morenaelettrodomestici.com\/wp-content\/uploads\/2025\/10\/9550.jpg\",\"contentUrl\":\"https:\/\/www.morenaelettrodomestici.com\/wp-content\/uploads\/2025\/10\/9550.jpg\",\"width\":1600,\"height\":1600},{\"@type\":\"BreadcrumbList\",\"@id\":\"https:\/\/www.morenaelettrodomestici.com\/shop\/karcher-vc2-aspirapolvere-con-traino\/#breadcrumb\",\"itemListElement\":[{\"@type\":\"ListItem\",\"position\":1,\"name\":\"Home\",\"item\":\"https:\/\/www.morenaelettrodomestici.com\/\"},{\"@type\":\"ListItem\",\"position\":2,\"name\":\"Shop\",\"item\":\"https:\/\/www.morenaelettrodomestici.com\/shop\/\"},{\"@type\":\"ListItem\",\"position\":3,\"name\":\"K\u00e4rcher VC2 Aspirapolvere con traino\"}]},{\"@type\":\"WebSite\",\"@id\":\"https:\/\/www.morenaelettrodomestici.com\/#website\",\"url\":\"https:\/\/www.morenaelettrodomestici.com\/\",\"name\":\"Morena\",\"description\":\"I migliori elettrodomestici a prezzi folli\",\"publisher\":{\"@id\":\"https:\/\/www.morenaelettrodomestici.com\/#organization\"},\"potentialAction\":[{\"@type\":\"SearchAction\",\"target\":{\"@type\":\"EntryPoint\",\"urlTemplate\":\"https:\/\/www.morenaelettrodomestici.com\/?s={search_term_string}\"},\"query-input\":{\"@type\":\"PropertyValueSpecification\",\"valueRequired\":true,\"valueName\":\"search_term_string\"}}],\"inLanguage\":\"en-GB\"},{\"@type\":\"Organization\",\"@id\":\"https:\/\/www.morenaelettrodomestici.com\/#organization\",\"name\":\"Morena Elettrodomestici\",\"url\":\"https:\/\/www.morenaelettrodomestici.com\/\",\"logo\":{\"@type\":\"ImageObject\",\"inLanguage\":\"en-GB\",\"@id\":\"https:\/\/www.morenaelettrodomestici.com\/#\/schema\/logo\/image\/\",\"url\":\"https:\/\/www.morenaelettrodomestici.com\/wp-content\/uploads\/2024\/05\/logo_Morena_srls-TRASPARENTE.png\",\"contentUrl\":\"https:\/\/www.morenaelettrodomestici.com\/wp-content\/uploads\/2024\/05\/logo_Morena_srls-TRASPARENTE.png\",\"width\":2264,\"height\":718,\"caption\":\"Morena Elettrodomestici\"},\"image\":{\"@id\":\"https:\/\/www.morenaelettrodomestici.com\/#\/schema\/logo\/image\/\"},\"sameAs\":[\"https:\/\/www.facebook.com\/morenaelettrodomestici\/\",\"https:\/\/www.instagram.com\/morena.elettrodomestici\/\",\"https:\/\/www.linkedin.com\/company-beta\/10507375\/\",\"https:\/\/www.youtube.com\/channel\/UCgdTfdgRUeVEnhI2Z4GRlFA\"]}]}<\/script>\n<!-- \/ Yoast SEO plugin. -->","yoast_head_json":{"title":"K\u00e4rcher VC2 Aspirapolvere con traino - Morena Elettrodomestici","description":"Acquista K\u00e4rcher VC2 Aspirapolvere con traino su Morena Elettrodomestici. Il tuo Negozio di Fiducia online con prezzi competitivi e prodotti di alta qualit\u00e0!","robots":{"index":"index","follow":"follow","max-snippet":"max-snippet:-1","max-image-preview":"max-image-preview:large","max-video-preview":"max-video-preview:-1"},"canonical":"https:\/\/www.morenaelettrodomestici.com\/en\/shop\/karcher-vc2-aspirapolvere-con-traino\/","og_locale":"en_GB","og_type":"article","og_title":"K\u00e4rcher VC2 Aspirapolvere con traino - Morena Elettrodomestici","og_description":"Acquista K\u00e4rcher VC2 Aspirapolvere con traino su Morena Elettrodomestici. Il tuo Negozio di Fiducia online con prezzi competitivi e prodotti di alta qualit\u00e0!","og_url":"https:\/\/www.morenaelettrodomestici.com\/en\/shop\/karcher-vc2-aspirapolvere-con-traino\/","og_site_name":"Morena Elettrodomestici","article_publisher":"https:\/\/www.facebook.com\/morenaelettrodomestici\/","article_modified_time":"2025-10-09T08:45:51+00:00","og_image":[{"width":1600,"height":1600,"url":"https:\/\/www.morenaelettrodomestici.com\/wp-content\/uploads\/2025\/10\/9550.jpg","type":"image\/jpeg"}],"twitter_card":"summary_large_image","twitter_misc":{"Estimated reading time":"1 minute"},"schema":{"@context":"https:\/\/schema.org","@graph":[{"@type":"WebPage","@id":"https:\/\/www.morenaelettrodomestici.com\/shop\/karcher-vc2-aspirapolvere-con-traino\/","url":"https:\/\/www.morenaelettrodomestici.com\/shop\/karcher-vc2-aspirapolvere-con-traino\/","name":"K\u00e4rcher VC2 Aspirapolvere con traino - Morena Elettrodomestici","isPartOf":{"@id":"https:\/\/www.morenaelettrodomestici.com\/#website"},"primaryImageOfPage":{"@id":"https:\/\/www.morenaelettrodomestici.com\/shop\/karcher-vc2-aspirapolvere-con-traino\/#primaryimage"},"image":{"@id":"https:\/\/www.morenaelettrodomestici.com\/shop\/karcher-vc2-aspirapolvere-con-traino\/#primaryimage"},"thumbnailUrl":"https:\/\/www.morenaelettrodomestici.com\/wp-content\/uploads\/2025\/10\/9550.jpg","datePublished":"2025-10-09T08:31:13+00:00","dateModified":"2025-10-09T08:45:51+00:00","description":"Acquista K\u00e4rcher VC2 Aspirapolvere con traino su Morena Elettrodomestici. Il tuo Negozio di Fiducia online con prezzi competitivi e prodotti di alta qualit\u00e0!","breadcrumb":{"@id":"https:\/\/www.morenaelettrodomestici.com\/shop\/karcher-vc2-aspirapolvere-con-traino\/#breadcrumb"},"inLanguage":"en-GB","potentialAction":[{"@type":"ReadAction","target":["https:\/\/www.morenaelettrodomestici.com\/shop\/karcher-vc2-aspirapolvere-con-traino\/"]}]},{"@type":"ImageObject","inLanguage":"en-GB","@id":"https:\/\/www.morenaelettrodomestici.com\/shop\/karcher-vc2-aspirapolvere-con-traino\/#primaryimage","url":"https:\/\/www.morenaelettrodomestici.com\/wp-content\/uploads\/2025\/10\/9550.jpg","contentUrl":"https:\/\/www.morenaelettrodomestici.com\/wp-content\/uploads\/2025\/10\/9550.jpg","width":1600,"height":1600},{"@type":"BreadcrumbList","@id":"https:\/\/www.morenaelettrodomestici.com\/shop\/karcher-vc2-aspirapolvere-con-traino\/#breadcrumb","itemListElement":[{"@type":"ListItem","position":1,"name":"Home","item":"https:\/\/www.morenaelettrodomestici.com\/"},{"@type":"ListItem","position":2,"name":"Shop","item":"https:\/\/www.morenaelettrodomestici.com\/shop\/"},{"@type":"ListItem","position":3,"name":"K\u00e4rcher VC2 Aspirapolvere con traino"}]},{"@type":"WebSite","@id":"https:\/\/www.morenaelettrodomestici.com\/#website","url":"https:\/\/www.morenaelettrodomestici.com\/","name":"Morena","description":"I migliori elettrodomestici a prezzi folli","publisher":{"@id":"https:\/\/www.morenaelettrodomestici.com\/#organization"},"potentialAction":[{"@type":"SearchAction","target":{"@type":"EntryPoint","urlTemplate":"https:\/\/www.morenaelettrodomestici.com\/?s={search_term_string}"},"query-input":{"@type":"PropertyValueSpecification","valueRequired":true,"valueName":"search_term_string"}}],"inLanguage":"en-GB"},{"@type":"Organization","@id":"https:\/\/www.morenaelettrodomestici.com\/#organization","name":"Morena Elettrodomestici","url":"https:\/\/www.morenaelettrodomestici.com\/","logo":{"@type":"ImageObject","inLanguage":"en-GB","@id":"https:\/\/www.morenaelettrodomestici.com\/#\/schema\/logo\/image\/","url":"https:\/\/www.morenaelettrodomestici.com\/wp-content\/uploads\/2024\/05\/logo_Morena_srls-TRASPARENTE.png","contentUrl":"https:\/\/www.morenaelettrodomestici.com\/wp-content\/uploads\/2024\/05\/logo_Morena_srls-TRASPARENTE.png","width":2264,"height":718,"caption":"Morena Elettrodomestici"},"image":{"@id":"https:\/\/www.morenaelettrodomestici.com\/#\/schema\/logo\/image\/"},"sameAs":["https:\/\/www.facebook.com\/morenaelettrodomestici\/","https:\/\/www.instagram.com\/morena.elettrodomestici\/","https:\/\/www.linkedin.com\/company-beta\/10507375\/","https:\/\/www.youtube.com\/channel\/UCgdTfdgRUeVEnhI2Z4GRlFA"]}]}},"_links":{"self":[{"href":"https:\/\/www.morenaelettrodomestici.com\/en\/wp-json\/wp\/v2\/product\/50003","targetHints":{"allow":["GET"]}}],"collection":[{"href":"https:\/\/www.morenaelettrodomestici.com\/en\/wp-json\/wp\/v2\/product"}],"about":[{"href":"https:\/\/www.morenaelettrodomestici.com\/en\/wp-json\/wp\/v2\/types\/product"}],"version-history":[{"count":1,"href":"https:\/\/www.morenaelettrodomestici.com\/en\/wp-json\/wp\/v2\/product\/50003\/revisions"}],"predecessor-version":[{"id":50020,"href":"https:\/\/www.morenaelettrodomestici.com\/en\/wp-json\/wp\/v2\/product\/50003\/revisions\/50020"}],"wp:featuredmedia":[{"embeddable":true,"href":"https:\/\/www.morenaelettrodomestici.com\/en\/wp-json\/wp\/v2\/media\/50001"}],"wp:attachment":[{"href":"https:\/\/www.morenaelettrodomestici.com\/en\/wp-json\/wp\/v2\/media?parent=50003"}],"wp:term":[{"taxonomy":"product_brand","embeddable":true,"href":"https:\/\/www.morenaelettrodomestici.com\/en\/wp-json\/wp\/v2\/product_brand?post=50003"},{"taxonomy":"product_cat","embeddable":true,"href":"https:\/\/www.morenaelettrodomestici.com\/en\/wp-json\/wp\/v2\/product_cat?post=50003"},{"taxonomy":"product_tag","embeddable":true,"href":"https:\/\/www.morenaelettrodomestici.com\/en\/wp-json\/wp\/v2\/product_tag?post=50003"}],"curies":[{"name":"wp","href":"https:\/\/api.w.org\/{rel}","templated":true}]}}