{"id":50107,"date":"2025-10-11T08:11:25","date_gmt":"2025-10-11T08:11:25","guid":{"rendered":"https:\/\/www.morenaelettrodomestici.com\/shop\/faber-pro-deluxe-macchina-da-caffe\/"},"modified":"2025-10-11T10:08:33","modified_gmt":"2025-10-11T10:08:33","slug":"faber-pro-deluxe-macchina-da-caffe","status":"publish","type":"product","link":"https:\/\/www.morenaelettrodomestici.com\/en\/shop\/faber-pro-deluxe-macchina-da-caffe\/","title":{"rendered":"Faber  Pro Deluxe Macchina da caff\u00e8"},"content":{"rendered":"<p>Colori: Acid Green,Cherry Red,Mat Black,Pure White,Torquoise,Old English White<\/p>\n<p>Stainless Stell (solo questo colore ha un costo di 279\u20ac)<\/p>\n<p>Scrivere per disponibilit\u00e0 colore e dettagli o <strong>Optional <\/strong>da inserire al numero 3500488338<\/p>\n<p><strong>Specifiche tecniche<\/strong><\/p>\n<figure class=\"table\">\n<table>\n<tbody>\n<tr>\n<td><strong>Corpo<\/strong><\/td>\n<td><strong>Acciaio inox verniciato Mat<\/strong><\/td>\n<\/tr>\n<tr>\n<td><strong>Vano Poggiatazze<\/strong><\/td>\n<td><strong>Si<\/strong><\/td>\n<\/tr>\n<tr>\n<td><strong>Piastra di supporto<\/strong><\/td>\n<td><strong>Cromo<\/strong><\/td>\n<\/tr>\n<tr>\n<td><strong>Leva<\/strong><\/td>\n<td><strong>Cromata<\/strong><\/td>\n<\/tr>\n<tr>\n<td><strong>Ringhierina e pulsantiera<\/strong><\/td>\n<td><strong>Metallo<\/strong><\/td>\n<\/tr>\n<tr>\n<td><strong>Vaschetta raccogli acqua \/ Griglia<\/strong><\/td>\n<td><strong>Vaschetta in ABS \/ Griglia in acciaio elettro colorato<\/strong><\/td>\n<\/tr>\n<tr>\n<td><strong>Pompa<\/strong><\/td>\n<td><strong>15 bar<\/strong><\/td>\n<\/tr>\n<tr>\n<td><strong>Scambiatore<\/strong><\/td>\n<td><strong>Alluminio<\/strong><\/td>\n<\/tr>\n<tr>\n<td><strong>Siluro<\/strong><\/td>\n<td><strong>Ottone<\/strong><\/td>\n<\/tr>\n<tr>\n<td><strong>Pressacialda<\/strong><\/td>\n<td><strong>Regolabile in ottone<\/strong><\/td>\n<\/tr>\n<tr>\n<td><strong>Resistenza<\/strong><\/td>\n<td><strong>500 W<\/strong><\/td>\n<\/tr>\n<tr>\n<td><strong>Termoregolatore<\/strong><\/td>\n<td><strong>95\u00b0\/145\u00b0 RW<\/strong><\/td>\n<\/tr>\n<tr>\n<td><strong>Capacit\u00e0 serbatoio<\/strong><\/td>\n<td><strong>1,3 Lt<\/strong><\/td>\n<\/tr>\n<tr>\n<td><strong>Alimentazione<\/strong><\/td>\n<td><strong>220v &#8211; 50Hz<\/strong><\/td>\n<\/tr>\n<tr>\n<td><strong>Dimensioni<\/strong><\/td>\n<td><strong>32x21x35 cm<\/strong><\/td>\n<\/tr>\n<\/tbody>\n<\/table>\n<\/figure>\n<p><strong>Optional<\/strong><\/p>\n<figure class=\"table\">\n<table>\n<tbody>\n<tr>\n<td><strong>Termostato a 98\u00b0<\/strong><\/td>\n<td><strong>Termostato da 98\u00b0 che aumenta la temperatura di circa 3 gradi rispetto a quella raggiunta dal termostato 95 (71, 73\u00b0)<\/strong><\/td>\n<\/tr>\n<tr>\n<td><strong>Elettrovalvola<\/strong><\/td>\n<td><strong>Lavora grazie a impulsi elettromagnetici che hanno il compito di limitare le goccioline fisiologiche post erogazione.<\/strong><\/td>\n<\/tr>\n<tr>\n<td><strong>Alimentazione 110v<\/strong><\/td>\n<td><strong>Alimentazione a 110v che sostituisce la 220v<\/strong><\/td>\n<\/tr>\n<tr>\n<td><strong>Termoblocco ottone<\/strong><\/td>\n<td><strong>Ottieni le massime prestazione con il nuovo temoblocco in ottone grazie all\u2019elevata conducibilit\u00e0 termica, che consente una spesa energetica contenuta e un\u2019altissima durabilit\u00e0.<\/strong><\/td>\n<\/tr>\n<\/tbody>\n<\/table>\n<\/figure>\n<p><a href=\"https:\/\/faberitaliasrl.it\/prodotto\/pro-deluxe\/#accordion-item-consigli-utili-per-la-manutenzione-prodotto\"><strong>Consigli utili per la manutenzione prodotto<\/strong><\/a><\/p>\n<p><strong>I metalli, quali ottone e rame che col tempo potrebbero scurirsi, \u00e8 consigliata pulizia con un panno morbido unitamente ad un prodotto sgrassatore o alcool solo sulla parte interessata.<\/strong><\/p>\n<p><strong>Lasciati sedurre dal design elegante e dalla potenza della nuova Pro Deluxe. La macchina da caff\u00e8 in cialde studiata per i clienti pi\u00f9 esigenti che scelgono il massimo del gusto senza rinunciare ad un design unico e resistente.<\/strong><\/p>\n<p>&nbsp;<\/p>\n<p>&nbsp;<\/p>\n<h3><i>Optional Prezzi:<\/i><br \/><i>Da aggiungere nelle NOTE al momento dell&#8217;ordine<\/i><br \/><i>Scrivere per disponibilit\u00e0 colore e dettagli al numero : 3500488338<\/i><\/h3>\n<p><i><strong>Vuoi scoprire di pi\u00f9 sui nostri optional, <\/strong><\/i><a href=\"https:\/\/fabercoffeemachines.com\/optional\/\"><i><strong>clicca qui<\/strong><\/i><\/a><\/p>\n<figure class=\"image\"><img fetchpriority=\"high\" decoding=\"async\" style=\"aspect-ratio:1000\/1000\" src=\"https:\/\/www.fabercoffeemachines.com\/wp-content\/uploads\/2025\/02\/WhatsApp-Image-2025-02-26-at-13.06.21-1000x1000.jpeg\" alt=\"Bottiglia Vetro 1L\" width=\"1000\" height=\"1000\"><\/figure>\n<p>Bottiglia Vetro 1L<strong>\u20ac15.00<\/strong><\/p>\n<figure class=\"image\"><img decoding=\"async\" style=\"aspect-ratio:1000\/1000\" src=\"https:\/\/www.fabercoffeemachines.com\/wp-content\/uploads\/2021\/12\/elettrovalvola-1000x1000.jpg\" width=\"1000\" height=\"1000\"><\/figure>\n<p>Elettrovalvola<strong>\u20ac15.00<\/strong><\/p>\n<figure class=\"image\"><img decoding=\"async\" style=\"aspect-ratio:1000\/1000\" src=\"https:\/\/www.fabercoffeemachines.com\/wp-content\/uploads\/2021\/12\/portacialda-estraibile-1-1000x1000.jpg\" width=\"1000\" height=\"1000\"><\/figure>\n<p>Portacialda estraibile <strong>\u20ac18.00<\/strong><\/p>\n<figure class=\"image\"><img loading=\"lazy\" decoding=\"async\" style=\"aspect-ratio:1000\/1000\" src=\"https:\/\/www.fabercoffeemachines.com\/wp-content\/uploads\/2022\/03\/termostato-1000x1000.png\" width=\"1000\" height=\"1000\"><\/figure>\n<p>Termostato 98\u00b0<strong>\u20ac20.00<\/strong><\/p>\n<p>&nbsp;<\/p>\n<figure class=\"image\"><img loading=\"lazy\" decoding=\"async\" style=\"aspect-ratio:1000\/1000\" src=\"https:\/\/www.fabercoffeemachines.com\/wp-content\/uploads\/2022\/03\/3010ba7623ca153868eaee2012387b8d241e91c8_1024_1024-1000x1000.jpeg\" width=\"1000\" height=\"1000\"><\/figure>\n<p>Alimentazione 110v<strong>\u20ac20.00<\/strong><\/p>\n<p>&nbsp;<\/p>\n<figure class=\"image\"><img loading=\"lazy\" decoding=\"async\" style=\"aspect-ratio:1000\/1000\" src=\"https:\/\/www.fabercoffeemachines.com\/wp-content\/uploads\/2022\/03\/cavo-svizzero-1000x1000.png\" width=\"1000\" height=\"1000\"><\/figure>\n<p>Cavo svizzero<strong>\u20ac20.00<\/strong><\/p>\n<figure class=\"image\"><img loading=\"lazy\" decoding=\"async\" style=\"aspect-ratio:1000\/1000\" src=\"https:\/\/www.fabercoffeemachines.com\/wp-content\/uploads\/2022\/05\/termoblocco-1000x1000.png\" width=\"1000\" height=\"1000\"><\/figure>\n<p>Termoblocco in ottone<strong>\u20ac50.00<\/strong><\/p>\n<h2><strong>Pulizia e manutenzione<\/strong><\/h2>\n<p><strong>Come per tutte le macchine a cialde, una corretta pulizia prevede la rimozione del filtro inferiore. Non \u00e8 una procedura semplicissima, ma fattibile: occorre una piccola brugola per rimuovere una piccola vite dietro il beccuccio. Il portacialde va poi svitato e pulito<\/strong><\/p>\n<p><strong>Esiste anche un portacialde magnetico, che costa solo pochi euro in pi\u00f9 di quello standard, che \u00e8 molto pi\u00f9 facile da rimuovere e da pulire. Per &nbsp;\u20ac18.00 euro in pi\u00f9, lo consiglio assolutamente.<\/strong><\/p>\n<p><strong>Per quanto riguarda la pulizia, raccomando sempre la decalcificazione della macchina a cialde una volta al mese o ogni mese e mezzo. Si possono utilizzare prodotti come il mio <\/strong><a href=\"https:\/\/www.morenaelettrodomestici.com\/en\/shop\/disincrostante-universale-axor-per-macchina-da-caffe\/\"><strong>Decalcificante <\/strong><\/a><strong>Axor<\/strong><a href=\"https:\/\/www.morenaelettrodomestici.com\/en\/shop\/disincrostante-universale-axor-per-macchina-da-caffe\/\"><strong>,<\/strong><\/a><strong> o altri.&nbsp;<\/strong><br \/><strong>Video dimostrativo Pulizia:<\/strong><\/p>\n<p><a href=\"https:\/\/vm.tiktok.com\/ZNdWJ9TUs\/\"><strong>https:\/\/vm.tiktok.com\/ZNdWJ9TUs\/<\/strong><\/a><\/p>\n<p>&nbsp;<\/p>","protected":false},"excerpt":{"rendered":"<ul>\n<li>Dettagli:Ottone o Cromati&nbsp;<\/li>\n<li>OPTINAL :Bottiglia in vetro,Elettrovalvola,Portacialde estraibile,Termostato 98\u00b0,Alimentazione 110v,Cavo svizzero,Termoblocco in ottone<\/li>\n<li>Potenza: 500\u202fW<\/li>\n<li>Pressione pompa: 15\u202fbar<\/li>\n<li>Compatibilit\u00e0: cialde ESE da 44\u202fmm<\/li>\n<li>Serbatoio acqua: 1,3\u202fL, rimovibile<\/li>\n<li>Design vintage in bianco con dettagli ottone<\/li>\n<li>Funzionamento: manuale con leve e spie<\/li>\n<li>Materiali: acciaio inox, ottone<\/li>\n<li>Dimensioni (L\u00d7P\u00d7A): ~17,5\u00d724\u00d726\u202fcm<\/li>\n<li>Peso netto: ~4\u202fkg<\/li>\n<li>Certificazione CE<\/li>\n<\/ul>","protected":false},"featured_media":50137,"template":"","meta":[],"product_brand":[],"product_cat":[421,430],"product_tag":[],"class_list":{"0":"post-50107","1":"product","2":"type-product","3":"status-publish","4":"has-post-thumbnail","6":"product_cat-caffe","7":"product_cat-macchine-da-caffe","8":"pa_marca-faber","10":"first","11":"instock","12":"sale","13":"taxable","14":"shipping-taxable","15":"purchasable","16":"product-type-simple"},"yoast_head":"<!-- This site is optimized with the Yoast SEO plugin v25.5 - https:\/\/yoast.com\/wordpress\/plugins\/seo\/ -->\n<title>Faber Pro Deluxe Macchina da caff\u00e8 - Morena Elettrodomestici<\/title>\n<meta name=\"description\" content=\"Acquista Faber Pro Deluxe Macchina da caff\u00e8 su Morena Elettrodomestici. Il tuo Negozio di Fiducia online con prezzi competitivi e prodotti di alta qualit\u00e0!\" \/>\n<meta name=\"robots\" content=\"index, follow, max-snippet:-1, max-image-preview:large, max-video-preview:-1\" \/>\n<link rel=\"canonical\" href=\"https:\/\/www.morenaelettrodomestici.com\/en\/shop\/faber-pro-deluxe-macchina-da-caffe\/\" \/>\n<meta property=\"og:locale\" content=\"en_GB\" \/>\n<meta property=\"og:type\" content=\"article\" \/>\n<meta property=\"og:title\" content=\"Faber Pro Deluxe Macchina da caff\u00e8 - Morena Elettrodomestici\" \/>\n<meta property=\"og:description\" content=\"Acquista Faber Pro Deluxe Macchina da caff\u00e8 su Morena Elettrodomestici. Il tuo Negozio di Fiducia online con prezzi competitivi e prodotti di alta qualit\u00e0!\" \/>\n<meta property=\"og:url\" content=\"https:\/\/www.morenaelettrodomestici.com\/en\/shop\/faber-pro-deluxe-macchina-da-caffe\/\" \/>\n<meta property=\"og:site_name\" content=\"Morena Elettrodomestici\" \/>\n<meta property=\"article:publisher\" content=\"https:\/\/www.facebook.com\/morenaelettrodomestici\/\" \/>\n<meta property=\"article:modified_time\" content=\"2025-10-11T10:08:33+00:00\" \/>\n<meta property=\"og:image\" content=\"https:\/\/www.morenaelettrodomestici.com\/wp-content\/uploads\/2025\/10\/9673-1.jpg\" \/>\n\t<meta property=\"og:image:width\" content=\"1000\" \/>\n\t<meta property=\"og:image:height\" content=\"1000\" \/>\n\t<meta property=\"og:image:type\" content=\"image\/jpeg\" \/>\n<meta name=\"twitter:card\" content=\"summary_large_image\" \/>\n<meta name=\"twitter:label1\" content=\"Estimated reading time\" \/>\n\t<meta name=\"twitter:data1\" content=\"2 minutes\" \/>\n<script type=\"application\/ld+json\" class=\"yoast-schema-graph\">{\"@context\":\"https:\/\/schema.org\",\"@graph\":[{\"@type\":\"WebPage\",\"@id\":\"https:\/\/www.morenaelettrodomestici.com\/shop\/faber-pro-deluxe-macchina-da-caffe\/\",\"url\":\"https:\/\/www.morenaelettrodomestici.com\/shop\/faber-pro-deluxe-macchina-da-caffe\/\",\"name\":\"Faber Pro Deluxe Macchina da caff\u00e8 - Morena Elettrodomestici\",\"isPartOf\":{\"@id\":\"https:\/\/www.morenaelettrodomestici.com\/#website\"},\"primaryImageOfPage\":{\"@id\":\"https:\/\/www.morenaelettrodomestici.com\/shop\/faber-pro-deluxe-macchina-da-caffe\/#primaryimage\"},\"image\":{\"@id\":\"https:\/\/www.morenaelettrodomestici.com\/shop\/faber-pro-deluxe-macchina-da-caffe\/#primaryimage\"},\"thumbnailUrl\":\"https:\/\/www.morenaelettrodomestici.com\/wp-content\/uploads\/2025\/10\/9673-1.jpg\",\"datePublished\":\"2025-10-11T08:11:25+00:00\",\"dateModified\":\"2025-10-11T10:08:33+00:00\",\"description\":\"Acquista Faber Pro Deluxe Macchina da caff\u00e8 su Morena Elettrodomestici. Il tuo Negozio di Fiducia online con prezzi competitivi e prodotti di alta qualit\u00e0!\",\"breadcrumb\":{\"@id\":\"https:\/\/www.morenaelettrodomestici.com\/shop\/faber-pro-deluxe-macchina-da-caffe\/#breadcrumb\"},\"inLanguage\":\"en-GB\",\"potentialAction\":[{\"@type\":\"ReadAction\",\"target\":[\"https:\/\/www.morenaelettrodomestici.com\/shop\/faber-pro-deluxe-macchina-da-caffe\/\"]}]},{\"@type\":\"ImageObject\",\"inLanguage\":\"en-GB\",\"@id\":\"https:\/\/www.morenaelettrodomestici.com\/shop\/faber-pro-deluxe-macchina-da-caffe\/#primaryimage\",\"url\":\"https:\/\/www.morenaelettrodomestici.com\/wp-content\/uploads\/2025\/10\/9673-1.jpg\",\"contentUrl\":\"https:\/\/www.morenaelettrodomestici.com\/wp-content\/uploads\/2025\/10\/9673-1.jpg\",\"width\":1000,\"height\":1000},{\"@type\":\"BreadcrumbList\",\"@id\":\"https:\/\/www.morenaelettrodomestici.com\/shop\/faber-pro-deluxe-macchina-da-caffe\/#breadcrumb\",\"itemListElement\":[{\"@type\":\"ListItem\",\"position\":1,\"name\":\"Home\",\"item\":\"https:\/\/www.morenaelettrodomestici.com\/\"},{\"@type\":\"ListItem\",\"position\":2,\"name\":\"Shop\",\"item\":\"https:\/\/www.morenaelettrodomestici.com\/shop\/\"},{\"@type\":\"ListItem\",\"position\":3,\"name\":\"Faber Pro Deluxe Macchina da caff\u00e8\"}]},{\"@type\":\"WebSite\",\"@id\":\"https:\/\/www.morenaelettrodomestici.com\/#website\",\"url\":\"https:\/\/www.morenaelettrodomestici.com\/\",\"name\":\"Morena\",\"description\":\"I migliori elettrodomestici a prezzi folli\",\"publisher\":{\"@id\":\"https:\/\/www.morenaelettrodomestici.com\/#organization\"},\"potentialAction\":[{\"@type\":\"SearchAction\",\"target\":{\"@type\":\"EntryPoint\",\"urlTemplate\":\"https:\/\/www.morenaelettrodomestici.com\/?s={search_term_string}\"},\"query-input\":{\"@type\":\"PropertyValueSpecification\",\"valueRequired\":true,\"valueName\":\"search_term_string\"}}],\"inLanguage\":\"en-GB\"},{\"@type\":\"Organization\",\"@id\":\"https:\/\/www.morenaelettrodomestici.com\/#organization\",\"name\":\"Morena Elettrodomestici\",\"url\":\"https:\/\/www.morenaelettrodomestici.com\/\",\"logo\":{\"@type\":\"ImageObject\",\"inLanguage\":\"en-GB\",\"@id\":\"https:\/\/www.morenaelettrodomestici.com\/#\/schema\/logo\/image\/\",\"url\":\"https:\/\/www.morenaelettrodomestici.com\/wp-content\/uploads\/2024\/05\/logo_Morena_srls-TRASPARENTE.png\",\"contentUrl\":\"https:\/\/www.morenaelettrodomestici.com\/wp-content\/uploads\/2024\/05\/logo_Morena_srls-TRASPARENTE.png\",\"width\":2264,\"height\":718,\"caption\":\"Morena Elettrodomestici\"},\"image\":{\"@id\":\"https:\/\/www.morenaelettrodomestici.com\/#\/schema\/logo\/image\/\"},\"sameAs\":[\"https:\/\/www.facebook.com\/morenaelettrodomestici\/\",\"https:\/\/www.instagram.com\/morena.elettrodomestici\/\",\"https:\/\/www.linkedin.com\/company-beta\/10507375\/\",\"https:\/\/www.youtube.com\/channel\/UCgdTfdgRUeVEnhI2Z4GRlFA\"]}]}<\/script>\n<!-- \/ Yoast SEO plugin. -->","yoast_head_json":{"title":"Faber Pro Deluxe Macchina da caff\u00e8 - Morena Elettrodomestici","description":"Acquista Faber Pro Deluxe Macchina da caff\u00e8 su Morena Elettrodomestici. Il tuo Negozio di Fiducia online con prezzi competitivi e prodotti di alta qualit\u00e0!","robots":{"index":"index","follow":"follow","max-snippet":"max-snippet:-1","max-image-preview":"max-image-preview:large","max-video-preview":"max-video-preview:-1"},"canonical":"https:\/\/www.morenaelettrodomestici.com\/en\/shop\/faber-pro-deluxe-macchina-da-caffe\/","og_locale":"en_GB","og_type":"article","og_title":"Faber Pro Deluxe Macchina da caff\u00e8 - Morena Elettrodomestici","og_description":"Acquista Faber Pro Deluxe Macchina da caff\u00e8 su Morena Elettrodomestici. Il tuo Negozio di Fiducia online con prezzi competitivi e prodotti di alta qualit\u00e0!","og_url":"https:\/\/www.morenaelettrodomestici.com\/en\/shop\/faber-pro-deluxe-macchina-da-caffe\/","og_site_name":"Morena Elettrodomestici","article_publisher":"https:\/\/www.facebook.com\/morenaelettrodomestici\/","article_modified_time":"2025-10-11T10:08:33+00:00","og_image":[{"width":1000,"height":1000,"url":"https:\/\/www.morenaelettrodomestici.com\/wp-content\/uploads\/2025\/10\/9673-1.jpg","type":"image\/jpeg"}],"twitter_card":"summary_large_image","twitter_misc":{"Estimated reading time":"2 minutes"},"schema":{"@context":"https:\/\/schema.org","@graph":[{"@type":"WebPage","@id":"https:\/\/www.morenaelettrodomestici.com\/shop\/faber-pro-deluxe-macchina-da-caffe\/","url":"https:\/\/www.morenaelettrodomestici.com\/shop\/faber-pro-deluxe-macchina-da-caffe\/","name":"Faber Pro Deluxe Macchina da caff\u00e8 - Morena Elettrodomestici","isPartOf":{"@id":"https:\/\/www.morenaelettrodomestici.com\/#website"},"primaryImageOfPage":{"@id":"https:\/\/www.morenaelettrodomestici.com\/shop\/faber-pro-deluxe-macchina-da-caffe\/#primaryimage"},"image":{"@id":"https:\/\/www.morenaelettrodomestici.com\/shop\/faber-pro-deluxe-macchina-da-caffe\/#primaryimage"},"thumbnailUrl":"https:\/\/www.morenaelettrodomestici.com\/wp-content\/uploads\/2025\/10\/9673-1.jpg","datePublished":"2025-10-11T08:11:25+00:00","dateModified":"2025-10-11T10:08:33+00:00","description":"Acquista Faber Pro Deluxe Macchina da caff\u00e8 su Morena Elettrodomestici. Il tuo Negozio di Fiducia online con prezzi competitivi e prodotti di alta qualit\u00e0!","breadcrumb":{"@id":"https:\/\/www.morenaelettrodomestici.com\/shop\/faber-pro-deluxe-macchina-da-caffe\/#breadcrumb"},"inLanguage":"en-GB","potentialAction":[{"@type":"ReadAction","target":["https:\/\/www.morenaelettrodomestici.com\/shop\/faber-pro-deluxe-macchina-da-caffe\/"]}]},{"@type":"ImageObject","inLanguage":"en-GB","@id":"https:\/\/www.morenaelettrodomestici.com\/shop\/faber-pro-deluxe-macchina-da-caffe\/#primaryimage","url":"https:\/\/www.morenaelettrodomestici.com\/wp-content\/uploads\/2025\/10\/9673-1.jpg","contentUrl":"https:\/\/www.morenaelettrodomestici.com\/wp-content\/uploads\/2025\/10\/9673-1.jpg","width":1000,"height":1000},{"@type":"BreadcrumbList","@id":"https:\/\/www.morenaelettrodomestici.com\/shop\/faber-pro-deluxe-macchina-da-caffe\/#breadcrumb","itemListElement":[{"@type":"ListItem","position":1,"name":"Home","item":"https:\/\/www.morenaelettrodomestici.com\/"},{"@type":"ListItem","position":2,"name":"Shop","item":"https:\/\/www.morenaelettrodomestici.com\/shop\/"},{"@type":"ListItem","position":3,"name":"Faber Pro Deluxe Macchina da caff\u00e8"}]},{"@type":"WebSite","@id":"https:\/\/www.morenaelettrodomestici.com\/#website","url":"https:\/\/www.morenaelettrodomestici.com\/","name":"Morena","description":"I migliori elettrodomestici a prezzi folli","publisher":{"@id":"https:\/\/www.morenaelettrodomestici.com\/#organization"},"potentialAction":[{"@type":"SearchAction","target":{"@type":"EntryPoint","urlTemplate":"https:\/\/www.morenaelettrodomestici.com\/?s={search_term_string}"},"query-input":{"@type":"PropertyValueSpecification","valueRequired":true,"valueName":"search_term_string"}}],"inLanguage":"en-GB"},{"@type":"Organization","@id":"https:\/\/www.morenaelettrodomestici.com\/#organization","name":"Morena Elettrodomestici","url":"https:\/\/www.morenaelettrodomestici.com\/","logo":{"@type":"ImageObject","inLanguage":"en-GB","@id":"https:\/\/www.morenaelettrodomestici.com\/#\/schema\/logo\/image\/","url":"https:\/\/www.morenaelettrodomestici.com\/wp-content\/uploads\/2024\/05\/logo_Morena_srls-TRASPARENTE.png","contentUrl":"https:\/\/www.morenaelettrodomestici.com\/wp-content\/uploads\/2024\/05\/logo_Morena_srls-TRASPARENTE.png","width":2264,"height":718,"caption":"Morena Elettrodomestici"},"image":{"@id":"https:\/\/www.morenaelettrodomestici.com\/#\/schema\/logo\/image\/"},"sameAs":["https:\/\/www.facebook.com\/morenaelettrodomestici\/","https:\/\/www.instagram.com\/morena.elettrodomestici\/","https:\/\/www.linkedin.com\/company-beta\/10507375\/","https:\/\/www.youtube.com\/channel\/UCgdTfdgRUeVEnhI2Z4GRlFA"]}]}},"_links":{"self":[{"href":"https:\/\/www.morenaelettrodomestici.com\/en\/wp-json\/wp\/v2\/product\/50107","targetHints":{"allow":["GET"]}}],"collection":[{"href":"https:\/\/www.morenaelettrodomestici.com\/en\/wp-json\/wp\/v2\/product"}],"about":[{"href":"https:\/\/www.morenaelettrodomestici.com\/en\/wp-json\/wp\/v2\/types\/product"}],"version-history":[{"count":3,"href":"https:\/\/www.morenaelettrodomestici.com\/en\/wp-json\/wp\/v2\/product\/50107\/revisions"}],"predecessor-version":[{"id":50149,"href":"https:\/\/www.morenaelettrodomestici.com\/en\/wp-json\/wp\/v2\/product\/50107\/revisions\/50149"}],"wp:featuredmedia":[{"embeddable":true,"href":"https:\/\/www.morenaelettrodomestici.com\/en\/wp-json\/wp\/v2\/media\/50137"}],"wp:attachment":[{"href":"https:\/\/www.morenaelettrodomestici.com\/en\/wp-json\/wp\/v2\/media?parent=50107"}],"wp:term":[{"taxonomy":"product_brand","embeddable":true,"href":"https:\/\/www.morenaelettrodomestici.com\/en\/wp-json\/wp\/v2\/product_brand?post=50107"},{"taxonomy":"product_cat","embeddable":true,"href":"https:\/\/www.morenaelettrodomestici.com\/en\/wp-json\/wp\/v2\/product_cat?post=50107"},{"taxonomy":"product_tag","embeddable":true,"href":"https:\/\/www.morenaelettrodomestici.com\/en\/wp-json\/wp\/v2\/product_tag?post=50107"}],"curies":[{"name":"wp","href":"https:\/\/api.w.org\/{rel}","templated":true}]}}