{"id":50669,"date":"2025-12-30T11:45:35","date_gmt":"2025-12-30T11:45:35","guid":{"rendered":"https:\/\/www.morenaelettrodomestici.com\/shop\/t-408-hd-t-p-asko-asciugatrice-8-kg\/"},"modified":"2026-01-21T09:30:28","modified_gmt":"2026-01-21T09:30:28","slug":"t-408-hd-t-p-asko-asciugatrice-8-kg","status":"publish","type":"product","link":"https:\/\/www.morenaelettrodomestici.com\/en\/shop\/t-408-hd-t-p-asko-asciugatrice-8-kg\/","title":{"rendered":"T 408 HD T P ASKO Asciugatrice 8 kg"},"content":{"rendered":"<p><strong>T408HD.T.P<\/strong><\/p>\n<p>Questa asciugatrice a pompa di calore e a risparmio energetico della nostra gamma Logic \u00e8 realizzata con una struttura robusta e durevole, dotata di un tamburo in acciaio inossidabile e di un motore senza spazzole affidabile. L&#8217;installazione \u00e8 semplice poich\u00e9 non richiede opere di canalizzazione ed \u00e8 adatta anche per spazi ridotti, in quanto la pompa di calore necessita solo di una piccola quantit\u00e0 di aria esterna. \u00c8 facile da usare e permette di impostare diversi livelli di asciugatura con i programmi automatici, da completamente asciutto a pronto per la stiratura. 14 programmi e varie opzioni ti aiuteranno ad asciugare i tuoi vestiti in modo efficace ogni volta.<\/p>\n<figure class=\"table\">\n<table>\n<tbody>\n<tr>\n<td>\n<p>Dimensioni<\/p>\n<p>DIMENSIONI:<br \/>Altezza: 850 mm<br \/>Larghezza: 595 mm<br \/>Profondit\u00e0: 654 mm<br \/>Volume del cestello: 117 litri<\/p>\n<p>&nbsp;<\/p>\n<\/td>\n<\/tr>\n<tr>\n<td>\n<p>Prestazioni e consumi<\/p>\n<p>&nbsp;<\/p>\n<p>Capacit\u00e0 di carico: 8 kg<br \/>CONSUMI\/PERFORMANCE:<br \/>Classe di efficienza energetica: C<br \/>Classe di efficienza di condensazione: B \/ 91%<br \/>Rumorosit\u00e0: 63 db<br \/>Classe rumorosit\u00e0: B<br \/>Consumo energetico per 100 cicli: 96 KWh<br \/>INFORMAZIONI TECNICHE:<br \/>Potenza: 700 W<br \/>Intensit\u00e0 corrente: 10 A<br \/>Voltaggio: 220-240 V<br \/>Frequenza: 50 Hz<\/p>\n<p>&nbsp;<\/p>\n<\/td>\n<\/tr>\n<tr>\n<td>\n<p>Funzioni e tecnologie<\/p>\n<p>&nbsp;<\/p>\n<p>CARATTERISTICHE E FUNZIONI:<br \/>Tecnologia di asciugatura: Pompa di calore<br \/>Sensore umidit\u00e0 SensiDry: S\u00ec<br \/>Asciugatura Butterfly\u2122: S\u00ec<br \/>Sistema Multi Filter\u2122: S\u00ec<br \/>Sistema Soft Drum\u2122: S\u00ec<br \/>Trascinatori Air Lift\u2122: S\u00ec<\/p>\n<p>&nbsp;<\/p>\n<\/td>\n<\/tr>\n<tr>\n<td>\n<p>Programmi e modalit\u00e0<\/p>\n<p>&nbsp;<\/p>\n<p>Programmi automatici: 14<br \/>Funzione anti piega: S\u00ec<br \/>PROGRAMMI:<br \/>Intensivo Plus: S\u00ec<br \/>Intensivo: S\u00ec<br \/>Normale: S\u00ec<br \/>Stiro facile: S\u00ec<br \/>Jeans: S\u00ec<br \/>Capi in spugna: S\u00ec<br \/>Biancheria da letto: S\u00ec<br \/>Seta e lana: S\u00ec<br \/>Camicie: S\u00ec<br \/>Rapido PRO: S\u00ec<br \/>A tempo: S\u00ec<br \/>Sintetici: S\u00ec<br \/>Piumini: S\u00ec<br \/>OPZIONI:<br \/>Asciugatura extra: S\u00ec<br \/>Ciclo anti piega: fino a 2 ore<br \/>Quantit\u00e0 di carico: S\u00ec<br \/>Asciugatura a tempo: S\u00ec<br \/>Partenza ritardata: S\u00ec<\/p>\n<p>&nbsp;<\/p>\n<\/td>\n<\/tr>\n<tr>\n<td>\n<p>Controllo e interazione<\/p>\n<p>&nbsp;<\/p>\n<p>Interfaccia: Logic<br \/>Display: TFT a colori su sfondo nero<br \/>Frontalino: Manopole e tasti in metallo<br \/>Indicatore di tempo residuo: S\u00ec<br \/>Illuminazione interna: S\u00ec<br \/>Segnale sonoro di fine programma: S\u00ec<\/p>\n<p>&nbsp;<\/p>\n<\/td>\n<\/tr>\n<tr>\n<td>\n<p>Documenti Scaricabili<\/p>\n<p><a href=\"https:\/\/www.bsdspa.it\/wp-content\/uploads\/istruzioni-d-uso\/584950.pdf\"><strong>Istruzioni d&#8217;uso<\/strong><\/a><\/p>\n<p><a href=\"https:\/\/www.bsdspa.it\/wp-content\/uploads\/scheda-informativa\/584950.pdf\"><strong>Scheda informativa<\/strong><\/a><\/p>\n<p><a href=\"https:\/\/www.bsdspa.it\/wp-content\/uploads\/scheda-tecnica\/584950.pdf\"><strong>Scheda tecnica<\/strong><\/a><\/p>\n<p><a href=\"https:\/\/www.bsdspa.it\/wp-content\/uploads\/el-3d\/584950.zip\"><strong>3D<\/strong><\/a><\/p>\n<\/td>\n<\/tr>\n<\/tbody>\n<\/table>\n<\/figure>\n<p>&nbsp;<\/p>","protected":false},"excerpt":{"rendered":"<p>Gruppo prodotto: Asciugatrici Logic<\/p>\n<p>Colore: Titanio<\/p>\n<p>Obl\u00f2 reversibile: S\u00ec<\/p>\n<p>Installazione: Posizionamento libero<\/p>\n<p>Materiale del cestello: Acciaio inox<\/p>\n<p>Classe energetica: <a href=\"https:\/\/www.bsdspa.it\/wp-content\/uploads\/energy-rating\/584950_ce.png\"><strong><img decoding=\"async\" src=\"https:\/\/www.bsdspa.it\/wp-content\/uploads\/energy-rating\/c.png\" alt=\"\" width=\"16\" height=\"16\"><\/strong><\/a><\/p>","protected":false},"featured_media":50688,"template":"","meta":[],"product_brand":[],"product_cat":[99],"product_tag":[],"class_list":{"0":"post-50669","1":"product","2":"type-product","3":"status-publish","4":"has-post-thumbnail","6":"product_cat-asciugatrice","7":"pa_capacita-kg-8kg","8":"pa_colore-grigio","9":"pa_marca-asko","11":"first","12":"instock","13":"sale","14":"taxable","15":"shipping-taxable","16":"purchasable","17":"product-type-simple"},"yoast_head":"<!-- This site is optimized with the Yoast SEO plugin v27.5 - https:\/\/yoast.com\/product\/yoast-seo-wordpress\/ -->\n<title>T 408 HD T P ASKO Asciugatrice 8 kg - Morena Elettrodomestici<\/title>\n<meta name=\"description\" content=\"Acquista T 408 HD T P ASKO Asciugatrice 8 kg su Morena Elettrodomestici. Il tuo Negozio di Fiducia online con prezzi competitivi e prodotti di alta qualit\u00e0!\" \/>\n<meta name=\"robots\" content=\"index, follow, max-snippet:-1, max-image-preview:large, max-video-preview:-1\" \/>\n<link rel=\"canonical\" href=\"https:\/\/www.morenaelettrodomestici.com\/en\/shop\/t-408-hd-t-p-asko-asciugatrice-8-kg\/\" \/>\n<meta property=\"og:locale\" content=\"en_GB\" \/>\n<meta property=\"og:type\" content=\"article\" \/>\n<meta property=\"og:title\" content=\"T 408 HD T P ASKO Asciugatrice 8 kg - Morena Elettrodomestici\" \/>\n<meta property=\"og:description\" content=\"Acquista T 408 HD T P ASKO Asciugatrice 8 kg su Morena Elettrodomestici. Il tuo Negozio di Fiducia online con prezzi competitivi e prodotti di alta qualit\u00e0!\" \/>\n<meta property=\"og:url\" content=\"https:\/\/www.morenaelettrodomestici.com\/en\/shop\/t-408-hd-t-p-asko-asciugatrice-8-kg\/\" \/>\n<meta property=\"og:site_name\" content=\"Morena Elettrodomestici\" \/>\n<meta property=\"article:publisher\" content=\"https:\/\/www.facebook.com\/morenaelettrodomestici\/\" \/>\n<meta property=\"article:modified_time\" content=\"2026-01-21T09:30:28+00:00\" \/>\n<meta property=\"og:image\" content=\"https:\/\/www.morenaelettrodomestici.com\/wp-content\/uploads\/2026\/01\/9978.jpg\" \/>\n\t<meta property=\"og:image:width\" content=\"300\" \/>\n\t<meta property=\"og:image:height\" content=\"300\" \/>\n\t<meta property=\"og:image:type\" content=\"image\/jpeg\" \/>\n<meta name=\"twitter:card\" content=\"summary_large_image\" \/>\n<meta name=\"twitter:label1\" content=\"Estimated reading time\" \/>\n\t<meta name=\"twitter:data1\" content=\"1 minute\" \/>\n<script type=\"application\/ld+json\" class=\"yoast-schema-graph\">{\"@context\":\"https:\\\/\\\/schema.org\",\"@graph\":[{\"@type\":\"WebPage\",\"@id\":\"https:\\\/\\\/www.morenaelettrodomestici.com\\\/shop\\\/t-408-hd-t-p-asko-asciugatrice-8-kg\\\/\",\"url\":\"https:\\\/\\\/www.morenaelettrodomestici.com\\\/shop\\\/t-408-hd-t-p-asko-asciugatrice-8-kg\\\/\",\"name\":\"T 408 HD T P ASKO Asciugatrice 8 kg - Morena Elettrodomestici\",\"isPartOf\":{\"@id\":\"https:\\\/\\\/www.morenaelettrodomestici.com\\\/#website\"},\"primaryImageOfPage\":{\"@id\":\"https:\\\/\\\/www.morenaelettrodomestici.com\\\/shop\\\/t-408-hd-t-p-asko-asciugatrice-8-kg\\\/#primaryimage\"},\"image\":{\"@id\":\"https:\\\/\\\/www.morenaelettrodomestici.com\\\/shop\\\/t-408-hd-t-p-asko-asciugatrice-8-kg\\\/#primaryimage\"},\"thumbnailUrl\":\"https:\\\/\\\/www.morenaelettrodomestici.com\\\/wp-content\\\/uploads\\\/2026\\\/01\\\/9978.jpg\",\"datePublished\":\"2025-12-30T11:45:35+00:00\",\"dateModified\":\"2026-01-21T09:30:28+00:00\",\"description\":\"Acquista T 408 HD T P ASKO Asciugatrice 8 kg su Morena Elettrodomestici. Il tuo Negozio di Fiducia online con prezzi competitivi e prodotti di alta qualit\u00e0!\",\"breadcrumb\":{\"@id\":\"https:\\\/\\\/www.morenaelettrodomestici.com\\\/shop\\\/t-408-hd-t-p-asko-asciugatrice-8-kg\\\/#breadcrumb\"},\"inLanguage\":\"en-GB\",\"potentialAction\":[{\"@type\":\"ReadAction\",\"target\":[\"https:\\\/\\\/www.morenaelettrodomestici.com\\\/shop\\\/t-408-hd-t-p-asko-asciugatrice-8-kg\\\/\"]}]},{\"@type\":\"ImageObject\",\"inLanguage\":\"en-GB\",\"@id\":\"https:\\\/\\\/www.morenaelettrodomestici.com\\\/shop\\\/t-408-hd-t-p-asko-asciugatrice-8-kg\\\/#primaryimage\",\"url\":\"https:\\\/\\\/www.morenaelettrodomestici.com\\\/wp-content\\\/uploads\\\/2026\\\/01\\\/9978.jpg\",\"contentUrl\":\"https:\\\/\\\/www.morenaelettrodomestici.com\\\/wp-content\\\/uploads\\\/2026\\\/01\\\/9978.jpg\",\"width\":300,\"height\":300},{\"@type\":\"BreadcrumbList\",\"@id\":\"https:\\\/\\\/www.morenaelettrodomestici.com\\\/shop\\\/t-408-hd-t-p-asko-asciugatrice-8-kg\\\/#breadcrumb\",\"itemListElement\":[{\"@type\":\"ListItem\",\"position\":1,\"name\":\"Home\",\"item\":\"https:\\\/\\\/www.morenaelettrodomestici.com\\\/\"},{\"@type\":\"ListItem\",\"position\":2,\"name\":\"Shop\",\"item\":\"https:\\\/\\\/www.morenaelettrodomestici.com\\\/shop\\\/\"},{\"@type\":\"ListItem\",\"position\":3,\"name\":\"T 408 HD T P ASKO Asciugatrice 8 kg\"}]},{\"@type\":\"WebSite\",\"@id\":\"https:\\\/\\\/www.morenaelettrodomestici.com\\\/#website\",\"url\":\"https:\\\/\\\/www.morenaelettrodomestici.com\\\/\",\"name\":\"Morena\",\"description\":\"I migliori elettrodomestici a prezzi folli\",\"publisher\":{\"@id\":\"https:\\\/\\\/www.morenaelettrodomestici.com\\\/#organization\"},\"potentialAction\":[{\"@type\":\"SearchAction\",\"target\":{\"@type\":\"EntryPoint\",\"urlTemplate\":\"https:\\\/\\\/www.morenaelettrodomestici.com\\\/?s={search_term_string}\"},\"query-input\":{\"@type\":\"PropertyValueSpecification\",\"valueRequired\":true,\"valueName\":\"search_term_string\"}}],\"inLanguage\":\"en-GB\"},{\"@type\":\"Organization\",\"@id\":\"https:\\\/\\\/www.morenaelettrodomestici.com\\\/#organization\",\"name\":\"Morena Elettrodomestici\",\"url\":\"https:\\\/\\\/www.morenaelettrodomestici.com\\\/\",\"logo\":{\"@type\":\"ImageObject\",\"inLanguage\":\"en-GB\",\"@id\":\"https:\\\/\\\/www.morenaelettrodomestici.com\\\/#\\\/schema\\\/logo\\\/image\\\/\",\"url\":\"https:\\\/\\\/www.morenaelettrodomestici.com\\\/wp-content\\\/uploads\\\/2024\\\/05\\\/logo_Morena_srls-TRASPARENTE.png\",\"contentUrl\":\"https:\\\/\\\/www.morenaelettrodomestici.com\\\/wp-content\\\/uploads\\\/2024\\\/05\\\/logo_Morena_srls-TRASPARENTE.png\",\"width\":2264,\"height\":718,\"caption\":\"Morena Elettrodomestici\"},\"image\":{\"@id\":\"https:\\\/\\\/www.morenaelettrodomestici.com\\\/#\\\/schema\\\/logo\\\/image\\\/\"},\"sameAs\":[\"https:\\\/\\\/www.facebook.com\\\/morenaelettrodomestici\\\/\",\"https:\\\/\\\/www.instagram.com\\\/morena.elettrodomestici\\\/\",\"https:\\\/\\\/www.linkedin.com\\\/company-beta\\\/10507375\\\/\",\"https:\\\/\\\/www.youtube.com\\\/channel\\\/UCgdTfdgRUeVEnhI2Z4GRlFA\"]}]}<\/script>\n<!-- \/ Yoast SEO plugin. -->","yoast_head_json":{"title":"T 408 HD T P ASKO Asciugatrice 8 kg - Morena Elettrodomestici","description":"Acquista T 408 HD T P ASKO Asciugatrice 8 kg su Morena Elettrodomestici. Il tuo Negozio di Fiducia online con prezzi competitivi e prodotti di alta qualit\u00e0!","robots":{"index":"index","follow":"follow","max-snippet":"max-snippet:-1","max-image-preview":"max-image-preview:large","max-video-preview":"max-video-preview:-1"},"canonical":"https:\/\/www.morenaelettrodomestici.com\/en\/shop\/t-408-hd-t-p-asko-asciugatrice-8-kg\/","og_locale":"en_GB","og_type":"article","og_title":"T 408 HD T P ASKO Asciugatrice 8 kg - Morena Elettrodomestici","og_description":"Acquista T 408 HD T P ASKO Asciugatrice 8 kg su Morena Elettrodomestici. Il tuo Negozio di Fiducia online con prezzi competitivi e prodotti di alta qualit\u00e0!","og_url":"https:\/\/www.morenaelettrodomestici.com\/en\/shop\/t-408-hd-t-p-asko-asciugatrice-8-kg\/","og_site_name":"Morena Elettrodomestici","article_publisher":"https:\/\/www.facebook.com\/morenaelettrodomestici\/","article_modified_time":"2026-01-21T09:30:28+00:00","og_image":[{"width":300,"height":300,"url":"https:\/\/www.morenaelettrodomestici.com\/wp-content\/uploads\/2026\/01\/9978.jpg","type":"image\/jpeg"}],"twitter_card":"summary_large_image","twitter_misc":{"Estimated reading time":"1 minute"},"schema":{"@context":"https:\/\/schema.org","@graph":[{"@type":"WebPage","@id":"https:\/\/www.morenaelettrodomestici.com\/shop\/t-408-hd-t-p-asko-asciugatrice-8-kg\/","url":"https:\/\/www.morenaelettrodomestici.com\/shop\/t-408-hd-t-p-asko-asciugatrice-8-kg\/","name":"T 408 HD T P ASKO Asciugatrice 8 kg - Morena Elettrodomestici","isPartOf":{"@id":"https:\/\/www.morenaelettrodomestici.com\/#website"},"primaryImageOfPage":{"@id":"https:\/\/www.morenaelettrodomestici.com\/shop\/t-408-hd-t-p-asko-asciugatrice-8-kg\/#primaryimage"},"image":{"@id":"https:\/\/www.morenaelettrodomestici.com\/shop\/t-408-hd-t-p-asko-asciugatrice-8-kg\/#primaryimage"},"thumbnailUrl":"https:\/\/www.morenaelettrodomestici.com\/wp-content\/uploads\/2026\/01\/9978.jpg","datePublished":"2025-12-30T11:45:35+00:00","dateModified":"2026-01-21T09:30:28+00:00","description":"Acquista T 408 HD T P ASKO Asciugatrice 8 kg su Morena Elettrodomestici. Il tuo Negozio di Fiducia online con prezzi competitivi e prodotti di alta qualit\u00e0!","breadcrumb":{"@id":"https:\/\/www.morenaelettrodomestici.com\/shop\/t-408-hd-t-p-asko-asciugatrice-8-kg\/#breadcrumb"},"inLanguage":"en-GB","potentialAction":[{"@type":"ReadAction","target":["https:\/\/www.morenaelettrodomestici.com\/shop\/t-408-hd-t-p-asko-asciugatrice-8-kg\/"]}]},{"@type":"ImageObject","inLanguage":"en-GB","@id":"https:\/\/www.morenaelettrodomestici.com\/shop\/t-408-hd-t-p-asko-asciugatrice-8-kg\/#primaryimage","url":"https:\/\/www.morenaelettrodomestici.com\/wp-content\/uploads\/2026\/01\/9978.jpg","contentUrl":"https:\/\/www.morenaelettrodomestici.com\/wp-content\/uploads\/2026\/01\/9978.jpg","width":300,"height":300},{"@type":"BreadcrumbList","@id":"https:\/\/www.morenaelettrodomestici.com\/shop\/t-408-hd-t-p-asko-asciugatrice-8-kg\/#breadcrumb","itemListElement":[{"@type":"ListItem","position":1,"name":"Home","item":"https:\/\/www.morenaelettrodomestici.com\/"},{"@type":"ListItem","position":2,"name":"Shop","item":"https:\/\/www.morenaelettrodomestici.com\/shop\/"},{"@type":"ListItem","position":3,"name":"T 408 HD T P ASKO Asciugatrice 8 kg"}]},{"@type":"WebSite","@id":"https:\/\/www.morenaelettrodomestici.com\/#website","url":"https:\/\/www.morenaelettrodomestici.com\/","name":"Morena","description":"I migliori elettrodomestici a prezzi folli","publisher":{"@id":"https:\/\/www.morenaelettrodomestici.com\/#organization"},"potentialAction":[{"@type":"SearchAction","target":{"@type":"EntryPoint","urlTemplate":"https:\/\/www.morenaelettrodomestici.com\/?s={search_term_string}"},"query-input":{"@type":"PropertyValueSpecification","valueRequired":true,"valueName":"search_term_string"}}],"inLanguage":"en-GB"},{"@type":"Organization","@id":"https:\/\/www.morenaelettrodomestici.com\/#organization","name":"Morena Elettrodomestici","url":"https:\/\/www.morenaelettrodomestici.com\/","logo":{"@type":"ImageObject","inLanguage":"en-GB","@id":"https:\/\/www.morenaelettrodomestici.com\/#\/schema\/logo\/image\/","url":"https:\/\/www.morenaelettrodomestici.com\/wp-content\/uploads\/2024\/05\/logo_Morena_srls-TRASPARENTE.png","contentUrl":"https:\/\/www.morenaelettrodomestici.com\/wp-content\/uploads\/2024\/05\/logo_Morena_srls-TRASPARENTE.png","width":2264,"height":718,"caption":"Morena Elettrodomestici"},"image":{"@id":"https:\/\/www.morenaelettrodomestici.com\/#\/schema\/logo\/image\/"},"sameAs":["https:\/\/www.facebook.com\/morenaelettrodomestici\/","https:\/\/www.instagram.com\/morena.elettrodomestici\/","https:\/\/www.linkedin.com\/company-beta\/10507375\/","https:\/\/www.youtube.com\/channel\/UCgdTfdgRUeVEnhI2Z4GRlFA"]}]}},"_links":{"self":[{"href":"https:\/\/www.morenaelettrodomestici.com\/en\/wp-json\/wp\/v2\/product\/50669","targetHints":{"allow":["GET"]}}],"collection":[{"href":"https:\/\/www.morenaelettrodomestici.com\/en\/wp-json\/wp\/v2\/product"}],"about":[{"href":"https:\/\/www.morenaelettrodomestici.com\/en\/wp-json\/wp\/v2\/types\/product"}],"version-history":[{"count":2,"href":"https:\/\/www.morenaelettrodomestici.com\/en\/wp-json\/wp\/v2\/product\/50669\/revisions"}],"predecessor-version":[{"id":50689,"href":"https:\/\/www.morenaelettrodomestici.com\/en\/wp-json\/wp\/v2\/product\/50669\/revisions\/50689"}],"wp:featuredmedia":[{"embeddable":true,"href":"https:\/\/www.morenaelettrodomestici.com\/en\/wp-json\/wp\/v2\/media\/50688"}],"wp:attachment":[{"href":"https:\/\/www.morenaelettrodomestici.com\/en\/wp-json\/wp\/v2\/media?parent=50669"}],"wp:term":[{"taxonomy":"product_brand","embeddable":true,"href":"https:\/\/www.morenaelettrodomestici.com\/en\/wp-json\/wp\/v2\/product_brand?post=50669"},{"taxonomy":"product_cat","embeddable":true,"href":"https:\/\/www.morenaelettrodomestici.com\/en\/wp-json\/wp\/v2\/product_cat?post=50669"},{"taxonomy":"product_tag","embeddable":true,"href":"https:\/\/www.morenaelettrodomestici.com\/en\/wp-json\/wp\/v2\/product_tag?post=50669"}],"curies":[{"name":"wp","href":"https:\/\/api.w.org\/{rel}","templated":true}]}}