{"id":50676,"date":"2026-01-02T09:15:23","date_gmt":"2026-01-02T09:15:23","guid":{"rendered":"https:\/\/www.morenaelettrodomestici.com\/shop\/t-608-hx-s-asko-asciugatrice-8kg-c-vapore\/"},"modified":"2026-01-02T09:30:26","modified_gmt":"2026-01-02T09:30:26","slug":"t-608-hx-s-asko-asciugatrice-8kg-c-vapore","status":"publish","type":"product","link":"https:\/\/www.morenaelettrodomestici.com\/en\/shop\/t-608-hx-s-asko-asciugatrice-8kg-c-vapore\/","title":{"rendered":"T 608 HX S ASKO Asciugatrice  8kg C Vapore"},"content":{"rendered":"<p><strong>T608HX.S<\/strong><\/p>\n<p>Questa asciugatrice a pompa di calore e a risparmio energetico della nostra gamma Style \u00e8 realizzata con una struttura robusta e durevole, dotata di un tamburo in acciaio inossidabile e di un motore senza spazzole affidabile. L&#8217;installazione \u00e8 semplice poich\u00e9 non richiede opere di canalizzazione ed \u00e8 adatta anche per spazi ridotti, in quanto la pompa di calore necessita solo di una piccola quantit\u00e0 di aria esterna. \u00c8 facile da usare e permette di impostare diversi livelli di asciugatura con i programmi automatici, da completamente asciutto a pronto per la stiratura. 18 programmi e varie opzioni ti aiuteranno ad asciugare i tuoi vestiti in modo efficace ogni volta.\u00f9<\/p>\n<h3>Asciugatura Butterfly <a href=\"https:\/\/youtu.be\/KITVlTSZ1GY?list=TLGGz6K7T-PceuIwMjAxMjAyNg\">https:\/\/youtu.be\/KITVlTSZ1GY?list=TLGGz6K7T-PceuIwMjAxMjAyNg<\/a><\/h3>\n<p>&nbsp;<\/p>\n<p>&nbsp;<\/p>\n<figure class=\"table\">\n<table>\n<tbody>\n<tr>\n<td>\n<p>Dimensioni<\/p>\n<p>&nbsp;<\/p>\n<p>DIMENSIONI:<br \/>Altezza: 850 mm<br \/>Larghezza: 595 mm<br \/>Profondit\u00e0: 593 mm<br \/>Volume del cestello: 117 litri<br \/>Lunghezza del cavo di alimentazione: 210 cm<\/p>\n<p>&nbsp;<\/p>\n<\/td>\n<\/tr>\n<tr>\n<td>\n<p>Prestazioni e consumi<\/p>\n<p>&nbsp;<\/p>\n<p>Capacit\u00e0 di carico: 8 kg<br \/>CONSUMI\/PERFORMANCE:<br \/>Classe di efficienza energetica: C<br \/>Classe di efficienza di condensazione: B \/ 91%<br \/>Rumorosit\u00e0: 63 db<br \/>Classe rumorosit\u00e0: B<br \/>Consumo energetico per 100 cicli: 96 KWh<br \/>INFORMAZIONI TECNICHE:<br \/>Potenza: 2000 W<br \/>Intensit\u00e0 corrente: 10 A<br \/>Voltaggio: 220-240 V<br \/>Frequenza: 50 Hz<\/p>\n<p>&nbsp;<\/p>\n<\/td>\n<\/tr>\n<tr>\n<td>\n<p>Funzioni e tecnologie<\/p>\n<p>&nbsp;<\/p>\n<p>CARATTERISTICHE E FUNZIONI:<br \/>Tecnologia di asciugatura: Pompa di calore<br \/>Sensore umidit\u00e0 SensiDry: S\u00ec<br \/>Asciugatura Butterfly\u2122: S\u00ec<br \/>Sistema Multi Filter\u2122: S\u00ec<br \/>Sistema Soft Drum\u2122: S\u00ec<br \/>Trascinatori Air Lift\u2122: S\u00ec<\/p>\n<p>&nbsp;<\/p>\n<\/td>\n<\/tr>\n<tr>\n<td>\n<p>Programmi e modalit\u00e0<\/p>\n<p>&nbsp;<\/p>\n<p>Programmi automatici: 18<br \/>Generatore di vapore: S\u00ec<br \/>Funzione anti piega: S\u00ec<br \/>PROGRAMMI:<br \/>Intensivo Plus: S\u00ec<br \/>Intensivo: S\u00ec<br \/>Normale: S\u00ec<br \/>Stiro facile: S\u00ec<br \/>Jeans: S\u00ec<br \/>Capi in spugna: S\u00ec<br \/>Seta e lana: S\u00ec<br \/>Camicie: S\u00ec<br \/>Rapido PRO: S\u00ec<br \/>A tempo: S\u00ec<br \/>Piumini: S\u00ec<br \/>Abbigliamento sportivo: S\u00ec<br \/>Impermeabilizzante: S\u00ec<br \/>Anti piega con vapore: S\u00ec<br \/>Ravviva con vapore: S\u00ec<br \/>Ravviva: S\u00ec<br \/>OPZIONI:<br \/>Asciugatura extra: S\u00ec<br \/>Ciclo anti piega: fino a 2 ore<br \/>Quantit\u00e0 di carico: S\u00ec<br \/>Asciugatura a tempo: S\u00ec<br \/>Partenza ritardata: S\u00ec<\/p>\n<p>&nbsp;<\/p>\n<\/td>\n<\/tr>\n<tr>\n<td>\n<p>Controllo e interazione<\/p>\n<p>&nbsp;<\/p>\n<p>Interfaccia: Style<br \/>Display: TFT a colori su sfondo nero<br \/>Frontalino: Manopole e tasti in metallo<br \/>Indicatore di tempo residuo: S\u00ec<br \/>Illuminazione interna: S\u00ec<br \/>Segnale sonoro di fine programma: S\u00ec<\/p>\n<p>&nbsp;<\/p>\n<\/td>\n<\/tr>\n<tr>\n<td>\n<p>Allestimento<\/p>\n<p>&nbsp;<\/p>\n<p>Filtro del condensatore autopulente: S\u00ec<\/p>\n<p>&nbsp;<\/p>\n<\/td>\n<\/tr>\n<tr>\n<td>\n<p>Documenti Scaricabili<\/p>\n<p><a href=\"https:\/\/www.bsdspa.it\/wp-content\/uploads\/istruzioni-d-uso\/586980.pdf\"><strong>Istruzioni d&#8217;uso<\/strong><\/a><\/p>\n<p><a href=\"https:\/\/www.bsdspa.it\/wp-content\/uploads\/scheda-informativa\/586980.pdf\"><strong>Scheda informativa<\/strong><\/a><\/p>\n<p><a href=\"https:\/\/www.bsdspa.it\/wp-content\/uploads\/scheda-tecnica\/586980.pdf\"><strong>Scheda tecnica<\/strong><\/a><\/p>\n<p><a href=\"https:\/\/www.bsdspa.it\/wp-content\/uploads\/el-3d\/586980.zip\"><strong>3D<\/strong><\/a><\/p>\n<\/td>\n<\/tr>\n<\/tbody>\n<\/table>\n<\/figure>","protected":false},"excerpt":{"rendered":"<p>Capacit\u00e0 8 kg<\/p>\n<p>Programmi 18<\/p>\n<p>Vapore<\/p>","protected":false},"featured_media":50677,"template":"","meta":[],"product_brand":[],"product_cat":[99],"product_tag":[],"class_list":{"0":"post-50676","1":"product","2":"type-product","3":"status-publish","4":"has-post-thumbnail","6":"product_cat-asciugatrice","7":"pa_capacita-kg-8kg","8":"pa_colore-acciaio-inox","9":"pa_marca-asko","11":"first","12":"instock","13":"sale","14":"taxable","15":"shipping-taxable","16":"purchasable","17":"product-type-simple"},"yoast_head":"<!-- This site is optimized with the Yoast SEO plugin v27.5 - https:\/\/yoast.com\/product\/yoast-seo-wordpress\/ -->\n<title>T 608 HX S ASKO Asciugatrice 8kg C Vapore - Morena Elettrodomestici<\/title>\n<meta name=\"description\" content=\"Acquista T 608 HX S ASKO Asciugatrice 8kg C Vapore su Morena Elettrodomestici. Il tuo Negozio di Fiducia online con prezzi competitivi e prodotti di alta qualit\u00e0!\" \/>\n<meta name=\"robots\" content=\"index, follow, max-snippet:-1, max-image-preview:large, max-video-preview:-1\" \/>\n<link rel=\"canonical\" href=\"https:\/\/www.morenaelettrodomestici.com\/en\/shop\/t-608-hx-s-asko-asciugatrice-8kg-c-vapore\/\" \/>\n<meta property=\"og:locale\" content=\"en_GB\" \/>\n<meta property=\"og:type\" content=\"article\" \/>\n<meta property=\"og:title\" content=\"T 608 HX S ASKO Asciugatrice 8kg C Vapore - Morena Elettrodomestici\" \/>\n<meta property=\"og:description\" content=\"Acquista T 608 HX S ASKO Asciugatrice 8kg C Vapore su Morena Elettrodomestici. Il tuo Negozio di Fiducia online con prezzi competitivi e prodotti di alta qualit\u00e0!\" \/>\n<meta property=\"og:url\" content=\"https:\/\/www.morenaelettrodomestici.com\/en\/shop\/t-608-hx-s-asko-asciugatrice-8kg-c-vapore\/\" \/>\n<meta property=\"og:site_name\" content=\"Morena Elettrodomestici\" \/>\n<meta property=\"article:publisher\" content=\"https:\/\/www.facebook.com\/morenaelettrodomestici\/\" \/>\n<meta property=\"article:modified_time\" content=\"2026-01-02T09:30:26+00:00\" \/>\n<meta property=\"og:image\" content=\"https:\/\/www.morenaelettrodomestici.com\/wp-content\/uploads\/2026\/01\/9964.jpg\" \/>\n\t<meta property=\"og:image:width\" content=\"376\" \/>\n\t<meta property=\"og:image:height\" content=\"515\" \/>\n\t<meta property=\"og:image:type\" content=\"image\/jpeg\" \/>\n<meta name=\"twitter:card\" content=\"summary_large_image\" \/>\n<meta name=\"twitter:label1\" content=\"Estimated reading time\" \/>\n\t<meta name=\"twitter:data1\" content=\"2 minutes\" \/>\n<script type=\"application\/ld+json\" class=\"yoast-schema-graph\">{\"@context\":\"https:\\\/\\\/schema.org\",\"@graph\":[{\"@type\":\"WebPage\",\"@id\":\"https:\\\/\\\/www.morenaelettrodomestici.com\\\/shop\\\/t-608-hx-s-asko-asciugatrice-8kg-c-vapore\\\/\",\"url\":\"https:\\\/\\\/www.morenaelettrodomestici.com\\\/shop\\\/t-608-hx-s-asko-asciugatrice-8kg-c-vapore\\\/\",\"name\":\"T 608 HX S ASKO Asciugatrice 8kg C Vapore - Morena Elettrodomestici\",\"isPartOf\":{\"@id\":\"https:\\\/\\\/www.morenaelettrodomestici.com\\\/#website\"},\"primaryImageOfPage\":{\"@id\":\"https:\\\/\\\/www.morenaelettrodomestici.com\\\/shop\\\/t-608-hx-s-asko-asciugatrice-8kg-c-vapore\\\/#primaryimage\"},\"image\":{\"@id\":\"https:\\\/\\\/www.morenaelettrodomestici.com\\\/shop\\\/t-608-hx-s-asko-asciugatrice-8kg-c-vapore\\\/#primaryimage\"},\"thumbnailUrl\":\"https:\\\/\\\/www.morenaelettrodomestici.com\\\/wp-content\\\/uploads\\\/2026\\\/01\\\/9967.jpg\",\"datePublished\":\"2026-01-02T09:15:23+00:00\",\"dateModified\":\"2026-01-02T09:30:26+00:00\",\"description\":\"Acquista T 608 HX S ASKO Asciugatrice 8kg C Vapore su Morena Elettrodomestici. Il tuo Negozio di Fiducia online con prezzi competitivi e prodotti di alta qualit\u00e0!\",\"breadcrumb\":{\"@id\":\"https:\\\/\\\/www.morenaelettrodomestici.com\\\/shop\\\/t-608-hx-s-asko-asciugatrice-8kg-c-vapore\\\/#breadcrumb\"},\"inLanguage\":\"en-GB\",\"potentialAction\":[{\"@type\":\"ReadAction\",\"target\":[\"https:\\\/\\\/www.morenaelettrodomestici.com\\\/shop\\\/t-608-hx-s-asko-asciugatrice-8kg-c-vapore\\\/\"]}]},{\"@type\":\"ImageObject\",\"inLanguage\":\"en-GB\",\"@id\":\"https:\\\/\\\/www.morenaelettrodomestici.com\\\/shop\\\/t-608-hx-s-asko-asciugatrice-8kg-c-vapore\\\/#primaryimage\",\"url\":\"https:\\\/\\\/www.morenaelettrodomestici.com\\\/wp-content\\\/uploads\\\/2026\\\/01\\\/9967.jpg\",\"contentUrl\":\"https:\\\/\\\/www.morenaelettrodomestici.com\\\/wp-content\\\/uploads\\\/2026\\\/01\\\/9967.jpg\",\"width\":300,\"height\":300},{\"@type\":\"BreadcrumbList\",\"@id\":\"https:\\\/\\\/www.morenaelettrodomestici.com\\\/shop\\\/t-608-hx-s-asko-asciugatrice-8kg-c-vapore\\\/#breadcrumb\",\"itemListElement\":[{\"@type\":\"ListItem\",\"position\":1,\"name\":\"Home\",\"item\":\"https:\\\/\\\/www.morenaelettrodomestici.com\\\/\"},{\"@type\":\"ListItem\",\"position\":2,\"name\":\"Shop\",\"item\":\"https:\\\/\\\/www.morenaelettrodomestici.com\\\/shop\\\/\"},{\"@type\":\"ListItem\",\"position\":3,\"name\":\"T 608 HX S ASKO Asciugatrice 8kg C Vapore\"}]},{\"@type\":\"WebSite\",\"@id\":\"https:\\\/\\\/www.morenaelettrodomestici.com\\\/#website\",\"url\":\"https:\\\/\\\/www.morenaelettrodomestici.com\\\/\",\"name\":\"Morena\",\"description\":\"I migliori elettrodomestici a prezzi folli\",\"publisher\":{\"@id\":\"https:\\\/\\\/www.morenaelettrodomestici.com\\\/#organization\"},\"potentialAction\":[{\"@type\":\"SearchAction\",\"target\":{\"@type\":\"EntryPoint\",\"urlTemplate\":\"https:\\\/\\\/www.morenaelettrodomestici.com\\\/?s={search_term_string}\"},\"query-input\":{\"@type\":\"PropertyValueSpecification\",\"valueRequired\":true,\"valueName\":\"search_term_string\"}}],\"inLanguage\":\"en-GB\"},{\"@type\":\"Organization\",\"@id\":\"https:\\\/\\\/www.morenaelettrodomestici.com\\\/#organization\",\"name\":\"Morena Elettrodomestici\",\"url\":\"https:\\\/\\\/www.morenaelettrodomestici.com\\\/\",\"logo\":{\"@type\":\"ImageObject\",\"inLanguage\":\"en-GB\",\"@id\":\"https:\\\/\\\/www.morenaelettrodomestici.com\\\/#\\\/schema\\\/logo\\\/image\\\/\",\"url\":\"https:\\\/\\\/www.morenaelettrodomestici.com\\\/wp-content\\\/uploads\\\/2024\\\/05\\\/logo_Morena_srls-TRASPARENTE.png\",\"contentUrl\":\"https:\\\/\\\/www.morenaelettrodomestici.com\\\/wp-content\\\/uploads\\\/2024\\\/05\\\/logo_Morena_srls-TRASPARENTE.png\",\"width\":2264,\"height\":718,\"caption\":\"Morena Elettrodomestici\"},\"image\":{\"@id\":\"https:\\\/\\\/www.morenaelettrodomestici.com\\\/#\\\/schema\\\/logo\\\/image\\\/\"},\"sameAs\":[\"https:\\\/\\\/www.facebook.com\\\/morenaelettrodomestici\\\/\",\"https:\\\/\\\/www.instagram.com\\\/morena.elettrodomestici\\\/\",\"https:\\\/\\\/www.linkedin.com\\\/company-beta\\\/10507375\\\/\",\"https:\\\/\\\/www.youtube.com\\\/channel\\\/UCgdTfdgRUeVEnhI2Z4GRlFA\"]}]}<\/script>\n<!-- \/ Yoast SEO plugin. -->","yoast_head_json":{"title":"T 608 HX S ASKO Asciugatrice 8kg C Vapore - Morena Elettrodomestici","description":"Acquista T 608 HX S ASKO Asciugatrice 8kg C Vapore su Morena Elettrodomestici. Il tuo Negozio di Fiducia online con prezzi competitivi e prodotti di alta qualit\u00e0!","robots":{"index":"index","follow":"follow","max-snippet":"max-snippet:-1","max-image-preview":"max-image-preview:large","max-video-preview":"max-video-preview:-1"},"canonical":"https:\/\/www.morenaelettrodomestici.com\/en\/shop\/t-608-hx-s-asko-asciugatrice-8kg-c-vapore\/","og_locale":"en_GB","og_type":"article","og_title":"T 608 HX S ASKO Asciugatrice 8kg C Vapore - Morena Elettrodomestici","og_description":"Acquista T 608 HX S ASKO Asciugatrice 8kg C Vapore su Morena Elettrodomestici. Il tuo Negozio di Fiducia online con prezzi competitivi e prodotti di alta qualit\u00e0!","og_url":"https:\/\/www.morenaelettrodomestici.com\/en\/shop\/t-608-hx-s-asko-asciugatrice-8kg-c-vapore\/","og_site_name":"Morena Elettrodomestici","article_publisher":"https:\/\/www.facebook.com\/morenaelettrodomestici\/","article_modified_time":"2026-01-02T09:30:26+00:00","og_image":[{"width":376,"height":515,"url":"https:\/\/www.morenaelettrodomestici.com\/wp-content\/uploads\/2026\/01\/9964.jpg","type":"image\/jpeg"}],"twitter_card":"summary_large_image","twitter_misc":{"Estimated reading time":"2 minutes"},"schema":{"@context":"https:\/\/schema.org","@graph":[{"@type":"WebPage","@id":"https:\/\/www.morenaelettrodomestici.com\/shop\/t-608-hx-s-asko-asciugatrice-8kg-c-vapore\/","url":"https:\/\/www.morenaelettrodomestici.com\/shop\/t-608-hx-s-asko-asciugatrice-8kg-c-vapore\/","name":"T 608 HX S ASKO Asciugatrice 8kg C Vapore - Morena Elettrodomestici","isPartOf":{"@id":"https:\/\/www.morenaelettrodomestici.com\/#website"},"primaryImageOfPage":{"@id":"https:\/\/www.morenaelettrodomestici.com\/shop\/t-608-hx-s-asko-asciugatrice-8kg-c-vapore\/#primaryimage"},"image":{"@id":"https:\/\/www.morenaelettrodomestici.com\/shop\/t-608-hx-s-asko-asciugatrice-8kg-c-vapore\/#primaryimage"},"thumbnailUrl":"https:\/\/www.morenaelettrodomestici.com\/wp-content\/uploads\/2026\/01\/9967.jpg","datePublished":"2026-01-02T09:15:23+00:00","dateModified":"2026-01-02T09:30:26+00:00","description":"Acquista T 608 HX S ASKO Asciugatrice 8kg C Vapore su Morena Elettrodomestici. Il tuo Negozio di Fiducia online con prezzi competitivi e prodotti di alta qualit\u00e0!","breadcrumb":{"@id":"https:\/\/www.morenaelettrodomestici.com\/shop\/t-608-hx-s-asko-asciugatrice-8kg-c-vapore\/#breadcrumb"},"inLanguage":"en-GB","potentialAction":[{"@type":"ReadAction","target":["https:\/\/www.morenaelettrodomestici.com\/shop\/t-608-hx-s-asko-asciugatrice-8kg-c-vapore\/"]}]},{"@type":"ImageObject","inLanguage":"en-GB","@id":"https:\/\/www.morenaelettrodomestici.com\/shop\/t-608-hx-s-asko-asciugatrice-8kg-c-vapore\/#primaryimage","url":"https:\/\/www.morenaelettrodomestici.com\/wp-content\/uploads\/2026\/01\/9967.jpg","contentUrl":"https:\/\/www.morenaelettrodomestici.com\/wp-content\/uploads\/2026\/01\/9967.jpg","width":300,"height":300},{"@type":"BreadcrumbList","@id":"https:\/\/www.morenaelettrodomestici.com\/shop\/t-608-hx-s-asko-asciugatrice-8kg-c-vapore\/#breadcrumb","itemListElement":[{"@type":"ListItem","position":1,"name":"Home","item":"https:\/\/www.morenaelettrodomestici.com\/"},{"@type":"ListItem","position":2,"name":"Shop","item":"https:\/\/www.morenaelettrodomestici.com\/shop\/"},{"@type":"ListItem","position":3,"name":"T 608 HX S ASKO Asciugatrice 8kg C Vapore"}]},{"@type":"WebSite","@id":"https:\/\/www.morenaelettrodomestici.com\/#website","url":"https:\/\/www.morenaelettrodomestici.com\/","name":"Morena","description":"I migliori elettrodomestici a prezzi folli","publisher":{"@id":"https:\/\/www.morenaelettrodomestici.com\/#organization"},"potentialAction":[{"@type":"SearchAction","target":{"@type":"EntryPoint","urlTemplate":"https:\/\/www.morenaelettrodomestici.com\/?s={search_term_string}"},"query-input":{"@type":"PropertyValueSpecification","valueRequired":true,"valueName":"search_term_string"}}],"inLanguage":"en-GB"},{"@type":"Organization","@id":"https:\/\/www.morenaelettrodomestici.com\/#organization","name":"Morena Elettrodomestici","url":"https:\/\/www.morenaelettrodomestici.com\/","logo":{"@type":"ImageObject","inLanguage":"en-GB","@id":"https:\/\/www.morenaelettrodomestici.com\/#\/schema\/logo\/image\/","url":"https:\/\/www.morenaelettrodomestici.com\/wp-content\/uploads\/2024\/05\/logo_Morena_srls-TRASPARENTE.png","contentUrl":"https:\/\/www.morenaelettrodomestici.com\/wp-content\/uploads\/2024\/05\/logo_Morena_srls-TRASPARENTE.png","width":2264,"height":718,"caption":"Morena Elettrodomestici"},"image":{"@id":"https:\/\/www.morenaelettrodomestici.com\/#\/schema\/logo\/image\/"},"sameAs":["https:\/\/www.facebook.com\/morenaelettrodomestici\/","https:\/\/www.instagram.com\/morena.elettrodomestici\/","https:\/\/www.linkedin.com\/company-beta\/10507375\/","https:\/\/www.youtube.com\/channel\/UCgdTfdgRUeVEnhI2Z4GRlFA"]}]}},"_links":{"self":[{"href":"https:\/\/www.morenaelettrodomestici.com\/en\/wp-json\/wp\/v2\/product\/50676","targetHints":{"allow":["GET"]}}],"collection":[{"href":"https:\/\/www.morenaelettrodomestici.com\/en\/wp-json\/wp\/v2\/product"}],"about":[{"href":"https:\/\/www.morenaelettrodomestici.com\/en\/wp-json\/wp\/v2\/types\/product"}],"version-history":[{"count":1,"href":"https:\/\/www.morenaelettrodomestici.com\/en\/wp-json\/wp\/v2\/product\/50676\/revisions"}],"predecessor-version":[{"id":50678,"href":"https:\/\/www.morenaelettrodomestici.com\/en\/wp-json\/wp\/v2\/product\/50676\/revisions\/50678"}],"wp:featuredmedia":[{"embeddable":true,"href":"https:\/\/www.morenaelettrodomestici.com\/en\/wp-json\/wp\/v2\/media\/50677"}],"wp:attachment":[{"href":"https:\/\/www.morenaelettrodomestici.com\/en\/wp-json\/wp\/v2\/media?parent=50676"}],"wp:term":[{"taxonomy":"product_brand","embeddable":true,"href":"https:\/\/www.morenaelettrodomestici.com\/en\/wp-json\/wp\/v2\/product_brand?post=50676"},{"taxonomy":"product_cat","embeddable":true,"href":"https:\/\/www.morenaelettrodomestici.com\/en\/wp-json\/wp\/v2\/product_cat?post=50676"},{"taxonomy":"product_tag","embeddable":true,"href":"https:\/\/www.morenaelettrodomestici.com\/en\/wp-json\/wp\/v2\/product_tag?post=50676"}],"curies":[{"name":"wp","href":"https:\/\/api.w.org\/{rel}","templated":true}]}}