{"id":50861,"date":"2026-02-03T09:31:01","date_gmt":"2026-02-03T09:31:01","guid":{"rendered":"https:\/\/www.morenaelettrodomestici.com\/shop\/smv8ycx02e-bosch-lavastoviglie-incasso-60cm\/"},"modified":"2026-02-03T09:45:26","modified_gmt":"2026-02-03T09:45:26","slug":"smv8ycx02e-bosch-lavastoviglie-incasso-60cm","status":"publish","type":"product","link":"https:\/\/www.morenaelettrodomestici.com\/en\/shop\/smv8ycx02e-bosch-lavastoviglie-incasso-60cm\/","title":{"rendered":"SMV8YCX02E BOSCH Lavastoviglie Incasso 60cm"},"content":{"rendered":"<h2><strong>Serie 8<\/strong> Lavastoviglie da incasso a scomparsa totale 60 cm<\/h2>\n<p>SMV8YCX02E<\/p>\n<h2>&nbsp;<\/h2>\n<h2><strong>Dati tecnici<\/strong><\/h2>\n<p>&nbsp;<\/p>\n<figure class=\"table\">\n<table>\n<thead>\n<tr>\n<th colspan=\"2\"><strong>Caratteristiche tecniche<\/strong><\/th>\n<\/tr>\n<\/thead>\n<tbody>\n<tr>\n<td>Tipo di dispositivo<\/td>\n<td>LAVASTOVIGLIE INCASSO<\/td>\n<\/tr>\n<tr>\n<td>Tipo installazione<\/td>\n<td>Pannello frontale non in dotazione<\/td>\n<\/tr>\n<tr>\n<td>Rumorosit\u00e0<\/td>\n<td>44 dB(A)<\/td>\n<\/tr>\n<\/tbody>\n<\/table>\n<\/figure>\n<figure class=\"table\">\n<table>\n<thead>\n<tr>\n<th colspan=\"2\"><strong>Attrezzatura<\/strong><\/th>\n<\/tr>\n<\/thead>\n<tbody>\n<tr>\n<td>Numero di programmi<\/td>\n<td>8<\/td>\n<\/tr>\n<tr>\n<td>Programmi<\/td>\n<td>Programma rapido: S\u00ec; Altri programmi: Eco 50 \u00b0C; Auto 45-65 \u00b0C; Intelligent; Intensive 70 \u00b0C; Express 60 \u00b0C; Bicchieri 40 \u00b0C; Silence 50 \u00b0C; Preferito.<\/td>\n<\/tr>\n<tr>\n<td>Cestello superiore ad altezza regolabile<\/td>\n<td>s\u00ec<\/td>\n<\/tr>\n<tr>\n<td>Caratteristiche speciali<\/td>\n<td>Generali: Home Connect: Programmazione e controllo dell&#8217;apparecchio a distanza tramite app; Sistema di asciugatura con Zeolite; Extra Clean Zone: pulizia extra nel cestello superiore; Illuminazione interna EmotionLight; Motore senza spazzole EcoSilence Drive. Sistema di controllo: Display TFT; Pannello comandi TouchControl; Programma Preferito impostato inizialmente su Prelavaggio; Programma manutenzione Machine Care; Silence on demand (via app Home Connect); Partenza ritardata (1-24h). Sicurezza: AquaStop: sistema di protezione totale antiallagamento. Importante: per le dimensioni si prega di fare riferimento alle quote d&#8217;installazione mostrate nel disegno tecnico. Remote Start, Asciugatura Extra, Intensive Zone, Hygiene +, SpeedPerfect+.; Indicazione fasi lavaggio: S\u00ec; Spia esaurimento brillantante: S\u00ec; Terzo cestello: S\u00ec<\/td>\n<\/tr>\n<tr>\n<td>Numero temperature di lavaggio<\/td>\n<td>6<\/td>\n<\/tr>\n<tr>\n<td>Sicurezza antiallagamento<\/td>\n<td>s\u00ec<\/td>\n<\/tr>\n<tr>\n<td>Filtro autopulente<\/td>\n<td>s\u00ec<\/td>\n<\/tr>\n<tr>\n<td>Riconoscimento del carico<\/td>\n<td>s\u00ec<\/td>\n<\/tr>\n<tr>\n<td>Funzione mezzo carico<\/td>\n<td>s\u00ec<\/td>\n<\/tr>\n<\/tbody>\n<\/table>\n<\/figure>\n<figure class=\"table\">\n<table>\n<thead>\n<tr>\n<th colspan=\"2\"><strong>Display\/controllo<\/strong><\/th>\n<\/tr>\n<\/thead>\n<tbody>\n<tr>\n<td>Tempo d\u2019inizio configurabile<\/td>\n<td>S\u00ec, partenza ritardata<\/td>\n<\/tr>\n<tr>\n<td>Indicatore di fine programma<\/td>\n<td>s\u00ec<\/td>\n<\/tr>\n<tr>\n<td>Display tempo residuo<\/td>\n<td>s\u00ec<\/td>\n<\/tr>\n<tr>\n<td>Indicatore di mancanza sale<\/td>\n<td>s\u00ec<\/td>\n<\/tr>\n<tr>\n<td>Display<\/td>\n<td>S\u00ec<\/td>\n<\/tr>\n<\/tbody>\n<\/table>\n<\/figure>\n<figure class=\"table\">\n<table>\n<thead>\n<tr>\n<th colspan=\"2\"><strong>Caratteristiche generali<\/strong><\/th>\n<\/tr>\n<\/thead>\n<tbody>\n<tr>\n<td>Dimensioni (W\/H\/D)<\/td>\n<td>59.8 cm x 81.5 cm x 55 cm<\/td>\n<\/tr>\n<tr>\n<td>Peso<\/td>\n<td>36.1 kg<\/td>\n<\/tr>\n<tr>\n<td>Altezza<\/td>\n<td>81.5 cm<\/td>\n<\/tr>\n<tr>\n<td>Larghezza<\/td>\n<td>59.8 cm<\/td>\n<\/tr>\n<tr>\n<td>Profondit\u00e0<\/td>\n<td>55 cm<\/td>\n<\/tr>\n<tr>\n<td>Misure dimensioni incasso<\/td>\n<td>60 cm \/ 81.5 cm \/ 55 cm<\/td>\n<\/tr>\n<tr>\n<td>Larghezza incasso<\/td>\n<td>60 cm<\/td>\n<\/tr>\n<tr>\n<td>Altezza incasso<\/td>\n<td>81.5 cm<\/td>\n<\/tr>\n<tr>\n<td>Profondit\u00e0 incasso<\/td>\n<td>55 cm<\/td>\n<\/tr>\n<tr>\n<td>Corredo di fornitura<\/td>\n<td>LAVASTOVIGLIE INCASSO<\/td>\n<\/tr>\n<tr>\n<td>Paese di origine \/ luogo di origine<\/td>\n<td>Germania<\/td>\n<\/tr>\n<tr>\n<td>Numero articolo del produttore<\/td>\n<td>SMV8YCX02E<\/td>\n<\/tr>\n<\/tbody>\n<\/table>\n<\/figure>\n<figure class=\"table\">\n<table>\n<thead>\n<tr>\n<th colspan=\"2\"><strong>Dati di consumo energetico (EU 2017\/1369)<\/strong><\/th>\n<\/tr>\n<\/thead>\n<tbody>\n<tr>\n<td>Nuova Classe efficienza energetica<\/td>\n<td>A<\/td>\n<\/tr>\n<tr>\n<td>EU Energy Efficiency Scale (EU 2017\/1369)<\/td>\n<td>A-G<\/td>\n<\/tr>\n<tr>\n<td>Capacit\u00e0 nominale di coperti standard (Eco)<\/td>\n<td>14<\/td>\n<\/tr>\n<tr>\n<td>Consumo di energia del programma eco (kwh\/100 cicli)<\/td>\n<td>54 kWh<\/td>\n<\/tr>\n<tr>\n<td>Consumo di acqua per ciclo Eco (litri)<\/td>\n<td>9.5 l<\/td>\n<\/tr>\n<tr>\n<td>Rumorosit\u00e0<\/td>\n<td>44 dB(A)<\/td>\n<\/tr>\n<tr>\n<td>Classe emissione rumore<\/td>\n<td>B<\/td>\n<\/tr>\n<tr>\n<td>Off-mode (W)<\/td>\n<td>0.5 W<\/td>\n<\/tr>\n<tr>\n<td>Standby mode (W)<\/td>\n<td>0.5 W<\/td>\n<\/tr>\n<\/tbody>\n<\/table>\n<\/figure>\n<figure class=\"table\">\n<table>\n<thead>\n<tr>\n<th colspan=\"2\"><strong>Update policy<\/strong><\/th>\n<\/tr>\n<\/thead>\n<tbody>\n<tr>\n<td>Anno modello<\/td>\n<td>2023<\/td>\n<\/tr>\n<tr>\n<td>Aggiornamenti software supportati dal produttore<\/td>\n<td>No<\/td>\n<\/tr>\n<tr>\n<td>Richiede la condivisione delle informazioni dell&#8217;utente<\/td>\n<td>No<\/td>\n<\/tr>\n<\/tbody>\n<\/table>\n<\/figure>\n<figure class=\"table\">\n<table>\n<thead>\n<tr>\n<th colspan=\"2\"><strong>Sustainability<\/strong><\/th>\n<\/tr>\n<\/thead>\n<tbody>\n<tr>\n<td>BetterWay<\/td>\n<td>BetterWay Dishwashers<\/td>\n<\/tr>\n<tr>\n<td>Perch\u00e9 BetterWay?<\/td>\n<td>Le lavastoviglie BetterWay hanno un utilizzo pi\u00f9 sostenibile e consumano meno energia ed acqua in fase di lavaggio. Questo comporta sia un vantaggio per l&#8217;ambiente che un risparmio economico. Una lavastoviglie \u00e8 BetterWay quando l&#8217;apparecchio \u00e8 di classe energetica A e consuma meno di 10 litri di acqua per ciclo, come da programma eco.<\/td>\n<\/tr>\n<\/tbody>\n<\/table>\n<\/figure>","protected":false},"excerpt":{"rendered":"<p>&nbsp;<\/p>\n<p><strong>Coperti 14<\/strong><\/p>\n<p><strong>Vasca Acciaio<\/strong><\/p>\n<p><strong>Luce<\/strong><\/p>\n<p>Made in Germany<\/p>\n<p><strong>Sistema di asciugatura:<\/strong>Zeolite, Scambiatore di calore e EfficientDry<\/p>","protected":false},"featured_media":50855,"template":"","meta":[],"product_brand":[],"product_cat":[177],"product_tag":[],"class_list":{"0":"post-50861","1":"product","2":"type-product","3":"status-publish","4":"has-post-thumbnail","6":"product_cat-lavastoviglie-incasso","7":"pa_coperti-280","8":"pa_larghezza-60cm","9":"pa_marca-bosch","11":"first","12":"instock","13":"sale","14":"taxable","15":"shipping-taxable","16":"purchasable","17":"product-type-simple"},"yoast_head":"<!-- This site is optimized with the Yoast SEO plugin v25.5 - https:\/\/yoast.com\/wordpress\/plugins\/seo\/ -->\n<title>SMV8YCX02E BOSCH Lavastoviglie Incasso 60cm - Morena Elettrodomestici<\/title>\n<meta name=\"description\" content=\"Acquista SMV8YCX02E BOSCH Lavastoviglie Incasso 60cm su Morena Elettrodomestici. Il tuo Negozio di Fiducia online con prezzi competitivi e prodotti di alta qualit\u00e0!\" \/>\n<meta name=\"robots\" content=\"index, follow, max-snippet:-1, max-image-preview:large, max-video-preview:-1\" \/>\n<link rel=\"canonical\" href=\"https:\/\/www.morenaelettrodomestici.com\/en\/shop\/smv8ycx02e-bosch-lavastoviglie-incasso-60cm\/\" \/>\n<meta property=\"og:locale\" content=\"en_GB\" \/>\n<meta property=\"og:type\" content=\"article\" \/>\n<meta property=\"og:title\" content=\"SMV8YCX02E BOSCH Lavastoviglie Incasso 60cm - Morena Elettrodomestici\" \/>\n<meta property=\"og:description\" content=\"Acquista SMV8YCX02E BOSCH Lavastoviglie Incasso 60cm su Morena Elettrodomestici. Il tuo Negozio di Fiducia online con prezzi competitivi e prodotti di alta qualit\u00e0!\" \/>\n<meta property=\"og:url\" content=\"https:\/\/www.morenaelettrodomestici.com\/en\/shop\/smv8ycx02e-bosch-lavastoviglie-incasso-60cm\/\" \/>\n<meta property=\"og:site_name\" content=\"Morena Elettrodomestici\" \/>\n<meta property=\"article:publisher\" content=\"https:\/\/www.facebook.com\/morenaelettrodomestici\/\" \/>\n<meta property=\"article:modified_time\" content=\"2026-02-03T09:45:26+00:00\" \/>\n<meta property=\"og:image\" content=\"https:\/\/www.morenaelettrodomestici.com\/wp-content\/uploads\/2026\/02\/10074.jpg\" \/>\n\t<meta property=\"og:image:width\" content=\"300\" \/>\n\t<meta property=\"og:image:height\" content=\"300\" \/>\n\t<meta property=\"og:image:type\" content=\"image\/jpeg\" \/>\n<meta name=\"twitter:card\" content=\"summary_large_image\" \/>\n<meta name=\"twitter:label1\" content=\"Estimated reading time\" \/>\n\t<meta name=\"twitter:data1\" content=\"2 minutes\" \/>\n<script type=\"application\/ld+json\" class=\"yoast-schema-graph\">{\"@context\":\"https:\/\/schema.org\",\"@graph\":[{\"@type\":\"WebPage\",\"@id\":\"https:\/\/www.morenaelettrodomestici.com\/shop\/smv8ycx02e-bosch-lavastoviglie-incasso-60cm\/\",\"url\":\"https:\/\/www.morenaelettrodomestici.com\/shop\/smv8ycx02e-bosch-lavastoviglie-incasso-60cm\/\",\"name\":\"SMV8YCX02E BOSCH Lavastoviglie Incasso 60cm - Morena Elettrodomestici\",\"isPartOf\":{\"@id\":\"https:\/\/www.morenaelettrodomestici.com\/#website\"},\"primaryImageOfPage\":{\"@id\":\"https:\/\/www.morenaelettrodomestici.com\/shop\/smv8ycx02e-bosch-lavastoviglie-incasso-60cm\/#primaryimage\"},\"image\":{\"@id\":\"https:\/\/www.morenaelettrodomestici.com\/shop\/smv8ycx02e-bosch-lavastoviglie-incasso-60cm\/#primaryimage\"},\"thumbnailUrl\":\"https:\/\/www.morenaelettrodomestici.com\/wp-content\/uploads\/2026\/02\/10074.jpg\",\"datePublished\":\"2026-02-03T09:31:01+00:00\",\"dateModified\":\"2026-02-03T09:45:26+00:00\",\"description\":\"Acquista SMV8YCX02E BOSCH Lavastoviglie Incasso 60cm su Morena Elettrodomestici. Il tuo Negozio di Fiducia online con prezzi competitivi e prodotti di alta qualit\u00e0!\",\"breadcrumb\":{\"@id\":\"https:\/\/www.morenaelettrodomestici.com\/shop\/smv8ycx02e-bosch-lavastoviglie-incasso-60cm\/#breadcrumb\"},\"inLanguage\":\"en-GB\",\"potentialAction\":[{\"@type\":\"ReadAction\",\"target\":[\"https:\/\/www.morenaelettrodomestici.com\/shop\/smv8ycx02e-bosch-lavastoviglie-incasso-60cm\/\"]}]},{\"@type\":\"ImageObject\",\"inLanguage\":\"en-GB\",\"@id\":\"https:\/\/www.morenaelettrodomestici.com\/shop\/smv8ycx02e-bosch-lavastoviglie-incasso-60cm\/#primaryimage\",\"url\":\"https:\/\/www.morenaelettrodomestici.com\/wp-content\/uploads\/2026\/02\/10074.jpg\",\"contentUrl\":\"https:\/\/www.morenaelettrodomestici.com\/wp-content\/uploads\/2026\/02\/10074.jpg\",\"width\":300,\"height\":300},{\"@type\":\"BreadcrumbList\",\"@id\":\"https:\/\/www.morenaelettrodomestici.com\/shop\/smv8ycx02e-bosch-lavastoviglie-incasso-60cm\/#breadcrumb\",\"itemListElement\":[{\"@type\":\"ListItem\",\"position\":1,\"name\":\"Home\",\"item\":\"https:\/\/www.morenaelettrodomestici.com\/\"},{\"@type\":\"ListItem\",\"position\":2,\"name\":\"Shop\",\"item\":\"https:\/\/www.morenaelettrodomestici.com\/shop\/\"},{\"@type\":\"ListItem\",\"position\":3,\"name\":\"SMV8YCX02E BOSCH Lavastoviglie Incasso 60cm\"}]},{\"@type\":\"WebSite\",\"@id\":\"https:\/\/www.morenaelettrodomestici.com\/#website\",\"url\":\"https:\/\/www.morenaelettrodomestici.com\/\",\"name\":\"Morena\",\"description\":\"I migliori elettrodomestici a prezzi folli\",\"publisher\":{\"@id\":\"https:\/\/www.morenaelettrodomestici.com\/#organization\"},\"potentialAction\":[{\"@type\":\"SearchAction\",\"target\":{\"@type\":\"EntryPoint\",\"urlTemplate\":\"https:\/\/www.morenaelettrodomestici.com\/?s={search_term_string}\"},\"query-input\":{\"@type\":\"PropertyValueSpecification\",\"valueRequired\":true,\"valueName\":\"search_term_string\"}}],\"inLanguage\":\"en-GB\"},{\"@type\":\"Organization\",\"@id\":\"https:\/\/www.morenaelettrodomestici.com\/#organization\",\"name\":\"Morena Elettrodomestici\",\"url\":\"https:\/\/www.morenaelettrodomestici.com\/\",\"logo\":{\"@type\":\"ImageObject\",\"inLanguage\":\"en-GB\",\"@id\":\"https:\/\/www.morenaelettrodomestici.com\/#\/schema\/logo\/image\/\",\"url\":\"https:\/\/www.morenaelettrodomestici.com\/wp-content\/uploads\/2024\/05\/logo_Morena_srls-TRASPARENTE.png\",\"contentUrl\":\"https:\/\/www.morenaelettrodomestici.com\/wp-content\/uploads\/2024\/05\/logo_Morena_srls-TRASPARENTE.png\",\"width\":2264,\"height\":718,\"caption\":\"Morena Elettrodomestici\"},\"image\":{\"@id\":\"https:\/\/www.morenaelettrodomestici.com\/#\/schema\/logo\/image\/\"},\"sameAs\":[\"https:\/\/www.facebook.com\/morenaelettrodomestici\/\",\"https:\/\/www.instagram.com\/morena.elettrodomestici\/\",\"https:\/\/www.linkedin.com\/company-beta\/10507375\/\",\"https:\/\/www.youtube.com\/channel\/UCgdTfdgRUeVEnhI2Z4GRlFA\"]}]}<\/script>\n<!-- \/ Yoast SEO plugin. -->","yoast_head_json":{"title":"SMV8YCX02E BOSCH Lavastoviglie Incasso 60cm - Morena Elettrodomestici","description":"Acquista SMV8YCX02E BOSCH Lavastoviglie Incasso 60cm su Morena Elettrodomestici. Il tuo Negozio di Fiducia online con prezzi competitivi e prodotti di alta qualit\u00e0!","robots":{"index":"index","follow":"follow","max-snippet":"max-snippet:-1","max-image-preview":"max-image-preview:large","max-video-preview":"max-video-preview:-1"},"canonical":"https:\/\/www.morenaelettrodomestici.com\/en\/shop\/smv8ycx02e-bosch-lavastoviglie-incasso-60cm\/","og_locale":"en_GB","og_type":"article","og_title":"SMV8YCX02E BOSCH Lavastoviglie Incasso 60cm - Morena Elettrodomestici","og_description":"Acquista SMV8YCX02E BOSCH Lavastoviglie Incasso 60cm su Morena Elettrodomestici. Il tuo Negozio di Fiducia online con prezzi competitivi e prodotti di alta qualit\u00e0!","og_url":"https:\/\/www.morenaelettrodomestici.com\/en\/shop\/smv8ycx02e-bosch-lavastoviglie-incasso-60cm\/","og_site_name":"Morena Elettrodomestici","article_publisher":"https:\/\/www.facebook.com\/morenaelettrodomestici\/","article_modified_time":"2026-02-03T09:45:26+00:00","og_image":[{"width":300,"height":300,"url":"https:\/\/www.morenaelettrodomestici.com\/wp-content\/uploads\/2026\/02\/10074.jpg","type":"image\/jpeg"}],"twitter_card":"summary_large_image","twitter_misc":{"Estimated reading time":"2 minutes"},"schema":{"@context":"https:\/\/schema.org","@graph":[{"@type":"WebPage","@id":"https:\/\/www.morenaelettrodomestici.com\/shop\/smv8ycx02e-bosch-lavastoviglie-incasso-60cm\/","url":"https:\/\/www.morenaelettrodomestici.com\/shop\/smv8ycx02e-bosch-lavastoviglie-incasso-60cm\/","name":"SMV8YCX02E BOSCH Lavastoviglie Incasso 60cm - Morena Elettrodomestici","isPartOf":{"@id":"https:\/\/www.morenaelettrodomestici.com\/#website"},"primaryImageOfPage":{"@id":"https:\/\/www.morenaelettrodomestici.com\/shop\/smv8ycx02e-bosch-lavastoviglie-incasso-60cm\/#primaryimage"},"image":{"@id":"https:\/\/www.morenaelettrodomestici.com\/shop\/smv8ycx02e-bosch-lavastoviglie-incasso-60cm\/#primaryimage"},"thumbnailUrl":"https:\/\/www.morenaelettrodomestici.com\/wp-content\/uploads\/2026\/02\/10074.jpg","datePublished":"2026-02-03T09:31:01+00:00","dateModified":"2026-02-03T09:45:26+00:00","description":"Acquista SMV8YCX02E BOSCH Lavastoviglie Incasso 60cm su Morena Elettrodomestici. Il tuo Negozio di Fiducia online con prezzi competitivi e prodotti di alta qualit\u00e0!","breadcrumb":{"@id":"https:\/\/www.morenaelettrodomestici.com\/shop\/smv8ycx02e-bosch-lavastoviglie-incasso-60cm\/#breadcrumb"},"inLanguage":"en-GB","potentialAction":[{"@type":"ReadAction","target":["https:\/\/www.morenaelettrodomestici.com\/shop\/smv8ycx02e-bosch-lavastoviglie-incasso-60cm\/"]}]},{"@type":"ImageObject","inLanguage":"en-GB","@id":"https:\/\/www.morenaelettrodomestici.com\/shop\/smv8ycx02e-bosch-lavastoviglie-incasso-60cm\/#primaryimage","url":"https:\/\/www.morenaelettrodomestici.com\/wp-content\/uploads\/2026\/02\/10074.jpg","contentUrl":"https:\/\/www.morenaelettrodomestici.com\/wp-content\/uploads\/2026\/02\/10074.jpg","width":300,"height":300},{"@type":"BreadcrumbList","@id":"https:\/\/www.morenaelettrodomestici.com\/shop\/smv8ycx02e-bosch-lavastoviglie-incasso-60cm\/#breadcrumb","itemListElement":[{"@type":"ListItem","position":1,"name":"Home","item":"https:\/\/www.morenaelettrodomestici.com\/"},{"@type":"ListItem","position":2,"name":"Shop","item":"https:\/\/www.morenaelettrodomestici.com\/shop\/"},{"@type":"ListItem","position":3,"name":"SMV8YCX02E BOSCH Lavastoviglie Incasso 60cm"}]},{"@type":"WebSite","@id":"https:\/\/www.morenaelettrodomestici.com\/#website","url":"https:\/\/www.morenaelettrodomestici.com\/","name":"Morena","description":"I migliori elettrodomestici a prezzi folli","publisher":{"@id":"https:\/\/www.morenaelettrodomestici.com\/#organization"},"potentialAction":[{"@type":"SearchAction","target":{"@type":"EntryPoint","urlTemplate":"https:\/\/www.morenaelettrodomestici.com\/?s={search_term_string}"},"query-input":{"@type":"PropertyValueSpecification","valueRequired":true,"valueName":"search_term_string"}}],"inLanguage":"en-GB"},{"@type":"Organization","@id":"https:\/\/www.morenaelettrodomestici.com\/#organization","name":"Morena Elettrodomestici","url":"https:\/\/www.morenaelettrodomestici.com\/","logo":{"@type":"ImageObject","inLanguage":"en-GB","@id":"https:\/\/www.morenaelettrodomestici.com\/#\/schema\/logo\/image\/","url":"https:\/\/www.morenaelettrodomestici.com\/wp-content\/uploads\/2024\/05\/logo_Morena_srls-TRASPARENTE.png","contentUrl":"https:\/\/www.morenaelettrodomestici.com\/wp-content\/uploads\/2024\/05\/logo_Morena_srls-TRASPARENTE.png","width":2264,"height":718,"caption":"Morena Elettrodomestici"},"image":{"@id":"https:\/\/www.morenaelettrodomestici.com\/#\/schema\/logo\/image\/"},"sameAs":["https:\/\/www.facebook.com\/morenaelettrodomestici\/","https:\/\/www.instagram.com\/morena.elettrodomestici\/","https:\/\/www.linkedin.com\/company-beta\/10507375\/","https:\/\/www.youtube.com\/channel\/UCgdTfdgRUeVEnhI2Z4GRlFA"]}]}},"_links":{"self":[{"href":"https:\/\/www.morenaelettrodomestici.com\/en\/wp-json\/wp\/v2\/product\/50861","targetHints":{"allow":["GET"]}}],"collection":[{"href":"https:\/\/www.morenaelettrodomestici.com\/en\/wp-json\/wp\/v2\/product"}],"about":[{"href":"https:\/\/www.morenaelettrodomestici.com\/en\/wp-json\/wp\/v2\/types\/product"}],"version-history":[{"count":1,"href":"https:\/\/www.morenaelettrodomestici.com\/en\/wp-json\/wp\/v2\/product\/50861\/revisions"}],"predecessor-version":[{"id":50862,"href":"https:\/\/www.morenaelettrodomestici.com\/en\/wp-json\/wp\/v2\/product\/50861\/revisions\/50862"}],"wp:featuredmedia":[{"embeddable":true,"href":"https:\/\/www.morenaelettrodomestici.com\/en\/wp-json\/wp\/v2\/media\/50855"}],"wp:attachment":[{"href":"https:\/\/www.morenaelettrodomestici.com\/en\/wp-json\/wp\/v2\/media?parent=50861"}],"wp:term":[{"taxonomy":"product_brand","embeddable":true,"href":"https:\/\/www.morenaelettrodomestici.com\/en\/wp-json\/wp\/v2\/product_brand?post=50861"},{"taxonomy":"product_cat","embeddable":true,"href":"https:\/\/www.morenaelettrodomestici.com\/en\/wp-json\/wp\/v2\/product_cat?post=50861"},{"taxonomy":"product_tag","embeddable":true,"href":"https:\/\/www.morenaelettrodomestici.com\/en\/wp-json\/wp\/v2\/product_tag?post=50861"}],"curies":[{"name":"wp","href":"https:\/\/api.w.org\/{rel}","templated":true}]}}