{"id":50976,"date":"2026-02-13T11:04:53","date_gmt":"2026-02-13T11:04:53","guid":{"rendered":"https:\/\/www.morenaelettrodomestici.com\/shop\/g10215-g3-ferrari-friggitrice-ad-aria-9-litri\/"},"modified":"2026-02-13T11:15:37","modified_gmt":"2026-02-13T11:15:37","slug":"g10215-g3-ferrari-friggitrice-ad-aria-9-litri","status":"publish","type":"product","link":"https:\/\/www.morenaelettrodomestici.com\/en\/shop\/g10215-g3-ferrari-friggitrice-ad-aria-9-litri\/","title":{"rendered":"G10215 G3 Ferrari Friggitrice ad aria 9 litri"},"content":{"rendered":"<p>Cucinare sano, senza rinunciare al sapore e risparmiando energia? Assolutamente s\u00ec! Con la nostra friggitrice ad aria Friggisano Star \u00e8 possibile preparare gustose e croccanti fritture con fino all\u201980% di grassi in meno! La tecnologia a circolazione d\u2019aria rapida, infatti, consente di cucinare con poco o niente olio, cibi sani e deliziosi in pochissimo tempo.<br \/>Ma non solo\u2026 Le possibilit\u00e0 di cottura con Friggisano Star sono molteplici. Nella nostra friggitrice ad aria potrete anche cuocere una torta, cucinare al forno il pesce o le verdure e persino arrostire la carne! Grazie ai 12 programmi preimpostati potrete friggere in modo impeccabile patatine, pollo, crostacei, carne, pesce senza sporcare in cucina. Equipaggiata con timer da 60 minuti e doppia resistenza che garantisce una cottura pi\u00f9 rapida e uniforme, Friggisano Star \u00e8 fornita inoltre di contenitore removibile antiaderente da 9 litri, ideale per cucinare per tutta la famiglia. Per la massima praticit\u00e0, Friggisano Star \u00e8 dotata di un ampio display digitale ed anche la pulizia \u00e8 un gioco da ragazzi! \u00c8 sufficiente utilizzare una<a href=\"\/en\/void(0)\/\">Specifiche tecniche<\/a><\/p>\n<ul>\n<li>Capacit\u00e0 9 litri (fino a 2400g)<\/li>\n<li>Doppia resistenza, superiore 1800W e inferiore 350W<\/li>\n<li>Contenitore e vassoio antiaderenti<\/li>\n<li>Temperatura regolabile (80\u00b0 \u2013 200\u00b0C)<\/li>\n<li>Timer 60 minuti<\/li>\n<li>Display digitale<\/li>\n<li>12 programmi preimpostati: DIY, patatine, pesce, crostacei, barbecue, pizza, carne, cosce di pollo, dolci, verdure, scongela, bacon<\/li>\n<li>Funzione pre-riscaldamento<\/li>\n<li>Piedini antiscivolo<\/li>\n<li>Alimentazione: AC 220-240V ~ 50-60Hz<\/li>\n<li>Potenza: 2200W<\/li>\n<li>Dimensioni (L x H x P): 32 x 35 x 41 cm<\/li>\n<li>Peso: 6 Kg spugna non abrasiva e acqua calda per pulire dopo la cottura<\/li>\n<\/ul>\n<p>&nbsp;<\/p>","protected":false},"excerpt":{"rendered":"<p>Capacit\u00e0 9 litri<\/p>\n<p>Doppia resistenza<\/p>\n<p>12 programmi preimpostati<\/p>\n<p>Potenza: 2200W<\/p>\n<p>&nbsp;<\/p>","protected":false},"featured_media":50969,"template":"","meta":[],"product_brand":[],"product_cat":[504],"product_tag":[],"class_list":{"0":"post-50976","1":"product","2":"type-product","3":"status-publish","4":"has-post-thumbnail","6":"product_cat-friggitrici","7":"pa_marca-gferrari","9":"first","10":"instock","11":"sale","12":"taxable","13":"shipping-taxable","14":"purchasable","15":"product-type-simple"},"yoast_head":"<!-- This site is optimized with the Yoast SEO plugin v25.5 - https:\/\/yoast.com\/wordpress\/plugins\/seo\/ -->\n<title>G10215 G3 Ferrari Friggitrice ad aria 9 litri - Morena Elettrodomestici<\/title>\n<meta name=\"description\" content=\"Acquista G10215 G3 Ferrari Friggitrice ad aria 9 litri su Morena Elettrodomestici. Il tuo Negozio di Fiducia online con prezzi competitivi e prodotti di alta qualit\u00e0!\" \/>\n<meta name=\"robots\" content=\"index, follow, max-snippet:-1, max-image-preview:large, max-video-preview:-1\" \/>\n<link rel=\"canonical\" href=\"https:\/\/www.morenaelettrodomestici.com\/en\/shop\/g10215-g3-ferrari-friggitrice-ad-aria-9-litri\/\" \/>\n<meta property=\"og:locale\" content=\"en_GB\" \/>\n<meta property=\"og:type\" content=\"article\" \/>\n<meta property=\"og:title\" content=\"G10215 G3 Ferrari Friggitrice ad aria 9 litri - Morena Elettrodomestici\" \/>\n<meta property=\"og:description\" content=\"Acquista G10215 G3 Ferrari Friggitrice ad aria 9 litri su Morena Elettrodomestici. Il tuo Negozio di Fiducia online con prezzi competitivi e prodotti di alta qualit\u00e0!\" \/>\n<meta property=\"og:url\" content=\"https:\/\/www.morenaelettrodomestici.com\/en\/shop\/g10215-g3-ferrari-friggitrice-ad-aria-9-litri\/\" \/>\n<meta property=\"og:site_name\" content=\"Morena Elettrodomestici\" \/>\n<meta property=\"article:publisher\" content=\"https:\/\/www.facebook.com\/morenaelettrodomestici\/\" \/>\n<meta property=\"article:modified_time\" content=\"2026-02-13T11:15:37+00:00\" \/>\n<meta property=\"og:image\" content=\"https:\/\/www.morenaelettrodomestici.com\/wp-content\/uploads\/2026\/02\/10140.jpg\" \/>\n\t<meta property=\"og:image:width\" content=\"1500\" \/>\n\t<meta property=\"og:image:height\" content=\"1500\" \/>\n\t<meta property=\"og:image:type\" content=\"image\/jpeg\" \/>\n<meta name=\"twitter:card\" content=\"summary_large_image\" \/>\n<meta name=\"twitter:label1\" content=\"Estimated reading time\" \/>\n\t<meta name=\"twitter:data1\" content=\"1 minute\" \/>\n<script type=\"application\/ld+json\" class=\"yoast-schema-graph\">{\"@context\":\"https:\/\/schema.org\",\"@graph\":[{\"@type\":\"WebPage\",\"@id\":\"https:\/\/www.morenaelettrodomestici.com\/shop\/g10215-g3-ferrari-friggitrice-ad-aria-9-litri\/\",\"url\":\"https:\/\/www.morenaelettrodomestici.com\/shop\/g10215-g3-ferrari-friggitrice-ad-aria-9-litri\/\",\"name\":\"G10215 G3 Ferrari Friggitrice ad aria 9 litri - Morena Elettrodomestici\",\"isPartOf\":{\"@id\":\"https:\/\/www.morenaelettrodomestici.com\/#website\"},\"primaryImageOfPage\":{\"@id\":\"https:\/\/www.morenaelettrodomestici.com\/shop\/g10215-g3-ferrari-friggitrice-ad-aria-9-litri\/#primaryimage\"},\"image\":{\"@id\":\"https:\/\/www.morenaelettrodomestici.com\/shop\/g10215-g3-ferrari-friggitrice-ad-aria-9-litri\/#primaryimage\"},\"thumbnailUrl\":\"https:\/\/www.morenaelettrodomestici.com\/wp-content\/uploads\/2026\/02\/10140.jpg\",\"datePublished\":\"2026-02-13T11:04:53+00:00\",\"dateModified\":\"2026-02-13T11:15:37+00:00\",\"description\":\"Acquista G10215 G3 Ferrari Friggitrice ad aria 9 litri su Morena Elettrodomestici. Il tuo Negozio di Fiducia online con prezzi competitivi e prodotti di alta qualit\u00e0!\",\"breadcrumb\":{\"@id\":\"https:\/\/www.morenaelettrodomestici.com\/shop\/g10215-g3-ferrari-friggitrice-ad-aria-9-litri\/#breadcrumb\"},\"inLanguage\":\"en-GB\",\"potentialAction\":[{\"@type\":\"ReadAction\",\"target\":[\"https:\/\/www.morenaelettrodomestici.com\/shop\/g10215-g3-ferrari-friggitrice-ad-aria-9-litri\/\"]}]},{\"@type\":\"ImageObject\",\"inLanguage\":\"en-GB\",\"@id\":\"https:\/\/www.morenaelettrodomestici.com\/shop\/g10215-g3-ferrari-friggitrice-ad-aria-9-litri\/#primaryimage\",\"url\":\"https:\/\/www.morenaelettrodomestici.com\/wp-content\/uploads\/2026\/02\/10140.jpg\",\"contentUrl\":\"https:\/\/www.morenaelettrodomestici.com\/wp-content\/uploads\/2026\/02\/10140.jpg\",\"width\":1500,\"height\":1500},{\"@type\":\"BreadcrumbList\",\"@id\":\"https:\/\/www.morenaelettrodomestici.com\/shop\/g10215-g3-ferrari-friggitrice-ad-aria-9-litri\/#breadcrumb\",\"itemListElement\":[{\"@type\":\"ListItem\",\"position\":1,\"name\":\"Home\",\"item\":\"https:\/\/www.morenaelettrodomestici.com\/\"},{\"@type\":\"ListItem\",\"position\":2,\"name\":\"Shop\",\"item\":\"https:\/\/www.morenaelettrodomestici.com\/shop\/\"},{\"@type\":\"ListItem\",\"position\":3,\"name\":\"G10215 G3 Ferrari Friggitrice ad aria 9 litri\"}]},{\"@type\":\"WebSite\",\"@id\":\"https:\/\/www.morenaelettrodomestici.com\/#website\",\"url\":\"https:\/\/www.morenaelettrodomestici.com\/\",\"name\":\"Morena\",\"description\":\"I migliori elettrodomestici a prezzi folli\",\"publisher\":{\"@id\":\"https:\/\/www.morenaelettrodomestici.com\/#organization\"},\"potentialAction\":[{\"@type\":\"SearchAction\",\"target\":{\"@type\":\"EntryPoint\",\"urlTemplate\":\"https:\/\/www.morenaelettrodomestici.com\/?s={search_term_string}\"},\"query-input\":{\"@type\":\"PropertyValueSpecification\",\"valueRequired\":true,\"valueName\":\"search_term_string\"}}],\"inLanguage\":\"en-GB\"},{\"@type\":\"Organization\",\"@id\":\"https:\/\/www.morenaelettrodomestici.com\/#organization\",\"name\":\"Morena Elettrodomestici\",\"url\":\"https:\/\/www.morenaelettrodomestici.com\/\",\"logo\":{\"@type\":\"ImageObject\",\"inLanguage\":\"en-GB\",\"@id\":\"https:\/\/www.morenaelettrodomestici.com\/#\/schema\/logo\/image\/\",\"url\":\"https:\/\/www.morenaelettrodomestici.com\/wp-content\/uploads\/2024\/05\/logo_Morena_srls-TRASPARENTE.png\",\"contentUrl\":\"https:\/\/www.morenaelettrodomestici.com\/wp-content\/uploads\/2024\/05\/logo_Morena_srls-TRASPARENTE.png\",\"width\":2264,\"height\":718,\"caption\":\"Morena Elettrodomestici\"},\"image\":{\"@id\":\"https:\/\/www.morenaelettrodomestici.com\/#\/schema\/logo\/image\/\"},\"sameAs\":[\"https:\/\/www.facebook.com\/morenaelettrodomestici\/\",\"https:\/\/www.instagram.com\/morena.elettrodomestici\/\",\"https:\/\/www.linkedin.com\/company-beta\/10507375\/\",\"https:\/\/www.youtube.com\/channel\/UCgdTfdgRUeVEnhI2Z4GRlFA\"]}]}<\/script>\n<!-- \/ Yoast SEO plugin. -->","yoast_head_json":{"title":"G10215 G3 Ferrari Friggitrice ad aria 9 litri - Morena Elettrodomestici","description":"Acquista G10215 G3 Ferrari Friggitrice ad aria 9 litri su Morena Elettrodomestici. Il tuo Negozio di Fiducia online con prezzi competitivi e prodotti di alta qualit\u00e0!","robots":{"index":"index","follow":"follow","max-snippet":"max-snippet:-1","max-image-preview":"max-image-preview:large","max-video-preview":"max-video-preview:-1"},"canonical":"https:\/\/www.morenaelettrodomestici.com\/en\/shop\/g10215-g3-ferrari-friggitrice-ad-aria-9-litri\/","og_locale":"en_GB","og_type":"article","og_title":"G10215 G3 Ferrari Friggitrice ad aria 9 litri - Morena Elettrodomestici","og_description":"Acquista G10215 G3 Ferrari Friggitrice ad aria 9 litri su Morena Elettrodomestici. Il tuo Negozio di Fiducia online con prezzi competitivi e prodotti di alta qualit\u00e0!","og_url":"https:\/\/www.morenaelettrodomestici.com\/en\/shop\/g10215-g3-ferrari-friggitrice-ad-aria-9-litri\/","og_site_name":"Morena Elettrodomestici","article_publisher":"https:\/\/www.facebook.com\/morenaelettrodomestici\/","article_modified_time":"2026-02-13T11:15:37+00:00","og_image":[{"width":1500,"height":1500,"url":"https:\/\/www.morenaelettrodomestici.com\/wp-content\/uploads\/2026\/02\/10140.jpg","type":"image\/jpeg"}],"twitter_card":"summary_large_image","twitter_misc":{"Estimated reading time":"1 minute"},"schema":{"@context":"https:\/\/schema.org","@graph":[{"@type":"WebPage","@id":"https:\/\/www.morenaelettrodomestici.com\/shop\/g10215-g3-ferrari-friggitrice-ad-aria-9-litri\/","url":"https:\/\/www.morenaelettrodomestici.com\/shop\/g10215-g3-ferrari-friggitrice-ad-aria-9-litri\/","name":"G10215 G3 Ferrari Friggitrice ad aria 9 litri - Morena Elettrodomestici","isPartOf":{"@id":"https:\/\/www.morenaelettrodomestici.com\/#website"},"primaryImageOfPage":{"@id":"https:\/\/www.morenaelettrodomestici.com\/shop\/g10215-g3-ferrari-friggitrice-ad-aria-9-litri\/#primaryimage"},"image":{"@id":"https:\/\/www.morenaelettrodomestici.com\/shop\/g10215-g3-ferrari-friggitrice-ad-aria-9-litri\/#primaryimage"},"thumbnailUrl":"https:\/\/www.morenaelettrodomestici.com\/wp-content\/uploads\/2026\/02\/10140.jpg","datePublished":"2026-02-13T11:04:53+00:00","dateModified":"2026-02-13T11:15:37+00:00","description":"Acquista G10215 G3 Ferrari Friggitrice ad aria 9 litri su Morena Elettrodomestici. Il tuo Negozio di Fiducia online con prezzi competitivi e prodotti di alta qualit\u00e0!","breadcrumb":{"@id":"https:\/\/www.morenaelettrodomestici.com\/shop\/g10215-g3-ferrari-friggitrice-ad-aria-9-litri\/#breadcrumb"},"inLanguage":"en-GB","potentialAction":[{"@type":"ReadAction","target":["https:\/\/www.morenaelettrodomestici.com\/shop\/g10215-g3-ferrari-friggitrice-ad-aria-9-litri\/"]}]},{"@type":"ImageObject","inLanguage":"en-GB","@id":"https:\/\/www.morenaelettrodomestici.com\/shop\/g10215-g3-ferrari-friggitrice-ad-aria-9-litri\/#primaryimage","url":"https:\/\/www.morenaelettrodomestici.com\/wp-content\/uploads\/2026\/02\/10140.jpg","contentUrl":"https:\/\/www.morenaelettrodomestici.com\/wp-content\/uploads\/2026\/02\/10140.jpg","width":1500,"height":1500},{"@type":"BreadcrumbList","@id":"https:\/\/www.morenaelettrodomestici.com\/shop\/g10215-g3-ferrari-friggitrice-ad-aria-9-litri\/#breadcrumb","itemListElement":[{"@type":"ListItem","position":1,"name":"Home","item":"https:\/\/www.morenaelettrodomestici.com\/"},{"@type":"ListItem","position":2,"name":"Shop","item":"https:\/\/www.morenaelettrodomestici.com\/shop\/"},{"@type":"ListItem","position":3,"name":"G10215 G3 Ferrari Friggitrice ad aria 9 litri"}]},{"@type":"WebSite","@id":"https:\/\/www.morenaelettrodomestici.com\/#website","url":"https:\/\/www.morenaelettrodomestici.com\/","name":"Morena","description":"I migliori elettrodomestici a prezzi folli","publisher":{"@id":"https:\/\/www.morenaelettrodomestici.com\/#organization"},"potentialAction":[{"@type":"SearchAction","target":{"@type":"EntryPoint","urlTemplate":"https:\/\/www.morenaelettrodomestici.com\/?s={search_term_string}"},"query-input":{"@type":"PropertyValueSpecification","valueRequired":true,"valueName":"search_term_string"}}],"inLanguage":"en-GB"},{"@type":"Organization","@id":"https:\/\/www.morenaelettrodomestici.com\/#organization","name":"Morena Elettrodomestici","url":"https:\/\/www.morenaelettrodomestici.com\/","logo":{"@type":"ImageObject","inLanguage":"en-GB","@id":"https:\/\/www.morenaelettrodomestici.com\/#\/schema\/logo\/image\/","url":"https:\/\/www.morenaelettrodomestici.com\/wp-content\/uploads\/2024\/05\/logo_Morena_srls-TRASPARENTE.png","contentUrl":"https:\/\/www.morenaelettrodomestici.com\/wp-content\/uploads\/2024\/05\/logo_Morena_srls-TRASPARENTE.png","width":2264,"height":718,"caption":"Morena Elettrodomestici"},"image":{"@id":"https:\/\/www.morenaelettrodomestici.com\/#\/schema\/logo\/image\/"},"sameAs":["https:\/\/www.facebook.com\/morenaelettrodomestici\/","https:\/\/www.instagram.com\/morena.elettrodomestici\/","https:\/\/www.linkedin.com\/company-beta\/10507375\/","https:\/\/www.youtube.com\/channel\/UCgdTfdgRUeVEnhI2Z4GRlFA"]}]}},"_links":{"self":[{"href":"https:\/\/www.morenaelettrodomestici.com\/en\/wp-json\/wp\/v2\/product\/50976","targetHints":{"allow":["GET"]}}],"collection":[{"href":"https:\/\/www.morenaelettrodomestici.com\/en\/wp-json\/wp\/v2\/product"}],"about":[{"href":"https:\/\/www.morenaelettrodomestici.com\/en\/wp-json\/wp\/v2\/types\/product"}],"version-history":[{"count":1,"href":"https:\/\/www.morenaelettrodomestici.com\/en\/wp-json\/wp\/v2\/product\/50976\/revisions"}],"predecessor-version":[{"id":50978,"href":"https:\/\/www.morenaelettrodomestici.com\/en\/wp-json\/wp\/v2\/product\/50976\/revisions\/50978"}],"wp:featuredmedia":[{"embeddable":true,"href":"https:\/\/www.morenaelettrodomestici.com\/en\/wp-json\/wp\/v2\/media\/50969"}],"wp:attachment":[{"href":"https:\/\/www.morenaelettrodomestici.com\/en\/wp-json\/wp\/v2\/media?parent=50976"}],"wp:term":[{"taxonomy":"product_brand","embeddable":true,"href":"https:\/\/www.morenaelettrodomestici.com\/en\/wp-json\/wp\/v2\/product_brand?post=50976"},{"taxonomy":"product_cat","embeddable":true,"href":"https:\/\/www.morenaelettrodomestici.com\/en\/wp-json\/wp\/v2\/product_cat?post=50976"},{"taxonomy":"product_tag","embeddable":true,"href":"https:\/\/www.morenaelettrodomestici.com\/en\/wp-json\/wp\/v2\/product_tag?post=50976"}],"curies":[{"name":"wp","href":"https:\/\/api.w.org\/{rel}","templated":true}]}}