{"id":50987,"date":"2026-02-14T09:15:25","date_gmt":"2026-02-14T09:15:25","guid":{"rendered":"https:\/\/www.morenaelettrodomestici.com\/shop\/rc20xdne-smeg-frigo-combianto-60cm-2-metri\/"},"modified":"2026-02-14T09:30:29","modified_gmt":"2026-02-14T09:30:29","slug":"rc20xdne-smeg-frigo-combianto-60cm-2-metri","status":"publish","type":"product","link":"https:\/\/www.morenaelettrodomestici.com\/en\/shop\/rc20xdne-smeg-frigo-combianto-60cm-2-metri\/","title":{"rendered":"RC20XDNE SMEG Frigo Combianto 60cm 2 metri"},"content":{"rendered":"<p>Frigorifero da libera installazione con comparto freezer nel vano inferiore. La configurazione combinata offre praticit\u00e0 ed efficienza in uno spazio compatto per rispondere a tutte le necessit\u00e0 quotidiane<\/p>\n<ul>\n<li>Grazie alla sua bassa temperatura, questo vano \u00e8 ideale per scongelare lentamente e conservare alimenti come carne e pesce, mantenendone intatte freschezza e qualit\u00e0<\/li>\n<li>Il vano frutta e verdura garantisce le migliori condizioni di conservazione per gli alimenti freschi, evitando ogni contaminazione<\/li>\n<li>Il sistema No Frost evita la formazione di ghiaccio e contribuisce ad una migliore conservazione degli alimenti nel frigorifero<\/li>\n<li>Il sistema Multiflow garantisce una distribuzione uniforme dell&#8217;aria fredda all&#8217;interno del frigorifero<\/li>\n<li>Il display esterno permette il monitoraggio costante delle condizioni interne e il settaggio diretto delle impostazioni, assicurando un controllo preciso senza aprire il frigorifero<\/li>\n<li>Il gas refrigerante R600a a basso impatto ambientale contribuisce a un raffreddamento rapido con un minor consumo di energia<\/li>\n<li>La porta reversibile assicura un&#8217;installazione flessibile e una massima ottimizzazione dello spazio disponibile<\/li>\n<\/ul>\n<h2>Pi\u00f9 ordine, meno sprechi<\/h2>\n<p>Pianifica come organizzare gli alimenti in frigorifero e dedica spazi specifici ad alimenti come carne, latticini, frutta e verdura. <strong>Regola la temperatura<\/strong> in modo appropriato mantenendo tra i 2\u00b0C e i 4\u00b0C per conservare gli alimenti freschi pi\u00f9 a lungo. Assicurati di chiudere correttamente le porte dopo ogni utilizzo per evitare dispersioni inutili.<\/p>\n<h2>No Frost totale<\/h2>\n<p>Il <strong>sistema No Frost totale<\/strong> con due circuiti di raffreddamento consente una corretta regolazione delle temperature nel frigorifero e&nbsp;nel congelatore. Per conservare al meglio gli alimenti, infatti, occorre garantire la giusta percentuale di umidit\u00e0 in entrambi i vani,&nbsp;evitando la formazione di ghiaccio nel freezer e di condensa nel frigorifero.<\/p>\n<h2>La massima freschezza garantita<\/h2>\n<p>Il <strong>vano a temperatura controllata<\/strong> crea l&#8217;ambiente ideale per la conservazione di carne e pesce, mantenendoli a una temperatura inferiore rispetto al resto del frigorifero. Inoltre, grazie al pratico cassetto, \u00e8 possibile disporre gli alimenti in modo pi\u00f9 ordinato, conservando un utilizzo pi\u00f9 efficiente dello spazio disponibile.<\/p>\n<h2>Multiflow efficienza e risparmio<\/h2>\n<p>Grazie al <strong>sistema di ventilazione Multiflow<\/strong>, l\u2019aria all\u2019interno del frigorifero viene distribuita in modo uniforme e costante, garantendo una refrigerazione efficace su tutti i livelli e in ogni angolo del vano. Il vantaggio \u00e8 doppio: da una parte la migliore conservazione degli alimenti, dall\u2019altro un concreto risparmio. Minimizzando le fluttuazioni di temperatura all\u2019interno del frigorifero, infatti, si riducono anche i consumi energetici.<\/p>\n<p>&nbsp;<\/p>\n<h2>Estetica<\/h2>\n<p><img decoding=\"async\" src=\"https:\/\/smegpix.4flow.cloud\/smegpixpath\/Symbols\/DISPLAY_TYPE_LED_web.svg\" alt=\"Display LED: Per ottimizzare le prestazioni e semplificare al massimo l\u2019utilizzo dell\u2019elettrodomestico , alcune lavabiancheria e alcuni frigoriferi sono dotati di un display LED che permette di visualizzare lo stato di funzionamento del prodotto.\" width=\"30\" height=\"30\"><\/p>\n<p>Estetica:<strong>Universale<\/strong><\/p>\n<p>Colore:<strong>Inox Look<\/strong><\/p>\n<p>Materiale Porta:<strong>Effetto inox<\/strong><\/p>\n<p>Tipo Maniglia:<strong>Fissa<\/strong><\/p>\n<p>Maniglia:<strong>Integrata<\/strong><\/p>\n<p>Materiale fianchi:<strong>Lamiera<\/strong><\/p>\n<p>Colore fianchi:<strong>Silver<\/strong><\/p>\n<p>Tipologia di Display:<strong>LED<\/strong><\/p>\n<p>Posizione display:<strong>Esterno (su porta)<\/strong><\/p>\n<h2>Tipologia<\/h2>\n<p><img decoding=\"async\" src=\"https:\/\/smegpix.4flow.cloud\/smegpixpath\/Symbols\/AUTOMATIC_DEFROST_web.svg\" alt=\"Sbrinamento automatico: Tutti i modelli di frigoriferi sono dotati di Sbrinamento automatico nel vano frigorifero.\" width=\"30\" height=\"30\"><\/p>\n<p>Famiglia:<strong>Frigorifero<\/strong><\/p>\n<p>Installazione:<strong>Libera installazione<\/strong><\/p>\n<p>Categoria:<strong>Combinato<\/strong><\/p>\n<p>Tipo di raffreddamento:<strong>No Frost Totale<\/strong><\/p>\n<p>Sistema Total No &#8211; Frost:<strong>S\u00ec<\/strong><\/p>\n<p>Sbrinamento:<strong>Automatico<\/strong><\/p>\n<p>Posizione cerniera:<strong>Destra<\/strong><\/p>\n<p>Tipo di cerniera:<strong>Standard<\/strong><\/p>\n<p>Porta reversibile:<strong>S\u00ec<\/strong><\/p>\n<p>Larghezza di riferimento:<strong>Fino a 60 cm<\/strong><\/p>\n<p>Altezza di riferimento:<strong>160 &#8211; 200 cm<\/strong><\/p>\n<p>Codice EAN:<strong>8017709343262<\/strong><\/p>\n<h2>Allestimento Comparto Frigorifero<\/h2>\n<p><img decoding=\"async\" src=\"https:\/\/smegpix.4flow.cloud\/smegpixpath\/Symbols\/LED_LIGHTS_web.svg\" alt=\"Illuminazione interna a LED: L\u2019illuminazione interna a LED garantisce un risparmio energetico e, al contempo, offre una luce di atmosfera.\" width=\"30\" height=\"30\"><\/p>\n<p>Numero ripiani regolabili:<strong>3<\/strong><\/p>\n<p>Numero cassetti frutta e verdura:<strong>1<\/strong><\/p>\n<p>Tipologia verduriera:<strong>Su guide scorrevoli<\/strong><\/p>\n<p>Tipologia ripiani regolabili:<strong>Cristallo<\/strong><\/p>\n<p>Ripiano copri &#8211; verduriera:<strong>S\u00ec<\/strong><\/p>\n<p>Ripiano porta &#8211; bottiglie:<strong>S\u00ec<\/strong><\/p>\n<p>Tipologia ripiano copri &#8211; verduriera:<strong>Cristallo<\/strong><\/p>\n<p>Vano a bassa temperatura:<strong>S\u00ec<\/strong><\/p>\n<p>Illuminazione interna frigo:<strong>S\u00ec<\/strong><\/p>\n<p>Tipo illuminazione interna frigo:<strong>Led<\/strong><\/p>\n<h2>Controporta comparto Frigorifero<\/h2>\n<p>Numero balconcini regolabili:<strong>3<\/strong><\/p>\n<p>Numero mensole porta-bottiglie:<strong>1<\/strong><\/p>\n<h2>Altre dotazioni Frigorifero<\/h2>\n<p><img loading=\"lazy\" decoding=\"async\" src=\"https:\/\/smegpix.4flow.cloud\/smegpixpath\/Symbols\/MULTIFLOW_web.svg\" alt=\"Sistema di raffreddamento Multiflow: il sistema di ventilazione Multiflow permette di diffondere costantemente e in modo omogeneo l\u2019aria all\u2019interno del frigorifero.\" width=\"30\" height=\"30\"><\/p>\n<p>Accessori frigorifero:<strong>Pettine fermabottiglie, Porta-uova<\/strong><\/p>\n<p>MultiFlow:<strong>S\u00ec<\/strong><\/p>\n<h2>Allestimento comparto Congelatore<\/h2>\n<p>Numero cassetti:<strong>3<\/strong><\/p>\n<h2>Altre dotazioni Congelatore<\/h2>\n<p>Accessories:<strong>1 contenitore ghiaccio<\/strong><\/p>\n<h2>Altre caratteristiche tecniche<\/h2>\n<p><img loading=\"lazy\" decoding=\"async\" src=\"https:\/\/smegpix.4flow.cloud\/smegpixpath\/Symbols\/FAST_FREEZING_web.svg\" alt=\"Congelamento rapido: La funzione del congelamento rapido permette di congelare in tempi brevissimi grandi quantit\u00e0 di cibi freschi. Attivandola qualche ora prima, il congelatore abbassa la temperatura e dopo alcune ore ripristina automaticamente il normale funzionamento.\" width=\"30\" height=\"30\"> <img loading=\"lazy\" decoding=\"async\" src=\"https:\/\/smegpix.4flow.cloud\/smegpixpath\/Symbols\/ECONOMY_web.svg\" alt=\"Funzione economy: La funzione Economy analizza l\u2019utilizzo del frigorifero nel periodo di attivazione e ottimizza i cicli di lavoro, per contenere al minimo il dispendio di elettricit\u00e0.\" width=\"30\" height=\"30\"><\/p>\n<p>Allarme porta aperta:<strong>S\u00ec<\/strong><\/p>\n<p>Allarme temperatura:<strong>S\u00ec<\/strong><\/p>\n<p>Tipo di controllo della temperatura:<strong>Elettronico<\/strong><\/p>\n<p>Numero di compressori:<strong>1<\/strong><\/p>\n<p>Tipo di compressore:<strong>Standard<\/strong><\/p>\n<p>Funzioni display:<strong>Congelamento rapido, Eco<\/strong><\/p>\n<h2>Prestazioni \/ Etichetta Energetica &#8211; Reg. 2019<\/h2>\n<p><img loading=\"lazy\" decoding=\"async\" src=\"https:\/\/smegpix.4flow.cloud\/smegpixpath\/Symbols\/Class_Arrows_AG_E_web.svg\" alt=\"Classe di efficienza energetica E\" width=\"30\" height=\"30\"><\/p>\n<p>Categoria apparecchio di refrigerazione:<strong>7 &#8211; Frigo-congelatore<\/strong><\/p>\n<p>Consumo annuo di energia:<strong>246 kWh\/a<\/strong><\/p>\n<p>Classe di efficienza energetica:<strong>E<\/strong><\/p>\n<p>Volume totale netto:<strong>331 l<\/strong><\/p>\n<p>Somma dei volumi degli scomparti per prodotti congelati:<strong>96 l<\/strong><\/p>\n<p>Somma dei volumi degli scomparti di raffreddamento e degli scomparti per prodotti non congelati:<strong>235 l<\/strong><\/p>\n<p>Classe di emissione di rumore aereo:<strong>C<\/strong><\/p>\n<p>Autonomia di Conservazione senza energia elettrica:<strong>10 h<\/strong><\/p>\n<p>4 stelle &#8211; Capacit\u00e0 di congelamento:<strong>9.0 kg\/24h<\/strong><\/p>\n<p>Classe climatica:<strong>SN, N, ST, T<\/strong><\/p>\n<p>IEE:<strong>100 %<\/strong><\/p>\n<p>Emissioni di rumore aereo:<strong>38 dB(A) re 1 pW<\/strong><\/p>\n<h2>Collegamento Elettrico<\/h2>\n<p>Dati nominali di collegamento elettrico:<strong>70 W<\/strong><\/p>\n<p>Corrente:<strong>10 A<\/strong><\/p>\n<p>Tensione (V):<strong>220-240 V<\/strong><\/p>\n<p>Frequenza (Hz):<strong>50 Hz<\/strong><\/p>\n<p>Spina:<strong>(F;E) Schuko<\/strong><\/p>\n<p>Lunghezza cavo di alimentazione:<strong>200 cm<\/strong><\/p>\n<h2>Informazioni Logistiche<\/h2>\n<p>Dimensioni del prodotto HxLxP:<strong>2000x600x592 mm<\/strong><\/p>\n<p>Larghezza:<strong>600 mm<\/strong><\/p>\n<p>Larghezza del prodotto con porte aperte oltre 90\u00b0:<strong>600 mm<\/strong><\/p>\n<p>Altezza:<strong>2000 mm<\/strong><\/p>\n<p>Profondit\u00e0 del prodotto senza maniglia:<strong>592 mm<\/strong><\/p>\n<p>Peso lordo (kg):<strong>66.000 kg<\/strong><\/p>\n<p>Dimensioni del prodotto imballato (mm):<strong>2060x640x700 mm<\/strong><\/p>\n<p>Larghezza del prodotto imballato:<strong>640 mm<\/strong><\/p>\n<p>Profondit\u00e0 del prodotto imballato:<strong>700 mm<\/strong><\/p>\n<p>Altezza del prodotto imballato:<strong>2060 mm<\/strong><\/p>\n<p>Peso netto (kg):<strong>64.000 kg<\/strong><\/p>\n<p>Imballo:<strong>Termoretraibile<\/strong><\/p>\n<p>Composizione imballo &#8211; carta e cartone (kg):<strong>0.000 kg<\/strong><\/p>\n<p>Composizione imballo &#8211; polistirolo (kg):<strong>1.465 kg<\/strong><\/p>\n<p>Composizione imballo &#8211; legno (kg):<strong>0.000 kg<\/strong><\/p>\n<p>Composizione imballo &#8211; plastica (kg):<strong>0.538 kg<\/strong><\/p>\n<p>&nbsp;<\/p>","protected":false},"excerpt":{"rendered":"<p>Dimensioni del prodotto HxLxP:<strong>2000x600x592 mm<\/strong><\/p>\n<p><strong>No Frost<\/strong><\/p>\n<p><strong>porta reversibile<\/strong><\/p>\n<p>&nbsp;<\/p>","protected":false},"featured_media":50980,"template":"","meta":[],"product_brand":[],"product_cat":[108],"product_tag":[],"class_list":{"0":"post-50987","1":"product","2":"type-product","3":"status-publish","4":"has-post-thumbnail","6":"product_cat-combinato","7":"pa_colore-grigio","8":"pa_larghezza-60cm","9":"pa_marca-smeg","11":"first","12":"instock","13":"sale","14":"taxable","15":"shipping-taxable","16":"purchasable","17":"product-type-simple"},"yoast_head":"<!-- This site is optimized with the Yoast SEO plugin v25.5 - https:\/\/yoast.com\/wordpress\/plugins\/seo\/ -->\n<title>RC20XDNE SMEG Frigo Combianto 60cm 2 metri - Morena Elettrodomestici<\/title>\n<meta name=\"description\" content=\"Acquista RC20XDNE SMEG Frigo Combianto 60cm 2 metri su Morena Elettrodomestici. Il tuo Negozio di Fiducia online con prezzi competitivi e prodotti di alta qualit\u00e0!\" \/>\n<meta name=\"robots\" content=\"index, follow, max-snippet:-1, max-image-preview:large, max-video-preview:-1\" \/>\n<link rel=\"canonical\" href=\"https:\/\/www.morenaelettrodomestici.com\/en\/shop\/rc20xdne-smeg-frigo-combianto-60cm-2-metri\/\" \/>\n<meta property=\"og:locale\" content=\"en_GB\" \/>\n<meta property=\"og:type\" content=\"article\" \/>\n<meta property=\"og:title\" content=\"RC20XDNE SMEG Frigo Combianto 60cm 2 metri - Morena Elettrodomestici\" \/>\n<meta property=\"og:description\" content=\"Acquista RC20XDNE SMEG Frigo Combianto 60cm 2 metri su Morena Elettrodomestici. Il tuo Negozio di Fiducia online con prezzi competitivi e prodotti di alta qualit\u00e0!\" \/>\n<meta property=\"og:url\" content=\"https:\/\/www.morenaelettrodomestici.com\/en\/shop\/rc20xdne-smeg-frigo-combianto-60cm-2-metri\/\" \/>\n<meta property=\"og:site_name\" content=\"Morena Elettrodomestici\" \/>\n<meta property=\"article:publisher\" content=\"https:\/\/www.facebook.com\/morenaelettrodomestici\/\" \/>\n<meta property=\"article:modified_time\" content=\"2026-02-14T09:30:29+00:00\" \/>\n<meta property=\"og:image\" content=\"https:\/\/www.morenaelettrodomestici.com\/wp-content\/uploads\/2026\/02\/10149.jpg\" \/>\n\t<meta property=\"og:image:width\" content=\"1300\" \/>\n\t<meta property=\"og:image:height\" content=\"1300\" \/>\n\t<meta property=\"og:image:type\" content=\"image\/jpeg\" \/>\n<meta name=\"twitter:card\" content=\"summary_large_image\" \/>\n<meta name=\"twitter:label1\" content=\"Estimated reading time\" \/>\n\t<meta name=\"twitter:data1\" content=\"3 minutes\" \/>\n<script type=\"application\/ld+json\" class=\"yoast-schema-graph\">{\"@context\":\"https:\/\/schema.org\",\"@graph\":[{\"@type\":\"WebPage\",\"@id\":\"https:\/\/www.morenaelettrodomestici.com\/shop\/rc20xdne-smeg-frigo-combianto-60cm-2-metri\/\",\"url\":\"https:\/\/www.morenaelettrodomestici.com\/shop\/rc20xdne-smeg-frigo-combianto-60cm-2-metri\/\",\"name\":\"RC20XDNE SMEG Frigo Combianto 60cm 2 metri - Morena Elettrodomestici\",\"isPartOf\":{\"@id\":\"https:\/\/www.morenaelettrodomestici.com\/#website\"},\"primaryImageOfPage\":{\"@id\":\"https:\/\/www.morenaelettrodomestici.com\/shop\/rc20xdne-smeg-frigo-combianto-60cm-2-metri\/#primaryimage\"},\"image\":{\"@id\":\"https:\/\/www.morenaelettrodomestici.com\/shop\/rc20xdne-smeg-frigo-combianto-60cm-2-metri\/#primaryimage\"},\"thumbnailUrl\":\"https:\/\/www.morenaelettrodomestici.com\/wp-content\/uploads\/2026\/02\/10149.jpg\",\"datePublished\":\"2026-02-14T09:15:25+00:00\",\"dateModified\":\"2026-02-14T09:30:29+00:00\",\"description\":\"Acquista RC20XDNE SMEG Frigo Combianto 60cm 2 metri su Morena Elettrodomestici. Il tuo Negozio di Fiducia online con prezzi competitivi e prodotti di alta qualit\u00e0!\",\"breadcrumb\":{\"@id\":\"https:\/\/www.morenaelettrodomestici.com\/shop\/rc20xdne-smeg-frigo-combianto-60cm-2-metri\/#breadcrumb\"},\"inLanguage\":\"en-GB\",\"potentialAction\":[{\"@type\":\"ReadAction\",\"target\":[\"https:\/\/www.morenaelettrodomestici.com\/shop\/rc20xdne-smeg-frigo-combianto-60cm-2-metri\/\"]}]},{\"@type\":\"ImageObject\",\"inLanguage\":\"en-GB\",\"@id\":\"https:\/\/www.morenaelettrodomestici.com\/shop\/rc20xdne-smeg-frigo-combianto-60cm-2-metri\/#primaryimage\",\"url\":\"https:\/\/www.morenaelettrodomestici.com\/wp-content\/uploads\/2026\/02\/10149.jpg\",\"contentUrl\":\"https:\/\/www.morenaelettrodomestici.com\/wp-content\/uploads\/2026\/02\/10149.jpg\",\"width\":1300,\"height\":1300},{\"@type\":\"BreadcrumbList\",\"@id\":\"https:\/\/www.morenaelettrodomestici.com\/shop\/rc20xdne-smeg-frigo-combianto-60cm-2-metri\/#breadcrumb\",\"itemListElement\":[{\"@type\":\"ListItem\",\"position\":1,\"name\":\"Home\",\"item\":\"https:\/\/www.morenaelettrodomestici.com\/\"},{\"@type\":\"ListItem\",\"position\":2,\"name\":\"Shop\",\"item\":\"https:\/\/www.morenaelettrodomestici.com\/shop\/\"},{\"@type\":\"ListItem\",\"position\":3,\"name\":\"RC20XDNE SMEG Frigo Combianto 60cm 2 metri\"}]},{\"@type\":\"WebSite\",\"@id\":\"https:\/\/www.morenaelettrodomestici.com\/#website\",\"url\":\"https:\/\/www.morenaelettrodomestici.com\/\",\"name\":\"Morena\",\"description\":\"I migliori elettrodomestici a prezzi folli\",\"publisher\":{\"@id\":\"https:\/\/www.morenaelettrodomestici.com\/#organization\"},\"potentialAction\":[{\"@type\":\"SearchAction\",\"target\":{\"@type\":\"EntryPoint\",\"urlTemplate\":\"https:\/\/www.morenaelettrodomestici.com\/?s={search_term_string}\"},\"query-input\":{\"@type\":\"PropertyValueSpecification\",\"valueRequired\":true,\"valueName\":\"search_term_string\"}}],\"inLanguage\":\"en-GB\"},{\"@type\":\"Organization\",\"@id\":\"https:\/\/www.morenaelettrodomestici.com\/#organization\",\"name\":\"Morena Elettrodomestici\",\"url\":\"https:\/\/www.morenaelettrodomestici.com\/\",\"logo\":{\"@type\":\"ImageObject\",\"inLanguage\":\"en-GB\",\"@id\":\"https:\/\/www.morenaelettrodomestici.com\/#\/schema\/logo\/image\/\",\"url\":\"https:\/\/www.morenaelettrodomestici.com\/wp-content\/uploads\/2024\/05\/logo_Morena_srls-TRASPARENTE.png\",\"contentUrl\":\"https:\/\/www.morenaelettrodomestici.com\/wp-content\/uploads\/2024\/05\/logo_Morena_srls-TRASPARENTE.png\",\"width\":2264,\"height\":718,\"caption\":\"Morena Elettrodomestici\"},\"image\":{\"@id\":\"https:\/\/www.morenaelettrodomestici.com\/#\/schema\/logo\/image\/\"},\"sameAs\":[\"https:\/\/www.facebook.com\/morenaelettrodomestici\/\",\"https:\/\/www.instagram.com\/morena.elettrodomestici\/\",\"https:\/\/www.linkedin.com\/company-beta\/10507375\/\",\"https:\/\/www.youtube.com\/channel\/UCgdTfdgRUeVEnhI2Z4GRlFA\"]}]}<\/script>\n<!-- \/ Yoast SEO plugin. -->","yoast_head_json":{"title":"RC20XDNE SMEG Frigo Combianto 60cm 2 metri - Morena Elettrodomestici","description":"Acquista RC20XDNE SMEG Frigo Combianto 60cm 2 metri su Morena Elettrodomestici. Il tuo Negozio di Fiducia online con prezzi competitivi e prodotti di alta qualit\u00e0!","robots":{"index":"index","follow":"follow","max-snippet":"max-snippet:-1","max-image-preview":"max-image-preview:large","max-video-preview":"max-video-preview:-1"},"canonical":"https:\/\/www.morenaelettrodomestici.com\/en\/shop\/rc20xdne-smeg-frigo-combianto-60cm-2-metri\/","og_locale":"en_GB","og_type":"article","og_title":"RC20XDNE SMEG Frigo Combianto 60cm 2 metri - Morena Elettrodomestici","og_description":"Acquista RC20XDNE SMEG Frigo Combianto 60cm 2 metri su Morena Elettrodomestici. Il tuo Negozio di Fiducia online con prezzi competitivi e prodotti di alta qualit\u00e0!","og_url":"https:\/\/www.morenaelettrodomestici.com\/en\/shop\/rc20xdne-smeg-frigo-combianto-60cm-2-metri\/","og_site_name":"Morena Elettrodomestici","article_publisher":"https:\/\/www.facebook.com\/morenaelettrodomestici\/","article_modified_time":"2026-02-14T09:30:29+00:00","og_image":[{"width":1300,"height":1300,"url":"https:\/\/www.morenaelettrodomestici.com\/wp-content\/uploads\/2026\/02\/10149.jpg","type":"image\/jpeg"}],"twitter_card":"summary_large_image","twitter_misc":{"Estimated reading time":"3 minutes"},"schema":{"@context":"https:\/\/schema.org","@graph":[{"@type":"WebPage","@id":"https:\/\/www.morenaelettrodomestici.com\/shop\/rc20xdne-smeg-frigo-combianto-60cm-2-metri\/","url":"https:\/\/www.morenaelettrodomestici.com\/shop\/rc20xdne-smeg-frigo-combianto-60cm-2-metri\/","name":"RC20XDNE SMEG Frigo Combianto 60cm 2 metri - Morena Elettrodomestici","isPartOf":{"@id":"https:\/\/www.morenaelettrodomestici.com\/#website"},"primaryImageOfPage":{"@id":"https:\/\/www.morenaelettrodomestici.com\/shop\/rc20xdne-smeg-frigo-combianto-60cm-2-metri\/#primaryimage"},"image":{"@id":"https:\/\/www.morenaelettrodomestici.com\/shop\/rc20xdne-smeg-frigo-combianto-60cm-2-metri\/#primaryimage"},"thumbnailUrl":"https:\/\/www.morenaelettrodomestici.com\/wp-content\/uploads\/2026\/02\/10149.jpg","datePublished":"2026-02-14T09:15:25+00:00","dateModified":"2026-02-14T09:30:29+00:00","description":"Acquista RC20XDNE SMEG Frigo Combianto 60cm 2 metri su Morena Elettrodomestici. Il tuo Negozio di Fiducia online con prezzi competitivi e prodotti di alta qualit\u00e0!","breadcrumb":{"@id":"https:\/\/www.morenaelettrodomestici.com\/shop\/rc20xdne-smeg-frigo-combianto-60cm-2-metri\/#breadcrumb"},"inLanguage":"en-GB","potentialAction":[{"@type":"ReadAction","target":["https:\/\/www.morenaelettrodomestici.com\/shop\/rc20xdne-smeg-frigo-combianto-60cm-2-metri\/"]}]},{"@type":"ImageObject","inLanguage":"en-GB","@id":"https:\/\/www.morenaelettrodomestici.com\/shop\/rc20xdne-smeg-frigo-combianto-60cm-2-metri\/#primaryimage","url":"https:\/\/www.morenaelettrodomestici.com\/wp-content\/uploads\/2026\/02\/10149.jpg","contentUrl":"https:\/\/www.morenaelettrodomestici.com\/wp-content\/uploads\/2026\/02\/10149.jpg","width":1300,"height":1300},{"@type":"BreadcrumbList","@id":"https:\/\/www.morenaelettrodomestici.com\/shop\/rc20xdne-smeg-frigo-combianto-60cm-2-metri\/#breadcrumb","itemListElement":[{"@type":"ListItem","position":1,"name":"Home","item":"https:\/\/www.morenaelettrodomestici.com\/"},{"@type":"ListItem","position":2,"name":"Shop","item":"https:\/\/www.morenaelettrodomestici.com\/shop\/"},{"@type":"ListItem","position":3,"name":"RC20XDNE SMEG Frigo Combianto 60cm 2 metri"}]},{"@type":"WebSite","@id":"https:\/\/www.morenaelettrodomestici.com\/#website","url":"https:\/\/www.morenaelettrodomestici.com\/","name":"Morena","description":"I migliori elettrodomestici a prezzi folli","publisher":{"@id":"https:\/\/www.morenaelettrodomestici.com\/#organization"},"potentialAction":[{"@type":"SearchAction","target":{"@type":"EntryPoint","urlTemplate":"https:\/\/www.morenaelettrodomestici.com\/?s={search_term_string}"},"query-input":{"@type":"PropertyValueSpecification","valueRequired":true,"valueName":"search_term_string"}}],"inLanguage":"en-GB"},{"@type":"Organization","@id":"https:\/\/www.morenaelettrodomestici.com\/#organization","name":"Morena Elettrodomestici","url":"https:\/\/www.morenaelettrodomestici.com\/","logo":{"@type":"ImageObject","inLanguage":"en-GB","@id":"https:\/\/www.morenaelettrodomestici.com\/#\/schema\/logo\/image\/","url":"https:\/\/www.morenaelettrodomestici.com\/wp-content\/uploads\/2024\/05\/logo_Morena_srls-TRASPARENTE.png","contentUrl":"https:\/\/www.morenaelettrodomestici.com\/wp-content\/uploads\/2024\/05\/logo_Morena_srls-TRASPARENTE.png","width":2264,"height":718,"caption":"Morena Elettrodomestici"},"image":{"@id":"https:\/\/www.morenaelettrodomestici.com\/#\/schema\/logo\/image\/"},"sameAs":["https:\/\/www.facebook.com\/morenaelettrodomestici\/","https:\/\/www.instagram.com\/morena.elettrodomestici\/","https:\/\/www.linkedin.com\/company-beta\/10507375\/","https:\/\/www.youtube.com\/channel\/UCgdTfdgRUeVEnhI2Z4GRlFA"]}]}},"_links":{"self":[{"href":"https:\/\/www.morenaelettrodomestici.com\/en\/wp-json\/wp\/v2\/product\/50987","targetHints":{"allow":["GET"]}}],"collection":[{"href":"https:\/\/www.morenaelettrodomestici.com\/en\/wp-json\/wp\/v2\/product"}],"about":[{"href":"https:\/\/www.morenaelettrodomestici.com\/en\/wp-json\/wp\/v2\/types\/product"}],"version-history":[{"count":1,"href":"https:\/\/www.morenaelettrodomestici.com\/en\/wp-json\/wp\/v2\/product\/50987\/revisions"}],"predecessor-version":[{"id":50988,"href":"https:\/\/www.morenaelettrodomestici.com\/en\/wp-json\/wp\/v2\/product\/50987\/revisions\/50988"}],"wp:featuredmedia":[{"embeddable":true,"href":"https:\/\/www.morenaelettrodomestici.com\/en\/wp-json\/wp\/v2\/media\/50980"}],"wp:attachment":[{"href":"https:\/\/www.morenaelettrodomestici.com\/en\/wp-json\/wp\/v2\/media?parent=50987"}],"wp:term":[{"taxonomy":"product_brand","embeddable":true,"href":"https:\/\/www.morenaelettrodomestici.com\/en\/wp-json\/wp\/v2\/product_brand?post=50987"},{"taxonomy":"product_cat","embeddable":true,"href":"https:\/\/www.morenaelettrodomestici.com\/en\/wp-json\/wp\/v2\/product_cat?post=50987"},{"taxonomy":"product_tag","embeddable":true,"href":"https:\/\/www.morenaelettrodomestici.com\/en\/wp-json\/wp\/v2\/product_tag?post=50987"}],"curies":[{"name":"wp","href":"https:\/\/api.w.org\/{rel}","templated":true}]}}