{"id":51095,"date":"2026-02-23T16:30:42","date_gmt":"2026-02-23T16:30:42","guid":{"rendered":"https:\/\/www.morenaelettrodomestici.com\/shop\/sf68c1ao-smeg-forno-incasso-70-litri-antracite\/"},"modified":"2026-02-23T16:45:33","modified_gmt":"2026-02-23T16:45:33","slug":"sf68c1ao-smeg-forno-incasso-70-litri-antracite","status":"publish","type":"product","link":"https:\/\/www.morenaelettrodomestici.com\/en\/shop\/sf68c1ao-smeg-forno-incasso-70-litri-antracite\/","title":{"rendered":"SF68C1AO SMEG Forno Incasso 70 litri Antracite"},"content":{"rendered":"<h2>Estetica<\/h2>\n<p>Estetica:<strong>Coloniale<\/strong><\/p>\n<p>Colore:<strong>Antracite<\/strong><\/p>\n<p>Manopole:<strong>Coloniale<\/strong><\/p>\n<p>Colore manopole:<strong>Ottone<\/strong><\/p>\n<p>Finitura componenti:<strong>Ottone antico<\/strong><\/p>\n<p>Materiale:<strong>Materiale Verniciato<\/strong><\/p>\n<p>Tipo vetro:<strong>Clear1<\/strong><\/p>\n<p>Porta:<strong>Con pannello<\/strong><\/p>\n<p>Maniglia:<strong>Coloniale<\/strong><\/p>\n<p>Colore maniglia:<strong>Ottone antico<\/strong><\/p>\n<h2>Tipologia<\/h2>\n<p><img decoding=\"async\" src=\"https:\/\/smegpix.4flow.cloud\/smegpixpath\/Symbols\/Ever_Clean_Enamel_web.svg\" alt=\"Smalto Ever Clean: lo smalto Ever Clean viene applicato elettrostaticamente, da angolo ad angolo e da bordo a bordo per evitare crepe o screpolature nel tempo.Si tratta di un particolare smalto pirolitico, resistente agli acidi che, oltre a risultare gradevolmente luminoso, favorisce una maggiore pulizia delle pareti del forno, grazie ad una sua minore porosit\u00e0.Viene cotto a oltre 850 \u00b0C e polimerizzato lentamente a una velocit\u00e0 determinata scientificamente per garantire una profondit\u00e0 e una resistenza uniformi.Lo smalto Ever Clean crea una finitura impeccabile sia sull'interno del forno che sulle teglie, rendendo le superfici del forno incredibilmente facili da mantenere in quanto riduce l\u2019aderenza dei grassi in cottura.\" width=\"30\" height=\"30\"> <img decoding=\"async\" src=\"https:\/\/smegpix.4flow.cloud\/smegpixpath\/Symbols\/ELECTRIC_web.svg\" alt=\"Elettrico\" width=\"30\" height=\"30\"><\/p>\n<p>Famiglia:<strong>Forno<\/strong><\/p>\n<p>Categoria:<strong>60 cm<\/strong><\/p>\n<p>Metodo di Cottura:<strong>Ventilato<\/strong><\/p>\n<p>Alimentazione:<strong>Elettrico<\/strong><\/p>\n<p>Codice EAN:<strong>8017709351281<\/strong><\/p>\n<p>Sistema di pulizia:<strong>Smalto Ever Clean<\/strong><\/p>\n<h2>Caratteristiche Tecniche<\/h2>\n<p><img decoding=\"async\" src=\"https:\/\/smegpix.4flow.cloud\/smegpixpath\/Symbols\/Ever_Clean_Enamel_web.svg\" alt=\"Smalto Ever Clean: lo smalto Ever Clean viene applicato elettrostaticamente, da angolo ad angolo e da bordo a bordo per evitare crepe o screpolature nel tempo.Si tratta di un particolare smalto pirolitico, resistente agli acidi che, oltre a risultare gradevolmente luminoso, favorisce una maggiore pulizia delle pareti del forno, grazie ad una sua minore porosit\u00e0.Viene cotto a oltre 850 \u00b0C e polimerizzato lentamente a una velocit\u00e0 determinata scientificamente per garantire una profondit\u00e0 e una resistenza uniformi.Lo smalto Ever Clean crea una finitura impeccabile sia sull'interno del forno che sulle teglie, rendendo le superfici del forno incredibilmente facili da mantenere in quanto riduce l\u2019aderenza dei grassi in cottura.\" width=\"30\" height=\"30\"><img decoding=\"async\" src=\"https:\/\/smegpix.4flow.cloud\/smegpixpath\/Symbols\/SHELVE_N_5_web.svg\" alt=\"5 livelli di cottura: I forni Smeg, prevedono 5 livelli di cottura che consentono di cucinare pietanze differenti contemporaneamente, assicurando una riduzione dei consumi.\" width=\"30\" height=\"30\"><img loading=\"lazy\" decoding=\"async\" src=\"https:\/\/smegpix.4flow.cloud\/smegpixpath\/Symbols\/INNER_DOOR_GLASS_web.svg\" alt=\"Interno porta tuttovetro: L\u2019interno porta del forno presenta una superficie completamente liscia e senza viti, che facilita la rimozione dello sporco e rende pi\u00f9 pratica la pulizia.\" width=\"30\" height=\"30\"><img loading=\"lazy\" decoding=\"async\" src=\"https:\/\/smegpix.4flow.cloud\/smegpixpath\/Symbols\/INNER_DOOR_REMOVABLE_web.svg\" alt=\"Vetro interno rimovibile: Il forno ha la porta con il vetro interno rimovibile per agevolare le operazioni di pulizia e avere cos\u00ec un\u2019igiene pi\u00f9 profonda.\" width=\"30\" height=\"30\"><img loading=\"lazy\" decoding=\"async\" src=\"https:\/\/smegpix.4flow.cloud\/smegpixpath\/Symbols\/LIGHT_TYPE_web.svg\" alt=\"2 lampade alogene: La presenza di 2 lampade alogene disposte asimmetricamente rende ancora pi\u00f9 luminoso lo spazio interno, eliminando angoli bui.\" width=\"30\" height=\"30\"><img loading=\"lazy\" decoding=\"async\" src=\"https:\/\/smegpix.4flow.cloud\/smegpixpath\/Symbols\/DOOR_GLASS_3_web.svg\" alt=\"Porta a triplo vetro: Nei modelli top di gamma, la porta del forno prevede tre vetri che contribuiscono a mantenere l'esterno del forno a temperatura ambiente durante la cottura, garantendo la massima sicurezza. I due vetri interni termoriflettenti impediscono la dispersione del calore per una maggiore efficienza.\" width=\"30\" height=\"30\"><img loading=\"lazy\" decoding=\"async\" src=\"https:\/\/smegpix.4flow.cloud\/smegpixpath\/Symbols\/COOL_SYST_Tangential_web.svg\" alt=\"Raffreddamento tangenziale: Questo innovativo sistema di raffreddamento permette di avere una porta a temperatura controllata durante la cottura. Oltre ai vantaggi offerti in termini di sicurezza, il sistema permette di proteggere i mobili in cui il forno \u00e8 inserito, evitandone il surriscaldamento.\" width=\"30\" height=\"30\"><\/p>\n<p>&nbsp;<\/p>\n<p>&nbsp;<\/p>\n<p>&nbsp;<\/p>\n<p>&nbsp;<\/p>\n<p>&nbsp;<\/p>\n<p>&nbsp;<\/p>\n<p>&nbsp;<\/p>\n<p>&nbsp;<\/p>\n<p>&nbsp;<\/p>\n<p>&nbsp;<\/p>\n<p>&nbsp;<\/p>\n<p>&nbsp;<\/p>\n<p>&nbsp;<\/p>\n<p>&nbsp;<\/p>\n<p>&nbsp;<\/p>\n<p>&nbsp;<\/p>\n<p>&nbsp;<\/p>\n<p>&nbsp;<\/p>\n<p>&nbsp;<\/p>\n<p>&nbsp;<\/p>\n<p>&nbsp;<\/p>\n<p>&nbsp;<\/p>\n<h2>Programmi \/ Funzioni forno principale<\/h2>\n<p>N\u00b0 funzioni di cottura:<strong>6<\/strong><\/p>\n<p>Funzioni cottura tradizionali<\/p>\n<figure class=\"image\"><img loading=\"lazy\" decoding=\"async\" style=\"aspect-ratio:30\/30\" src=\"https:\/\/smegpix.4flow.cloud\/smegpixpath\/Symbols\/FUN_BOT_UP1_web.svg\" alt=\"Statico: Cottura tradizionale adatta alla preparazione di una pietanza per volta. La ventola non \u00e8 attiva e il calore proviene contemporaneamente dal basso e dell\u2019alto  La cottura statitca \u00e8 pi\u00f9 lenta e delicata, ideale per ottenere pietanze ben cotte e asciutte anche all\u2019interno.Ideale per cuocere arrosti di qualsiasi tipo, carni grasse, pane, torte ripiene.\" width=\"30\" height=\"30\"><\/figure>\n<figure class=\"image\"><img loading=\"lazy\" decoding=\"async\" style=\"aspect-ratio:30\/30\" src=\"https:\/\/smegpix.4flow.cloud\/smegpixpath\/Symbols\/FUN_BOT_UP_FAN_web.svg\" alt=\"Ventilato: Cottura tradizionale intensa ed omogenea, adatta anche a ricette complesse La ventola \u00e8 attiva e il calore proviene contemporaneamente dal basso e dell\u2019alto La cottura ventilata assicura un risultato pi\u00f9 veloce e omogeneo, lasciando i cibi fragranti fuori e pi\u00f9 umidi all\u2019interno.  Ideale pasta al forno, biscotti, arrosti e crostate.\" width=\"30\" height=\"30\"><\/figure>\n<figure class=\"image\"><img loading=\"lazy\" decoding=\"async\" style=\"aspect-ratio:30\/30\" src=\"https:\/\/smegpix.4flow.cloud\/smegpixpath\/Symbols\/FUN_ECO1_web.svg\" alt=\"ECO: cottura a basso consumo energetico: questa funzione \u00e8 particolarmente indicata per la cottura su singolo ripiano a bassi consumi energetici. \u00c8 consigliata per tutti i tipi di alimenti tranne quelli che possono generare molta umidit\u00e0 (ad esempio le verdure). Per ottenere il massimo risparmio energetico e ridurre i tempi, si raccomanda di infornare gli alimenti senza preriscaldare il vano cottura.\" width=\"30\" height=\"30\"><\/figure>\n<figure class=\"image\"><img loading=\"lazy\" decoding=\"async\" style=\"aspect-ratio:30\/30\" src=\"https:\/\/smegpix.4flow.cloud\/smegpixpath\/Symbols\/FUN_GRI_LAR1_web.svg\" alt=\"Grill: Calore molto intenso proveniente solo dall\u2019alto da un doppio elemento riscaldante. La ventola non \u00e8 attiva. Consente di ottenere ottimi risultati di grigliatura e di gratinatura.Utilizzato a fine cottura conferisce una doratura uniforme alle pietanze.\" width=\"30\" height=\"30\"><\/figure>\n<figure class=\"image\"><img loading=\"lazy\" decoding=\"async\" style=\"aspect-ratio:30\/30\" src=\"https:\/\/smegpix.4flow.cloud\/smegpixpath\/Symbols\/FUN_GRILL_LAR_web.svg\" alt=\"Grill ventilato: calore molto intenso proveniente solo dall\u2019alto da un doppio elemento riscaldante. La ventola \u00e8 attiva. Consente la grigliatura ottimale anche delle carni pi\u00f9 spesse. Ideale per grossi tagli di carne.\" width=\"30\" height=\"30\"><\/figure>\n<figure class=\"image\"><img loading=\"lazy\" decoding=\"async\" style=\"aspect-ratio:30\/30\" src=\"https:\/\/smegpix.4flow.cloud\/smegpixpath\/Symbols\/FUN_BOT_FAN_web.svg\" alt=\"Base ventilata: la combinazione tra la ventola e la sola resistenza inferiore consente di completare pi\u00f9 velocemente  la cottura di cibi gi\u00e0 cotti in superficie ma non internamente.Questo sistema \u00e8 consigliato per terminare la cottura di cibi gi\u00e0 ben cotti in superficie, ma non internamente, che richiedono perci\u00f2 un moderato calore superiore. Ideale per qualsiasi tipo di cibo.\" width=\"30\" height=\"30\"><\/figure>\n<h2>Comandi<\/h2>\n<p>Regolazione comandi:<strong>Manopole<\/strong><\/p>\n<p>N\u00b0 manopole:<strong>2<\/strong><\/p>\n<h2>Opzioni<\/h2>\n<p>Opzioni di programmazione tempo:<strong>Fine cottura con spegnimento automatico<\/strong><\/p>\n<p>Contaminuti:<strong>S\u00ec<\/strong><\/p>\n<p>Contaminuti impostabili:<strong>1<\/strong><\/p>\n<h2>Prestazioni \/ Etichetta Energetica<\/h2>\n<p><img loading=\"lazy\" decoding=\"async\" src=\"https:\/\/smegpix.4flow.cloud\/smegpixpath\/Symbols\/Class_Arrows_A+++D_A_web.svg\" alt=\"Classe di efficienza energetica A\" width=\"30\" height=\"30\"> <img loading=\"lazy\" decoding=\"async\" src=\"https:\/\/smegpix.4flow.cloud\/smegpixpath\/Symbols\/VOL_CAVITY_70_web.svg\" alt=\"Indica il volume utile della cavit\u00e0 del forno.\" width=\"30\" height=\"30\"><\/p>\n<p>Classe di efficienza energetica:<strong>A<\/strong><\/p>\n<p>Volume netto della cavit\u00e0:<strong>70 l<\/strong><\/p>\n<p>Consumo di energia per ciclo in convezione naturale:<strong>4.14 MJ<\/strong><\/p>\n<p>Consumo di energia per ciclo in convezione naturale:<strong>1.15 kWh<\/strong><\/p>\n<p>Consumo di energia per ciclo in convezione forzata:<strong>2.88 MJ<\/strong><\/p>\n<p>Consumo di energia per ciclo in convezione forzata:<strong>0.80 kWh<\/strong><\/p>\n<h2>Collegamento Elettrico<\/h2>\n<p>Tensione:<strong>220-240 V<\/strong><\/p>\n<p>Spina:<strong>No<\/strong><\/p>\n<p>Dati nominali di collegamento elettrico:<strong>3000 W<\/strong><\/p>\n<p>Corrente:<strong>13 A<\/strong><\/p>\n<p>Frequenza:<strong>50 Hz<\/strong><\/p>\n<p>Lunghezza cavo di alimentazione:<strong>150 cm<\/strong><\/p>\n<h2>Consumi in standby<\/h2>\n<p>Consumo standby:<strong>0.6 W<\/strong><\/p>\n<p>Mostra informazioni in Standby:<strong>S\u00ec<\/strong><\/p>\n<h2>Informazioni Logistiche<\/h2>\n<p>Dimensioni del prodotto (mm):<strong>592x597x548 mm<\/strong><\/p>\n<p>Peso netto:<strong>33.100 kg<\/strong><\/p>\n<p>Peso lordo (kg):<strong>37.000 kg<\/strong><\/p>\n<p>Larghezza del prodotto imballato:<strong>645 mm<\/strong><\/p>\n<p>Profondit\u00e0 del prodotto imballato:<strong>680 mm<\/strong><\/p>\n<p>Altezza del prodotto imballato:<strong>670 mm<\/strong><\/p>\n<p>Dimensioni del prodotto imballato (mm):<strong>670x645x680 mm<\/strong><\/p>\n<p>Imballo:<strong>Termoretraibile<\/strong><\/p>\n<p>Composizione imballo &#8211; carta e cartone (kg):<strong>1.028 kg<\/strong><\/p>\n<p>Composizione imballo &#8211; polistirolo (kg):<strong>1.367 kg<\/strong><\/p>\n<p>Composizione imballo &#8211; legno (kg):<strong>1.225 kg<\/strong><\/p>\n<p>Composizione imballo &#8211; plastica (kg):<strong>0.288 kg<\/strong><\/p>","protected":false},"excerpt":{"rendered":"<p>Capacit\u00e0 70 litri<\/p>\n<p>Programmi 6&nbsp;<\/p>\n<p><strong>Coloniale<\/strong><\/p>\n<p>&nbsp;<\/p>","protected":false},"featured_media":51094,"template":"","meta":[],"product_brand":[],"product_cat":[235],"product_tag":[],"class_list":{"0":"post-51095","1":"product","2":"type-product","3":"status-publish","4":"has-post-thumbnail","6":"product_cat-forno-incasso","7":"pa_colore-antracite","8":"pa_marca-smeg","10":"first","11":"instock","12":"sale","13":"taxable","14":"shipping-taxable","15":"purchasable","16":"product-type-simple"},"yoast_head":"<!-- This site is optimized with the Yoast SEO plugin v25.5 - https:\/\/yoast.com\/wordpress\/plugins\/seo\/ -->\n<title>SF68C1AO SMEG Forno Incasso 70 litri Antracite - Morena Elettrodomestici<\/title>\n<meta name=\"description\" content=\"Acquista SF68C1AO SMEG Forno Incasso 70 litri Antracite su Morena Elettrodomestici. Il tuo Negozio di Fiducia online con prezzi competitivi e prodotti di alta qualit\u00e0!\" \/>\n<meta name=\"robots\" content=\"index, follow, max-snippet:-1, max-image-preview:large, max-video-preview:-1\" \/>\n<link rel=\"canonical\" href=\"https:\/\/www.morenaelettrodomestici.com\/en\/shop\/sf68c1ao-smeg-forno-incasso-70-litri-antracite\/\" \/>\n<meta property=\"og:locale\" content=\"en_GB\" \/>\n<meta property=\"og:type\" content=\"article\" \/>\n<meta property=\"og:title\" content=\"SF68C1AO SMEG Forno Incasso 70 litri Antracite - Morena Elettrodomestici\" \/>\n<meta property=\"og:description\" content=\"Acquista SF68C1AO SMEG Forno Incasso 70 litri Antracite su Morena Elettrodomestici. Il tuo Negozio di Fiducia online con prezzi competitivi e prodotti di alta qualit\u00e0!\" \/>\n<meta property=\"og:url\" content=\"https:\/\/www.morenaelettrodomestici.com\/en\/shop\/sf68c1ao-smeg-forno-incasso-70-litri-antracite\/\" \/>\n<meta property=\"og:site_name\" content=\"Morena Elettrodomestici\" \/>\n<meta property=\"article:publisher\" content=\"https:\/\/www.facebook.com\/morenaelettrodomestici\/\" \/>\n<meta property=\"article:modified_time\" content=\"2026-02-23T16:45:33+00:00\" \/>\n<meta property=\"og:image\" content=\"https:\/\/www.morenaelettrodomestici.com\/wp-content\/uploads\/2026\/02\/10217.jpg\" \/>\n\t<meta property=\"og:image:width\" content=\"300\" \/>\n\t<meta property=\"og:image:height\" content=\"300\" \/>\n\t<meta property=\"og:image:type\" content=\"image\/jpeg\" \/>\n<meta name=\"twitter:card\" content=\"summary_large_image\" \/>\n<meta name=\"twitter:label1\" content=\"Estimated reading time\" \/>\n\t<meta name=\"twitter:data1\" content=\"1 minute\" \/>\n<script type=\"application\/ld+json\" class=\"yoast-schema-graph\">{\"@context\":\"https:\/\/schema.org\",\"@graph\":[{\"@type\":\"WebPage\",\"@id\":\"https:\/\/www.morenaelettrodomestici.com\/shop\/sf68c1ao-smeg-forno-incasso-70-litri-antracite\/\",\"url\":\"https:\/\/www.morenaelettrodomestici.com\/shop\/sf68c1ao-smeg-forno-incasso-70-litri-antracite\/\",\"name\":\"SF68C1AO SMEG Forno Incasso 70 litri Antracite - Morena Elettrodomestici\",\"isPartOf\":{\"@id\":\"https:\/\/www.morenaelettrodomestici.com\/#website\"},\"primaryImageOfPage\":{\"@id\":\"https:\/\/www.morenaelettrodomestici.com\/shop\/sf68c1ao-smeg-forno-incasso-70-litri-antracite\/#primaryimage\"},\"image\":{\"@id\":\"https:\/\/www.morenaelettrodomestici.com\/shop\/sf68c1ao-smeg-forno-incasso-70-litri-antracite\/#primaryimage\"},\"thumbnailUrl\":\"https:\/\/www.morenaelettrodomestici.com\/wp-content\/uploads\/2026\/02\/10217.jpg\",\"datePublished\":\"2026-02-23T16:30:42+00:00\",\"dateModified\":\"2026-02-23T16:45:33+00:00\",\"description\":\"Acquista SF68C1AO SMEG Forno Incasso 70 litri Antracite su Morena Elettrodomestici. Il tuo Negozio di Fiducia online con prezzi competitivi e prodotti di alta qualit\u00e0!\",\"breadcrumb\":{\"@id\":\"https:\/\/www.morenaelettrodomestici.com\/shop\/sf68c1ao-smeg-forno-incasso-70-litri-antracite\/#breadcrumb\"},\"inLanguage\":\"en-GB\",\"potentialAction\":[{\"@type\":\"ReadAction\",\"target\":[\"https:\/\/www.morenaelettrodomestici.com\/shop\/sf68c1ao-smeg-forno-incasso-70-litri-antracite\/\"]}]},{\"@type\":\"ImageObject\",\"inLanguage\":\"en-GB\",\"@id\":\"https:\/\/www.morenaelettrodomestici.com\/shop\/sf68c1ao-smeg-forno-incasso-70-litri-antracite\/#primaryimage\",\"url\":\"https:\/\/www.morenaelettrodomestici.com\/wp-content\/uploads\/2026\/02\/10217.jpg\",\"contentUrl\":\"https:\/\/www.morenaelettrodomestici.com\/wp-content\/uploads\/2026\/02\/10217.jpg\",\"width\":300,\"height\":300},{\"@type\":\"BreadcrumbList\",\"@id\":\"https:\/\/www.morenaelettrodomestici.com\/shop\/sf68c1ao-smeg-forno-incasso-70-litri-antracite\/#breadcrumb\",\"itemListElement\":[{\"@type\":\"ListItem\",\"position\":1,\"name\":\"Home\",\"item\":\"https:\/\/www.morenaelettrodomestici.com\/\"},{\"@type\":\"ListItem\",\"position\":2,\"name\":\"Shop\",\"item\":\"https:\/\/www.morenaelettrodomestici.com\/shop\/\"},{\"@type\":\"ListItem\",\"position\":3,\"name\":\"SF68C1AO SMEG Forno Incasso 70 litri Antracite\"}]},{\"@type\":\"WebSite\",\"@id\":\"https:\/\/www.morenaelettrodomestici.com\/#website\",\"url\":\"https:\/\/www.morenaelettrodomestici.com\/\",\"name\":\"Morena\",\"description\":\"I migliori elettrodomestici a prezzi folli\",\"publisher\":{\"@id\":\"https:\/\/www.morenaelettrodomestici.com\/#organization\"},\"potentialAction\":[{\"@type\":\"SearchAction\",\"target\":{\"@type\":\"EntryPoint\",\"urlTemplate\":\"https:\/\/www.morenaelettrodomestici.com\/?s={search_term_string}\"},\"query-input\":{\"@type\":\"PropertyValueSpecification\",\"valueRequired\":true,\"valueName\":\"search_term_string\"}}],\"inLanguage\":\"en-GB\"},{\"@type\":\"Organization\",\"@id\":\"https:\/\/www.morenaelettrodomestici.com\/#organization\",\"name\":\"Morena Elettrodomestici\",\"url\":\"https:\/\/www.morenaelettrodomestici.com\/\",\"logo\":{\"@type\":\"ImageObject\",\"inLanguage\":\"en-GB\",\"@id\":\"https:\/\/www.morenaelettrodomestici.com\/#\/schema\/logo\/image\/\",\"url\":\"https:\/\/www.morenaelettrodomestici.com\/wp-content\/uploads\/2024\/05\/logo_Morena_srls-TRASPARENTE.png\",\"contentUrl\":\"https:\/\/www.morenaelettrodomestici.com\/wp-content\/uploads\/2024\/05\/logo_Morena_srls-TRASPARENTE.png\",\"width\":2264,\"height\":718,\"caption\":\"Morena Elettrodomestici\"},\"image\":{\"@id\":\"https:\/\/www.morenaelettrodomestici.com\/#\/schema\/logo\/image\/\"},\"sameAs\":[\"https:\/\/www.facebook.com\/morenaelettrodomestici\/\",\"https:\/\/www.instagram.com\/morena.elettrodomestici\/\",\"https:\/\/www.linkedin.com\/company-beta\/10507375\/\",\"https:\/\/www.youtube.com\/channel\/UCgdTfdgRUeVEnhI2Z4GRlFA\"]}]}<\/script>\n<!-- \/ Yoast SEO plugin. -->","yoast_head_json":{"title":"SF68C1AO SMEG Forno Incasso 70 litri Antracite - Morena Elettrodomestici","description":"Acquista SF68C1AO SMEG Forno Incasso 70 litri Antracite su Morena Elettrodomestici. Il tuo Negozio di Fiducia online con prezzi competitivi e prodotti di alta qualit\u00e0!","robots":{"index":"index","follow":"follow","max-snippet":"max-snippet:-1","max-image-preview":"max-image-preview:large","max-video-preview":"max-video-preview:-1"},"canonical":"https:\/\/www.morenaelettrodomestici.com\/en\/shop\/sf68c1ao-smeg-forno-incasso-70-litri-antracite\/","og_locale":"en_GB","og_type":"article","og_title":"SF68C1AO SMEG Forno Incasso 70 litri Antracite - Morena Elettrodomestici","og_description":"Acquista SF68C1AO SMEG Forno Incasso 70 litri Antracite su Morena Elettrodomestici. Il tuo Negozio di Fiducia online con prezzi competitivi e prodotti di alta qualit\u00e0!","og_url":"https:\/\/www.morenaelettrodomestici.com\/en\/shop\/sf68c1ao-smeg-forno-incasso-70-litri-antracite\/","og_site_name":"Morena Elettrodomestici","article_publisher":"https:\/\/www.facebook.com\/morenaelettrodomestici\/","article_modified_time":"2026-02-23T16:45:33+00:00","og_image":[{"width":300,"height":300,"url":"https:\/\/www.morenaelettrodomestici.com\/wp-content\/uploads\/2026\/02\/10217.jpg","type":"image\/jpeg"}],"twitter_card":"summary_large_image","twitter_misc":{"Estimated reading time":"1 minute"},"schema":{"@context":"https:\/\/schema.org","@graph":[{"@type":"WebPage","@id":"https:\/\/www.morenaelettrodomestici.com\/shop\/sf68c1ao-smeg-forno-incasso-70-litri-antracite\/","url":"https:\/\/www.morenaelettrodomestici.com\/shop\/sf68c1ao-smeg-forno-incasso-70-litri-antracite\/","name":"SF68C1AO SMEG Forno Incasso 70 litri Antracite - Morena Elettrodomestici","isPartOf":{"@id":"https:\/\/www.morenaelettrodomestici.com\/#website"},"primaryImageOfPage":{"@id":"https:\/\/www.morenaelettrodomestici.com\/shop\/sf68c1ao-smeg-forno-incasso-70-litri-antracite\/#primaryimage"},"image":{"@id":"https:\/\/www.morenaelettrodomestici.com\/shop\/sf68c1ao-smeg-forno-incasso-70-litri-antracite\/#primaryimage"},"thumbnailUrl":"https:\/\/www.morenaelettrodomestici.com\/wp-content\/uploads\/2026\/02\/10217.jpg","datePublished":"2026-02-23T16:30:42+00:00","dateModified":"2026-02-23T16:45:33+00:00","description":"Acquista SF68C1AO SMEG Forno Incasso 70 litri Antracite su Morena Elettrodomestici. Il tuo Negozio di Fiducia online con prezzi competitivi e prodotti di alta qualit\u00e0!","breadcrumb":{"@id":"https:\/\/www.morenaelettrodomestici.com\/shop\/sf68c1ao-smeg-forno-incasso-70-litri-antracite\/#breadcrumb"},"inLanguage":"en-GB","potentialAction":[{"@type":"ReadAction","target":["https:\/\/www.morenaelettrodomestici.com\/shop\/sf68c1ao-smeg-forno-incasso-70-litri-antracite\/"]}]},{"@type":"ImageObject","inLanguage":"en-GB","@id":"https:\/\/www.morenaelettrodomestici.com\/shop\/sf68c1ao-smeg-forno-incasso-70-litri-antracite\/#primaryimage","url":"https:\/\/www.morenaelettrodomestici.com\/wp-content\/uploads\/2026\/02\/10217.jpg","contentUrl":"https:\/\/www.morenaelettrodomestici.com\/wp-content\/uploads\/2026\/02\/10217.jpg","width":300,"height":300},{"@type":"BreadcrumbList","@id":"https:\/\/www.morenaelettrodomestici.com\/shop\/sf68c1ao-smeg-forno-incasso-70-litri-antracite\/#breadcrumb","itemListElement":[{"@type":"ListItem","position":1,"name":"Home","item":"https:\/\/www.morenaelettrodomestici.com\/"},{"@type":"ListItem","position":2,"name":"Shop","item":"https:\/\/www.morenaelettrodomestici.com\/shop\/"},{"@type":"ListItem","position":3,"name":"SF68C1AO SMEG Forno Incasso 70 litri Antracite"}]},{"@type":"WebSite","@id":"https:\/\/www.morenaelettrodomestici.com\/#website","url":"https:\/\/www.morenaelettrodomestici.com\/","name":"Morena","description":"I migliori elettrodomestici a prezzi folli","publisher":{"@id":"https:\/\/www.morenaelettrodomestici.com\/#organization"},"potentialAction":[{"@type":"SearchAction","target":{"@type":"EntryPoint","urlTemplate":"https:\/\/www.morenaelettrodomestici.com\/?s={search_term_string}"},"query-input":{"@type":"PropertyValueSpecification","valueRequired":true,"valueName":"search_term_string"}}],"inLanguage":"en-GB"},{"@type":"Organization","@id":"https:\/\/www.morenaelettrodomestici.com\/#organization","name":"Morena Elettrodomestici","url":"https:\/\/www.morenaelettrodomestici.com\/","logo":{"@type":"ImageObject","inLanguage":"en-GB","@id":"https:\/\/www.morenaelettrodomestici.com\/#\/schema\/logo\/image\/","url":"https:\/\/www.morenaelettrodomestici.com\/wp-content\/uploads\/2024\/05\/logo_Morena_srls-TRASPARENTE.png","contentUrl":"https:\/\/www.morenaelettrodomestici.com\/wp-content\/uploads\/2024\/05\/logo_Morena_srls-TRASPARENTE.png","width":2264,"height":718,"caption":"Morena Elettrodomestici"},"image":{"@id":"https:\/\/www.morenaelettrodomestici.com\/#\/schema\/logo\/image\/"},"sameAs":["https:\/\/www.facebook.com\/morenaelettrodomestici\/","https:\/\/www.instagram.com\/morena.elettrodomestici\/","https:\/\/www.linkedin.com\/company-beta\/10507375\/","https:\/\/www.youtube.com\/channel\/UCgdTfdgRUeVEnhI2Z4GRlFA"]}]}},"_links":{"self":[{"href":"https:\/\/www.morenaelettrodomestici.com\/en\/wp-json\/wp\/v2\/product\/51095","targetHints":{"allow":["GET"]}}],"collection":[{"href":"https:\/\/www.morenaelettrodomestici.com\/en\/wp-json\/wp\/v2\/product"}],"about":[{"href":"https:\/\/www.morenaelettrodomestici.com\/en\/wp-json\/wp\/v2\/types\/product"}],"version-history":[{"count":1,"href":"https:\/\/www.morenaelettrodomestici.com\/en\/wp-json\/wp\/v2\/product\/51095\/revisions"}],"predecessor-version":[{"id":51097,"href":"https:\/\/www.morenaelettrodomestici.com\/en\/wp-json\/wp\/v2\/product\/51095\/revisions\/51097"}],"wp:featuredmedia":[{"embeddable":true,"href":"https:\/\/www.morenaelettrodomestici.com\/en\/wp-json\/wp\/v2\/media\/51094"}],"wp:attachment":[{"href":"https:\/\/www.morenaelettrodomestici.com\/en\/wp-json\/wp\/v2\/media?parent=51095"}],"wp:term":[{"taxonomy":"product_brand","embeddable":true,"href":"https:\/\/www.morenaelettrodomestici.com\/en\/wp-json\/wp\/v2\/product_brand?post=51095"},{"taxonomy":"product_cat","embeddable":true,"href":"https:\/\/www.morenaelettrodomestici.com\/en\/wp-json\/wp\/v2\/product_cat?post=51095"},{"taxonomy":"product_tag","embeddable":true,"href":"https:\/\/www.morenaelettrodomestici.com\/en\/wp-json\/wp\/v2\/product_tag?post=51095"}],"curies":[{"name":"wp","href":"https:\/\/api.w.org\/{rel}","templated":true}]}}