{"id":51176,"date":"2026-02-25T09:45:27","date_gmt":"2026-02-25T09:45:27","guid":{"rendered":"https:\/\/www.morenaelettrodomestici.com\/shop\/eng7te75s-electrolux-frigo-incasso-190cm\/"},"modified":"2026-02-25T10:00:30","modified_gmt":"2026-02-25T10:00:30","slug":"eng7te75s-electrolux-frigo-incasso-190cm","status":"publish","type":"product","link":"https:\/\/www.morenaelettrodomestici.com\/en\/shop\/eng7te75s-electrolux-frigo-incasso-190cm\/","title":{"rendered":"ENG7TE75S ELECTROLUX Frigo Incasso 190cm"},"content":{"rendered":"<p>Specifiche<\/p>\n<ul>\n<li>Classe di efficienza energetica E<\/li>\n<li>Capacit\u00e0 totale 376 litri<\/li>\n<li>Classe climatica: SN-N-ST-T<\/li>\n<li>Incernieramento porta\/e a destra e porta\/e reversibile\/i<\/li>\n<li>Funzione ShoppingMode: raffreddamento rapido<\/li>\n<li>Funzione FastFreeze: congelamento rapido<\/li>\n<\/ul>\n<p>Prestazioni<\/p>\n<ul>\n<li>Volume scomparto congelatore E20: 89<\/li>\n<li>Silenziosit\u00e0 (dB): 35<\/li>\n<li>Funzione di raffreddamento rapido: ShoppingMode<\/li>\n<li>Funzione congelamento rapido (FastFreeze): S\u00ec<\/li>\n<li>Allarme luminoso\/acustico porta aperta: S\u00ec, S\u00ec<\/li>\n<\/ul>\n<p>Installazione<\/p>\n<ul>\n<li>Cerniere: Incernieramento porta\/e a destra e porta\/e reversibile\/i<\/li>\n<li>Dimensioni AxLxP (mm): 1884x696x549<\/li>\n<\/ul>\n<p>Energia<\/p>\n<ul>\n<li>Consumo medio annuale di energia in chilowattora per anno (kWh\/a) E20: 247<\/li>\n<li>Volumei scomparto frigorifero E20: 287<\/li>\n<li>Classe di silenziosit\u00e0 E20: B<\/li>\n<\/ul>\n<p>Altro<\/p>\n<ul>\n<li>Codice prodotto (PNC): 925 975 015<\/li>\n<li>Codice EAN: 7333394026749<\/li>\n<li>Ventilazione: FreeStore\u00ae<\/li>\n<li>Tecnologia prodotto: TwinTech\u00ae Total No Frost<\/li>\n<li>Tipologia interfaccia: Controllo elettronico con pannello digitale<\/li>\n<li>Illuminazione: Illuminazione a LED superiore e 2 laterali<\/li>\n<li>Funzione HolidayMode: &#8211;<\/li>\n<li>Indicatore Fast Freeze: S\u00ec<\/li>\n<li>Altre specifiche: Controllo di umidit\u00e0, Indicatore di temperatura IT4<\/li>\n<li>Ripiani vano frigorifero: 4 ripiani in vetro di cui 1 sdoppiabile FlexiShelf<\/li>\n<li>Ripiano Frigorifero Speciale: &#8211;<\/li>\n<li>Cassetti verdura: 1 cassetto GreenZone<\/li>\n<li>Vano frigorifero: secondo cassetto: ExtraZone<\/li>\n<li>Controporta: 1 contenitore burro, -, -, 1 mensola per bottiglie, -, Mezzo ripiano amovibile, 1 mensola trasparente, -, -, -, , 2 portauova<\/li>\n<li>Vano congelatore: 3 cassetti; ; 1 vaschetta ghiaccio;-<\/li>\n<li>Peso Lordo\/Netto (Kg): 82\/80<\/li>\n<\/ul>\n<p>&nbsp;<\/p>\n<p>Dettagli di prodotto<br \/>Il frigocongelatore GreenZone 700 ha un cassetto sigillato apposito con clima diverso in cui l\u2019umidit\u00e0 viene gestita al livello ideale. Se conservi le verdure al livello giusto di umidit\u00e0, puoi preservare fino al 95% di vitamine dopo 11 giorni*.<\/p>\n<h2>Fino al 95% di vitamine preservate dopo 11 giorni*<\/h2>\n<p>GreenZone \u00e8 il cassetto ideale poich\u00e9 elimina l\u2019umidit\u00e0 in eccesso e preserva la giusta quantit\u00e0 di umidit\u00e0 per le tue verdure. Se conservi le verdure al livello giusto di umidit\u00e0, puoi preservare fino al 95% di vitamine dopo 11 giorni*.<\/p>\n<h2>L&#8217;unico frigocongelatore in plastica riciclata*<\/h2>\n<p>I vani interni sono realizzati con il 70% di plastica riciclata. Per produrre nuovi frigoriferi \u00e8 utilizzata la plastica dei frigoriferi dismessi, contribuendo a ridurre i rifiuti attraverso una logica di circolarit\u00e0. *Fino al 70% nei vani interni realizzati con plastica riciclata rHIPS<\/p>\n<h2>45% di capacit\u00e0 in pi\u00f9 rispetto allo standard*<\/h2>\n<p>Grazie a MaxiSpace, puoi godere di una capacit\u00e0 del 45% superiore rispetto a un frigocongelatore standard*. \u00c8 pi\u00f9 alto e ampio dei frigoriferi normali e offre un ampio spazio per conservare vari alimenti.<\/p>\n<p>*Rispetto al nostro frigocongelatore di dimensioni standard<\/p>\n<figure class=\"image\"><img fetchpriority=\"high\" decoding=\"async\" src=\"https:\/\/www.electrolux.it\/services\/eml\/asset\/5d7dba41-9396-4f78-a1af-74c3ef472244\/E4RM3Q\/PSEERF200KA00002\/WS_ZO\/PSEERF200KA00002.png\" alt=\"\" width=\"1200\" height=\"1200\"><\/figure>\n<h2>TwinTech\u00ae Total No Frost: alimenti pi\u00f9 succosi e idratati del 60%<\/h2>\n<p>TwinTech\u00ae Total No Frost \u00e8 dotato di un avanzato sistema di raffreddamento doppio per il frigorifero e il congelatore. Questa tecnologia garantisce che il congelatore rimanga al riparo dal gelo e che l&#8217;umidit\u00e0 del frigorifero sia ottimale, evitando che gli alimenti si secchino.<\/p>\n<figure class=\"image\"><img decoding=\"async\" src=\"https:\/\/www.electrolux.it\/services\/eml\/asset\/e4dacb34-9350-4f84-b407-4677765cff8d\/E4RM3Q\/PSEERF19BIE00003\/WS_ZO\/PSEERF19BIE00003.png\" alt=\"\" width=\"1200\" height=\"1200\"><\/figure>\n<h2>Temperatura sempre stabile con FreeStore<\/h2>\n<p>FreeStore consente di mantenere l&#8217;ambiente interno del frigocongelatore a una temperatura stabile. Funziona facendo circolare l&#8217;aria fredda all&#8217;interno: in questo modo, anche quando la porta viene aperta, la temperatura all&#8217;interno del frigocongelatore non aumenta.<\/p>\n<h2>Accessori<\/h2>","protected":false},"excerpt":{"rendered":"<p>NoFrost<br \/>Classe energetica E<br \/>Dimensioni 1894x710x560<br \/>Twintech\u00ae Total No Frost<br \/>HumidityControl<br \/>Controlli Touch Control\u00ae<\/p>","protected":false},"featured_media":51164,"template":"","meta":[],"product_brand":[],"product_cat":[136],"product_tag":[],"class_list":{"0":"post-51176","1":"product","2":"type-product","3":"status-publish","4":"has-post-thumbnail","6":"product_cat-frigo-incasso","7":"pa_larghezza-60cm","8":"pa_marca-electrolux","10":"first","11":"instock","12":"sale","13":"taxable","14":"shipping-taxable","15":"purchasable","16":"product-type-simple"},"yoast_head":"<!-- This site is optimized with the Yoast SEO plugin v25.5 - https:\/\/yoast.com\/wordpress\/plugins\/seo\/ -->\n<title>ENG7TE75S ELECTROLUX Frigo Incasso 190cm - Morena Elettrodomestici<\/title>\n<meta name=\"description\" content=\"Acquista ENG7TE75S ELECTROLUX Frigo Incasso 190cm su Morena Elettrodomestici. Il tuo Negozio di Fiducia online con prezzi competitivi e prodotti di alta qualit\u00e0!\" \/>\n<meta name=\"robots\" content=\"index, follow, max-snippet:-1, max-image-preview:large, max-video-preview:-1\" \/>\n<link rel=\"canonical\" href=\"https:\/\/www.morenaelettrodomestici.com\/en\/shop\/eng7te75s-electrolux-frigo-incasso-190cm\/\" \/>\n<meta property=\"og:locale\" content=\"en_GB\" \/>\n<meta property=\"og:type\" content=\"article\" \/>\n<meta property=\"og:title\" content=\"ENG7TE75S ELECTROLUX Frigo Incasso 190cm - Morena Elettrodomestici\" \/>\n<meta property=\"og:description\" content=\"Acquista ENG7TE75S ELECTROLUX Frigo Incasso 190cm su Morena Elettrodomestici. Il tuo Negozio di Fiducia online con prezzi competitivi e prodotti di alta qualit\u00e0!\" \/>\n<meta property=\"og:url\" content=\"https:\/\/www.morenaelettrodomestici.com\/en\/shop\/eng7te75s-electrolux-frigo-incasso-190cm\/\" \/>\n<meta property=\"og:site_name\" content=\"Morena Elettrodomestici\" \/>\n<meta property=\"article:publisher\" content=\"https:\/\/www.facebook.com\/morenaelettrodomestici\/\" \/>\n<meta property=\"article:modified_time\" content=\"2026-02-25T10:00:30+00:00\" \/>\n<meta property=\"og:image\" content=\"https:\/\/www.morenaelettrodomestici.com\/wp-content\/uploads\/2026\/02\/10282.jpg\" \/>\n\t<meta property=\"og:image:width\" content=\"300\" \/>\n\t<meta property=\"og:image:height\" content=\"300\" \/>\n\t<meta property=\"og:image:type\" content=\"image\/jpeg\" \/>\n<meta name=\"twitter:card\" content=\"summary_large_image\" \/>\n<meta name=\"twitter:label1\" content=\"Estimated reading time\" \/>\n\t<meta name=\"twitter:data1\" content=\"2 minutes\" \/>\n<script type=\"application\/ld+json\" class=\"yoast-schema-graph\">{\"@context\":\"https:\/\/schema.org\",\"@graph\":[{\"@type\":\"WebPage\",\"@id\":\"https:\/\/www.morenaelettrodomestici.com\/shop\/eng7te75s-electrolux-frigo-incasso-190cm\/\",\"url\":\"https:\/\/www.morenaelettrodomestici.com\/shop\/eng7te75s-electrolux-frigo-incasso-190cm\/\",\"name\":\"ENG7TE75S ELECTROLUX Frigo Incasso 190cm - Morena Elettrodomestici\",\"isPartOf\":{\"@id\":\"https:\/\/www.morenaelettrodomestici.com\/#website\"},\"primaryImageOfPage\":{\"@id\":\"https:\/\/www.morenaelettrodomestici.com\/shop\/eng7te75s-electrolux-frigo-incasso-190cm\/#primaryimage\"},\"image\":{\"@id\":\"https:\/\/www.morenaelettrodomestici.com\/shop\/eng7te75s-electrolux-frigo-incasso-190cm\/#primaryimage\"},\"thumbnailUrl\":\"https:\/\/www.morenaelettrodomestici.com\/wp-content\/uploads\/2026\/02\/10282.jpg\",\"datePublished\":\"2026-02-25T09:45:27+00:00\",\"dateModified\":\"2026-02-25T10:00:30+00:00\",\"description\":\"Acquista ENG7TE75S ELECTROLUX Frigo Incasso 190cm su Morena Elettrodomestici. Il tuo Negozio di Fiducia online con prezzi competitivi e prodotti di alta qualit\u00e0!\",\"breadcrumb\":{\"@id\":\"https:\/\/www.morenaelettrodomestici.com\/shop\/eng7te75s-electrolux-frigo-incasso-190cm\/#breadcrumb\"},\"inLanguage\":\"en-GB\",\"potentialAction\":[{\"@type\":\"ReadAction\",\"target\":[\"https:\/\/www.morenaelettrodomestici.com\/shop\/eng7te75s-electrolux-frigo-incasso-190cm\/\"]}]},{\"@type\":\"ImageObject\",\"inLanguage\":\"en-GB\",\"@id\":\"https:\/\/www.morenaelettrodomestici.com\/shop\/eng7te75s-electrolux-frigo-incasso-190cm\/#primaryimage\",\"url\":\"https:\/\/www.morenaelettrodomestici.com\/wp-content\/uploads\/2026\/02\/10282.jpg\",\"contentUrl\":\"https:\/\/www.morenaelettrodomestici.com\/wp-content\/uploads\/2026\/02\/10282.jpg\",\"width\":300,\"height\":300},{\"@type\":\"BreadcrumbList\",\"@id\":\"https:\/\/www.morenaelettrodomestici.com\/shop\/eng7te75s-electrolux-frigo-incasso-190cm\/#breadcrumb\",\"itemListElement\":[{\"@type\":\"ListItem\",\"position\":1,\"name\":\"Home\",\"item\":\"https:\/\/www.morenaelettrodomestici.com\/\"},{\"@type\":\"ListItem\",\"position\":2,\"name\":\"Shop\",\"item\":\"https:\/\/www.morenaelettrodomestici.com\/shop\/\"},{\"@type\":\"ListItem\",\"position\":3,\"name\":\"ENG7TE75S ELECTROLUX Frigo Incasso 190cm\"}]},{\"@type\":\"WebSite\",\"@id\":\"https:\/\/www.morenaelettrodomestici.com\/#website\",\"url\":\"https:\/\/www.morenaelettrodomestici.com\/\",\"name\":\"Morena\",\"description\":\"I migliori elettrodomestici a prezzi folli\",\"publisher\":{\"@id\":\"https:\/\/www.morenaelettrodomestici.com\/#organization\"},\"potentialAction\":[{\"@type\":\"SearchAction\",\"target\":{\"@type\":\"EntryPoint\",\"urlTemplate\":\"https:\/\/www.morenaelettrodomestici.com\/?s={search_term_string}\"},\"query-input\":{\"@type\":\"PropertyValueSpecification\",\"valueRequired\":true,\"valueName\":\"search_term_string\"}}],\"inLanguage\":\"en-GB\"},{\"@type\":\"Organization\",\"@id\":\"https:\/\/www.morenaelettrodomestici.com\/#organization\",\"name\":\"Morena Elettrodomestici\",\"url\":\"https:\/\/www.morenaelettrodomestici.com\/\",\"logo\":{\"@type\":\"ImageObject\",\"inLanguage\":\"en-GB\",\"@id\":\"https:\/\/www.morenaelettrodomestici.com\/#\/schema\/logo\/image\/\",\"url\":\"https:\/\/www.morenaelettrodomestici.com\/wp-content\/uploads\/2024\/05\/logo_Morena_srls-TRASPARENTE.png\",\"contentUrl\":\"https:\/\/www.morenaelettrodomestici.com\/wp-content\/uploads\/2024\/05\/logo_Morena_srls-TRASPARENTE.png\",\"width\":2264,\"height\":718,\"caption\":\"Morena Elettrodomestici\"},\"image\":{\"@id\":\"https:\/\/www.morenaelettrodomestici.com\/#\/schema\/logo\/image\/\"},\"sameAs\":[\"https:\/\/www.facebook.com\/morenaelettrodomestici\/\",\"https:\/\/www.instagram.com\/morena.elettrodomestici\/\",\"https:\/\/www.linkedin.com\/company-beta\/10507375\/\",\"https:\/\/www.youtube.com\/channel\/UCgdTfdgRUeVEnhI2Z4GRlFA\"]}]}<\/script>\n<!-- \/ Yoast SEO plugin. -->","yoast_head_json":{"title":"ENG7TE75S ELECTROLUX Frigo Incasso 190cm - Morena Elettrodomestici","description":"Acquista ENG7TE75S ELECTROLUX Frigo Incasso 190cm su Morena Elettrodomestici. Il tuo Negozio di Fiducia online con prezzi competitivi e prodotti di alta qualit\u00e0!","robots":{"index":"index","follow":"follow","max-snippet":"max-snippet:-1","max-image-preview":"max-image-preview:large","max-video-preview":"max-video-preview:-1"},"canonical":"https:\/\/www.morenaelettrodomestici.com\/en\/shop\/eng7te75s-electrolux-frigo-incasso-190cm\/","og_locale":"en_GB","og_type":"article","og_title":"ENG7TE75S ELECTROLUX Frigo Incasso 190cm - Morena Elettrodomestici","og_description":"Acquista ENG7TE75S ELECTROLUX Frigo Incasso 190cm su Morena Elettrodomestici. Il tuo Negozio di Fiducia online con prezzi competitivi e prodotti di alta qualit\u00e0!","og_url":"https:\/\/www.morenaelettrodomestici.com\/en\/shop\/eng7te75s-electrolux-frigo-incasso-190cm\/","og_site_name":"Morena Elettrodomestici","article_publisher":"https:\/\/www.facebook.com\/morenaelettrodomestici\/","article_modified_time":"2026-02-25T10:00:30+00:00","og_image":[{"width":300,"height":300,"url":"https:\/\/www.morenaelettrodomestici.com\/wp-content\/uploads\/2026\/02\/10282.jpg","type":"image\/jpeg"}],"twitter_card":"summary_large_image","twitter_misc":{"Estimated reading time":"2 minutes"},"schema":{"@context":"https:\/\/schema.org","@graph":[{"@type":"WebPage","@id":"https:\/\/www.morenaelettrodomestici.com\/shop\/eng7te75s-electrolux-frigo-incasso-190cm\/","url":"https:\/\/www.morenaelettrodomestici.com\/shop\/eng7te75s-electrolux-frigo-incasso-190cm\/","name":"ENG7TE75S ELECTROLUX Frigo Incasso 190cm - Morena Elettrodomestici","isPartOf":{"@id":"https:\/\/www.morenaelettrodomestici.com\/#website"},"primaryImageOfPage":{"@id":"https:\/\/www.morenaelettrodomestici.com\/shop\/eng7te75s-electrolux-frigo-incasso-190cm\/#primaryimage"},"image":{"@id":"https:\/\/www.morenaelettrodomestici.com\/shop\/eng7te75s-electrolux-frigo-incasso-190cm\/#primaryimage"},"thumbnailUrl":"https:\/\/www.morenaelettrodomestici.com\/wp-content\/uploads\/2026\/02\/10282.jpg","datePublished":"2026-02-25T09:45:27+00:00","dateModified":"2026-02-25T10:00:30+00:00","description":"Acquista ENG7TE75S ELECTROLUX Frigo Incasso 190cm su Morena Elettrodomestici. Il tuo Negozio di Fiducia online con prezzi competitivi e prodotti di alta qualit\u00e0!","breadcrumb":{"@id":"https:\/\/www.morenaelettrodomestici.com\/shop\/eng7te75s-electrolux-frigo-incasso-190cm\/#breadcrumb"},"inLanguage":"en-GB","potentialAction":[{"@type":"ReadAction","target":["https:\/\/www.morenaelettrodomestici.com\/shop\/eng7te75s-electrolux-frigo-incasso-190cm\/"]}]},{"@type":"ImageObject","inLanguage":"en-GB","@id":"https:\/\/www.morenaelettrodomestici.com\/shop\/eng7te75s-electrolux-frigo-incasso-190cm\/#primaryimage","url":"https:\/\/www.morenaelettrodomestici.com\/wp-content\/uploads\/2026\/02\/10282.jpg","contentUrl":"https:\/\/www.morenaelettrodomestici.com\/wp-content\/uploads\/2026\/02\/10282.jpg","width":300,"height":300},{"@type":"BreadcrumbList","@id":"https:\/\/www.morenaelettrodomestici.com\/shop\/eng7te75s-electrolux-frigo-incasso-190cm\/#breadcrumb","itemListElement":[{"@type":"ListItem","position":1,"name":"Home","item":"https:\/\/www.morenaelettrodomestici.com\/"},{"@type":"ListItem","position":2,"name":"Shop","item":"https:\/\/www.morenaelettrodomestici.com\/shop\/"},{"@type":"ListItem","position":3,"name":"ENG7TE75S ELECTROLUX Frigo Incasso 190cm"}]},{"@type":"WebSite","@id":"https:\/\/www.morenaelettrodomestici.com\/#website","url":"https:\/\/www.morenaelettrodomestici.com\/","name":"Morena","description":"I migliori elettrodomestici a prezzi folli","publisher":{"@id":"https:\/\/www.morenaelettrodomestici.com\/#organization"},"potentialAction":[{"@type":"SearchAction","target":{"@type":"EntryPoint","urlTemplate":"https:\/\/www.morenaelettrodomestici.com\/?s={search_term_string}"},"query-input":{"@type":"PropertyValueSpecification","valueRequired":true,"valueName":"search_term_string"}}],"inLanguage":"en-GB"},{"@type":"Organization","@id":"https:\/\/www.morenaelettrodomestici.com\/#organization","name":"Morena Elettrodomestici","url":"https:\/\/www.morenaelettrodomestici.com\/","logo":{"@type":"ImageObject","inLanguage":"en-GB","@id":"https:\/\/www.morenaelettrodomestici.com\/#\/schema\/logo\/image\/","url":"https:\/\/www.morenaelettrodomestici.com\/wp-content\/uploads\/2024\/05\/logo_Morena_srls-TRASPARENTE.png","contentUrl":"https:\/\/www.morenaelettrodomestici.com\/wp-content\/uploads\/2024\/05\/logo_Morena_srls-TRASPARENTE.png","width":2264,"height":718,"caption":"Morena Elettrodomestici"},"image":{"@id":"https:\/\/www.morenaelettrodomestici.com\/#\/schema\/logo\/image\/"},"sameAs":["https:\/\/www.facebook.com\/morenaelettrodomestici\/","https:\/\/www.instagram.com\/morena.elettrodomestici\/","https:\/\/www.linkedin.com\/company-beta\/10507375\/","https:\/\/www.youtube.com\/channel\/UCgdTfdgRUeVEnhI2Z4GRlFA"]}]}},"_links":{"self":[{"href":"https:\/\/www.morenaelettrodomestici.com\/en\/wp-json\/wp\/v2\/product\/51176","targetHints":{"allow":["GET"]}}],"collection":[{"href":"https:\/\/www.morenaelettrodomestici.com\/en\/wp-json\/wp\/v2\/product"}],"about":[{"href":"https:\/\/www.morenaelettrodomestici.com\/en\/wp-json\/wp\/v2\/types\/product"}],"version-history":[{"count":1,"href":"https:\/\/www.morenaelettrodomestici.com\/en\/wp-json\/wp\/v2\/product\/51176\/revisions"}],"predecessor-version":[{"id":51177,"href":"https:\/\/www.morenaelettrodomestici.com\/en\/wp-json\/wp\/v2\/product\/51176\/revisions\/51177"}],"wp:featuredmedia":[{"embeddable":true,"href":"https:\/\/www.morenaelettrodomestici.com\/en\/wp-json\/wp\/v2\/media\/51164"}],"wp:attachment":[{"href":"https:\/\/www.morenaelettrodomestici.com\/en\/wp-json\/wp\/v2\/media?parent=51176"}],"wp:term":[{"taxonomy":"product_brand","embeddable":true,"href":"https:\/\/www.morenaelettrodomestici.com\/en\/wp-json\/wp\/v2\/product_brand?post=51176"},{"taxonomy":"product_cat","embeddable":true,"href":"https:\/\/www.morenaelettrodomestici.com\/en\/wp-json\/wp\/v2\/product_cat?post=51176"},{"taxonomy":"product_tag","embeddable":true,"href":"https:\/\/www.morenaelettrodomestici.com\/en\/wp-json\/wp\/v2\/product_tag?post=51176"}],"curies":[{"name":"wp","href":"https:\/\/api.w.org\/{rel}","templated":true}]}}