{"id":51190,"date":"2026-02-25T10:30:31","date_gmt":"2026-02-25T10:30:31","guid":{"rendered":"https:\/\/www.morenaelettrodomestici.com\/shop\/lrb3ae12s-electrolux-frigo-incasso-120cm\/"},"modified":"2026-02-25T10:45:34","modified_gmt":"2026-02-25T10:45:34","slug":"lrb3ae12s-electrolux-frigo-incasso-120cm","status":"publish","type":"product","link":"https:\/\/www.morenaelettrodomestici.com\/en\/shop\/lrb3ae12s-electrolux-frigo-incasso-120cm\/","title":{"rendered":"LRB3AE12S Electrolux Frigo Incasso 120cm"},"content":{"rendered":"<p>Specifiche<\/p>\n<ul>\n<li>Capacit\u00e0 totale: 208 litri<\/li>\n<li>Incernieramento porta\/e a destra e porta\/e reversibile\/i<\/li>\n<li>Classe climatica: SN-N-ST-T<\/li>\n<li>Classe energetica: E<\/li>\n<li>Frigorifero con prestazione cooler<\/li>\n<li>Sbrinamento automatico<\/li>\n<li>Colore: Bianco<\/li>\n<\/ul>\n<p>Prestazioni<\/p>\n<ul>\n<li>Volume dello scomparto alimenti freschi E20: 208<\/li>\n<li>Volume totale del prodotto E20: 208<\/li>\n<li>Silenziosit\u00e0 (dB): 34<\/li>\n<li>Ventilazione: &#8211;<\/li>\n<li>Funzione di raffreddamento rapido: &#8211;<\/li>\n<li>Funzione congelamento rapido (FastFreeze): &#8211;<\/li>\n<li>Allarme luminoso\/acustico porta aperta: &#8211;<\/li>\n<\/ul>\n<p>Installazione<\/p>\n<ul>\n<li>Cerniere: Incernieramento porta\/e a destra e porta\/e reversibile\/i<\/li>\n<li>Peso lordo (kg): 36.5<\/li>\n<li>Peso netto (kg): 35<\/li>\n<li>Dimensioni AxLxP (mm): 1218x548x549<\/li>\n<\/ul>\n<p>Energia<\/p>\n<ul>\n<li>Classe di efficienza energetica E20: E<\/li>\n<li>Consumo medio annuale di energia in chilowattora per anno (kWh\/a) E20: 101<\/li>\n<li>Classe climatica E20: SN-N-ST-T<\/li>\n<\/ul>\n<p>Altro<\/p>\n<ul>\n<li>Codice prodotto (PNC): 933 033 055<\/li>\n<li>Codice EAN: 7332543733088<\/li>\n<li>Posizionamento: ad incasso<\/li>\n<li>Illuminazione: Illuminazione a LED<\/li>\n<li>Funzione HolidayMode: &#8211;<\/li>\n<li>Numero ripiano Frigorifero: 4 Intera larghezza<\/li>\n<li>Controporta: 1 contenitore burro, -, -, 1 mensola per bottiglie, No, 2 mensole trasparenti, -, -, , None<\/li>\n<li>Tipologia interfaccia: Meccanici<\/li>\n<li>Versione pannellabile: &#8211;<\/li>\n<li>Categoria: Frigorifero<\/li>\n<\/ul>\n<p>Dettagli di prodotto<\/p>\n<p>Il frigorifero OptiSpace 500 offre uno spazio interno generoso per la spesa. Le opzioni per l&#8217;organizzazione dello spazio rendono semplice riporre gli articoli pi\u00f9 voluminosi. E se ti occorre ancora pi\u00f9 spazio, i cassetti possono essere facilmente rimossi.<\/p>\n<h2>OptiSpace ha un interno spazioso per la spesa<\/h2>\n<p>Il nostro frigorifero con OptiSpace offre numerose opzioni di organizzazione dello spazio tra e sopra i ripiani. E se ti occorre ancora pi\u00f9 spazio, i cassetti possono essere facilmente rimossi per adattarsi alle tue esigenze specifiche.<\/p>\n<figure class=\"image\"><img fetchpriority=\"high\" decoding=\"async\" src=\"https:\/\/www.electrolux.it\/services\/eml\/asset\/23337932-2972-451c-bfd5-215ceb9a1463\/E4RM3Q\/PSEEVL20BIA00004\/WS_ZO\/PSEEVL20BIA00004.png\" alt=\"\" width=\"1200\" height=\"1200\"><\/figure>\n<h2>Controllo dell&#8217;umidit\u00e0 per verdure sempre fresche<\/h2>\n<p>Grazie al nostro cassetto dotato di controllo dell&#8217;umidit\u00e0, avrai sempre dell&#8217;ottima verdura. Regolando l&#8217;umidit\u00e0 nell&#8217;aria, crea l&#8217;ambiente migliore per la conservazione degli alimenti. La chiusura dei punti di aerazione crea lo spazio ideale per la conservazione di erbe e verdure a foglia larga.<\/p>\n<figure class=\"image\"><img decoding=\"async\" src=\"https:\/\/www.electrolux.it\/services\/eml\/asset\/0424d6e5-fa84-4d79-886a-3cca55c0928d\/E4RM3Q\/PSEERE18BIE00001\/WS_ZO\/PSEERE18BIE00001.png\" alt=\"\" width=\"1200\" height=\"1200\"><\/figure>\n<h2>Il capiente cassetto per frutta e verdura offre un uso versatile dello spazio<\/h2>\n<p>Nel cassetto per frutta e verdura \u00e8 possibile riporre facilmente i prodotti pi\u00f9 lunghi e voluminosi. Fai la spesa in tutta tranquillit\u00e0 ora che hai tutto lo spazio per conservare comodamente nel frigorifero i prodotti pi\u00f9 ingombranti e delicati.<\/p>\n<h2>Pratici ripiani con vetro infrangibile<\/h2>\n<p>I robusti ripiani all&#8217;interno del frigorifero sono realizzati in vetro infrangibile, rinomato per la sua resistenza. E in caso di fuoriuscite accidentali, la superficie in vetro si pulisce facilmente con un panno umido.<\/p>\n<h2>Accessori<\/h2>","protected":false},"excerpt":{"rendered":"<ul>\n<li>Capacit\u00e0 totale: 208 litri<\/li>\n<li>Dimensioni AxLxP (mm): 1218x548x549<\/li>\n<li>Classe energetica: E<\/li>\n<\/ul>","protected":false},"featured_media":51186,"template":"","meta":[],"product_brand":[],"product_cat":[136],"product_tag":[],"class_list":{"0":"post-51190","1":"product","2":"type-product","3":"status-publish","4":"has-post-thumbnail","6":"product_cat-frigo-incasso","7":"pa_larghezza-60cm","8":"pa_marca-electrolux","10":"first","11":"instock","12":"sale","13":"taxable","14":"shipping-taxable","15":"purchasable","16":"product-type-simple"},"yoast_head":"<!-- This site is optimized with the Yoast SEO plugin v25.5 - https:\/\/yoast.com\/wordpress\/plugins\/seo\/ -->\n<title>LRB3AE12S Electrolux Frigo Incasso 120cm - Morena Elettrodomestici<\/title>\n<meta name=\"description\" content=\"Acquista LRB3AE12S Electrolux Frigo Incasso 120cm su Morena Elettrodomestici. Il tuo Negozio di Fiducia online con prezzi competitivi e prodotti di alta qualit\u00e0!\" \/>\n<meta name=\"robots\" content=\"index, follow, max-snippet:-1, max-image-preview:large, max-video-preview:-1\" \/>\n<link rel=\"canonical\" href=\"https:\/\/www.morenaelettrodomestici.com\/en\/shop\/lrb3ae12s-electrolux-frigo-incasso-120cm\/\" \/>\n<meta property=\"og:locale\" content=\"en_GB\" \/>\n<meta property=\"og:type\" content=\"article\" \/>\n<meta property=\"og:title\" content=\"LRB3AE12S Electrolux Frigo Incasso 120cm - Morena Elettrodomestici\" \/>\n<meta property=\"og:description\" content=\"Acquista LRB3AE12S Electrolux Frigo Incasso 120cm su Morena Elettrodomestici. Il tuo Negozio di Fiducia online con prezzi competitivi e prodotti di alta qualit\u00e0!\" \/>\n<meta property=\"og:url\" content=\"https:\/\/www.morenaelettrodomestici.com\/en\/shop\/lrb3ae12s-electrolux-frigo-incasso-120cm\/\" \/>\n<meta property=\"og:site_name\" content=\"Morena Elettrodomestici\" \/>\n<meta property=\"article:publisher\" content=\"https:\/\/www.facebook.com\/morenaelettrodomestici\/\" \/>\n<meta property=\"article:modified_time\" content=\"2026-02-25T10:45:34+00:00\" \/>\n<meta property=\"og:image\" content=\"https:\/\/www.morenaelettrodomestici.com\/wp-content\/uploads\/2026\/02\/10298.jpg\" \/>\n\t<meta property=\"og:image:width\" content=\"300\" \/>\n\t<meta property=\"og:image:height\" content=\"300\" \/>\n\t<meta property=\"og:image:type\" content=\"image\/jpeg\" \/>\n<meta name=\"twitter:card\" content=\"summary_large_image\" \/>\n<meta name=\"twitter:label1\" content=\"Estimated reading time\" \/>\n\t<meta name=\"twitter:data1\" content=\"2 minutes\" \/>\n<script type=\"application\/ld+json\" class=\"yoast-schema-graph\">{\"@context\":\"https:\/\/schema.org\",\"@graph\":[{\"@type\":\"WebPage\",\"@id\":\"https:\/\/www.morenaelettrodomestici.com\/shop\/lrb3ae12s-electrolux-frigo-incasso-120cm\/\",\"url\":\"https:\/\/www.morenaelettrodomestici.com\/shop\/lrb3ae12s-electrolux-frigo-incasso-120cm\/\",\"name\":\"LRB3AE12S Electrolux Frigo Incasso 120cm - Morena Elettrodomestici\",\"isPartOf\":{\"@id\":\"https:\/\/www.morenaelettrodomestici.com\/#website\"},\"primaryImageOfPage\":{\"@id\":\"https:\/\/www.morenaelettrodomestici.com\/shop\/lrb3ae12s-electrolux-frigo-incasso-120cm\/#primaryimage\"},\"image\":{\"@id\":\"https:\/\/www.morenaelettrodomestici.com\/shop\/lrb3ae12s-electrolux-frigo-incasso-120cm\/#primaryimage\"},\"thumbnailUrl\":\"https:\/\/www.morenaelettrodomestici.com\/wp-content\/uploads\/2026\/02\/10298.jpg\",\"datePublished\":\"2026-02-25T10:30:31+00:00\",\"dateModified\":\"2026-02-25T10:45:34+00:00\",\"description\":\"Acquista LRB3AE12S Electrolux Frigo Incasso 120cm su Morena Elettrodomestici. Il tuo Negozio di Fiducia online con prezzi competitivi e prodotti di alta qualit\u00e0!\",\"breadcrumb\":{\"@id\":\"https:\/\/www.morenaelettrodomestici.com\/shop\/lrb3ae12s-electrolux-frigo-incasso-120cm\/#breadcrumb\"},\"inLanguage\":\"en-GB\",\"potentialAction\":[{\"@type\":\"ReadAction\",\"target\":[\"https:\/\/www.morenaelettrodomestici.com\/shop\/lrb3ae12s-electrolux-frigo-incasso-120cm\/\"]}]},{\"@type\":\"ImageObject\",\"inLanguage\":\"en-GB\",\"@id\":\"https:\/\/www.morenaelettrodomestici.com\/shop\/lrb3ae12s-electrolux-frigo-incasso-120cm\/#primaryimage\",\"url\":\"https:\/\/www.morenaelettrodomestici.com\/wp-content\/uploads\/2026\/02\/10298.jpg\",\"contentUrl\":\"https:\/\/www.morenaelettrodomestici.com\/wp-content\/uploads\/2026\/02\/10298.jpg\",\"width\":300,\"height\":300},{\"@type\":\"BreadcrumbList\",\"@id\":\"https:\/\/www.morenaelettrodomestici.com\/shop\/lrb3ae12s-electrolux-frigo-incasso-120cm\/#breadcrumb\",\"itemListElement\":[{\"@type\":\"ListItem\",\"position\":1,\"name\":\"Home\",\"item\":\"https:\/\/www.morenaelettrodomestici.com\/\"},{\"@type\":\"ListItem\",\"position\":2,\"name\":\"Shop\",\"item\":\"https:\/\/www.morenaelettrodomestici.com\/shop\/\"},{\"@type\":\"ListItem\",\"position\":3,\"name\":\"LRB3AE12S Electrolux Frigo Incasso 120cm\"}]},{\"@type\":\"WebSite\",\"@id\":\"https:\/\/www.morenaelettrodomestici.com\/#website\",\"url\":\"https:\/\/www.morenaelettrodomestici.com\/\",\"name\":\"Morena\",\"description\":\"I migliori elettrodomestici a prezzi folli\",\"publisher\":{\"@id\":\"https:\/\/www.morenaelettrodomestici.com\/#organization\"},\"potentialAction\":[{\"@type\":\"SearchAction\",\"target\":{\"@type\":\"EntryPoint\",\"urlTemplate\":\"https:\/\/www.morenaelettrodomestici.com\/?s={search_term_string}\"},\"query-input\":{\"@type\":\"PropertyValueSpecification\",\"valueRequired\":true,\"valueName\":\"search_term_string\"}}],\"inLanguage\":\"en-GB\"},{\"@type\":\"Organization\",\"@id\":\"https:\/\/www.morenaelettrodomestici.com\/#organization\",\"name\":\"Morena Elettrodomestici\",\"url\":\"https:\/\/www.morenaelettrodomestici.com\/\",\"logo\":{\"@type\":\"ImageObject\",\"inLanguage\":\"en-GB\",\"@id\":\"https:\/\/www.morenaelettrodomestici.com\/#\/schema\/logo\/image\/\",\"url\":\"https:\/\/www.morenaelettrodomestici.com\/wp-content\/uploads\/2024\/05\/logo_Morena_srls-TRASPARENTE.png\",\"contentUrl\":\"https:\/\/www.morenaelettrodomestici.com\/wp-content\/uploads\/2024\/05\/logo_Morena_srls-TRASPARENTE.png\",\"width\":2264,\"height\":718,\"caption\":\"Morena Elettrodomestici\"},\"image\":{\"@id\":\"https:\/\/www.morenaelettrodomestici.com\/#\/schema\/logo\/image\/\"},\"sameAs\":[\"https:\/\/www.facebook.com\/morenaelettrodomestici\/\",\"https:\/\/www.instagram.com\/morena.elettrodomestici\/\",\"https:\/\/www.linkedin.com\/company-beta\/10507375\/\",\"https:\/\/www.youtube.com\/channel\/UCgdTfdgRUeVEnhI2Z4GRlFA\"]}]}<\/script>\n<!-- \/ Yoast SEO plugin. -->","yoast_head_json":{"title":"LRB3AE12S Electrolux Frigo Incasso 120cm - Morena Elettrodomestici","description":"Acquista LRB3AE12S Electrolux Frigo Incasso 120cm su Morena Elettrodomestici. Il tuo Negozio di Fiducia online con prezzi competitivi e prodotti di alta qualit\u00e0!","robots":{"index":"index","follow":"follow","max-snippet":"max-snippet:-1","max-image-preview":"max-image-preview:large","max-video-preview":"max-video-preview:-1"},"canonical":"https:\/\/www.morenaelettrodomestici.com\/en\/shop\/lrb3ae12s-electrolux-frigo-incasso-120cm\/","og_locale":"en_GB","og_type":"article","og_title":"LRB3AE12S Electrolux Frigo Incasso 120cm - Morena Elettrodomestici","og_description":"Acquista LRB3AE12S Electrolux Frigo Incasso 120cm su Morena Elettrodomestici. Il tuo Negozio di Fiducia online con prezzi competitivi e prodotti di alta qualit\u00e0!","og_url":"https:\/\/www.morenaelettrodomestici.com\/en\/shop\/lrb3ae12s-electrolux-frigo-incasso-120cm\/","og_site_name":"Morena Elettrodomestici","article_publisher":"https:\/\/www.facebook.com\/morenaelettrodomestici\/","article_modified_time":"2026-02-25T10:45:34+00:00","og_image":[{"width":300,"height":300,"url":"https:\/\/www.morenaelettrodomestici.com\/wp-content\/uploads\/2026\/02\/10298.jpg","type":"image\/jpeg"}],"twitter_card":"summary_large_image","twitter_misc":{"Estimated reading time":"2 minutes"},"schema":{"@context":"https:\/\/schema.org","@graph":[{"@type":"WebPage","@id":"https:\/\/www.morenaelettrodomestici.com\/shop\/lrb3ae12s-electrolux-frigo-incasso-120cm\/","url":"https:\/\/www.morenaelettrodomestici.com\/shop\/lrb3ae12s-electrolux-frigo-incasso-120cm\/","name":"LRB3AE12S Electrolux Frigo Incasso 120cm - Morena Elettrodomestici","isPartOf":{"@id":"https:\/\/www.morenaelettrodomestici.com\/#website"},"primaryImageOfPage":{"@id":"https:\/\/www.morenaelettrodomestici.com\/shop\/lrb3ae12s-electrolux-frigo-incasso-120cm\/#primaryimage"},"image":{"@id":"https:\/\/www.morenaelettrodomestici.com\/shop\/lrb3ae12s-electrolux-frigo-incasso-120cm\/#primaryimage"},"thumbnailUrl":"https:\/\/www.morenaelettrodomestici.com\/wp-content\/uploads\/2026\/02\/10298.jpg","datePublished":"2026-02-25T10:30:31+00:00","dateModified":"2026-02-25T10:45:34+00:00","description":"Acquista LRB3AE12S Electrolux Frigo Incasso 120cm su Morena Elettrodomestici. Il tuo Negozio di Fiducia online con prezzi competitivi e prodotti di alta qualit\u00e0!","breadcrumb":{"@id":"https:\/\/www.morenaelettrodomestici.com\/shop\/lrb3ae12s-electrolux-frigo-incasso-120cm\/#breadcrumb"},"inLanguage":"en-GB","potentialAction":[{"@type":"ReadAction","target":["https:\/\/www.morenaelettrodomestici.com\/shop\/lrb3ae12s-electrolux-frigo-incasso-120cm\/"]}]},{"@type":"ImageObject","inLanguage":"en-GB","@id":"https:\/\/www.morenaelettrodomestici.com\/shop\/lrb3ae12s-electrolux-frigo-incasso-120cm\/#primaryimage","url":"https:\/\/www.morenaelettrodomestici.com\/wp-content\/uploads\/2026\/02\/10298.jpg","contentUrl":"https:\/\/www.morenaelettrodomestici.com\/wp-content\/uploads\/2026\/02\/10298.jpg","width":300,"height":300},{"@type":"BreadcrumbList","@id":"https:\/\/www.morenaelettrodomestici.com\/shop\/lrb3ae12s-electrolux-frigo-incasso-120cm\/#breadcrumb","itemListElement":[{"@type":"ListItem","position":1,"name":"Home","item":"https:\/\/www.morenaelettrodomestici.com\/"},{"@type":"ListItem","position":2,"name":"Shop","item":"https:\/\/www.morenaelettrodomestici.com\/shop\/"},{"@type":"ListItem","position":3,"name":"LRB3AE12S Electrolux Frigo Incasso 120cm"}]},{"@type":"WebSite","@id":"https:\/\/www.morenaelettrodomestici.com\/#website","url":"https:\/\/www.morenaelettrodomestici.com\/","name":"Morena","description":"I migliori elettrodomestici a prezzi folli","publisher":{"@id":"https:\/\/www.morenaelettrodomestici.com\/#organization"},"potentialAction":[{"@type":"SearchAction","target":{"@type":"EntryPoint","urlTemplate":"https:\/\/www.morenaelettrodomestici.com\/?s={search_term_string}"},"query-input":{"@type":"PropertyValueSpecification","valueRequired":true,"valueName":"search_term_string"}}],"inLanguage":"en-GB"},{"@type":"Organization","@id":"https:\/\/www.morenaelettrodomestici.com\/#organization","name":"Morena Elettrodomestici","url":"https:\/\/www.morenaelettrodomestici.com\/","logo":{"@type":"ImageObject","inLanguage":"en-GB","@id":"https:\/\/www.morenaelettrodomestici.com\/#\/schema\/logo\/image\/","url":"https:\/\/www.morenaelettrodomestici.com\/wp-content\/uploads\/2024\/05\/logo_Morena_srls-TRASPARENTE.png","contentUrl":"https:\/\/www.morenaelettrodomestici.com\/wp-content\/uploads\/2024\/05\/logo_Morena_srls-TRASPARENTE.png","width":2264,"height":718,"caption":"Morena Elettrodomestici"},"image":{"@id":"https:\/\/www.morenaelettrodomestici.com\/#\/schema\/logo\/image\/"},"sameAs":["https:\/\/www.facebook.com\/morenaelettrodomestici\/","https:\/\/www.instagram.com\/morena.elettrodomestici\/","https:\/\/www.linkedin.com\/company-beta\/10507375\/","https:\/\/www.youtube.com\/channel\/UCgdTfdgRUeVEnhI2Z4GRlFA"]}]}},"_links":{"self":[{"href":"https:\/\/www.morenaelettrodomestici.com\/en\/wp-json\/wp\/v2\/product\/51190","targetHints":{"allow":["GET"]}}],"collection":[{"href":"https:\/\/www.morenaelettrodomestici.com\/en\/wp-json\/wp\/v2\/product"}],"about":[{"href":"https:\/\/www.morenaelettrodomestici.com\/en\/wp-json\/wp\/v2\/types\/product"}],"version-history":[{"count":1,"href":"https:\/\/www.morenaelettrodomestici.com\/en\/wp-json\/wp\/v2\/product\/51190\/revisions"}],"predecessor-version":[{"id":51196,"href":"https:\/\/www.morenaelettrodomestici.com\/en\/wp-json\/wp\/v2\/product\/51190\/revisions\/51196"}],"wp:featuredmedia":[{"embeddable":true,"href":"https:\/\/www.morenaelettrodomestici.com\/en\/wp-json\/wp\/v2\/media\/51186"}],"wp:attachment":[{"href":"https:\/\/www.morenaelettrodomestici.com\/en\/wp-json\/wp\/v2\/media?parent=51190"}],"wp:term":[{"taxonomy":"product_brand","embeddable":true,"href":"https:\/\/www.morenaelettrodomestici.com\/en\/wp-json\/wp\/v2\/product_brand?post=51190"},{"taxonomy":"product_cat","embeddable":true,"href":"https:\/\/www.morenaelettrodomestici.com\/en\/wp-json\/wp\/v2\/product_cat?post=51190"},{"taxonomy":"product_tag","embeddable":true,"href":"https:\/\/www.morenaelettrodomestici.com\/en\/wp-json\/wp\/v2\/product_tag?post=51190"}],"curies":[{"name":"wp","href":"https:\/\/api.w.org\/{rel}","templated":true}]}}